{"id":5795,"date":"2023-07-30T16:59:11","date_gmt":"2023-07-30T14:59:11","guid":{"rendered":"http:\/\/localhost\/wordpress\/?post_type=product&#038;p=5795"},"modified":"2023-11-29T19:40:33","modified_gmt":"2023-11-29T18:40:33","slug":"meadowsweet-organic-2","status":"publish","type":"product","link":"https:\/\/www.laboratoire-helpac.com\/en\/p\/meadowsweet-organic-2\/","title":{"rendered":"MEADOWSWEET ORGANIC"},"content":{"rendered":"<p>Rich in flavonoids, salicylic derivatives, and ellagitannins, Meadowsweet oily macerate is draining \u2013 which is why it is frequently used in slimming treatments. Toning, astringent, soothing, and reparative, it is also highly effective in anti-aging face formulas or for sensitive skin and body care (stretch marks, cellulite, scars, joint and muscle pain, etc.) in creams, lotions, balms, and massage oils.<\/p>\n","protected":false},"excerpt":{"rendered":"<p>Rich in flavonoids, salicylic derivatives, and ellagitannins, Meadowsweet oily macerate is draining \u2013 which is why it is frequently used in slimming treatments. Toning, astringent, soothing, and reparative, it is also highly effective in anti-aging face formulas or for sensitive skin and body care (stretch marks, cellulite, scars, joint and muscle pain, etc.) in creams, [&hellip;]<\/p>\n","protected":false},"featured_media":8067,"template":"","meta":[],"product_cat":[417],"product_tag":[],"class_list":{"0":"post-5795","1":"product","2":"type-product","3":"status-publish","4":"has-post-thumbnail","6":"product_cat-oily-macerates","7":"pa_certifications-organic","8":"pa_fabrication-oui-en","9":"pa_origines-europe-en","10":"pa_usages-cosmetic","11":"pa_usages-food","13":"first","14":"instock","15":"purchasable","16":"product-type-simple"},"acf":[],"yoast_head":"<!-- This site is optimized with the Yoast SEO plugin v23.9 - https:\/\/yoast.com\/wordpress\/plugins\/seo\/ -->\n<title>Oily macerate Organic meadow queen (Europe) | HELPAC<\/title>\n<meta name=\"description\" content=\"Riche en flavono\u00efdes, d\u00e9riv\u00e9s salicyl\u00e9s et ellagitanins, le mac\u00e9rat huileux de Reine des pr\u00e9s est drainant \u2013 d\u2019o\u00f9 sa fr\u00e9quente utilisation dans les soins minceur. Tonique, astringent, apaisant et r\u00e9parateur, il est aussi tr\u00e8s efficace dans les formules visage anti-\u00e2ge ou peaux sensibles et corps (vergetures, cellulite, cicatrices, douleurs articulaires et musculaires, etc.) en cr\u00e8me, lait, baumes et huiles de massage.\" \/>\n<meta name=\"robots\" content=\"index, follow, max-snippet:-1, max-image-preview:large, max-video-preview:-1\" \/>\n<link rel=\"canonical\" href=\"https:\/\/www.laboratoire-helpac.com\/en\/p\/meadowsweet-organic-2\/\" \/>\n<meta property=\"og:locale\" content=\"en_US\" \/>\n<meta property=\"og:type\" content=\"article\" \/>\n<meta property=\"og:title\" content=\"Oily macerate Organic meadow queen (Europe) | HELPAC\" \/>\n<meta property=\"og:description\" content=\"Riche en flavono\u00efdes, d\u00e9riv\u00e9s salicyl\u00e9s et ellagitanins, le mac\u00e9rat huileux de Reine des pr\u00e9s est drainant \u2013 d\u2019o\u00f9 sa fr\u00e9quente utilisation dans les soins minceur. Tonique, astringent, apaisant et r\u00e9parateur, il est aussi tr\u00e8s efficace dans les formules visage anti-\u00e2ge ou peaux sensibles et corps (vergetures, cellulite, cicatrices, douleurs articulaires et musculaires, etc.) en cr\u00e8me, lait, baumes et huiles de massage.\" \/>\n<meta property=\"og:url\" content=\"https:\/\/www.laboratoire-helpac.com\/en\/p\/meadowsweet-organic-2\/\" \/>\n<meta property=\"og:site_name\" content=\"HELPAC\" \/>\n<meta property=\"article:modified_time\" content=\"2023-11-29T18:40:33+00:00\" \/>\n<meta property=\"og:image\" content=\"https:\/\/www.laboratoire-helpac.com\/wp-content\/uploads\/2023\/07\/MH_MEADOWSWEET-EN-1024x1024.png\" \/>\n\t<meta property=\"og:image:width\" content=\"1024\" \/>\n\t<meta property=\"og:image:height\" content=\"1024\" \/>\n\t<meta property=\"og:image:type\" content=\"image\/png\" \/>\n<meta name=\"twitter:card\" content=\"summary_large_image\" \/>\n<meta name=\"twitter:label1\" content=\"Est. reading time\" \/>\n\t<meta name=\"twitter:data1\" content=\"1 minute\" \/>\n<script type=\"application\/ld+json\" class=\"yoast-schema-graph\">{\"@context\":\"https:\/\/schema.org\",\"@graph\":[{\"@type\":\"WebPage\",\"@id\":\"https:\/\/www.laboratoire-helpac.com\/en\/p\/meadowsweet-organic-2\/\",\"url\":\"https:\/\/www.laboratoire-helpac.com\/en\/p\/meadowsweet-organic-2\/\",\"name\":\"Oily macerate Organic meadow queen (Europe) | HELPAC\",\"isPartOf\":{\"@id\":\"https:\/\/www.laboratoire-helpac.com\/en\/#website\"},\"primaryImageOfPage\":{\"@id\":\"https:\/\/www.laboratoire-helpac.com\/en\/p\/meadowsweet-organic-2\/#primaryimage\"},\"image\":{\"@id\":\"https:\/\/www.laboratoire-helpac.com\/en\/p\/meadowsweet-organic-2\/#primaryimage\"},\"thumbnailUrl\":\"https:\/\/www.laboratoire-helpac.com\/wp-content\/uploads\/2023\/07\/MH_MEADOWSWEET-EN.png\",\"datePublished\":\"2023-07-30T14:59:11+00:00\",\"dateModified\":\"2023-11-29T18:40:33+00:00\",\"description\":\"Riche en flavono\u00efdes, d\u00e9riv\u00e9s salicyl\u00e9s et ellagitanins, le mac\u00e9rat huileux de Reine des pr\u00e9s est drainant \u2013 d\u2019o\u00f9 sa fr\u00e9quente utilisation dans les soins minceur. Tonique, astringent, apaisant et r\u00e9parateur, il est aussi tr\u00e8s efficace dans les formules visage anti-\u00e2ge ou peaux sensibles et corps (vergetures, cellulite, cicatrices, douleurs articulaires et musculaires, etc.) en cr\u00e8me, lait, baumes et huiles de massage.\",\"breadcrumb\":{\"@id\":\"https:\/\/www.laboratoire-helpac.com\/en\/p\/meadowsweet-organic-2\/#breadcrumb\"},\"inLanguage\":\"en-US\",\"potentialAction\":[{\"@type\":\"ReadAction\",\"target\":[\"https:\/\/www.laboratoire-helpac.com\/en\/p\/meadowsweet-organic-2\/\"]}]},{\"@type\":\"ImageObject\",\"inLanguage\":\"en-US\",\"@id\":\"https:\/\/www.laboratoire-helpac.com\/en\/p\/meadowsweet-organic-2\/#primaryimage\",\"url\":\"https:\/\/www.laboratoire-helpac.com\/wp-content\/uploads\/2023\/07\/MH_MEADOWSWEET-EN.png\",\"contentUrl\":\"https:\/\/www.laboratoire-helpac.com\/wp-content\/uploads\/2023\/07\/MH_MEADOWSWEET-EN.png\",\"width\":3543,\"height\":3543,\"caption\":\"Oily macerate Meadowsweet Organic (Europe) wholesaler\"},{\"@type\":\"BreadcrumbList\",\"@id\":\"https:\/\/www.laboratoire-helpac.com\/en\/p\/meadowsweet-organic-2\/#breadcrumb\",\"itemListElement\":[{\"@type\":\"ListItem\",\"position\":1,\"name\":\"Accueil\",\"item\":\"https:\/\/www.laboratoire-helpac.com\/en\/\"},{\"@type\":\"ListItem\",\"position\":2,\"name\":\"Our ingredients\",\"item\":\"https:\/\/www.laboratoire-helpac.com\/en\/products\/\"},{\"@type\":\"ListItem\",\"position\":3,\"name\":\"MEADOWSWEET ORGANIC\"}]},{\"@type\":\"WebSite\",\"@id\":\"https:\/\/www.laboratoire-helpac.com\/en\/#website\",\"url\":\"https:\/\/www.laboratoire-helpac.com\/en\/\",\"name\":\"HELPAC\",\"description\":\"\",\"publisher\":{\"@id\":\"https:\/\/www.laboratoire-helpac.com\/en\/#organization\"},\"potentialAction\":[{\"@type\":\"SearchAction\",\"target\":{\"@type\":\"EntryPoint\",\"urlTemplate\":\"https:\/\/www.laboratoire-helpac.com\/en\/?s={search_term_string}\"},\"query-input\":{\"@type\":\"PropertyValueSpecification\",\"valueRequired\":true,\"valueName\":\"search_term_string\"}}],\"inLanguage\":\"en-US\"},{\"@type\":\"Organization\",\"@id\":\"https:\/\/www.laboratoire-helpac.com\/en\/#organization\",\"name\":\"Helpac\",\"url\":\"https:\/\/www.laboratoire-helpac.com\/en\/\",\"logo\":{\"@type\":\"ImageObject\",\"inLanguage\":\"en-US\",\"@id\":\"https:\/\/www.laboratoire-helpac.com\/en\/#\/schema\/logo\/image\/\",\"url\":\"https:\/\/dev.fizzbuzz.fr\/helpac\/wp-content\/uploads\/2023\/05\/Logo-Helpac.jpg\",\"contentUrl\":\"https:\/\/dev.fizzbuzz.fr\/helpac\/wp-content\/uploads\/2023\/05\/Logo-Helpac.jpg\",\"width\":200,\"height\":200,\"caption\":\"Helpac\"},\"image\":{\"@id\":\"https:\/\/www.laboratoire-helpac.com\/en\/#\/schema\/logo\/image\/\"},\"sameAs\":[\"https:\/\/www.linkedin.com\/company\/helpac\/\"]}]}<\/script>\n<!-- \/ Yoast SEO plugin. -->","yoast_head_json":{"title":"Oily macerate Organic meadow queen (Europe) | HELPAC","description":"Riche en flavono\u00efdes, d\u00e9riv\u00e9s salicyl\u00e9s et ellagitanins, le mac\u00e9rat huileux de Reine des pr\u00e9s est drainant \u2013 d\u2019o\u00f9 sa fr\u00e9quente utilisation dans les soins minceur. Tonique, astringent, apaisant et r\u00e9parateur, il est aussi tr\u00e8s efficace dans les formules visage anti-\u00e2ge ou peaux sensibles et corps (vergetures, cellulite, cicatrices, douleurs articulaires et musculaires, etc.) en cr\u00e8me, lait, baumes et huiles de massage.","robots":{"index":"index","follow":"follow","max-snippet":"max-snippet:-1","max-image-preview":"max-image-preview:large","max-video-preview":"max-video-preview:-1"},"canonical":"https:\/\/www.laboratoire-helpac.com\/en\/p\/meadowsweet-organic-2\/","og_locale":"en_US","og_type":"article","og_title":"Oily macerate Organic meadow queen (Europe) | HELPAC","og_description":"Riche en flavono\u00efdes, d\u00e9riv\u00e9s salicyl\u00e9s et ellagitanins, le mac\u00e9rat huileux de Reine des pr\u00e9s est drainant \u2013 d\u2019o\u00f9 sa fr\u00e9quente utilisation dans les soins minceur. Tonique, astringent, apaisant et r\u00e9parateur, il est aussi tr\u00e8s efficace dans les formules visage anti-\u00e2ge ou peaux sensibles et corps (vergetures, cellulite, cicatrices, douleurs articulaires et musculaires, etc.) en cr\u00e8me, lait, baumes et huiles de massage.","og_url":"https:\/\/www.laboratoire-helpac.com\/en\/p\/meadowsweet-organic-2\/","og_site_name":"HELPAC","article_modified_time":"2023-11-29T18:40:33+00:00","og_image":[{"width":1024,"height":1024,"url":"https:\/\/www.laboratoire-helpac.com\/wp-content\/uploads\/2023\/07\/MH_MEADOWSWEET-EN-1024x1024.png","type":"image\/png"}],"twitter_card":"summary_large_image","twitter_misc":{"Est. reading time":"1 minute"},"schema":{"@context":"https:\/\/schema.org","@graph":[{"@type":"WebPage","@id":"https:\/\/www.laboratoire-helpac.com\/en\/p\/meadowsweet-organic-2\/","url":"https:\/\/www.laboratoire-helpac.com\/en\/p\/meadowsweet-organic-2\/","name":"Oily macerate Organic meadow queen (Europe) | HELPAC","isPartOf":{"@id":"https:\/\/www.laboratoire-helpac.com\/en\/#website"},"primaryImageOfPage":{"@id":"https:\/\/www.laboratoire-helpac.com\/en\/p\/meadowsweet-organic-2\/#primaryimage"},"image":{"@id":"https:\/\/www.laboratoire-helpac.com\/en\/p\/meadowsweet-organic-2\/#primaryimage"},"thumbnailUrl":"https:\/\/www.laboratoire-helpac.com\/wp-content\/uploads\/2023\/07\/MH_MEADOWSWEET-EN.png","datePublished":"2023-07-30T14:59:11+00:00","dateModified":"2023-11-29T18:40:33+00:00","description":"Riche en flavono\u00efdes, d\u00e9riv\u00e9s salicyl\u00e9s et ellagitanins, le mac\u00e9rat huileux de Reine des pr\u00e9s est drainant \u2013 d\u2019o\u00f9 sa fr\u00e9quente utilisation dans les soins minceur. Tonique, astringent, apaisant et r\u00e9parateur, il est aussi tr\u00e8s efficace dans les formules visage anti-\u00e2ge ou peaux sensibles et corps (vergetures, cellulite, cicatrices, douleurs articulaires et musculaires, etc.) en cr\u00e8me, lait, baumes et huiles de massage.","breadcrumb":{"@id":"https:\/\/www.laboratoire-helpac.com\/en\/p\/meadowsweet-organic-2\/#breadcrumb"},"inLanguage":"en-US","potentialAction":[{"@type":"ReadAction","target":["https:\/\/www.laboratoire-helpac.com\/en\/p\/meadowsweet-organic-2\/"]}]},{"@type":"ImageObject","inLanguage":"en-US","@id":"https:\/\/www.laboratoire-helpac.com\/en\/p\/meadowsweet-organic-2\/#primaryimage","url":"https:\/\/www.laboratoire-helpac.com\/wp-content\/uploads\/2023\/07\/MH_MEADOWSWEET-EN.png","contentUrl":"https:\/\/www.laboratoire-helpac.com\/wp-content\/uploads\/2023\/07\/MH_MEADOWSWEET-EN.png","width":3543,"height":3543,"caption":"Oily macerate Meadowsweet Organic (Europe) wholesaler"},{"@type":"BreadcrumbList","@id":"https:\/\/www.laboratoire-helpac.com\/en\/p\/meadowsweet-organic-2\/#breadcrumb","itemListElement":[{"@type":"ListItem","position":1,"name":"Accueil","item":"https:\/\/www.laboratoire-helpac.com\/en\/"},{"@type":"ListItem","position":2,"name":"Our ingredients","item":"https:\/\/www.laboratoire-helpac.com\/en\/products\/"},{"@type":"ListItem","position":3,"name":"MEADOWSWEET ORGANIC"}]},{"@type":"WebSite","@id":"https:\/\/www.laboratoire-helpac.com\/en\/#website","url":"https:\/\/www.laboratoire-helpac.com\/en\/","name":"HELPAC","description":"","publisher":{"@id":"https:\/\/www.laboratoire-helpac.com\/en\/#organization"},"potentialAction":[{"@type":"SearchAction","target":{"@type":"EntryPoint","urlTemplate":"https:\/\/www.laboratoire-helpac.com\/en\/?s={search_term_string}"},"query-input":{"@type":"PropertyValueSpecification","valueRequired":true,"valueName":"search_term_string"}}],"inLanguage":"en-US"},{"@type":"Organization","@id":"https:\/\/www.laboratoire-helpac.com\/en\/#organization","name":"Helpac","url":"https:\/\/www.laboratoire-helpac.com\/en\/","logo":{"@type":"ImageObject","inLanguage":"en-US","@id":"https:\/\/www.laboratoire-helpac.com\/en\/#\/schema\/logo\/image\/","url":"https:\/\/dev.fizzbuzz.fr\/helpac\/wp-content\/uploads\/2023\/05\/Logo-Helpac.jpg","contentUrl":"https:\/\/dev.fizzbuzz.fr\/helpac\/wp-content\/uploads\/2023\/05\/Logo-Helpac.jpg","width":200,"height":200,"caption":"Helpac"},"image":{"@id":"https:\/\/www.laboratoire-helpac.com\/en\/#\/schema\/logo\/image\/"},"sameAs":["https:\/\/www.linkedin.com\/company\/helpac\/"]}]}},"_links":{"self":[{"href":"https:\/\/www.laboratoire-helpac.com\/en\/wp-json\/wp\/v2\/product\/5795","targetHints":{"allow":["GET"]}}],"collection":[{"href":"https:\/\/www.laboratoire-helpac.com\/en\/wp-json\/wp\/v2\/product"}],"about":[{"href":"https:\/\/www.laboratoire-helpac.com\/en\/wp-json\/wp\/v2\/types\/product"}],"wp:featuredmedia":[{"embeddable":true,"href":"https:\/\/www.laboratoire-helpac.com\/en\/wp-json\/wp\/v2\/media\/8067"}],"wp:attachment":[{"href":"https:\/\/www.laboratoire-helpac.com\/en\/wp-json\/wp\/v2\/media?parent=5795"}],"wp:term":[{"taxonomy":"product_cat","embeddable":true,"href":"https:\/\/www.laboratoire-helpac.com\/en\/wp-json\/wp\/v2\/product_cat?post=5795"},{"taxonomy":"product_tag","embeddable":true,"href":"https:\/\/www.laboratoire-helpac.com\/en\/wp-json\/wp\/v2\/product_tag?post=5795"}],"curies":[{"name":"wp","href":"https:\/\/api.w.org\/{rel}","templated":true}]}}