{"id":5478,"date":"2023-07-30T17:00:03","date_gmt":"2023-07-30T15:00:03","guid":{"rendered":"http:\/\/localhost\/wordpress\/produit\/organic-linden-2\/"},"modified":"2023-11-29T19:40:33","modified_gmt":"2023-11-29T18:40:33","slug":"linden-organic","status":"publish","type":"product","link":"https:\/\/www.laboratoire-helpac.com\/en\/p\/linden-organic\/","title":{"rendered":"LINDEN ORGANIC"},"content":{"rendered":"<p>The Linden bud, a gemmotherapy treasure, offers a multitude of benefits. Thanks to its soothing properties, it calms sleep disorders and anxiety. Its antispasmodic properties relieve muscular tension. It stimulates the immune system and helps fight respiratory infections. Finally, its purifying effects help eliminate toxins. A real source of serenity.<\/p>\n","protected":false},"excerpt":{"rendered":"<p>The Linden bud, a gemmotherapy treasure, offers a multitude of benefits. Thanks to its soothing properties, it calms sleep disorders and anxiety. Its antispasmodic properties relieve muscular tension. It stimulates the immune system and helps fight respiratory infections. Finally, its purifying effects help eliminate toxins. A real source of serenity.<\/p>\n","protected":false},"featured_media":7160,"template":"","meta":[],"product_cat":[504,416],"product_tag":[],"class_list":{"0":"post-5478","1":"product","2":"type-product","3":"status-publish","4":"has-post-thumbnail","6":"product_cat-gemmotherapy","7":"product_cat-buds-macerates","8":"pa_certifications-organic","9":"pa_fabrication-oui-en","10":"pa_origines-france-en","11":"pa_usages-food","13":"first","14":"instock","15":"purchasable","16":"product-type-simple"},"acf":[],"yoast_head":"<!-- This site is optimized with the Yoast SEO plugin v23.9 - https:\/\/yoast.com\/wordpress\/plugins\/seo\/ -->\n<title>Bud macerate Organic linden (France) | HELPAC<\/title>\n<meta name=\"description\" content=\"Le bourgeon de Tilleul, tr\u00e9sor en gemmoth\u00e9rapie, offre une multitude de bienfaits. Gr\u00e2ce \u00e0 ses vertus apaisantes, il calme les troubles du sommeil et l&#039;anxi\u00e9t\u00e9. Ses propri\u00e9t\u00e9s antispasmodiques soulagent les tensions musculaires. Il stimule le syst\u00e8me immunitaire et aide \u00e0 combattre les infections respiratoires. Enfin, ses effets d\u00e9puratifs favorisent l&#039;\u00e9limination des toxines. Une v\u00e9ritable source de s\u00e9r\u00e9nit\u00e9.\" \/>\n<meta name=\"robots\" content=\"index, follow, max-snippet:-1, max-image-preview:large, max-video-preview:-1\" \/>\n<link rel=\"canonical\" href=\"https:\/\/www.laboratoire-helpac.com\/en\/p\/linden-organic\/\" \/>\n<meta property=\"og:locale\" content=\"en_US\" \/>\n<meta property=\"og:type\" content=\"article\" \/>\n<meta property=\"og:title\" content=\"Bud macerate Organic linden (France) | HELPAC\" \/>\n<meta property=\"og:description\" content=\"Le bourgeon de Tilleul, tr\u00e9sor en gemmoth\u00e9rapie, offre une multitude de bienfaits. Gr\u00e2ce \u00e0 ses vertus apaisantes, il calme les troubles du sommeil et l&#039;anxi\u00e9t\u00e9. Ses propri\u00e9t\u00e9s antispasmodiques soulagent les tensions musculaires. Il stimule le syst\u00e8me immunitaire et aide \u00e0 combattre les infections respiratoires. Enfin, ses effets d\u00e9puratifs favorisent l&#039;\u00e9limination des toxines. Une v\u00e9ritable source de s\u00e9r\u00e9nit\u00e9.\" \/>\n<meta property=\"og:url\" content=\"https:\/\/www.laboratoire-helpac.com\/en\/p\/linden-organic\/\" \/>\n<meta property=\"og:site_name\" content=\"HELPAC\" \/>\n<meta property=\"article:modified_time\" content=\"2023-11-29T18:40:33+00:00\" \/>\n<meta property=\"og:image\" content=\"https:\/\/www.laboratoire-helpac.com\/wp-content\/uploads\/2023\/09\/MM_LINDEN-EN.png\" \/>\n\t<meta property=\"og:image:width\" content=\"1280\" \/>\n\t<meta property=\"og:image:height\" content=\"1280\" \/>\n\t<meta property=\"og:image:type\" content=\"image\/png\" \/>\n<meta name=\"twitter:card\" content=\"summary_large_image\" \/>\n<script type=\"application\/ld+json\" class=\"yoast-schema-graph\">{\"@context\":\"https:\/\/schema.org\",\"@graph\":[{\"@type\":\"WebPage\",\"@id\":\"https:\/\/www.laboratoire-helpac.com\/en\/p\/linden-organic\/\",\"url\":\"https:\/\/www.laboratoire-helpac.com\/en\/p\/linden-organic\/\",\"name\":\"Bud macerate Organic linden (France) | HELPAC\",\"isPartOf\":{\"@id\":\"https:\/\/www.laboratoire-helpac.com\/en\/#website\"},\"primaryImageOfPage\":{\"@id\":\"https:\/\/www.laboratoire-helpac.com\/en\/p\/linden-organic\/#primaryimage\"},\"image\":{\"@id\":\"https:\/\/www.laboratoire-helpac.com\/en\/p\/linden-organic\/#primaryimage\"},\"thumbnailUrl\":\"https:\/\/www.laboratoire-helpac.com\/wp-content\/uploads\/2023\/09\/MM_LINDEN-EN.png\",\"datePublished\":\"2023-07-30T15:00:03+00:00\",\"dateModified\":\"2023-11-29T18:40:33+00:00\",\"description\":\"Le bourgeon de Tilleul, tr\u00e9sor en gemmoth\u00e9rapie, offre une multitude de bienfaits. Gr\u00e2ce \u00e0 ses vertus apaisantes, il calme les troubles du sommeil et l'anxi\u00e9t\u00e9. Ses propri\u00e9t\u00e9s antispasmodiques soulagent les tensions musculaires. Il stimule le syst\u00e8me immunitaire et aide \u00e0 combattre les infections respiratoires. Enfin, ses effets d\u00e9puratifs favorisent l'\u00e9limination des toxines. Une v\u00e9ritable source de s\u00e9r\u00e9nit\u00e9.\",\"breadcrumb\":{\"@id\":\"https:\/\/www.laboratoire-helpac.com\/en\/p\/linden-organic\/#breadcrumb\"},\"inLanguage\":\"en-US\",\"potentialAction\":[{\"@type\":\"ReadAction\",\"target\":[\"https:\/\/www.laboratoire-helpac.com\/en\/p\/linden-organic\/\"]}]},{\"@type\":\"ImageObject\",\"inLanguage\":\"en-US\",\"@id\":\"https:\/\/www.laboratoire-helpac.com\/en\/p\/linden-organic\/#primaryimage\",\"url\":\"https:\/\/www.laboratoire-helpac.com\/wp-content\/uploads\/2023\/09\/MM_LINDEN-EN.png\",\"contentUrl\":\"https:\/\/www.laboratoire-helpac.com\/wp-content\/uploads\/2023\/09\/MM_LINDEN-EN.png\",\"width\":1280,\"height\":1280,\"caption\":\"Bud macerate Organic linden (France) wholesaler\"},{\"@type\":\"BreadcrumbList\",\"@id\":\"https:\/\/www.laboratoire-helpac.com\/en\/p\/linden-organic\/#breadcrumb\",\"itemListElement\":[{\"@type\":\"ListItem\",\"position\":1,\"name\":\"Accueil\",\"item\":\"https:\/\/www.laboratoire-helpac.com\/en\/\"},{\"@type\":\"ListItem\",\"position\":2,\"name\":\"Our ingredients\",\"item\":\"https:\/\/www.laboratoire-helpac.com\/en\/products\/\"},{\"@type\":\"ListItem\",\"position\":3,\"name\":\"LINDEN ORGANIC\"}]},{\"@type\":\"WebSite\",\"@id\":\"https:\/\/www.laboratoire-helpac.com\/en\/#website\",\"url\":\"https:\/\/www.laboratoire-helpac.com\/en\/\",\"name\":\"HELPAC\",\"description\":\"\",\"publisher\":{\"@id\":\"https:\/\/www.laboratoire-helpac.com\/en\/#organization\"},\"potentialAction\":[{\"@type\":\"SearchAction\",\"target\":{\"@type\":\"EntryPoint\",\"urlTemplate\":\"https:\/\/www.laboratoire-helpac.com\/en\/?s={search_term_string}\"},\"query-input\":{\"@type\":\"PropertyValueSpecification\",\"valueRequired\":true,\"valueName\":\"search_term_string\"}}],\"inLanguage\":\"en-US\"},{\"@type\":\"Organization\",\"@id\":\"https:\/\/www.laboratoire-helpac.com\/en\/#organization\",\"name\":\"Helpac\",\"url\":\"https:\/\/www.laboratoire-helpac.com\/en\/\",\"logo\":{\"@type\":\"ImageObject\",\"inLanguage\":\"en-US\",\"@id\":\"https:\/\/www.laboratoire-helpac.com\/en\/#\/schema\/logo\/image\/\",\"url\":\"https:\/\/dev.fizzbuzz.fr\/helpac\/wp-content\/uploads\/2023\/05\/Logo-Helpac.jpg\",\"contentUrl\":\"https:\/\/dev.fizzbuzz.fr\/helpac\/wp-content\/uploads\/2023\/05\/Logo-Helpac.jpg\",\"width\":200,\"height\":200,\"caption\":\"Helpac\"},\"image\":{\"@id\":\"https:\/\/www.laboratoire-helpac.com\/en\/#\/schema\/logo\/image\/\"},\"sameAs\":[\"https:\/\/www.linkedin.com\/company\/helpac\/\"]}]}<\/script>\n<!-- \/ Yoast SEO plugin. -->","yoast_head_json":{"title":"Bud macerate Organic linden (France) | HELPAC","description":"Le bourgeon de Tilleul, tr\u00e9sor en gemmoth\u00e9rapie, offre une multitude de bienfaits. Gr\u00e2ce \u00e0 ses vertus apaisantes, il calme les troubles du sommeil et l'anxi\u00e9t\u00e9. Ses propri\u00e9t\u00e9s antispasmodiques soulagent les tensions musculaires. Il stimule le syst\u00e8me immunitaire et aide \u00e0 combattre les infections respiratoires. Enfin, ses effets d\u00e9puratifs favorisent l'\u00e9limination des toxines. Une v\u00e9ritable source de s\u00e9r\u00e9nit\u00e9.","robots":{"index":"index","follow":"follow","max-snippet":"max-snippet:-1","max-image-preview":"max-image-preview:large","max-video-preview":"max-video-preview:-1"},"canonical":"https:\/\/www.laboratoire-helpac.com\/en\/p\/linden-organic\/","og_locale":"en_US","og_type":"article","og_title":"Bud macerate Organic linden (France) | HELPAC","og_description":"Le bourgeon de Tilleul, tr\u00e9sor en gemmoth\u00e9rapie, offre une multitude de bienfaits. Gr\u00e2ce \u00e0 ses vertus apaisantes, il calme les troubles du sommeil et l'anxi\u00e9t\u00e9. Ses propri\u00e9t\u00e9s antispasmodiques soulagent les tensions musculaires. Il stimule le syst\u00e8me immunitaire et aide \u00e0 combattre les infections respiratoires. Enfin, ses effets d\u00e9puratifs favorisent l'\u00e9limination des toxines. Une v\u00e9ritable source de s\u00e9r\u00e9nit\u00e9.","og_url":"https:\/\/www.laboratoire-helpac.com\/en\/p\/linden-organic\/","og_site_name":"HELPAC","article_modified_time":"2023-11-29T18:40:33+00:00","og_image":[{"width":1280,"height":1280,"url":"https:\/\/www.laboratoire-helpac.com\/wp-content\/uploads\/2023\/09\/MM_LINDEN-EN.png","type":"image\/png"}],"twitter_card":"summary_large_image","schema":{"@context":"https:\/\/schema.org","@graph":[{"@type":"WebPage","@id":"https:\/\/www.laboratoire-helpac.com\/en\/p\/linden-organic\/","url":"https:\/\/www.laboratoire-helpac.com\/en\/p\/linden-organic\/","name":"Bud macerate Organic linden (France) | HELPAC","isPartOf":{"@id":"https:\/\/www.laboratoire-helpac.com\/en\/#website"},"primaryImageOfPage":{"@id":"https:\/\/www.laboratoire-helpac.com\/en\/p\/linden-organic\/#primaryimage"},"image":{"@id":"https:\/\/www.laboratoire-helpac.com\/en\/p\/linden-organic\/#primaryimage"},"thumbnailUrl":"https:\/\/www.laboratoire-helpac.com\/wp-content\/uploads\/2023\/09\/MM_LINDEN-EN.png","datePublished":"2023-07-30T15:00:03+00:00","dateModified":"2023-11-29T18:40:33+00:00","description":"Le bourgeon de Tilleul, tr\u00e9sor en gemmoth\u00e9rapie, offre une multitude de bienfaits. Gr\u00e2ce \u00e0 ses vertus apaisantes, il calme les troubles du sommeil et l'anxi\u00e9t\u00e9. Ses propri\u00e9t\u00e9s antispasmodiques soulagent les tensions musculaires. Il stimule le syst\u00e8me immunitaire et aide \u00e0 combattre les infections respiratoires. Enfin, ses effets d\u00e9puratifs favorisent l'\u00e9limination des toxines. Une v\u00e9ritable source de s\u00e9r\u00e9nit\u00e9.","breadcrumb":{"@id":"https:\/\/www.laboratoire-helpac.com\/en\/p\/linden-organic\/#breadcrumb"},"inLanguage":"en-US","potentialAction":[{"@type":"ReadAction","target":["https:\/\/www.laboratoire-helpac.com\/en\/p\/linden-organic\/"]}]},{"@type":"ImageObject","inLanguage":"en-US","@id":"https:\/\/www.laboratoire-helpac.com\/en\/p\/linden-organic\/#primaryimage","url":"https:\/\/www.laboratoire-helpac.com\/wp-content\/uploads\/2023\/09\/MM_LINDEN-EN.png","contentUrl":"https:\/\/www.laboratoire-helpac.com\/wp-content\/uploads\/2023\/09\/MM_LINDEN-EN.png","width":1280,"height":1280,"caption":"Bud macerate Organic linden (France) wholesaler"},{"@type":"BreadcrumbList","@id":"https:\/\/www.laboratoire-helpac.com\/en\/p\/linden-organic\/#breadcrumb","itemListElement":[{"@type":"ListItem","position":1,"name":"Accueil","item":"https:\/\/www.laboratoire-helpac.com\/en\/"},{"@type":"ListItem","position":2,"name":"Our ingredients","item":"https:\/\/www.laboratoire-helpac.com\/en\/products\/"},{"@type":"ListItem","position":3,"name":"LINDEN ORGANIC"}]},{"@type":"WebSite","@id":"https:\/\/www.laboratoire-helpac.com\/en\/#website","url":"https:\/\/www.laboratoire-helpac.com\/en\/","name":"HELPAC","description":"","publisher":{"@id":"https:\/\/www.laboratoire-helpac.com\/en\/#organization"},"potentialAction":[{"@type":"SearchAction","target":{"@type":"EntryPoint","urlTemplate":"https:\/\/www.laboratoire-helpac.com\/en\/?s={search_term_string}"},"query-input":{"@type":"PropertyValueSpecification","valueRequired":true,"valueName":"search_term_string"}}],"inLanguage":"en-US"},{"@type":"Organization","@id":"https:\/\/www.laboratoire-helpac.com\/en\/#organization","name":"Helpac","url":"https:\/\/www.laboratoire-helpac.com\/en\/","logo":{"@type":"ImageObject","inLanguage":"en-US","@id":"https:\/\/www.laboratoire-helpac.com\/en\/#\/schema\/logo\/image\/","url":"https:\/\/dev.fizzbuzz.fr\/helpac\/wp-content\/uploads\/2023\/05\/Logo-Helpac.jpg","contentUrl":"https:\/\/dev.fizzbuzz.fr\/helpac\/wp-content\/uploads\/2023\/05\/Logo-Helpac.jpg","width":200,"height":200,"caption":"Helpac"},"image":{"@id":"https:\/\/www.laboratoire-helpac.com\/en\/#\/schema\/logo\/image\/"},"sameAs":["https:\/\/www.linkedin.com\/company\/helpac\/"]}]}},"_links":{"self":[{"href":"https:\/\/www.laboratoire-helpac.com\/en\/wp-json\/wp\/v2\/product\/5478","targetHints":{"allow":["GET"]}}],"collection":[{"href":"https:\/\/www.laboratoire-helpac.com\/en\/wp-json\/wp\/v2\/product"}],"about":[{"href":"https:\/\/www.laboratoire-helpac.com\/en\/wp-json\/wp\/v2\/types\/product"}],"wp:featuredmedia":[{"embeddable":true,"href":"https:\/\/www.laboratoire-helpac.com\/en\/wp-json\/wp\/v2\/media\/7160"}],"wp:attachment":[{"href":"https:\/\/www.laboratoire-helpac.com\/en\/wp-json\/wp\/v2\/media?parent=5478"}],"wp:term":[{"taxonomy":"product_cat","embeddable":true,"href":"https:\/\/www.laboratoire-helpac.com\/en\/wp-json\/wp\/v2\/product_cat?post=5478"},{"taxonomy":"product_tag","embeddable":true,"href":"https:\/\/www.laboratoire-helpac.com\/en\/wp-json\/wp\/v2\/product_tag?post=5478"}],"curies":[{"name":"wp","href":"https:\/\/api.w.org\/{rel}","templated":true}]}}