{"id":5464,"date":"2023-07-30T16:59:44","date_gmt":"2023-07-30T14:59:44","guid":{"rendered":"http:\/\/localhost\/wordpress\/produit\/organic-blackcurrant-2\/"},"modified":"2023-11-29T19:40:27","modified_gmt":"2023-11-29T18:40:27","slug":"blackcurrant-organic","status":"publish","type":"product","link":"https:\/\/www.laboratoire-helpac.com\/en\/p\/blackcurrant-organic\/","title":{"rendered":"BLACKCURRANT ORGANIC"},"content":{"rendered":"<p>Blackcurrant is an essential adaptogen. A general stimulant, it can be found in many anti-inflammatory formulas for joints, bones, respiratory system, skin and circulatory system &#8211; it is also detoxifying and acts against hay fever. The young shoots are used to prepare the macerate.<\/p>\n","protected":false},"excerpt":{"rendered":"<p>Blackcurrant is an essential adaptogen. A general stimulant, it can be found in many anti-inflammatory formulas for joints, bones, respiratory system, skin and circulatory system &#8211; it is also detoxifying and acts against hay fever. The young shoots are used to prepare the macerate.<\/p>\n","protected":false},"featured_media":7146,"template":"","meta":[],"product_cat":[504,416],"product_tag":[],"class_list":{"0":"post-5464","1":"product","2":"type-product","3":"status-publish","4":"has-post-thumbnail","6":"product_cat-gemmotherapy","7":"product_cat-buds-macerates","8":"pa_certifications-organic","9":"pa_fabrication-oui-en","10":"pa_origines-france-en","11":"pa_usages-food","13":"first","14":"instock","15":"purchasable","16":"product-type-simple"},"acf":[],"yoast_head":"<!-- This site is optimized with the Yoast SEO plugin v23.9 - https:\/\/yoast.com\/wordpress\/plugins\/seo\/ -->\n<title>Bud macerate Organic blackcurrant (France) | HELPAC<\/title>\n<meta name=\"description\" content=\"Indispensable, le Cassis est un adaptog\u00e8ne. Stimulant g\u00e9n\u00e9ral, on le retrouve dans de nombreuses formules anti-inflammatoires\u00a0: articulaire, osseux, respiratoire, peau, circulatoire - il est \u00e9galement d\u00e9toxiquant et agit sur le rhume des foins. Pour pr\u00e9parer le mac\u00e9rat, on utilise les jeunes pousses.\" \/>\n<meta name=\"robots\" content=\"index, follow, max-snippet:-1, max-image-preview:large, max-video-preview:-1\" \/>\n<link rel=\"canonical\" href=\"https:\/\/www.laboratoire-helpac.com\/en\/p\/blackcurrant-organic\/\" \/>\n<meta property=\"og:locale\" content=\"en_US\" \/>\n<meta property=\"og:type\" content=\"article\" \/>\n<meta property=\"og:title\" content=\"Bud macerate Organic blackcurrant (France) | HELPAC\" \/>\n<meta property=\"og:description\" content=\"Indispensable, le Cassis est un adaptog\u00e8ne. Stimulant g\u00e9n\u00e9ral, on le retrouve dans de nombreuses formules anti-inflammatoires\u00a0: articulaire, osseux, respiratoire, peau, circulatoire - il est \u00e9galement d\u00e9toxiquant et agit sur le rhume des foins. Pour pr\u00e9parer le mac\u00e9rat, on utilise les jeunes pousses.\" \/>\n<meta property=\"og:url\" content=\"https:\/\/www.laboratoire-helpac.com\/en\/p\/blackcurrant-organic\/\" \/>\n<meta property=\"og:site_name\" content=\"HELPAC\" \/>\n<meta property=\"article:modified_time\" content=\"2023-11-29T18:40:27+00:00\" \/>\n<meta property=\"og:image\" content=\"https:\/\/www.laboratoire-helpac.com\/wp-content\/uploads\/2023\/09\/MM_BLACKCURRANT-EN.png\" \/>\n\t<meta property=\"og:image:width\" content=\"1280\" \/>\n\t<meta property=\"og:image:height\" content=\"1280\" \/>\n\t<meta property=\"og:image:type\" content=\"image\/png\" \/>\n<meta name=\"twitter:card\" content=\"summary_large_image\" \/>\n<script type=\"application\/ld+json\" class=\"yoast-schema-graph\">{\"@context\":\"https:\/\/schema.org\",\"@graph\":[{\"@type\":\"WebPage\",\"@id\":\"https:\/\/www.laboratoire-helpac.com\/en\/p\/blackcurrant-organic\/\",\"url\":\"https:\/\/www.laboratoire-helpac.com\/en\/p\/blackcurrant-organic\/\",\"name\":\"Bud macerate Organic blackcurrant (France) | HELPAC\",\"isPartOf\":{\"@id\":\"https:\/\/www.laboratoire-helpac.com\/en\/#website\"},\"primaryImageOfPage\":{\"@id\":\"https:\/\/www.laboratoire-helpac.com\/en\/p\/blackcurrant-organic\/#primaryimage\"},\"image\":{\"@id\":\"https:\/\/www.laboratoire-helpac.com\/en\/p\/blackcurrant-organic\/#primaryimage\"},\"thumbnailUrl\":\"https:\/\/www.laboratoire-helpac.com\/wp-content\/uploads\/2023\/09\/MM_BLACKCURRANT-EN.png\",\"datePublished\":\"2023-07-30T14:59:44+00:00\",\"dateModified\":\"2023-11-29T18:40:27+00:00\",\"description\":\"Indispensable, le Cassis est un adaptog\u00e8ne. Stimulant g\u00e9n\u00e9ral, on le retrouve dans de nombreuses formules anti-inflammatoires\u00a0: articulaire, osseux, respiratoire, peau, circulatoire - il est \u00e9galement d\u00e9toxiquant et agit sur le rhume des foins. Pour pr\u00e9parer le mac\u00e9rat, on utilise les jeunes pousses.\",\"breadcrumb\":{\"@id\":\"https:\/\/www.laboratoire-helpac.com\/en\/p\/blackcurrant-organic\/#breadcrumb\"},\"inLanguage\":\"en-US\",\"potentialAction\":[{\"@type\":\"ReadAction\",\"target\":[\"https:\/\/www.laboratoire-helpac.com\/en\/p\/blackcurrant-organic\/\"]}]},{\"@type\":\"ImageObject\",\"inLanguage\":\"en-US\",\"@id\":\"https:\/\/www.laboratoire-helpac.com\/en\/p\/blackcurrant-organic\/#primaryimage\",\"url\":\"https:\/\/www.laboratoire-helpac.com\/wp-content\/uploads\/2023\/09\/MM_BLACKCURRANT-EN.png\",\"contentUrl\":\"https:\/\/www.laboratoire-helpac.com\/wp-content\/uploads\/2023\/09\/MM_BLACKCURRANT-EN.png\",\"width\":1280,\"height\":1280,\"caption\":\"Bud macerate Organic blackcurrant (France) wholesaler\"},{\"@type\":\"BreadcrumbList\",\"@id\":\"https:\/\/www.laboratoire-helpac.com\/en\/p\/blackcurrant-organic\/#breadcrumb\",\"itemListElement\":[{\"@type\":\"ListItem\",\"position\":1,\"name\":\"Accueil\",\"item\":\"https:\/\/www.laboratoire-helpac.com\/en\/\"},{\"@type\":\"ListItem\",\"position\":2,\"name\":\"Our ingredients\",\"item\":\"https:\/\/www.laboratoire-helpac.com\/en\/products\/\"},{\"@type\":\"ListItem\",\"position\":3,\"name\":\"BLACKCURRANT ORGANIC\"}]},{\"@type\":\"WebSite\",\"@id\":\"https:\/\/www.laboratoire-helpac.com\/en\/#website\",\"url\":\"https:\/\/www.laboratoire-helpac.com\/en\/\",\"name\":\"HELPAC\",\"description\":\"\",\"publisher\":{\"@id\":\"https:\/\/www.laboratoire-helpac.com\/en\/#organization\"},\"potentialAction\":[{\"@type\":\"SearchAction\",\"target\":{\"@type\":\"EntryPoint\",\"urlTemplate\":\"https:\/\/www.laboratoire-helpac.com\/en\/?s={search_term_string}\"},\"query-input\":{\"@type\":\"PropertyValueSpecification\",\"valueRequired\":true,\"valueName\":\"search_term_string\"}}],\"inLanguage\":\"en-US\"},{\"@type\":\"Organization\",\"@id\":\"https:\/\/www.laboratoire-helpac.com\/en\/#organization\",\"name\":\"Helpac\",\"url\":\"https:\/\/www.laboratoire-helpac.com\/en\/\",\"logo\":{\"@type\":\"ImageObject\",\"inLanguage\":\"en-US\",\"@id\":\"https:\/\/www.laboratoire-helpac.com\/en\/#\/schema\/logo\/image\/\",\"url\":\"https:\/\/dev.fizzbuzz.fr\/helpac\/wp-content\/uploads\/2023\/05\/Logo-Helpac.jpg\",\"contentUrl\":\"https:\/\/dev.fizzbuzz.fr\/helpac\/wp-content\/uploads\/2023\/05\/Logo-Helpac.jpg\",\"width\":200,\"height\":200,\"caption\":\"Helpac\"},\"image\":{\"@id\":\"https:\/\/www.laboratoire-helpac.com\/en\/#\/schema\/logo\/image\/\"},\"sameAs\":[\"https:\/\/www.linkedin.com\/company\/helpac\/\"]}]}<\/script>\n<!-- \/ Yoast SEO plugin. -->","yoast_head_json":{"title":"Bud macerate Organic blackcurrant (France) | HELPAC","description":"Indispensable, le Cassis est un adaptog\u00e8ne. Stimulant g\u00e9n\u00e9ral, on le retrouve dans de nombreuses formules anti-inflammatoires\u00a0: articulaire, osseux, respiratoire, peau, circulatoire - il est \u00e9galement d\u00e9toxiquant et agit sur le rhume des foins. Pour pr\u00e9parer le mac\u00e9rat, on utilise les jeunes pousses.","robots":{"index":"index","follow":"follow","max-snippet":"max-snippet:-1","max-image-preview":"max-image-preview:large","max-video-preview":"max-video-preview:-1"},"canonical":"https:\/\/www.laboratoire-helpac.com\/en\/p\/blackcurrant-organic\/","og_locale":"en_US","og_type":"article","og_title":"Bud macerate Organic blackcurrant (France) | HELPAC","og_description":"Indispensable, le Cassis est un adaptog\u00e8ne. Stimulant g\u00e9n\u00e9ral, on le retrouve dans de nombreuses formules anti-inflammatoires\u00a0: articulaire, osseux, respiratoire, peau, circulatoire - il est \u00e9galement d\u00e9toxiquant et agit sur le rhume des foins. Pour pr\u00e9parer le mac\u00e9rat, on utilise les jeunes pousses.","og_url":"https:\/\/www.laboratoire-helpac.com\/en\/p\/blackcurrant-organic\/","og_site_name":"HELPAC","article_modified_time":"2023-11-29T18:40:27+00:00","og_image":[{"width":1280,"height":1280,"url":"https:\/\/www.laboratoire-helpac.com\/wp-content\/uploads\/2023\/09\/MM_BLACKCURRANT-EN.png","type":"image\/png"}],"twitter_card":"summary_large_image","schema":{"@context":"https:\/\/schema.org","@graph":[{"@type":"WebPage","@id":"https:\/\/www.laboratoire-helpac.com\/en\/p\/blackcurrant-organic\/","url":"https:\/\/www.laboratoire-helpac.com\/en\/p\/blackcurrant-organic\/","name":"Bud macerate Organic blackcurrant (France) | HELPAC","isPartOf":{"@id":"https:\/\/www.laboratoire-helpac.com\/en\/#website"},"primaryImageOfPage":{"@id":"https:\/\/www.laboratoire-helpac.com\/en\/p\/blackcurrant-organic\/#primaryimage"},"image":{"@id":"https:\/\/www.laboratoire-helpac.com\/en\/p\/blackcurrant-organic\/#primaryimage"},"thumbnailUrl":"https:\/\/www.laboratoire-helpac.com\/wp-content\/uploads\/2023\/09\/MM_BLACKCURRANT-EN.png","datePublished":"2023-07-30T14:59:44+00:00","dateModified":"2023-11-29T18:40:27+00:00","description":"Indispensable, le Cassis est un adaptog\u00e8ne. Stimulant g\u00e9n\u00e9ral, on le retrouve dans de nombreuses formules anti-inflammatoires\u00a0: articulaire, osseux, respiratoire, peau, circulatoire - il est \u00e9galement d\u00e9toxiquant et agit sur le rhume des foins. Pour pr\u00e9parer le mac\u00e9rat, on utilise les jeunes pousses.","breadcrumb":{"@id":"https:\/\/www.laboratoire-helpac.com\/en\/p\/blackcurrant-organic\/#breadcrumb"},"inLanguage":"en-US","potentialAction":[{"@type":"ReadAction","target":["https:\/\/www.laboratoire-helpac.com\/en\/p\/blackcurrant-organic\/"]}]},{"@type":"ImageObject","inLanguage":"en-US","@id":"https:\/\/www.laboratoire-helpac.com\/en\/p\/blackcurrant-organic\/#primaryimage","url":"https:\/\/www.laboratoire-helpac.com\/wp-content\/uploads\/2023\/09\/MM_BLACKCURRANT-EN.png","contentUrl":"https:\/\/www.laboratoire-helpac.com\/wp-content\/uploads\/2023\/09\/MM_BLACKCURRANT-EN.png","width":1280,"height":1280,"caption":"Bud macerate Organic blackcurrant (France) wholesaler"},{"@type":"BreadcrumbList","@id":"https:\/\/www.laboratoire-helpac.com\/en\/p\/blackcurrant-organic\/#breadcrumb","itemListElement":[{"@type":"ListItem","position":1,"name":"Accueil","item":"https:\/\/www.laboratoire-helpac.com\/en\/"},{"@type":"ListItem","position":2,"name":"Our ingredients","item":"https:\/\/www.laboratoire-helpac.com\/en\/products\/"},{"@type":"ListItem","position":3,"name":"BLACKCURRANT ORGANIC"}]},{"@type":"WebSite","@id":"https:\/\/www.laboratoire-helpac.com\/en\/#website","url":"https:\/\/www.laboratoire-helpac.com\/en\/","name":"HELPAC","description":"","publisher":{"@id":"https:\/\/www.laboratoire-helpac.com\/en\/#organization"},"potentialAction":[{"@type":"SearchAction","target":{"@type":"EntryPoint","urlTemplate":"https:\/\/www.laboratoire-helpac.com\/en\/?s={search_term_string}"},"query-input":{"@type":"PropertyValueSpecification","valueRequired":true,"valueName":"search_term_string"}}],"inLanguage":"en-US"},{"@type":"Organization","@id":"https:\/\/www.laboratoire-helpac.com\/en\/#organization","name":"Helpac","url":"https:\/\/www.laboratoire-helpac.com\/en\/","logo":{"@type":"ImageObject","inLanguage":"en-US","@id":"https:\/\/www.laboratoire-helpac.com\/en\/#\/schema\/logo\/image\/","url":"https:\/\/dev.fizzbuzz.fr\/helpac\/wp-content\/uploads\/2023\/05\/Logo-Helpac.jpg","contentUrl":"https:\/\/dev.fizzbuzz.fr\/helpac\/wp-content\/uploads\/2023\/05\/Logo-Helpac.jpg","width":200,"height":200,"caption":"Helpac"},"image":{"@id":"https:\/\/www.laboratoire-helpac.com\/en\/#\/schema\/logo\/image\/"},"sameAs":["https:\/\/www.linkedin.com\/company\/helpac\/"]}]}},"_links":{"self":[{"href":"https:\/\/www.laboratoire-helpac.com\/en\/wp-json\/wp\/v2\/product\/5464","targetHints":{"allow":["GET"]}}],"collection":[{"href":"https:\/\/www.laboratoire-helpac.com\/en\/wp-json\/wp\/v2\/product"}],"about":[{"href":"https:\/\/www.laboratoire-helpac.com\/en\/wp-json\/wp\/v2\/types\/product"}],"wp:featuredmedia":[{"embeddable":true,"href":"https:\/\/www.laboratoire-helpac.com\/en\/wp-json\/wp\/v2\/media\/7146"}],"wp:attachment":[{"href":"https:\/\/www.laboratoire-helpac.com\/en\/wp-json\/wp\/v2\/media?parent=5464"}],"wp:term":[{"taxonomy":"product_cat","embeddable":true,"href":"https:\/\/www.laboratoire-helpac.com\/en\/wp-json\/wp\/v2\/product_cat?post=5464"},{"taxonomy":"product_tag","embeddable":true,"href":"https:\/\/www.laboratoire-helpac.com\/en\/wp-json\/wp\/v2\/product_tag?post=5464"}],"curies":[{"name":"wp","href":"https:\/\/api.w.org\/{rel}","templated":true}]}}