{"id":5462,"date":"2023-07-30T16:59:44","date_gmt":"2023-07-30T14:59:44","guid":{"rendered":"http:\/\/localhost\/wordpress\/produit\/organic-glutinous\/"},"modified":"2023-11-29T19:40:27","modified_gmt":"2023-11-29T18:40:27","slug":"black-alder-organic","status":"publish","type":"product","link":"https:\/\/www.laboratoire-helpac.com\/en\/p\/black-alder-organic\/","title":{"rendered":"BLACK ALDER ORGANIC"},"content":{"rendered":"<p>Anti-inflammatory, the action of Alder glutinous mainly concerns the circulatory sphere, but can also be used in formulas designed for mucous membranes or to relieve joints or osteoporosis. It also acts on the circulation of water in the body. Young buds are used to prepare the macerate.<\/p>\n","protected":false},"excerpt":{"rendered":"<p>Anti-inflammatory, the action of Alder glutinous mainly concerns the circulatory sphere, but can also be used in formulas designed for mucous membranes or to relieve joints or osteoporosis. It also acts on the circulation of water in the body. Young buds are used to prepare the macerate.<\/p>\n","protected":false},"featured_media":7144,"template":"","meta":[],"product_cat":[504,416],"product_tag":[],"class_list":{"0":"post-5462","1":"product","2":"type-product","3":"status-publish","4":"has-post-thumbnail","6":"product_cat-gemmotherapy","7":"product_cat-buds-macerates","8":"pa_certifications-organic","9":"pa_fabrication-oui-en","10":"pa_origines-france-en","11":"pa_usages-food","13":"first","14":"instock","15":"purchasable","16":"product-type-simple"},"acf":[],"yoast_head":"<!-- This site is optimized with the Yoast SEO plugin v23.9 - https:\/\/yoast.com\/wordpress\/plugins\/seo\/ -->\n<title>Bud macerate Organic glutinous (France) | HELPAC<\/title>\n<meta name=\"description\" content=\"Anti-inflammatoire, l\u2019action de l\u2019Aulne glutineux concerne principalement la sph\u00e8re circulatoire mais peut \u00e9galement entrer dans les formules destin\u00e9es aux muqueuses ou \u00e0 soulager des articulations ou l\u2019ost\u00e9oporose. Il agit aussi sur la circulation de l\u2019eau dans le corps. Pour pr\u00e9parer le mac\u00e9rat, on utilise les jeunes bourgeons.\" \/>\n<meta name=\"robots\" content=\"index, follow, max-snippet:-1, max-image-preview:large, max-video-preview:-1\" \/>\n<link rel=\"canonical\" href=\"https:\/\/www.laboratoire-helpac.com\/en\/p\/black-alder-organic\/\" \/>\n<meta property=\"og:locale\" content=\"en_US\" \/>\n<meta property=\"og:type\" content=\"article\" \/>\n<meta property=\"og:title\" content=\"Bud macerate Organic glutinous (France) | HELPAC\" \/>\n<meta property=\"og:description\" content=\"Anti-inflammatoire, l\u2019action de l\u2019Aulne glutineux concerne principalement la sph\u00e8re circulatoire mais peut \u00e9galement entrer dans les formules destin\u00e9es aux muqueuses ou \u00e0 soulager des articulations ou l\u2019ost\u00e9oporose. Il agit aussi sur la circulation de l\u2019eau dans le corps. Pour pr\u00e9parer le mac\u00e9rat, on utilise les jeunes bourgeons.\" \/>\n<meta property=\"og:url\" content=\"https:\/\/www.laboratoire-helpac.com\/en\/p\/black-alder-organic\/\" \/>\n<meta property=\"og:site_name\" content=\"HELPAC\" \/>\n<meta property=\"article:modified_time\" content=\"2023-11-29T18:40:27+00:00\" \/>\n<meta property=\"og:image\" content=\"https:\/\/www.laboratoire-helpac.com\/wp-content\/uploads\/2023\/09\/MM_BLACKALDER-EN.png\" \/>\n\t<meta property=\"og:image:width\" content=\"1280\" \/>\n\t<meta property=\"og:image:height\" content=\"1280\" \/>\n\t<meta property=\"og:image:type\" content=\"image\/png\" \/>\n<meta name=\"twitter:card\" content=\"summary_large_image\" \/>\n<script type=\"application\/ld+json\" class=\"yoast-schema-graph\">{\"@context\":\"https:\/\/schema.org\",\"@graph\":[{\"@type\":\"WebPage\",\"@id\":\"https:\/\/www.laboratoire-helpac.com\/en\/p\/black-alder-organic\/\",\"url\":\"https:\/\/www.laboratoire-helpac.com\/en\/p\/black-alder-organic\/\",\"name\":\"Bud macerate Organic glutinous (France) | HELPAC\",\"isPartOf\":{\"@id\":\"https:\/\/www.laboratoire-helpac.com\/en\/#website\"},\"primaryImageOfPage\":{\"@id\":\"https:\/\/www.laboratoire-helpac.com\/en\/p\/black-alder-organic\/#primaryimage\"},\"image\":{\"@id\":\"https:\/\/www.laboratoire-helpac.com\/en\/p\/black-alder-organic\/#primaryimage\"},\"thumbnailUrl\":\"https:\/\/www.laboratoire-helpac.com\/wp-content\/uploads\/2023\/09\/MM_BLACKALDER-EN.png\",\"datePublished\":\"2023-07-30T14:59:44+00:00\",\"dateModified\":\"2023-11-29T18:40:27+00:00\",\"description\":\"Anti-inflammatoire, l\u2019action de l\u2019Aulne glutineux concerne principalement la sph\u00e8re circulatoire mais peut \u00e9galement entrer dans les formules destin\u00e9es aux muqueuses ou \u00e0 soulager des articulations ou l\u2019ost\u00e9oporose. Il agit aussi sur la circulation de l\u2019eau dans le corps. Pour pr\u00e9parer le mac\u00e9rat, on utilise les jeunes bourgeons.\",\"breadcrumb\":{\"@id\":\"https:\/\/www.laboratoire-helpac.com\/en\/p\/black-alder-organic\/#breadcrumb\"},\"inLanguage\":\"en-US\",\"potentialAction\":[{\"@type\":\"ReadAction\",\"target\":[\"https:\/\/www.laboratoire-helpac.com\/en\/p\/black-alder-organic\/\"]}]},{\"@type\":\"ImageObject\",\"inLanguage\":\"en-US\",\"@id\":\"https:\/\/www.laboratoire-helpac.com\/en\/p\/black-alder-organic\/#primaryimage\",\"url\":\"https:\/\/www.laboratoire-helpac.com\/wp-content\/uploads\/2023\/09\/MM_BLACKALDER-EN.png\",\"contentUrl\":\"https:\/\/www.laboratoire-helpac.com\/wp-content\/uploads\/2023\/09\/MM_BLACKALDER-EN.png\",\"width\":1280,\"height\":1280,\"caption\":\"Bud macerate Organic glutinous (France) wholesaler\"},{\"@type\":\"BreadcrumbList\",\"@id\":\"https:\/\/www.laboratoire-helpac.com\/en\/p\/black-alder-organic\/#breadcrumb\",\"itemListElement\":[{\"@type\":\"ListItem\",\"position\":1,\"name\":\"Accueil\",\"item\":\"https:\/\/www.laboratoire-helpac.com\/en\/\"},{\"@type\":\"ListItem\",\"position\":2,\"name\":\"Our ingredients\",\"item\":\"https:\/\/www.laboratoire-helpac.com\/en\/products\/\"},{\"@type\":\"ListItem\",\"position\":3,\"name\":\"BLACK ALDER ORGANIC\"}]},{\"@type\":\"WebSite\",\"@id\":\"https:\/\/www.laboratoire-helpac.com\/en\/#website\",\"url\":\"https:\/\/www.laboratoire-helpac.com\/en\/\",\"name\":\"HELPAC\",\"description\":\"\",\"publisher\":{\"@id\":\"https:\/\/www.laboratoire-helpac.com\/en\/#organization\"},\"potentialAction\":[{\"@type\":\"SearchAction\",\"target\":{\"@type\":\"EntryPoint\",\"urlTemplate\":\"https:\/\/www.laboratoire-helpac.com\/en\/?s={search_term_string}\"},\"query-input\":{\"@type\":\"PropertyValueSpecification\",\"valueRequired\":true,\"valueName\":\"search_term_string\"}}],\"inLanguage\":\"en-US\"},{\"@type\":\"Organization\",\"@id\":\"https:\/\/www.laboratoire-helpac.com\/en\/#organization\",\"name\":\"Helpac\",\"url\":\"https:\/\/www.laboratoire-helpac.com\/en\/\",\"logo\":{\"@type\":\"ImageObject\",\"inLanguage\":\"en-US\",\"@id\":\"https:\/\/www.laboratoire-helpac.com\/en\/#\/schema\/logo\/image\/\",\"url\":\"https:\/\/dev.fizzbuzz.fr\/helpac\/wp-content\/uploads\/2023\/05\/Logo-Helpac.jpg\",\"contentUrl\":\"https:\/\/dev.fizzbuzz.fr\/helpac\/wp-content\/uploads\/2023\/05\/Logo-Helpac.jpg\",\"width\":200,\"height\":200,\"caption\":\"Helpac\"},\"image\":{\"@id\":\"https:\/\/www.laboratoire-helpac.com\/en\/#\/schema\/logo\/image\/\"},\"sameAs\":[\"https:\/\/www.linkedin.com\/company\/helpac\/\"]}]}<\/script>\n<!-- \/ Yoast SEO plugin. -->","yoast_head_json":{"title":"Bud macerate Organic glutinous (France) | HELPAC","description":"Anti-inflammatoire, l\u2019action de l\u2019Aulne glutineux concerne principalement la sph\u00e8re circulatoire mais peut \u00e9galement entrer dans les formules destin\u00e9es aux muqueuses ou \u00e0 soulager des articulations ou l\u2019ost\u00e9oporose. Il agit aussi sur la circulation de l\u2019eau dans le corps. Pour pr\u00e9parer le mac\u00e9rat, on utilise les jeunes bourgeons.","robots":{"index":"index","follow":"follow","max-snippet":"max-snippet:-1","max-image-preview":"max-image-preview:large","max-video-preview":"max-video-preview:-1"},"canonical":"https:\/\/www.laboratoire-helpac.com\/en\/p\/black-alder-organic\/","og_locale":"en_US","og_type":"article","og_title":"Bud macerate Organic glutinous (France) | HELPAC","og_description":"Anti-inflammatoire, l\u2019action de l\u2019Aulne glutineux concerne principalement la sph\u00e8re circulatoire mais peut \u00e9galement entrer dans les formules destin\u00e9es aux muqueuses ou \u00e0 soulager des articulations ou l\u2019ost\u00e9oporose. Il agit aussi sur la circulation de l\u2019eau dans le corps. Pour pr\u00e9parer le mac\u00e9rat, on utilise les jeunes bourgeons.","og_url":"https:\/\/www.laboratoire-helpac.com\/en\/p\/black-alder-organic\/","og_site_name":"HELPAC","article_modified_time":"2023-11-29T18:40:27+00:00","og_image":[{"width":1280,"height":1280,"url":"https:\/\/www.laboratoire-helpac.com\/wp-content\/uploads\/2023\/09\/MM_BLACKALDER-EN.png","type":"image\/png"}],"twitter_card":"summary_large_image","schema":{"@context":"https:\/\/schema.org","@graph":[{"@type":"WebPage","@id":"https:\/\/www.laboratoire-helpac.com\/en\/p\/black-alder-organic\/","url":"https:\/\/www.laboratoire-helpac.com\/en\/p\/black-alder-organic\/","name":"Bud macerate Organic glutinous (France) | HELPAC","isPartOf":{"@id":"https:\/\/www.laboratoire-helpac.com\/en\/#website"},"primaryImageOfPage":{"@id":"https:\/\/www.laboratoire-helpac.com\/en\/p\/black-alder-organic\/#primaryimage"},"image":{"@id":"https:\/\/www.laboratoire-helpac.com\/en\/p\/black-alder-organic\/#primaryimage"},"thumbnailUrl":"https:\/\/www.laboratoire-helpac.com\/wp-content\/uploads\/2023\/09\/MM_BLACKALDER-EN.png","datePublished":"2023-07-30T14:59:44+00:00","dateModified":"2023-11-29T18:40:27+00:00","description":"Anti-inflammatoire, l\u2019action de l\u2019Aulne glutineux concerne principalement la sph\u00e8re circulatoire mais peut \u00e9galement entrer dans les formules destin\u00e9es aux muqueuses ou \u00e0 soulager des articulations ou l\u2019ost\u00e9oporose. Il agit aussi sur la circulation de l\u2019eau dans le corps. Pour pr\u00e9parer le mac\u00e9rat, on utilise les jeunes bourgeons.","breadcrumb":{"@id":"https:\/\/www.laboratoire-helpac.com\/en\/p\/black-alder-organic\/#breadcrumb"},"inLanguage":"en-US","potentialAction":[{"@type":"ReadAction","target":["https:\/\/www.laboratoire-helpac.com\/en\/p\/black-alder-organic\/"]}]},{"@type":"ImageObject","inLanguage":"en-US","@id":"https:\/\/www.laboratoire-helpac.com\/en\/p\/black-alder-organic\/#primaryimage","url":"https:\/\/www.laboratoire-helpac.com\/wp-content\/uploads\/2023\/09\/MM_BLACKALDER-EN.png","contentUrl":"https:\/\/www.laboratoire-helpac.com\/wp-content\/uploads\/2023\/09\/MM_BLACKALDER-EN.png","width":1280,"height":1280,"caption":"Bud macerate Organic glutinous (France) wholesaler"},{"@type":"BreadcrumbList","@id":"https:\/\/www.laboratoire-helpac.com\/en\/p\/black-alder-organic\/#breadcrumb","itemListElement":[{"@type":"ListItem","position":1,"name":"Accueil","item":"https:\/\/www.laboratoire-helpac.com\/en\/"},{"@type":"ListItem","position":2,"name":"Our ingredients","item":"https:\/\/www.laboratoire-helpac.com\/en\/products\/"},{"@type":"ListItem","position":3,"name":"BLACK ALDER ORGANIC"}]},{"@type":"WebSite","@id":"https:\/\/www.laboratoire-helpac.com\/en\/#website","url":"https:\/\/www.laboratoire-helpac.com\/en\/","name":"HELPAC","description":"","publisher":{"@id":"https:\/\/www.laboratoire-helpac.com\/en\/#organization"},"potentialAction":[{"@type":"SearchAction","target":{"@type":"EntryPoint","urlTemplate":"https:\/\/www.laboratoire-helpac.com\/en\/?s={search_term_string}"},"query-input":{"@type":"PropertyValueSpecification","valueRequired":true,"valueName":"search_term_string"}}],"inLanguage":"en-US"},{"@type":"Organization","@id":"https:\/\/www.laboratoire-helpac.com\/en\/#organization","name":"Helpac","url":"https:\/\/www.laboratoire-helpac.com\/en\/","logo":{"@type":"ImageObject","inLanguage":"en-US","@id":"https:\/\/www.laboratoire-helpac.com\/en\/#\/schema\/logo\/image\/","url":"https:\/\/dev.fizzbuzz.fr\/helpac\/wp-content\/uploads\/2023\/05\/Logo-Helpac.jpg","contentUrl":"https:\/\/dev.fizzbuzz.fr\/helpac\/wp-content\/uploads\/2023\/05\/Logo-Helpac.jpg","width":200,"height":200,"caption":"Helpac"},"image":{"@id":"https:\/\/www.laboratoire-helpac.com\/en\/#\/schema\/logo\/image\/"},"sameAs":["https:\/\/www.linkedin.com\/company\/helpac\/"]}]}},"_links":{"self":[{"href":"https:\/\/www.laboratoire-helpac.com\/en\/wp-json\/wp\/v2\/product\/5462","targetHints":{"allow":["GET"]}}],"collection":[{"href":"https:\/\/www.laboratoire-helpac.com\/en\/wp-json\/wp\/v2\/product"}],"about":[{"href":"https:\/\/www.laboratoire-helpac.com\/en\/wp-json\/wp\/v2\/types\/product"}],"wp:featuredmedia":[{"embeddable":true,"href":"https:\/\/www.laboratoire-helpac.com\/en\/wp-json\/wp\/v2\/media\/7144"}],"wp:attachment":[{"href":"https:\/\/www.laboratoire-helpac.com\/en\/wp-json\/wp\/v2\/media?parent=5462"}],"wp:term":[{"taxonomy":"product_cat","embeddable":true,"href":"https:\/\/www.laboratoire-helpac.com\/en\/wp-json\/wp\/v2\/product_cat?post=5462"},{"taxonomy":"product_tag","embeddable":true,"href":"https:\/\/www.laboratoire-helpac.com\/en\/wp-json\/wp\/v2\/product_tag?post=5462"}],"curies":[{"name":"wp","href":"https:\/\/api.w.org\/{rel}","templated":true}]}}