{"id":5455,"date":"2023-07-30T16:59:44","date_gmt":"2023-07-30T14:59:44","guid":{"rendered":"http:\/\/localhost\/wordpress\/produit\/organic-deodorized-sesame\/"},"modified":"2023-11-29T19:40:23","modified_gmt":"2023-11-29T18:40:23","slug":"sesame-deodorized-organic","status":"publish","type":"product","link":"https:\/\/www.laboratoire-helpac.com\/en\/p\/sesame-deodorized-organic\/","title":{"rendered":"SESAME DEODORIZED ORGANIC"},"content":{"rendered":"<p>Deodorised organic Sesame oil is ideal for massage oils, Ayurvedic formulas or anti-ageing or hair serums with or without essential oils, where the neutrality of the nose can be an asset. It retains all its regenerating, restructuring, nourishing, moisturising, antioxidant and anti-ageing properties, while gliding on and feeling perfect.<\/p>\n","protected":false},"excerpt":{"rendered":"<p>Deodorised organic Sesame oil is ideal for massage oils, Ayurvedic formulas or anti-ageing or hair serums with or without essential oils, where the neutrality of the nose can be an asset. It retains all its regenerating, restructuring, nourishing, moisturising, antioxidant and anti-ageing properties, while gliding on and feeling perfect.<\/p>\n","protected":false},"featured_media":7137,"template":"","meta":[],"product_cat":[412,481],"product_tag":[],"class_list":{"0":"post-5455","1":"product","2":"type-product","3":"status-publish","4":"has-post-thumbnail","6":"product_cat-vegetable-oils","7":"product_cat-vegetale-oil-supplier-in-bulk-vegetable-oil","8":"pa_certifications-organic","9":"pa_origines-americas","10":"pa_usages-cosmetic","11":"pa_usages-food","13":"first","14":"instock","15":"featured","16":"purchasable","17":"product-type-simple"},"acf":[],"yoast_head":"<!-- This site is optimized with the Yoast SEO plugin v23.9 - https:\/\/yoast.com\/wordpress\/plugins\/seo\/ -->\n<title>Vegetable oil Organic deodorized sesame (Mexico) | HELPAC<\/title>\n<meta name=\"description\" content=\"L&#039;huile de S\u00e9same bio d\u00e9sodoris\u00e9e est id\u00e9ale pour les huiles de massages, les formules ayurv\u00e9diques ou les s\u00e9rums anti-\u00e2ges ou capillaires avec ou sans huiles essentielles, o\u00f9 la neutralit\u00e9 du nez peut \u00eatre un atout. Elle conserve toutes ses propri\u00e9t\u00e9s r\u00e9g\u00e9n\u00e9rante, restructurante, nourrissante, hydratante, antioxydante et anti-\u00e2ge et sa glisse et son toucher parfaits.\" \/>\n<meta name=\"robots\" content=\"index, follow, max-snippet:-1, max-image-preview:large, max-video-preview:-1\" \/>\n<link rel=\"canonical\" href=\"https:\/\/www.laboratoire-helpac.com\/en\/p\/sesame-deodorized-organic\/\" \/>\n<meta property=\"og:locale\" content=\"en_US\" \/>\n<meta property=\"og:type\" content=\"article\" \/>\n<meta property=\"og:title\" content=\"Vegetable oil Organic deodorized sesame (Mexico) | HELPAC\" \/>\n<meta property=\"og:description\" content=\"L&#039;huile de S\u00e9same bio d\u00e9sodoris\u00e9e est id\u00e9ale pour les huiles de massages, les formules ayurv\u00e9diques ou les s\u00e9rums anti-\u00e2ges ou capillaires avec ou sans huiles essentielles, o\u00f9 la neutralit\u00e9 du nez peut \u00eatre un atout. Elle conserve toutes ses propri\u00e9t\u00e9s r\u00e9g\u00e9n\u00e9rante, restructurante, nourrissante, hydratante, antioxydante et anti-\u00e2ge et sa glisse et son toucher parfaits.\" \/>\n<meta property=\"og:url\" content=\"https:\/\/www.laboratoire-helpac.com\/en\/p\/sesame-deodorized-organic\/\" \/>\n<meta property=\"og:site_name\" content=\"HELPAC\" \/>\n<meta property=\"article:modified_time\" content=\"2023-11-29T18:40:23+00:00\" \/>\n<meta property=\"og:image\" content=\"https:\/\/www.laboratoire-helpac.com\/wp-content\/uploads\/2023\/09\/HV_SESAMEDEODORIZED-EN.png\" \/>\n\t<meta property=\"og:image:width\" content=\"1280\" \/>\n\t<meta property=\"og:image:height\" content=\"1280\" \/>\n\t<meta property=\"og:image:type\" content=\"image\/png\" \/>\n<meta name=\"twitter:card\" content=\"summary_large_image\" \/>\n<meta name=\"twitter:label1\" content=\"Est. reading time\" \/>\n\t<meta name=\"twitter:data1\" content=\"1 minute\" \/>\n<script type=\"application\/ld+json\" class=\"yoast-schema-graph\">{\"@context\":\"https:\/\/schema.org\",\"@graph\":[{\"@type\":\"WebPage\",\"@id\":\"https:\/\/www.laboratoire-helpac.com\/en\/p\/sesame-deodorized-organic\/\",\"url\":\"https:\/\/www.laboratoire-helpac.com\/en\/p\/sesame-deodorized-organic\/\",\"name\":\"Vegetable oil Organic deodorized sesame (Mexico) | HELPAC\",\"isPartOf\":{\"@id\":\"https:\/\/www.laboratoire-helpac.com\/en\/#website\"},\"primaryImageOfPage\":{\"@id\":\"https:\/\/www.laboratoire-helpac.com\/en\/p\/sesame-deodorized-organic\/#primaryimage\"},\"image\":{\"@id\":\"https:\/\/www.laboratoire-helpac.com\/en\/p\/sesame-deodorized-organic\/#primaryimage\"},\"thumbnailUrl\":\"https:\/\/www.laboratoire-helpac.com\/wp-content\/uploads\/2023\/09\/HV_SESAMEDEODORIZED-EN.png\",\"datePublished\":\"2023-07-30T14:59:44+00:00\",\"dateModified\":\"2023-11-29T18:40:23+00:00\",\"description\":\"L'huile de S\u00e9same bio d\u00e9sodoris\u00e9e est id\u00e9ale pour les huiles de massages, les formules ayurv\u00e9diques ou les s\u00e9rums anti-\u00e2ges ou capillaires avec ou sans huiles essentielles, o\u00f9 la neutralit\u00e9 du nez peut \u00eatre un atout. Elle conserve toutes ses propri\u00e9t\u00e9s r\u00e9g\u00e9n\u00e9rante, restructurante, nourrissante, hydratante, antioxydante et anti-\u00e2ge et sa glisse et son toucher parfaits.\",\"breadcrumb\":{\"@id\":\"https:\/\/www.laboratoire-helpac.com\/en\/p\/sesame-deodorized-organic\/#breadcrumb\"},\"inLanguage\":\"en-US\",\"potentialAction\":[{\"@type\":\"ReadAction\",\"target\":[\"https:\/\/www.laboratoire-helpac.com\/en\/p\/sesame-deodorized-organic\/\"]}]},{\"@type\":\"ImageObject\",\"inLanguage\":\"en-US\",\"@id\":\"https:\/\/www.laboratoire-helpac.com\/en\/p\/sesame-deodorized-organic\/#primaryimage\",\"url\":\"https:\/\/www.laboratoire-helpac.com\/wp-content\/uploads\/2023\/09\/HV_SESAMEDEODORIZED-EN.png\",\"contentUrl\":\"https:\/\/www.laboratoire-helpac.com\/wp-content\/uploads\/2023\/09\/HV_SESAMEDEODORIZED-EN.png\",\"width\":1280,\"height\":1280,\"caption\":\"Vegetable oil Sesame Deodorized Organic (Mexico) wholesaler\"},{\"@type\":\"BreadcrumbList\",\"@id\":\"https:\/\/www.laboratoire-helpac.com\/en\/p\/sesame-deodorized-organic\/#breadcrumb\",\"itemListElement\":[{\"@type\":\"ListItem\",\"position\":1,\"name\":\"Accueil\",\"item\":\"https:\/\/www.laboratoire-helpac.com\/en\/\"},{\"@type\":\"ListItem\",\"position\":2,\"name\":\"Our ingredients\",\"item\":\"https:\/\/www.laboratoire-helpac.com\/en\/products\/\"},{\"@type\":\"ListItem\",\"position\":3,\"name\":\"SESAME DEODORIZED ORGANIC\"}]},{\"@type\":\"WebSite\",\"@id\":\"https:\/\/www.laboratoire-helpac.com\/en\/#website\",\"url\":\"https:\/\/www.laboratoire-helpac.com\/en\/\",\"name\":\"HELPAC\",\"description\":\"\",\"publisher\":{\"@id\":\"https:\/\/www.laboratoire-helpac.com\/en\/#organization\"},\"potentialAction\":[{\"@type\":\"SearchAction\",\"target\":{\"@type\":\"EntryPoint\",\"urlTemplate\":\"https:\/\/www.laboratoire-helpac.com\/en\/?s={search_term_string}\"},\"query-input\":{\"@type\":\"PropertyValueSpecification\",\"valueRequired\":true,\"valueName\":\"search_term_string\"}}],\"inLanguage\":\"en-US\"},{\"@type\":\"Organization\",\"@id\":\"https:\/\/www.laboratoire-helpac.com\/en\/#organization\",\"name\":\"Helpac\",\"url\":\"https:\/\/www.laboratoire-helpac.com\/en\/\",\"logo\":{\"@type\":\"ImageObject\",\"inLanguage\":\"en-US\",\"@id\":\"https:\/\/www.laboratoire-helpac.com\/en\/#\/schema\/logo\/image\/\",\"url\":\"https:\/\/dev.fizzbuzz.fr\/helpac\/wp-content\/uploads\/2023\/05\/Logo-Helpac.jpg\",\"contentUrl\":\"https:\/\/dev.fizzbuzz.fr\/helpac\/wp-content\/uploads\/2023\/05\/Logo-Helpac.jpg\",\"width\":200,\"height\":200,\"caption\":\"Helpac\"},\"image\":{\"@id\":\"https:\/\/www.laboratoire-helpac.com\/en\/#\/schema\/logo\/image\/\"},\"sameAs\":[\"https:\/\/www.linkedin.com\/company\/helpac\/\"]}]}<\/script>\n<!-- \/ Yoast SEO plugin. -->","yoast_head_json":{"title":"Vegetable oil Organic deodorized sesame (Mexico) | HELPAC","description":"L'huile de S\u00e9same bio d\u00e9sodoris\u00e9e est id\u00e9ale pour les huiles de massages, les formules ayurv\u00e9diques ou les s\u00e9rums anti-\u00e2ges ou capillaires avec ou sans huiles essentielles, o\u00f9 la neutralit\u00e9 du nez peut \u00eatre un atout. Elle conserve toutes ses propri\u00e9t\u00e9s r\u00e9g\u00e9n\u00e9rante, restructurante, nourrissante, hydratante, antioxydante et anti-\u00e2ge et sa glisse et son toucher parfaits.","robots":{"index":"index","follow":"follow","max-snippet":"max-snippet:-1","max-image-preview":"max-image-preview:large","max-video-preview":"max-video-preview:-1"},"canonical":"https:\/\/www.laboratoire-helpac.com\/en\/p\/sesame-deodorized-organic\/","og_locale":"en_US","og_type":"article","og_title":"Vegetable oil Organic deodorized sesame (Mexico) | HELPAC","og_description":"L'huile de S\u00e9same bio d\u00e9sodoris\u00e9e est id\u00e9ale pour les huiles de massages, les formules ayurv\u00e9diques ou les s\u00e9rums anti-\u00e2ges ou capillaires avec ou sans huiles essentielles, o\u00f9 la neutralit\u00e9 du nez peut \u00eatre un atout. Elle conserve toutes ses propri\u00e9t\u00e9s r\u00e9g\u00e9n\u00e9rante, restructurante, nourrissante, hydratante, antioxydante et anti-\u00e2ge et sa glisse et son toucher parfaits.","og_url":"https:\/\/www.laboratoire-helpac.com\/en\/p\/sesame-deodorized-organic\/","og_site_name":"HELPAC","article_modified_time":"2023-11-29T18:40:23+00:00","og_image":[{"width":1280,"height":1280,"url":"https:\/\/www.laboratoire-helpac.com\/wp-content\/uploads\/2023\/09\/HV_SESAMEDEODORIZED-EN.png","type":"image\/png"}],"twitter_card":"summary_large_image","twitter_misc":{"Est. reading time":"1 minute"},"schema":{"@context":"https:\/\/schema.org","@graph":[{"@type":"WebPage","@id":"https:\/\/www.laboratoire-helpac.com\/en\/p\/sesame-deodorized-organic\/","url":"https:\/\/www.laboratoire-helpac.com\/en\/p\/sesame-deodorized-organic\/","name":"Vegetable oil Organic deodorized sesame (Mexico) | HELPAC","isPartOf":{"@id":"https:\/\/www.laboratoire-helpac.com\/en\/#website"},"primaryImageOfPage":{"@id":"https:\/\/www.laboratoire-helpac.com\/en\/p\/sesame-deodorized-organic\/#primaryimage"},"image":{"@id":"https:\/\/www.laboratoire-helpac.com\/en\/p\/sesame-deodorized-organic\/#primaryimage"},"thumbnailUrl":"https:\/\/www.laboratoire-helpac.com\/wp-content\/uploads\/2023\/09\/HV_SESAMEDEODORIZED-EN.png","datePublished":"2023-07-30T14:59:44+00:00","dateModified":"2023-11-29T18:40:23+00:00","description":"L'huile de S\u00e9same bio d\u00e9sodoris\u00e9e est id\u00e9ale pour les huiles de massages, les formules ayurv\u00e9diques ou les s\u00e9rums anti-\u00e2ges ou capillaires avec ou sans huiles essentielles, o\u00f9 la neutralit\u00e9 du nez peut \u00eatre un atout. Elle conserve toutes ses propri\u00e9t\u00e9s r\u00e9g\u00e9n\u00e9rante, restructurante, nourrissante, hydratante, antioxydante et anti-\u00e2ge et sa glisse et son toucher parfaits.","breadcrumb":{"@id":"https:\/\/www.laboratoire-helpac.com\/en\/p\/sesame-deodorized-organic\/#breadcrumb"},"inLanguage":"en-US","potentialAction":[{"@type":"ReadAction","target":["https:\/\/www.laboratoire-helpac.com\/en\/p\/sesame-deodorized-organic\/"]}]},{"@type":"ImageObject","inLanguage":"en-US","@id":"https:\/\/www.laboratoire-helpac.com\/en\/p\/sesame-deodorized-organic\/#primaryimage","url":"https:\/\/www.laboratoire-helpac.com\/wp-content\/uploads\/2023\/09\/HV_SESAMEDEODORIZED-EN.png","contentUrl":"https:\/\/www.laboratoire-helpac.com\/wp-content\/uploads\/2023\/09\/HV_SESAMEDEODORIZED-EN.png","width":1280,"height":1280,"caption":"Vegetable oil Sesame Deodorized Organic (Mexico) wholesaler"},{"@type":"BreadcrumbList","@id":"https:\/\/www.laboratoire-helpac.com\/en\/p\/sesame-deodorized-organic\/#breadcrumb","itemListElement":[{"@type":"ListItem","position":1,"name":"Accueil","item":"https:\/\/www.laboratoire-helpac.com\/en\/"},{"@type":"ListItem","position":2,"name":"Our ingredients","item":"https:\/\/www.laboratoire-helpac.com\/en\/products\/"},{"@type":"ListItem","position":3,"name":"SESAME DEODORIZED ORGANIC"}]},{"@type":"WebSite","@id":"https:\/\/www.laboratoire-helpac.com\/en\/#website","url":"https:\/\/www.laboratoire-helpac.com\/en\/","name":"HELPAC","description":"","publisher":{"@id":"https:\/\/www.laboratoire-helpac.com\/en\/#organization"},"potentialAction":[{"@type":"SearchAction","target":{"@type":"EntryPoint","urlTemplate":"https:\/\/www.laboratoire-helpac.com\/en\/?s={search_term_string}"},"query-input":{"@type":"PropertyValueSpecification","valueRequired":true,"valueName":"search_term_string"}}],"inLanguage":"en-US"},{"@type":"Organization","@id":"https:\/\/www.laboratoire-helpac.com\/en\/#organization","name":"Helpac","url":"https:\/\/www.laboratoire-helpac.com\/en\/","logo":{"@type":"ImageObject","inLanguage":"en-US","@id":"https:\/\/www.laboratoire-helpac.com\/en\/#\/schema\/logo\/image\/","url":"https:\/\/dev.fizzbuzz.fr\/helpac\/wp-content\/uploads\/2023\/05\/Logo-Helpac.jpg","contentUrl":"https:\/\/dev.fizzbuzz.fr\/helpac\/wp-content\/uploads\/2023\/05\/Logo-Helpac.jpg","width":200,"height":200,"caption":"Helpac"},"image":{"@id":"https:\/\/www.laboratoire-helpac.com\/en\/#\/schema\/logo\/image\/"},"sameAs":["https:\/\/www.linkedin.com\/company\/helpac\/"]}]}},"_links":{"self":[{"href":"https:\/\/www.laboratoire-helpac.com\/en\/wp-json\/wp\/v2\/product\/5455","targetHints":{"allow":["GET"]}}],"collection":[{"href":"https:\/\/www.laboratoire-helpac.com\/en\/wp-json\/wp\/v2\/product"}],"about":[{"href":"https:\/\/www.laboratoire-helpac.com\/en\/wp-json\/wp\/v2\/types\/product"}],"wp:featuredmedia":[{"embeddable":true,"href":"https:\/\/www.laboratoire-helpac.com\/en\/wp-json\/wp\/v2\/media\/7137"}],"wp:attachment":[{"href":"https:\/\/www.laboratoire-helpac.com\/en\/wp-json\/wp\/v2\/media?parent=5455"}],"wp:term":[{"taxonomy":"product_cat","embeddable":true,"href":"https:\/\/www.laboratoire-helpac.com\/en\/wp-json\/wp\/v2\/product_cat?post=5455"},{"taxonomy":"product_tag","embeddable":true,"href":"https:\/\/www.laboratoire-helpac.com\/en\/wp-json\/wp\/v2\/product_tag?post=5455"}],"curies":[{"name":"wp","href":"https:\/\/api.w.org\/{rel}","templated":true}]}}