{"id":5442,"date":"2023-07-30T16:59:37","date_gmt":"2023-07-30T14:59:37","guid":{"rendered":"http:\/\/localhost\/wordpress\/produit\/neem-organic\/"},"modified":"2023-11-29T19:40:20","modified_gmt":"2023-11-29T18:40:20","slug":"neem-organic","status":"publish","type":"product","link":"https:\/\/www.laboratoire-helpac.com\/en\/p\/neem-organic\/","title":{"rendered":"NEEM ORGANIC"},"content":{"rendered":"<p>Rich in azadirachtin A, Neem oil has a distinctive odour that can overshadow its highly interesting properties: antibacterial, antifungal, nourishing and moisturising, it is used in formulas to care for oily and irritated skin, the body (mosquitoes, fungal infections, etc.) and hair (dandruff, lice). Insect repellent and insecticide (scabies, fleas, ticks, etc.), it is very useful for animals (dogs, cats, hens, etc.) and in the garden (aphids, mealy bugs, etc.). Added at less than 8%, its odour is no longer a nuisance in soap-making, where its properties are of great interest.<\/p>\n","protected":false},"excerpt":{"rendered":"<p>Rich in azadirachtin A, Neem oil has a distinctive odour that can overshadow its highly interesting properties: antibacterial, antifungal, nourishing and moisturising, it is used in formulas to care for oily and irritated skin, the body (mosquitoes, fungal infections, etc.) and hair (dandruff, lice). Insect repellent and insecticide (scabies, fleas, ticks, etc.), it is very [&hellip;]<\/p>\n","protected":false},"featured_media":9464,"template":"","meta":[],"product_cat":[412,481],"product_tag":[],"class_list":{"0":"post-5442","1":"product","2":"type-product","3":"status-publish","4":"has-post-thumbnail","6":"product_cat-vegetable-oils","7":"product_cat-vegetale-oil-supplier-in-bulk-vegetable-oil","8":"pa_certifications-cosmos-en","9":"pa_origines-europe-en","10":"pa_usages-cosmetic","12":"first","13":"instock","14":"purchasable","15":"product-type-simple"},"acf":[],"yoast_head":"<!-- This site is optimized with the Yoast SEO plugin v23.9 - https:\/\/yoast.com\/wordpress\/plugins\/seo\/ -->\n<title>Vegetable oil Neem organic (Europe) | HELPAC<\/title>\n<meta name=\"description\" content=\"Riche en azadirachtine A, l\u2019huile de Neem poss\u00e8de une odeur particuli\u00e8re qui peut faire oublier ses propri\u00e9t\u00e9s pourtant tr\u00e8s int\u00e9ressantes\u00a0: antibact\u00e9rienne, antifongique, nourrissante et hydratante, elle entre dans les formules de soin des peaux grasses et irrit\u00e9e, du corps (moustiques, mycoses, etc.) et des cheveux (pellicules, poux). Insectifuge et insecticide (gale, puces, tiques, etc.), elle est tr\u00e8s utile pour les animaux (chiens, chat, poules, etc.) et au jardin (pucerons, cochenilles, etc.). Ajout\u00e9e \u00e0 moins de 8 %, son odeur n\u2019est plus incommodante en savonnerie, o\u00f9 ses propri\u00e9t\u00e9s sont tr\u00e8s int\u00e9ressantes.\" \/>\n<meta name=\"robots\" content=\"index, follow, max-snippet:-1, max-image-preview:large, max-video-preview:-1\" \/>\n<link rel=\"canonical\" href=\"https:\/\/www.laboratoire-helpac.com\/en\/p\/neem-organic\/\" \/>\n<meta property=\"og:locale\" content=\"en_US\" \/>\n<meta property=\"og:type\" content=\"article\" \/>\n<meta property=\"og:title\" content=\"Vegetable oil Neem organic (Europe) | HELPAC\" \/>\n<meta property=\"og:description\" content=\"Riche en azadirachtine A, l\u2019huile de Neem poss\u00e8de une odeur particuli\u00e8re qui peut faire oublier ses propri\u00e9t\u00e9s pourtant tr\u00e8s int\u00e9ressantes\u00a0: antibact\u00e9rienne, antifongique, nourrissante et hydratante, elle entre dans les formules de soin des peaux grasses et irrit\u00e9e, du corps (moustiques, mycoses, etc.) et des cheveux (pellicules, poux). Insectifuge et insecticide (gale, puces, tiques, etc.), elle est tr\u00e8s utile pour les animaux (chiens, chat, poules, etc.) et au jardin (pucerons, cochenilles, etc.). Ajout\u00e9e \u00e0 moins de 8 %, son odeur n\u2019est plus incommodante en savonnerie, o\u00f9 ses propri\u00e9t\u00e9s sont tr\u00e8s int\u00e9ressantes.\" \/>\n<meta property=\"og:url\" content=\"https:\/\/www.laboratoire-helpac.com\/en\/p\/neem-organic\/\" \/>\n<meta property=\"og:site_name\" content=\"HELPAC\" \/>\n<meta property=\"article:modified_time\" content=\"2023-11-29T18:40:20+00:00\" \/>\n<meta property=\"og:image\" content=\"https:\/\/www.laboratoire-helpac.com\/wp-content\/uploads\/2023\/11\/HV_NEEM-EN-1.png\" \/>\n\t<meta property=\"og:image:width\" content=\"1000\" \/>\n\t<meta property=\"og:image:height\" content=\"1000\" \/>\n\t<meta property=\"og:image:type\" content=\"image\/png\" \/>\n<meta name=\"twitter:card\" content=\"summary_large_image\" \/>\n<script type=\"application\/ld+json\" class=\"yoast-schema-graph\">{\"@context\":\"https:\/\/schema.org\",\"@graph\":[{\"@type\":\"WebPage\",\"@id\":\"https:\/\/www.laboratoire-helpac.com\/en\/p\/neem-organic\/\",\"url\":\"https:\/\/www.laboratoire-helpac.com\/en\/p\/neem-organic\/\",\"name\":\"Vegetable oil Neem organic (Europe) | HELPAC\",\"isPartOf\":{\"@id\":\"https:\/\/www.laboratoire-helpac.com\/en\/#website\"},\"primaryImageOfPage\":{\"@id\":\"https:\/\/www.laboratoire-helpac.com\/en\/p\/neem-organic\/#primaryimage\"},\"image\":{\"@id\":\"https:\/\/www.laboratoire-helpac.com\/en\/p\/neem-organic\/#primaryimage\"},\"thumbnailUrl\":\"https:\/\/www.laboratoire-helpac.com\/wp-content\/uploads\/2023\/11\/HV_NEEM-EN-1.png\",\"datePublished\":\"2023-07-30T14:59:37+00:00\",\"dateModified\":\"2023-11-29T18:40:20+00:00\",\"description\":\"Riche en azadirachtine A, l\u2019huile de Neem poss\u00e8de une odeur particuli\u00e8re qui peut faire oublier ses propri\u00e9t\u00e9s pourtant tr\u00e8s int\u00e9ressantes\u00a0: antibact\u00e9rienne, antifongique, nourrissante et hydratante, elle entre dans les formules de soin des peaux grasses et irrit\u00e9e, du corps (moustiques, mycoses, etc.) et des cheveux (pellicules, poux). Insectifuge et insecticide (gale, puces, tiques, etc.), elle est tr\u00e8s utile pour les animaux (chiens, chat, poules, etc.) et au jardin (pucerons, cochenilles, etc.). Ajout\u00e9e \u00e0 moins de 8 %, son odeur n\u2019est plus incommodante en savonnerie, o\u00f9 ses propri\u00e9t\u00e9s sont tr\u00e8s int\u00e9ressantes.\",\"breadcrumb\":{\"@id\":\"https:\/\/www.laboratoire-helpac.com\/en\/p\/neem-organic\/#breadcrumb\"},\"inLanguage\":\"en-US\",\"potentialAction\":[{\"@type\":\"ReadAction\",\"target\":[\"https:\/\/www.laboratoire-helpac.com\/en\/p\/neem-organic\/\"]}]},{\"@type\":\"ImageObject\",\"inLanguage\":\"en-US\",\"@id\":\"https:\/\/www.laboratoire-helpac.com\/en\/p\/neem-organic\/#primaryimage\",\"url\":\"https:\/\/www.laboratoire-helpac.com\/wp-content\/uploads\/2023\/11\/HV_NEEM-EN-1.png\",\"contentUrl\":\"https:\/\/www.laboratoire-helpac.com\/wp-content\/uploads\/2023\/11\/HV_NEEM-EN-1.png\",\"width\":1000,\"height\":1000,\"caption\":\"Vegetable oil Neem Organic (Europe) wholesaler\"},{\"@type\":\"BreadcrumbList\",\"@id\":\"https:\/\/www.laboratoire-helpac.com\/en\/p\/neem-organic\/#breadcrumb\",\"itemListElement\":[{\"@type\":\"ListItem\",\"position\":1,\"name\":\"Accueil\",\"item\":\"https:\/\/www.laboratoire-helpac.com\/en\/\"},{\"@type\":\"ListItem\",\"position\":2,\"name\":\"Our ingredients\",\"item\":\"https:\/\/www.laboratoire-helpac.com\/en\/products\/\"},{\"@type\":\"ListItem\",\"position\":3,\"name\":\"NEEM ORGANIC\"}]},{\"@type\":\"WebSite\",\"@id\":\"https:\/\/www.laboratoire-helpac.com\/en\/#website\",\"url\":\"https:\/\/www.laboratoire-helpac.com\/en\/\",\"name\":\"HELPAC\",\"description\":\"\",\"publisher\":{\"@id\":\"https:\/\/www.laboratoire-helpac.com\/en\/#organization\"},\"potentialAction\":[{\"@type\":\"SearchAction\",\"target\":{\"@type\":\"EntryPoint\",\"urlTemplate\":\"https:\/\/www.laboratoire-helpac.com\/en\/?s={search_term_string}\"},\"query-input\":{\"@type\":\"PropertyValueSpecification\",\"valueRequired\":true,\"valueName\":\"search_term_string\"}}],\"inLanguage\":\"en-US\"},{\"@type\":\"Organization\",\"@id\":\"https:\/\/www.laboratoire-helpac.com\/en\/#organization\",\"name\":\"Helpac\",\"url\":\"https:\/\/www.laboratoire-helpac.com\/en\/\",\"logo\":{\"@type\":\"ImageObject\",\"inLanguage\":\"en-US\",\"@id\":\"https:\/\/www.laboratoire-helpac.com\/en\/#\/schema\/logo\/image\/\",\"url\":\"https:\/\/dev.fizzbuzz.fr\/helpac\/wp-content\/uploads\/2023\/05\/Logo-Helpac.jpg\",\"contentUrl\":\"https:\/\/dev.fizzbuzz.fr\/helpac\/wp-content\/uploads\/2023\/05\/Logo-Helpac.jpg\",\"width\":200,\"height\":200,\"caption\":\"Helpac\"},\"image\":{\"@id\":\"https:\/\/www.laboratoire-helpac.com\/en\/#\/schema\/logo\/image\/\"},\"sameAs\":[\"https:\/\/www.linkedin.com\/company\/helpac\/\"]}]}<\/script>\n<!-- \/ Yoast SEO plugin. -->","yoast_head_json":{"title":"Vegetable oil Neem organic (Europe) | HELPAC","description":"Riche en azadirachtine A, l\u2019huile de Neem poss\u00e8de une odeur particuli\u00e8re qui peut faire oublier ses propri\u00e9t\u00e9s pourtant tr\u00e8s int\u00e9ressantes\u00a0: antibact\u00e9rienne, antifongique, nourrissante et hydratante, elle entre dans les formules de soin des peaux grasses et irrit\u00e9e, du corps (moustiques, mycoses, etc.) et des cheveux (pellicules, poux). Insectifuge et insecticide (gale, puces, tiques, etc.), elle est tr\u00e8s utile pour les animaux (chiens, chat, poules, etc.) et au jardin (pucerons, cochenilles, etc.). Ajout\u00e9e \u00e0 moins de 8 %, son odeur n\u2019est plus incommodante en savonnerie, o\u00f9 ses propri\u00e9t\u00e9s sont tr\u00e8s int\u00e9ressantes.","robots":{"index":"index","follow":"follow","max-snippet":"max-snippet:-1","max-image-preview":"max-image-preview:large","max-video-preview":"max-video-preview:-1"},"canonical":"https:\/\/www.laboratoire-helpac.com\/en\/p\/neem-organic\/","og_locale":"en_US","og_type":"article","og_title":"Vegetable oil Neem organic (Europe) | HELPAC","og_description":"Riche en azadirachtine A, l\u2019huile de Neem poss\u00e8de une odeur particuli\u00e8re qui peut faire oublier ses propri\u00e9t\u00e9s pourtant tr\u00e8s int\u00e9ressantes\u00a0: antibact\u00e9rienne, antifongique, nourrissante et hydratante, elle entre dans les formules de soin des peaux grasses et irrit\u00e9e, du corps (moustiques, mycoses, etc.) et des cheveux (pellicules, poux). Insectifuge et insecticide (gale, puces, tiques, etc.), elle est tr\u00e8s utile pour les animaux (chiens, chat, poules, etc.) et au jardin (pucerons, cochenilles, etc.). Ajout\u00e9e \u00e0 moins de 8 %, son odeur n\u2019est plus incommodante en savonnerie, o\u00f9 ses propri\u00e9t\u00e9s sont tr\u00e8s int\u00e9ressantes.","og_url":"https:\/\/www.laboratoire-helpac.com\/en\/p\/neem-organic\/","og_site_name":"HELPAC","article_modified_time":"2023-11-29T18:40:20+00:00","og_image":[{"width":1000,"height":1000,"url":"https:\/\/www.laboratoire-helpac.com\/wp-content\/uploads\/2023\/11\/HV_NEEM-EN-1.png","type":"image\/png"}],"twitter_card":"summary_large_image","schema":{"@context":"https:\/\/schema.org","@graph":[{"@type":"WebPage","@id":"https:\/\/www.laboratoire-helpac.com\/en\/p\/neem-organic\/","url":"https:\/\/www.laboratoire-helpac.com\/en\/p\/neem-organic\/","name":"Vegetable oil Neem organic (Europe) | HELPAC","isPartOf":{"@id":"https:\/\/www.laboratoire-helpac.com\/en\/#website"},"primaryImageOfPage":{"@id":"https:\/\/www.laboratoire-helpac.com\/en\/p\/neem-organic\/#primaryimage"},"image":{"@id":"https:\/\/www.laboratoire-helpac.com\/en\/p\/neem-organic\/#primaryimage"},"thumbnailUrl":"https:\/\/www.laboratoire-helpac.com\/wp-content\/uploads\/2023\/11\/HV_NEEM-EN-1.png","datePublished":"2023-07-30T14:59:37+00:00","dateModified":"2023-11-29T18:40:20+00:00","description":"Riche en azadirachtine A, l\u2019huile de Neem poss\u00e8de une odeur particuli\u00e8re qui peut faire oublier ses propri\u00e9t\u00e9s pourtant tr\u00e8s int\u00e9ressantes\u00a0: antibact\u00e9rienne, antifongique, nourrissante et hydratante, elle entre dans les formules de soin des peaux grasses et irrit\u00e9e, du corps (moustiques, mycoses, etc.) et des cheveux (pellicules, poux). Insectifuge et insecticide (gale, puces, tiques, etc.), elle est tr\u00e8s utile pour les animaux (chiens, chat, poules, etc.) et au jardin (pucerons, cochenilles, etc.). Ajout\u00e9e \u00e0 moins de 8 %, son odeur n\u2019est plus incommodante en savonnerie, o\u00f9 ses propri\u00e9t\u00e9s sont tr\u00e8s int\u00e9ressantes.","breadcrumb":{"@id":"https:\/\/www.laboratoire-helpac.com\/en\/p\/neem-organic\/#breadcrumb"},"inLanguage":"en-US","potentialAction":[{"@type":"ReadAction","target":["https:\/\/www.laboratoire-helpac.com\/en\/p\/neem-organic\/"]}]},{"@type":"ImageObject","inLanguage":"en-US","@id":"https:\/\/www.laboratoire-helpac.com\/en\/p\/neem-organic\/#primaryimage","url":"https:\/\/www.laboratoire-helpac.com\/wp-content\/uploads\/2023\/11\/HV_NEEM-EN-1.png","contentUrl":"https:\/\/www.laboratoire-helpac.com\/wp-content\/uploads\/2023\/11\/HV_NEEM-EN-1.png","width":1000,"height":1000,"caption":"Vegetable oil Neem Organic (Europe) wholesaler"},{"@type":"BreadcrumbList","@id":"https:\/\/www.laboratoire-helpac.com\/en\/p\/neem-organic\/#breadcrumb","itemListElement":[{"@type":"ListItem","position":1,"name":"Accueil","item":"https:\/\/www.laboratoire-helpac.com\/en\/"},{"@type":"ListItem","position":2,"name":"Our ingredients","item":"https:\/\/www.laboratoire-helpac.com\/en\/products\/"},{"@type":"ListItem","position":3,"name":"NEEM ORGANIC"}]},{"@type":"WebSite","@id":"https:\/\/www.laboratoire-helpac.com\/en\/#website","url":"https:\/\/www.laboratoire-helpac.com\/en\/","name":"HELPAC","description":"","publisher":{"@id":"https:\/\/www.laboratoire-helpac.com\/en\/#organization"},"potentialAction":[{"@type":"SearchAction","target":{"@type":"EntryPoint","urlTemplate":"https:\/\/www.laboratoire-helpac.com\/en\/?s={search_term_string}"},"query-input":{"@type":"PropertyValueSpecification","valueRequired":true,"valueName":"search_term_string"}}],"inLanguage":"en-US"},{"@type":"Organization","@id":"https:\/\/www.laboratoire-helpac.com\/en\/#organization","name":"Helpac","url":"https:\/\/www.laboratoire-helpac.com\/en\/","logo":{"@type":"ImageObject","inLanguage":"en-US","@id":"https:\/\/www.laboratoire-helpac.com\/en\/#\/schema\/logo\/image\/","url":"https:\/\/dev.fizzbuzz.fr\/helpac\/wp-content\/uploads\/2023\/05\/Logo-Helpac.jpg","contentUrl":"https:\/\/dev.fizzbuzz.fr\/helpac\/wp-content\/uploads\/2023\/05\/Logo-Helpac.jpg","width":200,"height":200,"caption":"Helpac"},"image":{"@id":"https:\/\/www.laboratoire-helpac.com\/en\/#\/schema\/logo\/image\/"},"sameAs":["https:\/\/www.linkedin.com\/company\/helpac\/"]}]}},"_links":{"self":[{"href":"https:\/\/www.laboratoire-helpac.com\/en\/wp-json\/wp\/v2\/product\/5442","targetHints":{"allow":["GET"]}}],"collection":[{"href":"https:\/\/www.laboratoire-helpac.com\/en\/wp-json\/wp\/v2\/product"}],"about":[{"href":"https:\/\/www.laboratoire-helpac.com\/en\/wp-json\/wp\/v2\/types\/product"}],"wp:featuredmedia":[{"embeddable":true,"href":"https:\/\/www.laboratoire-helpac.com\/en\/wp-json\/wp\/v2\/media\/9464"}],"wp:attachment":[{"href":"https:\/\/www.laboratoire-helpac.com\/en\/wp-json\/wp\/v2\/media?parent=5442"}],"wp:term":[{"taxonomy":"product_cat","embeddable":true,"href":"https:\/\/www.laboratoire-helpac.com\/en\/wp-json\/wp\/v2\/product_cat?post=5442"},{"taxonomy":"product_tag","embeddable":true,"href":"https:\/\/www.laboratoire-helpac.com\/en\/wp-json\/wp\/v2\/product_tag?post=5442"}],"curies":[{"name":"wp","href":"https:\/\/api.w.org\/{rel}","templated":true}]}}