{"id":5438,"date":"2023-07-30T16:59:37","date_gmt":"2023-07-30T14:59:37","guid":{"rendered":"http:\/\/localhost\/wordpress\/produit\/jojoba-bio\/"},"modified":"2023-11-29T19:40:19","modified_gmt":"2023-11-29T18:40:19","slug":"jojoba-organic","status":"publish","type":"product","link":"https:\/\/www.laboratoire-helpac.com\/en\/p\/jojoba-organic\/","title":{"rendered":"JOJOBA ORGANIC"},"content":{"rendered":"<p>More of a liquid wax than an oil, Jojoba has a great affinity for absolutely all skin and hair types. It nourishes, regulates, enhances, protects from dehydration, and softens them. With a dry, pleasant, and stable feel, it&#8217;s considered the &#8220;ideal&#8221; oil in cosmetics and massages. In soap making, while it enhances the soap&#8217;s longevity, it&#8217;s &#8220;soft&#8221; and produces no lather, so it&#8217;s typically used only up to 10%.<\/p>\n","protected":false},"excerpt":{"rendered":"<p>More of a liquid wax than an oil, Jojoba has a great affinity for absolutely all skin and hair types. It nourishes, regulates, enhances, protects from dehydration, and softens them. With a dry, pleasant, and stable feel, it&#8217;s considered the &#8220;ideal&#8221; oil in cosmetics and massages. In soap making, while it enhances the soap&#8217;s longevity, [&hellip;]<\/p>\n","protected":false},"featured_media":7120,"template":"","meta":[],"product_cat":[412,481],"product_tag":[],"class_list":{"0":"post-5438","1":"product","2":"type-product","3":"status-publish","4":"has-post-thumbnail","6":"product_cat-vegetable-oils","7":"product_cat-vegetale-oil-supplier-in-bulk-vegetable-oil","8":"pa_certifications-cosmos-en","9":"pa_origines-americas","10":"pa_usages-cosmetic","12":"first","13":"instock","14":"purchasable","15":"product-type-simple"},"acf":[],"yoast_head":"<!-- This site is optimized with the Yoast SEO plugin v23.9 - https:\/\/yoast.com\/wordpress\/plugins\/seo\/ -->\n<title>Vegetable oil Jojoba Bio (South America) | HELPAC<\/title>\n<meta name=\"description\" content=\"Cire liquide plus qu\u2019huile, le Jojoba poss\u00e8de une grande affinit\u00e9 avec absolument tous les types de peaux et de cheveux qu\u2019elle nourrit, r\u00e9gule, embellit, prot\u00e8ge de la d\u00e9shydratation et assouplit. De toucher sec, agr\u00e9able, stable, c\u2019est l\u2019huile \u00ab\u00a0id\u00e9ale\u00a0\u00bb en cosm\u00e9tique comme en massage. En savonnerie, si elle renforce la long\u00e9vit\u00e9 du savon elle est \u00ab\u00a0molle\u00a0\u00bb et sans aucune mousse\u00a0: on ne l\u2019utilisera que jusqu\u2019\u00e0 10%.\" \/>\n<meta name=\"robots\" content=\"index, follow, max-snippet:-1, max-image-preview:large, max-video-preview:-1\" \/>\n<link rel=\"canonical\" href=\"https:\/\/www.laboratoire-helpac.com\/en\/p\/jojoba-organic\/\" \/>\n<meta property=\"og:locale\" content=\"en_US\" \/>\n<meta property=\"og:type\" content=\"article\" \/>\n<meta property=\"og:title\" content=\"Vegetable oil Jojoba Bio (South America) | HELPAC\" \/>\n<meta property=\"og:description\" content=\"Cire liquide plus qu\u2019huile, le Jojoba poss\u00e8de une grande affinit\u00e9 avec absolument tous les types de peaux et de cheveux qu\u2019elle nourrit, r\u00e9gule, embellit, prot\u00e8ge de la d\u00e9shydratation et assouplit. De toucher sec, agr\u00e9able, stable, c\u2019est l\u2019huile \u00ab\u00a0id\u00e9ale\u00a0\u00bb en cosm\u00e9tique comme en massage. En savonnerie, si elle renforce la long\u00e9vit\u00e9 du savon elle est \u00ab\u00a0molle\u00a0\u00bb et sans aucune mousse\u00a0: on ne l\u2019utilisera que jusqu\u2019\u00e0 10%.\" \/>\n<meta property=\"og:url\" content=\"https:\/\/www.laboratoire-helpac.com\/en\/p\/jojoba-organic\/\" \/>\n<meta property=\"og:site_name\" content=\"HELPAC\" \/>\n<meta property=\"article:modified_time\" content=\"2023-11-29T18:40:19+00:00\" \/>\n<meta property=\"og:image\" content=\"https:\/\/www.laboratoire-helpac.com\/wp-content\/uploads\/2023\/09\/HV_JOJOBA-EN.png\" \/>\n\t<meta property=\"og:image:width\" content=\"1280\" \/>\n\t<meta property=\"og:image:height\" content=\"1280\" \/>\n\t<meta property=\"og:image:type\" content=\"image\/png\" \/>\n<meta name=\"twitter:card\" content=\"summary_large_image\" \/>\n<script type=\"application\/ld+json\" class=\"yoast-schema-graph\">{\"@context\":\"https:\/\/schema.org\",\"@graph\":[{\"@type\":\"WebPage\",\"@id\":\"https:\/\/www.laboratoire-helpac.com\/en\/p\/jojoba-organic\/\",\"url\":\"https:\/\/www.laboratoire-helpac.com\/en\/p\/jojoba-organic\/\",\"name\":\"Vegetable oil Jojoba Bio (South America) | HELPAC\",\"isPartOf\":{\"@id\":\"https:\/\/www.laboratoire-helpac.com\/en\/#website\"},\"primaryImageOfPage\":{\"@id\":\"https:\/\/www.laboratoire-helpac.com\/en\/p\/jojoba-organic\/#primaryimage\"},\"image\":{\"@id\":\"https:\/\/www.laboratoire-helpac.com\/en\/p\/jojoba-organic\/#primaryimage\"},\"thumbnailUrl\":\"https:\/\/www.laboratoire-helpac.com\/wp-content\/uploads\/2023\/09\/HV_JOJOBA-EN.png\",\"datePublished\":\"2023-07-30T14:59:37+00:00\",\"dateModified\":\"2023-11-29T18:40:19+00:00\",\"description\":\"Cire liquide plus qu\u2019huile, le Jojoba poss\u00e8de une grande affinit\u00e9 avec absolument tous les types de peaux et de cheveux qu\u2019elle nourrit, r\u00e9gule, embellit, prot\u00e8ge de la d\u00e9shydratation et assouplit. De toucher sec, agr\u00e9able, stable, c\u2019est l\u2019huile \u00ab\u00a0id\u00e9ale\u00a0\u00bb en cosm\u00e9tique comme en massage. En savonnerie, si elle renforce la long\u00e9vit\u00e9 du savon elle est \u00ab\u00a0molle\u00a0\u00bb et sans aucune mousse\u00a0: on ne l\u2019utilisera que jusqu\u2019\u00e0 10%.\",\"breadcrumb\":{\"@id\":\"https:\/\/www.laboratoire-helpac.com\/en\/p\/jojoba-organic\/#breadcrumb\"},\"inLanguage\":\"en-US\",\"potentialAction\":[{\"@type\":\"ReadAction\",\"target\":[\"https:\/\/www.laboratoire-helpac.com\/en\/p\/jojoba-organic\/\"]}]},{\"@type\":\"ImageObject\",\"inLanguage\":\"en-US\",\"@id\":\"https:\/\/www.laboratoire-helpac.com\/en\/p\/jojoba-organic\/#primaryimage\",\"url\":\"https:\/\/www.laboratoire-helpac.com\/wp-content\/uploads\/2023\/09\/HV_JOJOBA-EN.png\",\"contentUrl\":\"https:\/\/www.laboratoire-helpac.com\/wp-content\/uploads\/2023\/09\/HV_JOJOBA-EN.png\",\"width\":1280,\"height\":1280,\"caption\":\"Vegetable oil Jojoba Bio (South America) wholesaler\"},{\"@type\":\"BreadcrumbList\",\"@id\":\"https:\/\/www.laboratoire-helpac.com\/en\/p\/jojoba-organic\/#breadcrumb\",\"itemListElement\":[{\"@type\":\"ListItem\",\"position\":1,\"name\":\"Accueil\",\"item\":\"https:\/\/www.laboratoire-helpac.com\/en\/\"},{\"@type\":\"ListItem\",\"position\":2,\"name\":\"Our ingredients\",\"item\":\"https:\/\/www.laboratoire-helpac.com\/en\/products\/\"},{\"@type\":\"ListItem\",\"position\":3,\"name\":\"JOJOBA ORGANIC\"}]},{\"@type\":\"WebSite\",\"@id\":\"https:\/\/www.laboratoire-helpac.com\/en\/#website\",\"url\":\"https:\/\/www.laboratoire-helpac.com\/en\/\",\"name\":\"HELPAC\",\"description\":\"\",\"publisher\":{\"@id\":\"https:\/\/www.laboratoire-helpac.com\/en\/#organization\"},\"potentialAction\":[{\"@type\":\"SearchAction\",\"target\":{\"@type\":\"EntryPoint\",\"urlTemplate\":\"https:\/\/www.laboratoire-helpac.com\/en\/?s={search_term_string}\"},\"query-input\":{\"@type\":\"PropertyValueSpecification\",\"valueRequired\":true,\"valueName\":\"search_term_string\"}}],\"inLanguage\":\"en-US\"},{\"@type\":\"Organization\",\"@id\":\"https:\/\/www.laboratoire-helpac.com\/en\/#organization\",\"name\":\"Helpac\",\"url\":\"https:\/\/www.laboratoire-helpac.com\/en\/\",\"logo\":{\"@type\":\"ImageObject\",\"inLanguage\":\"en-US\",\"@id\":\"https:\/\/www.laboratoire-helpac.com\/en\/#\/schema\/logo\/image\/\",\"url\":\"https:\/\/dev.fizzbuzz.fr\/helpac\/wp-content\/uploads\/2023\/05\/Logo-Helpac.jpg\",\"contentUrl\":\"https:\/\/dev.fizzbuzz.fr\/helpac\/wp-content\/uploads\/2023\/05\/Logo-Helpac.jpg\",\"width\":200,\"height\":200,\"caption\":\"Helpac\"},\"image\":{\"@id\":\"https:\/\/www.laboratoire-helpac.com\/en\/#\/schema\/logo\/image\/\"},\"sameAs\":[\"https:\/\/www.linkedin.com\/company\/helpac\/\"]}]}<\/script>\n<!-- \/ Yoast SEO plugin. -->","yoast_head_json":{"title":"Vegetable oil Jojoba Bio (South America) | HELPAC","description":"Cire liquide plus qu\u2019huile, le Jojoba poss\u00e8de une grande affinit\u00e9 avec absolument tous les types de peaux et de cheveux qu\u2019elle nourrit, r\u00e9gule, embellit, prot\u00e8ge de la d\u00e9shydratation et assouplit. De toucher sec, agr\u00e9able, stable, c\u2019est l\u2019huile \u00ab\u00a0id\u00e9ale\u00a0\u00bb en cosm\u00e9tique comme en massage. En savonnerie, si elle renforce la long\u00e9vit\u00e9 du savon elle est \u00ab\u00a0molle\u00a0\u00bb et sans aucune mousse\u00a0: on ne l\u2019utilisera que jusqu\u2019\u00e0 10%.","robots":{"index":"index","follow":"follow","max-snippet":"max-snippet:-1","max-image-preview":"max-image-preview:large","max-video-preview":"max-video-preview:-1"},"canonical":"https:\/\/www.laboratoire-helpac.com\/en\/p\/jojoba-organic\/","og_locale":"en_US","og_type":"article","og_title":"Vegetable oil Jojoba Bio (South America) | HELPAC","og_description":"Cire liquide plus qu\u2019huile, le Jojoba poss\u00e8de une grande affinit\u00e9 avec absolument tous les types de peaux et de cheveux qu\u2019elle nourrit, r\u00e9gule, embellit, prot\u00e8ge de la d\u00e9shydratation et assouplit. De toucher sec, agr\u00e9able, stable, c\u2019est l\u2019huile \u00ab\u00a0id\u00e9ale\u00a0\u00bb en cosm\u00e9tique comme en massage. En savonnerie, si elle renforce la long\u00e9vit\u00e9 du savon elle est \u00ab\u00a0molle\u00a0\u00bb et sans aucune mousse\u00a0: on ne l\u2019utilisera que jusqu\u2019\u00e0 10%.","og_url":"https:\/\/www.laboratoire-helpac.com\/en\/p\/jojoba-organic\/","og_site_name":"HELPAC","article_modified_time":"2023-11-29T18:40:19+00:00","og_image":[{"width":1280,"height":1280,"url":"https:\/\/www.laboratoire-helpac.com\/wp-content\/uploads\/2023\/09\/HV_JOJOBA-EN.png","type":"image\/png"}],"twitter_card":"summary_large_image","schema":{"@context":"https:\/\/schema.org","@graph":[{"@type":"WebPage","@id":"https:\/\/www.laboratoire-helpac.com\/en\/p\/jojoba-organic\/","url":"https:\/\/www.laboratoire-helpac.com\/en\/p\/jojoba-organic\/","name":"Vegetable oil Jojoba Bio (South America) | HELPAC","isPartOf":{"@id":"https:\/\/www.laboratoire-helpac.com\/en\/#website"},"primaryImageOfPage":{"@id":"https:\/\/www.laboratoire-helpac.com\/en\/p\/jojoba-organic\/#primaryimage"},"image":{"@id":"https:\/\/www.laboratoire-helpac.com\/en\/p\/jojoba-organic\/#primaryimage"},"thumbnailUrl":"https:\/\/www.laboratoire-helpac.com\/wp-content\/uploads\/2023\/09\/HV_JOJOBA-EN.png","datePublished":"2023-07-30T14:59:37+00:00","dateModified":"2023-11-29T18:40:19+00:00","description":"Cire liquide plus qu\u2019huile, le Jojoba poss\u00e8de une grande affinit\u00e9 avec absolument tous les types de peaux et de cheveux qu\u2019elle nourrit, r\u00e9gule, embellit, prot\u00e8ge de la d\u00e9shydratation et assouplit. De toucher sec, agr\u00e9able, stable, c\u2019est l\u2019huile \u00ab\u00a0id\u00e9ale\u00a0\u00bb en cosm\u00e9tique comme en massage. En savonnerie, si elle renforce la long\u00e9vit\u00e9 du savon elle est \u00ab\u00a0molle\u00a0\u00bb et sans aucune mousse\u00a0: on ne l\u2019utilisera que jusqu\u2019\u00e0 10%.","breadcrumb":{"@id":"https:\/\/www.laboratoire-helpac.com\/en\/p\/jojoba-organic\/#breadcrumb"},"inLanguage":"en-US","potentialAction":[{"@type":"ReadAction","target":["https:\/\/www.laboratoire-helpac.com\/en\/p\/jojoba-organic\/"]}]},{"@type":"ImageObject","inLanguage":"en-US","@id":"https:\/\/www.laboratoire-helpac.com\/en\/p\/jojoba-organic\/#primaryimage","url":"https:\/\/www.laboratoire-helpac.com\/wp-content\/uploads\/2023\/09\/HV_JOJOBA-EN.png","contentUrl":"https:\/\/www.laboratoire-helpac.com\/wp-content\/uploads\/2023\/09\/HV_JOJOBA-EN.png","width":1280,"height":1280,"caption":"Vegetable oil Jojoba Bio (South America) wholesaler"},{"@type":"BreadcrumbList","@id":"https:\/\/www.laboratoire-helpac.com\/en\/p\/jojoba-organic\/#breadcrumb","itemListElement":[{"@type":"ListItem","position":1,"name":"Accueil","item":"https:\/\/www.laboratoire-helpac.com\/en\/"},{"@type":"ListItem","position":2,"name":"Our ingredients","item":"https:\/\/www.laboratoire-helpac.com\/en\/products\/"},{"@type":"ListItem","position":3,"name":"JOJOBA ORGANIC"}]},{"@type":"WebSite","@id":"https:\/\/www.laboratoire-helpac.com\/en\/#website","url":"https:\/\/www.laboratoire-helpac.com\/en\/","name":"HELPAC","description":"","publisher":{"@id":"https:\/\/www.laboratoire-helpac.com\/en\/#organization"},"potentialAction":[{"@type":"SearchAction","target":{"@type":"EntryPoint","urlTemplate":"https:\/\/www.laboratoire-helpac.com\/en\/?s={search_term_string}"},"query-input":{"@type":"PropertyValueSpecification","valueRequired":true,"valueName":"search_term_string"}}],"inLanguage":"en-US"},{"@type":"Organization","@id":"https:\/\/www.laboratoire-helpac.com\/en\/#organization","name":"Helpac","url":"https:\/\/www.laboratoire-helpac.com\/en\/","logo":{"@type":"ImageObject","inLanguage":"en-US","@id":"https:\/\/www.laboratoire-helpac.com\/en\/#\/schema\/logo\/image\/","url":"https:\/\/dev.fizzbuzz.fr\/helpac\/wp-content\/uploads\/2023\/05\/Logo-Helpac.jpg","contentUrl":"https:\/\/dev.fizzbuzz.fr\/helpac\/wp-content\/uploads\/2023\/05\/Logo-Helpac.jpg","width":200,"height":200,"caption":"Helpac"},"image":{"@id":"https:\/\/www.laboratoire-helpac.com\/en\/#\/schema\/logo\/image\/"},"sameAs":["https:\/\/www.linkedin.com\/company\/helpac\/"]}]}},"_links":{"self":[{"href":"https:\/\/www.laboratoire-helpac.com\/en\/wp-json\/wp\/v2\/product\/5438","targetHints":{"allow":["GET"]}}],"collection":[{"href":"https:\/\/www.laboratoire-helpac.com\/en\/wp-json\/wp\/v2\/product"}],"about":[{"href":"https:\/\/www.laboratoire-helpac.com\/en\/wp-json\/wp\/v2\/types\/product"}],"wp:featuredmedia":[{"embeddable":true,"href":"https:\/\/www.laboratoire-helpac.com\/en\/wp-json\/wp\/v2\/media\/7120"}],"wp:attachment":[{"href":"https:\/\/www.laboratoire-helpac.com\/en\/wp-json\/wp\/v2\/media?parent=5438"}],"wp:term":[{"taxonomy":"product_cat","embeddable":true,"href":"https:\/\/www.laboratoire-helpac.com\/en\/wp-json\/wp\/v2\/product_cat?post=5438"},{"taxonomy":"product_tag","embeddable":true,"href":"https:\/\/www.laboratoire-helpac.com\/en\/wp-json\/wp\/v2\/product_tag?post=5438"}],"curies":[{"name":"wp","href":"https:\/\/api.w.org\/{rel}","templated":true}]}}