{"id":5435,"date":"2023-07-30T16:59:37","date_gmt":"2023-07-30T14:59:37","guid":{"rendered":"http:\/\/localhost\/wordpress\/produit\/organic-barbarism-fig\/"},"modified":"2023-11-29T19:40:16","modified_gmt":"2023-11-29T18:40:16","slug":"prickly-pear-organic","status":"publish","type":"product","link":"https:\/\/www.laboratoire-helpac.com\/en\/p\/prickly-pear-organic\/","title":{"rendered":"PRICKLY PEAR ORGANIC"},"content":{"rendered":"<p>Extremely rich in omega-6 and 9, beta-sitosterol, campesterol, stigmasterol, tocopherols and tocotrienols, Prickly Pear oil is highly regarded as a firming anti-ageing active ingredient (face and eyes). It can also be used in beautifying hair formulas and as a luxurious superfatting additive in soap factories, up to 10%.<\/p>\n","protected":false},"excerpt":{"rendered":"<p>Extremely rich in omega-6 and 9, beta-sitosterol, campesterol, stigmasterol, tocopherols and tocotrienols, Prickly Pear oil is highly regarded as a firming anti-ageing active ingredient (face and eyes). It can also be used in beautifying hair formulas and as a luxurious superfatting additive in soap factories, up to 10%.<\/p>\n","protected":false},"featured_media":7117,"template":"","meta":[],"product_cat":[412,481,482],"product_tag":[],"class_list":{"0":"post-5435","1":"product","2":"type-product","3":"status-publish","4":"has-post-thumbnail","6":"product_cat-vegetable-oils","7":"product_cat-vegetale-oil-supplier-in-bulk-vegetable-oil","8":"product_cat-morocco-vegetable-oils-vegetale-oil-supplier-in-bulk-vegetable-oil","9":"pa_certifications-organic","10":"pa_origines-europe-en","11":"pa_origines-africa","12":"pa_usages-cosmetic","14":"first","15":"instock","16":"purchasable","17":"product-type-simple"},"acf":[],"yoast_head":"<!-- This site is optimized with the Yoast SEO plugin v23.9 - https:\/\/yoast.com\/wordpress\/plugins\/seo\/ -->\n<title>Vegetable oil Organic barbarism fig (Morocco \/ Italy) | HELPAC<\/title>\n<meta name=\"description\" content=\"Tr\u00e8s riche en om\u00e9ga-6 et 9, b\u00e9ta-sitost\u00e9rol, campest\u00e9rol, stigmast\u00e9rol, tocoph\u00e9rols et tocotri\u00e9nols, l\u2019huile de Figue de Barbarie est tr\u00e8s r\u00e9put\u00e9e comme actif anti-\u00e2ge raffermissant (visage et yeux). Elle peut \u00e9galement entrer dans des formules capillaires embellissantes et en savonnerie, comme additif de surgraissage luxueux, jusqu\u2019\u00e0 10%.\" \/>\n<meta name=\"robots\" content=\"index, follow, max-snippet:-1, max-image-preview:large, max-video-preview:-1\" \/>\n<link rel=\"canonical\" href=\"https:\/\/www.laboratoire-helpac.com\/en\/p\/prickly-pear-organic\/\" \/>\n<meta property=\"og:locale\" content=\"en_US\" \/>\n<meta property=\"og:type\" content=\"article\" \/>\n<meta property=\"og:title\" content=\"Vegetable oil Organic barbarism fig (Morocco \/ Italy) | HELPAC\" \/>\n<meta property=\"og:description\" content=\"Tr\u00e8s riche en om\u00e9ga-6 et 9, b\u00e9ta-sitost\u00e9rol, campest\u00e9rol, stigmast\u00e9rol, tocoph\u00e9rols et tocotri\u00e9nols, l\u2019huile de Figue de Barbarie est tr\u00e8s r\u00e9put\u00e9e comme actif anti-\u00e2ge raffermissant (visage et yeux). Elle peut \u00e9galement entrer dans des formules capillaires embellissantes et en savonnerie, comme additif de surgraissage luxueux, jusqu\u2019\u00e0 10%.\" \/>\n<meta property=\"og:url\" content=\"https:\/\/www.laboratoire-helpac.com\/en\/p\/prickly-pear-organic\/\" \/>\n<meta property=\"og:site_name\" content=\"HELPAC\" \/>\n<meta property=\"article:modified_time\" content=\"2023-11-29T18:40:16+00:00\" \/>\n<meta property=\"og:image\" content=\"https:\/\/www.laboratoire-helpac.com\/wp-content\/uploads\/2023\/09\/HV_PRICKLYPEAR-EN.png\" \/>\n\t<meta property=\"og:image:width\" content=\"1280\" \/>\n\t<meta property=\"og:image:height\" content=\"1280\" \/>\n\t<meta property=\"og:image:type\" content=\"image\/png\" \/>\n<meta name=\"twitter:card\" content=\"summary_large_image\" \/>\n<script type=\"application\/ld+json\" class=\"yoast-schema-graph\">{\"@context\":\"https:\/\/schema.org\",\"@graph\":[{\"@type\":\"WebPage\",\"@id\":\"https:\/\/www.laboratoire-helpac.com\/en\/p\/prickly-pear-organic\/\",\"url\":\"https:\/\/www.laboratoire-helpac.com\/en\/p\/prickly-pear-organic\/\",\"name\":\"Vegetable oil Organic barbarism fig (Morocco \/ Italy) | HELPAC\",\"isPartOf\":{\"@id\":\"https:\/\/www.laboratoire-helpac.com\/en\/#website\"},\"primaryImageOfPage\":{\"@id\":\"https:\/\/www.laboratoire-helpac.com\/en\/p\/prickly-pear-organic\/#primaryimage\"},\"image\":{\"@id\":\"https:\/\/www.laboratoire-helpac.com\/en\/p\/prickly-pear-organic\/#primaryimage\"},\"thumbnailUrl\":\"https:\/\/www.laboratoire-helpac.com\/wp-content\/uploads\/2023\/09\/HV_PRICKLYPEAR-EN.png\",\"datePublished\":\"2023-07-30T14:59:37+00:00\",\"dateModified\":\"2023-11-29T18:40:16+00:00\",\"description\":\"Tr\u00e8s riche en om\u00e9ga-6 et 9, b\u00e9ta-sitost\u00e9rol, campest\u00e9rol, stigmast\u00e9rol, tocoph\u00e9rols et tocotri\u00e9nols, l\u2019huile de Figue de Barbarie est tr\u00e8s r\u00e9put\u00e9e comme actif anti-\u00e2ge raffermissant (visage et yeux). Elle peut \u00e9galement entrer dans des formules capillaires embellissantes et en savonnerie, comme additif de surgraissage luxueux, jusqu\u2019\u00e0 10%.\",\"breadcrumb\":{\"@id\":\"https:\/\/www.laboratoire-helpac.com\/en\/p\/prickly-pear-organic\/#breadcrumb\"},\"inLanguage\":\"en-US\",\"potentialAction\":[{\"@type\":\"ReadAction\",\"target\":[\"https:\/\/www.laboratoire-helpac.com\/en\/p\/prickly-pear-organic\/\"]}]},{\"@type\":\"ImageObject\",\"inLanguage\":\"en-US\",\"@id\":\"https:\/\/www.laboratoire-helpac.com\/en\/p\/prickly-pear-organic\/#primaryimage\",\"url\":\"https:\/\/www.laboratoire-helpac.com\/wp-content\/uploads\/2023\/09\/HV_PRICKLYPEAR-EN.png\",\"contentUrl\":\"https:\/\/www.laboratoire-helpac.com\/wp-content\/uploads\/2023\/09\/HV_PRICKLYPEAR-EN.png\",\"width\":1280,\"height\":1280,\"caption\":\"Vegetable oil Organic barbarism fig (Morocco \/ Italy) wholesaler\"},{\"@type\":\"BreadcrumbList\",\"@id\":\"https:\/\/www.laboratoire-helpac.com\/en\/p\/prickly-pear-organic\/#breadcrumb\",\"itemListElement\":[{\"@type\":\"ListItem\",\"position\":1,\"name\":\"Accueil\",\"item\":\"https:\/\/www.laboratoire-helpac.com\/en\/\"},{\"@type\":\"ListItem\",\"position\":2,\"name\":\"Our ingredients\",\"item\":\"https:\/\/www.laboratoire-helpac.com\/en\/products\/\"},{\"@type\":\"ListItem\",\"position\":3,\"name\":\"PRICKLY PEAR ORGANIC\"}]},{\"@type\":\"WebSite\",\"@id\":\"https:\/\/www.laboratoire-helpac.com\/en\/#website\",\"url\":\"https:\/\/www.laboratoire-helpac.com\/en\/\",\"name\":\"HELPAC\",\"description\":\"\",\"publisher\":{\"@id\":\"https:\/\/www.laboratoire-helpac.com\/en\/#organization\"},\"potentialAction\":[{\"@type\":\"SearchAction\",\"target\":{\"@type\":\"EntryPoint\",\"urlTemplate\":\"https:\/\/www.laboratoire-helpac.com\/en\/?s={search_term_string}\"},\"query-input\":{\"@type\":\"PropertyValueSpecification\",\"valueRequired\":true,\"valueName\":\"search_term_string\"}}],\"inLanguage\":\"en-US\"},{\"@type\":\"Organization\",\"@id\":\"https:\/\/www.laboratoire-helpac.com\/en\/#organization\",\"name\":\"Helpac\",\"url\":\"https:\/\/www.laboratoire-helpac.com\/en\/\",\"logo\":{\"@type\":\"ImageObject\",\"inLanguage\":\"en-US\",\"@id\":\"https:\/\/www.laboratoire-helpac.com\/en\/#\/schema\/logo\/image\/\",\"url\":\"https:\/\/dev.fizzbuzz.fr\/helpac\/wp-content\/uploads\/2023\/05\/Logo-Helpac.jpg\",\"contentUrl\":\"https:\/\/dev.fizzbuzz.fr\/helpac\/wp-content\/uploads\/2023\/05\/Logo-Helpac.jpg\",\"width\":200,\"height\":200,\"caption\":\"Helpac\"},\"image\":{\"@id\":\"https:\/\/www.laboratoire-helpac.com\/en\/#\/schema\/logo\/image\/\"},\"sameAs\":[\"https:\/\/www.linkedin.com\/company\/helpac\/\"]}]}<\/script>\n<!-- \/ Yoast SEO plugin. -->","yoast_head_json":{"title":"Vegetable oil Organic barbarism fig (Morocco \/ Italy) | HELPAC","description":"Tr\u00e8s riche en om\u00e9ga-6 et 9, b\u00e9ta-sitost\u00e9rol, campest\u00e9rol, stigmast\u00e9rol, tocoph\u00e9rols et tocotri\u00e9nols, l\u2019huile de Figue de Barbarie est tr\u00e8s r\u00e9put\u00e9e comme actif anti-\u00e2ge raffermissant (visage et yeux). Elle peut \u00e9galement entrer dans des formules capillaires embellissantes et en savonnerie, comme additif de surgraissage luxueux, jusqu\u2019\u00e0 10%.","robots":{"index":"index","follow":"follow","max-snippet":"max-snippet:-1","max-image-preview":"max-image-preview:large","max-video-preview":"max-video-preview:-1"},"canonical":"https:\/\/www.laboratoire-helpac.com\/en\/p\/prickly-pear-organic\/","og_locale":"en_US","og_type":"article","og_title":"Vegetable oil Organic barbarism fig (Morocco \/ Italy) | HELPAC","og_description":"Tr\u00e8s riche en om\u00e9ga-6 et 9, b\u00e9ta-sitost\u00e9rol, campest\u00e9rol, stigmast\u00e9rol, tocoph\u00e9rols et tocotri\u00e9nols, l\u2019huile de Figue de Barbarie est tr\u00e8s r\u00e9put\u00e9e comme actif anti-\u00e2ge raffermissant (visage et yeux). Elle peut \u00e9galement entrer dans des formules capillaires embellissantes et en savonnerie, comme additif de surgraissage luxueux, jusqu\u2019\u00e0 10%.","og_url":"https:\/\/www.laboratoire-helpac.com\/en\/p\/prickly-pear-organic\/","og_site_name":"HELPAC","article_modified_time":"2023-11-29T18:40:16+00:00","og_image":[{"width":1280,"height":1280,"url":"https:\/\/www.laboratoire-helpac.com\/wp-content\/uploads\/2023\/09\/HV_PRICKLYPEAR-EN.png","type":"image\/png"}],"twitter_card":"summary_large_image","schema":{"@context":"https:\/\/schema.org","@graph":[{"@type":"WebPage","@id":"https:\/\/www.laboratoire-helpac.com\/en\/p\/prickly-pear-organic\/","url":"https:\/\/www.laboratoire-helpac.com\/en\/p\/prickly-pear-organic\/","name":"Vegetable oil Organic barbarism fig (Morocco \/ Italy) | HELPAC","isPartOf":{"@id":"https:\/\/www.laboratoire-helpac.com\/en\/#website"},"primaryImageOfPage":{"@id":"https:\/\/www.laboratoire-helpac.com\/en\/p\/prickly-pear-organic\/#primaryimage"},"image":{"@id":"https:\/\/www.laboratoire-helpac.com\/en\/p\/prickly-pear-organic\/#primaryimage"},"thumbnailUrl":"https:\/\/www.laboratoire-helpac.com\/wp-content\/uploads\/2023\/09\/HV_PRICKLYPEAR-EN.png","datePublished":"2023-07-30T14:59:37+00:00","dateModified":"2023-11-29T18:40:16+00:00","description":"Tr\u00e8s riche en om\u00e9ga-6 et 9, b\u00e9ta-sitost\u00e9rol, campest\u00e9rol, stigmast\u00e9rol, tocoph\u00e9rols et tocotri\u00e9nols, l\u2019huile de Figue de Barbarie est tr\u00e8s r\u00e9put\u00e9e comme actif anti-\u00e2ge raffermissant (visage et yeux). Elle peut \u00e9galement entrer dans des formules capillaires embellissantes et en savonnerie, comme additif de surgraissage luxueux, jusqu\u2019\u00e0 10%.","breadcrumb":{"@id":"https:\/\/www.laboratoire-helpac.com\/en\/p\/prickly-pear-organic\/#breadcrumb"},"inLanguage":"en-US","potentialAction":[{"@type":"ReadAction","target":["https:\/\/www.laboratoire-helpac.com\/en\/p\/prickly-pear-organic\/"]}]},{"@type":"ImageObject","inLanguage":"en-US","@id":"https:\/\/www.laboratoire-helpac.com\/en\/p\/prickly-pear-organic\/#primaryimage","url":"https:\/\/www.laboratoire-helpac.com\/wp-content\/uploads\/2023\/09\/HV_PRICKLYPEAR-EN.png","contentUrl":"https:\/\/www.laboratoire-helpac.com\/wp-content\/uploads\/2023\/09\/HV_PRICKLYPEAR-EN.png","width":1280,"height":1280,"caption":"Vegetable oil Organic barbarism fig (Morocco \/ Italy) wholesaler"},{"@type":"BreadcrumbList","@id":"https:\/\/www.laboratoire-helpac.com\/en\/p\/prickly-pear-organic\/#breadcrumb","itemListElement":[{"@type":"ListItem","position":1,"name":"Accueil","item":"https:\/\/www.laboratoire-helpac.com\/en\/"},{"@type":"ListItem","position":2,"name":"Our ingredients","item":"https:\/\/www.laboratoire-helpac.com\/en\/products\/"},{"@type":"ListItem","position":3,"name":"PRICKLY PEAR ORGANIC"}]},{"@type":"WebSite","@id":"https:\/\/www.laboratoire-helpac.com\/en\/#website","url":"https:\/\/www.laboratoire-helpac.com\/en\/","name":"HELPAC","description":"","publisher":{"@id":"https:\/\/www.laboratoire-helpac.com\/en\/#organization"},"potentialAction":[{"@type":"SearchAction","target":{"@type":"EntryPoint","urlTemplate":"https:\/\/www.laboratoire-helpac.com\/en\/?s={search_term_string}"},"query-input":{"@type":"PropertyValueSpecification","valueRequired":true,"valueName":"search_term_string"}}],"inLanguage":"en-US"},{"@type":"Organization","@id":"https:\/\/www.laboratoire-helpac.com\/en\/#organization","name":"Helpac","url":"https:\/\/www.laboratoire-helpac.com\/en\/","logo":{"@type":"ImageObject","inLanguage":"en-US","@id":"https:\/\/www.laboratoire-helpac.com\/en\/#\/schema\/logo\/image\/","url":"https:\/\/dev.fizzbuzz.fr\/helpac\/wp-content\/uploads\/2023\/05\/Logo-Helpac.jpg","contentUrl":"https:\/\/dev.fizzbuzz.fr\/helpac\/wp-content\/uploads\/2023\/05\/Logo-Helpac.jpg","width":200,"height":200,"caption":"Helpac"},"image":{"@id":"https:\/\/www.laboratoire-helpac.com\/en\/#\/schema\/logo\/image\/"},"sameAs":["https:\/\/www.linkedin.com\/company\/helpac\/"]}]}},"_links":{"self":[{"href":"https:\/\/www.laboratoire-helpac.com\/en\/wp-json\/wp\/v2\/product\/5435","targetHints":{"allow":["GET"]}}],"collection":[{"href":"https:\/\/www.laboratoire-helpac.com\/en\/wp-json\/wp\/v2\/product"}],"about":[{"href":"https:\/\/www.laboratoire-helpac.com\/en\/wp-json\/wp\/v2\/types\/product"}],"wp:featuredmedia":[{"embeddable":true,"href":"https:\/\/www.laboratoire-helpac.com\/en\/wp-json\/wp\/v2\/media\/7117"}],"wp:attachment":[{"href":"https:\/\/www.laboratoire-helpac.com\/en\/wp-json\/wp\/v2\/media?parent=5435"}],"wp:term":[{"taxonomy":"product_cat","embeddable":true,"href":"https:\/\/www.laboratoire-helpac.com\/en\/wp-json\/wp\/v2\/product_cat?post=5435"},{"taxonomy":"product_tag","embeddable":true,"href":"https:\/\/www.laboratoire-helpac.com\/en\/wp-json\/wp\/v2\/product_tag?post=5435"}],"curies":[{"name":"wp","href":"https:\/\/api.w.org\/{rel}","templated":true}]}}