{"id":5434,"date":"2023-07-30T16:59:20","date_gmt":"2023-07-30T14:59:20","guid":{"rendered":"http:\/\/localhost\/wordpress\/produit\/organic-wheat-co2-extract\/"},"modified":"2023-11-29T19:40:16","modified_gmt":"2023-11-29T18:40:16","slug":"co2-extract-wheat-germ-organic","status":"publish","type":"product","link":"https:\/\/www.laboratoire-helpac.com\/en\/p\/co2-extract-wheat-germ-organic\/","title":{"rendered":"CO2 EXTRACT WHEAT GERM ORGANIC"},"content":{"rendered":"<p>A process that respects the environment, CO2 extract is above all respectful of the plant. Wheatgerm oil is particularly concentrated in vitamins E, D, K, B1, B2, B6, C, K, carotenoids and squalenes, and its silky feel is very pleasant &#8211; it doesn&#8217;t take much to notice its qualities. Use it for very dry, marked or damaged skin (chapped, cracked, stretch marks, burns&#8230;) and soft or brittle nails. It is particularly effective for dry, very dry, brittle and frizzy hair.<\/p>\n","protected":false},"excerpt":{"rendered":"<p>A process that respects the environment, CO2 extract is above all respectful of the plant. Wheatgerm oil is particularly concentrated in vitamins E, D, K, B1, B2, B6, C, K, carotenoids and squalenes, and its silky feel is very pleasant &#8211; it doesn&#8217;t take much to notice its qualities. Use it for very dry, marked [&hellip;]<\/p>\n","protected":false},"featured_media":7116,"template":"","meta":[],"product_cat":[412,481],"product_tag":[],"class_list":{"0":"post-5434","1":"product","2":"type-product","3":"status-publish","4":"has-post-thumbnail","6":"product_cat-vegetable-oils","7":"product_cat-vegetale-oil-supplier-in-bulk-vegetable-oil","8":"pa_certifications-organic","9":"pa_origines-europe-en","10":"pa_usages-cosmetic","12":"first","13":"instock","14":"purchasable","15":"product-type-simple"},"acf":[],"yoast_head":"<!-- This site is optimized with the Yoast SEO plugin v23.9 - https:\/\/yoast.com\/wordpress\/plugins\/seo\/ -->\n<title>Vegetable oil Organic wheat CO2 extract (Europe) | HELPAC<\/title>\n<meta name=\"description\" content=\"Proc\u00e9d\u00e9 respectueux de l\u2019environnement, l\u2019extrait CO2 l\u2019est surtout de la plante. Ainsi, cette huile de Germe de bl\u00e9 est particuli\u00e8rement concentr\u00e9e en vitamines E, D, K, B1, B2, B6, C, K, carot\u00e9no\u00efdes et squal\u00e8nes, et son toucher soyeux est tr\u00e8s agr\u00e9able - il en faut tr\u00e8s peu pour constater ses qualit\u00e9s. On l\u2019utilisera pour les peaux tr\u00e8s s\u00e8ches, marqu\u00e9es ou abim\u00e9es (ger\u00e7ures, crevasses, vergetures, br\u00fblures\u2026) et les ongles mous ou cassants. Elle est particuli\u00e8rement efficace pour les soins capillaires secs, tr\u00e8s secs, cassants, cr\u00e9pus, etc.\" \/>\n<meta name=\"robots\" content=\"index, follow, max-snippet:-1, max-image-preview:large, max-video-preview:-1\" \/>\n<link rel=\"canonical\" href=\"https:\/\/www.laboratoire-helpac.com\/en\/p\/co2-extract-wheat-germ-organic\/\" \/>\n<meta property=\"og:locale\" content=\"en_US\" \/>\n<meta property=\"og:type\" content=\"article\" \/>\n<meta property=\"og:title\" content=\"Vegetable oil Organic wheat CO2 extract (Europe) | HELPAC\" \/>\n<meta property=\"og:description\" content=\"Proc\u00e9d\u00e9 respectueux de l\u2019environnement, l\u2019extrait CO2 l\u2019est surtout de la plante. Ainsi, cette huile de Germe de bl\u00e9 est particuli\u00e8rement concentr\u00e9e en vitamines E, D, K, B1, B2, B6, C, K, carot\u00e9no\u00efdes et squal\u00e8nes, et son toucher soyeux est tr\u00e8s agr\u00e9able - il en faut tr\u00e8s peu pour constater ses qualit\u00e9s. On l\u2019utilisera pour les peaux tr\u00e8s s\u00e8ches, marqu\u00e9es ou abim\u00e9es (ger\u00e7ures, crevasses, vergetures, br\u00fblures\u2026) et les ongles mous ou cassants. Elle est particuli\u00e8rement efficace pour les soins capillaires secs, tr\u00e8s secs, cassants, cr\u00e9pus, etc.\" \/>\n<meta property=\"og:url\" content=\"https:\/\/www.laboratoire-helpac.com\/en\/p\/co2-extract-wheat-germ-organic\/\" \/>\n<meta property=\"og:site_name\" content=\"HELPAC\" \/>\n<meta property=\"article:modified_time\" content=\"2023-11-29T18:40:16+00:00\" \/>\n<meta property=\"og:image\" content=\"https:\/\/www.laboratoire-helpac.com\/wp-content\/uploads\/2023\/09\/HV_CO2EXTRACTWHEATGERM-EN.png\" \/>\n\t<meta property=\"og:image:width\" content=\"1280\" \/>\n\t<meta property=\"og:image:height\" content=\"1280\" \/>\n\t<meta property=\"og:image:type\" content=\"image\/png\" \/>\n<meta name=\"twitter:card\" content=\"summary_large_image\" \/>\n<script type=\"application\/ld+json\" class=\"yoast-schema-graph\">{\"@context\":\"https:\/\/schema.org\",\"@graph\":[{\"@type\":\"WebPage\",\"@id\":\"https:\/\/www.laboratoire-helpac.com\/en\/p\/co2-extract-wheat-germ-organic\/\",\"url\":\"https:\/\/www.laboratoire-helpac.com\/en\/p\/co2-extract-wheat-germ-organic\/\",\"name\":\"Vegetable oil Organic wheat CO2 extract (Europe) | HELPAC\",\"isPartOf\":{\"@id\":\"https:\/\/www.laboratoire-helpac.com\/en\/#website\"},\"primaryImageOfPage\":{\"@id\":\"https:\/\/www.laboratoire-helpac.com\/en\/p\/co2-extract-wheat-germ-organic\/#primaryimage\"},\"image\":{\"@id\":\"https:\/\/www.laboratoire-helpac.com\/en\/p\/co2-extract-wheat-germ-organic\/#primaryimage\"},\"thumbnailUrl\":\"https:\/\/www.laboratoire-helpac.com\/wp-content\/uploads\/2023\/09\/HV_CO2EXTRACTWHEATGERM-EN.png\",\"datePublished\":\"2023-07-30T14:59:20+00:00\",\"dateModified\":\"2023-11-29T18:40:16+00:00\",\"description\":\"Proc\u00e9d\u00e9 respectueux de l\u2019environnement, l\u2019extrait CO2 l\u2019est surtout de la plante. Ainsi, cette huile de Germe de bl\u00e9 est particuli\u00e8rement concentr\u00e9e en vitamines E, D, K, B1, B2, B6, C, K, carot\u00e9no\u00efdes et squal\u00e8nes, et son toucher soyeux est tr\u00e8s agr\u00e9able - il en faut tr\u00e8s peu pour constater ses qualit\u00e9s. On l\u2019utilisera pour les peaux tr\u00e8s s\u00e8ches, marqu\u00e9es ou abim\u00e9es (ger\u00e7ures, crevasses, vergetures, br\u00fblures\u2026) et les ongles mous ou cassants. Elle est particuli\u00e8rement efficace pour les soins capillaires secs, tr\u00e8s secs, cassants, cr\u00e9pus, etc.\",\"breadcrumb\":{\"@id\":\"https:\/\/www.laboratoire-helpac.com\/en\/p\/co2-extract-wheat-germ-organic\/#breadcrumb\"},\"inLanguage\":\"en-US\",\"potentialAction\":[{\"@type\":\"ReadAction\",\"target\":[\"https:\/\/www.laboratoire-helpac.com\/en\/p\/co2-extract-wheat-germ-organic\/\"]}]},{\"@type\":\"ImageObject\",\"inLanguage\":\"en-US\",\"@id\":\"https:\/\/www.laboratoire-helpac.com\/en\/p\/co2-extract-wheat-germ-organic\/#primaryimage\",\"url\":\"https:\/\/www.laboratoire-helpac.com\/wp-content\/uploads\/2023\/09\/HV_CO2EXTRACTWHEATGERM-EN.png\",\"contentUrl\":\"https:\/\/www.laboratoire-helpac.com\/wp-content\/uploads\/2023\/09\/HV_CO2EXTRACTWHEATGERM-EN.png\",\"width\":1280,\"height\":1280,\"caption\":\"Vegetable oil Organic wheat CO2 extract (Europe) wholesaler\"},{\"@type\":\"BreadcrumbList\",\"@id\":\"https:\/\/www.laboratoire-helpac.com\/en\/p\/co2-extract-wheat-germ-organic\/#breadcrumb\",\"itemListElement\":[{\"@type\":\"ListItem\",\"position\":1,\"name\":\"Accueil\",\"item\":\"https:\/\/www.laboratoire-helpac.com\/en\/\"},{\"@type\":\"ListItem\",\"position\":2,\"name\":\"Our ingredients\",\"item\":\"https:\/\/www.laboratoire-helpac.com\/en\/products\/\"},{\"@type\":\"ListItem\",\"position\":3,\"name\":\"CO2 EXTRACT WHEAT GERM ORGANIC\"}]},{\"@type\":\"WebSite\",\"@id\":\"https:\/\/www.laboratoire-helpac.com\/en\/#website\",\"url\":\"https:\/\/www.laboratoire-helpac.com\/en\/\",\"name\":\"HELPAC\",\"description\":\"\",\"publisher\":{\"@id\":\"https:\/\/www.laboratoire-helpac.com\/en\/#organization\"},\"potentialAction\":[{\"@type\":\"SearchAction\",\"target\":{\"@type\":\"EntryPoint\",\"urlTemplate\":\"https:\/\/www.laboratoire-helpac.com\/en\/?s={search_term_string}\"},\"query-input\":{\"@type\":\"PropertyValueSpecification\",\"valueRequired\":true,\"valueName\":\"search_term_string\"}}],\"inLanguage\":\"en-US\"},{\"@type\":\"Organization\",\"@id\":\"https:\/\/www.laboratoire-helpac.com\/en\/#organization\",\"name\":\"Helpac\",\"url\":\"https:\/\/www.laboratoire-helpac.com\/en\/\",\"logo\":{\"@type\":\"ImageObject\",\"inLanguage\":\"en-US\",\"@id\":\"https:\/\/www.laboratoire-helpac.com\/en\/#\/schema\/logo\/image\/\",\"url\":\"https:\/\/dev.fizzbuzz.fr\/helpac\/wp-content\/uploads\/2023\/05\/Logo-Helpac.jpg\",\"contentUrl\":\"https:\/\/dev.fizzbuzz.fr\/helpac\/wp-content\/uploads\/2023\/05\/Logo-Helpac.jpg\",\"width\":200,\"height\":200,\"caption\":\"Helpac\"},\"image\":{\"@id\":\"https:\/\/www.laboratoire-helpac.com\/en\/#\/schema\/logo\/image\/\"},\"sameAs\":[\"https:\/\/www.linkedin.com\/company\/helpac\/\"]}]}<\/script>\n<!-- \/ Yoast SEO plugin. -->","yoast_head_json":{"title":"Vegetable oil Organic wheat CO2 extract (Europe) | HELPAC","description":"Proc\u00e9d\u00e9 respectueux de l\u2019environnement, l\u2019extrait CO2 l\u2019est surtout de la plante. Ainsi, cette huile de Germe de bl\u00e9 est particuli\u00e8rement concentr\u00e9e en vitamines E, D, K, B1, B2, B6, C, K, carot\u00e9no\u00efdes et squal\u00e8nes, et son toucher soyeux est tr\u00e8s agr\u00e9able - il en faut tr\u00e8s peu pour constater ses qualit\u00e9s. On l\u2019utilisera pour les peaux tr\u00e8s s\u00e8ches, marqu\u00e9es ou abim\u00e9es (ger\u00e7ures, crevasses, vergetures, br\u00fblures\u2026) et les ongles mous ou cassants. Elle est particuli\u00e8rement efficace pour les soins capillaires secs, tr\u00e8s secs, cassants, cr\u00e9pus, etc.","robots":{"index":"index","follow":"follow","max-snippet":"max-snippet:-1","max-image-preview":"max-image-preview:large","max-video-preview":"max-video-preview:-1"},"canonical":"https:\/\/www.laboratoire-helpac.com\/en\/p\/co2-extract-wheat-germ-organic\/","og_locale":"en_US","og_type":"article","og_title":"Vegetable oil Organic wheat CO2 extract (Europe) | HELPAC","og_description":"Proc\u00e9d\u00e9 respectueux de l\u2019environnement, l\u2019extrait CO2 l\u2019est surtout de la plante. Ainsi, cette huile de Germe de bl\u00e9 est particuli\u00e8rement concentr\u00e9e en vitamines E, D, K, B1, B2, B6, C, K, carot\u00e9no\u00efdes et squal\u00e8nes, et son toucher soyeux est tr\u00e8s agr\u00e9able - il en faut tr\u00e8s peu pour constater ses qualit\u00e9s. On l\u2019utilisera pour les peaux tr\u00e8s s\u00e8ches, marqu\u00e9es ou abim\u00e9es (ger\u00e7ures, crevasses, vergetures, br\u00fblures\u2026) et les ongles mous ou cassants. Elle est particuli\u00e8rement efficace pour les soins capillaires secs, tr\u00e8s secs, cassants, cr\u00e9pus, etc.","og_url":"https:\/\/www.laboratoire-helpac.com\/en\/p\/co2-extract-wheat-germ-organic\/","og_site_name":"HELPAC","article_modified_time":"2023-11-29T18:40:16+00:00","og_image":[{"width":1280,"height":1280,"url":"https:\/\/www.laboratoire-helpac.com\/wp-content\/uploads\/2023\/09\/HV_CO2EXTRACTWHEATGERM-EN.png","type":"image\/png"}],"twitter_card":"summary_large_image","schema":{"@context":"https:\/\/schema.org","@graph":[{"@type":"WebPage","@id":"https:\/\/www.laboratoire-helpac.com\/en\/p\/co2-extract-wheat-germ-organic\/","url":"https:\/\/www.laboratoire-helpac.com\/en\/p\/co2-extract-wheat-germ-organic\/","name":"Vegetable oil Organic wheat CO2 extract (Europe) | HELPAC","isPartOf":{"@id":"https:\/\/www.laboratoire-helpac.com\/en\/#website"},"primaryImageOfPage":{"@id":"https:\/\/www.laboratoire-helpac.com\/en\/p\/co2-extract-wheat-germ-organic\/#primaryimage"},"image":{"@id":"https:\/\/www.laboratoire-helpac.com\/en\/p\/co2-extract-wheat-germ-organic\/#primaryimage"},"thumbnailUrl":"https:\/\/www.laboratoire-helpac.com\/wp-content\/uploads\/2023\/09\/HV_CO2EXTRACTWHEATGERM-EN.png","datePublished":"2023-07-30T14:59:20+00:00","dateModified":"2023-11-29T18:40:16+00:00","description":"Proc\u00e9d\u00e9 respectueux de l\u2019environnement, l\u2019extrait CO2 l\u2019est surtout de la plante. Ainsi, cette huile de Germe de bl\u00e9 est particuli\u00e8rement concentr\u00e9e en vitamines E, D, K, B1, B2, B6, C, K, carot\u00e9no\u00efdes et squal\u00e8nes, et son toucher soyeux est tr\u00e8s agr\u00e9able - il en faut tr\u00e8s peu pour constater ses qualit\u00e9s. On l\u2019utilisera pour les peaux tr\u00e8s s\u00e8ches, marqu\u00e9es ou abim\u00e9es (ger\u00e7ures, crevasses, vergetures, br\u00fblures\u2026) et les ongles mous ou cassants. Elle est particuli\u00e8rement efficace pour les soins capillaires secs, tr\u00e8s secs, cassants, cr\u00e9pus, etc.","breadcrumb":{"@id":"https:\/\/www.laboratoire-helpac.com\/en\/p\/co2-extract-wheat-germ-organic\/#breadcrumb"},"inLanguage":"en-US","potentialAction":[{"@type":"ReadAction","target":["https:\/\/www.laboratoire-helpac.com\/en\/p\/co2-extract-wheat-germ-organic\/"]}]},{"@type":"ImageObject","inLanguage":"en-US","@id":"https:\/\/www.laboratoire-helpac.com\/en\/p\/co2-extract-wheat-germ-organic\/#primaryimage","url":"https:\/\/www.laboratoire-helpac.com\/wp-content\/uploads\/2023\/09\/HV_CO2EXTRACTWHEATGERM-EN.png","contentUrl":"https:\/\/www.laboratoire-helpac.com\/wp-content\/uploads\/2023\/09\/HV_CO2EXTRACTWHEATGERM-EN.png","width":1280,"height":1280,"caption":"Vegetable oil Organic wheat CO2 extract (Europe) wholesaler"},{"@type":"BreadcrumbList","@id":"https:\/\/www.laboratoire-helpac.com\/en\/p\/co2-extract-wheat-germ-organic\/#breadcrumb","itemListElement":[{"@type":"ListItem","position":1,"name":"Accueil","item":"https:\/\/www.laboratoire-helpac.com\/en\/"},{"@type":"ListItem","position":2,"name":"Our ingredients","item":"https:\/\/www.laboratoire-helpac.com\/en\/products\/"},{"@type":"ListItem","position":3,"name":"CO2 EXTRACT WHEAT GERM ORGANIC"}]},{"@type":"WebSite","@id":"https:\/\/www.laboratoire-helpac.com\/en\/#website","url":"https:\/\/www.laboratoire-helpac.com\/en\/","name":"HELPAC","description":"","publisher":{"@id":"https:\/\/www.laboratoire-helpac.com\/en\/#organization"},"potentialAction":[{"@type":"SearchAction","target":{"@type":"EntryPoint","urlTemplate":"https:\/\/www.laboratoire-helpac.com\/en\/?s={search_term_string}"},"query-input":{"@type":"PropertyValueSpecification","valueRequired":true,"valueName":"search_term_string"}}],"inLanguage":"en-US"},{"@type":"Organization","@id":"https:\/\/www.laboratoire-helpac.com\/en\/#organization","name":"Helpac","url":"https:\/\/www.laboratoire-helpac.com\/en\/","logo":{"@type":"ImageObject","inLanguage":"en-US","@id":"https:\/\/www.laboratoire-helpac.com\/en\/#\/schema\/logo\/image\/","url":"https:\/\/dev.fizzbuzz.fr\/helpac\/wp-content\/uploads\/2023\/05\/Logo-Helpac.jpg","contentUrl":"https:\/\/dev.fizzbuzz.fr\/helpac\/wp-content\/uploads\/2023\/05\/Logo-Helpac.jpg","width":200,"height":200,"caption":"Helpac"},"image":{"@id":"https:\/\/www.laboratoire-helpac.com\/en\/#\/schema\/logo\/image\/"},"sameAs":["https:\/\/www.linkedin.com\/company\/helpac\/"]}]}},"_links":{"self":[{"href":"https:\/\/www.laboratoire-helpac.com\/en\/wp-json\/wp\/v2\/product\/5434","targetHints":{"allow":["GET"]}}],"collection":[{"href":"https:\/\/www.laboratoire-helpac.com\/en\/wp-json\/wp\/v2\/product"}],"about":[{"href":"https:\/\/www.laboratoire-helpac.com\/en\/wp-json\/wp\/v2\/types\/product"}],"wp:featuredmedia":[{"embeddable":true,"href":"https:\/\/www.laboratoire-helpac.com\/en\/wp-json\/wp\/v2\/media\/7116"}],"wp:attachment":[{"href":"https:\/\/www.laboratoire-helpac.com\/en\/wp-json\/wp\/v2\/media?parent=5434"}],"wp:term":[{"taxonomy":"product_cat","embeddable":true,"href":"https:\/\/www.laboratoire-helpac.com\/en\/wp-json\/wp\/v2\/product_cat?post=5434"},{"taxonomy":"product_tag","embeddable":true,"href":"https:\/\/www.laboratoire-helpac.com\/en\/wp-json\/wp\/v2\/product_tag?post=5434"}],"curies":[{"name":"wp","href":"https:\/\/api.w.org\/{rel}","templated":true}]}}