{"id":5433,"date":"2023-07-30T16:59:20","date_gmt":"2023-07-30T14:59:20","guid":{"rendered":"http:\/\/localhost\/wordpress\/produit\/organic-hemp-3\/"},"modified":"2023-11-29T19:40:16","modified_gmt":"2023-11-29T18:40:16","slug":"hemp-organic-3","status":"publish","type":"product","link":"https:\/\/www.laboratoire-helpac.com\/en\/p\/hemp-organic-3\/","title":{"rendered":"HEMP ORGANIC"},"content":{"rendered":"<p>This French oil is rich in omega-3, 6 and 9, vitamin E, phytosterols and tocopherols. It regenerates, soothes, softens and moisturizes, and is suitable for almost all skin types. All types of care are possible, including hair care, to which it adds shine and volume. Providing hydration and a nice lather in soap making, it&#8217;s used up to 15% &#8211; it slightly colors the soap.<\/p>\n","protected":false},"excerpt":{"rendered":"<p>This French oil is rich in omega-3, 6 and 9, vitamin E, phytosterols and tocopherols. It regenerates, soothes, softens and moisturizes, and is suitable for almost all skin types. All types of care are possible, including hair care, to which it adds shine and volume. Providing hydration and a nice lather in soap making, it&#8217;s [&hellip;]<\/p>\n","protected":false},"featured_media":7115,"template":"","meta":[],"product_cat":[412,481,483],"product_tag":[],"class_list":{"0":"post-5433","1":"product","2":"type-product","3":"status-publish","4":"has-post-thumbnail","6":"product_cat-vegetable-oils","7":"product_cat-vegetale-oil-supplier-in-bulk-vegetable-oil","8":"product_cat-france-vegetable-oils-vegetale-oil-supplier-in-bulk-vegetable-oil","9":"pa_certifications-organic","10":"pa_origines-france-en","11":"pa_usages-cosmetic","13":"first","14":"instock","15":"purchasable","16":"product-type-simple"},"acf":[],"yoast_head":"<!-- This site is optimized with the Yoast SEO plugin v23.9 - https:\/\/yoast.com\/wordpress\/plugins\/seo\/ -->\n<title>Vegetable oil Organic hemp (France) | HELPAC<\/title>\n<meta name=\"description\" content=\"Cette huile fran\u00e7aise est riche en om\u00e9ga-3, 6 et 9, vitamine E, phytost\u00e9rols et tocoph\u00e9rols. Elle est r\u00e9g\u00e9n\u00e9rante, apaisante, assouplissante, hydratante et s\u2019adapte \u00e0 presque tous les types de peau. Tous les soins sont possibles, y compris pour les cheveux auxquels elle apporte brillance et volume. Apportant hydratation et une belle mousse en savonnerie, on l\u2019utilise jusqu\u2019\u00e0 15% - elle colore l\u00e9g\u00e8rement le savon.\" \/>\n<meta name=\"robots\" content=\"index, follow, max-snippet:-1, max-image-preview:large, max-video-preview:-1\" \/>\n<link rel=\"canonical\" href=\"https:\/\/www.laboratoire-helpac.com\/en\/p\/hemp-organic-3\/\" \/>\n<meta property=\"og:locale\" content=\"en_US\" \/>\n<meta property=\"og:type\" content=\"article\" \/>\n<meta property=\"og:title\" content=\"Vegetable oil Organic hemp (France) | HELPAC\" \/>\n<meta property=\"og:description\" content=\"Cette huile fran\u00e7aise est riche en om\u00e9ga-3, 6 et 9, vitamine E, phytost\u00e9rols et tocoph\u00e9rols. Elle est r\u00e9g\u00e9n\u00e9rante, apaisante, assouplissante, hydratante et s\u2019adapte \u00e0 presque tous les types de peau. Tous les soins sont possibles, y compris pour les cheveux auxquels elle apporte brillance et volume. Apportant hydratation et une belle mousse en savonnerie, on l\u2019utilise jusqu\u2019\u00e0 15% - elle colore l\u00e9g\u00e8rement le savon.\" \/>\n<meta property=\"og:url\" content=\"https:\/\/www.laboratoire-helpac.com\/en\/p\/hemp-organic-3\/\" \/>\n<meta property=\"og:site_name\" content=\"HELPAC\" \/>\n<meta property=\"article:modified_time\" content=\"2023-11-29T18:40:16+00:00\" \/>\n<meta property=\"og:image\" content=\"https:\/\/www.laboratoire-helpac.com\/wp-content\/uploads\/2023\/09\/HV_HEMP-EN.png\" \/>\n\t<meta property=\"og:image:width\" content=\"1280\" \/>\n\t<meta property=\"og:image:height\" content=\"1280\" \/>\n\t<meta property=\"og:image:type\" content=\"image\/png\" \/>\n<meta name=\"twitter:card\" content=\"summary_large_image\" \/>\n<script type=\"application\/ld+json\" class=\"yoast-schema-graph\">{\"@context\":\"https:\/\/schema.org\",\"@graph\":[{\"@type\":\"WebPage\",\"@id\":\"https:\/\/www.laboratoire-helpac.com\/en\/p\/hemp-organic-3\/\",\"url\":\"https:\/\/www.laboratoire-helpac.com\/en\/p\/hemp-organic-3\/\",\"name\":\"Vegetable oil Organic hemp (France) | HELPAC\",\"isPartOf\":{\"@id\":\"https:\/\/www.laboratoire-helpac.com\/en\/#website\"},\"primaryImageOfPage\":{\"@id\":\"https:\/\/www.laboratoire-helpac.com\/en\/p\/hemp-organic-3\/#primaryimage\"},\"image\":{\"@id\":\"https:\/\/www.laboratoire-helpac.com\/en\/p\/hemp-organic-3\/#primaryimage\"},\"thumbnailUrl\":\"https:\/\/www.laboratoire-helpac.com\/wp-content\/uploads\/2023\/09\/HV_HEMP-EN.png\",\"datePublished\":\"2023-07-30T14:59:20+00:00\",\"dateModified\":\"2023-11-29T18:40:16+00:00\",\"description\":\"Cette huile fran\u00e7aise est riche en om\u00e9ga-3, 6 et 9, vitamine E, phytost\u00e9rols et tocoph\u00e9rols. Elle est r\u00e9g\u00e9n\u00e9rante, apaisante, assouplissante, hydratante et s\u2019adapte \u00e0 presque tous les types de peau. Tous les soins sont possibles, y compris pour les cheveux auxquels elle apporte brillance et volume. Apportant hydratation et une belle mousse en savonnerie, on l\u2019utilise jusqu\u2019\u00e0 15% - elle colore l\u00e9g\u00e8rement le savon.\",\"breadcrumb\":{\"@id\":\"https:\/\/www.laboratoire-helpac.com\/en\/p\/hemp-organic-3\/#breadcrumb\"},\"inLanguage\":\"en-US\",\"potentialAction\":[{\"@type\":\"ReadAction\",\"target\":[\"https:\/\/www.laboratoire-helpac.com\/en\/p\/hemp-organic-3\/\"]}]},{\"@type\":\"ImageObject\",\"inLanguage\":\"en-US\",\"@id\":\"https:\/\/www.laboratoire-helpac.com\/en\/p\/hemp-organic-3\/#primaryimage\",\"url\":\"https:\/\/www.laboratoire-helpac.com\/wp-content\/uploads\/2023\/09\/HV_HEMP-EN.png\",\"contentUrl\":\"https:\/\/www.laboratoire-helpac.com\/wp-content\/uploads\/2023\/09\/HV_HEMP-EN.png\",\"width\":1280,\"height\":1280,\"caption\":\"Vegetable oil Organic hemp (France) wholesaler\"},{\"@type\":\"BreadcrumbList\",\"@id\":\"https:\/\/www.laboratoire-helpac.com\/en\/p\/hemp-organic-3\/#breadcrumb\",\"itemListElement\":[{\"@type\":\"ListItem\",\"position\":1,\"name\":\"Accueil\",\"item\":\"https:\/\/www.laboratoire-helpac.com\/en\/\"},{\"@type\":\"ListItem\",\"position\":2,\"name\":\"Our ingredients\",\"item\":\"https:\/\/www.laboratoire-helpac.com\/en\/products\/\"},{\"@type\":\"ListItem\",\"position\":3,\"name\":\"HEMP ORGANIC\"}]},{\"@type\":\"WebSite\",\"@id\":\"https:\/\/www.laboratoire-helpac.com\/en\/#website\",\"url\":\"https:\/\/www.laboratoire-helpac.com\/en\/\",\"name\":\"HELPAC\",\"description\":\"\",\"publisher\":{\"@id\":\"https:\/\/www.laboratoire-helpac.com\/en\/#organization\"},\"potentialAction\":[{\"@type\":\"SearchAction\",\"target\":{\"@type\":\"EntryPoint\",\"urlTemplate\":\"https:\/\/www.laboratoire-helpac.com\/en\/?s={search_term_string}\"},\"query-input\":{\"@type\":\"PropertyValueSpecification\",\"valueRequired\":true,\"valueName\":\"search_term_string\"}}],\"inLanguage\":\"en-US\"},{\"@type\":\"Organization\",\"@id\":\"https:\/\/www.laboratoire-helpac.com\/en\/#organization\",\"name\":\"Helpac\",\"url\":\"https:\/\/www.laboratoire-helpac.com\/en\/\",\"logo\":{\"@type\":\"ImageObject\",\"inLanguage\":\"en-US\",\"@id\":\"https:\/\/www.laboratoire-helpac.com\/en\/#\/schema\/logo\/image\/\",\"url\":\"https:\/\/dev.fizzbuzz.fr\/helpac\/wp-content\/uploads\/2023\/05\/Logo-Helpac.jpg\",\"contentUrl\":\"https:\/\/dev.fizzbuzz.fr\/helpac\/wp-content\/uploads\/2023\/05\/Logo-Helpac.jpg\",\"width\":200,\"height\":200,\"caption\":\"Helpac\"},\"image\":{\"@id\":\"https:\/\/www.laboratoire-helpac.com\/en\/#\/schema\/logo\/image\/\"},\"sameAs\":[\"https:\/\/www.linkedin.com\/company\/helpac\/\"]}]}<\/script>\n<!-- \/ Yoast SEO plugin. -->","yoast_head_json":{"title":"Vegetable oil Organic hemp (France) | HELPAC","description":"Cette huile fran\u00e7aise est riche en om\u00e9ga-3, 6 et 9, vitamine E, phytost\u00e9rols et tocoph\u00e9rols. Elle est r\u00e9g\u00e9n\u00e9rante, apaisante, assouplissante, hydratante et s\u2019adapte \u00e0 presque tous les types de peau. Tous les soins sont possibles, y compris pour les cheveux auxquels elle apporte brillance et volume. Apportant hydratation et une belle mousse en savonnerie, on l\u2019utilise jusqu\u2019\u00e0 15% - elle colore l\u00e9g\u00e8rement le savon.","robots":{"index":"index","follow":"follow","max-snippet":"max-snippet:-1","max-image-preview":"max-image-preview:large","max-video-preview":"max-video-preview:-1"},"canonical":"https:\/\/www.laboratoire-helpac.com\/en\/p\/hemp-organic-3\/","og_locale":"en_US","og_type":"article","og_title":"Vegetable oil Organic hemp (France) | HELPAC","og_description":"Cette huile fran\u00e7aise est riche en om\u00e9ga-3, 6 et 9, vitamine E, phytost\u00e9rols et tocoph\u00e9rols. Elle est r\u00e9g\u00e9n\u00e9rante, apaisante, assouplissante, hydratante et s\u2019adapte \u00e0 presque tous les types de peau. Tous les soins sont possibles, y compris pour les cheveux auxquels elle apporte brillance et volume. Apportant hydratation et une belle mousse en savonnerie, on l\u2019utilise jusqu\u2019\u00e0 15% - elle colore l\u00e9g\u00e8rement le savon.","og_url":"https:\/\/www.laboratoire-helpac.com\/en\/p\/hemp-organic-3\/","og_site_name":"HELPAC","article_modified_time":"2023-11-29T18:40:16+00:00","og_image":[{"width":1280,"height":1280,"url":"https:\/\/www.laboratoire-helpac.com\/wp-content\/uploads\/2023\/09\/HV_HEMP-EN.png","type":"image\/png"}],"twitter_card":"summary_large_image","schema":{"@context":"https:\/\/schema.org","@graph":[{"@type":"WebPage","@id":"https:\/\/www.laboratoire-helpac.com\/en\/p\/hemp-organic-3\/","url":"https:\/\/www.laboratoire-helpac.com\/en\/p\/hemp-organic-3\/","name":"Vegetable oil Organic hemp (France) | HELPAC","isPartOf":{"@id":"https:\/\/www.laboratoire-helpac.com\/en\/#website"},"primaryImageOfPage":{"@id":"https:\/\/www.laboratoire-helpac.com\/en\/p\/hemp-organic-3\/#primaryimage"},"image":{"@id":"https:\/\/www.laboratoire-helpac.com\/en\/p\/hemp-organic-3\/#primaryimage"},"thumbnailUrl":"https:\/\/www.laboratoire-helpac.com\/wp-content\/uploads\/2023\/09\/HV_HEMP-EN.png","datePublished":"2023-07-30T14:59:20+00:00","dateModified":"2023-11-29T18:40:16+00:00","description":"Cette huile fran\u00e7aise est riche en om\u00e9ga-3, 6 et 9, vitamine E, phytost\u00e9rols et tocoph\u00e9rols. Elle est r\u00e9g\u00e9n\u00e9rante, apaisante, assouplissante, hydratante et s\u2019adapte \u00e0 presque tous les types de peau. Tous les soins sont possibles, y compris pour les cheveux auxquels elle apporte brillance et volume. Apportant hydratation et une belle mousse en savonnerie, on l\u2019utilise jusqu\u2019\u00e0 15% - elle colore l\u00e9g\u00e8rement le savon.","breadcrumb":{"@id":"https:\/\/www.laboratoire-helpac.com\/en\/p\/hemp-organic-3\/#breadcrumb"},"inLanguage":"en-US","potentialAction":[{"@type":"ReadAction","target":["https:\/\/www.laboratoire-helpac.com\/en\/p\/hemp-organic-3\/"]}]},{"@type":"ImageObject","inLanguage":"en-US","@id":"https:\/\/www.laboratoire-helpac.com\/en\/p\/hemp-organic-3\/#primaryimage","url":"https:\/\/www.laboratoire-helpac.com\/wp-content\/uploads\/2023\/09\/HV_HEMP-EN.png","contentUrl":"https:\/\/www.laboratoire-helpac.com\/wp-content\/uploads\/2023\/09\/HV_HEMP-EN.png","width":1280,"height":1280,"caption":"Vegetable oil Organic hemp (France) wholesaler"},{"@type":"BreadcrumbList","@id":"https:\/\/www.laboratoire-helpac.com\/en\/p\/hemp-organic-3\/#breadcrumb","itemListElement":[{"@type":"ListItem","position":1,"name":"Accueil","item":"https:\/\/www.laboratoire-helpac.com\/en\/"},{"@type":"ListItem","position":2,"name":"Our ingredients","item":"https:\/\/www.laboratoire-helpac.com\/en\/products\/"},{"@type":"ListItem","position":3,"name":"HEMP ORGANIC"}]},{"@type":"WebSite","@id":"https:\/\/www.laboratoire-helpac.com\/en\/#website","url":"https:\/\/www.laboratoire-helpac.com\/en\/","name":"HELPAC","description":"","publisher":{"@id":"https:\/\/www.laboratoire-helpac.com\/en\/#organization"},"potentialAction":[{"@type":"SearchAction","target":{"@type":"EntryPoint","urlTemplate":"https:\/\/www.laboratoire-helpac.com\/en\/?s={search_term_string}"},"query-input":{"@type":"PropertyValueSpecification","valueRequired":true,"valueName":"search_term_string"}}],"inLanguage":"en-US"},{"@type":"Organization","@id":"https:\/\/www.laboratoire-helpac.com\/en\/#organization","name":"Helpac","url":"https:\/\/www.laboratoire-helpac.com\/en\/","logo":{"@type":"ImageObject","inLanguage":"en-US","@id":"https:\/\/www.laboratoire-helpac.com\/en\/#\/schema\/logo\/image\/","url":"https:\/\/dev.fizzbuzz.fr\/helpac\/wp-content\/uploads\/2023\/05\/Logo-Helpac.jpg","contentUrl":"https:\/\/dev.fizzbuzz.fr\/helpac\/wp-content\/uploads\/2023\/05\/Logo-Helpac.jpg","width":200,"height":200,"caption":"Helpac"},"image":{"@id":"https:\/\/www.laboratoire-helpac.com\/en\/#\/schema\/logo\/image\/"},"sameAs":["https:\/\/www.linkedin.com\/company\/helpac\/"]}]}},"_links":{"self":[{"href":"https:\/\/www.laboratoire-helpac.com\/en\/wp-json\/wp\/v2\/product\/5433","targetHints":{"allow":["GET"]}}],"collection":[{"href":"https:\/\/www.laboratoire-helpac.com\/en\/wp-json\/wp\/v2\/product"}],"about":[{"href":"https:\/\/www.laboratoire-helpac.com\/en\/wp-json\/wp\/v2\/types\/product"}],"wp:featuredmedia":[{"embeddable":true,"href":"https:\/\/www.laboratoire-helpac.com\/en\/wp-json\/wp\/v2\/media\/7115"}],"wp:attachment":[{"href":"https:\/\/www.laboratoire-helpac.com\/en\/wp-json\/wp\/v2\/media?parent=5433"}],"wp:term":[{"taxonomy":"product_cat","embeddable":true,"href":"https:\/\/www.laboratoire-helpac.com\/en\/wp-json\/wp\/v2\/product_cat?post=5433"},{"taxonomy":"product_tag","embeddable":true,"href":"https:\/\/www.laboratoire-helpac.com\/en\/wp-json\/wp\/v2\/product_tag?post=5433"}],"curies":[{"name":"wp","href":"https:\/\/api.w.org\/{rel}","templated":true}]}}