{"id":5408,"date":"2023-07-30T16:59:11","date_gmt":"2023-07-30T14:59:11","guid":{"rendered":"http:\/\/localhost\/wordpress\/produit\/calendula-organic-2\/"},"modified":"2023-11-29T19:40:08","modified_gmt":"2023-11-29T18:40:08","slug":"marigold-organic-2","status":"publish","type":"product","link":"https:\/\/www.laboratoire-helpac.com\/en\/p\/marigold-organic-2\/","title":{"rendered":"MARIGOLD ORGANIC"},"content":{"rendered":"<p>Marigold oily macerate is soothing and calming. It contains anti-inflammatory and decongestant triterpene esters, as well as antioxidant carotenoids and flavonoids. It is essential in formulas for chapped skin, sensitive skin (including for children), razor burn, makeup removers, after-sun products, and insect bites (lotion, cream, or balm). In soap making, it can be used up to 30% in formulations for sensitive skin.<\/p>\n","protected":false},"excerpt":{"rendered":"<p>Marigold oily macerate is soothing and calming. It contains anti-inflammatory and decongestant triterpene esters, as well as antioxidant carotenoids and flavonoids. It is essential in formulas for chapped skin, sensitive skin (including for children), razor burn, makeup removers, after-sun products, and insect bites (lotion, cream, or balm). In soap making, it can be used up [&hellip;]<\/p>\n","protected":false},"featured_media":7091,"template":"","meta":[],"product_cat":[417],"product_tag":[],"class_list":{"0":"post-5408","1":"product","2":"type-product","3":"status-publish","4":"has-post-thumbnail","6":"product_cat-oily-macerates","7":"pa_certifications-organic","8":"pa_fabrication-oui-en","9":"pa_origines-france-en","10":"pa_usages-cosmetic","11":"pa_usages-food","13":"first","14":"instock","15":"purchasable","16":"product-type-simple"},"acf":[],"yoast_head":"<!-- This site is optimized with the Yoast SEO plugin v23.9 - https:\/\/yoast.com\/wordpress\/plugins\/seo\/ -->\n<title>Oily macerate Calendula organic (France) | HELPAC<\/title>\n<meta name=\"description\" content=\"Adoucissant et apaisant, le mac\u00e9rat huileux de Calendula contient des esters triterp\u00e9niques anti-inflammatoires et d\u00e9congestionnants et des carot\u00e9no\u00efdes et des flavono\u00efdes antioxydants. Il est incontournable dans les formules contre les ger\u00e7ures, les peaux fragiles (y compris enfants), feu du rasoir, d\u00e9maquillant, apr\u00e8s-soleil, piq\u00fbres d\u2019insectes (lait, cr\u00e8me ou baume). En savonnerie, on peut l\u2019utiliser jusqu\u2019\u00e0 30% pour des soins pour peaux fragiles.\" \/>\n<meta name=\"robots\" content=\"index, follow, max-snippet:-1, max-image-preview:large, max-video-preview:-1\" \/>\n<link rel=\"canonical\" href=\"https:\/\/www.laboratoire-helpac.com\/en\/p\/marigold-organic-2\/\" \/>\n<meta property=\"og:locale\" content=\"en_US\" \/>\n<meta property=\"og:type\" content=\"article\" \/>\n<meta property=\"og:title\" content=\"Oily macerate Calendula organic (France) | HELPAC\" \/>\n<meta property=\"og:description\" content=\"Adoucissant et apaisant, le mac\u00e9rat huileux de Calendula contient des esters triterp\u00e9niques anti-inflammatoires et d\u00e9congestionnants et des carot\u00e9no\u00efdes et des flavono\u00efdes antioxydants. Il est incontournable dans les formules contre les ger\u00e7ures, les peaux fragiles (y compris enfants), feu du rasoir, d\u00e9maquillant, apr\u00e8s-soleil, piq\u00fbres d\u2019insectes (lait, cr\u00e8me ou baume). En savonnerie, on peut l\u2019utiliser jusqu\u2019\u00e0 30% pour des soins pour peaux fragiles.\" \/>\n<meta property=\"og:url\" content=\"https:\/\/www.laboratoire-helpac.com\/en\/p\/marigold-organic-2\/\" \/>\n<meta property=\"og:site_name\" content=\"HELPAC\" \/>\n<meta property=\"article:modified_time\" content=\"2023-11-29T18:40:08+00:00\" \/>\n<meta property=\"og:image\" content=\"https:\/\/www.laboratoire-helpac.com\/wp-content\/uploads\/2023\/09\/MH_MARIGOLD-EN.png\" \/>\n\t<meta property=\"og:image:width\" content=\"1280\" \/>\n\t<meta property=\"og:image:height\" content=\"1280\" \/>\n\t<meta property=\"og:image:type\" content=\"image\/png\" \/>\n<meta name=\"twitter:card\" content=\"summary_large_image\" \/>\n<script type=\"application\/ld+json\" class=\"yoast-schema-graph\">{\"@context\":\"https:\/\/schema.org\",\"@graph\":[{\"@type\":\"WebPage\",\"@id\":\"https:\/\/www.laboratoire-helpac.com\/en\/p\/marigold-organic-2\/\",\"url\":\"https:\/\/www.laboratoire-helpac.com\/en\/p\/marigold-organic-2\/\",\"name\":\"Oily macerate Calendula organic (France) | HELPAC\",\"isPartOf\":{\"@id\":\"https:\/\/www.laboratoire-helpac.com\/en\/#website\"},\"primaryImageOfPage\":{\"@id\":\"https:\/\/www.laboratoire-helpac.com\/en\/p\/marigold-organic-2\/#primaryimage\"},\"image\":{\"@id\":\"https:\/\/www.laboratoire-helpac.com\/en\/p\/marigold-organic-2\/#primaryimage\"},\"thumbnailUrl\":\"https:\/\/www.laboratoire-helpac.com\/wp-content\/uploads\/2023\/09\/MH_MARIGOLD-EN.png\",\"datePublished\":\"2023-07-30T14:59:11+00:00\",\"dateModified\":\"2023-11-29T18:40:08+00:00\",\"description\":\"Adoucissant et apaisant, le mac\u00e9rat huileux de Calendula contient des esters triterp\u00e9niques anti-inflammatoires et d\u00e9congestionnants et des carot\u00e9no\u00efdes et des flavono\u00efdes antioxydants. Il est incontournable dans les formules contre les ger\u00e7ures, les peaux fragiles (y compris enfants), feu du rasoir, d\u00e9maquillant, apr\u00e8s-soleil, piq\u00fbres d\u2019insectes (lait, cr\u00e8me ou baume). En savonnerie, on peut l\u2019utiliser jusqu\u2019\u00e0 30% pour des soins pour peaux fragiles.\",\"breadcrumb\":{\"@id\":\"https:\/\/www.laboratoire-helpac.com\/en\/p\/marigold-organic-2\/#breadcrumb\"},\"inLanguage\":\"en-US\",\"potentialAction\":[{\"@type\":\"ReadAction\",\"target\":[\"https:\/\/www.laboratoire-helpac.com\/en\/p\/marigold-organic-2\/\"]}]},{\"@type\":\"ImageObject\",\"inLanguage\":\"en-US\",\"@id\":\"https:\/\/www.laboratoire-helpac.com\/en\/p\/marigold-organic-2\/#primaryimage\",\"url\":\"https:\/\/www.laboratoire-helpac.com\/wp-content\/uploads\/2023\/09\/MH_MARIGOLD-EN.png\",\"contentUrl\":\"https:\/\/www.laboratoire-helpac.com\/wp-content\/uploads\/2023\/09\/MH_MARIGOLD-EN.png\",\"width\":1280,\"height\":1280,\"caption\":\"Oily macerate Calendula organic (France) wholesaler\"},{\"@type\":\"BreadcrumbList\",\"@id\":\"https:\/\/www.laboratoire-helpac.com\/en\/p\/marigold-organic-2\/#breadcrumb\",\"itemListElement\":[{\"@type\":\"ListItem\",\"position\":1,\"name\":\"Accueil\",\"item\":\"https:\/\/www.laboratoire-helpac.com\/en\/\"},{\"@type\":\"ListItem\",\"position\":2,\"name\":\"Our ingredients\",\"item\":\"https:\/\/www.laboratoire-helpac.com\/en\/products\/\"},{\"@type\":\"ListItem\",\"position\":3,\"name\":\"MARIGOLD ORGANIC\"}]},{\"@type\":\"WebSite\",\"@id\":\"https:\/\/www.laboratoire-helpac.com\/en\/#website\",\"url\":\"https:\/\/www.laboratoire-helpac.com\/en\/\",\"name\":\"HELPAC\",\"description\":\"\",\"publisher\":{\"@id\":\"https:\/\/www.laboratoire-helpac.com\/en\/#organization\"},\"potentialAction\":[{\"@type\":\"SearchAction\",\"target\":{\"@type\":\"EntryPoint\",\"urlTemplate\":\"https:\/\/www.laboratoire-helpac.com\/en\/?s={search_term_string}\"},\"query-input\":{\"@type\":\"PropertyValueSpecification\",\"valueRequired\":true,\"valueName\":\"search_term_string\"}}],\"inLanguage\":\"en-US\"},{\"@type\":\"Organization\",\"@id\":\"https:\/\/www.laboratoire-helpac.com\/en\/#organization\",\"name\":\"Helpac\",\"url\":\"https:\/\/www.laboratoire-helpac.com\/en\/\",\"logo\":{\"@type\":\"ImageObject\",\"inLanguage\":\"en-US\",\"@id\":\"https:\/\/www.laboratoire-helpac.com\/en\/#\/schema\/logo\/image\/\",\"url\":\"https:\/\/dev.fizzbuzz.fr\/helpac\/wp-content\/uploads\/2023\/05\/Logo-Helpac.jpg\",\"contentUrl\":\"https:\/\/dev.fizzbuzz.fr\/helpac\/wp-content\/uploads\/2023\/05\/Logo-Helpac.jpg\",\"width\":200,\"height\":200,\"caption\":\"Helpac\"},\"image\":{\"@id\":\"https:\/\/www.laboratoire-helpac.com\/en\/#\/schema\/logo\/image\/\"},\"sameAs\":[\"https:\/\/www.linkedin.com\/company\/helpac\/\"]}]}<\/script>\n<!-- \/ Yoast SEO plugin. -->","yoast_head_json":{"title":"Oily macerate Calendula organic (France) | HELPAC","description":"Adoucissant et apaisant, le mac\u00e9rat huileux de Calendula contient des esters triterp\u00e9niques anti-inflammatoires et d\u00e9congestionnants et des carot\u00e9no\u00efdes et des flavono\u00efdes antioxydants. Il est incontournable dans les formules contre les ger\u00e7ures, les peaux fragiles (y compris enfants), feu du rasoir, d\u00e9maquillant, apr\u00e8s-soleil, piq\u00fbres d\u2019insectes (lait, cr\u00e8me ou baume). En savonnerie, on peut l\u2019utiliser jusqu\u2019\u00e0 30% pour des soins pour peaux fragiles.","robots":{"index":"index","follow":"follow","max-snippet":"max-snippet:-1","max-image-preview":"max-image-preview:large","max-video-preview":"max-video-preview:-1"},"canonical":"https:\/\/www.laboratoire-helpac.com\/en\/p\/marigold-organic-2\/","og_locale":"en_US","og_type":"article","og_title":"Oily macerate Calendula organic (France) | HELPAC","og_description":"Adoucissant et apaisant, le mac\u00e9rat huileux de Calendula contient des esters triterp\u00e9niques anti-inflammatoires et d\u00e9congestionnants et des carot\u00e9no\u00efdes et des flavono\u00efdes antioxydants. Il est incontournable dans les formules contre les ger\u00e7ures, les peaux fragiles (y compris enfants), feu du rasoir, d\u00e9maquillant, apr\u00e8s-soleil, piq\u00fbres d\u2019insectes (lait, cr\u00e8me ou baume). En savonnerie, on peut l\u2019utiliser jusqu\u2019\u00e0 30% pour des soins pour peaux fragiles.","og_url":"https:\/\/www.laboratoire-helpac.com\/en\/p\/marigold-organic-2\/","og_site_name":"HELPAC","article_modified_time":"2023-11-29T18:40:08+00:00","og_image":[{"width":1280,"height":1280,"url":"https:\/\/www.laboratoire-helpac.com\/wp-content\/uploads\/2023\/09\/MH_MARIGOLD-EN.png","type":"image\/png"}],"twitter_card":"summary_large_image","schema":{"@context":"https:\/\/schema.org","@graph":[{"@type":"WebPage","@id":"https:\/\/www.laboratoire-helpac.com\/en\/p\/marigold-organic-2\/","url":"https:\/\/www.laboratoire-helpac.com\/en\/p\/marigold-organic-2\/","name":"Oily macerate Calendula organic (France) | HELPAC","isPartOf":{"@id":"https:\/\/www.laboratoire-helpac.com\/en\/#website"},"primaryImageOfPage":{"@id":"https:\/\/www.laboratoire-helpac.com\/en\/p\/marigold-organic-2\/#primaryimage"},"image":{"@id":"https:\/\/www.laboratoire-helpac.com\/en\/p\/marigold-organic-2\/#primaryimage"},"thumbnailUrl":"https:\/\/www.laboratoire-helpac.com\/wp-content\/uploads\/2023\/09\/MH_MARIGOLD-EN.png","datePublished":"2023-07-30T14:59:11+00:00","dateModified":"2023-11-29T18:40:08+00:00","description":"Adoucissant et apaisant, le mac\u00e9rat huileux de Calendula contient des esters triterp\u00e9niques anti-inflammatoires et d\u00e9congestionnants et des carot\u00e9no\u00efdes et des flavono\u00efdes antioxydants. Il est incontournable dans les formules contre les ger\u00e7ures, les peaux fragiles (y compris enfants), feu du rasoir, d\u00e9maquillant, apr\u00e8s-soleil, piq\u00fbres d\u2019insectes (lait, cr\u00e8me ou baume). En savonnerie, on peut l\u2019utiliser jusqu\u2019\u00e0 30% pour des soins pour peaux fragiles.","breadcrumb":{"@id":"https:\/\/www.laboratoire-helpac.com\/en\/p\/marigold-organic-2\/#breadcrumb"},"inLanguage":"en-US","potentialAction":[{"@type":"ReadAction","target":["https:\/\/www.laboratoire-helpac.com\/en\/p\/marigold-organic-2\/"]}]},{"@type":"ImageObject","inLanguage":"en-US","@id":"https:\/\/www.laboratoire-helpac.com\/en\/p\/marigold-organic-2\/#primaryimage","url":"https:\/\/www.laboratoire-helpac.com\/wp-content\/uploads\/2023\/09\/MH_MARIGOLD-EN.png","contentUrl":"https:\/\/www.laboratoire-helpac.com\/wp-content\/uploads\/2023\/09\/MH_MARIGOLD-EN.png","width":1280,"height":1280,"caption":"Oily macerate Calendula organic (France) wholesaler"},{"@type":"BreadcrumbList","@id":"https:\/\/www.laboratoire-helpac.com\/en\/p\/marigold-organic-2\/#breadcrumb","itemListElement":[{"@type":"ListItem","position":1,"name":"Accueil","item":"https:\/\/www.laboratoire-helpac.com\/en\/"},{"@type":"ListItem","position":2,"name":"Our ingredients","item":"https:\/\/www.laboratoire-helpac.com\/en\/products\/"},{"@type":"ListItem","position":3,"name":"MARIGOLD ORGANIC"}]},{"@type":"WebSite","@id":"https:\/\/www.laboratoire-helpac.com\/en\/#website","url":"https:\/\/www.laboratoire-helpac.com\/en\/","name":"HELPAC","description":"","publisher":{"@id":"https:\/\/www.laboratoire-helpac.com\/en\/#organization"},"potentialAction":[{"@type":"SearchAction","target":{"@type":"EntryPoint","urlTemplate":"https:\/\/www.laboratoire-helpac.com\/en\/?s={search_term_string}"},"query-input":{"@type":"PropertyValueSpecification","valueRequired":true,"valueName":"search_term_string"}}],"inLanguage":"en-US"},{"@type":"Organization","@id":"https:\/\/www.laboratoire-helpac.com\/en\/#organization","name":"Helpac","url":"https:\/\/www.laboratoire-helpac.com\/en\/","logo":{"@type":"ImageObject","inLanguage":"en-US","@id":"https:\/\/www.laboratoire-helpac.com\/en\/#\/schema\/logo\/image\/","url":"https:\/\/dev.fizzbuzz.fr\/helpac\/wp-content\/uploads\/2023\/05\/Logo-Helpac.jpg","contentUrl":"https:\/\/dev.fizzbuzz.fr\/helpac\/wp-content\/uploads\/2023\/05\/Logo-Helpac.jpg","width":200,"height":200,"caption":"Helpac"},"image":{"@id":"https:\/\/www.laboratoire-helpac.com\/en\/#\/schema\/logo\/image\/"},"sameAs":["https:\/\/www.linkedin.com\/company\/helpac\/"]}]}},"_links":{"self":[{"href":"https:\/\/www.laboratoire-helpac.com\/en\/wp-json\/wp\/v2\/product\/5408","targetHints":{"allow":["GET"]}}],"collection":[{"href":"https:\/\/www.laboratoire-helpac.com\/en\/wp-json\/wp\/v2\/product"}],"about":[{"href":"https:\/\/www.laboratoire-helpac.com\/en\/wp-json\/wp\/v2\/types\/product"}],"wp:featuredmedia":[{"embeddable":true,"href":"https:\/\/www.laboratoire-helpac.com\/en\/wp-json\/wp\/v2\/media\/7091"}],"wp:attachment":[{"href":"https:\/\/www.laboratoire-helpac.com\/en\/wp-json\/wp\/v2\/media?parent=5408"}],"wp:term":[{"taxonomy":"product_cat","embeddable":true,"href":"https:\/\/www.laboratoire-helpac.com\/en\/wp-json\/wp\/v2\/product_cat?post=5408"},{"taxonomy":"product_tag","embeddable":true,"href":"https:\/\/www.laboratoire-helpac.com\/en\/wp-json\/wp\/v2\/product_tag?post=5408"}],"curies":[{"name":"wp","href":"https:\/\/api.w.org\/{rel}","templated":true}]}}