{"id":5405,"date":"2023-07-30T16:59:11","date_gmt":"2023-07-30T14:59:11","guid":{"rendered":"http:\/\/localhost\/wordpress\/produit\/organic-linden\/"},"modified":"2023-11-29T19:40:07","modified_gmt":"2023-11-29T18:40:07","slug":"linden-organic-2","status":"publish","type":"product","link":"https:\/\/www.laboratoire-helpac.com\/en\/p\/linden-organic-2\/","title":{"rendered":"LINDEN ORGANIC"},"content":{"rendered":"<p>Linden floral water has a sweet, honeyed, and very pleasant aroma that pairs perfectly with cuisine, herbal teas, hot toddies, sorbets, milk-based desserts, and more. Its fragrance is highly appreciated for laundry care (giving a clean laundry sensation). In cosmetics, it is toning, purifying, soothing, and softening for irritated scalps and all skin types, even fragile ones like the eye contour, and it brightens the complexion. Relaxing and sedative in aromatic baths, even for children, it also aids in toxin elimination (after physical exertion, massage, etc.). In the form of a dietary supplement, it helps with fatigue, irritability, and sleep problems.<\/p>\n","protected":false},"excerpt":{"rendered":"<p>Linden floral water has a sweet, honeyed, and very pleasant aroma that pairs perfectly with cuisine, herbal teas, hot toddies, sorbets, milk-based desserts, and more. Its fragrance is highly appreciated for laundry care (giving a clean laundry sensation). In cosmetics, it is toning, purifying, soothing, and softening for irritated scalps and all skin types, even [&hellip;]<\/p>\n","protected":false},"featured_media":7089,"template":"","meta":[],"product_cat":[382],"product_tag":[],"class_list":{"0":"post-5405","1":"product","2":"type-product","3":"status-publish","4":"has-post-thumbnail","6":"product_cat-flower-waters","7":"pa_certifications-organic","8":"pa_fabrication-oui-en","9":"pa_origines-france-en","10":"pa_usages-cosmetic","11":"pa_usages-food","13":"first","14":"instock","15":"purchasable","16":"product-type-simple"},"acf":[],"yoast_head":"<!-- This site is optimized with the Yoast SEO plugin v23.9 - https:\/\/yoast.com\/wordpress\/plugins\/seo\/ -->\n<title>Floral water Organic linden (France) | HELPAC<\/title>\n<meta name=\"description\" content=\"L\u2019eau florale de Tilleul a un ar\u00f4me doux, miell\u00e9 et tr\u00e8s agr\u00e9able qui se marie parfaitement \u00e0 la cuisine, aux tisanes, grogs, sorbets, desserts au lait, etc. Son parfum est tr\u00e8s appr\u00e9ci\u00e9 pour les soins du linge (impression de linge propre). En cosm\u00e9tique, elle est tonique, purifiante, apaisante et adoucissante pour les cuirs chevelus irrit\u00e9s et tous les types de peaux, m\u00eame fragiles, comme le contour de l\u2019\u0153il et illumine le teint. Relaxante et s\u00e9dative en bains aromatiques, m\u00eame pour les enfants, elle permet en outre l\u2019\u00e9limination des toxines (apr\u00e8s effort physique, massage, etc.). Sous forme de compl\u00e9ment alimentaire, elle agit sur le surmenage, l\u2019irritabilit\u00e9 et les probl\u00e8mes de sommeil.\" \/>\n<meta name=\"robots\" content=\"index, follow, max-snippet:-1, max-image-preview:large, max-video-preview:-1\" \/>\n<link rel=\"canonical\" href=\"https:\/\/www.laboratoire-helpac.com\/en\/p\/linden-organic-2\/\" \/>\n<meta property=\"og:locale\" content=\"en_US\" \/>\n<meta property=\"og:type\" content=\"article\" \/>\n<meta property=\"og:title\" content=\"Floral water Organic linden (France) | HELPAC\" \/>\n<meta property=\"og:description\" content=\"L\u2019eau florale de Tilleul a un ar\u00f4me doux, miell\u00e9 et tr\u00e8s agr\u00e9able qui se marie parfaitement \u00e0 la cuisine, aux tisanes, grogs, sorbets, desserts au lait, etc. Son parfum est tr\u00e8s appr\u00e9ci\u00e9 pour les soins du linge (impression de linge propre). En cosm\u00e9tique, elle est tonique, purifiante, apaisante et adoucissante pour les cuirs chevelus irrit\u00e9s et tous les types de peaux, m\u00eame fragiles, comme le contour de l\u2019\u0153il et illumine le teint. Relaxante et s\u00e9dative en bains aromatiques, m\u00eame pour les enfants, elle permet en outre l\u2019\u00e9limination des toxines (apr\u00e8s effort physique, massage, etc.). Sous forme de compl\u00e9ment alimentaire, elle agit sur le surmenage, l\u2019irritabilit\u00e9 et les probl\u00e8mes de sommeil.\" \/>\n<meta property=\"og:url\" content=\"https:\/\/www.laboratoire-helpac.com\/en\/p\/linden-organic-2\/\" \/>\n<meta property=\"og:site_name\" content=\"HELPAC\" \/>\n<meta property=\"article:modified_time\" content=\"2023-11-29T18:40:07+00:00\" \/>\n<meta property=\"og:image\" content=\"https:\/\/www.laboratoire-helpac.com\/wp-content\/uploads\/2023\/09\/EF_LINDEN-EN.png\" \/>\n\t<meta property=\"og:image:width\" content=\"1280\" \/>\n\t<meta property=\"og:image:height\" content=\"1280\" \/>\n\t<meta property=\"og:image:type\" content=\"image\/png\" \/>\n<meta name=\"twitter:card\" content=\"summary_large_image\" \/>\n<meta name=\"twitter:label1\" content=\"Est. reading time\" \/>\n\t<meta name=\"twitter:data1\" content=\"1 minute\" \/>\n<script type=\"application\/ld+json\" class=\"yoast-schema-graph\">{\"@context\":\"https:\/\/schema.org\",\"@graph\":[{\"@type\":\"WebPage\",\"@id\":\"https:\/\/www.laboratoire-helpac.com\/en\/p\/linden-organic-2\/\",\"url\":\"https:\/\/www.laboratoire-helpac.com\/en\/p\/linden-organic-2\/\",\"name\":\"Floral water Organic linden (France) | HELPAC\",\"isPartOf\":{\"@id\":\"https:\/\/www.laboratoire-helpac.com\/en\/#website\"},\"primaryImageOfPage\":{\"@id\":\"https:\/\/www.laboratoire-helpac.com\/en\/p\/linden-organic-2\/#primaryimage\"},\"image\":{\"@id\":\"https:\/\/www.laboratoire-helpac.com\/en\/p\/linden-organic-2\/#primaryimage\"},\"thumbnailUrl\":\"https:\/\/www.laboratoire-helpac.com\/wp-content\/uploads\/2023\/09\/EF_LINDEN-EN.png\",\"datePublished\":\"2023-07-30T14:59:11+00:00\",\"dateModified\":\"2023-11-29T18:40:07+00:00\",\"description\":\"L\u2019eau florale de Tilleul a un ar\u00f4me doux, miell\u00e9 et tr\u00e8s agr\u00e9able qui se marie parfaitement \u00e0 la cuisine, aux tisanes, grogs, sorbets, desserts au lait, etc. Son parfum est tr\u00e8s appr\u00e9ci\u00e9 pour les soins du linge (impression de linge propre). En cosm\u00e9tique, elle est tonique, purifiante, apaisante et adoucissante pour les cuirs chevelus irrit\u00e9s et tous les types de peaux, m\u00eame fragiles, comme le contour de l\u2019\u0153il et illumine le teint. Relaxante et s\u00e9dative en bains aromatiques, m\u00eame pour les enfants, elle permet en outre l\u2019\u00e9limination des toxines (apr\u00e8s effort physique, massage, etc.). Sous forme de compl\u00e9ment alimentaire, elle agit sur le surmenage, l\u2019irritabilit\u00e9 et les probl\u00e8mes de sommeil.\",\"breadcrumb\":{\"@id\":\"https:\/\/www.laboratoire-helpac.com\/en\/p\/linden-organic-2\/#breadcrumb\"},\"inLanguage\":\"en-US\",\"potentialAction\":[{\"@type\":\"ReadAction\",\"target\":[\"https:\/\/www.laboratoire-helpac.com\/en\/p\/linden-organic-2\/\"]}]},{\"@type\":\"ImageObject\",\"inLanguage\":\"en-US\",\"@id\":\"https:\/\/www.laboratoire-helpac.com\/en\/p\/linden-organic-2\/#primaryimage\",\"url\":\"https:\/\/www.laboratoire-helpac.com\/wp-content\/uploads\/2023\/09\/EF_LINDEN-EN.png\",\"contentUrl\":\"https:\/\/www.laboratoire-helpac.com\/wp-content\/uploads\/2023\/09\/EF_LINDEN-EN.png\",\"width\":1280,\"height\":1280,\"caption\":\"Floral water Organic linden (France) wholesaler\"},{\"@type\":\"BreadcrumbList\",\"@id\":\"https:\/\/www.laboratoire-helpac.com\/en\/p\/linden-organic-2\/#breadcrumb\",\"itemListElement\":[{\"@type\":\"ListItem\",\"position\":1,\"name\":\"Accueil\",\"item\":\"https:\/\/www.laboratoire-helpac.com\/en\/\"},{\"@type\":\"ListItem\",\"position\":2,\"name\":\"Our ingredients\",\"item\":\"https:\/\/www.laboratoire-helpac.com\/en\/products\/\"},{\"@type\":\"ListItem\",\"position\":3,\"name\":\"LINDEN ORGANIC\"}]},{\"@type\":\"WebSite\",\"@id\":\"https:\/\/www.laboratoire-helpac.com\/en\/#website\",\"url\":\"https:\/\/www.laboratoire-helpac.com\/en\/\",\"name\":\"HELPAC\",\"description\":\"\",\"publisher\":{\"@id\":\"https:\/\/www.laboratoire-helpac.com\/en\/#organization\"},\"potentialAction\":[{\"@type\":\"SearchAction\",\"target\":{\"@type\":\"EntryPoint\",\"urlTemplate\":\"https:\/\/www.laboratoire-helpac.com\/en\/?s={search_term_string}\"},\"query-input\":{\"@type\":\"PropertyValueSpecification\",\"valueRequired\":true,\"valueName\":\"search_term_string\"}}],\"inLanguage\":\"en-US\"},{\"@type\":\"Organization\",\"@id\":\"https:\/\/www.laboratoire-helpac.com\/en\/#organization\",\"name\":\"Helpac\",\"url\":\"https:\/\/www.laboratoire-helpac.com\/en\/\",\"logo\":{\"@type\":\"ImageObject\",\"inLanguage\":\"en-US\",\"@id\":\"https:\/\/www.laboratoire-helpac.com\/en\/#\/schema\/logo\/image\/\",\"url\":\"https:\/\/dev.fizzbuzz.fr\/helpac\/wp-content\/uploads\/2023\/05\/Logo-Helpac.jpg\",\"contentUrl\":\"https:\/\/dev.fizzbuzz.fr\/helpac\/wp-content\/uploads\/2023\/05\/Logo-Helpac.jpg\",\"width\":200,\"height\":200,\"caption\":\"Helpac\"},\"image\":{\"@id\":\"https:\/\/www.laboratoire-helpac.com\/en\/#\/schema\/logo\/image\/\"},\"sameAs\":[\"https:\/\/www.linkedin.com\/company\/helpac\/\"]}]}<\/script>\n<!-- \/ Yoast SEO plugin. -->","yoast_head_json":{"title":"Floral water Organic linden (France) | HELPAC","description":"L\u2019eau florale de Tilleul a un ar\u00f4me doux, miell\u00e9 et tr\u00e8s agr\u00e9able qui se marie parfaitement \u00e0 la cuisine, aux tisanes, grogs, sorbets, desserts au lait, etc. Son parfum est tr\u00e8s appr\u00e9ci\u00e9 pour les soins du linge (impression de linge propre). En cosm\u00e9tique, elle est tonique, purifiante, apaisante et adoucissante pour les cuirs chevelus irrit\u00e9s et tous les types de peaux, m\u00eame fragiles, comme le contour de l\u2019\u0153il et illumine le teint. Relaxante et s\u00e9dative en bains aromatiques, m\u00eame pour les enfants, elle permet en outre l\u2019\u00e9limination des toxines (apr\u00e8s effort physique, massage, etc.). Sous forme de compl\u00e9ment alimentaire, elle agit sur le surmenage, l\u2019irritabilit\u00e9 et les probl\u00e8mes de sommeil.","robots":{"index":"index","follow":"follow","max-snippet":"max-snippet:-1","max-image-preview":"max-image-preview:large","max-video-preview":"max-video-preview:-1"},"canonical":"https:\/\/www.laboratoire-helpac.com\/en\/p\/linden-organic-2\/","og_locale":"en_US","og_type":"article","og_title":"Floral water Organic linden (France) | HELPAC","og_description":"L\u2019eau florale de Tilleul a un ar\u00f4me doux, miell\u00e9 et tr\u00e8s agr\u00e9able qui se marie parfaitement \u00e0 la cuisine, aux tisanes, grogs, sorbets, desserts au lait, etc. Son parfum est tr\u00e8s appr\u00e9ci\u00e9 pour les soins du linge (impression de linge propre). En cosm\u00e9tique, elle est tonique, purifiante, apaisante et adoucissante pour les cuirs chevelus irrit\u00e9s et tous les types de peaux, m\u00eame fragiles, comme le contour de l\u2019\u0153il et illumine le teint. Relaxante et s\u00e9dative en bains aromatiques, m\u00eame pour les enfants, elle permet en outre l\u2019\u00e9limination des toxines (apr\u00e8s effort physique, massage, etc.). Sous forme de compl\u00e9ment alimentaire, elle agit sur le surmenage, l\u2019irritabilit\u00e9 et les probl\u00e8mes de sommeil.","og_url":"https:\/\/www.laboratoire-helpac.com\/en\/p\/linden-organic-2\/","og_site_name":"HELPAC","article_modified_time":"2023-11-29T18:40:07+00:00","og_image":[{"width":1280,"height":1280,"url":"https:\/\/www.laboratoire-helpac.com\/wp-content\/uploads\/2023\/09\/EF_LINDEN-EN.png","type":"image\/png"}],"twitter_card":"summary_large_image","twitter_misc":{"Est. reading time":"1 minute"},"schema":{"@context":"https:\/\/schema.org","@graph":[{"@type":"WebPage","@id":"https:\/\/www.laboratoire-helpac.com\/en\/p\/linden-organic-2\/","url":"https:\/\/www.laboratoire-helpac.com\/en\/p\/linden-organic-2\/","name":"Floral water Organic linden (France) | HELPAC","isPartOf":{"@id":"https:\/\/www.laboratoire-helpac.com\/en\/#website"},"primaryImageOfPage":{"@id":"https:\/\/www.laboratoire-helpac.com\/en\/p\/linden-organic-2\/#primaryimage"},"image":{"@id":"https:\/\/www.laboratoire-helpac.com\/en\/p\/linden-organic-2\/#primaryimage"},"thumbnailUrl":"https:\/\/www.laboratoire-helpac.com\/wp-content\/uploads\/2023\/09\/EF_LINDEN-EN.png","datePublished":"2023-07-30T14:59:11+00:00","dateModified":"2023-11-29T18:40:07+00:00","description":"L\u2019eau florale de Tilleul a un ar\u00f4me doux, miell\u00e9 et tr\u00e8s agr\u00e9able qui se marie parfaitement \u00e0 la cuisine, aux tisanes, grogs, sorbets, desserts au lait, etc. Son parfum est tr\u00e8s appr\u00e9ci\u00e9 pour les soins du linge (impression de linge propre). En cosm\u00e9tique, elle est tonique, purifiante, apaisante et adoucissante pour les cuirs chevelus irrit\u00e9s et tous les types de peaux, m\u00eame fragiles, comme le contour de l\u2019\u0153il et illumine le teint. Relaxante et s\u00e9dative en bains aromatiques, m\u00eame pour les enfants, elle permet en outre l\u2019\u00e9limination des toxines (apr\u00e8s effort physique, massage, etc.). Sous forme de compl\u00e9ment alimentaire, elle agit sur le surmenage, l\u2019irritabilit\u00e9 et les probl\u00e8mes de sommeil.","breadcrumb":{"@id":"https:\/\/www.laboratoire-helpac.com\/en\/p\/linden-organic-2\/#breadcrumb"},"inLanguage":"en-US","potentialAction":[{"@type":"ReadAction","target":["https:\/\/www.laboratoire-helpac.com\/en\/p\/linden-organic-2\/"]}]},{"@type":"ImageObject","inLanguage":"en-US","@id":"https:\/\/www.laboratoire-helpac.com\/en\/p\/linden-organic-2\/#primaryimage","url":"https:\/\/www.laboratoire-helpac.com\/wp-content\/uploads\/2023\/09\/EF_LINDEN-EN.png","contentUrl":"https:\/\/www.laboratoire-helpac.com\/wp-content\/uploads\/2023\/09\/EF_LINDEN-EN.png","width":1280,"height":1280,"caption":"Floral water Organic linden (France) wholesaler"},{"@type":"BreadcrumbList","@id":"https:\/\/www.laboratoire-helpac.com\/en\/p\/linden-organic-2\/#breadcrumb","itemListElement":[{"@type":"ListItem","position":1,"name":"Accueil","item":"https:\/\/www.laboratoire-helpac.com\/en\/"},{"@type":"ListItem","position":2,"name":"Our ingredients","item":"https:\/\/www.laboratoire-helpac.com\/en\/products\/"},{"@type":"ListItem","position":3,"name":"LINDEN ORGANIC"}]},{"@type":"WebSite","@id":"https:\/\/www.laboratoire-helpac.com\/en\/#website","url":"https:\/\/www.laboratoire-helpac.com\/en\/","name":"HELPAC","description":"","publisher":{"@id":"https:\/\/www.laboratoire-helpac.com\/en\/#organization"},"potentialAction":[{"@type":"SearchAction","target":{"@type":"EntryPoint","urlTemplate":"https:\/\/www.laboratoire-helpac.com\/en\/?s={search_term_string}"},"query-input":{"@type":"PropertyValueSpecification","valueRequired":true,"valueName":"search_term_string"}}],"inLanguage":"en-US"},{"@type":"Organization","@id":"https:\/\/www.laboratoire-helpac.com\/en\/#organization","name":"Helpac","url":"https:\/\/www.laboratoire-helpac.com\/en\/","logo":{"@type":"ImageObject","inLanguage":"en-US","@id":"https:\/\/www.laboratoire-helpac.com\/en\/#\/schema\/logo\/image\/","url":"https:\/\/dev.fizzbuzz.fr\/helpac\/wp-content\/uploads\/2023\/05\/Logo-Helpac.jpg","contentUrl":"https:\/\/dev.fizzbuzz.fr\/helpac\/wp-content\/uploads\/2023\/05\/Logo-Helpac.jpg","width":200,"height":200,"caption":"Helpac"},"image":{"@id":"https:\/\/www.laboratoire-helpac.com\/en\/#\/schema\/logo\/image\/"},"sameAs":["https:\/\/www.linkedin.com\/company\/helpac\/"]}]}},"_links":{"self":[{"href":"https:\/\/www.laboratoire-helpac.com\/en\/wp-json\/wp\/v2\/product\/5405","targetHints":{"allow":["GET"]}}],"collection":[{"href":"https:\/\/www.laboratoire-helpac.com\/en\/wp-json\/wp\/v2\/product"}],"about":[{"href":"https:\/\/www.laboratoire-helpac.com\/en\/wp-json\/wp\/v2\/types\/product"}],"wp:featuredmedia":[{"embeddable":true,"href":"https:\/\/www.laboratoire-helpac.com\/en\/wp-json\/wp\/v2\/media\/7089"}],"wp:attachment":[{"href":"https:\/\/www.laboratoire-helpac.com\/en\/wp-json\/wp\/v2\/media?parent=5405"}],"wp:term":[{"taxonomy":"product_cat","embeddable":true,"href":"https:\/\/www.laboratoire-helpac.com\/en\/wp-json\/wp\/v2\/product_cat?post=5405"},{"taxonomy":"product_tag","embeddable":true,"href":"https:\/\/www.laboratoire-helpac.com\/en\/wp-json\/wp\/v2\/product_tag?post=5405"}],"curies":[{"name":"wp","href":"https:\/\/api.w.org\/{rel}","templated":true}]}}