{"id":5399,"date":"2023-07-30T16:59:11","date_gmt":"2023-07-30T14:59:11","guid":{"rendered":"http:\/\/localhost\/wordpress\/produit\/organic-tea-tree-5\/"},"modified":"2023-11-29T19:40:05","modified_gmt":"2023-11-29T18:40:05","slug":"tea-tree-organic-5","status":"publish","type":"product","link":"https:\/\/www.laboratoire-helpac.com\/en\/p\/tea-tree-organic-5\/","title":{"rendered":"TEA TREE ORGANIC"},"content":{"rendered":"<p>Tonic and purifying, essential for the care of oily and acne-prone skin and the treatment of mycoses and warts, Tea-tree floral water can be used in all cosmetic formulations: gels, soaps, lotions, milks, creams, etc., as well as in all oral care products for mouth infections, mouth ulcers, gingivitis, dental inflammation, periodontosis, etc. It can also be used in synergies to soothe conjunctivitis or aromatic baths (gynecological or circulatory disorders, foot baths against mycoses and warts, etc.). It can also be used in synergies to soothe conjunctivitis, or in aromatic baths (for gynecological or circulatory disorders, footbaths against mycosis and warts, etc.).<\/p>\n","protected":false},"excerpt":{"rendered":"<p>Tonic and purifying, essential for the care of oily and acne-prone skin and the treatment of mycoses and warts, Tea-tree floral water can be used in all cosmetic formulations: gels, soaps, lotions, milks, creams, etc., as well as in all oral care products for mouth infections, mouth ulcers, gingivitis, dental inflammation, periodontosis, etc. It can [&hellip;]<\/p>\n","protected":false},"featured_media":9444,"template":"","meta":[],"product_cat":[382],"product_tag":[],"class_list":{"0":"post-5399","1":"product","2":"type-product","3":"status-publish","4":"has-post-thumbnail","6":"product_cat-flower-waters","7":"pa_certifications-cosmos-en","8":"pa_origines-africa","9":"pa_usages-cosmetic","10":"pa_usages-food","12":"first","13":"instock","14":"purchasable","15":"product-type-simple"},"acf":[],"yoast_head":"<!-- This site is optimized with the Yoast SEO plugin v23.9 - https:\/\/yoast.com\/wordpress\/plugins\/seo\/ -->\n<title>Floral water Organic tea tree (Afrique du sud) | HELPAC<\/title>\n<meta name=\"description\" content=\"Tonique et purifiante, indispensable pour le soin des peaux grasses et acn\u00e9iques et le traitement des mycoses et verrues, l\u2019eau florale de Tea-tree entrera dans toutes les formulations cosm\u00e9tiques\u00a0: gels, savons, lotions, lait, cr\u00e8me, etc. mais \u00e9galement dans tous les soins de la sph\u00e8re bucco-dentaire pour les Infections buccales, aphtes, gingivites, inflammations dentaires, parodontoses, etc. Elle entre \u00e9galement dans les synergies visant \u00e0 apaiser la conjonctivite ou les bains aromatiques (troubles gyn\u00e9cologiques ou circulatoires, bains de pieds contre mycoses et verrues, etc.).\" \/>\n<meta name=\"robots\" content=\"index, follow, max-snippet:-1, max-image-preview:large, max-video-preview:-1\" \/>\n<link rel=\"canonical\" href=\"https:\/\/www.laboratoire-helpac.com\/en\/p\/tea-tree-organic-5\/\" \/>\n<meta property=\"og:locale\" content=\"en_US\" \/>\n<meta property=\"og:type\" content=\"article\" \/>\n<meta property=\"og:title\" content=\"Floral water Organic tea tree (Afrique du sud) | HELPAC\" \/>\n<meta property=\"og:description\" content=\"Tonique et purifiante, indispensable pour le soin des peaux grasses et acn\u00e9iques et le traitement des mycoses et verrues, l\u2019eau florale de Tea-tree entrera dans toutes les formulations cosm\u00e9tiques\u00a0: gels, savons, lotions, lait, cr\u00e8me, etc. mais \u00e9galement dans tous les soins de la sph\u00e8re bucco-dentaire pour les Infections buccales, aphtes, gingivites, inflammations dentaires, parodontoses, etc. Elle entre \u00e9galement dans les synergies visant \u00e0 apaiser la conjonctivite ou les bains aromatiques (troubles gyn\u00e9cologiques ou circulatoires, bains de pieds contre mycoses et verrues, etc.).\" \/>\n<meta property=\"og:url\" content=\"https:\/\/www.laboratoire-helpac.com\/en\/p\/tea-tree-organic-5\/\" \/>\n<meta property=\"og:site_name\" content=\"HELPAC\" \/>\n<meta property=\"article:modified_time\" content=\"2023-11-29T18:40:05+00:00\" \/>\n<meta property=\"og:image\" content=\"https:\/\/www.laboratoire-helpac.com\/wp-content\/uploads\/2023\/11\/EF_TEATREE-EN-1.png\" \/>\n\t<meta property=\"og:image:width\" content=\"1000\" \/>\n\t<meta property=\"og:image:height\" content=\"1000\" \/>\n\t<meta property=\"og:image:type\" content=\"image\/png\" \/>\n<meta name=\"twitter:card\" content=\"summary_large_image\" \/>\n<meta name=\"twitter:label1\" content=\"Est. reading time\" \/>\n\t<meta name=\"twitter:data1\" content=\"1 minute\" \/>\n<script type=\"application\/ld+json\" class=\"yoast-schema-graph\">{\"@context\":\"https:\/\/schema.org\",\"@graph\":[{\"@type\":\"WebPage\",\"@id\":\"https:\/\/www.laboratoire-helpac.com\/en\/p\/tea-tree-organic-5\/\",\"url\":\"https:\/\/www.laboratoire-helpac.com\/en\/p\/tea-tree-organic-5\/\",\"name\":\"Floral water Organic tea tree (Afrique du sud) | HELPAC\",\"isPartOf\":{\"@id\":\"https:\/\/www.laboratoire-helpac.com\/en\/#website\"},\"primaryImageOfPage\":{\"@id\":\"https:\/\/www.laboratoire-helpac.com\/en\/p\/tea-tree-organic-5\/#primaryimage\"},\"image\":{\"@id\":\"https:\/\/www.laboratoire-helpac.com\/en\/p\/tea-tree-organic-5\/#primaryimage\"},\"thumbnailUrl\":\"https:\/\/www.laboratoire-helpac.com\/wp-content\/uploads\/2023\/11\/EF_TEATREE-EN-1.png\",\"datePublished\":\"2023-07-30T14:59:11+00:00\",\"dateModified\":\"2023-11-29T18:40:05+00:00\",\"description\":\"Tonique et purifiante, indispensable pour le soin des peaux grasses et acn\u00e9iques et le traitement des mycoses et verrues, l\u2019eau florale de Tea-tree entrera dans toutes les formulations cosm\u00e9tiques\u00a0: gels, savons, lotions, lait, cr\u00e8me, etc. mais \u00e9galement dans tous les soins de la sph\u00e8re bucco-dentaire pour les Infections buccales, aphtes, gingivites, inflammations dentaires, parodontoses, etc. Elle entre \u00e9galement dans les synergies visant \u00e0 apaiser la conjonctivite ou les bains aromatiques (troubles gyn\u00e9cologiques ou circulatoires, bains de pieds contre mycoses et verrues, etc.).\",\"breadcrumb\":{\"@id\":\"https:\/\/www.laboratoire-helpac.com\/en\/p\/tea-tree-organic-5\/#breadcrumb\"},\"inLanguage\":\"en-US\",\"potentialAction\":[{\"@type\":\"ReadAction\",\"target\":[\"https:\/\/www.laboratoire-helpac.com\/en\/p\/tea-tree-organic-5\/\"]}]},{\"@type\":\"ImageObject\",\"inLanguage\":\"en-US\",\"@id\":\"https:\/\/www.laboratoire-helpac.com\/en\/p\/tea-tree-organic-5\/#primaryimage\",\"url\":\"https:\/\/www.laboratoire-helpac.com\/wp-content\/uploads\/2023\/11\/EF_TEATREE-EN-1.png\",\"contentUrl\":\"https:\/\/www.laboratoire-helpac.com\/wp-content\/uploads\/2023\/11\/EF_TEATREE-EN-1.png\",\"width\":1000,\"height\":1000,\"caption\":\"Essential oil Tea Tree Organic (South Africa) wholesaler\"},{\"@type\":\"BreadcrumbList\",\"@id\":\"https:\/\/www.laboratoire-helpac.com\/en\/p\/tea-tree-organic-5\/#breadcrumb\",\"itemListElement\":[{\"@type\":\"ListItem\",\"position\":1,\"name\":\"Accueil\",\"item\":\"https:\/\/www.laboratoire-helpac.com\/en\/\"},{\"@type\":\"ListItem\",\"position\":2,\"name\":\"Our ingredients\",\"item\":\"https:\/\/www.laboratoire-helpac.com\/en\/products\/\"},{\"@type\":\"ListItem\",\"position\":3,\"name\":\"TEA TREE ORGANIC\"}]},{\"@type\":\"WebSite\",\"@id\":\"https:\/\/www.laboratoire-helpac.com\/en\/#website\",\"url\":\"https:\/\/www.laboratoire-helpac.com\/en\/\",\"name\":\"HELPAC\",\"description\":\"\",\"publisher\":{\"@id\":\"https:\/\/www.laboratoire-helpac.com\/en\/#organization\"},\"potentialAction\":[{\"@type\":\"SearchAction\",\"target\":{\"@type\":\"EntryPoint\",\"urlTemplate\":\"https:\/\/www.laboratoire-helpac.com\/en\/?s={search_term_string}\"},\"query-input\":{\"@type\":\"PropertyValueSpecification\",\"valueRequired\":true,\"valueName\":\"search_term_string\"}}],\"inLanguage\":\"en-US\"},{\"@type\":\"Organization\",\"@id\":\"https:\/\/www.laboratoire-helpac.com\/en\/#organization\",\"name\":\"Helpac\",\"url\":\"https:\/\/www.laboratoire-helpac.com\/en\/\",\"logo\":{\"@type\":\"ImageObject\",\"inLanguage\":\"en-US\",\"@id\":\"https:\/\/www.laboratoire-helpac.com\/en\/#\/schema\/logo\/image\/\",\"url\":\"https:\/\/dev.fizzbuzz.fr\/helpac\/wp-content\/uploads\/2023\/05\/Logo-Helpac.jpg\",\"contentUrl\":\"https:\/\/dev.fizzbuzz.fr\/helpac\/wp-content\/uploads\/2023\/05\/Logo-Helpac.jpg\",\"width\":200,\"height\":200,\"caption\":\"Helpac\"},\"image\":{\"@id\":\"https:\/\/www.laboratoire-helpac.com\/en\/#\/schema\/logo\/image\/\"},\"sameAs\":[\"https:\/\/www.linkedin.com\/company\/helpac\/\"]}]}<\/script>\n<!-- \/ Yoast SEO plugin. -->","yoast_head_json":{"title":"Floral water Organic tea tree (Afrique du sud) | HELPAC","description":"Tonique et purifiante, indispensable pour le soin des peaux grasses et acn\u00e9iques et le traitement des mycoses et verrues, l\u2019eau florale de Tea-tree entrera dans toutes les formulations cosm\u00e9tiques\u00a0: gels, savons, lotions, lait, cr\u00e8me, etc. mais \u00e9galement dans tous les soins de la sph\u00e8re bucco-dentaire pour les Infections buccales, aphtes, gingivites, inflammations dentaires, parodontoses, etc. Elle entre \u00e9galement dans les synergies visant \u00e0 apaiser la conjonctivite ou les bains aromatiques (troubles gyn\u00e9cologiques ou circulatoires, bains de pieds contre mycoses et verrues, etc.).","robots":{"index":"index","follow":"follow","max-snippet":"max-snippet:-1","max-image-preview":"max-image-preview:large","max-video-preview":"max-video-preview:-1"},"canonical":"https:\/\/www.laboratoire-helpac.com\/en\/p\/tea-tree-organic-5\/","og_locale":"en_US","og_type":"article","og_title":"Floral water Organic tea tree (Afrique du sud) | HELPAC","og_description":"Tonique et purifiante, indispensable pour le soin des peaux grasses et acn\u00e9iques et le traitement des mycoses et verrues, l\u2019eau florale de Tea-tree entrera dans toutes les formulations cosm\u00e9tiques\u00a0: gels, savons, lotions, lait, cr\u00e8me, etc. mais \u00e9galement dans tous les soins de la sph\u00e8re bucco-dentaire pour les Infections buccales, aphtes, gingivites, inflammations dentaires, parodontoses, etc. Elle entre \u00e9galement dans les synergies visant \u00e0 apaiser la conjonctivite ou les bains aromatiques (troubles gyn\u00e9cologiques ou circulatoires, bains de pieds contre mycoses et verrues, etc.).","og_url":"https:\/\/www.laboratoire-helpac.com\/en\/p\/tea-tree-organic-5\/","og_site_name":"HELPAC","article_modified_time":"2023-11-29T18:40:05+00:00","og_image":[{"width":1000,"height":1000,"url":"https:\/\/www.laboratoire-helpac.com\/wp-content\/uploads\/2023\/11\/EF_TEATREE-EN-1.png","type":"image\/png"}],"twitter_card":"summary_large_image","twitter_misc":{"Est. reading time":"1 minute"},"schema":{"@context":"https:\/\/schema.org","@graph":[{"@type":"WebPage","@id":"https:\/\/www.laboratoire-helpac.com\/en\/p\/tea-tree-organic-5\/","url":"https:\/\/www.laboratoire-helpac.com\/en\/p\/tea-tree-organic-5\/","name":"Floral water Organic tea tree (Afrique du sud) | HELPAC","isPartOf":{"@id":"https:\/\/www.laboratoire-helpac.com\/en\/#website"},"primaryImageOfPage":{"@id":"https:\/\/www.laboratoire-helpac.com\/en\/p\/tea-tree-organic-5\/#primaryimage"},"image":{"@id":"https:\/\/www.laboratoire-helpac.com\/en\/p\/tea-tree-organic-5\/#primaryimage"},"thumbnailUrl":"https:\/\/www.laboratoire-helpac.com\/wp-content\/uploads\/2023\/11\/EF_TEATREE-EN-1.png","datePublished":"2023-07-30T14:59:11+00:00","dateModified":"2023-11-29T18:40:05+00:00","description":"Tonique et purifiante, indispensable pour le soin des peaux grasses et acn\u00e9iques et le traitement des mycoses et verrues, l\u2019eau florale de Tea-tree entrera dans toutes les formulations cosm\u00e9tiques\u00a0: gels, savons, lotions, lait, cr\u00e8me, etc. mais \u00e9galement dans tous les soins de la sph\u00e8re bucco-dentaire pour les Infections buccales, aphtes, gingivites, inflammations dentaires, parodontoses, etc. Elle entre \u00e9galement dans les synergies visant \u00e0 apaiser la conjonctivite ou les bains aromatiques (troubles gyn\u00e9cologiques ou circulatoires, bains de pieds contre mycoses et verrues, etc.).","breadcrumb":{"@id":"https:\/\/www.laboratoire-helpac.com\/en\/p\/tea-tree-organic-5\/#breadcrumb"},"inLanguage":"en-US","potentialAction":[{"@type":"ReadAction","target":["https:\/\/www.laboratoire-helpac.com\/en\/p\/tea-tree-organic-5\/"]}]},{"@type":"ImageObject","inLanguage":"en-US","@id":"https:\/\/www.laboratoire-helpac.com\/en\/p\/tea-tree-organic-5\/#primaryimage","url":"https:\/\/www.laboratoire-helpac.com\/wp-content\/uploads\/2023\/11\/EF_TEATREE-EN-1.png","contentUrl":"https:\/\/www.laboratoire-helpac.com\/wp-content\/uploads\/2023\/11\/EF_TEATREE-EN-1.png","width":1000,"height":1000,"caption":"Essential oil Tea Tree Organic (South Africa) wholesaler"},{"@type":"BreadcrumbList","@id":"https:\/\/www.laboratoire-helpac.com\/en\/p\/tea-tree-organic-5\/#breadcrumb","itemListElement":[{"@type":"ListItem","position":1,"name":"Accueil","item":"https:\/\/www.laboratoire-helpac.com\/en\/"},{"@type":"ListItem","position":2,"name":"Our ingredients","item":"https:\/\/www.laboratoire-helpac.com\/en\/products\/"},{"@type":"ListItem","position":3,"name":"TEA TREE ORGANIC"}]},{"@type":"WebSite","@id":"https:\/\/www.laboratoire-helpac.com\/en\/#website","url":"https:\/\/www.laboratoire-helpac.com\/en\/","name":"HELPAC","description":"","publisher":{"@id":"https:\/\/www.laboratoire-helpac.com\/en\/#organization"},"potentialAction":[{"@type":"SearchAction","target":{"@type":"EntryPoint","urlTemplate":"https:\/\/www.laboratoire-helpac.com\/en\/?s={search_term_string}"},"query-input":{"@type":"PropertyValueSpecification","valueRequired":true,"valueName":"search_term_string"}}],"inLanguage":"en-US"},{"@type":"Organization","@id":"https:\/\/www.laboratoire-helpac.com\/en\/#organization","name":"Helpac","url":"https:\/\/www.laboratoire-helpac.com\/en\/","logo":{"@type":"ImageObject","inLanguage":"en-US","@id":"https:\/\/www.laboratoire-helpac.com\/en\/#\/schema\/logo\/image\/","url":"https:\/\/dev.fizzbuzz.fr\/helpac\/wp-content\/uploads\/2023\/05\/Logo-Helpac.jpg","contentUrl":"https:\/\/dev.fizzbuzz.fr\/helpac\/wp-content\/uploads\/2023\/05\/Logo-Helpac.jpg","width":200,"height":200,"caption":"Helpac"},"image":{"@id":"https:\/\/www.laboratoire-helpac.com\/en\/#\/schema\/logo\/image\/"},"sameAs":["https:\/\/www.linkedin.com\/company\/helpac\/"]}]}},"_links":{"self":[{"href":"https:\/\/www.laboratoire-helpac.com\/en\/wp-json\/wp\/v2\/product\/5399","targetHints":{"allow":["GET"]}}],"collection":[{"href":"https:\/\/www.laboratoire-helpac.com\/en\/wp-json\/wp\/v2\/product"}],"about":[{"href":"https:\/\/www.laboratoire-helpac.com\/en\/wp-json\/wp\/v2\/types\/product"}],"wp:featuredmedia":[{"embeddable":true,"href":"https:\/\/www.laboratoire-helpac.com\/en\/wp-json\/wp\/v2\/media\/9444"}],"wp:attachment":[{"href":"https:\/\/www.laboratoire-helpac.com\/en\/wp-json\/wp\/v2\/media?parent=5399"}],"wp:term":[{"taxonomy":"product_cat","embeddable":true,"href":"https:\/\/www.laboratoire-helpac.com\/en\/wp-json\/wp\/v2\/product_cat?post=5399"},{"taxonomy":"product_tag","embeddable":true,"href":"https:\/\/www.laboratoire-helpac.com\/en\/wp-json\/wp\/v2\/product_tag?post=5399"}],"curies":[{"name":"wp","href":"https:\/\/api.w.org\/{rel}","templated":true}]}}