{"id":5398,"date":"2023-07-30T16:59:11","date_gmt":"2023-07-30T14:59:11","guid":{"rendered":"http:\/\/localhost\/wordpress\/produit\/organic-tea-tree-4\/"},"modified":"2023-11-29T19:40:05","modified_gmt":"2023-11-29T18:40:05","slug":"tea-tree-organic","status":"publish","type":"product","link":"https:\/\/www.laboratoire-helpac.com\/en\/p\/tea-tree-organic\/","title":{"rendered":"TEA TREE ORGANIC"},"content":{"rendered":"<p>A green, herbaceous fragrance, a pH of 3.5 to 5 and monoterpenols: tea-tree floral water, like its essential oil, is the floral water of choice for oily or acne-prone skin (gel, milk, cream, soap, etc.), mycosis and warts (creams, footbaths, mouthwashes, etc.). ), mycosis and warts (creams, footbaths), the oral and dental spheres (cleaning braces, toothpastes, mouthwash) and, internally, respiratory infections and digestive problems (mycosis, infection).<\/p>\n","protected":false},"excerpt":{"rendered":"<p>A green, herbaceous fragrance, a pH of 3.5 to 5 and monoterpenols: tea-tree floral water, like its essential oil, is the floral water of choice for oily or acne-prone skin (gel, milk, cream, soap, etc.), mycosis and warts (creams, footbaths, mouthwashes, etc.). ), mycosis and warts (creams, footbaths), the oral and dental spheres (cleaning braces, [&hellip;]<\/p>\n","protected":false},"featured_media":9443,"template":"","meta":[],"product_cat":[382],"product_tag":[],"class_list":{"0":"post-5398","1":"product","2":"type-product","3":"status-publish","4":"has-post-thumbnail","6":"product_cat-flower-waters","7":"pa_certifications-organic","8":"pa_origines-africa","9":"pa_usages-cosmetic","10":"pa_usages-food","12":"first","13":"instock","14":"purchasable","15":"product-type-simple"},"acf":[],"yoast_head":"<!-- This site is optimized with the Yoast SEO plugin v23.9 - https:\/\/yoast.com\/wordpress\/plugins\/seo\/ -->\n<title>Floral water Organic tea tree (South Africa) | HELPAC<\/title>\n<meta name=\"description\" content=\"Un parfum vert et herbac\u00e9, un pH de 3.5 \u00e0 5 et des monoterp\u00e9nols\u00a0: l\u2019eau florale de tea-tree est, comme son huile essentielle, l\u2019eau florale des peaux grasses ou acn\u00e9iques (gel, lait, cr\u00e8me, savon, etc.), des mycoses et verrues (cr\u00e8mes, bains de pieds), de la sph\u00e8re bucco-dentaire (nettoyage des appareils dentaires, dentifrices, bain de bouche) et, en interne, des infections respiratoires et probl\u00e8mes de la sph\u00e8re digestive (mycose, infection).\" \/>\n<meta name=\"robots\" content=\"index, follow, max-snippet:-1, max-image-preview:large, max-video-preview:-1\" \/>\n<link rel=\"canonical\" href=\"https:\/\/www.laboratoire-helpac.com\/en\/p\/tea-tree-organic\/\" \/>\n<meta property=\"og:locale\" content=\"en_US\" \/>\n<meta property=\"og:type\" content=\"article\" \/>\n<meta property=\"og:title\" content=\"Floral water Organic tea tree (South Africa) | HELPAC\" \/>\n<meta property=\"og:description\" content=\"Un parfum vert et herbac\u00e9, un pH de 3.5 \u00e0 5 et des monoterp\u00e9nols\u00a0: l\u2019eau florale de tea-tree est, comme son huile essentielle, l\u2019eau florale des peaux grasses ou acn\u00e9iques (gel, lait, cr\u00e8me, savon, etc.), des mycoses et verrues (cr\u00e8mes, bains de pieds), de la sph\u00e8re bucco-dentaire (nettoyage des appareils dentaires, dentifrices, bain de bouche) et, en interne, des infections respiratoires et probl\u00e8mes de la sph\u00e8re digestive (mycose, infection).\" \/>\n<meta property=\"og:url\" content=\"https:\/\/www.laboratoire-helpac.com\/en\/p\/tea-tree-organic\/\" \/>\n<meta property=\"og:site_name\" content=\"HELPAC\" \/>\n<meta property=\"article:modified_time\" content=\"2023-11-29T18:40:05+00:00\" \/>\n<meta property=\"og:image\" content=\"https:\/\/www.laboratoire-helpac.com\/wp-content\/uploads\/2023\/11\/EF_TEATREE-EN.png\" \/>\n\t<meta property=\"og:image:width\" content=\"1000\" \/>\n\t<meta property=\"og:image:height\" content=\"1000\" \/>\n\t<meta property=\"og:image:type\" content=\"image\/png\" \/>\n<meta name=\"twitter:card\" content=\"summary_large_image\" \/>\n<script type=\"application\/ld+json\" class=\"yoast-schema-graph\">{\"@context\":\"https:\/\/schema.org\",\"@graph\":[{\"@type\":\"WebPage\",\"@id\":\"https:\/\/www.laboratoire-helpac.com\/en\/p\/tea-tree-organic\/\",\"url\":\"https:\/\/www.laboratoire-helpac.com\/en\/p\/tea-tree-organic\/\",\"name\":\"Floral water Organic tea tree (South Africa) | HELPAC\",\"isPartOf\":{\"@id\":\"https:\/\/www.laboratoire-helpac.com\/en\/#website\"},\"primaryImageOfPage\":{\"@id\":\"https:\/\/www.laboratoire-helpac.com\/en\/p\/tea-tree-organic\/#primaryimage\"},\"image\":{\"@id\":\"https:\/\/www.laboratoire-helpac.com\/en\/p\/tea-tree-organic\/#primaryimage\"},\"thumbnailUrl\":\"https:\/\/www.laboratoire-helpac.com\/wp-content\/uploads\/2023\/11\/EF_TEATREE-EN.png\",\"datePublished\":\"2023-07-30T14:59:11+00:00\",\"dateModified\":\"2023-11-29T18:40:05+00:00\",\"description\":\"Un parfum vert et herbac\u00e9, un pH de 3.5 \u00e0 5 et des monoterp\u00e9nols\u00a0: l\u2019eau florale de tea-tree est, comme son huile essentielle, l\u2019eau florale des peaux grasses ou acn\u00e9iques (gel, lait, cr\u00e8me, savon, etc.), des mycoses et verrues (cr\u00e8mes, bains de pieds), de la sph\u00e8re bucco-dentaire (nettoyage des appareils dentaires, dentifrices, bain de bouche) et, en interne, des infections respiratoires et probl\u00e8mes de la sph\u00e8re digestive (mycose, infection).\",\"breadcrumb\":{\"@id\":\"https:\/\/www.laboratoire-helpac.com\/en\/p\/tea-tree-organic\/#breadcrumb\"},\"inLanguage\":\"en-US\",\"potentialAction\":[{\"@type\":\"ReadAction\",\"target\":[\"https:\/\/www.laboratoire-helpac.com\/en\/p\/tea-tree-organic\/\"]}]},{\"@type\":\"ImageObject\",\"inLanguage\":\"en-US\",\"@id\":\"https:\/\/www.laboratoire-helpac.com\/en\/p\/tea-tree-organic\/#primaryimage\",\"url\":\"https:\/\/www.laboratoire-helpac.com\/wp-content\/uploads\/2023\/11\/EF_TEATREE-EN.png\",\"contentUrl\":\"https:\/\/www.laboratoire-helpac.com\/wp-content\/uploads\/2023\/11\/EF_TEATREE-EN.png\",\"width\":1000,\"height\":1000,\"caption\":\"Essential oil Tea Tree Organic (South Africa) wholesaler\"},{\"@type\":\"BreadcrumbList\",\"@id\":\"https:\/\/www.laboratoire-helpac.com\/en\/p\/tea-tree-organic\/#breadcrumb\",\"itemListElement\":[{\"@type\":\"ListItem\",\"position\":1,\"name\":\"Accueil\",\"item\":\"https:\/\/www.laboratoire-helpac.com\/en\/\"},{\"@type\":\"ListItem\",\"position\":2,\"name\":\"Our ingredients\",\"item\":\"https:\/\/www.laboratoire-helpac.com\/en\/products\/\"},{\"@type\":\"ListItem\",\"position\":3,\"name\":\"TEA TREE ORGANIC\"}]},{\"@type\":\"WebSite\",\"@id\":\"https:\/\/www.laboratoire-helpac.com\/en\/#website\",\"url\":\"https:\/\/www.laboratoire-helpac.com\/en\/\",\"name\":\"HELPAC\",\"description\":\"\",\"publisher\":{\"@id\":\"https:\/\/www.laboratoire-helpac.com\/en\/#organization\"},\"potentialAction\":[{\"@type\":\"SearchAction\",\"target\":{\"@type\":\"EntryPoint\",\"urlTemplate\":\"https:\/\/www.laboratoire-helpac.com\/en\/?s={search_term_string}\"},\"query-input\":{\"@type\":\"PropertyValueSpecification\",\"valueRequired\":true,\"valueName\":\"search_term_string\"}}],\"inLanguage\":\"en-US\"},{\"@type\":\"Organization\",\"@id\":\"https:\/\/www.laboratoire-helpac.com\/en\/#organization\",\"name\":\"Helpac\",\"url\":\"https:\/\/www.laboratoire-helpac.com\/en\/\",\"logo\":{\"@type\":\"ImageObject\",\"inLanguage\":\"en-US\",\"@id\":\"https:\/\/www.laboratoire-helpac.com\/en\/#\/schema\/logo\/image\/\",\"url\":\"https:\/\/dev.fizzbuzz.fr\/helpac\/wp-content\/uploads\/2023\/05\/Logo-Helpac.jpg\",\"contentUrl\":\"https:\/\/dev.fizzbuzz.fr\/helpac\/wp-content\/uploads\/2023\/05\/Logo-Helpac.jpg\",\"width\":200,\"height\":200,\"caption\":\"Helpac\"},\"image\":{\"@id\":\"https:\/\/www.laboratoire-helpac.com\/en\/#\/schema\/logo\/image\/\"},\"sameAs\":[\"https:\/\/www.linkedin.com\/company\/helpac\/\"]}]}<\/script>\n<!-- \/ Yoast SEO plugin. -->","yoast_head_json":{"title":"Floral water Organic tea tree (South Africa) | HELPAC","description":"Un parfum vert et herbac\u00e9, un pH de 3.5 \u00e0 5 et des monoterp\u00e9nols\u00a0: l\u2019eau florale de tea-tree est, comme son huile essentielle, l\u2019eau florale des peaux grasses ou acn\u00e9iques (gel, lait, cr\u00e8me, savon, etc.), des mycoses et verrues (cr\u00e8mes, bains de pieds), de la sph\u00e8re bucco-dentaire (nettoyage des appareils dentaires, dentifrices, bain de bouche) et, en interne, des infections respiratoires et probl\u00e8mes de la sph\u00e8re digestive (mycose, infection).","robots":{"index":"index","follow":"follow","max-snippet":"max-snippet:-1","max-image-preview":"max-image-preview:large","max-video-preview":"max-video-preview:-1"},"canonical":"https:\/\/www.laboratoire-helpac.com\/en\/p\/tea-tree-organic\/","og_locale":"en_US","og_type":"article","og_title":"Floral water Organic tea tree (South Africa) | HELPAC","og_description":"Un parfum vert et herbac\u00e9, un pH de 3.5 \u00e0 5 et des monoterp\u00e9nols\u00a0: l\u2019eau florale de tea-tree est, comme son huile essentielle, l\u2019eau florale des peaux grasses ou acn\u00e9iques (gel, lait, cr\u00e8me, savon, etc.), des mycoses et verrues (cr\u00e8mes, bains de pieds), de la sph\u00e8re bucco-dentaire (nettoyage des appareils dentaires, dentifrices, bain de bouche) et, en interne, des infections respiratoires et probl\u00e8mes de la sph\u00e8re digestive (mycose, infection).","og_url":"https:\/\/www.laboratoire-helpac.com\/en\/p\/tea-tree-organic\/","og_site_name":"HELPAC","article_modified_time":"2023-11-29T18:40:05+00:00","og_image":[{"width":1000,"height":1000,"url":"https:\/\/www.laboratoire-helpac.com\/wp-content\/uploads\/2023\/11\/EF_TEATREE-EN.png","type":"image\/png"}],"twitter_card":"summary_large_image","schema":{"@context":"https:\/\/schema.org","@graph":[{"@type":"WebPage","@id":"https:\/\/www.laboratoire-helpac.com\/en\/p\/tea-tree-organic\/","url":"https:\/\/www.laboratoire-helpac.com\/en\/p\/tea-tree-organic\/","name":"Floral water Organic tea tree (South Africa) | HELPAC","isPartOf":{"@id":"https:\/\/www.laboratoire-helpac.com\/en\/#website"},"primaryImageOfPage":{"@id":"https:\/\/www.laboratoire-helpac.com\/en\/p\/tea-tree-organic\/#primaryimage"},"image":{"@id":"https:\/\/www.laboratoire-helpac.com\/en\/p\/tea-tree-organic\/#primaryimage"},"thumbnailUrl":"https:\/\/www.laboratoire-helpac.com\/wp-content\/uploads\/2023\/11\/EF_TEATREE-EN.png","datePublished":"2023-07-30T14:59:11+00:00","dateModified":"2023-11-29T18:40:05+00:00","description":"Un parfum vert et herbac\u00e9, un pH de 3.5 \u00e0 5 et des monoterp\u00e9nols\u00a0: l\u2019eau florale de tea-tree est, comme son huile essentielle, l\u2019eau florale des peaux grasses ou acn\u00e9iques (gel, lait, cr\u00e8me, savon, etc.), des mycoses et verrues (cr\u00e8mes, bains de pieds), de la sph\u00e8re bucco-dentaire (nettoyage des appareils dentaires, dentifrices, bain de bouche) et, en interne, des infections respiratoires et probl\u00e8mes de la sph\u00e8re digestive (mycose, infection).","breadcrumb":{"@id":"https:\/\/www.laboratoire-helpac.com\/en\/p\/tea-tree-organic\/#breadcrumb"},"inLanguage":"en-US","potentialAction":[{"@type":"ReadAction","target":["https:\/\/www.laboratoire-helpac.com\/en\/p\/tea-tree-organic\/"]}]},{"@type":"ImageObject","inLanguage":"en-US","@id":"https:\/\/www.laboratoire-helpac.com\/en\/p\/tea-tree-organic\/#primaryimage","url":"https:\/\/www.laboratoire-helpac.com\/wp-content\/uploads\/2023\/11\/EF_TEATREE-EN.png","contentUrl":"https:\/\/www.laboratoire-helpac.com\/wp-content\/uploads\/2023\/11\/EF_TEATREE-EN.png","width":1000,"height":1000,"caption":"Essential oil Tea Tree Organic (South Africa) wholesaler"},{"@type":"BreadcrumbList","@id":"https:\/\/www.laboratoire-helpac.com\/en\/p\/tea-tree-organic\/#breadcrumb","itemListElement":[{"@type":"ListItem","position":1,"name":"Accueil","item":"https:\/\/www.laboratoire-helpac.com\/en\/"},{"@type":"ListItem","position":2,"name":"Our ingredients","item":"https:\/\/www.laboratoire-helpac.com\/en\/products\/"},{"@type":"ListItem","position":3,"name":"TEA TREE ORGANIC"}]},{"@type":"WebSite","@id":"https:\/\/www.laboratoire-helpac.com\/en\/#website","url":"https:\/\/www.laboratoire-helpac.com\/en\/","name":"HELPAC","description":"","publisher":{"@id":"https:\/\/www.laboratoire-helpac.com\/en\/#organization"},"potentialAction":[{"@type":"SearchAction","target":{"@type":"EntryPoint","urlTemplate":"https:\/\/www.laboratoire-helpac.com\/en\/?s={search_term_string}"},"query-input":{"@type":"PropertyValueSpecification","valueRequired":true,"valueName":"search_term_string"}}],"inLanguage":"en-US"},{"@type":"Organization","@id":"https:\/\/www.laboratoire-helpac.com\/en\/#organization","name":"Helpac","url":"https:\/\/www.laboratoire-helpac.com\/en\/","logo":{"@type":"ImageObject","inLanguage":"en-US","@id":"https:\/\/www.laboratoire-helpac.com\/en\/#\/schema\/logo\/image\/","url":"https:\/\/dev.fizzbuzz.fr\/helpac\/wp-content\/uploads\/2023\/05\/Logo-Helpac.jpg","contentUrl":"https:\/\/dev.fizzbuzz.fr\/helpac\/wp-content\/uploads\/2023\/05\/Logo-Helpac.jpg","width":200,"height":200,"caption":"Helpac"},"image":{"@id":"https:\/\/www.laboratoire-helpac.com\/en\/#\/schema\/logo\/image\/"},"sameAs":["https:\/\/www.linkedin.com\/company\/helpac\/"]}]}},"_links":{"self":[{"href":"https:\/\/www.laboratoire-helpac.com\/en\/wp-json\/wp\/v2\/product\/5398","targetHints":{"allow":["GET"]}}],"collection":[{"href":"https:\/\/www.laboratoire-helpac.com\/en\/wp-json\/wp\/v2\/product"}],"about":[{"href":"https:\/\/www.laboratoire-helpac.com\/en\/wp-json\/wp\/v2\/types\/product"}],"wp:featuredmedia":[{"embeddable":true,"href":"https:\/\/www.laboratoire-helpac.com\/en\/wp-json\/wp\/v2\/media\/9443"}],"wp:attachment":[{"href":"https:\/\/www.laboratoire-helpac.com\/en\/wp-json\/wp\/v2\/media?parent=5398"}],"wp:term":[{"taxonomy":"product_cat","embeddable":true,"href":"https:\/\/www.laboratoire-helpac.com\/en\/wp-json\/wp\/v2\/product_cat?post=5398"},{"taxonomy":"product_tag","embeddable":true,"href":"https:\/\/www.laboratoire-helpac.com\/en\/wp-json\/wp\/v2\/product_tag?post=5398"}],"curies":[{"name":"wp","href":"https:\/\/api.w.org\/{rel}","templated":true}]}}