{"id":5397,"date":"2023-07-30T16:59:11","date_gmt":"2023-07-30T14:59:11","guid":{"rendered":"http:\/\/localhost\/wordpress\/produit\/organic-elderberry\/"},"modified":"2023-11-29T19:40:05","modified_gmt":"2023-11-29T18:40:05","slug":"elderflower-organic","status":"publish","type":"product","link":"https:\/\/www.laboratoire-helpac.com\/en\/p\/elderflower-organic\/","title":{"rendered":"ELDERFLOWER ORGANIC"},"content":{"rendered":"<p>Floral, fruity, liquorous, honeyed and sweet, Elder floral water is a delight for herbal teas, syrups and other drinks, as well as ice creams, sorbets and all kinds of desserts! In cosmetics, we appreciate its gentleness: decongestant, it can be used as a make-up remover, mask or treatment for irritated and sensitive eyes, or for conjunctivitis. Emollient, soothing and softening, it cares for dry or irritated skin and regulates oily skin. Internally, it boosts the immune system and is antiviral. In baths or internally, it is appreciated for its sudorific, detoxifying, depurative and diuretic qualities as an inter-seasonal cure or for cystitis or weight problems. It can also be used in pain-relieving formulas (osteoarthritis, arthritis, rheumatism, etc.).<\/p>\n","protected":false},"excerpt":{"rendered":"<p>Floral, fruity, liquorous, honeyed and sweet, Elder floral water is a delight for herbal teas, syrups and other drinks, as well as ice creams, sorbets and all kinds of desserts! In cosmetics, we appreciate its gentleness: decongestant, it can be used as a make-up remover, mask or treatment for irritated and sensitive eyes, or for [&hellip;]<\/p>\n","protected":false},"featured_media":7081,"template":"","meta":[],"product_cat":[382],"product_tag":[],"class_list":{"0":"post-5397","1":"product","2":"type-product","3":"status-publish","4":"has-post-thumbnail","6":"product_cat-flower-waters","7":"pa_certifications-organic","8":"pa_fabrication-oui-en","9":"pa_origines-france-en","10":"pa_usages-cosmetic","11":"pa_usages-food","13":"first","14":"instock","15":"purchasable","16":"product-type-simple"},"acf":[],"yoast_head":"<!-- This site is optimized with the Yoast SEO plugin v23.9 - https:\/\/yoast.com\/wordpress\/plugins\/seo\/ -->\n<title>Floral water Organic elderberry (France) | HELPAC<\/title>\n<meta name=\"description\" content=\"Florale, fruit\u00e9e, liquoreuse, miell\u00e9e et douce, l\u2019eau florale de Sureau est un d\u00e9lice pour les tisanes, sirops et autres boissons, mais aussi les glaces et sorbets et toutes sortes de desserts\u00a0! En cosm\u00e9tique, on appr\u00e9cie sa douceur\u00a0: d\u00e9congestionnante, elle sera utilis\u00e9e en d\u00e9maquillant, masque ou soins des yeux irrit\u00e9s et sensibles, ou pour la conjonctivite. \u00c9molliente, apaisante et adoucissante, elle prend soin des peaux s\u00e8ches ou irrit\u00e9es et r\u00e9gule les peaux grasses. En interne, elle renforce les d\u00e9fenses immunitaires et est antivirale. En bains ou en interne, on appr\u00e9cie ses qualit\u00e9s sudorifiques, d\u00e9toxifiantes, d\u00e9puratives et diur\u00e9tiques en cure d\u2019inter-saisons ou pour les probl\u00e8mes de cystite ou de poids. Elle peut \u00e9galement entrer dans les formules antidouleur (arthrose, arthrite, rhumatismes, etc.).\" \/>\n<meta name=\"robots\" content=\"index, follow, max-snippet:-1, max-image-preview:large, max-video-preview:-1\" \/>\n<link rel=\"canonical\" href=\"https:\/\/www.laboratoire-helpac.com\/en\/p\/elderflower-organic\/\" \/>\n<meta property=\"og:locale\" content=\"en_US\" \/>\n<meta property=\"og:type\" content=\"article\" \/>\n<meta property=\"og:title\" content=\"Floral water Organic elderberry (France) | HELPAC\" \/>\n<meta property=\"og:description\" content=\"Florale, fruit\u00e9e, liquoreuse, miell\u00e9e et douce, l\u2019eau florale de Sureau est un d\u00e9lice pour les tisanes, sirops et autres boissons, mais aussi les glaces et sorbets et toutes sortes de desserts\u00a0! En cosm\u00e9tique, on appr\u00e9cie sa douceur\u00a0: d\u00e9congestionnante, elle sera utilis\u00e9e en d\u00e9maquillant, masque ou soins des yeux irrit\u00e9s et sensibles, ou pour la conjonctivite. \u00c9molliente, apaisante et adoucissante, elle prend soin des peaux s\u00e8ches ou irrit\u00e9es et r\u00e9gule les peaux grasses. En interne, elle renforce les d\u00e9fenses immunitaires et est antivirale. En bains ou en interne, on appr\u00e9cie ses qualit\u00e9s sudorifiques, d\u00e9toxifiantes, d\u00e9puratives et diur\u00e9tiques en cure d\u2019inter-saisons ou pour les probl\u00e8mes de cystite ou de poids. Elle peut \u00e9galement entrer dans les formules antidouleur (arthrose, arthrite, rhumatismes, etc.).\" \/>\n<meta property=\"og:url\" content=\"https:\/\/www.laboratoire-helpac.com\/en\/p\/elderflower-organic\/\" \/>\n<meta property=\"og:site_name\" content=\"HELPAC\" \/>\n<meta property=\"article:modified_time\" content=\"2023-11-29T18:40:05+00:00\" \/>\n<meta property=\"og:image\" content=\"https:\/\/www.laboratoire-helpac.com\/wp-content\/uploads\/2023\/09\/EF_ELDERFLOWER-EN.png\" \/>\n\t<meta property=\"og:image:width\" content=\"1280\" \/>\n\t<meta property=\"og:image:height\" content=\"1280\" \/>\n\t<meta property=\"og:image:type\" content=\"image\/png\" \/>\n<meta name=\"twitter:card\" content=\"summary_large_image\" \/>\n<meta name=\"twitter:label1\" content=\"Est. reading time\" \/>\n\t<meta name=\"twitter:data1\" content=\"1 minute\" \/>\n<script type=\"application\/ld+json\" class=\"yoast-schema-graph\">{\"@context\":\"https:\/\/schema.org\",\"@graph\":[{\"@type\":\"WebPage\",\"@id\":\"https:\/\/www.laboratoire-helpac.com\/en\/p\/elderflower-organic\/\",\"url\":\"https:\/\/www.laboratoire-helpac.com\/en\/p\/elderflower-organic\/\",\"name\":\"Floral water Organic elderberry (France) | HELPAC\",\"isPartOf\":{\"@id\":\"https:\/\/www.laboratoire-helpac.com\/en\/#website\"},\"primaryImageOfPage\":{\"@id\":\"https:\/\/www.laboratoire-helpac.com\/en\/p\/elderflower-organic\/#primaryimage\"},\"image\":{\"@id\":\"https:\/\/www.laboratoire-helpac.com\/en\/p\/elderflower-organic\/#primaryimage\"},\"thumbnailUrl\":\"https:\/\/www.laboratoire-helpac.com\/wp-content\/uploads\/2023\/09\/EF_ELDERFLOWER-EN.png\",\"datePublished\":\"2023-07-30T14:59:11+00:00\",\"dateModified\":\"2023-11-29T18:40:05+00:00\",\"description\":\"Florale, fruit\u00e9e, liquoreuse, miell\u00e9e et douce, l\u2019eau florale de Sureau est un d\u00e9lice pour les tisanes, sirops et autres boissons, mais aussi les glaces et sorbets et toutes sortes de desserts\u00a0! En cosm\u00e9tique, on appr\u00e9cie sa douceur\u00a0: d\u00e9congestionnante, elle sera utilis\u00e9e en d\u00e9maquillant, masque ou soins des yeux irrit\u00e9s et sensibles, ou pour la conjonctivite. \u00c9molliente, apaisante et adoucissante, elle prend soin des peaux s\u00e8ches ou irrit\u00e9es et r\u00e9gule les peaux grasses. En interne, elle renforce les d\u00e9fenses immunitaires et est antivirale. En bains ou en interne, on appr\u00e9cie ses qualit\u00e9s sudorifiques, d\u00e9toxifiantes, d\u00e9puratives et diur\u00e9tiques en cure d\u2019inter-saisons ou pour les probl\u00e8mes de cystite ou de poids. Elle peut \u00e9galement entrer dans les formules antidouleur (arthrose, arthrite, rhumatismes, etc.).\",\"breadcrumb\":{\"@id\":\"https:\/\/www.laboratoire-helpac.com\/en\/p\/elderflower-organic\/#breadcrumb\"},\"inLanguage\":\"en-US\",\"potentialAction\":[{\"@type\":\"ReadAction\",\"target\":[\"https:\/\/www.laboratoire-helpac.com\/en\/p\/elderflower-organic\/\"]}]},{\"@type\":\"ImageObject\",\"inLanguage\":\"en-US\",\"@id\":\"https:\/\/www.laboratoire-helpac.com\/en\/p\/elderflower-organic\/#primaryimage\",\"url\":\"https:\/\/www.laboratoire-helpac.com\/wp-content\/uploads\/2023\/09\/EF_ELDERFLOWER-EN.png\",\"contentUrl\":\"https:\/\/www.laboratoire-helpac.com\/wp-content\/uploads\/2023\/09\/EF_ELDERFLOWER-EN.png\",\"width\":1280,\"height\":1280,\"caption\":\"Floral water Organic elderberry (France) wholesaler\"},{\"@type\":\"BreadcrumbList\",\"@id\":\"https:\/\/www.laboratoire-helpac.com\/en\/p\/elderflower-organic\/#breadcrumb\",\"itemListElement\":[{\"@type\":\"ListItem\",\"position\":1,\"name\":\"Accueil\",\"item\":\"https:\/\/www.laboratoire-helpac.com\/en\/\"},{\"@type\":\"ListItem\",\"position\":2,\"name\":\"Our ingredients\",\"item\":\"https:\/\/www.laboratoire-helpac.com\/en\/products\/\"},{\"@type\":\"ListItem\",\"position\":3,\"name\":\"ELDERFLOWER ORGANIC\"}]},{\"@type\":\"WebSite\",\"@id\":\"https:\/\/www.laboratoire-helpac.com\/en\/#website\",\"url\":\"https:\/\/www.laboratoire-helpac.com\/en\/\",\"name\":\"HELPAC\",\"description\":\"\",\"publisher\":{\"@id\":\"https:\/\/www.laboratoire-helpac.com\/en\/#organization\"},\"potentialAction\":[{\"@type\":\"SearchAction\",\"target\":{\"@type\":\"EntryPoint\",\"urlTemplate\":\"https:\/\/www.laboratoire-helpac.com\/en\/?s={search_term_string}\"},\"query-input\":{\"@type\":\"PropertyValueSpecification\",\"valueRequired\":true,\"valueName\":\"search_term_string\"}}],\"inLanguage\":\"en-US\"},{\"@type\":\"Organization\",\"@id\":\"https:\/\/www.laboratoire-helpac.com\/en\/#organization\",\"name\":\"Helpac\",\"url\":\"https:\/\/www.laboratoire-helpac.com\/en\/\",\"logo\":{\"@type\":\"ImageObject\",\"inLanguage\":\"en-US\",\"@id\":\"https:\/\/www.laboratoire-helpac.com\/en\/#\/schema\/logo\/image\/\",\"url\":\"https:\/\/dev.fizzbuzz.fr\/helpac\/wp-content\/uploads\/2023\/05\/Logo-Helpac.jpg\",\"contentUrl\":\"https:\/\/dev.fizzbuzz.fr\/helpac\/wp-content\/uploads\/2023\/05\/Logo-Helpac.jpg\",\"width\":200,\"height\":200,\"caption\":\"Helpac\"},\"image\":{\"@id\":\"https:\/\/www.laboratoire-helpac.com\/en\/#\/schema\/logo\/image\/\"},\"sameAs\":[\"https:\/\/www.linkedin.com\/company\/helpac\/\"]}]}<\/script>\n<!-- \/ Yoast SEO plugin. -->","yoast_head_json":{"title":"Floral water Organic elderberry (France) | HELPAC","description":"Florale, fruit\u00e9e, liquoreuse, miell\u00e9e et douce, l\u2019eau florale de Sureau est un d\u00e9lice pour les tisanes, sirops et autres boissons, mais aussi les glaces et sorbets et toutes sortes de desserts\u00a0! En cosm\u00e9tique, on appr\u00e9cie sa douceur\u00a0: d\u00e9congestionnante, elle sera utilis\u00e9e en d\u00e9maquillant, masque ou soins des yeux irrit\u00e9s et sensibles, ou pour la conjonctivite. \u00c9molliente, apaisante et adoucissante, elle prend soin des peaux s\u00e8ches ou irrit\u00e9es et r\u00e9gule les peaux grasses. En interne, elle renforce les d\u00e9fenses immunitaires et est antivirale. En bains ou en interne, on appr\u00e9cie ses qualit\u00e9s sudorifiques, d\u00e9toxifiantes, d\u00e9puratives et diur\u00e9tiques en cure d\u2019inter-saisons ou pour les probl\u00e8mes de cystite ou de poids. Elle peut \u00e9galement entrer dans les formules antidouleur (arthrose, arthrite, rhumatismes, etc.).","robots":{"index":"index","follow":"follow","max-snippet":"max-snippet:-1","max-image-preview":"max-image-preview:large","max-video-preview":"max-video-preview:-1"},"canonical":"https:\/\/www.laboratoire-helpac.com\/en\/p\/elderflower-organic\/","og_locale":"en_US","og_type":"article","og_title":"Floral water Organic elderberry (France) | HELPAC","og_description":"Florale, fruit\u00e9e, liquoreuse, miell\u00e9e et douce, l\u2019eau florale de Sureau est un d\u00e9lice pour les tisanes, sirops et autres boissons, mais aussi les glaces et sorbets et toutes sortes de desserts\u00a0! En cosm\u00e9tique, on appr\u00e9cie sa douceur\u00a0: d\u00e9congestionnante, elle sera utilis\u00e9e en d\u00e9maquillant, masque ou soins des yeux irrit\u00e9s et sensibles, ou pour la conjonctivite. \u00c9molliente, apaisante et adoucissante, elle prend soin des peaux s\u00e8ches ou irrit\u00e9es et r\u00e9gule les peaux grasses. En interne, elle renforce les d\u00e9fenses immunitaires et est antivirale. En bains ou en interne, on appr\u00e9cie ses qualit\u00e9s sudorifiques, d\u00e9toxifiantes, d\u00e9puratives et diur\u00e9tiques en cure d\u2019inter-saisons ou pour les probl\u00e8mes de cystite ou de poids. Elle peut \u00e9galement entrer dans les formules antidouleur (arthrose, arthrite, rhumatismes, etc.).","og_url":"https:\/\/www.laboratoire-helpac.com\/en\/p\/elderflower-organic\/","og_site_name":"HELPAC","article_modified_time":"2023-11-29T18:40:05+00:00","og_image":[{"width":1280,"height":1280,"url":"https:\/\/www.laboratoire-helpac.com\/wp-content\/uploads\/2023\/09\/EF_ELDERFLOWER-EN.png","type":"image\/png"}],"twitter_card":"summary_large_image","twitter_misc":{"Est. reading time":"1 minute"},"schema":{"@context":"https:\/\/schema.org","@graph":[{"@type":"WebPage","@id":"https:\/\/www.laboratoire-helpac.com\/en\/p\/elderflower-organic\/","url":"https:\/\/www.laboratoire-helpac.com\/en\/p\/elderflower-organic\/","name":"Floral water Organic elderberry (France) | HELPAC","isPartOf":{"@id":"https:\/\/www.laboratoire-helpac.com\/en\/#website"},"primaryImageOfPage":{"@id":"https:\/\/www.laboratoire-helpac.com\/en\/p\/elderflower-organic\/#primaryimage"},"image":{"@id":"https:\/\/www.laboratoire-helpac.com\/en\/p\/elderflower-organic\/#primaryimage"},"thumbnailUrl":"https:\/\/www.laboratoire-helpac.com\/wp-content\/uploads\/2023\/09\/EF_ELDERFLOWER-EN.png","datePublished":"2023-07-30T14:59:11+00:00","dateModified":"2023-11-29T18:40:05+00:00","description":"Florale, fruit\u00e9e, liquoreuse, miell\u00e9e et douce, l\u2019eau florale de Sureau est un d\u00e9lice pour les tisanes, sirops et autres boissons, mais aussi les glaces et sorbets et toutes sortes de desserts\u00a0! En cosm\u00e9tique, on appr\u00e9cie sa douceur\u00a0: d\u00e9congestionnante, elle sera utilis\u00e9e en d\u00e9maquillant, masque ou soins des yeux irrit\u00e9s et sensibles, ou pour la conjonctivite. \u00c9molliente, apaisante et adoucissante, elle prend soin des peaux s\u00e8ches ou irrit\u00e9es et r\u00e9gule les peaux grasses. En interne, elle renforce les d\u00e9fenses immunitaires et est antivirale. En bains ou en interne, on appr\u00e9cie ses qualit\u00e9s sudorifiques, d\u00e9toxifiantes, d\u00e9puratives et diur\u00e9tiques en cure d\u2019inter-saisons ou pour les probl\u00e8mes de cystite ou de poids. Elle peut \u00e9galement entrer dans les formules antidouleur (arthrose, arthrite, rhumatismes, etc.).","breadcrumb":{"@id":"https:\/\/www.laboratoire-helpac.com\/en\/p\/elderflower-organic\/#breadcrumb"},"inLanguage":"en-US","potentialAction":[{"@type":"ReadAction","target":["https:\/\/www.laboratoire-helpac.com\/en\/p\/elderflower-organic\/"]}]},{"@type":"ImageObject","inLanguage":"en-US","@id":"https:\/\/www.laboratoire-helpac.com\/en\/p\/elderflower-organic\/#primaryimage","url":"https:\/\/www.laboratoire-helpac.com\/wp-content\/uploads\/2023\/09\/EF_ELDERFLOWER-EN.png","contentUrl":"https:\/\/www.laboratoire-helpac.com\/wp-content\/uploads\/2023\/09\/EF_ELDERFLOWER-EN.png","width":1280,"height":1280,"caption":"Floral water Organic elderberry (France) wholesaler"},{"@type":"BreadcrumbList","@id":"https:\/\/www.laboratoire-helpac.com\/en\/p\/elderflower-organic\/#breadcrumb","itemListElement":[{"@type":"ListItem","position":1,"name":"Accueil","item":"https:\/\/www.laboratoire-helpac.com\/en\/"},{"@type":"ListItem","position":2,"name":"Our ingredients","item":"https:\/\/www.laboratoire-helpac.com\/en\/products\/"},{"@type":"ListItem","position":3,"name":"ELDERFLOWER ORGANIC"}]},{"@type":"WebSite","@id":"https:\/\/www.laboratoire-helpac.com\/en\/#website","url":"https:\/\/www.laboratoire-helpac.com\/en\/","name":"HELPAC","description":"","publisher":{"@id":"https:\/\/www.laboratoire-helpac.com\/en\/#organization"},"potentialAction":[{"@type":"SearchAction","target":{"@type":"EntryPoint","urlTemplate":"https:\/\/www.laboratoire-helpac.com\/en\/?s={search_term_string}"},"query-input":{"@type":"PropertyValueSpecification","valueRequired":true,"valueName":"search_term_string"}}],"inLanguage":"en-US"},{"@type":"Organization","@id":"https:\/\/www.laboratoire-helpac.com\/en\/#organization","name":"Helpac","url":"https:\/\/www.laboratoire-helpac.com\/en\/","logo":{"@type":"ImageObject","inLanguage":"en-US","@id":"https:\/\/www.laboratoire-helpac.com\/en\/#\/schema\/logo\/image\/","url":"https:\/\/dev.fizzbuzz.fr\/helpac\/wp-content\/uploads\/2023\/05\/Logo-Helpac.jpg","contentUrl":"https:\/\/dev.fizzbuzz.fr\/helpac\/wp-content\/uploads\/2023\/05\/Logo-Helpac.jpg","width":200,"height":200,"caption":"Helpac"},"image":{"@id":"https:\/\/www.laboratoire-helpac.com\/en\/#\/schema\/logo\/image\/"},"sameAs":["https:\/\/www.linkedin.com\/company\/helpac\/"]}]}},"_links":{"self":[{"href":"https:\/\/www.laboratoire-helpac.com\/en\/wp-json\/wp\/v2\/product\/5397","targetHints":{"allow":["GET"]}}],"collection":[{"href":"https:\/\/www.laboratoire-helpac.com\/en\/wp-json\/wp\/v2\/product"}],"about":[{"href":"https:\/\/www.laboratoire-helpac.com\/en\/wp-json\/wp\/v2\/types\/product"}],"wp:featuredmedia":[{"embeddable":true,"href":"https:\/\/www.laboratoire-helpac.com\/en\/wp-json\/wp\/v2\/media\/7081"}],"wp:attachment":[{"href":"https:\/\/www.laboratoire-helpac.com\/en\/wp-json\/wp\/v2\/media?parent=5397"}],"wp:term":[{"taxonomy":"product_cat","embeddable":true,"href":"https:\/\/www.laboratoire-helpac.com\/en\/wp-json\/wp\/v2\/product_cat?post=5397"},{"taxonomy":"product_tag","embeddable":true,"href":"https:\/\/www.laboratoire-helpac.com\/en\/wp-json\/wp\/v2\/product_tag?post=5397"}],"curies":[{"name":"wp","href":"https:\/\/api.w.org\/{rel}","templated":true}]}}