{"id":5396,"date":"2023-07-30T16:59:11","date_gmt":"2023-07-30T14:59:11","guid":{"rendered":"http:\/\/localhost\/wordpress\/produit\/organic-organic-sage-3\/"},"modified":"2023-11-29T19:40:05","modified_gmt":"2023-11-29T18:40:05","slug":"sage-officinalis-organic","status":"publish","type":"product","link":"https:\/\/www.laboratoire-helpac.com\/en\/p\/sage-officinalis-organic\/","title":{"rendered":"SAGE OFFICINALIS ORGANIC"},"content":{"rendered":"<p>The scent of officinal Sage Floral Water is complex, powerful, and aromatic, with notes that evoke the forest floor. It is delightful in savory cuisine (marinades, broths, soups) and also enhances many beverages and desserts. With its astringent, antioxidant, and regenerative properties, it is used in formulations for oily or mature skin in cosmetics and can combat hair loss, including hormonal hair loss. As an antiseptic and mild analgesic, it is included in oral care products like mouthwashes and toothpaste. However, it is most well-known as a deodorant and for addressing various female hormonal issues, including menopause, menstrual-related problems such as excessive sweating, PMS, cravings, and more.<\/p>\n","protected":false},"excerpt":{"rendered":"<p>The scent of officinal Sage Floral Water is complex, powerful, and aromatic, with notes that evoke the forest floor. It is delightful in savory cuisine (marinades, broths, soups) and also enhances many beverages and desserts. With its astringent, antioxidant, and regenerative properties, it is used in formulations for oily or mature skin in cosmetics and [&hellip;]<\/p>\n","protected":false},"featured_media":7080,"template":"","meta":[],"product_cat":[382],"product_tag":[],"class_list":{"0":"post-5396","1":"product","2":"type-product","3":"status-publish","4":"has-post-thumbnail","6":"product_cat-flower-waters","7":"pa_certifications-organic","8":"pa_fabrication-oui-en","9":"pa_origines-france-en","10":"pa_usages-cosmetic","11":"pa_usages-food","13":"first","14":"instock","15":"purchasable","16":"product-type-simple"},"acf":[],"yoast_head":"<!-- This site is optimized with the Yoast SEO plugin v23.9 - https:\/\/yoast.com\/wordpress\/plugins\/seo\/ -->\n<title>Floral water Organic organic sage (France) | HELPAC<\/title>\n<meta name=\"description\" content=\"L\u2019odeur de l\u2019eau florale de Sauge officinale est complexe, puissante, aromatique, avec des notes \u00e9voquant les sous-bois\u2026 D\u00e9licieuse en cuisine sal\u00e9e (marinades, bouillons, soupes), elle agr\u00e9mente \u00e9galement de nombreuses boissons et desserts. Astringente, antioxydante et r\u00e9g\u00e9n\u00e9rante, elle entre dans les formules des peaux grasses ou matures en cosm\u00e9tique et lutte contre les chutes de cheveux, m\u00eame hormonales. Antiseptique et analg\u00e9sique l\u00e9ger, elle s\u2019inscrit dans les soins bucco-dentaires (bains de bouche, dentifrices). Mais c\u2019est comme d\u00e9odorant et pour tous les probl\u00e8mes hormonaux f\u00e9minin qu\u2019elle est le plus connue (m\u00e9nopause, troubles li\u00e9s aux r\u00e8gles comme transpiration excessive, SPM, fringales, etc.).\" \/>\n<meta name=\"robots\" content=\"index, follow, max-snippet:-1, max-image-preview:large, max-video-preview:-1\" \/>\n<link rel=\"canonical\" href=\"https:\/\/www.laboratoire-helpac.com\/en\/p\/sage-officinalis-organic\/\" \/>\n<meta property=\"og:locale\" content=\"en_US\" \/>\n<meta property=\"og:type\" content=\"article\" \/>\n<meta property=\"og:title\" content=\"Floral water Organic organic sage (France) | HELPAC\" \/>\n<meta property=\"og:description\" content=\"L\u2019odeur de l\u2019eau florale de Sauge officinale est complexe, puissante, aromatique, avec des notes \u00e9voquant les sous-bois\u2026 D\u00e9licieuse en cuisine sal\u00e9e (marinades, bouillons, soupes), elle agr\u00e9mente \u00e9galement de nombreuses boissons et desserts. Astringente, antioxydante et r\u00e9g\u00e9n\u00e9rante, elle entre dans les formules des peaux grasses ou matures en cosm\u00e9tique et lutte contre les chutes de cheveux, m\u00eame hormonales. Antiseptique et analg\u00e9sique l\u00e9ger, elle s\u2019inscrit dans les soins bucco-dentaires (bains de bouche, dentifrices). Mais c\u2019est comme d\u00e9odorant et pour tous les probl\u00e8mes hormonaux f\u00e9minin qu\u2019elle est le plus connue (m\u00e9nopause, troubles li\u00e9s aux r\u00e8gles comme transpiration excessive, SPM, fringales, etc.).\" \/>\n<meta property=\"og:url\" content=\"https:\/\/www.laboratoire-helpac.com\/en\/p\/sage-officinalis-organic\/\" \/>\n<meta property=\"og:site_name\" content=\"HELPAC\" \/>\n<meta property=\"article:modified_time\" content=\"2023-11-29T18:40:05+00:00\" \/>\n<meta property=\"og:image\" content=\"https:\/\/www.laboratoire-helpac.com\/wp-content\/uploads\/2023\/09\/EF_SAGEOFFICINALIS-EN.png\" \/>\n\t<meta property=\"og:image:width\" content=\"1280\" \/>\n\t<meta property=\"og:image:height\" content=\"1280\" \/>\n\t<meta property=\"og:image:type\" content=\"image\/png\" \/>\n<meta name=\"twitter:card\" content=\"summary_large_image\" \/>\n<meta name=\"twitter:label1\" content=\"Est. reading time\" \/>\n\t<meta name=\"twitter:data1\" content=\"1 minute\" \/>\n<script type=\"application\/ld+json\" class=\"yoast-schema-graph\">{\"@context\":\"https:\/\/schema.org\",\"@graph\":[{\"@type\":\"WebPage\",\"@id\":\"https:\/\/www.laboratoire-helpac.com\/en\/p\/sage-officinalis-organic\/\",\"url\":\"https:\/\/www.laboratoire-helpac.com\/en\/p\/sage-officinalis-organic\/\",\"name\":\"Floral water Organic organic sage (France) | HELPAC\",\"isPartOf\":{\"@id\":\"https:\/\/www.laboratoire-helpac.com\/en\/#website\"},\"primaryImageOfPage\":{\"@id\":\"https:\/\/www.laboratoire-helpac.com\/en\/p\/sage-officinalis-organic\/#primaryimage\"},\"image\":{\"@id\":\"https:\/\/www.laboratoire-helpac.com\/en\/p\/sage-officinalis-organic\/#primaryimage\"},\"thumbnailUrl\":\"https:\/\/www.laboratoire-helpac.com\/wp-content\/uploads\/2023\/09\/EF_SAGEOFFICINALIS-EN.png\",\"datePublished\":\"2023-07-30T14:59:11+00:00\",\"dateModified\":\"2023-11-29T18:40:05+00:00\",\"description\":\"L\u2019odeur de l\u2019eau florale de Sauge officinale est complexe, puissante, aromatique, avec des notes \u00e9voquant les sous-bois\u2026 D\u00e9licieuse en cuisine sal\u00e9e (marinades, bouillons, soupes), elle agr\u00e9mente \u00e9galement de nombreuses boissons et desserts. Astringente, antioxydante et r\u00e9g\u00e9n\u00e9rante, elle entre dans les formules des peaux grasses ou matures en cosm\u00e9tique et lutte contre les chutes de cheveux, m\u00eame hormonales. Antiseptique et analg\u00e9sique l\u00e9ger, elle s\u2019inscrit dans les soins bucco-dentaires (bains de bouche, dentifrices). Mais c\u2019est comme d\u00e9odorant et pour tous les probl\u00e8mes hormonaux f\u00e9minin qu\u2019elle est le plus connue (m\u00e9nopause, troubles li\u00e9s aux r\u00e8gles comme transpiration excessive, SPM, fringales, etc.).\",\"breadcrumb\":{\"@id\":\"https:\/\/www.laboratoire-helpac.com\/en\/p\/sage-officinalis-organic\/#breadcrumb\"},\"inLanguage\":\"en-US\",\"potentialAction\":[{\"@type\":\"ReadAction\",\"target\":[\"https:\/\/www.laboratoire-helpac.com\/en\/p\/sage-officinalis-organic\/\"]}]},{\"@type\":\"ImageObject\",\"inLanguage\":\"en-US\",\"@id\":\"https:\/\/www.laboratoire-helpac.com\/en\/p\/sage-officinalis-organic\/#primaryimage\",\"url\":\"https:\/\/www.laboratoire-helpac.com\/wp-content\/uploads\/2023\/09\/EF_SAGEOFFICINALIS-EN.png\",\"contentUrl\":\"https:\/\/www.laboratoire-helpac.com\/wp-content\/uploads\/2023\/09\/EF_SAGEOFFICINALIS-EN.png\",\"width\":1280,\"height\":1280,\"caption\":\"Floral water Organic organic sage (France) wholesaler\"},{\"@type\":\"BreadcrumbList\",\"@id\":\"https:\/\/www.laboratoire-helpac.com\/en\/p\/sage-officinalis-organic\/#breadcrumb\",\"itemListElement\":[{\"@type\":\"ListItem\",\"position\":1,\"name\":\"Accueil\",\"item\":\"https:\/\/www.laboratoire-helpac.com\/en\/\"},{\"@type\":\"ListItem\",\"position\":2,\"name\":\"Our ingredients\",\"item\":\"https:\/\/www.laboratoire-helpac.com\/en\/products\/\"},{\"@type\":\"ListItem\",\"position\":3,\"name\":\"SAGE OFFICINALIS ORGANIC\"}]},{\"@type\":\"WebSite\",\"@id\":\"https:\/\/www.laboratoire-helpac.com\/en\/#website\",\"url\":\"https:\/\/www.laboratoire-helpac.com\/en\/\",\"name\":\"HELPAC\",\"description\":\"\",\"publisher\":{\"@id\":\"https:\/\/www.laboratoire-helpac.com\/en\/#organization\"},\"potentialAction\":[{\"@type\":\"SearchAction\",\"target\":{\"@type\":\"EntryPoint\",\"urlTemplate\":\"https:\/\/www.laboratoire-helpac.com\/en\/?s={search_term_string}\"},\"query-input\":{\"@type\":\"PropertyValueSpecification\",\"valueRequired\":true,\"valueName\":\"search_term_string\"}}],\"inLanguage\":\"en-US\"},{\"@type\":\"Organization\",\"@id\":\"https:\/\/www.laboratoire-helpac.com\/en\/#organization\",\"name\":\"Helpac\",\"url\":\"https:\/\/www.laboratoire-helpac.com\/en\/\",\"logo\":{\"@type\":\"ImageObject\",\"inLanguage\":\"en-US\",\"@id\":\"https:\/\/www.laboratoire-helpac.com\/en\/#\/schema\/logo\/image\/\",\"url\":\"https:\/\/dev.fizzbuzz.fr\/helpac\/wp-content\/uploads\/2023\/05\/Logo-Helpac.jpg\",\"contentUrl\":\"https:\/\/dev.fizzbuzz.fr\/helpac\/wp-content\/uploads\/2023\/05\/Logo-Helpac.jpg\",\"width\":200,\"height\":200,\"caption\":\"Helpac\"},\"image\":{\"@id\":\"https:\/\/www.laboratoire-helpac.com\/en\/#\/schema\/logo\/image\/\"},\"sameAs\":[\"https:\/\/www.linkedin.com\/company\/helpac\/\"]}]}<\/script>\n<!-- \/ Yoast SEO plugin. -->","yoast_head_json":{"title":"Floral water Organic organic sage (France) | HELPAC","description":"L\u2019odeur de l\u2019eau florale de Sauge officinale est complexe, puissante, aromatique, avec des notes \u00e9voquant les sous-bois\u2026 D\u00e9licieuse en cuisine sal\u00e9e (marinades, bouillons, soupes), elle agr\u00e9mente \u00e9galement de nombreuses boissons et desserts. Astringente, antioxydante et r\u00e9g\u00e9n\u00e9rante, elle entre dans les formules des peaux grasses ou matures en cosm\u00e9tique et lutte contre les chutes de cheveux, m\u00eame hormonales. Antiseptique et analg\u00e9sique l\u00e9ger, elle s\u2019inscrit dans les soins bucco-dentaires (bains de bouche, dentifrices). Mais c\u2019est comme d\u00e9odorant et pour tous les probl\u00e8mes hormonaux f\u00e9minin qu\u2019elle est le plus connue (m\u00e9nopause, troubles li\u00e9s aux r\u00e8gles comme transpiration excessive, SPM, fringales, etc.).","robots":{"index":"index","follow":"follow","max-snippet":"max-snippet:-1","max-image-preview":"max-image-preview:large","max-video-preview":"max-video-preview:-1"},"canonical":"https:\/\/www.laboratoire-helpac.com\/en\/p\/sage-officinalis-organic\/","og_locale":"en_US","og_type":"article","og_title":"Floral water Organic organic sage (France) | HELPAC","og_description":"L\u2019odeur de l\u2019eau florale de Sauge officinale est complexe, puissante, aromatique, avec des notes \u00e9voquant les sous-bois\u2026 D\u00e9licieuse en cuisine sal\u00e9e (marinades, bouillons, soupes), elle agr\u00e9mente \u00e9galement de nombreuses boissons et desserts. Astringente, antioxydante et r\u00e9g\u00e9n\u00e9rante, elle entre dans les formules des peaux grasses ou matures en cosm\u00e9tique et lutte contre les chutes de cheveux, m\u00eame hormonales. Antiseptique et analg\u00e9sique l\u00e9ger, elle s\u2019inscrit dans les soins bucco-dentaires (bains de bouche, dentifrices). Mais c\u2019est comme d\u00e9odorant et pour tous les probl\u00e8mes hormonaux f\u00e9minin qu\u2019elle est le plus connue (m\u00e9nopause, troubles li\u00e9s aux r\u00e8gles comme transpiration excessive, SPM, fringales, etc.).","og_url":"https:\/\/www.laboratoire-helpac.com\/en\/p\/sage-officinalis-organic\/","og_site_name":"HELPAC","article_modified_time":"2023-11-29T18:40:05+00:00","og_image":[{"width":1280,"height":1280,"url":"https:\/\/www.laboratoire-helpac.com\/wp-content\/uploads\/2023\/09\/EF_SAGEOFFICINALIS-EN.png","type":"image\/png"}],"twitter_card":"summary_large_image","twitter_misc":{"Est. reading time":"1 minute"},"schema":{"@context":"https:\/\/schema.org","@graph":[{"@type":"WebPage","@id":"https:\/\/www.laboratoire-helpac.com\/en\/p\/sage-officinalis-organic\/","url":"https:\/\/www.laboratoire-helpac.com\/en\/p\/sage-officinalis-organic\/","name":"Floral water Organic organic sage (France) | HELPAC","isPartOf":{"@id":"https:\/\/www.laboratoire-helpac.com\/en\/#website"},"primaryImageOfPage":{"@id":"https:\/\/www.laboratoire-helpac.com\/en\/p\/sage-officinalis-organic\/#primaryimage"},"image":{"@id":"https:\/\/www.laboratoire-helpac.com\/en\/p\/sage-officinalis-organic\/#primaryimage"},"thumbnailUrl":"https:\/\/www.laboratoire-helpac.com\/wp-content\/uploads\/2023\/09\/EF_SAGEOFFICINALIS-EN.png","datePublished":"2023-07-30T14:59:11+00:00","dateModified":"2023-11-29T18:40:05+00:00","description":"L\u2019odeur de l\u2019eau florale de Sauge officinale est complexe, puissante, aromatique, avec des notes \u00e9voquant les sous-bois\u2026 D\u00e9licieuse en cuisine sal\u00e9e (marinades, bouillons, soupes), elle agr\u00e9mente \u00e9galement de nombreuses boissons et desserts. Astringente, antioxydante et r\u00e9g\u00e9n\u00e9rante, elle entre dans les formules des peaux grasses ou matures en cosm\u00e9tique et lutte contre les chutes de cheveux, m\u00eame hormonales. Antiseptique et analg\u00e9sique l\u00e9ger, elle s\u2019inscrit dans les soins bucco-dentaires (bains de bouche, dentifrices). Mais c\u2019est comme d\u00e9odorant et pour tous les probl\u00e8mes hormonaux f\u00e9minin qu\u2019elle est le plus connue (m\u00e9nopause, troubles li\u00e9s aux r\u00e8gles comme transpiration excessive, SPM, fringales, etc.).","breadcrumb":{"@id":"https:\/\/www.laboratoire-helpac.com\/en\/p\/sage-officinalis-organic\/#breadcrumb"},"inLanguage":"en-US","potentialAction":[{"@type":"ReadAction","target":["https:\/\/www.laboratoire-helpac.com\/en\/p\/sage-officinalis-organic\/"]}]},{"@type":"ImageObject","inLanguage":"en-US","@id":"https:\/\/www.laboratoire-helpac.com\/en\/p\/sage-officinalis-organic\/#primaryimage","url":"https:\/\/www.laboratoire-helpac.com\/wp-content\/uploads\/2023\/09\/EF_SAGEOFFICINALIS-EN.png","contentUrl":"https:\/\/www.laboratoire-helpac.com\/wp-content\/uploads\/2023\/09\/EF_SAGEOFFICINALIS-EN.png","width":1280,"height":1280,"caption":"Floral water Organic organic sage (France) wholesaler"},{"@type":"BreadcrumbList","@id":"https:\/\/www.laboratoire-helpac.com\/en\/p\/sage-officinalis-organic\/#breadcrumb","itemListElement":[{"@type":"ListItem","position":1,"name":"Accueil","item":"https:\/\/www.laboratoire-helpac.com\/en\/"},{"@type":"ListItem","position":2,"name":"Our ingredients","item":"https:\/\/www.laboratoire-helpac.com\/en\/products\/"},{"@type":"ListItem","position":3,"name":"SAGE OFFICINALIS ORGANIC"}]},{"@type":"WebSite","@id":"https:\/\/www.laboratoire-helpac.com\/en\/#website","url":"https:\/\/www.laboratoire-helpac.com\/en\/","name":"HELPAC","description":"","publisher":{"@id":"https:\/\/www.laboratoire-helpac.com\/en\/#organization"},"potentialAction":[{"@type":"SearchAction","target":{"@type":"EntryPoint","urlTemplate":"https:\/\/www.laboratoire-helpac.com\/en\/?s={search_term_string}"},"query-input":{"@type":"PropertyValueSpecification","valueRequired":true,"valueName":"search_term_string"}}],"inLanguage":"en-US"},{"@type":"Organization","@id":"https:\/\/www.laboratoire-helpac.com\/en\/#organization","name":"Helpac","url":"https:\/\/www.laboratoire-helpac.com\/en\/","logo":{"@type":"ImageObject","inLanguage":"en-US","@id":"https:\/\/www.laboratoire-helpac.com\/en\/#\/schema\/logo\/image\/","url":"https:\/\/dev.fizzbuzz.fr\/helpac\/wp-content\/uploads\/2023\/05\/Logo-Helpac.jpg","contentUrl":"https:\/\/dev.fizzbuzz.fr\/helpac\/wp-content\/uploads\/2023\/05\/Logo-Helpac.jpg","width":200,"height":200,"caption":"Helpac"},"image":{"@id":"https:\/\/www.laboratoire-helpac.com\/en\/#\/schema\/logo\/image\/"},"sameAs":["https:\/\/www.linkedin.com\/company\/helpac\/"]}]}},"_links":{"self":[{"href":"https:\/\/www.laboratoire-helpac.com\/en\/wp-json\/wp\/v2\/product\/5396","targetHints":{"allow":["GET"]}}],"collection":[{"href":"https:\/\/www.laboratoire-helpac.com\/en\/wp-json\/wp\/v2\/product"}],"about":[{"href":"https:\/\/www.laboratoire-helpac.com\/en\/wp-json\/wp\/v2\/types\/product"}],"wp:featuredmedia":[{"embeddable":true,"href":"https:\/\/www.laboratoire-helpac.com\/en\/wp-json\/wp\/v2\/media\/7080"}],"wp:attachment":[{"href":"https:\/\/www.laboratoire-helpac.com\/en\/wp-json\/wp\/v2\/media?parent=5396"}],"wp:term":[{"taxonomy":"product_cat","embeddable":true,"href":"https:\/\/www.laboratoire-helpac.com\/en\/wp-json\/wp\/v2\/product_cat?post=5396"},{"taxonomy":"product_tag","embeddable":true,"href":"https:\/\/www.laboratoire-helpac.com\/en\/wp-json\/wp\/v2\/product_tag?post=5396"}],"curies":[{"name":"wp","href":"https:\/\/api.w.org\/{rel}","templated":true}]}}