{"id":5394,"date":"2023-07-30T16:58:56","date_gmt":"2023-07-30T14:58:56","guid":{"rendered":"http:\/\/localhost\/wordpress\/produit\/damascena-organic-pink\/"},"modified":"2023-11-29T19:40:02","modified_gmt":"2023-11-29T18:40:02","slug":"rose-damascena-organic","status":"publish","type":"product","link":"https:\/\/www.laboratoire-helpac.com\/en\/p\/rose-damascena-organic\/","title":{"rendered":"ROSE DAMASCENA ORGANIC"},"content":{"rendered":"<p>Damask Rose floral water has a fresh, flowery, subtle and complex fragrance and a pH of 4.5 to 6. Very rich in active ingredients, it is antioxidant, anti-inflammatory, reinforces the skin&#8217;s barrier function and has a unifying action on the complexion: it is highly indicated in cosmetic care for all skin types, including reactive, blotchy, irritated, sunburned, baby care, eye contour, dry or mature skin &#8211; and for all types of care (lotion, serum, make-up remover, gel, cream, etc.). Internally, it is reputed to be a gentle hormonal balancer and to regulate appetite. It is also highly prized in cooking (ice creams and sorbets, syrups, fruit juices, jams, infusions, etc.).<\/p>\n","protected":false},"excerpt":{"rendered":"<p>Damask Rose floral water has a fresh, flowery, subtle and complex fragrance and a pH of 4.5 to 6. Very rich in active ingredients, it is antioxidant, anti-inflammatory, reinforces the skin&#8217;s barrier function and has a unifying action on the complexion: it is highly indicated in cosmetic care for all skin types, including reactive, blotchy, [&hellip;]<\/p>\n","protected":false},"featured_media":7078,"template":"","meta":[],"product_cat":[382,477],"product_tag":[],"class_list":{"0":"post-5394","1":"product","2":"type-product","3":"status-publish","4":"has-post-thumbnail","6":"product_cat-flower-waters","7":"product_cat-rose-floral-waters-flower-water","8":"pa_certifications-organic","9":"pa_origines-europe-en","10":"pa_usages-cosmetic","12":"first","13":"instock","14":"purchasable","15":"product-type-simple"},"acf":[],"yoast_head":"<!-- This site is optimized with the Yoast SEO plugin v23.9 - https:\/\/yoast.com\/wordpress\/plugins\/seo\/ -->\n<title>Floral water Damascena organic pink (Bulgaria) | HELPAC<\/title>\n<meta name=\"description\" content=\"L\u2019eau Florale deRose de Damas a une odeur fra\u00eeche, fleurie, subtile et complexe et un pH de 4.5 \u00e0 6. Tr\u00e8s riche en actifs, elle est antioxydante, anti-inflammatoire, renforce la fonction barri\u00e8re de la peau et a une action unifiante sur le teint\u00a0: elle est tr\u00e8s indiqu\u00e9e dans les soins cosm\u00e9tiques pour tous les types de peaux, y compris r\u00e9actives, couperos\u00e9es, irrit\u00e9es, les coups de soleil, soins de b\u00e9b\u00e9, contour de l\u2019\u0153il, peaux s\u00e8ches ou matures \u2013 et pour tous les types de soins (lotion, s\u00e9rum, d\u00e9maquillant, gel, cr\u00e8me, etc.). En interne, elle est r\u00e9put\u00e9e \u00eatre un \u00e9quilibrant hormonal doux et r\u00e9gullerait l&#039;app\u00e9tit. Elle est \u00e9galement tr\u00e8s pris\u00e9e en cuisine (glaces et sorbets, sirops, jus de fruits, confitures, infusions, etc.).\" \/>\n<meta name=\"robots\" content=\"index, follow, max-snippet:-1, max-image-preview:large, max-video-preview:-1\" \/>\n<link rel=\"canonical\" href=\"https:\/\/www.laboratoire-helpac.com\/en\/p\/rose-damascena-organic\/\" \/>\n<meta property=\"og:locale\" content=\"en_US\" \/>\n<meta property=\"og:type\" content=\"article\" \/>\n<meta property=\"og:title\" content=\"Floral water Damascena organic pink (Bulgaria) | HELPAC\" \/>\n<meta property=\"og:description\" content=\"L\u2019eau Florale deRose de Damas a une odeur fra\u00eeche, fleurie, subtile et complexe et un pH de 4.5 \u00e0 6. Tr\u00e8s riche en actifs, elle est antioxydante, anti-inflammatoire, renforce la fonction barri\u00e8re de la peau et a une action unifiante sur le teint\u00a0: elle est tr\u00e8s indiqu\u00e9e dans les soins cosm\u00e9tiques pour tous les types de peaux, y compris r\u00e9actives, couperos\u00e9es, irrit\u00e9es, les coups de soleil, soins de b\u00e9b\u00e9, contour de l\u2019\u0153il, peaux s\u00e8ches ou matures \u2013 et pour tous les types de soins (lotion, s\u00e9rum, d\u00e9maquillant, gel, cr\u00e8me, etc.). En interne, elle est r\u00e9put\u00e9e \u00eatre un \u00e9quilibrant hormonal doux et r\u00e9gullerait l&#039;app\u00e9tit. Elle est \u00e9galement tr\u00e8s pris\u00e9e en cuisine (glaces et sorbets, sirops, jus de fruits, confitures, infusions, etc.).\" \/>\n<meta property=\"og:url\" content=\"https:\/\/www.laboratoire-helpac.com\/en\/p\/rose-damascena-organic\/\" \/>\n<meta property=\"og:site_name\" content=\"HELPAC\" \/>\n<meta property=\"article:modified_time\" content=\"2023-11-29T18:40:02+00:00\" \/>\n<meta property=\"og:image\" content=\"https:\/\/www.laboratoire-helpac.com\/wp-content\/uploads\/2023\/09\/EF_ROSEDAMASCENA-EN.png\" \/>\n\t<meta property=\"og:image:width\" content=\"1280\" \/>\n\t<meta property=\"og:image:height\" content=\"1280\" \/>\n\t<meta property=\"og:image:type\" content=\"image\/png\" \/>\n<meta name=\"twitter:card\" content=\"summary_large_image\" \/>\n<meta name=\"twitter:label1\" content=\"Est. reading time\" \/>\n\t<meta name=\"twitter:data1\" content=\"1 minute\" \/>\n<script type=\"application\/ld+json\" class=\"yoast-schema-graph\">{\"@context\":\"https:\/\/schema.org\",\"@graph\":[{\"@type\":\"WebPage\",\"@id\":\"https:\/\/www.laboratoire-helpac.com\/en\/p\/rose-damascena-organic\/\",\"url\":\"https:\/\/www.laboratoire-helpac.com\/en\/p\/rose-damascena-organic\/\",\"name\":\"Floral water Damascena organic pink (Bulgaria) | HELPAC\",\"isPartOf\":{\"@id\":\"https:\/\/www.laboratoire-helpac.com\/en\/#website\"},\"primaryImageOfPage\":{\"@id\":\"https:\/\/www.laboratoire-helpac.com\/en\/p\/rose-damascena-organic\/#primaryimage\"},\"image\":{\"@id\":\"https:\/\/www.laboratoire-helpac.com\/en\/p\/rose-damascena-organic\/#primaryimage\"},\"thumbnailUrl\":\"https:\/\/www.laboratoire-helpac.com\/wp-content\/uploads\/2023\/09\/EF_ROSEDAMASCENA-EN.png\",\"datePublished\":\"2023-07-30T14:58:56+00:00\",\"dateModified\":\"2023-11-29T18:40:02+00:00\",\"description\":\"L\u2019eau Florale deRose de Damas a une odeur fra\u00eeche, fleurie, subtile et complexe et un pH de 4.5 \u00e0 6. Tr\u00e8s riche en actifs, elle est antioxydante, anti-inflammatoire, renforce la fonction barri\u00e8re de la peau et a une action unifiante sur le teint\u00a0: elle est tr\u00e8s indiqu\u00e9e dans les soins cosm\u00e9tiques pour tous les types de peaux, y compris r\u00e9actives, couperos\u00e9es, irrit\u00e9es, les coups de soleil, soins de b\u00e9b\u00e9, contour de l\u2019\u0153il, peaux s\u00e8ches ou matures \u2013 et pour tous les types de soins (lotion, s\u00e9rum, d\u00e9maquillant, gel, cr\u00e8me, etc.). En interne, elle est r\u00e9put\u00e9e \u00eatre un \u00e9quilibrant hormonal doux et r\u00e9gullerait l'app\u00e9tit. Elle est \u00e9galement tr\u00e8s pris\u00e9e en cuisine (glaces et sorbets, sirops, jus de fruits, confitures, infusions, etc.).\",\"breadcrumb\":{\"@id\":\"https:\/\/www.laboratoire-helpac.com\/en\/p\/rose-damascena-organic\/#breadcrumb\"},\"inLanguage\":\"en-US\",\"potentialAction\":[{\"@type\":\"ReadAction\",\"target\":[\"https:\/\/www.laboratoire-helpac.com\/en\/p\/rose-damascena-organic\/\"]}]},{\"@type\":\"ImageObject\",\"inLanguage\":\"en-US\",\"@id\":\"https:\/\/www.laboratoire-helpac.com\/en\/p\/rose-damascena-organic\/#primaryimage\",\"url\":\"https:\/\/www.laboratoire-helpac.com\/wp-content\/uploads\/2023\/09\/EF_ROSEDAMASCENA-EN.png\",\"contentUrl\":\"https:\/\/www.laboratoire-helpac.com\/wp-content\/uploads\/2023\/09\/EF_ROSEDAMASCENA-EN.png\",\"width\":1280,\"height\":1280,\"caption\":\"Floral water Rose Damascena Organic (Bulgaria ) wholesaler\"},{\"@type\":\"BreadcrumbList\",\"@id\":\"https:\/\/www.laboratoire-helpac.com\/en\/p\/rose-damascena-organic\/#breadcrumb\",\"itemListElement\":[{\"@type\":\"ListItem\",\"position\":1,\"name\":\"Accueil\",\"item\":\"https:\/\/www.laboratoire-helpac.com\/en\/\"},{\"@type\":\"ListItem\",\"position\":2,\"name\":\"Our ingredients\",\"item\":\"https:\/\/www.laboratoire-helpac.com\/en\/products\/\"},{\"@type\":\"ListItem\",\"position\":3,\"name\":\"ROSE DAMASCENA ORGANIC\"}]},{\"@type\":\"WebSite\",\"@id\":\"https:\/\/www.laboratoire-helpac.com\/en\/#website\",\"url\":\"https:\/\/www.laboratoire-helpac.com\/en\/\",\"name\":\"HELPAC\",\"description\":\"\",\"publisher\":{\"@id\":\"https:\/\/www.laboratoire-helpac.com\/en\/#organization\"},\"potentialAction\":[{\"@type\":\"SearchAction\",\"target\":{\"@type\":\"EntryPoint\",\"urlTemplate\":\"https:\/\/www.laboratoire-helpac.com\/en\/?s={search_term_string}\"},\"query-input\":{\"@type\":\"PropertyValueSpecification\",\"valueRequired\":true,\"valueName\":\"search_term_string\"}}],\"inLanguage\":\"en-US\"},{\"@type\":\"Organization\",\"@id\":\"https:\/\/www.laboratoire-helpac.com\/en\/#organization\",\"name\":\"Helpac\",\"url\":\"https:\/\/www.laboratoire-helpac.com\/en\/\",\"logo\":{\"@type\":\"ImageObject\",\"inLanguage\":\"en-US\",\"@id\":\"https:\/\/www.laboratoire-helpac.com\/en\/#\/schema\/logo\/image\/\",\"url\":\"https:\/\/dev.fizzbuzz.fr\/helpac\/wp-content\/uploads\/2023\/05\/Logo-Helpac.jpg\",\"contentUrl\":\"https:\/\/dev.fizzbuzz.fr\/helpac\/wp-content\/uploads\/2023\/05\/Logo-Helpac.jpg\",\"width\":200,\"height\":200,\"caption\":\"Helpac\"},\"image\":{\"@id\":\"https:\/\/www.laboratoire-helpac.com\/en\/#\/schema\/logo\/image\/\"},\"sameAs\":[\"https:\/\/www.linkedin.com\/company\/helpac\/\"]}]}<\/script>\n<!-- \/ Yoast SEO plugin. -->","yoast_head_json":{"title":"Floral water Damascena organic pink (Bulgaria) | HELPAC","description":"L\u2019eau Florale deRose de Damas a une odeur fra\u00eeche, fleurie, subtile et complexe et un pH de 4.5 \u00e0 6. Tr\u00e8s riche en actifs, elle est antioxydante, anti-inflammatoire, renforce la fonction barri\u00e8re de la peau et a une action unifiante sur le teint\u00a0: elle est tr\u00e8s indiqu\u00e9e dans les soins cosm\u00e9tiques pour tous les types de peaux, y compris r\u00e9actives, couperos\u00e9es, irrit\u00e9es, les coups de soleil, soins de b\u00e9b\u00e9, contour de l\u2019\u0153il, peaux s\u00e8ches ou matures \u2013 et pour tous les types de soins (lotion, s\u00e9rum, d\u00e9maquillant, gel, cr\u00e8me, etc.). En interne, elle est r\u00e9put\u00e9e \u00eatre un \u00e9quilibrant hormonal doux et r\u00e9gullerait l'app\u00e9tit. Elle est \u00e9galement tr\u00e8s pris\u00e9e en cuisine (glaces et sorbets, sirops, jus de fruits, confitures, infusions, etc.).","robots":{"index":"index","follow":"follow","max-snippet":"max-snippet:-1","max-image-preview":"max-image-preview:large","max-video-preview":"max-video-preview:-1"},"canonical":"https:\/\/www.laboratoire-helpac.com\/en\/p\/rose-damascena-organic\/","og_locale":"en_US","og_type":"article","og_title":"Floral water Damascena organic pink (Bulgaria) | HELPAC","og_description":"L\u2019eau Florale deRose de Damas a une odeur fra\u00eeche, fleurie, subtile et complexe et un pH de 4.5 \u00e0 6. Tr\u00e8s riche en actifs, elle est antioxydante, anti-inflammatoire, renforce la fonction barri\u00e8re de la peau et a une action unifiante sur le teint\u00a0: elle est tr\u00e8s indiqu\u00e9e dans les soins cosm\u00e9tiques pour tous les types de peaux, y compris r\u00e9actives, couperos\u00e9es, irrit\u00e9es, les coups de soleil, soins de b\u00e9b\u00e9, contour de l\u2019\u0153il, peaux s\u00e8ches ou matures \u2013 et pour tous les types de soins (lotion, s\u00e9rum, d\u00e9maquillant, gel, cr\u00e8me, etc.). En interne, elle est r\u00e9put\u00e9e \u00eatre un \u00e9quilibrant hormonal doux et r\u00e9gullerait l'app\u00e9tit. Elle est \u00e9galement tr\u00e8s pris\u00e9e en cuisine (glaces et sorbets, sirops, jus de fruits, confitures, infusions, etc.).","og_url":"https:\/\/www.laboratoire-helpac.com\/en\/p\/rose-damascena-organic\/","og_site_name":"HELPAC","article_modified_time":"2023-11-29T18:40:02+00:00","og_image":[{"width":1280,"height":1280,"url":"https:\/\/www.laboratoire-helpac.com\/wp-content\/uploads\/2023\/09\/EF_ROSEDAMASCENA-EN.png","type":"image\/png"}],"twitter_card":"summary_large_image","twitter_misc":{"Est. reading time":"1 minute"},"schema":{"@context":"https:\/\/schema.org","@graph":[{"@type":"WebPage","@id":"https:\/\/www.laboratoire-helpac.com\/en\/p\/rose-damascena-organic\/","url":"https:\/\/www.laboratoire-helpac.com\/en\/p\/rose-damascena-organic\/","name":"Floral water Damascena organic pink (Bulgaria) | HELPAC","isPartOf":{"@id":"https:\/\/www.laboratoire-helpac.com\/en\/#website"},"primaryImageOfPage":{"@id":"https:\/\/www.laboratoire-helpac.com\/en\/p\/rose-damascena-organic\/#primaryimage"},"image":{"@id":"https:\/\/www.laboratoire-helpac.com\/en\/p\/rose-damascena-organic\/#primaryimage"},"thumbnailUrl":"https:\/\/www.laboratoire-helpac.com\/wp-content\/uploads\/2023\/09\/EF_ROSEDAMASCENA-EN.png","datePublished":"2023-07-30T14:58:56+00:00","dateModified":"2023-11-29T18:40:02+00:00","description":"L\u2019eau Florale deRose de Damas a une odeur fra\u00eeche, fleurie, subtile et complexe et un pH de 4.5 \u00e0 6. Tr\u00e8s riche en actifs, elle est antioxydante, anti-inflammatoire, renforce la fonction barri\u00e8re de la peau et a une action unifiante sur le teint\u00a0: elle est tr\u00e8s indiqu\u00e9e dans les soins cosm\u00e9tiques pour tous les types de peaux, y compris r\u00e9actives, couperos\u00e9es, irrit\u00e9es, les coups de soleil, soins de b\u00e9b\u00e9, contour de l\u2019\u0153il, peaux s\u00e8ches ou matures \u2013 et pour tous les types de soins (lotion, s\u00e9rum, d\u00e9maquillant, gel, cr\u00e8me, etc.). En interne, elle est r\u00e9put\u00e9e \u00eatre un \u00e9quilibrant hormonal doux et r\u00e9gullerait l'app\u00e9tit. Elle est \u00e9galement tr\u00e8s pris\u00e9e en cuisine (glaces et sorbets, sirops, jus de fruits, confitures, infusions, etc.).","breadcrumb":{"@id":"https:\/\/www.laboratoire-helpac.com\/en\/p\/rose-damascena-organic\/#breadcrumb"},"inLanguage":"en-US","potentialAction":[{"@type":"ReadAction","target":["https:\/\/www.laboratoire-helpac.com\/en\/p\/rose-damascena-organic\/"]}]},{"@type":"ImageObject","inLanguage":"en-US","@id":"https:\/\/www.laboratoire-helpac.com\/en\/p\/rose-damascena-organic\/#primaryimage","url":"https:\/\/www.laboratoire-helpac.com\/wp-content\/uploads\/2023\/09\/EF_ROSEDAMASCENA-EN.png","contentUrl":"https:\/\/www.laboratoire-helpac.com\/wp-content\/uploads\/2023\/09\/EF_ROSEDAMASCENA-EN.png","width":1280,"height":1280,"caption":"Floral water Rose Damascena Organic (Bulgaria ) wholesaler"},{"@type":"BreadcrumbList","@id":"https:\/\/www.laboratoire-helpac.com\/en\/p\/rose-damascena-organic\/#breadcrumb","itemListElement":[{"@type":"ListItem","position":1,"name":"Accueil","item":"https:\/\/www.laboratoire-helpac.com\/en\/"},{"@type":"ListItem","position":2,"name":"Our ingredients","item":"https:\/\/www.laboratoire-helpac.com\/en\/products\/"},{"@type":"ListItem","position":3,"name":"ROSE DAMASCENA ORGANIC"}]},{"@type":"WebSite","@id":"https:\/\/www.laboratoire-helpac.com\/en\/#website","url":"https:\/\/www.laboratoire-helpac.com\/en\/","name":"HELPAC","description":"","publisher":{"@id":"https:\/\/www.laboratoire-helpac.com\/en\/#organization"},"potentialAction":[{"@type":"SearchAction","target":{"@type":"EntryPoint","urlTemplate":"https:\/\/www.laboratoire-helpac.com\/en\/?s={search_term_string}"},"query-input":{"@type":"PropertyValueSpecification","valueRequired":true,"valueName":"search_term_string"}}],"inLanguage":"en-US"},{"@type":"Organization","@id":"https:\/\/www.laboratoire-helpac.com\/en\/#organization","name":"Helpac","url":"https:\/\/www.laboratoire-helpac.com\/en\/","logo":{"@type":"ImageObject","inLanguage":"en-US","@id":"https:\/\/www.laboratoire-helpac.com\/en\/#\/schema\/logo\/image\/","url":"https:\/\/dev.fizzbuzz.fr\/helpac\/wp-content\/uploads\/2023\/05\/Logo-Helpac.jpg","contentUrl":"https:\/\/dev.fizzbuzz.fr\/helpac\/wp-content\/uploads\/2023\/05\/Logo-Helpac.jpg","width":200,"height":200,"caption":"Helpac"},"image":{"@id":"https:\/\/www.laboratoire-helpac.com\/en\/#\/schema\/logo\/image\/"},"sameAs":["https:\/\/www.linkedin.com\/company\/helpac\/"]}]}},"_links":{"self":[{"href":"https:\/\/www.laboratoire-helpac.com\/en\/wp-json\/wp\/v2\/product\/5394","targetHints":{"allow":["GET"]}}],"collection":[{"href":"https:\/\/www.laboratoire-helpac.com\/en\/wp-json\/wp\/v2\/product"}],"about":[{"href":"https:\/\/www.laboratoire-helpac.com\/en\/wp-json\/wp\/v2\/types\/product"}],"wp:featuredmedia":[{"embeddable":true,"href":"https:\/\/www.laboratoire-helpac.com\/en\/wp-json\/wp\/v2\/media\/7078"}],"wp:attachment":[{"href":"https:\/\/www.laboratoire-helpac.com\/en\/wp-json\/wp\/v2\/media?parent=5394"}],"wp:term":[{"taxonomy":"product_cat","embeddable":true,"href":"https:\/\/www.laboratoire-helpac.com\/en\/wp-json\/wp\/v2\/product_cat?post=5394"},{"taxonomy":"product_tag","embeddable":true,"href":"https:\/\/www.laboratoire-helpac.com\/en\/wp-json\/wp\/v2\/product_tag?post=5394"}],"curies":[{"name":"wp","href":"https:\/\/api.w.org\/{rel}","templated":true}]}}