{"id":5389,"date":"2023-07-30T16:58:56","date_gmt":"2023-07-30T14:58:56","guid":{"rendered":"http:\/\/localhost\/wordpress\/produit\/organic-meadow-queen\/"},"modified":"2023-11-29T19:40:01","modified_gmt":"2023-11-29T18:40:01","slug":"meadowsweet-organic","status":"publish","type":"product","link":"https:\/\/www.laboratoire-helpac.com\/en\/p\/meadowsweet-organic\/","title":{"rendered":"MEADOWSWEET ORGANIC"},"content":{"rendered":"<p>Venous and lymphatic circulatory, antiseptic and diuretic, Meadowsweet floral water is mainly used in slimming treatments, cosmetics and dietary supplements. Healing, it is also used in cosmetics to soothe skin irritations. Harvested and distilled in the Auvergne region of France, Meadowsweet is also digestive and relaxing &#8211; with its soft, sweet aroma, it flavors herbal teas, syrups or cocktails, desserts and sorbets with a scent of vanilla and bitter almond.<\/p>\n","protected":false},"excerpt":{"rendered":"<p>Venous and lymphatic circulatory, antiseptic and diuretic, Meadowsweet floral water is mainly used in slimming treatments, cosmetics and dietary supplements. Healing, it is also used in cosmetics to soothe skin irritations. Harvested and distilled in the Auvergne region of France, Meadowsweet is also digestive and relaxing &#8211; with its soft, sweet aroma, it flavors herbal [&hellip;]<\/p>\n","protected":false},"featured_media":9466,"template":"","meta":[],"product_cat":[382],"product_tag":[],"class_list":{"0":"post-5389","1":"product","2":"type-product","3":"status-publish","4":"has-post-thumbnail","6":"product_cat-flower-waters","7":"pa_certifications-organic","8":"pa_fabrication-oui-en","9":"pa_origines-france-en","10":"pa_usages-cosmetic","11":"pa_usages-food","13":"first","14":"instock","15":"purchasable","16":"product-type-simple"},"acf":[],"yoast_head":"<!-- This site is optimized with the Yoast SEO plugin v23.9 - https:\/\/yoast.com\/wordpress\/plugins\/seo\/ -->\n<title>Floral water Organic meadow queen (France) | HELPAC<\/title>\n<meta name=\"description\" content=\"Circulatoire veineuse et lymphatique, antiseptique et diur\u00e9tique, l\u2019eau florale de Reine des pr\u00e9s est principalement utilis\u00e9e dans les soins minceur, en cosm\u00e9tique comme en compl\u00e9ment alimentaire. Cicatrisante, elle est \u00e9galement utilis\u00e9e en cosm\u00e9tique pour calmer les irritations cutan\u00e9es. R\u00e9colt\u00e9e et distill\u00e9e en Auvergne, la Reine des pr\u00e9s est \u00e9galement digestive et relaxante \u2013 avec son ar\u00f4me doux et sucr\u00e9, elle aromatise tisanes, sirops ou cocktails, desserts et sorbets d\u2019un parfum vanill\u00e9 et d\u2019amande am\u00e8re.\" \/>\n<meta name=\"robots\" content=\"index, follow, max-snippet:-1, max-image-preview:large, max-video-preview:-1\" \/>\n<link rel=\"canonical\" href=\"https:\/\/www.laboratoire-helpac.com\/en\/p\/meadowsweet-organic\/\" \/>\n<meta property=\"og:locale\" content=\"en_US\" \/>\n<meta property=\"og:type\" content=\"article\" \/>\n<meta property=\"og:title\" content=\"Floral water Organic meadow queen (France) | HELPAC\" \/>\n<meta property=\"og:description\" content=\"Circulatoire veineuse et lymphatique, antiseptique et diur\u00e9tique, l\u2019eau florale de Reine des pr\u00e9s est principalement utilis\u00e9e dans les soins minceur, en cosm\u00e9tique comme en compl\u00e9ment alimentaire. Cicatrisante, elle est \u00e9galement utilis\u00e9e en cosm\u00e9tique pour calmer les irritations cutan\u00e9es. R\u00e9colt\u00e9e et distill\u00e9e en Auvergne, la Reine des pr\u00e9s est \u00e9galement digestive et relaxante \u2013 avec son ar\u00f4me doux et sucr\u00e9, elle aromatise tisanes, sirops ou cocktails, desserts et sorbets d\u2019un parfum vanill\u00e9 et d\u2019amande am\u00e8re.\" \/>\n<meta property=\"og:url\" content=\"https:\/\/www.laboratoire-helpac.com\/en\/p\/meadowsweet-organic\/\" \/>\n<meta property=\"og:site_name\" content=\"HELPAC\" \/>\n<meta property=\"article:modified_time\" content=\"2023-11-29T18:40:01+00:00\" \/>\n<meta property=\"og:image\" content=\"https:\/\/www.laboratoire-helpac.com\/wp-content\/uploads\/2023\/11\/EF_MEADOWSWEET-EN.png\" \/>\n\t<meta property=\"og:image:width\" content=\"1000\" \/>\n\t<meta property=\"og:image:height\" content=\"1000\" \/>\n\t<meta property=\"og:image:type\" content=\"image\/png\" \/>\n<meta name=\"twitter:card\" content=\"summary_large_image\" \/>\n<meta name=\"twitter:label1\" content=\"Est. reading time\" \/>\n\t<meta name=\"twitter:data1\" content=\"1 minute\" \/>\n<script type=\"application\/ld+json\" class=\"yoast-schema-graph\">{\"@context\":\"https:\/\/schema.org\",\"@graph\":[{\"@type\":\"WebPage\",\"@id\":\"https:\/\/www.laboratoire-helpac.com\/en\/p\/meadowsweet-organic\/\",\"url\":\"https:\/\/www.laboratoire-helpac.com\/en\/p\/meadowsweet-organic\/\",\"name\":\"Floral water Organic meadow queen (France) | HELPAC\",\"isPartOf\":{\"@id\":\"https:\/\/www.laboratoire-helpac.com\/en\/#website\"},\"primaryImageOfPage\":{\"@id\":\"https:\/\/www.laboratoire-helpac.com\/en\/p\/meadowsweet-organic\/#primaryimage\"},\"image\":{\"@id\":\"https:\/\/www.laboratoire-helpac.com\/en\/p\/meadowsweet-organic\/#primaryimage\"},\"thumbnailUrl\":\"https:\/\/www.laboratoire-helpac.com\/wp-content\/uploads\/2023\/11\/EF_MEADOWSWEET-EN.png\",\"datePublished\":\"2023-07-30T14:58:56+00:00\",\"dateModified\":\"2023-11-29T18:40:01+00:00\",\"description\":\"Circulatoire veineuse et lymphatique, antiseptique et diur\u00e9tique, l\u2019eau florale de Reine des pr\u00e9s est principalement utilis\u00e9e dans les soins minceur, en cosm\u00e9tique comme en compl\u00e9ment alimentaire. Cicatrisante, elle est \u00e9galement utilis\u00e9e en cosm\u00e9tique pour calmer les irritations cutan\u00e9es. R\u00e9colt\u00e9e et distill\u00e9e en Auvergne, la Reine des pr\u00e9s est \u00e9galement digestive et relaxante \u2013 avec son ar\u00f4me doux et sucr\u00e9, elle aromatise tisanes, sirops ou cocktails, desserts et sorbets d\u2019un parfum vanill\u00e9 et d\u2019amande am\u00e8re.\",\"breadcrumb\":{\"@id\":\"https:\/\/www.laboratoire-helpac.com\/en\/p\/meadowsweet-organic\/#breadcrumb\"},\"inLanguage\":\"en-US\",\"potentialAction\":[{\"@type\":\"ReadAction\",\"target\":[\"https:\/\/www.laboratoire-helpac.com\/en\/p\/meadowsweet-organic\/\"]}]},{\"@type\":\"ImageObject\",\"inLanguage\":\"en-US\",\"@id\":\"https:\/\/www.laboratoire-helpac.com\/en\/p\/meadowsweet-organic\/#primaryimage\",\"url\":\"https:\/\/www.laboratoire-helpac.com\/wp-content\/uploads\/2023\/11\/EF_MEADOWSWEET-EN.png\",\"contentUrl\":\"https:\/\/www.laboratoire-helpac.com\/wp-content\/uploads\/2023\/11\/EF_MEADOWSWEET-EN.png\",\"width\":1000,\"height\":1000,\"caption\":\"Oily macerate Meadowsweet Organic (Europe) wholesaler\"},{\"@type\":\"BreadcrumbList\",\"@id\":\"https:\/\/www.laboratoire-helpac.com\/en\/p\/meadowsweet-organic\/#breadcrumb\",\"itemListElement\":[{\"@type\":\"ListItem\",\"position\":1,\"name\":\"Accueil\",\"item\":\"https:\/\/www.laboratoire-helpac.com\/en\/\"},{\"@type\":\"ListItem\",\"position\":2,\"name\":\"Our ingredients\",\"item\":\"https:\/\/www.laboratoire-helpac.com\/en\/products\/\"},{\"@type\":\"ListItem\",\"position\":3,\"name\":\"MEADOWSWEET ORGANIC\"}]},{\"@type\":\"WebSite\",\"@id\":\"https:\/\/www.laboratoire-helpac.com\/en\/#website\",\"url\":\"https:\/\/www.laboratoire-helpac.com\/en\/\",\"name\":\"HELPAC\",\"description\":\"\",\"publisher\":{\"@id\":\"https:\/\/www.laboratoire-helpac.com\/en\/#organization\"},\"potentialAction\":[{\"@type\":\"SearchAction\",\"target\":{\"@type\":\"EntryPoint\",\"urlTemplate\":\"https:\/\/www.laboratoire-helpac.com\/en\/?s={search_term_string}\"},\"query-input\":{\"@type\":\"PropertyValueSpecification\",\"valueRequired\":true,\"valueName\":\"search_term_string\"}}],\"inLanguage\":\"en-US\"},{\"@type\":\"Organization\",\"@id\":\"https:\/\/www.laboratoire-helpac.com\/en\/#organization\",\"name\":\"Helpac\",\"url\":\"https:\/\/www.laboratoire-helpac.com\/en\/\",\"logo\":{\"@type\":\"ImageObject\",\"inLanguage\":\"en-US\",\"@id\":\"https:\/\/www.laboratoire-helpac.com\/en\/#\/schema\/logo\/image\/\",\"url\":\"https:\/\/dev.fizzbuzz.fr\/helpac\/wp-content\/uploads\/2023\/05\/Logo-Helpac.jpg\",\"contentUrl\":\"https:\/\/dev.fizzbuzz.fr\/helpac\/wp-content\/uploads\/2023\/05\/Logo-Helpac.jpg\",\"width\":200,\"height\":200,\"caption\":\"Helpac\"},\"image\":{\"@id\":\"https:\/\/www.laboratoire-helpac.com\/en\/#\/schema\/logo\/image\/\"},\"sameAs\":[\"https:\/\/www.linkedin.com\/company\/helpac\/\"]}]}<\/script>\n<!-- \/ Yoast SEO plugin. -->","yoast_head_json":{"title":"Floral water Organic meadow queen (France) | HELPAC","description":"Circulatoire veineuse et lymphatique, antiseptique et diur\u00e9tique, l\u2019eau florale de Reine des pr\u00e9s est principalement utilis\u00e9e dans les soins minceur, en cosm\u00e9tique comme en compl\u00e9ment alimentaire. Cicatrisante, elle est \u00e9galement utilis\u00e9e en cosm\u00e9tique pour calmer les irritations cutan\u00e9es. R\u00e9colt\u00e9e et distill\u00e9e en Auvergne, la Reine des pr\u00e9s est \u00e9galement digestive et relaxante \u2013 avec son ar\u00f4me doux et sucr\u00e9, elle aromatise tisanes, sirops ou cocktails, desserts et sorbets d\u2019un parfum vanill\u00e9 et d\u2019amande am\u00e8re.","robots":{"index":"index","follow":"follow","max-snippet":"max-snippet:-1","max-image-preview":"max-image-preview:large","max-video-preview":"max-video-preview:-1"},"canonical":"https:\/\/www.laboratoire-helpac.com\/en\/p\/meadowsweet-organic\/","og_locale":"en_US","og_type":"article","og_title":"Floral water Organic meadow queen (France) | HELPAC","og_description":"Circulatoire veineuse et lymphatique, antiseptique et diur\u00e9tique, l\u2019eau florale de Reine des pr\u00e9s est principalement utilis\u00e9e dans les soins minceur, en cosm\u00e9tique comme en compl\u00e9ment alimentaire. Cicatrisante, elle est \u00e9galement utilis\u00e9e en cosm\u00e9tique pour calmer les irritations cutan\u00e9es. R\u00e9colt\u00e9e et distill\u00e9e en Auvergne, la Reine des pr\u00e9s est \u00e9galement digestive et relaxante \u2013 avec son ar\u00f4me doux et sucr\u00e9, elle aromatise tisanes, sirops ou cocktails, desserts et sorbets d\u2019un parfum vanill\u00e9 et d\u2019amande am\u00e8re.","og_url":"https:\/\/www.laboratoire-helpac.com\/en\/p\/meadowsweet-organic\/","og_site_name":"HELPAC","article_modified_time":"2023-11-29T18:40:01+00:00","og_image":[{"width":1000,"height":1000,"url":"https:\/\/www.laboratoire-helpac.com\/wp-content\/uploads\/2023\/11\/EF_MEADOWSWEET-EN.png","type":"image\/png"}],"twitter_card":"summary_large_image","twitter_misc":{"Est. reading time":"1 minute"},"schema":{"@context":"https:\/\/schema.org","@graph":[{"@type":"WebPage","@id":"https:\/\/www.laboratoire-helpac.com\/en\/p\/meadowsweet-organic\/","url":"https:\/\/www.laboratoire-helpac.com\/en\/p\/meadowsweet-organic\/","name":"Floral water Organic meadow queen (France) | HELPAC","isPartOf":{"@id":"https:\/\/www.laboratoire-helpac.com\/en\/#website"},"primaryImageOfPage":{"@id":"https:\/\/www.laboratoire-helpac.com\/en\/p\/meadowsweet-organic\/#primaryimage"},"image":{"@id":"https:\/\/www.laboratoire-helpac.com\/en\/p\/meadowsweet-organic\/#primaryimage"},"thumbnailUrl":"https:\/\/www.laboratoire-helpac.com\/wp-content\/uploads\/2023\/11\/EF_MEADOWSWEET-EN.png","datePublished":"2023-07-30T14:58:56+00:00","dateModified":"2023-11-29T18:40:01+00:00","description":"Circulatoire veineuse et lymphatique, antiseptique et diur\u00e9tique, l\u2019eau florale de Reine des pr\u00e9s est principalement utilis\u00e9e dans les soins minceur, en cosm\u00e9tique comme en compl\u00e9ment alimentaire. Cicatrisante, elle est \u00e9galement utilis\u00e9e en cosm\u00e9tique pour calmer les irritations cutan\u00e9es. R\u00e9colt\u00e9e et distill\u00e9e en Auvergne, la Reine des pr\u00e9s est \u00e9galement digestive et relaxante \u2013 avec son ar\u00f4me doux et sucr\u00e9, elle aromatise tisanes, sirops ou cocktails, desserts et sorbets d\u2019un parfum vanill\u00e9 et d\u2019amande am\u00e8re.","breadcrumb":{"@id":"https:\/\/www.laboratoire-helpac.com\/en\/p\/meadowsweet-organic\/#breadcrumb"},"inLanguage":"en-US","potentialAction":[{"@type":"ReadAction","target":["https:\/\/www.laboratoire-helpac.com\/en\/p\/meadowsweet-organic\/"]}]},{"@type":"ImageObject","inLanguage":"en-US","@id":"https:\/\/www.laboratoire-helpac.com\/en\/p\/meadowsweet-organic\/#primaryimage","url":"https:\/\/www.laboratoire-helpac.com\/wp-content\/uploads\/2023\/11\/EF_MEADOWSWEET-EN.png","contentUrl":"https:\/\/www.laboratoire-helpac.com\/wp-content\/uploads\/2023\/11\/EF_MEADOWSWEET-EN.png","width":1000,"height":1000,"caption":"Oily macerate Meadowsweet Organic (Europe) wholesaler"},{"@type":"BreadcrumbList","@id":"https:\/\/www.laboratoire-helpac.com\/en\/p\/meadowsweet-organic\/#breadcrumb","itemListElement":[{"@type":"ListItem","position":1,"name":"Accueil","item":"https:\/\/www.laboratoire-helpac.com\/en\/"},{"@type":"ListItem","position":2,"name":"Our ingredients","item":"https:\/\/www.laboratoire-helpac.com\/en\/products\/"},{"@type":"ListItem","position":3,"name":"MEADOWSWEET ORGANIC"}]},{"@type":"WebSite","@id":"https:\/\/www.laboratoire-helpac.com\/en\/#website","url":"https:\/\/www.laboratoire-helpac.com\/en\/","name":"HELPAC","description":"","publisher":{"@id":"https:\/\/www.laboratoire-helpac.com\/en\/#organization"},"potentialAction":[{"@type":"SearchAction","target":{"@type":"EntryPoint","urlTemplate":"https:\/\/www.laboratoire-helpac.com\/en\/?s={search_term_string}"},"query-input":{"@type":"PropertyValueSpecification","valueRequired":true,"valueName":"search_term_string"}}],"inLanguage":"en-US"},{"@type":"Organization","@id":"https:\/\/www.laboratoire-helpac.com\/en\/#organization","name":"Helpac","url":"https:\/\/www.laboratoire-helpac.com\/en\/","logo":{"@type":"ImageObject","inLanguage":"en-US","@id":"https:\/\/www.laboratoire-helpac.com\/en\/#\/schema\/logo\/image\/","url":"https:\/\/dev.fizzbuzz.fr\/helpac\/wp-content\/uploads\/2023\/05\/Logo-Helpac.jpg","contentUrl":"https:\/\/dev.fizzbuzz.fr\/helpac\/wp-content\/uploads\/2023\/05\/Logo-Helpac.jpg","width":200,"height":200,"caption":"Helpac"},"image":{"@id":"https:\/\/www.laboratoire-helpac.com\/en\/#\/schema\/logo\/image\/"},"sameAs":["https:\/\/www.linkedin.com\/company\/helpac\/"]}]}},"_links":{"self":[{"href":"https:\/\/www.laboratoire-helpac.com\/en\/wp-json\/wp\/v2\/product\/5389","targetHints":{"allow":["GET"]}}],"collection":[{"href":"https:\/\/www.laboratoire-helpac.com\/en\/wp-json\/wp\/v2\/product"}],"about":[{"href":"https:\/\/www.laboratoire-helpac.com\/en\/wp-json\/wp\/v2\/types\/product"}],"wp:featuredmedia":[{"embeddable":true,"href":"https:\/\/www.laboratoire-helpac.com\/en\/wp-json\/wp\/v2\/media\/9466"}],"wp:attachment":[{"href":"https:\/\/www.laboratoire-helpac.com\/en\/wp-json\/wp\/v2\/media?parent=5389"}],"wp:term":[{"taxonomy":"product_cat","embeddable":true,"href":"https:\/\/www.laboratoire-helpac.com\/en\/wp-json\/wp\/v2\/product_cat?post=5389"},{"taxonomy":"product_tag","embeddable":true,"href":"https:\/\/www.laboratoire-helpac.com\/en\/wp-json\/wp\/v2\/product_tag?post=5389"}],"curies":[{"name":"wp","href":"https:\/\/api.w.org\/{rel}","templated":true}]}}