{"id":5388,"date":"2023-07-30T16:58:56","date_gmt":"2023-07-30T14:58:56","guid":{"rendered":"http:\/\/localhost\/wordpress\/produit\/organic-sylvestre-pine-3\/"},"modified":"2023-11-29T19:40:01","modified_gmt":"2023-11-29T18:40:01","slug":"pine-scots-organic","status":"publish","type":"product","link":"https:\/\/www.laboratoire-helpac.com\/en\/p\/pine-scots-organic\/","title":{"rendered":"PINE SCOTS ORGANIC"},"content":{"rendered":"<p>Emblematic of the distillery, Scots Pine benefits from over 30 years&#8217; distillation experience, and its floral water has a woody, resinous fragrance, very fresh and reminiscent of walks in the forest, to be tried in drinks (toddy, infusion, syrup, etc.)! An antiseptic, respiratory decongestant and mucolytic, it can be used in gels, milks and creams, applied locally or inhaled. In cosmetics, it is used in formulas to combat cellulite and for lymphatic drainage. Highly sanitizing, it is used in many detergent formulations (surface sprays, WC products, air fresheners, etc.).<\/p>\n","protected":false},"excerpt":{"rendered":"<p>Emblematic of the distillery, Scots Pine benefits from over 30 years&#8217; distillation experience, and its floral water has a woody, resinous fragrance, very fresh and reminiscent of walks in the forest, to be tried in drinks (toddy, infusion, syrup, etc.)! An antiseptic, respiratory decongestant and mucolytic, it can be used in gels, milks and creams, [&hellip;]<\/p>\n","protected":false},"featured_media":9437,"template":"","meta":[],"product_cat":[382],"product_tag":[],"class_list":{"0":"post-5388","1":"product","2":"type-product","3":"status-publish","4":"has-post-thumbnail","6":"product_cat-flower-waters","7":"pa_certifications-organic","8":"pa_fabrication-oui-en","9":"pa_origines-france-en","10":"pa_usages-cosmetic","11":"pa_usages-food","13":"first","14":"instock","15":"purchasable","16":"product-type-simple"},"acf":[],"yoast_head":"<!-- This site is optimized with the Yoast SEO plugin v23.9 - https:\/\/yoast.com\/wordpress\/plugins\/seo\/ -->\n<title>Floral water Organic sylvestre pine (France) | HELPAC<\/title>\n<meta name=\"description\" content=\"Embl\u00e9matique de la distillerie, le Pin sylvestre b\u00e9n\u00e9ficie de plus de 30 ans d\u2019exp\u00e9rience de distillation et son eau florale poss\u00e8de un parfum bois\u00e9 et r\u00e9sineux, tr\u00e8s frais qui rappelle les promenades en for\u00eat, \u00e0 essayer en boissons (grog, infusion, sirop, etc.)\u00a0! Antiseptique et d\u00e9congestionnante respiratoire, mucolytique, elle entrera dans des formules gels, lait et cr\u00e8me en application locale mais aussi en inhalation. En cosm\u00e9tique on l\u2019utilisera dans les formules contre la cellulite et pour le drainage lymphatique. Tr\u00e8s assainissant, elle entre dans de nombreuses formulations de d\u00e9tergence (spray surface, produits WC, assainissant a\u00e9rien, etc.).\" \/>\n<meta name=\"robots\" content=\"index, follow, max-snippet:-1, max-image-preview:large, max-video-preview:-1\" \/>\n<link rel=\"canonical\" href=\"https:\/\/www.laboratoire-helpac.com\/en\/p\/pine-scots-organic\/\" \/>\n<meta property=\"og:locale\" content=\"en_US\" \/>\n<meta property=\"og:type\" content=\"article\" \/>\n<meta property=\"og:title\" content=\"Floral water Organic sylvestre pine (France) | HELPAC\" \/>\n<meta property=\"og:description\" content=\"Embl\u00e9matique de la distillerie, le Pin sylvestre b\u00e9n\u00e9ficie de plus de 30 ans d\u2019exp\u00e9rience de distillation et son eau florale poss\u00e8de un parfum bois\u00e9 et r\u00e9sineux, tr\u00e8s frais qui rappelle les promenades en for\u00eat, \u00e0 essayer en boissons (grog, infusion, sirop, etc.)\u00a0! Antiseptique et d\u00e9congestionnante respiratoire, mucolytique, elle entrera dans des formules gels, lait et cr\u00e8me en application locale mais aussi en inhalation. En cosm\u00e9tique on l\u2019utilisera dans les formules contre la cellulite et pour le drainage lymphatique. Tr\u00e8s assainissant, elle entre dans de nombreuses formulations de d\u00e9tergence (spray surface, produits WC, assainissant a\u00e9rien, etc.).\" \/>\n<meta property=\"og:url\" content=\"https:\/\/www.laboratoire-helpac.com\/en\/p\/pine-scots-organic\/\" \/>\n<meta property=\"og:site_name\" content=\"HELPAC\" \/>\n<meta property=\"article:modified_time\" content=\"2023-11-29T18:40:01+00:00\" \/>\n<meta property=\"og:image\" content=\"https:\/\/www.laboratoire-helpac.com\/wp-content\/uploads\/2023\/11\/EF_PINESCOTS-EN.png\" \/>\n\t<meta property=\"og:image:width\" content=\"1000\" \/>\n\t<meta property=\"og:image:height\" content=\"1000\" \/>\n\t<meta property=\"og:image:type\" content=\"image\/png\" \/>\n<meta name=\"twitter:card\" content=\"summary_large_image\" \/>\n<meta name=\"twitter:label1\" content=\"Est. reading time\" \/>\n\t<meta name=\"twitter:data1\" content=\"1 minute\" \/>\n<script type=\"application\/ld+json\" class=\"yoast-schema-graph\">{\"@context\":\"https:\/\/schema.org\",\"@graph\":[{\"@type\":\"WebPage\",\"@id\":\"https:\/\/www.laboratoire-helpac.com\/en\/p\/pine-scots-organic\/\",\"url\":\"https:\/\/www.laboratoire-helpac.com\/en\/p\/pine-scots-organic\/\",\"name\":\"Floral water Organic sylvestre pine (France) | HELPAC\",\"isPartOf\":{\"@id\":\"https:\/\/www.laboratoire-helpac.com\/en\/#website\"},\"primaryImageOfPage\":{\"@id\":\"https:\/\/www.laboratoire-helpac.com\/en\/p\/pine-scots-organic\/#primaryimage\"},\"image\":{\"@id\":\"https:\/\/www.laboratoire-helpac.com\/en\/p\/pine-scots-organic\/#primaryimage\"},\"thumbnailUrl\":\"https:\/\/www.laboratoire-helpac.com\/wp-content\/uploads\/2023\/11\/EF_PINESCOTS-EN.png\",\"datePublished\":\"2023-07-30T14:58:56+00:00\",\"dateModified\":\"2023-11-29T18:40:01+00:00\",\"description\":\"Embl\u00e9matique de la distillerie, le Pin sylvestre b\u00e9n\u00e9ficie de plus de 30 ans d\u2019exp\u00e9rience de distillation et son eau florale poss\u00e8de un parfum bois\u00e9 et r\u00e9sineux, tr\u00e8s frais qui rappelle les promenades en for\u00eat, \u00e0 essayer en boissons (grog, infusion, sirop, etc.)\u00a0! Antiseptique et d\u00e9congestionnante respiratoire, mucolytique, elle entrera dans des formules gels, lait et cr\u00e8me en application locale mais aussi en inhalation. En cosm\u00e9tique on l\u2019utilisera dans les formules contre la cellulite et pour le drainage lymphatique. Tr\u00e8s assainissant, elle entre dans de nombreuses formulations de d\u00e9tergence (spray surface, produits WC, assainissant a\u00e9rien, etc.).\",\"breadcrumb\":{\"@id\":\"https:\/\/www.laboratoire-helpac.com\/en\/p\/pine-scots-organic\/#breadcrumb\"},\"inLanguage\":\"en-US\",\"potentialAction\":[{\"@type\":\"ReadAction\",\"target\":[\"https:\/\/www.laboratoire-helpac.com\/en\/p\/pine-scots-organic\/\"]}]},{\"@type\":\"ImageObject\",\"inLanguage\":\"en-US\",\"@id\":\"https:\/\/www.laboratoire-helpac.com\/en\/p\/pine-scots-organic\/#primaryimage\",\"url\":\"https:\/\/www.laboratoire-helpac.com\/wp-content\/uploads\/2023\/11\/EF_PINESCOTS-EN.png\",\"contentUrl\":\"https:\/\/www.laboratoire-helpac.com\/wp-content\/uploads\/2023\/11\/EF_PINESCOTS-EN.png\",\"width\":1000,\"height\":1000,\"caption\":\"Essential oil Pine Scots Organic (France) wholesaler\"},{\"@type\":\"BreadcrumbList\",\"@id\":\"https:\/\/www.laboratoire-helpac.com\/en\/p\/pine-scots-organic\/#breadcrumb\",\"itemListElement\":[{\"@type\":\"ListItem\",\"position\":1,\"name\":\"Accueil\",\"item\":\"https:\/\/www.laboratoire-helpac.com\/en\/\"},{\"@type\":\"ListItem\",\"position\":2,\"name\":\"Our ingredients\",\"item\":\"https:\/\/www.laboratoire-helpac.com\/en\/products\/\"},{\"@type\":\"ListItem\",\"position\":3,\"name\":\"PINE SCOTS ORGANIC\"}]},{\"@type\":\"WebSite\",\"@id\":\"https:\/\/www.laboratoire-helpac.com\/en\/#website\",\"url\":\"https:\/\/www.laboratoire-helpac.com\/en\/\",\"name\":\"HELPAC\",\"description\":\"\",\"publisher\":{\"@id\":\"https:\/\/www.laboratoire-helpac.com\/en\/#organization\"},\"potentialAction\":[{\"@type\":\"SearchAction\",\"target\":{\"@type\":\"EntryPoint\",\"urlTemplate\":\"https:\/\/www.laboratoire-helpac.com\/en\/?s={search_term_string}\"},\"query-input\":{\"@type\":\"PropertyValueSpecification\",\"valueRequired\":true,\"valueName\":\"search_term_string\"}}],\"inLanguage\":\"en-US\"},{\"@type\":\"Organization\",\"@id\":\"https:\/\/www.laboratoire-helpac.com\/en\/#organization\",\"name\":\"Helpac\",\"url\":\"https:\/\/www.laboratoire-helpac.com\/en\/\",\"logo\":{\"@type\":\"ImageObject\",\"inLanguage\":\"en-US\",\"@id\":\"https:\/\/www.laboratoire-helpac.com\/en\/#\/schema\/logo\/image\/\",\"url\":\"https:\/\/dev.fizzbuzz.fr\/helpac\/wp-content\/uploads\/2023\/05\/Logo-Helpac.jpg\",\"contentUrl\":\"https:\/\/dev.fizzbuzz.fr\/helpac\/wp-content\/uploads\/2023\/05\/Logo-Helpac.jpg\",\"width\":200,\"height\":200,\"caption\":\"Helpac\"},\"image\":{\"@id\":\"https:\/\/www.laboratoire-helpac.com\/en\/#\/schema\/logo\/image\/\"},\"sameAs\":[\"https:\/\/www.linkedin.com\/company\/helpac\/\"]}]}<\/script>\n<!-- \/ Yoast SEO plugin. -->","yoast_head_json":{"title":"Floral water Organic sylvestre pine (France) | HELPAC","description":"Embl\u00e9matique de la distillerie, le Pin sylvestre b\u00e9n\u00e9ficie de plus de 30 ans d\u2019exp\u00e9rience de distillation et son eau florale poss\u00e8de un parfum bois\u00e9 et r\u00e9sineux, tr\u00e8s frais qui rappelle les promenades en for\u00eat, \u00e0 essayer en boissons (grog, infusion, sirop, etc.)\u00a0! Antiseptique et d\u00e9congestionnante respiratoire, mucolytique, elle entrera dans des formules gels, lait et cr\u00e8me en application locale mais aussi en inhalation. En cosm\u00e9tique on l\u2019utilisera dans les formules contre la cellulite et pour le drainage lymphatique. Tr\u00e8s assainissant, elle entre dans de nombreuses formulations de d\u00e9tergence (spray surface, produits WC, assainissant a\u00e9rien, etc.).","robots":{"index":"index","follow":"follow","max-snippet":"max-snippet:-1","max-image-preview":"max-image-preview:large","max-video-preview":"max-video-preview:-1"},"canonical":"https:\/\/www.laboratoire-helpac.com\/en\/p\/pine-scots-organic\/","og_locale":"en_US","og_type":"article","og_title":"Floral water Organic sylvestre pine (France) | HELPAC","og_description":"Embl\u00e9matique de la distillerie, le Pin sylvestre b\u00e9n\u00e9ficie de plus de 30 ans d\u2019exp\u00e9rience de distillation et son eau florale poss\u00e8de un parfum bois\u00e9 et r\u00e9sineux, tr\u00e8s frais qui rappelle les promenades en for\u00eat, \u00e0 essayer en boissons (grog, infusion, sirop, etc.)\u00a0! Antiseptique et d\u00e9congestionnante respiratoire, mucolytique, elle entrera dans des formules gels, lait et cr\u00e8me en application locale mais aussi en inhalation. En cosm\u00e9tique on l\u2019utilisera dans les formules contre la cellulite et pour le drainage lymphatique. Tr\u00e8s assainissant, elle entre dans de nombreuses formulations de d\u00e9tergence (spray surface, produits WC, assainissant a\u00e9rien, etc.).","og_url":"https:\/\/www.laboratoire-helpac.com\/en\/p\/pine-scots-organic\/","og_site_name":"HELPAC","article_modified_time":"2023-11-29T18:40:01+00:00","og_image":[{"width":1000,"height":1000,"url":"https:\/\/www.laboratoire-helpac.com\/wp-content\/uploads\/2023\/11\/EF_PINESCOTS-EN.png","type":"image\/png"}],"twitter_card":"summary_large_image","twitter_misc":{"Est. reading time":"1 minute"},"schema":{"@context":"https:\/\/schema.org","@graph":[{"@type":"WebPage","@id":"https:\/\/www.laboratoire-helpac.com\/en\/p\/pine-scots-organic\/","url":"https:\/\/www.laboratoire-helpac.com\/en\/p\/pine-scots-organic\/","name":"Floral water Organic sylvestre pine (France) | HELPAC","isPartOf":{"@id":"https:\/\/www.laboratoire-helpac.com\/en\/#website"},"primaryImageOfPage":{"@id":"https:\/\/www.laboratoire-helpac.com\/en\/p\/pine-scots-organic\/#primaryimage"},"image":{"@id":"https:\/\/www.laboratoire-helpac.com\/en\/p\/pine-scots-organic\/#primaryimage"},"thumbnailUrl":"https:\/\/www.laboratoire-helpac.com\/wp-content\/uploads\/2023\/11\/EF_PINESCOTS-EN.png","datePublished":"2023-07-30T14:58:56+00:00","dateModified":"2023-11-29T18:40:01+00:00","description":"Embl\u00e9matique de la distillerie, le Pin sylvestre b\u00e9n\u00e9ficie de plus de 30 ans d\u2019exp\u00e9rience de distillation et son eau florale poss\u00e8de un parfum bois\u00e9 et r\u00e9sineux, tr\u00e8s frais qui rappelle les promenades en for\u00eat, \u00e0 essayer en boissons (grog, infusion, sirop, etc.)\u00a0! Antiseptique et d\u00e9congestionnante respiratoire, mucolytique, elle entrera dans des formules gels, lait et cr\u00e8me en application locale mais aussi en inhalation. En cosm\u00e9tique on l\u2019utilisera dans les formules contre la cellulite et pour le drainage lymphatique. Tr\u00e8s assainissant, elle entre dans de nombreuses formulations de d\u00e9tergence (spray surface, produits WC, assainissant a\u00e9rien, etc.).","breadcrumb":{"@id":"https:\/\/www.laboratoire-helpac.com\/en\/p\/pine-scots-organic\/#breadcrumb"},"inLanguage":"en-US","potentialAction":[{"@type":"ReadAction","target":["https:\/\/www.laboratoire-helpac.com\/en\/p\/pine-scots-organic\/"]}]},{"@type":"ImageObject","inLanguage":"en-US","@id":"https:\/\/www.laboratoire-helpac.com\/en\/p\/pine-scots-organic\/#primaryimage","url":"https:\/\/www.laboratoire-helpac.com\/wp-content\/uploads\/2023\/11\/EF_PINESCOTS-EN.png","contentUrl":"https:\/\/www.laboratoire-helpac.com\/wp-content\/uploads\/2023\/11\/EF_PINESCOTS-EN.png","width":1000,"height":1000,"caption":"Essential oil Pine Scots Organic (France) wholesaler"},{"@type":"BreadcrumbList","@id":"https:\/\/www.laboratoire-helpac.com\/en\/p\/pine-scots-organic\/#breadcrumb","itemListElement":[{"@type":"ListItem","position":1,"name":"Accueil","item":"https:\/\/www.laboratoire-helpac.com\/en\/"},{"@type":"ListItem","position":2,"name":"Our ingredients","item":"https:\/\/www.laboratoire-helpac.com\/en\/products\/"},{"@type":"ListItem","position":3,"name":"PINE SCOTS ORGANIC"}]},{"@type":"WebSite","@id":"https:\/\/www.laboratoire-helpac.com\/en\/#website","url":"https:\/\/www.laboratoire-helpac.com\/en\/","name":"HELPAC","description":"","publisher":{"@id":"https:\/\/www.laboratoire-helpac.com\/en\/#organization"},"potentialAction":[{"@type":"SearchAction","target":{"@type":"EntryPoint","urlTemplate":"https:\/\/www.laboratoire-helpac.com\/en\/?s={search_term_string}"},"query-input":{"@type":"PropertyValueSpecification","valueRequired":true,"valueName":"search_term_string"}}],"inLanguage":"en-US"},{"@type":"Organization","@id":"https:\/\/www.laboratoire-helpac.com\/en\/#organization","name":"Helpac","url":"https:\/\/www.laboratoire-helpac.com\/en\/","logo":{"@type":"ImageObject","inLanguage":"en-US","@id":"https:\/\/www.laboratoire-helpac.com\/en\/#\/schema\/logo\/image\/","url":"https:\/\/dev.fizzbuzz.fr\/helpac\/wp-content\/uploads\/2023\/05\/Logo-Helpac.jpg","contentUrl":"https:\/\/dev.fizzbuzz.fr\/helpac\/wp-content\/uploads\/2023\/05\/Logo-Helpac.jpg","width":200,"height":200,"caption":"Helpac"},"image":{"@id":"https:\/\/www.laboratoire-helpac.com\/en\/#\/schema\/logo\/image\/"},"sameAs":["https:\/\/www.linkedin.com\/company\/helpac\/"]}]}},"_links":{"self":[{"href":"https:\/\/www.laboratoire-helpac.com\/en\/wp-json\/wp\/v2\/product\/5388","targetHints":{"allow":["GET"]}}],"collection":[{"href":"https:\/\/www.laboratoire-helpac.com\/en\/wp-json\/wp\/v2\/product"}],"about":[{"href":"https:\/\/www.laboratoire-helpac.com\/en\/wp-json\/wp\/v2\/types\/product"}],"wp:featuredmedia":[{"embeddable":true,"href":"https:\/\/www.laboratoire-helpac.com\/en\/wp-json\/wp\/v2\/media\/9437"}],"wp:attachment":[{"href":"https:\/\/www.laboratoire-helpac.com\/en\/wp-json\/wp\/v2\/media?parent=5388"}],"wp:term":[{"taxonomy":"product_cat","embeddable":true,"href":"https:\/\/www.laboratoire-helpac.com\/en\/wp-json\/wp\/v2\/product_cat?post=5388"},{"taxonomy":"product_tag","embeddable":true,"href":"https:\/\/www.laboratoire-helpac.com\/en\/wp-json\/wp\/v2\/product_tag?post=5388"}],"curies":[{"name":"wp","href":"https:\/\/api.w.org\/{rel}","templated":true}]}}