{"id":5369,"date":"2023-07-30T16:58:41","date_gmt":"2023-07-30T14:58:41","guid":{"rendered":"http:\/\/localhost\/wordpress\/produit\/bio-tarragon-3\/"},"modified":"2023-11-29T19:39:54","modified_gmt":"2023-11-29T18:39:54","slug":"tarragon-organic","status":"publish","type":"product","link":"https:\/\/www.laboratoire-helpac.com\/en\/p\/tarragon-organic\/","title":{"rendered":"TARRAGON ORGANIC"},"content":{"rendered":"<p>With its aniseed and sweet aroma and flavor, Tarragon Floral Water is suitable for culinary use in both savory and sweet dishes, as well as in beverages, alcoholic or non-alcoholic. Primarily known for its antispasmodic and antifermentative properties, it is used in digestive blends or for relieving painful menstruation. In cosmetics, it is included in formulations aimed at combating skin allergies.<\/p>\n","protected":false},"excerpt":{"rendered":"<p>With its aniseed and sweet aroma and flavor, Tarragon Floral Water is suitable for culinary use in both savory and sweet dishes, as well as in beverages, alcoholic or non-alcoholic. Primarily known for its antispasmodic and antifermentative properties, it is used in digestive blends or for relieving painful menstruation. In cosmetics, it is included in [&hellip;]<\/p>\n","protected":false},"featured_media":7052,"template":"","meta":[],"product_cat":[382],"product_tag":[],"class_list":{"0":"post-5369","1":"product","2":"type-product","3":"status-publish","4":"has-post-thumbnail","6":"product_cat-flower-waters","7":"pa_certifications-organic","8":"pa_fabrication-oui-en","9":"pa_origines-france-en","10":"pa_usages-cosmetic","12":"first","13":"instock","14":"purchasable","15":"product-type-simple"},"acf":[],"yoast_head":"<!-- This site is optimized with the Yoast SEO plugin v23.9 - https:\/\/yoast.com\/wordpress\/plugins\/seo\/ -->\n<title>Floral water BIO tarragon (France) | HELPAC<\/title>\n<meta name=\"description\" content=\"Avec son odeur et sa saveur anis\u00e9es et douces, l\u2019eau florale d\u2019Estragon s\u2019utilise en cuisine aussi bien en sal\u00e9 qu\u2019en sucr\u00e9 ou pour les boissons, alcoolis\u00e9es ou non. Principalement antispasmodique et antifermentaire, elle s\u2019inscrit dans les complexes digestifs ou r\u00e8gles douloureuses. En cosm\u00e9tique, elle entre dans les formules contre les allergies cutan\u00e9es\" \/>\n<meta name=\"robots\" content=\"index, follow, max-snippet:-1, max-image-preview:large, max-video-preview:-1\" \/>\n<link rel=\"canonical\" href=\"https:\/\/www.laboratoire-helpac.com\/en\/p\/tarragon-organic\/\" \/>\n<meta property=\"og:locale\" content=\"en_US\" \/>\n<meta property=\"og:type\" content=\"article\" \/>\n<meta property=\"og:title\" content=\"Floral water BIO tarragon (France) | HELPAC\" \/>\n<meta property=\"og:description\" content=\"Avec son odeur et sa saveur anis\u00e9es et douces, l\u2019eau florale d\u2019Estragon s\u2019utilise en cuisine aussi bien en sal\u00e9 qu\u2019en sucr\u00e9 ou pour les boissons, alcoolis\u00e9es ou non. Principalement antispasmodique et antifermentaire, elle s\u2019inscrit dans les complexes digestifs ou r\u00e8gles douloureuses. En cosm\u00e9tique, elle entre dans les formules contre les allergies cutan\u00e9es\" \/>\n<meta property=\"og:url\" content=\"https:\/\/www.laboratoire-helpac.com\/en\/p\/tarragon-organic\/\" \/>\n<meta property=\"og:site_name\" content=\"HELPAC\" \/>\n<meta property=\"article:modified_time\" content=\"2023-11-29T18:39:54+00:00\" \/>\n<meta property=\"og:image\" content=\"https:\/\/www.laboratoire-helpac.com\/wp-content\/uploads\/2023\/09\/EF_TARRAGON-EN.png\" \/>\n\t<meta property=\"og:image:width\" content=\"1280\" \/>\n\t<meta property=\"og:image:height\" content=\"1280\" \/>\n\t<meta property=\"og:image:type\" content=\"image\/png\" \/>\n<meta name=\"twitter:card\" content=\"summary_large_image\" \/>\n<meta name=\"twitter:label1\" content=\"Est. reading time\" \/>\n\t<meta name=\"twitter:data1\" content=\"1 minute\" \/>\n<script type=\"application\/ld+json\" class=\"yoast-schema-graph\">{\"@context\":\"https:\/\/schema.org\",\"@graph\":[{\"@type\":\"WebPage\",\"@id\":\"https:\/\/www.laboratoire-helpac.com\/en\/p\/tarragon-organic\/\",\"url\":\"https:\/\/www.laboratoire-helpac.com\/en\/p\/tarragon-organic\/\",\"name\":\"Floral water BIO tarragon (France) | HELPAC\",\"isPartOf\":{\"@id\":\"https:\/\/www.laboratoire-helpac.com\/en\/#website\"},\"primaryImageOfPage\":{\"@id\":\"https:\/\/www.laboratoire-helpac.com\/en\/p\/tarragon-organic\/#primaryimage\"},\"image\":{\"@id\":\"https:\/\/www.laboratoire-helpac.com\/en\/p\/tarragon-organic\/#primaryimage\"},\"thumbnailUrl\":\"https:\/\/www.laboratoire-helpac.com\/wp-content\/uploads\/2023\/09\/EF_TARRAGON-EN.png\",\"datePublished\":\"2023-07-30T14:58:41+00:00\",\"dateModified\":\"2023-11-29T18:39:54+00:00\",\"description\":\"Avec son odeur et sa saveur anis\u00e9es et douces, l\u2019eau florale d\u2019Estragon s\u2019utilise en cuisine aussi bien en sal\u00e9 qu\u2019en sucr\u00e9 ou pour les boissons, alcoolis\u00e9es ou non. Principalement antispasmodique et antifermentaire, elle s\u2019inscrit dans les complexes digestifs ou r\u00e8gles douloureuses. En cosm\u00e9tique, elle entre dans les formules contre les allergies cutan\u00e9es\",\"breadcrumb\":{\"@id\":\"https:\/\/www.laboratoire-helpac.com\/en\/p\/tarragon-organic\/#breadcrumb\"},\"inLanguage\":\"en-US\",\"potentialAction\":[{\"@type\":\"ReadAction\",\"target\":[\"https:\/\/www.laboratoire-helpac.com\/en\/p\/tarragon-organic\/\"]}]},{\"@type\":\"ImageObject\",\"inLanguage\":\"en-US\",\"@id\":\"https:\/\/www.laboratoire-helpac.com\/en\/p\/tarragon-organic\/#primaryimage\",\"url\":\"https:\/\/www.laboratoire-helpac.com\/wp-content\/uploads\/2023\/09\/EF_TARRAGON-EN.png\",\"contentUrl\":\"https:\/\/www.laboratoire-helpac.com\/wp-content\/uploads\/2023\/09\/EF_TARRAGON-EN.png\",\"width\":1280,\"height\":1280,\"caption\":\"Floral water Tarragon Organic (France) wholesaler\"},{\"@type\":\"BreadcrumbList\",\"@id\":\"https:\/\/www.laboratoire-helpac.com\/en\/p\/tarragon-organic\/#breadcrumb\",\"itemListElement\":[{\"@type\":\"ListItem\",\"position\":1,\"name\":\"Accueil\",\"item\":\"https:\/\/www.laboratoire-helpac.com\/en\/\"},{\"@type\":\"ListItem\",\"position\":2,\"name\":\"Our ingredients\",\"item\":\"https:\/\/www.laboratoire-helpac.com\/en\/products\/\"},{\"@type\":\"ListItem\",\"position\":3,\"name\":\"TARRAGON ORGANIC\"}]},{\"@type\":\"WebSite\",\"@id\":\"https:\/\/www.laboratoire-helpac.com\/en\/#website\",\"url\":\"https:\/\/www.laboratoire-helpac.com\/en\/\",\"name\":\"HELPAC\",\"description\":\"\",\"publisher\":{\"@id\":\"https:\/\/www.laboratoire-helpac.com\/en\/#organization\"},\"potentialAction\":[{\"@type\":\"SearchAction\",\"target\":{\"@type\":\"EntryPoint\",\"urlTemplate\":\"https:\/\/www.laboratoire-helpac.com\/en\/?s={search_term_string}\"},\"query-input\":{\"@type\":\"PropertyValueSpecification\",\"valueRequired\":true,\"valueName\":\"search_term_string\"}}],\"inLanguage\":\"en-US\"},{\"@type\":\"Organization\",\"@id\":\"https:\/\/www.laboratoire-helpac.com\/en\/#organization\",\"name\":\"Helpac\",\"url\":\"https:\/\/www.laboratoire-helpac.com\/en\/\",\"logo\":{\"@type\":\"ImageObject\",\"inLanguage\":\"en-US\",\"@id\":\"https:\/\/www.laboratoire-helpac.com\/en\/#\/schema\/logo\/image\/\",\"url\":\"https:\/\/dev.fizzbuzz.fr\/helpac\/wp-content\/uploads\/2023\/05\/Logo-Helpac.jpg\",\"contentUrl\":\"https:\/\/dev.fizzbuzz.fr\/helpac\/wp-content\/uploads\/2023\/05\/Logo-Helpac.jpg\",\"width\":200,\"height\":200,\"caption\":\"Helpac\"},\"image\":{\"@id\":\"https:\/\/www.laboratoire-helpac.com\/en\/#\/schema\/logo\/image\/\"},\"sameAs\":[\"https:\/\/www.linkedin.com\/company\/helpac\/\"]}]}<\/script>\n<!-- \/ Yoast SEO plugin. -->","yoast_head_json":{"title":"Floral water BIO tarragon (France) | HELPAC","description":"Avec son odeur et sa saveur anis\u00e9es et douces, l\u2019eau florale d\u2019Estragon s\u2019utilise en cuisine aussi bien en sal\u00e9 qu\u2019en sucr\u00e9 ou pour les boissons, alcoolis\u00e9es ou non. Principalement antispasmodique et antifermentaire, elle s\u2019inscrit dans les complexes digestifs ou r\u00e8gles douloureuses. En cosm\u00e9tique, elle entre dans les formules contre les allergies cutan\u00e9es","robots":{"index":"index","follow":"follow","max-snippet":"max-snippet:-1","max-image-preview":"max-image-preview:large","max-video-preview":"max-video-preview:-1"},"canonical":"https:\/\/www.laboratoire-helpac.com\/en\/p\/tarragon-organic\/","og_locale":"en_US","og_type":"article","og_title":"Floral water BIO tarragon (France) | HELPAC","og_description":"Avec son odeur et sa saveur anis\u00e9es et douces, l\u2019eau florale d\u2019Estragon s\u2019utilise en cuisine aussi bien en sal\u00e9 qu\u2019en sucr\u00e9 ou pour les boissons, alcoolis\u00e9es ou non. Principalement antispasmodique et antifermentaire, elle s\u2019inscrit dans les complexes digestifs ou r\u00e8gles douloureuses. En cosm\u00e9tique, elle entre dans les formules contre les allergies cutan\u00e9es","og_url":"https:\/\/www.laboratoire-helpac.com\/en\/p\/tarragon-organic\/","og_site_name":"HELPAC","article_modified_time":"2023-11-29T18:39:54+00:00","og_image":[{"width":1280,"height":1280,"url":"https:\/\/www.laboratoire-helpac.com\/wp-content\/uploads\/2023\/09\/EF_TARRAGON-EN.png","type":"image\/png"}],"twitter_card":"summary_large_image","twitter_misc":{"Est. reading time":"1 minute"},"schema":{"@context":"https:\/\/schema.org","@graph":[{"@type":"WebPage","@id":"https:\/\/www.laboratoire-helpac.com\/en\/p\/tarragon-organic\/","url":"https:\/\/www.laboratoire-helpac.com\/en\/p\/tarragon-organic\/","name":"Floral water BIO tarragon (France) | HELPAC","isPartOf":{"@id":"https:\/\/www.laboratoire-helpac.com\/en\/#website"},"primaryImageOfPage":{"@id":"https:\/\/www.laboratoire-helpac.com\/en\/p\/tarragon-organic\/#primaryimage"},"image":{"@id":"https:\/\/www.laboratoire-helpac.com\/en\/p\/tarragon-organic\/#primaryimage"},"thumbnailUrl":"https:\/\/www.laboratoire-helpac.com\/wp-content\/uploads\/2023\/09\/EF_TARRAGON-EN.png","datePublished":"2023-07-30T14:58:41+00:00","dateModified":"2023-11-29T18:39:54+00:00","description":"Avec son odeur et sa saveur anis\u00e9es et douces, l\u2019eau florale d\u2019Estragon s\u2019utilise en cuisine aussi bien en sal\u00e9 qu\u2019en sucr\u00e9 ou pour les boissons, alcoolis\u00e9es ou non. Principalement antispasmodique et antifermentaire, elle s\u2019inscrit dans les complexes digestifs ou r\u00e8gles douloureuses. En cosm\u00e9tique, elle entre dans les formules contre les allergies cutan\u00e9es","breadcrumb":{"@id":"https:\/\/www.laboratoire-helpac.com\/en\/p\/tarragon-organic\/#breadcrumb"},"inLanguage":"en-US","potentialAction":[{"@type":"ReadAction","target":["https:\/\/www.laboratoire-helpac.com\/en\/p\/tarragon-organic\/"]}]},{"@type":"ImageObject","inLanguage":"en-US","@id":"https:\/\/www.laboratoire-helpac.com\/en\/p\/tarragon-organic\/#primaryimage","url":"https:\/\/www.laboratoire-helpac.com\/wp-content\/uploads\/2023\/09\/EF_TARRAGON-EN.png","contentUrl":"https:\/\/www.laboratoire-helpac.com\/wp-content\/uploads\/2023\/09\/EF_TARRAGON-EN.png","width":1280,"height":1280,"caption":"Floral water Tarragon Organic (France) wholesaler"},{"@type":"BreadcrumbList","@id":"https:\/\/www.laboratoire-helpac.com\/en\/p\/tarragon-organic\/#breadcrumb","itemListElement":[{"@type":"ListItem","position":1,"name":"Accueil","item":"https:\/\/www.laboratoire-helpac.com\/en\/"},{"@type":"ListItem","position":2,"name":"Our ingredients","item":"https:\/\/www.laboratoire-helpac.com\/en\/products\/"},{"@type":"ListItem","position":3,"name":"TARRAGON ORGANIC"}]},{"@type":"WebSite","@id":"https:\/\/www.laboratoire-helpac.com\/en\/#website","url":"https:\/\/www.laboratoire-helpac.com\/en\/","name":"HELPAC","description":"","publisher":{"@id":"https:\/\/www.laboratoire-helpac.com\/en\/#organization"},"potentialAction":[{"@type":"SearchAction","target":{"@type":"EntryPoint","urlTemplate":"https:\/\/www.laboratoire-helpac.com\/en\/?s={search_term_string}"},"query-input":{"@type":"PropertyValueSpecification","valueRequired":true,"valueName":"search_term_string"}}],"inLanguage":"en-US"},{"@type":"Organization","@id":"https:\/\/www.laboratoire-helpac.com\/en\/#organization","name":"Helpac","url":"https:\/\/www.laboratoire-helpac.com\/en\/","logo":{"@type":"ImageObject","inLanguage":"en-US","@id":"https:\/\/www.laboratoire-helpac.com\/en\/#\/schema\/logo\/image\/","url":"https:\/\/dev.fizzbuzz.fr\/helpac\/wp-content\/uploads\/2023\/05\/Logo-Helpac.jpg","contentUrl":"https:\/\/dev.fizzbuzz.fr\/helpac\/wp-content\/uploads\/2023\/05\/Logo-Helpac.jpg","width":200,"height":200,"caption":"Helpac"},"image":{"@id":"https:\/\/www.laboratoire-helpac.com\/en\/#\/schema\/logo\/image\/"},"sameAs":["https:\/\/www.linkedin.com\/company\/helpac\/"]}]}},"_links":{"self":[{"href":"https:\/\/www.laboratoire-helpac.com\/en\/wp-json\/wp\/v2\/product\/5369","targetHints":{"allow":["GET"]}}],"collection":[{"href":"https:\/\/www.laboratoire-helpac.com\/en\/wp-json\/wp\/v2\/product"}],"about":[{"href":"https:\/\/www.laboratoire-helpac.com\/en\/wp-json\/wp\/v2\/types\/product"}],"wp:featuredmedia":[{"embeddable":true,"href":"https:\/\/www.laboratoire-helpac.com\/en\/wp-json\/wp\/v2\/media\/7052"}],"wp:attachment":[{"href":"https:\/\/www.laboratoire-helpac.com\/en\/wp-json\/wp\/v2\/media?parent=5369"}],"wp:term":[{"taxonomy":"product_cat","embeddable":true,"href":"https:\/\/www.laboratoire-helpac.com\/en\/wp-json\/wp\/v2\/product_cat?post=5369"},{"taxonomy":"product_tag","embeddable":true,"href":"https:\/\/www.laboratoire-helpac.com\/en\/wp-json\/wp\/v2\/product_tag?post=5369"}],"curies":[{"name":"wp","href":"https:\/\/api.w.org\/{rel}","templated":true}]}}