{"id":5368,"date":"2023-07-30T16:58:41","date_gmt":"2023-07-30T14:58:41","guid":{"rendered":"http:\/\/localhost\/wordpress\/produit\/organic-incense\/"},"modified":"2023-11-29T19:39:54","modified_gmt":"2023-11-29T18:39:54","slug":"frankincense-organic","status":"publish","type":"product","link":"https:\/\/www.laboratoire-helpac.com\/en\/p\/frankincense-organic\/","title":{"rendered":"FRANKINCENSE ORGANIC"},"content":{"rendered":"<p>With its warm, balsamic, spicy, and slightly smoky fragrance, Frankincense Floral Water is associated with meditation in energetic aromatherapy. Revitalizing, purifying, and firming, it appears to refine the skin&#8217;s texture and is suitable for the care of both young and mature skin, as well as targeted treatments for the bust and d\u00e9collet\u00e9. As an anti-inflammatory, it can be included in the aqueous phase of treatments for arthritis and rheumatism. Internally, its diuretic effects can be used, especially in cases of cystitis.<\/p>\n","protected":false},"excerpt":{"rendered":"<p>With its warm, balsamic, spicy, and slightly smoky fragrance, Frankincense Floral Water is associated with meditation in energetic aromatherapy. Revitalizing, purifying, and firming, it appears to refine the skin&#8217;s texture and is suitable for the care of both young and mature skin, as well as targeted treatments for the bust and d\u00e9collet\u00e9. As an anti-inflammatory, [&hellip;]<\/p>\n","protected":false},"featured_media":8016,"template":"","meta":[],"product_cat":[382],"product_tag":[],"class_list":{"0":"post-5368","1":"product","2":"type-product","3":"status-publish","4":"has-post-thumbnail","6":"product_cat-flower-waters","7":"pa_certifications-organic","8":"pa_fabrication-oui-en","9":"pa_origines-france-en","10":"pa_usages-cosmetic","12":"first","13":"instock","14":"purchasable","15":"product-type-simple"},"acf":[],"yoast_head":"<!-- This site is optimized with the Yoast SEO plugin v23.9 - https:\/\/yoast.com\/wordpress\/plugins\/seo\/ -->\n<title>Floral water Organic incense (France) | HELPAC<\/title>\n<meta name=\"description\" content=\"Avec son parfum chaud, balsamique, \u00e9pic\u00e9 et l\u00e9g\u00e8rement fum\u00e9, l\u2019eau florale d\u2019Encens oliban est li\u00e9 \u00e0 la m\u00e9ditation en aromath\u00e9rapie \u00e9nerg\u00e9tique. Revitalisante, purifiante et raffermissante, elle semble affiner le grain de peau et est tout indiqu\u00e9e dans le soin des peaux jeunes comme des peaux matures et des soins cibl\u00e9s buste et d\u00e9collet\u00e9. Anti-inflammatoire, elle peut entrer en phase aqueuse des soins arthrose et rhumatisme. En interne, on utilise ses effets diur\u00e9tiques notamment en cas de cystite.\" \/>\n<meta name=\"robots\" content=\"index, follow, max-snippet:-1, max-image-preview:large, max-video-preview:-1\" \/>\n<link rel=\"canonical\" href=\"https:\/\/www.laboratoire-helpac.com\/en\/p\/frankincense-organic\/\" \/>\n<meta property=\"og:locale\" content=\"en_US\" \/>\n<meta property=\"og:type\" content=\"article\" \/>\n<meta property=\"og:title\" content=\"Floral water Organic incense (France) | HELPAC\" \/>\n<meta property=\"og:description\" content=\"Avec son parfum chaud, balsamique, \u00e9pic\u00e9 et l\u00e9g\u00e8rement fum\u00e9, l\u2019eau florale d\u2019Encens oliban est li\u00e9 \u00e0 la m\u00e9ditation en aromath\u00e9rapie \u00e9nerg\u00e9tique. Revitalisante, purifiante et raffermissante, elle semble affiner le grain de peau et est tout indiqu\u00e9e dans le soin des peaux jeunes comme des peaux matures et des soins cibl\u00e9s buste et d\u00e9collet\u00e9. Anti-inflammatoire, elle peut entrer en phase aqueuse des soins arthrose et rhumatisme. En interne, on utilise ses effets diur\u00e9tiques notamment en cas de cystite.\" \/>\n<meta property=\"og:url\" content=\"https:\/\/www.laboratoire-helpac.com\/en\/p\/frankincense-organic\/\" \/>\n<meta property=\"og:site_name\" content=\"HELPAC\" \/>\n<meta property=\"article:modified_time\" content=\"2023-11-29T18:39:54+00:00\" \/>\n<meta property=\"og:image\" content=\"https:\/\/www.laboratoire-helpac.com\/wp-content\/uploads\/2023\/07\/EF_FRANKINCENSE-EN-1-1024x1024.png\" \/>\n\t<meta property=\"og:image:width\" content=\"1024\" \/>\n\t<meta property=\"og:image:height\" content=\"1024\" \/>\n\t<meta property=\"og:image:type\" content=\"image\/png\" \/>\n<meta name=\"twitter:card\" content=\"summary_large_image\" \/>\n<meta name=\"twitter:label1\" content=\"Est. reading time\" \/>\n\t<meta name=\"twitter:data1\" content=\"1 minute\" \/>\n<script type=\"application\/ld+json\" class=\"yoast-schema-graph\">{\"@context\":\"https:\/\/schema.org\",\"@graph\":[{\"@type\":\"WebPage\",\"@id\":\"https:\/\/www.laboratoire-helpac.com\/en\/p\/frankincense-organic\/\",\"url\":\"https:\/\/www.laboratoire-helpac.com\/en\/p\/frankincense-organic\/\",\"name\":\"Floral water Organic incense (France) | HELPAC\",\"isPartOf\":{\"@id\":\"https:\/\/www.laboratoire-helpac.com\/en\/#website\"},\"primaryImageOfPage\":{\"@id\":\"https:\/\/www.laboratoire-helpac.com\/en\/p\/frankincense-organic\/#primaryimage\"},\"image\":{\"@id\":\"https:\/\/www.laboratoire-helpac.com\/en\/p\/frankincense-organic\/#primaryimage\"},\"thumbnailUrl\":\"https:\/\/www.laboratoire-helpac.com\/wp-content\/uploads\/2023\/07\/EF_FRANKINCENSE-EN-1.png\",\"datePublished\":\"2023-07-30T14:58:41+00:00\",\"dateModified\":\"2023-11-29T18:39:54+00:00\",\"description\":\"Avec son parfum chaud, balsamique, \u00e9pic\u00e9 et l\u00e9g\u00e8rement fum\u00e9, l\u2019eau florale d\u2019Encens oliban est li\u00e9 \u00e0 la m\u00e9ditation en aromath\u00e9rapie \u00e9nerg\u00e9tique. Revitalisante, purifiante et raffermissante, elle semble affiner le grain de peau et est tout indiqu\u00e9e dans le soin des peaux jeunes comme des peaux matures et des soins cibl\u00e9s buste et d\u00e9collet\u00e9. Anti-inflammatoire, elle peut entrer en phase aqueuse des soins arthrose et rhumatisme. En interne, on utilise ses effets diur\u00e9tiques notamment en cas de cystite.\",\"breadcrumb\":{\"@id\":\"https:\/\/www.laboratoire-helpac.com\/en\/p\/frankincense-organic\/#breadcrumb\"},\"inLanguage\":\"en-US\",\"potentialAction\":[{\"@type\":\"ReadAction\",\"target\":[\"https:\/\/www.laboratoire-helpac.com\/en\/p\/frankincense-organic\/\"]}]},{\"@type\":\"ImageObject\",\"inLanguage\":\"en-US\",\"@id\":\"https:\/\/www.laboratoire-helpac.com\/en\/p\/frankincense-organic\/#primaryimage\",\"url\":\"https:\/\/www.laboratoire-helpac.com\/wp-content\/uploads\/2023\/07\/EF_FRANKINCENSE-EN-1.png\",\"contentUrl\":\"https:\/\/www.laboratoire-helpac.com\/wp-content\/uploads\/2023\/07\/EF_FRANKINCENSE-EN-1.png\",\"width\":3543,\"height\":3543,\"caption\":\"Floral water Frankincense Organic (France) wholesaler\"},{\"@type\":\"BreadcrumbList\",\"@id\":\"https:\/\/www.laboratoire-helpac.com\/en\/p\/frankincense-organic\/#breadcrumb\",\"itemListElement\":[{\"@type\":\"ListItem\",\"position\":1,\"name\":\"Accueil\",\"item\":\"https:\/\/www.laboratoire-helpac.com\/en\/\"},{\"@type\":\"ListItem\",\"position\":2,\"name\":\"Our ingredients\",\"item\":\"https:\/\/www.laboratoire-helpac.com\/en\/products\/\"},{\"@type\":\"ListItem\",\"position\":3,\"name\":\"FRANKINCENSE ORGANIC\"}]},{\"@type\":\"WebSite\",\"@id\":\"https:\/\/www.laboratoire-helpac.com\/en\/#website\",\"url\":\"https:\/\/www.laboratoire-helpac.com\/en\/\",\"name\":\"HELPAC\",\"description\":\"\",\"publisher\":{\"@id\":\"https:\/\/www.laboratoire-helpac.com\/en\/#organization\"},\"potentialAction\":[{\"@type\":\"SearchAction\",\"target\":{\"@type\":\"EntryPoint\",\"urlTemplate\":\"https:\/\/www.laboratoire-helpac.com\/en\/?s={search_term_string}\"},\"query-input\":{\"@type\":\"PropertyValueSpecification\",\"valueRequired\":true,\"valueName\":\"search_term_string\"}}],\"inLanguage\":\"en-US\"},{\"@type\":\"Organization\",\"@id\":\"https:\/\/www.laboratoire-helpac.com\/en\/#organization\",\"name\":\"Helpac\",\"url\":\"https:\/\/www.laboratoire-helpac.com\/en\/\",\"logo\":{\"@type\":\"ImageObject\",\"inLanguage\":\"en-US\",\"@id\":\"https:\/\/www.laboratoire-helpac.com\/en\/#\/schema\/logo\/image\/\",\"url\":\"https:\/\/dev.fizzbuzz.fr\/helpac\/wp-content\/uploads\/2023\/05\/Logo-Helpac.jpg\",\"contentUrl\":\"https:\/\/dev.fizzbuzz.fr\/helpac\/wp-content\/uploads\/2023\/05\/Logo-Helpac.jpg\",\"width\":200,\"height\":200,\"caption\":\"Helpac\"},\"image\":{\"@id\":\"https:\/\/www.laboratoire-helpac.com\/en\/#\/schema\/logo\/image\/\"},\"sameAs\":[\"https:\/\/www.linkedin.com\/company\/helpac\/\"]}]}<\/script>\n<!-- \/ Yoast SEO plugin. -->","yoast_head_json":{"title":"Floral water Organic incense (France) | HELPAC","description":"Avec son parfum chaud, balsamique, \u00e9pic\u00e9 et l\u00e9g\u00e8rement fum\u00e9, l\u2019eau florale d\u2019Encens oliban est li\u00e9 \u00e0 la m\u00e9ditation en aromath\u00e9rapie \u00e9nerg\u00e9tique. Revitalisante, purifiante et raffermissante, elle semble affiner le grain de peau et est tout indiqu\u00e9e dans le soin des peaux jeunes comme des peaux matures et des soins cibl\u00e9s buste et d\u00e9collet\u00e9. Anti-inflammatoire, elle peut entrer en phase aqueuse des soins arthrose et rhumatisme. En interne, on utilise ses effets diur\u00e9tiques notamment en cas de cystite.","robots":{"index":"index","follow":"follow","max-snippet":"max-snippet:-1","max-image-preview":"max-image-preview:large","max-video-preview":"max-video-preview:-1"},"canonical":"https:\/\/www.laboratoire-helpac.com\/en\/p\/frankincense-organic\/","og_locale":"en_US","og_type":"article","og_title":"Floral water Organic incense (France) | HELPAC","og_description":"Avec son parfum chaud, balsamique, \u00e9pic\u00e9 et l\u00e9g\u00e8rement fum\u00e9, l\u2019eau florale d\u2019Encens oliban est li\u00e9 \u00e0 la m\u00e9ditation en aromath\u00e9rapie \u00e9nerg\u00e9tique. Revitalisante, purifiante et raffermissante, elle semble affiner le grain de peau et est tout indiqu\u00e9e dans le soin des peaux jeunes comme des peaux matures et des soins cibl\u00e9s buste et d\u00e9collet\u00e9. Anti-inflammatoire, elle peut entrer en phase aqueuse des soins arthrose et rhumatisme. En interne, on utilise ses effets diur\u00e9tiques notamment en cas de cystite.","og_url":"https:\/\/www.laboratoire-helpac.com\/en\/p\/frankincense-organic\/","og_site_name":"HELPAC","article_modified_time":"2023-11-29T18:39:54+00:00","og_image":[{"width":1024,"height":1024,"url":"https:\/\/www.laboratoire-helpac.com\/wp-content\/uploads\/2023\/07\/EF_FRANKINCENSE-EN-1-1024x1024.png","type":"image\/png"}],"twitter_card":"summary_large_image","twitter_misc":{"Est. reading time":"1 minute"},"schema":{"@context":"https:\/\/schema.org","@graph":[{"@type":"WebPage","@id":"https:\/\/www.laboratoire-helpac.com\/en\/p\/frankincense-organic\/","url":"https:\/\/www.laboratoire-helpac.com\/en\/p\/frankincense-organic\/","name":"Floral water Organic incense (France) | HELPAC","isPartOf":{"@id":"https:\/\/www.laboratoire-helpac.com\/en\/#website"},"primaryImageOfPage":{"@id":"https:\/\/www.laboratoire-helpac.com\/en\/p\/frankincense-organic\/#primaryimage"},"image":{"@id":"https:\/\/www.laboratoire-helpac.com\/en\/p\/frankincense-organic\/#primaryimage"},"thumbnailUrl":"https:\/\/www.laboratoire-helpac.com\/wp-content\/uploads\/2023\/07\/EF_FRANKINCENSE-EN-1.png","datePublished":"2023-07-30T14:58:41+00:00","dateModified":"2023-11-29T18:39:54+00:00","description":"Avec son parfum chaud, balsamique, \u00e9pic\u00e9 et l\u00e9g\u00e8rement fum\u00e9, l\u2019eau florale d\u2019Encens oliban est li\u00e9 \u00e0 la m\u00e9ditation en aromath\u00e9rapie \u00e9nerg\u00e9tique. Revitalisante, purifiante et raffermissante, elle semble affiner le grain de peau et est tout indiqu\u00e9e dans le soin des peaux jeunes comme des peaux matures et des soins cibl\u00e9s buste et d\u00e9collet\u00e9. Anti-inflammatoire, elle peut entrer en phase aqueuse des soins arthrose et rhumatisme. En interne, on utilise ses effets diur\u00e9tiques notamment en cas de cystite.","breadcrumb":{"@id":"https:\/\/www.laboratoire-helpac.com\/en\/p\/frankincense-organic\/#breadcrumb"},"inLanguage":"en-US","potentialAction":[{"@type":"ReadAction","target":["https:\/\/www.laboratoire-helpac.com\/en\/p\/frankincense-organic\/"]}]},{"@type":"ImageObject","inLanguage":"en-US","@id":"https:\/\/www.laboratoire-helpac.com\/en\/p\/frankincense-organic\/#primaryimage","url":"https:\/\/www.laboratoire-helpac.com\/wp-content\/uploads\/2023\/07\/EF_FRANKINCENSE-EN-1.png","contentUrl":"https:\/\/www.laboratoire-helpac.com\/wp-content\/uploads\/2023\/07\/EF_FRANKINCENSE-EN-1.png","width":3543,"height":3543,"caption":"Floral water Frankincense Organic (France) wholesaler"},{"@type":"BreadcrumbList","@id":"https:\/\/www.laboratoire-helpac.com\/en\/p\/frankincense-organic\/#breadcrumb","itemListElement":[{"@type":"ListItem","position":1,"name":"Accueil","item":"https:\/\/www.laboratoire-helpac.com\/en\/"},{"@type":"ListItem","position":2,"name":"Our ingredients","item":"https:\/\/www.laboratoire-helpac.com\/en\/products\/"},{"@type":"ListItem","position":3,"name":"FRANKINCENSE ORGANIC"}]},{"@type":"WebSite","@id":"https:\/\/www.laboratoire-helpac.com\/en\/#website","url":"https:\/\/www.laboratoire-helpac.com\/en\/","name":"HELPAC","description":"","publisher":{"@id":"https:\/\/www.laboratoire-helpac.com\/en\/#organization"},"potentialAction":[{"@type":"SearchAction","target":{"@type":"EntryPoint","urlTemplate":"https:\/\/www.laboratoire-helpac.com\/en\/?s={search_term_string}"},"query-input":{"@type":"PropertyValueSpecification","valueRequired":true,"valueName":"search_term_string"}}],"inLanguage":"en-US"},{"@type":"Organization","@id":"https:\/\/www.laboratoire-helpac.com\/en\/#organization","name":"Helpac","url":"https:\/\/www.laboratoire-helpac.com\/en\/","logo":{"@type":"ImageObject","inLanguage":"en-US","@id":"https:\/\/www.laboratoire-helpac.com\/en\/#\/schema\/logo\/image\/","url":"https:\/\/dev.fizzbuzz.fr\/helpac\/wp-content\/uploads\/2023\/05\/Logo-Helpac.jpg","contentUrl":"https:\/\/dev.fizzbuzz.fr\/helpac\/wp-content\/uploads\/2023\/05\/Logo-Helpac.jpg","width":200,"height":200,"caption":"Helpac"},"image":{"@id":"https:\/\/www.laboratoire-helpac.com\/en\/#\/schema\/logo\/image\/"},"sameAs":["https:\/\/www.linkedin.com\/company\/helpac\/"]}]}},"_links":{"self":[{"href":"https:\/\/www.laboratoire-helpac.com\/en\/wp-json\/wp\/v2\/product\/5368","targetHints":{"allow":["GET"]}}],"collection":[{"href":"https:\/\/www.laboratoire-helpac.com\/en\/wp-json\/wp\/v2\/product"}],"about":[{"href":"https:\/\/www.laboratoire-helpac.com\/en\/wp-json\/wp\/v2\/types\/product"}],"wp:featuredmedia":[{"embeddable":true,"href":"https:\/\/www.laboratoire-helpac.com\/en\/wp-json\/wp\/v2\/media\/8016"}],"wp:attachment":[{"href":"https:\/\/www.laboratoire-helpac.com\/en\/wp-json\/wp\/v2\/media?parent=5368"}],"wp:term":[{"taxonomy":"product_cat","embeddable":true,"href":"https:\/\/www.laboratoire-helpac.com\/en\/wp-json\/wp\/v2\/product_cat?post=5368"},{"taxonomy":"product_tag","embeddable":true,"href":"https:\/\/www.laboratoire-helpac.com\/en\/wp-json\/wp\/v2\/product_tag?post=5368"}],"curies":[{"name":"wp","href":"https:\/\/api.w.org\/{rel}","templated":true}]}}