{"id":5367,"date":"2023-07-30T16:58:41","date_gmt":"2023-07-30T14:58:41","guid":{"rendered":"http:\/\/localhost\/wordpress\/produit\/douglas-organic\/"},"modified":"2023-11-29T19:39:53","modified_gmt":"2023-11-29T18:39:53","slug":"douglas-organic","status":"publish","type":"product","link":"https:\/\/www.laboratoire-helpac.com\/en\/p\/douglas-organic\/","title":{"rendered":"DOUGLAS ORGANIC"},"content":{"rendered":"<p>With its resinous and lemony aroma, Douglas Fir Floral Water from the Monts du Forez region can bring originality to culinary creations (syrups, cocktails, etc.). When diffused or inhaled, it helps clear the respiratory passages. When used as a spray, it contributes to purifying the atmosphere and can also be included in insect repellent formulations. With its purifying and cleansing properties and a pH of 3 to 4.5, it is highly recommended for the care of young skin (lotions, creams, milks). As a lymphatic stimulant, it assists in reducing the appearance of cellulite. In energetic aromatherapy, it is used for its reassuring effect.<\/p>\n","protected":false},"excerpt":{"rendered":"<p>With its resinous and lemony aroma, Douglas Fir Floral Water from the Monts du Forez region can bring originality to culinary creations (syrups, cocktails, etc.). When diffused or inhaled, it helps clear the respiratory passages. When used as a spray, it contributes to purifying the atmosphere and can also be included in insect repellent formulations. [&hellip;]<\/p>\n","protected":false},"featured_media":8018,"template":"","meta":[],"product_cat":[382],"product_tag":[],"class_list":{"0":"post-5367","1":"product","2":"type-product","3":"status-publish","4":"has-post-thumbnail","6":"product_cat-flower-waters","7":"pa_certifications-organic","8":"pa_fabrication-oui-en","9":"pa_origines-france-en","10":"pa_usages-cosmetic","12":"first","13":"instock","14":"purchasable","15":"product-type-simple"},"acf":[],"yoast_head":"<!-- This site is optimized with the Yoast SEO plugin v23.9 - https:\/\/yoast.com\/wordpress\/plugins\/seo\/ -->\n<title>Floral water Douglas organic (France) | HELPAC<\/title>\n<meta name=\"description\" content=\"Avec son ar\u00f4me r\u00e9sineux et citronn\u00e9, l&#039;eau florale de Pin Douglas des Monts du Forez peut \u00eatre originale en cuisine (sirops, cocktails\u2026). En diffusion ou inhalation, elle permet de d\u00e9gager les voies respiratoires. En spray, elle participe \u00e0 assainir l\u2019atmosph\u00e8re mais peut aussi enter dans la composition d&#039;insectifuges. Purifiante et nettoyante, avec un pH de 3 \u00e0 4.5, elle est tout conseill\u00e9e pour le soin des peaux jeunes (lotions, cr\u00e8mes, laits). Stimulante lymphatique, elle aide \u00e0 r\u00e9duire l\u2019aspect de la cellulite. On l\u2019utilise \u00e9galement en aromath\u00e9rapie \u00e9nerg\u00e9tique pour son effet rassurant.\" \/>\n<meta name=\"robots\" content=\"index, follow, max-snippet:-1, max-image-preview:large, max-video-preview:-1\" \/>\n<link rel=\"canonical\" href=\"https:\/\/www.laboratoire-helpac.com\/en\/p\/douglas-organic\/\" \/>\n<meta property=\"og:locale\" content=\"en_US\" \/>\n<meta property=\"og:type\" content=\"article\" \/>\n<meta property=\"og:title\" content=\"Floral water Douglas organic (France) | HELPAC\" \/>\n<meta property=\"og:description\" content=\"Avec son ar\u00f4me r\u00e9sineux et citronn\u00e9, l&#039;eau florale de Pin Douglas des Monts du Forez peut \u00eatre originale en cuisine (sirops, cocktails\u2026). En diffusion ou inhalation, elle permet de d\u00e9gager les voies respiratoires. En spray, elle participe \u00e0 assainir l\u2019atmosph\u00e8re mais peut aussi enter dans la composition d&#039;insectifuges. Purifiante et nettoyante, avec un pH de 3 \u00e0 4.5, elle est tout conseill\u00e9e pour le soin des peaux jeunes (lotions, cr\u00e8mes, laits). Stimulante lymphatique, elle aide \u00e0 r\u00e9duire l\u2019aspect de la cellulite. On l\u2019utilise \u00e9galement en aromath\u00e9rapie \u00e9nerg\u00e9tique pour son effet rassurant.\" \/>\n<meta property=\"og:url\" content=\"https:\/\/www.laboratoire-helpac.com\/en\/p\/douglas-organic\/\" \/>\n<meta property=\"og:site_name\" content=\"HELPAC\" \/>\n<meta property=\"article:modified_time\" content=\"2023-11-29T18:39:53+00:00\" \/>\n<meta property=\"og:image\" content=\"https:\/\/www.laboratoire-helpac.com\/wp-content\/uploads\/2023\/07\/EF_DOUGLAS-EN-1-1024x1024.png\" \/>\n\t<meta property=\"og:image:width\" content=\"1024\" \/>\n\t<meta property=\"og:image:height\" content=\"1024\" \/>\n\t<meta property=\"og:image:type\" content=\"image\/png\" \/>\n<meta name=\"twitter:card\" content=\"summary_large_image\" \/>\n<meta name=\"twitter:label1\" content=\"Est. reading time\" \/>\n\t<meta name=\"twitter:data1\" content=\"1 minute\" \/>\n<script type=\"application\/ld+json\" class=\"yoast-schema-graph\">{\"@context\":\"https:\/\/schema.org\",\"@graph\":[{\"@type\":\"WebPage\",\"@id\":\"https:\/\/www.laboratoire-helpac.com\/en\/p\/douglas-organic\/\",\"url\":\"https:\/\/www.laboratoire-helpac.com\/en\/p\/douglas-organic\/\",\"name\":\"Floral water Douglas organic (France) | HELPAC\",\"isPartOf\":{\"@id\":\"https:\/\/www.laboratoire-helpac.com\/en\/#website\"},\"primaryImageOfPage\":{\"@id\":\"https:\/\/www.laboratoire-helpac.com\/en\/p\/douglas-organic\/#primaryimage\"},\"image\":{\"@id\":\"https:\/\/www.laboratoire-helpac.com\/en\/p\/douglas-organic\/#primaryimage\"},\"thumbnailUrl\":\"https:\/\/www.laboratoire-helpac.com\/wp-content\/uploads\/2023\/07\/EF_DOUGLAS-EN-1.png\",\"datePublished\":\"2023-07-30T14:58:41+00:00\",\"dateModified\":\"2023-11-29T18:39:53+00:00\",\"description\":\"Avec son ar\u00f4me r\u00e9sineux et citronn\u00e9, l'eau florale de Pin Douglas des Monts du Forez peut \u00eatre originale en cuisine (sirops, cocktails\u2026). En diffusion ou inhalation, elle permet de d\u00e9gager les voies respiratoires. En spray, elle participe \u00e0 assainir l\u2019atmosph\u00e8re mais peut aussi enter dans la composition d'insectifuges. Purifiante et nettoyante, avec un pH de 3 \u00e0 4.5, elle est tout conseill\u00e9e pour le soin des peaux jeunes (lotions, cr\u00e8mes, laits). Stimulante lymphatique, elle aide \u00e0 r\u00e9duire l\u2019aspect de la cellulite. On l\u2019utilise \u00e9galement en aromath\u00e9rapie \u00e9nerg\u00e9tique pour son effet rassurant.\",\"breadcrumb\":{\"@id\":\"https:\/\/www.laboratoire-helpac.com\/en\/p\/douglas-organic\/#breadcrumb\"},\"inLanguage\":\"en-US\",\"potentialAction\":[{\"@type\":\"ReadAction\",\"target\":[\"https:\/\/www.laboratoire-helpac.com\/en\/p\/douglas-organic\/\"]}]},{\"@type\":\"ImageObject\",\"inLanguage\":\"en-US\",\"@id\":\"https:\/\/www.laboratoire-helpac.com\/en\/p\/douglas-organic\/#primaryimage\",\"url\":\"https:\/\/www.laboratoire-helpac.com\/wp-content\/uploads\/2023\/07\/EF_DOUGLAS-EN-1.png\",\"contentUrl\":\"https:\/\/www.laboratoire-helpac.com\/wp-content\/uploads\/2023\/07\/EF_DOUGLAS-EN-1.png\",\"width\":3543,\"height\":3543,\"caption\":\"Floral water Douglas organic (France) wholesalers\"},{\"@type\":\"BreadcrumbList\",\"@id\":\"https:\/\/www.laboratoire-helpac.com\/en\/p\/douglas-organic\/#breadcrumb\",\"itemListElement\":[{\"@type\":\"ListItem\",\"position\":1,\"name\":\"Accueil\",\"item\":\"https:\/\/www.laboratoire-helpac.com\/en\/\"},{\"@type\":\"ListItem\",\"position\":2,\"name\":\"Our ingredients\",\"item\":\"https:\/\/www.laboratoire-helpac.com\/en\/products\/\"},{\"@type\":\"ListItem\",\"position\":3,\"name\":\"DOUGLAS ORGANIC\"}]},{\"@type\":\"WebSite\",\"@id\":\"https:\/\/www.laboratoire-helpac.com\/en\/#website\",\"url\":\"https:\/\/www.laboratoire-helpac.com\/en\/\",\"name\":\"HELPAC\",\"description\":\"\",\"publisher\":{\"@id\":\"https:\/\/www.laboratoire-helpac.com\/en\/#organization\"},\"potentialAction\":[{\"@type\":\"SearchAction\",\"target\":{\"@type\":\"EntryPoint\",\"urlTemplate\":\"https:\/\/www.laboratoire-helpac.com\/en\/?s={search_term_string}\"},\"query-input\":{\"@type\":\"PropertyValueSpecification\",\"valueRequired\":true,\"valueName\":\"search_term_string\"}}],\"inLanguage\":\"en-US\"},{\"@type\":\"Organization\",\"@id\":\"https:\/\/www.laboratoire-helpac.com\/en\/#organization\",\"name\":\"Helpac\",\"url\":\"https:\/\/www.laboratoire-helpac.com\/en\/\",\"logo\":{\"@type\":\"ImageObject\",\"inLanguage\":\"en-US\",\"@id\":\"https:\/\/www.laboratoire-helpac.com\/en\/#\/schema\/logo\/image\/\",\"url\":\"https:\/\/dev.fizzbuzz.fr\/helpac\/wp-content\/uploads\/2023\/05\/Logo-Helpac.jpg\",\"contentUrl\":\"https:\/\/dev.fizzbuzz.fr\/helpac\/wp-content\/uploads\/2023\/05\/Logo-Helpac.jpg\",\"width\":200,\"height\":200,\"caption\":\"Helpac\"},\"image\":{\"@id\":\"https:\/\/www.laboratoire-helpac.com\/en\/#\/schema\/logo\/image\/\"},\"sameAs\":[\"https:\/\/www.linkedin.com\/company\/helpac\/\"]}]}<\/script>\n<!-- \/ Yoast SEO plugin. -->","yoast_head_json":{"title":"Floral water Douglas organic (France) | HELPAC","description":"Avec son ar\u00f4me r\u00e9sineux et citronn\u00e9, l'eau florale de Pin Douglas des Monts du Forez peut \u00eatre originale en cuisine (sirops, cocktails\u2026). En diffusion ou inhalation, elle permet de d\u00e9gager les voies respiratoires. En spray, elle participe \u00e0 assainir l\u2019atmosph\u00e8re mais peut aussi enter dans la composition d'insectifuges. Purifiante et nettoyante, avec un pH de 3 \u00e0 4.5, elle est tout conseill\u00e9e pour le soin des peaux jeunes (lotions, cr\u00e8mes, laits). Stimulante lymphatique, elle aide \u00e0 r\u00e9duire l\u2019aspect de la cellulite. On l\u2019utilise \u00e9galement en aromath\u00e9rapie \u00e9nerg\u00e9tique pour son effet rassurant.","robots":{"index":"index","follow":"follow","max-snippet":"max-snippet:-1","max-image-preview":"max-image-preview:large","max-video-preview":"max-video-preview:-1"},"canonical":"https:\/\/www.laboratoire-helpac.com\/en\/p\/douglas-organic\/","og_locale":"en_US","og_type":"article","og_title":"Floral water Douglas organic (France) | HELPAC","og_description":"Avec son ar\u00f4me r\u00e9sineux et citronn\u00e9, l'eau florale de Pin Douglas des Monts du Forez peut \u00eatre originale en cuisine (sirops, cocktails\u2026). En diffusion ou inhalation, elle permet de d\u00e9gager les voies respiratoires. En spray, elle participe \u00e0 assainir l\u2019atmosph\u00e8re mais peut aussi enter dans la composition d'insectifuges. Purifiante et nettoyante, avec un pH de 3 \u00e0 4.5, elle est tout conseill\u00e9e pour le soin des peaux jeunes (lotions, cr\u00e8mes, laits). Stimulante lymphatique, elle aide \u00e0 r\u00e9duire l\u2019aspect de la cellulite. On l\u2019utilise \u00e9galement en aromath\u00e9rapie \u00e9nerg\u00e9tique pour son effet rassurant.","og_url":"https:\/\/www.laboratoire-helpac.com\/en\/p\/douglas-organic\/","og_site_name":"HELPAC","article_modified_time":"2023-11-29T18:39:53+00:00","og_image":[{"width":1024,"height":1024,"url":"https:\/\/www.laboratoire-helpac.com\/wp-content\/uploads\/2023\/07\/EF_DOUGLAS-EN-1-1024x1024.png","type":"image\/png"}],"twitter_card":"summary_large_image","twitter_misc":{"Est. reading time":"1 minute"},"schema":{"@context":"https:\/\/schema.org","@graph":[{"@type":"WebPage","@id":"https:\/\/www.laboratoire-helpac.com\/en\/p\/douglas-organic\/","url":"https:\/\/www.laboratoire-helpac.com\/en\/p\/douglas-organic\/","name":"Floral water Douglas organic (France) | HELPAC","isPartOf":{"@id":"https:\/\/www.laboratoire-helpac.com\/en\/#website"},"primaryImageOfPage":{"@id":"https:\/\/www.laboratoire-helpac.com\/en\/p\/douglas-organic\/#primaryimage"},"image":{"@id":"https:\/\/www.laboratoire-helpac.com\/en\/p\/douglas-organic\/#primaryimage"},"thumbnailUrl":"https:\/\/www.laboratoire-helpac.com\/wp-content\/uploads\/2023\/07\/EF_DOUGLAS-EN-1.png","datePublished":"2023-07-30T14:58:41+00:00","dateModified":"2023-11-29T18:39:53+00:00","description":"Avec son ar\u00f4me r\u00e9sineux et citronn\u00e9, l'eau florale de Pin Douglas des Monts du Forez peut \u00eatre originale en cuisine (sirops, cocktails\u2026). En diffusion ou inhalation, elle permet de d\u00e9gager les voies respiratoires. En spray, elle participe \u00e0 assainir l\u2019atmosph\u00e8re mais peut aussi enter dans la composition d'insectifuges. Purifiante et nettoyante, avec un pH de 3 \u00e0 4.5, elle est tout conseill\u00e9e pour le soin des peaux jeunes (lotions, cr\u00e8mes, laits). Stimulante lymphatique, elle aide \u00e0 r\u00e9duire l\u2019aspect de la cellulite. On l\u2019utilise \u00e9galement en aromath\u00e9rapie \u00e9nerg\u00e9tique pour son effet rassurant.","breadcrumb":{"@id":"https:\/\/www.laboratoire-helpac.com\/en\/p\/douglas-organic\/#breadcrumb"},"inLanguage":"en-US","potentialAction":[{"@type":"ReadAction","target":["https:\/\/www.laboratoire-helpac.com\/en\/p\/douglas-organic\/"]}]},{"@type":"ImageObject","inLanguage":"en-US","@id":"https:\/\/www.laboratoire-helpac.com\/en\/p\/douglas-organic\/#primaryimage","url":"https:\/\/www.laboratoire-helpac.com\/wp-content\/uploads\/2023\/07\/EF_DOUGLAS-EN-1.png","contentUrl":"https:\/\/www.laboratoire-helpac.com\/wp-content\/uploads\/2023\/07\/EF_DOUGLAS-EN-1.png","width":3543,"height":3543,"caption":"Floral water Douglas organic (France) wholesalers"},{"@type":"BreadcrumbList","@id":"https:\/\/www.laboratoire-helpac.com\/en\/p\/douglas-organic\/#breadcrumb","itemListElement":[{"@type":"ListItem","position":1,"name":"Accueil","item":"https:\/\/www.laboratoire-helpac.com\/en\/"},{"@type":"ListItem","position":2,"name":"Our ingredients","item":"https:\/\/www.laboratoire-helpac.com\/en\/products\/"},{"@type":"ListItem","position":3,"name":"DOUGLAS ORGANIC"}]},{"@type":"WebSite","@id":"https:\/\/www.laboratoire-helpac.com\/en\/#website","url":"https:\/\/www.laboratoire-helpac.com\/en\/","name":"HELPAC","description":"","publisher":{"@id":"https:\/\/www.laboratoire-helpac.com\/en\/#organization"},"potentialAction":[{"@type":"SearchAction","target":{"@type":"EntryPoint","urlTemplate":"https:\/\/www.laboratoire-helpac.com\/en\/?s={search_term_string}"},"query-input":{"@type":"PropertyValueSpecification","valueRequired":true,"valueName":"search_term_string"}}],"inLanguage":"en-US"},{"@type":"Organization","@id":"https:\/\/www.laboratoire-helpac.com\/en\/#organization","name":"Helpac","url":"https:\/\/www.laboratoire-helpac.com\/en\/","logo":{"@type":"ImageObject","inLanguage":"en-US","@id":"https:\/\/www.laboratoire-helpac.com\/en\/#\/schema\/logo\/image\/","url":"https:\/\/dev.fizzbuzz.fr\/helpac\/wp-content\/uploads\/2023\/05\/Logo-Helpac.jpg","contentUrl":"https:\/\/dev.fizzbuzz.fr\/helpac\/wp-content\/uploads\/2023\/05\/Logo-Helpac.jpg","width":200,"height":200,"caption":"Helpac"},"image":{"@id":"https:\/\/www.laboratoire-helpac.com\/en\/#\/schema\/logo\/image\/"},"sameAs":["https:\/\/www.linkedin.com\/company\/helpac\/"]}]}},"_links":{"self":[{"href":"https:\/\/www.laboratoire-helpac.com\/en\/wp-json\/wp\/v2\/product\/5367","targetHints":{"allow":["GET"]}}],"collection":[{"href":"https:\/\/www.laboratoire-helpac.com\/en\/wp-json\/wp\/v2\/product"}],"about":[{"href":"https:\/\/www.laboratoire-helpac.com\/en\/wp-json\/wp\/v2\/types\/product"}],"wp:featuredmedia":[{"embeddable":true,"href":"https:\/\/www.laboratoire-helpac.com\/en\/wp-json\/wp\/v2\/media\/8018"}],"wp:attachment":[{"href":"https:\/\/www.laboratoire-helpac.com\/en\/wp-json\/wp\/v2\/media?parent=5367"}],"wp:term":[{"taxonomy":"product_cat","embeddable":true,"href":"https:\/\/www.laboratoire-helpac.com\/en\/wp-json\/wp\/v2\/product_cat?post=5367"},{"taxonomy":"product_tag","embeddable":true,"href":"https:\/\/www.laboratoire-helpac.com\/en\/wp-json\/wp\/v2\/product_tag?post=5367"}],"curies":[{"name":"wp","href":"https:\/\/api.w.org\/{rel}","templated":true}]}}