{"id":5363,"date":"2023-07-30T16:58:41","date_gmt":"2023-07-30T14:58:41","guid":{"rendered":"http:\/\/localhost\/wordpress\/produit\/organic-hemp-2\/"},"modified":"2023-11-29T19:39:52","modified_gmt":"2023-11-29T18:39:52","slug":"hemp-organic","status":"publish","type":"product","link":"https:\/\/www.laboratoire-helpac.com\/en\/p\/hemp-organic\/","title":{"rendered":"HEMP ORGANIC"},"content":{"rendered":"<p>Soothing, calming, circulatory, pH-balancing, and unifying, Hemp floral water has a significant place in cosmetics, especially when used in conjunction with Hemp oil. It can be incorporated into masks, lotions, micellar lotions, makeup removers, post-shave treatments, and more, suitable for all skin types, particularly oily or prone to redness. It also cares for the hair (tonics, masks, cleansing treatments, detangling conditioners) and is suitable for internal use in &#8220;sleep&#8221; formulas or for animal care. Its vegetal fragrance can be surprisingly interesting in culinary applications!<\/p>\n","protected":false},"excerpt":{"rendered":"<p>Soothing, calming, circulatory, pH-balancing, and unifying, Hemp floral water has a significant place in cosmetics, especially when used in conjunction with Hemp oil. It can be incorporated into masks, lotions, micellar lotions, makeup removers, post-shave treatments, and more, suitable for all skin types, particularly oily or prone to redness. It also cares for the hair [&hellip;]<\/p>\n","protected":false},"featured_media":8012,"template":"","meta":[],"product_cat":[382],"product_tag":[],"class_list":{"0":"post-5363","1":"product","2":"type-product","3":"status-publish","4":"has-post-thumbnail","6":"product_cat-flower-waters","7":"pa_certifications-organic","8":"pa_fabrication-oui-en","9":"pa_origines-france-en","10":"pa_usages-cosmetic","12":"first","13":"instock","14":"purchasable","15":"product-type-simple"},"acf":[],"yoast_head":"<!-- This site is optimized with the Yoast SEO plugin v23.9 - https:\/\/yoast.com\/wordpress\/plugins\/seo\/ -->\n<title>Floral water Organic hemp (France) | HELPAC<\/title>\n<meta name=\"description\" content=\"Apaisante, calmante, circulatoire, r\u00e9\u00e9quilibrante du pH et unifiante, l\u2019eau florale de Chanvre a toute sa place en cosm\u00e9tique \u2013 surtout en association \u00e0 l\u2019huile de Chanvre -, pour des masques, lotions, lotions micellaires, laits d\u00e9maquillants, soins apr\u00e8s-rasage, etc. pour tous les types de peaux, surtout grasses ou sensibles aux rougeurs. Elle prend \u00e9galement soin des cheveux (tonique, masques, soins lavants, apr\u00e8s-shampoing d\u00e9m\u00ealant) et est indiqu\u00e9e en interne pour les formules \u00ab\u00a0sommeil\u00a0\u00bb ou pour les soins des animaux. Son parfum v\u00e9g\u00e9tal peut \u00eatre surprenant en cuisine\u00a0!\" \/>\n<meta name=\"robots\" content=\"index, follow, max-snippet:-1, max-image-preview:large, max-video-preview:-1\" \/>\n<link rel=\"canonical\" href=\"https:\/\/www.laboratoire-helpac.com\/en\/p\/hemp-organic\/\" \/>\n<meta property=\"og:locale\" content=\"en_US\" \/>\n<meta property=\"og:type\" content=\"article\" \/>\n<meta property=\"og:title\" content=\"Floral water Organic hemp (France) | HELPAC\" \/>\n<meta property=\"og:description\" content=\"Apaisante, calmante, circulatoire, r\u00e9\u00e9quilibrante du pH et unifiante, l\u2019eau florale de Chanvre a toute sa place en cosm\u00e9tique \u2013 surtout en association \u00e0 l\u2019huile de Chanvre -, pour des masques, lotions, lotions micellaires, laits d\u00e9maquillants, soins apr\u00e8s-rasage, etc. pour tous les types de peaux, surtout grasses ou sensibles aux rougeurs. Elle prend \u00e9galement soin des cheveux (tonique, masques, soins lavants, apr\u00e8s-shampoing d\u00e9m\u00ealant) et est indiqu\u00e9e en interne pour les formules \u00ab\u00a0sommeil\u00a0\u00bb ou pour les soins des animaux. Son parfum v\u00e9g\u00e9tal peut \u00eatre surprenant en cuisine\u00a0!\" \/>\n<meta property=\"og:url\" content=\"https:\/\/www.laboratoire-helpac.com\/en\/p\/hemp-organic\/\" \/>\n<meta property=\"og:site_name\" content=\"HELPAC\" \/>\n<meta property=\"article:modified_time\" content=\"2023-11-29T18:39:52+00:00\" \/>\n<meta property=\"og:image\" content=\"https:\/\/www.laboratoire-helpac.com\/wp-content\/uploads\/2023\/07\/EF_HEMP-EN-1-1024x1024.png\" \/>\n\t<meta property=\"og:image:width\" content=\"1024\" \/>\n\t<meta property=\"og:image:height\" content=\"1024\" \/>\n\t<meta property=\"og:image:type\" content=\"image\/png\" \/>\n<meta name=\"twitter:card\" content=\"summary_large_image\" \/>\n<meta name=\"twitter:label1\" content=\"Est. reading time\" \/>\n\t<meta name=\"twitter:data1\" content=\"1 minute\" \/>\n<script type=\"application\/ld+json\" class=\"yoast-schema-graph\">{\"@context\":\"https:\/\/schema.org\",\"@graph\":[{\"@type\":\"WebPage\",\"@id\":\"https:\/\/www.laboratoire-helpac.com\/en\/p\/hemp-organic\/\",\"url\":\"https:\/\/www.laboratoire-helpac.com\/en\/p\/hemp-organic\/\",\"name\":\"Floral water Organic hemp (France) | HELPAC\",\"isPartOf\":{\"@id\":\"https:\/\/www.laboratoire-helpac.com\/en\/#website\"},\"primaryImageOfPage\":{\"@id\":\"https:\/\/www.laboratoire-helpac.com\/en\/p\/hemp-organic\/#primaryimage\"},\"image\":{\"@id\":\"https:\/\/www.laboratoire-helpac.com\/en\/p\/hemp-organic\/#primaryimage\"},\"thumbnailUrl\":\"https:\/\/www.laboratoire-helpac.com\/wp-content\/uploads\/2023\/07\/EF_HEMP-EN-1.png\",\"datePublished\":\"2023-07-30T14:58:41+00:00\",\"dateModified\":\"2023-11-29T18:39:52+00:00\",\"description\":\"Apaisante, calmante, circulatoire, r\u00e9\u00e9quilibrante du pH et unifiante, l\u2019eau florale de Chanvre a toute sa place en cosm\u00e9tique \u2013 surtout en association \u00e0 l\u2019huile de Chanvre -, pour des masques, lotions, lotions micellaires, laits d\u00e9maquillants, soins apr\u00e8s-rasage, etc. pour tous les types de peaux, surtout grasses ou sensibles aux rougeurs. Elle prend \u00e9galement soin des cheveux (tonique, masques, soins lavants, apr\u00e8s-shampoing d\u00e9m\u00ealant) et est indiqu\u00e9e en interne pour les formules \u00ab\u00a0sommeil\u00a0\u00bb ou pour les soins des animaux. Son parfum v\u00e9g\u00e9tal peut \u00eatre surprenant en cuisine\u00a0!\",\"breadcrumb\":{\"@id\":\"https:\/\/www.laboratoire-helpac.com\/en\/p\/hemp-organic\/#breadcrumb\"},\"inLanguage\":\"en-US\",\"potentialAction\":[{\"@type\":\"ReadAction\",\"target\":[\"https:\/\/www.laboratoire-helpac.com\/en\/p\/hemp-organic\/\"]}]},{\"@type\":\"ImageObject\",\"inLanguage\":\"en-US\",\"@id\":\"https:\/\/www.laboratoire-helpac.com\/en\/p\/hemp-organic\/#primaryimage\",\"url\":\"https:\/\/www.laboratoire-helpac.com\/wp-content\/uploads\/2023\/07\/EF_HEMP-EN-1.png\",\"contentUrl\":\"https:\/\/www.laboratoire-helpac.com\/wp-content\/uploads\/2023\/07\/EF_HEMP-EN-1.png\",\"width\":3543,\"height\":3543,\"caption\":\"Floral water Organic hemp (France) wholesaler\"},{\"@type\":\"BreadcrumbList\",\"@id\":\"https:\/\/www.laboratoire-helpac.com\/en\/p\/hemp-organic\/#breadcrumb\",\"itemListElement\":[{\"@type\":\"ListItem\",\"position\":1,\"name\":\"Accueil\",\"item\":\"https:\/\/www.laboratoire-helpac.com\/en\/\"},{\"@type\":\"ListItem\",\"position\":2,\"name\":\"Our ingredients\",\"item\":\"https:\/\/www.laboratoire-helpac.com\/en\/products\/\"},{\"@type\":\"ListItem\",\"position\":3,\"name\":\"HEMP ORGANIC\"}]},{\"@type\":\"WebSite\",\"@id\":\"https:\/\/www.laboratoire-helpac.com\/en\/#website\",\"url\":\"https:\/\/www.laboratoire-helpac.com\/en\/\",\"name\":\"HELPAC\",\"description\":\"\",\"publisher\":{\"@id\":\"https:\/\/www.laboratoire-helpac.com\/en\/#organization\"},\"potentialAction\":[{\"@type\":\"SearchAction\",\"target\":{\"@type\":\"EntryPoint\",\"urlTemplate\":\"https:\/\/www.laboratoire-helpac.com\/en\/?s={search_term_string}\"},\"query-input\":{\"@type\":\"PropertyValueSpecification\",\"valueRequired\":true,\"valueName\":\"search_term_string\"}}],\"inLanguage\":\"en-US\"},{\"@type\":\"Organization\",\"@id\":\"https:\/\/www.laboratoire-helpac.com\/en\/#organization\",\"name\":\"Helpac\",\"url\":\"https:\/\/www.laboratoire-helpac.com\/en\/\",\"logo\":{\"@type\":\"ImageObject\",\"inLanguage\":\"en-US\",\"@id\":\"https:\/\/www.laboratoire-helpac.com\/en\/#\/schema\/logo\/image\/\",\"url\":\"https:\/\/dev.fizzbuzz.fr\/helpac\/wp-content\/uploads\/2023\/05\/Logo-Helpac.jpg\",\"contentUrl\":\"https:\/\/dev.fizzbuzz.fr\/helpac\/wp-content\/uploads\/2023\/05\/Logo-Helpac.jpg\",\"width\":200,\"height\":200,\"caption\":\"Helpac\"},\"image\":{\"@id\":\"https:\/\/www.laboratoire-helpac.com\/en\/#\/schema\/logo\/image\/\"},\"sameAs\":[\"https:\/\/www.linkedin.com\/company\/helpac\/\"]}]}<\/script>\n<!-- \/ Yoast SEO plugin. -->","yoast_head_json":{"title":"Floral water Organic hemp (France) | HELPAC","description":"Apaisante, calmante, circulatoire, r\u00e9\u00e9quilibrante du pH et unifiante, l\u2019eau florale de Chanvre a toute sa place en cosm\u00e9tique \u2013 surtout en association \u00e0 l\u2019huile de Chanvre -, pour des masques, lotions, lotions micellaires, laits d\u00e9maquillants, soins apr\u00e8s-rasage, etc. pour tous les types de peaux, surtout grasses ou sensibles aux rougeurs. Elle prend \u00e9galement soin des cheveux (tonique, masques, soins lavants, apr\u00e8s-shampoing d\u00e9m\u00ealant) et est indiqu\u00e9e en interne pour les formules \u00ab\u00a0sommeil\u00a0\u00bb ou pour les soins des animaux. Son parfum v\u00e9g\u00e9tal peut \u00eatre surprenant en cuisine\u00a0!","robots":{"index":"index","follow":"follow","max-snippet":"max-snippet:-1","max-image-preview":"max-image-preview:large","max-video-preview":"max-video-preview:-1"},"canonical":"https:\/\/www.laboratoire-helpac.com\/en\/p\/hemp-organic\/","og_locale":"en_US","og_type":"article","og_title":"Floral water Organic hemp (France) | HELPAC","og_description":"Apaisante, calmante, circulatoire, r\u00e9\u00e9quilibrante du pH et unifiante, l\u2019eau florale de Chanvre a toute sa place en cosm\u00e9tique \u2013 surtout en association \u00e0 l\u2019huile de Chanvre -, pour des masques, lotions, lotions micellaires, laits d\u00e9maquillants, soins apr\u00e8s-rasage, etc. pour tous les types de peaux, surtout grasses ou sensibles aux rougeurs. Elle prend \u00e9galement soin des cheveux (tonique, masques, soins lavants, apr\u00e8s-shampoing d\u00e9m\u00ealant) et est indiqu\u00e9e en interne pour les formules \u00ab\u00a0sommeil\u00a0\u00bb ou pour les soins des animaux. Son parfum v\u00e9g\u00e9tal peut \u00eatre surprenant en cuisine\u00a0!","og_url":"https:\/\/www.laboratoire-helpac.com\/en\/p\/hemp-organic\/","og_site_name":"HELPAC","article_modified_time":"2023-11-29T18:39:52+00:00","og_image":[{"width":1024,"height":1024,"url":"https:\/\/www.laboratoire-helpac.com\/wp-content\/uploads\/2023\/07\/EF_HEMP-EN-1-1024x1024.png","type":"image\/png"}],"twitter_card":"summary_large_image","twitter_misc":{"Est. reading time":"1 minute"},"schema":{"@context":"https:\/\/schema.org","@graph":[{"@type":"WebPage","@id":"https:\/\/www.laboratoire-helpac.com\/en\/p\/hemp-organic\/","url":"https:\/\/www.laboratoire-helpac.com\/en\/p\/hemp-organic\/","name":"Floral water Organic hemp (France) | HELPAC","isPartOf":{"@id":"https:\/\/www.laboratoire-helpac.com\/en\/#website"},"primaryImageOfPage":{"@id":"https:\/\/www.laboratoire-helpac.com\/en\/p\/hemp-organic\/#primaryimage"},"image":{"@id":"https:\/\/www.laboratoire-helpac.com\/en\/p\/hemp-organic\/#primaryimage"},"thumbnailUrl":"https:\/\/www.laboratoire-helpac.com\/wp-content\/uploads\/2023\/07\/EF_HEMP-EN-1.png","datePublished":"2023-07-30T14:58:41+00:00","dateModified":"2023-11-29T18:39:52+00:00","description":"Apaisante, calmante, circulatoire, r\u00e9\u00e9quilibrante du pH et unifiante, l\u2019eau florale de Chanvre a toute sa place en cosm\u00e9tique \u2013 surtout en association \u00e0 l\u2019huile de Chanvre -, pour des masques, lotions, lotions micellaires, laits d\u00e9maquillants, soins apr\u00e8s-rasage, etc. pour tous les types de peaux, surtout grasses ou sensibles aux rougeurs. Elle prend \u00e9galement soin des cheveux (tonique, masques, soins lavants, apr\u00e8s-shampoing d\u00e9m\u00ealant) et est indiqu\u00e9e en interne pour les formules \u00ab\u00a0sommeil\u00a0\u00bb ou pour les soins des animaux. Son parfum v\u00e9g\u00e9tal peut \u00eatre surprenant en cuisine\u00a0!","breadcrumb":{"@id":"https:\/\/www.laboratoire-helpac.com\/en\/p\/hemp-organic\/#breadcrumb"},"inLanguage":"en-US","potentialAction":[{"@type":"ReadAction","target":["https:\/\/www.laboratoire-helpac.com\/en\/p\/hemp-organic\/"]}]},{"@type":"ImageObject","inLanguage":"en-US","@id":"https:\/\/www.laboratoire-helpac.com\/en\/p\/hemp-organic\/#primaryimage","url":"https:\/\/www.laboratoire-helpac.com\/wp-content\/uploads\/2023\/07\/EF_HEMP-EN-1.png","contentUrl":"https:\/\/www.laboratoire-helpac.com\/wp-content\/uploads\/2023\/07\/EF_HEMP-EN-1.png","width":3543,"height":3543,"caption":"Floral water Organic hemp (France) wholesaler"},{"@type":"BreadcrumbList","@id":"https:\/\/www.laboratoire-helpac.com\/en\/p\/hemp-organic\/#breadcrumb","itemListElement":[{"@type":"ListItem","position":1,"name":"Accueil","item":"https:\/\/www.laboratoire-helpac.com\/en\/"},{"@type":"ListItem","position":2,"name":"Our ingredients","item":"https:\/\/www.laboratoire-helpac.com\/en\/products\/"},{"@type":"ListItem","position":3,"name":"HEMP ORGANIC"}]},{"@type":"WebSite","@id":"https:\/\/www.laboratoire-helpac.com\/en\/#website","url":"https:\/\/www.laboratoire-helpac.com\/en\/","name":"HELPAC","description":"","publisher":{"@id":"https:\/\/www.laboratoire-helpac.com\/en\/#organization"},"potentialAction":[{"@type":"SearchAction","target":{"@type":"EntryPoint","urlTemplate":"https:\/\/www.laboratoire-helpac.com\/en\/?s={search_term_string}"},"query-input":{"@type":"PropertyValueSpecification","valueRequired":true,"valueName":"search_term_string"}}],"inLanguage":"en-US"},{"@type":"Organization","@id":"https:\/\/www.laboratoire-helpac.com\/en\/#organization","name":"Helpac","url":"https:\/\/www.laboratoire-helpac.com\/en\/","logo":{"@type":"ImageObject","inLanguage":"en-US","@id":"https:\/\/www.laboratoire-helpac.com\/en\/#\/schema\/logo\/image\/","url":"https:\/\/dev.fizzbuzz.fr\/helpac\/wp-content\/uploads\/2023\/05\/Logo-Helpac.jpg","contentUrl":"https:\/\/dev.fizzbuzz.fr\/helpac\/wp-content\/uploads\/2023\/05\/Logo-Helpac.jpg","width":200,"height":200,"caption":"Helpac"},"image":{"@id":"https:\/\/www.laboratoire-helpac.com\/en\/#\/schema\/logo\/image\/"},"sameAs":["https:\/\/www.linkedin.com\/company\/helpac\/"]}]}},"_links":{"self":[{"href":"https:\/\/www.laboratoire-helpac.com\/en\/wp-json\/wp\/v2\/product\/5363","targetHints":{"allow":["GET"]}}],"collection":[{"href":"https:\/\/www.laboratoire-helpac.com\/en\/wp-json\/wp\/v2\/product"}],"about":[{"href":"https:\/\/www.laboratoire-helpac.com\/en\/wp-json\/wp\/v2\/types\/product"}],"wp:featuredmedia":[{"embeddable":true,"href":"https:\/\/www.laboratoire-helpac.com\/en\/wp-json\/wp\/v2\/media\/8012"}],"wp:attachment":[{"href":"https:\/\/www.laboratoire-helpac.com\/en\/wp-json\/wp\/v2\/media?parent=5363"}],"wp:term":[{"taxonomy":"product_cat","embeddable":true,"href":"https:\/\/www.laboratoire-helpac.com\/en\/wp-json\/wp\/v2\/product_cat?post=5363"},{"taxonomy":"product_tag","embeddable":true,"href":"https:\/\/www.laboratoire-helpac.com\/en\/wp-json\/wp\/v2\/product_tag?post=5363"}],"curies":[{"name":"wp","href":"https:\/\/api.w.org\/{rel}","templated":true}]}}