{"id":5360,"date":"2023-07-30T16:58:41","date_gmt":"2023-07-30T14:58:41","guid":{"rendered":"http:\/\/localhost\/wordpress\/produit\/organic-roman-chamomile-4\/"},"modified":"2023-11-29T19:39:51","modified_gmt":"2023-11-29T18:39:51","slug":"chamomile-roman-organic","status":"publish","type":"product","link":"https:\/\/www.laboratoire-helpac.com\/en\/p\/chamomile-roman-organic\/","title":{"rendered":"CHAMOMILE ROMAN ORGANIC"},"content":{"rendered":"<p>Soothing and calming, Roman chamomile floral water is so gentle that it can be used in child and baby care products (teething gel, soothing baths, cleansing milks, treatment of minor redness and irritation, etc.). Also effective for soothing irritated eyes, purifying and astringent, it is used in make-up remover formulas and skincare products for sensitive skin. Internally, it can be used in digestive complexes.<\/p>\n","protected":false},"excerpt":{"rendered":"<p>Soothing and calming, Roman chamomile floral water is so gentle that it can be used in child and baby care products (teething gel, soothing baths, cleansing milks, treatment of minor redness and irritation, etc.). Also effective for soothing irritated eyes, purifying and astringent, it is used in make-up remover formulas and skincare products for sensitive [&hellip;]<\/p>\n","protected":false},"featured_media":8032,"template":"","meta":[],"product_cat":[382,472],"product_tag":[],"class_list":{"0":"post-5360","1":"product","2":"type-product","3":"status-publish","4":"has-post-thumbnail","6":"product_cat-flower-waters","7":"product_cat-chamomile-floral-waters-flower-water","8":"pa_certifications-organic","9":"pa_fabrication-oui-en","10":"pa_origines-france-en","11":"pa_usages-cosmetic","12":"pa_usages-food","14":"first","15":"instock","16":"purchasable","17":"product-type-simple"},"acf":[],"yoast_head":"<!-- This site is optimized with the Yoast SEO plugin v23.9 - https:\/\/yoast.com\/wordpress\/plugins\/seo\/ -->\n<title>Floral water Organic Roman Chamomile (France) | HELPAC<\/title>\n<meta name=\"description\" content=\"Apaisante et calmante, l\u2019eau florale de Camomille romaine est si douce qu\u2019elle peut \u00eatre utilis\u00e9e pour les soins enfant et b\u00e9b\u00e9 (gel pour calmer les pouss\u00e9es dentaires, bain reposant, laits de toilette, traitement des petites rougeurs et irritations, etc.). Efficace \u00e9galement pour soulager les yeux irrit\u00e9s, purifiante et astringente, elle entre dans les formules de d\u00e9maquillants et de soins pour peaux sensibles. En interne, elle peut entrer dans la composition de complexes pour la digestion.\" \/>\n<meta name=\"robots\" content=\"index, follow, max-snippet:-1, max-image-preview:large, max-video-preview:-1\" \/>\n<link rel=\"canonical\" href=\"https:\/\/www.laboratoire-helpac.com\/en\/p\/chamomile-roman-organic\/\" \/>\n<meta property=\"og:locale\" content=\"en_US\" \/>\n<meta property=\"og:type\" content=\"article\" \/>\n<meta property=\"og:title\" content=\"Floral water Organic Roman Chamomile (France) | HELPAC\" \/>\n<meta property=\"og:description\" content=\"Apaisante et calmante, l\u2019eau florale de Camomille romaine est si douce qu\u2019elle peut \u00eatre utilis\u00e9e pour les soins enfant et b\u00e9b\u00e9 (gel pour calmer les pouss\u00e9es dentaires, bain reposant, laits de toilette, traitement des petites rougeurs et irritations, etc.). Efficace \u00e9galement pour soulager les yeux irrit\u00e9s, purifiante et astringente, elle entre dans les formules de d\u00e9maquillants et de soins pour peaux sensibles. En interne, elle peut entrer dans la composition de complexes pour la digestion.\" \/>\n<meta property=\"og:url\" content=\"https:\/\/www.laboratoire-helpac.com\/en\/p\/chamomile-roman-organic\/\" \/>\n<meta property=\"og:site_name\" content=\"HELPAC\" \/>\n<meta property=\"article:modified_time\" content=\"2023-11-29T18:39:51+00:00\" \/>\n<meta property=\"og:image\" content=\"https:\/\/www.laboratoire-helpac.com\/wp-content\/uploads\/2023\/07\/EF_CHAMOMILEROMAN-EN-1-1024x1024.png\" \/>\n\t<meta property=\"og:image:width\" content=\"1024\" \/>\n\t<meta property=\"og:image:height\" content=\"1024\" \/>\n\t<meta property=\"og:image:type\" content=\"image\/png\" \/>\n<meta name=\"twitter:card\" content=\"summary_large_image\" \/>\n<meta name=\"twitter:label1\" content=\"Est. reading time\" \/>\n\t<meta name=\"twitter:data1\" content=\"1 minute\" \/>\n<script type=\"application\/ld+json\" class=\"yoast-schema-graph\">{\"@context\":\"https:\/\/schema.org\",\"@graph\":[{\"@type\":\"WebPage\",\"@id\":\"https:\/\/www.laboratoire-helpac.com\/en\/p\/chamomile-roman-organic\/\",\"url\":\"https:\/\/www.laboratoire-helpac.com\/en\/p\/chamomile-roman-organic\/\",\"name\":\"Floral water Organic Roman Chamomile (France) | HELPAC\",\"isPartOf\":{\"@id\":\"https:\/\/www.laboratoire-helpac.com\/en\/#website\"},\"primaryImageOfPage\":{\"@id\":\"https:\/\/www.laboratoire-helpac.com\/en\/p\/chamomile-roman-organic\/#primaryimage\"},\"image\":{\"@id\":\"https:\/\/www.laboratoire-helpac.com\/en\/p\/chamomile-roman-organic\/#primaryimage\"},\"thumbnailUrl\":\"https:\/\/www.laboratoire-helpac.com\/wp-content\/uploads\/2023\/07\/EF_CHAMOMILEROMAN-EN-1.png\",\"datePublished\":\"2023-07-30T14:58:41+00:00\",\"dateModified\":\"2023-11-29T18:39:51+00:00\",\"description\":\"Apaisante et calmante, l\u2019eau florale de Camomille romaine est si douce qu\u2019elle peut \u00eatre utilis\u00e9e pour les soins enfant et b\u00e9b\u00e9 (gel pour calmer les pouss\u00e9es dentaires, bain reposant, laits de toilette, traitement des petites rougeurs et irritations, etc.). Efficace \u00e9galement pour soulager les yeux irrit\u00e9s, purifiante et astringente, elle entre dans les formules de d\u00e9maquillants et de soins pour peaux sensibles. En interne, elle peut entrer dans la composition de complexes pour la digestion.\",\"breadcrumb\":{\"@id\":\"https:\/\/www.laboratoire-helpac.com\/en\/p\/chamomile-roman-organic\/#breadcrumb\"},\"inLanguage\":\"en-US\",\"potentialAction\":[{\"@type\":\"ReadAction\",\"target\":[\"https:\/\/www.laboratoire-helpac.com\/en\/p\/chamomile-roman-organic\/\"]}]},{\"@type\":\"ImageObject\",\"inLanguage\":\"en-US\",\"@id\":\"https:\/\/www.laboratoire-helpac.com\/en\/p\/chamomile-roman-organic\/#primaryimage\",\"url\":\"https:\/\/www.laboratoire-helpac.com\/wp-content\/uploads\/2023\/07\/EF_CHAMOMILEROMAN-EN-1.png\",\"contentUrl\":\"https:\/\/www.laboratoire-helpac.com\/wp-content\/uploads\/2023\/07\/EF_CHAMOMILEROMAN-EN-1.png\",\"width\":3543,\"height\":3543,\"caption\":\"Floral water Chamomile Roman Organic (France) wholesaler\"},{\"@type\":\"BreadcrumbList\",\"@id\":\"https:\/\/www.laboratoire-helpac.com\/en\/p\/chamomile-roman-organic\/#breadcrumb\",\"itemListElement\":[{\"@type\":\"ListItem\",\"position\":1,\"name\":\"Accueil\",\"item\":\"https:\/\/www.laboratoire-helpac.com\/en\/\"},{\"@type\":\"ListItem\",\"position\":2,\"name\":\"Our ingredients\",\"item\":\"https:\/\/www.laboratoire-helpac.com\/en\/products\/\"},{\"@type\":\"ListItem\",\"position\":3,\"name\":\"CHAMOMILE ROMAN ORGANIC\"}]},{\"@type\":\"WebSite\",\"@id\":\"https:\/\/www.laboratoire-helpac.com\/en\/#website\",\"url\":\"https:\/\/www.laboratoire-helpac.com\/en\/\",\"name\":\"HELPAC\",\"description\":\"\",\"publisher\":{\"@id\":\"https:\/\/www.laboratoire-helpac.com\/en\/#organization\"},\"potentialAction\":[{\"@type\":\"SearchAction\",\"target\":{\"@type\":\"EntryPoint\",\"urlTemplate\":\"https:\/\/www.laboratoire-helpac.com\/en\/?s={search_term_string}\"},\"query-input\":{\"@type\":\"PropertyValueSpecification\",\"valueRequired\":true,\"valueName\":\"search_term_string\"}}],\"inLanguage\":\"en-US\"},{\"@type\":\"Organization\",\"@id\":\"https:\/\/www.laboratoire-helpac.com\/en\/#organization\",\"name\":\"Helpac\",\"url\":\"https:\/\/www.laboratoire-helpac.com\/en\/\",\"logo\":{\"@type\":\"ImageObject\",\"inLanguage\":\"en-US\",\"@id\":\"https:\/\/www.laboratoire-helpac.com\/en\/#\/schema\/logo\/image\/\",\"url\":\"https:\/\/dev.fizzbuzz.fr\/helpac\/wp-content\/uploads\/2023\/05\/Logo-Helpac.jpg\",\"contentUrl\":\"https:\/\/dev.fizzbuzz.fr\/helpac\/wp-content\/uploads\/2023\/05\/Logo-Helpac.jpg\",\"width\":200,\"height\":200,\"caption\":\"Helpac\"},\"image\":{\"@id\":\"https:\/\/www.laboratoire-helpac.com\/en\/#\/schema\/logo\/image\/\"},\"sameAs\":[\"https:\/\/www.linkedin.com\/company\/helpac\/\"]}]}<\/script>\n<!-- \/ Yoast SEO plugin. -->","yoast_head_json":{"title":"Floral water Organic Roman Chamomile (France) | HELPAC","description":"Apaisante et calmante, l\u2019eau florale de Camomille romaine est si douce qu\u2019elle peut \u00eatre utilis\u00e9e pour les soins enfant et b\u00e9b\u00e9 (gel pour calmer les pouss\u00e9es dentaires, bain reposant, laits de toilette, traitement des petites rougeurs et irritations, etc.). Efficace \u00e9galement pour soulager les yeux irrit\u00e9s, purifiante et astringente, elle entre dans les formules de d\u00e9maquillants et de soins pour peaux sensibles. En interne, elle peut entrer dans la composition de complexes pour la digestion.","robots":{"index":"index","follow":"follow","max-snippet":"max-snippet:-1","max-image-preview":"max-image-preview:large","max-video-preview":"max-video-preview:-1"},"canonical":"https:\/\/www.laboratoire-helpac.com\/en\/p\/chamomile-roman-organic\/","og_locale":"en_US","og_type":"article","og_title":"Floral water Organic Roman Chamomile (France) | HELPAC","og_description":"Apaisante et calmante, l\u2019eau florale de Camomille romaine est si douce qu\u2019elle peut \u00eatre utilis\u00e9e pour les soins enfant et b\u00e9b\u00e9 (gel pour calmer les pouss\u00e9es dentaires, bain reposant, laits de toilette, traitement des petites rougeurs et irritations, etc.). Efficace \u00e9galement pour soulager les yeux irrit\u00e9s, purifiante et astringente, elle entre dans les formules de d\u00e9maquillants et de soins pour peaux sensibles. En interne, elle peut entrer dans la composition de complexes pour la digestion.","og_url":"https:\/\/www.laboratoire-helpac.com\/en\/p\/chamomile-roman-organic\/","og_site_name":"HELPAC","article_modified_time":"2023-11-29T18:39:51+00:00","og_image":[{"width":1024,"height":1024,"url":"https:\/\/www.laboratoire-helpac.com\/wp-content\/uploads\/2023\/07\/EF_CHAMOMILEROMAN-EN-1-1024x1024.png","type":"image\/png"}],"twitter_card":"summary_large_image","twitter_misc":{"Est. reading time":"1 minute"},"schema":{"@context":"https:\/\/schema.org","@graph":[{"@type":"WebPage","@id":"https:\/\/www.laboratoire-helpac.com\/en\/p\/chamomile-roman-organic\/","url":"https:\/\/www.laboratoire-helpac.com\/en\/p\/chamomile-roman-organic\/","name":"Floral water Organic Roman Chamomile (France) | HELPAC","isPartOf":{"@id":"https:\/\/www.laboratoire-helpac.com\/en\/#website"},"primaryImageOfPage":{"@id":"https:\/\/www.laboratoire-helpac.com\/en\/p\/chamomile-roman-organic\/#primaryimage"},"image":{"@id":"https:\/\/www.laboratoire-helpac.com\/en\/p\/chamomile-roman-organic\/#primaryimage"},"thumbnailUrl":"https:\/\/www.laboratoire-helpac.com\/wp-content\/uploads\/2023\/07\/EF_CHAMOMILEROMAN-EN-1.png","datePublished":"2023-07-30T14:58:41+00:00","dateModified":"2023-11-29T18:39:51+00:00","description":"Apaisante et calmante, l\u2019eau florale de Camomille romaine est si douce qu\u2019elle peut \u00eatre utilis\u00e9e pour les soins enfant et b\u00e9b\u00e9 (gel pour calmer les pouss\u00e9es dentaires, bain reposant, laits de toilette, traitement des petites rougeurs et irritations, etc.). Efficace \u00e9galement pour soulager les yeux irrit\u00e9s, purifiante et astringente, elle entre dans les formules de d\u00e9maquillants et de soins pour peaux sensibles. En interne, elle peut entrer dans la composition de complexes pour la digestion.","breadcrumb":{"@id":"https:\/\/www.laboratoire-helpac.com\/en\/p\/chamomile-roman-organic\/#breadcrumb"},"inLanguage":"en-US","potentialAction":[{"@type":"ReadAction","target":["https:\/\/www.laboratoire-helpac.com\/en\/p\/chamomile-roman-organic\/"]}]},{"@type":"ImageObject","inLanguage":"en-US","@id":"https:\/\/www.laboratoire-helpac.com\/en\/p\/chamomile-roman-organic\/#primaryimage","url":"https:\/\/www.laboratoire-helpac.com\/wp-content\/uploads\/2023\/07\/EF_CHAMOMILEROMAN-EN-1.png","contentUrl":"https:\/\/www.laboratoire-helpac.com\/wp-content\/uploads\/2023\/07\/EF_CHAMOMILEROMAN-EN-1.png","width":3543,"height":3543,"caption":"Floral water Chamomile Roman Organic (France) wholesaler"},{"@type":"BreadcrumbList","@id":"https:\/\/www.laboratoire-helpac.com\/en\/p\/chamomile-roman-organic\/#breadcrumb","itemListElement":[{"@type":"ListItem","position":1,"name":"Accueil","item":"https:\/\/www.laboratoire-helpac.com\/en\/"},{"@type":"ListItem","position":2,"name":"Our ingredients","item":"https:\/\/www.laboratoire-helpac.com\/en\/products\/"},{"@type":"ListItem","position":3,"name":"CHAMOMILE ROMAN ORGANIC"}]},{"@type":"WebSite","@id":"https:\/\/www.laboratoire-helpac.com\/en\/#website","url":"https:\/\/www.laboratoire-helpac.com\/en\/","name":"HELPAC","description":"","publisher":{"@id":"https:\/\/www.laboratoire-helpac.com\/en\/#organization"},"potentialAction":[{"@type":"SearchAction","target":{"@type":"EntryPoint","urlTemplate":"https:\/\/www.laboratoire-helpac.com\/en\/?s={search_term_string}"},"query-input":{"@type":"PropertyValueSpecification","valueRequired":true,"valueName":"search_term_string"}}],"inLanguage":"en-US"},{"@type":"Organization","@id":"https:\/\/www.laboratoire-helpac.com\/en\/#organization","name":"Helpac","url":"https:\/\/www.laboratoire-helpac.com\/en\/","logo":{"@type":"ImageObject","inLanguage":"en-US","@id":"https:\/\/www.laboratoire-helpac.com\/en\/#\/schema\/logo\/image\/","url":"https:\/\/dev.fizzbuzz.fr\/helpac\/wp-content\/uploads\/2023\/05\/Logo-Helpac.jpg","contentUrl":"https:\/\/dev.fizzbuzz.fr\/helpac\/wp-content\/uploads\/2023\/05\/Logo-Helpac.jpg","width":200,"height":200,"caption":"Helpac"},"image":{"@id":"https:\/\/www.laboratoire-helpac.com\/en\/#\/schema\/logo\/image\/"},"sameAs":["https:\/\/www.linkedin.com\/company\/helpac\/"]}]}},"_links":{"self":[{"href":"https:\/\/www.laboratoire-helpac.com\/en\/wp-json\/wp\/v2\/product\/5360","targetHints":{"allow":["GET"]}}],"collection":[{"href":"https:\/\/www.laboratoire-helpac.com\/en\/wp-json\/wp\/v2\/product"}],"about":[{"href":"https:\/\/www.laboratoire-helpac.com\/en\/wp-json\/wp\/v2\/types\/product"}],"wp:featuredmedia":[{"embeddable":true,"href":"https:\/\/www.laboratoire-helpac.com\/en\/wp-json\/wp\/v2\/media\/8032"}],"wp:attachment":[{"href":"https:\/\/www.laboratoire-helpac.com\/en\/wp-json\/wp\/v2\/media?parent=5360"}],"wp:term":[{"taxonomy":"product_cat","embeddable":true,"href":"https:\/\/www.laboratoire-helpac.com\/en\/wp-json\/wp\/v2\/product_cat?post=5360"},{"taxonomy":"product_tag","embeddable":true,"href":"https:\/\/www.laboratoire-helpac.com\/en\/wp-json\/wp\/v2\/product_tag?post=5360"}],"curies":[{"name":"wp","href":"https:\/\/api.w.org\/{rel}","templated":true}]}}