{"id":5359,"date":"2023-07-30T16:58:41","date_gmt":"2023-07-30T14:58:41","guid":{"rendered":"http:\/\/localhost\/wordpress\/produit\/organic-matrix-chamomile-2\/"},"modified":"2023-11-29T19:39:51","modified_gmt":"2023-11-29T18:39:51","slug":"chamomile-german-organic","status":"publish","type":"product","link":"https:\/\/www.laboratoire-helpac.com\/en\/p\/chamomile-german-organic\/","title":{"rendered":"CHAMOMILE GERMAN ORGANIC"},"content":{"rendered":"<p>Its sweet, honeyed, gentle fragrance and bluish color are already soothing&#8230; Chamomile matricaria floral water is mainly known as an anti-inflammatory and anti-allergic skin care ingredient, and is used in numerous formulas for fragile (including children&#8217;s), irritated (psoriasis, eczema, erythema, etc.) and\/or dry skin (face and body care). It is also a hair ingredient of choice in targeted treatments for white or blond hair.<\/p>\n","protected":false},"excerpt":{"rendered":"<p>Its sweet, honeyed, gentle fragrance and bluish color are already soothing&#8230; Chamomile matricaria floral water is mainly known as an anti-inflammatory and anti-allergic skin care ingredient, and is used in numerous formulas for fragile (including children&#8217;s), irritated (psoriasis, eczema, erythema, etc.) and\/or dry skin (face and body care). It is also a hair ingredient of [&hellip;]<\/p>\n","protected":false},"featured_media":9392,"template":"","meta":[],"product_cat":[382,472],"product_tag":[],"class_list":{"0":"post-5359","1":"product","2":"type-product","3":"status-publish","4":"has-post-thumbnail","6":"product_cat-flower-waters","7":"product_cat-chamomile-floral-waters-flower-water","8":"pa_certifications-organic","9":"pa_fabrication-oui-en","10":"pa_origines-france-en","11":"pa_usages-cosmetic","12":"pa_usages-food","14":"first","15":"instock","16":"purchasable","17":"product-type-simple"},"acf":[],"yoast_head":"<!-- This site is optimized with the Yoast SEO plugin v23.9 - https:\/\/yoast.com\/wordpress\/plugins\/seo\/ -->\n<title>Floral water Organic matrix chamomile (France) | HELPAC<\/title>\n<meta name=\"description\" content=\"Son parfum suave, miell\u00e9 et doux et sa couleur bleut\u00e9e sont d\u00e9j\u00e0 un apaisement\u2026 L\u2019eau florale de Camomille matricaire est principalement connue comme anti-inflammatoire et antiallergique cutan\u00e9e et s\u2019utilise dans de nombreuses formules pour les peaux fragiles (y compris les enfants), fragilis\u00e9es (coup de soleil, feu du rasoir), irrit\u00e9es (psoriasis, ecz\u00e9ma, \u00e9ryth\u00e8me, etc.) et\/ou s\u00e8ches (soins du visage et du corps). C\u2019est \u00e9galement un ingr\u00e9dient capillaire de choix dans les soins cibl\u00e9s cheveux blancs ou blonds.\" \/>\n<meta name=\"robots\" content=\"index, follow, max-snippet:-1, max-image-preview:large, max-video-preview:-1\" \/>\n<link rel=\"canonical\" href=\"https:\/\/www.laboratoire-helpac.com\/en\/p\/chamomile-german-organic\/\" \/>\n<meta property=\"og:locale\" content=\"en_US\" \/>\n<meta property=\"og:type\" content=\"article\" \/>\n<meta property=\"og:title\" content=\"Floral water Organic matrix chamomile (France) | HELPAC\" \/>\n<meta property=\"og:description\" content=\"Son parfum suave, miell\u00e9 et doux et sa couleur bleut\u00e9e sont d\u00e9j\u00e0 un apaisement\u2026 L\u2019eau florale de Camomille matricaire est principalement connue comme anti-inflammatoire et antiallergique cutan\u00e9e et s\u2019utilise dans de nombreuses formules pour les peaux fragiles (y compris les enfants), fragilis\u00e9es (coup de soleil, feu du rasoir), irrit\u00e9es (psoriasis, ecz\u00e9ma, \u00e9ryth\u00e8me, etc.) et\/ou s\u00e8ches (soins du visage et du corps). C\u2019est \u00e9galement un ingr\u00e9dient capillaire de choix dans les soins cibl\u00e9s cheveux blancs ou blonds.\" \/>\n<meta property=\"og:url\" content=\"https:\/\/www.laboratoire-helpac.com\/en\/p\/chamomile-german-organic\/\" \/>\n<meta property=\"og:site_name\" content=\"HELPAC\" \/>\n<meta property=\"article:modified_time\" content=\"2023-11-29T18:39:51+00:00\" \/>\n<meta property=\"og:image\" content=\"https:\/\/www.laboratoire-helpac.com\/wp-content\/uploads\/2023\/11\/EF_CHAMOMILEGERMAN-EN.png\" \/>\n\t<meta property=\"og:image:width\" content=\"1000\" \/>\n\t<meta property=\"og:image:height\" content=\"1000\" \/>\n\t<meta property=\"og:image:type\" content=\"image\/png\" \/>\n<meta name=\"twitter:card\" content=\"summary_large_image\" \/>\n<meta name=\"twitter:label1\" content=\"Est. reading time\" \/>\n\t<meta name=\"twitter:data1\" content=\"1 minute\" \/>\n<script type=\"application\/ld+json\" class=\"yoast-schema-graph\">{\"@context\":\"https:\/\/schema.org\",\"@graph\":[{\"@type\":\"WebPage\",\"@id\":\"https:\/\/www.laboratoire-helpac.com\/en\/p\/chamomile-german-organic\/\",\"url\":\"https:\/\/www.laboratoire-helpac.com\/en\/p\/chamomile-german-organic\/\",\"name\":\"Floral water Organic matrix chamomile (France) | HELPAC\",\"isPartOf\":{\"@id\":\"https:\/\/www.laboratoire-helpac.com\/en\/#website\"},\"primaryImageOfPage\":{\"@id\":\"https:\/\/www.laboratoire-helpac.com\/en\/p\/chamomile-german-organic\/#primaryimage\"},\"image\":{\"@id\":\"https:\/\/www.laboratoire-helpac.com\/en\/p\/chamomile-german-organic\/#primaryimage\"},\"thumbnailUrl\":\"https:\/\/www.laboratoire-helpac.com\/wp-content\/uploads\/2023\/11\/EF_CHAMOMILEGERMAN-EN.png\",\"datePublished\":\"2023-07-30T14:58:41+00:00\",\"dateModified\":\"2023-11-29T18:39:51+00:00\",\"description\":\"Son parfum suave, miell\u00e9 et doux et sa couleur bleut\u00e9e sont d\u00e9j\u00e0 un apaisement\u2026 L\u2019eau florale de Camomille matricaire est principalement connue comme anti-inflammatoire et antiallergique cutan\u00e9e et s\u2019utilise dans de nombreuses formules pour les peaux fragiles (y compris les enfants), fragilis\u00e9es (coup de soleil, feu du rasoir), irrit\u00e9es (psoriasis, ecz\u00e9ma, \u00e9ryth\u00e8me, etc.) et\/ou s\u00e8ches (soins du visage et du corps). C\u2019est \u00e9galement un ingr\u00e9dient capillaire de choix dans les soins cibl\u00e9s cheveux blancs ou blonds.\",\"breadcrumb\":{\"@id\":\"https:\/\/www.laboratoire-helpac.com\/en\/p\/chamomile-german-organic\/#breadcrumb\"},\"inLanguage\":\"en-US\",\"potentialAction\":[{\"@type\":\"ReadAction\",\"target\":[\"https:\/\/www.laboratoire-helpac.com\/en\/p\/chamomile-german-organic\/\"]}]},{\"@type\":\"ImageObject\",\"inLanguage\":\"en-US\",\"@id\":\"https:\/\/www.laboratoire-helpac.com\/en\/p\/chamomile-german-organic\/#primaryimage\",\"url\":\"https:\/\/www.laboratoire-helpac.com\/wp-content\/uploads\/2023\/11\/EF_CHAMOMILEGERMAN-EN.png\",\"contentUrl\":\"https:\/\/www.laboratoire-helpac.com\/wp-content\/uploads\/2023\/11\/EF_CHAMOMILEGERMAN-EN.png\",\"width\":1000,\"height\":1000,\"caption\":\"Essential oil Chamomile German Organic (France) wholesaler\"},{\"@type\":\"BreadcrumbList\",\"@id\":\"https:\/\/www.laboratoire-helpac.com\/en\/p\/chamomile-german-organic\/#breadcrumb\",\"itemListElement\":[{\"@type\":\"ListItem\",\"position\":1,\"name\":\"Accueil\",\"item\":\"https:\/\/www.laboratoire-helpac.com\/en\/\"},{\"@type\":\"ListItem\",\"position\":2,\"name\":\"Our ingredients\",\"item\":\"https:\/\/www.laboratoire-helpac.com\/en\/products\/\"},{\"@type\":\"ListItem\",\"position\":3,\"name\":\"CHAMOMILE GERMAN ORGANIC\"}]},{\"@type\":\"WebSite\",\"@id\":\"https:\/\/www.laboratoire-helpac.com\/en\/#website\",\"url\":\"https:\/\/www.laboratoire-helpac.com\/en\/\",\"name\":\"HELPAC\",\"description\":\"\",\"publisher\":{\"@id\":\"https:\/\/www.laboratoire-helpac.com\/en\/#organization\"},\"potentialAction\":[{\"@type\":\"SearchAction\",\"target\":{\"@type\":\"EntryPoint\",\"urlTemplate\":\"https:\/\/www.laboratoire-helpac.com\/en\/?s={search_term_string}\"},\"query-input\":{\"@type\":\"PropertyValueSpecification\",\"valueRequired\":true,\"valueName\":\"search_term_string\"}}],\"inLanguage\":\"en-US\"},{\"@type\":\"Organization\",\"@id\":\"https:\/\/www.laboratoire-helpac.com\/en\/#organization\",\"name\":\"Helpac\",\"url\":\"https:\/\/www.laboratoire-helpac.com\/en\/\",\"logo\":{\"@type\":\"ImageObject\",\"inLanguage\":\"en-US\",\"@id\":\"https:\/\/www.laboratoire-helpac.com\/en\/#\/schema\/logo\/image\/\",\"url\":\"https:\/\/dev.fizzbuzz.fr\/helpac\/wp-content\/uploads\/2023\/05\/Logo-Helpac.jpg\",\"contentUrl\":\"https:\/\/dev.fizzbuzz.fr\/helpac\/wp-content\/uploads\/2023\/05\/Logo-Helpac.jpg\",\"width\":200,\"height\":200,\"caption\":\"Helpac\"},\"image\":{\"@id\":\"https:\/\/www.laboratoire-helpac.com\/en\/#\/schema\/logo\/image\/\"},\"sameAs\":[\"https:\/\/www.linkedin.com\/company\/helpac\/\"]}]}<\/script>\n<!-- \/ Yoast SEO plugin. -->","yoast_head_json":{"title":"Floral water Organic matrix chamomile (France) | HELPAC","description":"Son parfum suave, miell\u00e9 et doux et sa couleur bleut\u00e9e sont d\u00e9j\u00e0 un apaisement\u2026 L\u2019eau florale de Camomille matricaire est principalement connue comme anti-inflammatoire et antiallergique cutan\u00e9e et s\u2019utilise dans de nombreuses formules pour les peaux fragiles (y compris les enfants), fragilis\u00e9es (coup de soleil, feu du rasoir), irrit\u00e9es (psoriasis, ecz\u00e9ma, \u00e9ryth\u00e8me, etc.) et\/ou s\u00e8ches (soins du visage et du corps). C\u2019est \u00e9galement un ingr\u00e9dient capillaire de choix dans les soins cibl\u00e9s cheveux blancs ou blonds.","robots":{"index":"index","follow":"follow","max-snippet":"max-snippet:-1","max-image-preview":"max-image-preview:large","max-video-preview":"max-video-preview:-1"},"canonical":"https:\/\/www.laboratoire-helpac.com\/en\/p\/chamomile-german-organic\/","og_locale":"en_US","og_type":"article","og_title":"Floral water Organic matrix chamomile (France) | HELPAC","og_description":"Son parfum suave, miell\u00e9 et doux et sa couleur bleut\u00e9e sont d\u00e9j\u00e0 un apaisement\u2026 L\u2019eau florale de Camomille matricaire est principalement connue comme anti-inflammatoire et antiallergique cutan\u00e9e et s\u2019utilise dans de nombreuses formules pour les peaux fragiles (y compris les enfants), fragilis\u00e9es (coup de soleil, feu du rasoir), irrit\u00e9es (psoriasis, ecz\u00e9ma, \u00e9ryth\u00e8me, etc.) et\/ou s\u00e8ches (soins du visage et du corps). C\u2019est \u00e9galement un ingr\u00e9dient capillaire de choix dans les soins cibl\u00e9s cheveux blancs ou blonds.","og_url":"https:\/\/www.laboratoire-helpac.com\/en\/p\/chamomile-german-organic\/","og_site_name":"HELPAC","article_modified_time":"2023-11-29T18:39:51+00:00","og_image":[{"width":1000,"height":1000,"url":"https:\/\/www.laboratoire-helpac.com\/wp-content\/uploads\/2023\/11\/EF_CHAMOMILEGERMAN-EN.png","type":"image\/png"}],"twitter_card":"summary_large_image","twitter_misc":{"Est. reading time":"1 minute"},"schema":{"@context":"https:\/\/schema.org","@graph":[{"@type":"WebPage","@id":"https:\/\/www.laboratoire-helpac.com\/en\/p\/chamomile-german-organic\/","url":"https:\/\/www.laboratoire-helpac.com\/en\/p\/chamomile-german-organic\/","name":"Floral water Organic matrix chamomile (France) | HELPAC","isPartOf":{"@id":"https:\/\/www.laboratoire-helpac.com\/en\/#website"},"primaryImageOfPage":{"@id":"https:\/\/www.laboratoire-helpac.com\/en\/p\/chamomile-german-organic\/#primaryimage"},"image":{"@id":"https:\/\/www.laboratoire-helpac.com\/en\/p\/chamomile-german-organic\/#primaryimage"},"thumbnailUrl":"https:\/\/www.laboratoire-helpac.com\/wp-content\/uploads\/2023\/11\/EF_CHAMOMILEGERMAN-EN.png","datePublished":"2023-07-30T14:58:41+00:00","dateModified":"2023-11-29T18:39:51+00:00","description":"Son parfum suave, miell\u00e9 et doux et sa couleur bleut\u00e9e sont d\u00e9j\u00e0 un apaisement\u2026 L\u2019eau florale de Camomille matricaire est principalement connue comme anti-inflammatoire et antiallergique cutan\u00e9e et s\u2019utilise dans de nombreuses formules pour les peaux fragiles (y compris les enfants), fragilis\u00e9es (coup de soleil, feu du rasoir), irrit\u00e9es (psoriasis, ecz\u00e9ma, \u00e9ryth\u00e8me, etc.) et\/ou s\u00e8ches (soins du visage et du corps). C\u2019est \u00e9galement un ingr\u00e9dient capillaire de choix dans les soins cibl\u00e9s cheveux blancs ou blonds.","breadcrumb":{"@id":"https:\/\/www.laboratoire-helpac.com\/en\/p\/chamomile-german-organic\/#breadcrumb"},"inLanguage":"en-US","potentialAction":[{"@type":"ReadAction","target":["https:\/\/www.laboratoire-helpac.com\/en\/p\/chamomile-german-organic\/"]}]},{"@type":"ImageObject","inLanguage":"en-US","@id":"https:\/\/www.laboratoire-helpac.com\/en\/p\/chamomile-german-organic\/#primaryimage","url":"https:\/\/www.laboratoire-helpac.com\/wp-content\/uploads\/2023\/11\/EF_CHAMOMILEGERMAN-EN.png","contentUrl":"https:\/\/www.laboratoire-helpac.com\/wp-content\/uploads\/2023\/11\/EF_CHAMOMILEGERMAN-EN.png","width":1000,"height":1000,"caption":"Essential oil Chamomile German Organic (France) wholesaler"},{"@type":"BreadcrumbList","@id":"https:\/\/www.laboratoire-helpac.com\/en\/p\/chamomile-german-organic\/#breadcrumb","itemListElement":[{"@type":"ListItem","position":1,"name":"Accueil","item":"https:\/\/www.laboratoire-helpac.com\/en\/"},{"@type":"ListItem","position":2,"name":"Our ingredients","item":"https:\/\/www.laboratoire-helpac.com\/en\/products\/"},{"@type":"ListItem","position":3,"name":"CHAMOMILE GERMAN ORGANIC"}]},{"@type":"WebSite","@id":"https:\/\/www.laboratoire-helpac.com\/en\/#website","url":"https:\/\/www.laboratoire-helpac.com\/en\/","name":"HELPAC","description":"","publisher":{"@id":"https:\/\/www.laboratoire-helpac.com\/en\/#organization"},"potentialAction":[{"@type":"SearchAction","target":{"@type":"EntryPoint","urlTemplate":"https:\/\/www.laboratoire-helpac.com\/en\/?s={search_term_string}"},"query-input":{"@type":"PropertyValueSpecification","valueRequired":true,"valueName":"search_term_string"}}],"inLanguage":"en-US"},{"@type":"Organization","@id":"https:\/\/www.laboratoire-helpac.com\/en\/#organization","name":"Helpac","url":"https:\/\/www.laboratoire-helpac.com\/en\/","logo":{"@type":"ImageObject","inLanguage":"en-US","@id":"https:\/\/www.laboratoire-helpac.com\/en\/#\/schema\/logo\/image\/","url":"https:\/\/dev.fizzbuzz.fr\/helpac\/wp-content\/uploads\/2023\/05\/Logo-Helpac.jpg","contentUrl":"https:\/\/dev.fizzbuzz.fr\/helpac\/wp-content\/uploads\/2023\/05\/Logo-Helpac.jpg","width":200,"height":200,"caption":"Helpac"},"image":{"@id":"https:\/\/www.laboratoire-helpac.com\/en\/#\/schema\/logo\/image\/"},"sameAs":["https:\/\/www.linkedin.com\/company\/helpac\/"]}]}},"_links":{"self":[{"href":"https:\/\/www.laboratoire-helpac.com\/en\/wp-json\/wp\/v2\/product\/5359","targetHints":{"allow":["GET"]}}],"collection":[{"href":"https:\/\/www.laboratoire-helpac.com\/en\/wp-json\/wp\/v2\/product"}],"about":[{"href":"https:\/\/www.laboratoire-helpac.com\/en\/wp-json\/wp\/v2\/types\/product"}],"wp:featuredmedia":[{"embeddable":true,"href":"https:\/\/www.laboratoire-helpac.com\/en\/wp-json\/wp\/v2\/media\/9392"}],"wp:attachment":[{"href":"https:\/\/www.laboratoire-helpac.com\/en\/wp-json\/wp\/v2\/media?parent=5359"}],"wp:term":[{"taxonomy":"product_cat","embeddable":true,"href":"https:\/\/www.laboratoire-helpac.com\/en\/wp-json\/wp\/v2\/product_cat?post=5359"},{"taxonomy":"product_tag","embeddable":true,"href":"https:\/\/www.laboratoire-helpac.com\/en\/wp-json\/wp\/v2\/product_tag?post=5359"}],"curies":[{"name":"wp","href":"https:\/\/api.w.org\/{rel}","templated":true}]}}