{"id":5352,"date":"2023-07-30T16:58:31","date_gmt":"2023-07-30T14:58:31","guid":{"rendered":"http:\/\/localhost\/wordpress\/produit\/bio-achillee-2\/"},"modified":"2023-11-29T19:39:47","modified_gmt":"2023-11-29T18:39:47","slug":"yarrow-organic","status":"publish","type":"product","link":"https:\/\/www.laboratoire-helpac.com\/en\/p\/yarrow-organic\/","title":{"rendered":"YARROW ORGANIC"},"content":{"rendered":"<p>Anti-inflammatory, hemostatic and healing, Yarrow floral water is often found in cosmetic formulas (rosacea, acne, wrinkles and body care [aftersun, aftershave, etc.]) &#8211; moreover, its pH of 4 to 6 is ideal for these applications. It&#8217;s also an interesting ingredient for all feminine disorders. Its scent is discreet, as is its rather vegetal flavor, and it knows how to make itself forgotten while acting.<\/p>\n","protected":false},"excerpt":{"rendered":"<p>Anti-inflammatory, hemostatic and healing, Yarrow floral water is often found in cosmetic formulas (rosacea, acne, wrinkles and body care [aftersun, aftershave, etc.]) &#8211; moreover, its pH of 4 to 6 is ideal for these applications. It&#8217;s also an interesting ingredient for all feminine disorders. Its scent is discreet, as is its rather vegetal flavor, and [&hellip;]<\/p>\n","protected":false},"featured_media":7035,"template":"","meta":[],"product_cat":[382],"product_tag":[],"class_list":{"0":"post-5352","1":"product","2":"type-product","3":"status-publish","4":"has-post-thumbnail","6":"product_cat-flower-waters","7":"pa_certifications-organic","8":"pa_fabrication-oui-en","9":"pa_origines-france-en","10":"pa_usages-cosmetic","11":"pa_usages-food","13":"first","14":"instock","15":"purchasable","16":"product-type-simple"},"acf":[],"yoast_head":"<!-- This site is optimized with the Yoast SEO plugin v23.9 - https:\/\/yoast.com\/wordpress\/plugins\/seo\/ -->\n<title>Floral water BIO ACHILL\u00c9E (France) | HELPAC<\/title>\n<meta name=\"description\" content=\"Anti-inflammatoire, h\u00e9mostatique et cicatrisante, on retrouve souvent l\u2019eau florale d\u2019Achill\u00e9e millefeuille dans les formules cosm\u00e9tiques (couperose, acn\u00e9, rides et soins du corps [apr\u00e8s-soleil, apr\u00e8s-rasage, etc.]) \u2013 en outre, son pH de 4 \u00e0 6 est id\u00e9al pour ces applications. C\u2019est \u00e9galement un ingr\u00e9dient int\u00e9ressant pour tous les troubles f\u00e9minins. Son odeur est discr\u00e8te, comme sa saveur, plut\u00f4t v\u00e9g\u00e9tale, et elle sait se faire oublier tout en agissant.\" \/>\n<meta name=\"robots\" content=\"index, follow, max-snippet:-1, max-image-preview:large, max-video-preview:-1\" \/>\n<link rel=\"canonical\" href=\"https:\/\/www.laboratoire-helpac.com\/en\/p\/yarrow-organic\/\" \/>\n<meta property=\"og:locale\" content=\"en_US\" \/>\n<meta property=\"og:type\" content=\"article\" \/>\n<meta property=\"og:title\" content=\"Floral water BIO ACHILL\u00c9E (France) | HELPAC\" \/>\n<meta property=\"og:description\" content=\"Anti-inflammatoire, h\u00e9mostatique et cicatrisante, on retrouve souvent l\u2019eau florale d\u2019Achill\u00e9e millefeuille dans les formules cosm\u00e9tiques (couperose, acn\u00e9, rides et soins du corps [apr\u00e8s-soleil, apr\u00e8s-rasage, etc.]) \u2013 en outre, son pH de 4 \u00e0 6 est id\u00e9al pour ces applications. C\u2019est \u00e9galement un ingr\u00e9dient int\u00e9ressant pour tous les troubles f\u00e9minins. Son odeur est discr\u00e8te, comme sa saveur, plut\u00f4t v\u00e9g\u00e9tale, et elle sait se faire oublier tout en agissant.\" \/>\n<meta property=\"og:url\" content=\"https:\/\/www.laboratoire-helpac.com\/en\/p\/yarrow-organic\/\" \/>\n<meta property=\"og:site_name\" content=\"HELPAC\" \/>\n<meta property=\"article:modified_time\" content=\"2023-11-29T18:39:47+00:00\" \/>\n<meta property=\"og:image\" content=\"https:\/\/www.laboratoire-helpac.com\/wp-content\/uploads\/2023\/09\/EF_YARROW-EN.png\" \/>\n\t<meta property=\"og:image:width\" content=\"1280\" \/>\n\t<meta property=\"og:image:height\" content=\"1280\" \/>\n\t<meta property=\"og:image:type\" content=\"image\/png\" \/>\n<meta name=\"twitter:card\" content=\"summary_large_image\" \/>\n<script type=\"application\/ld+json\" class=\"yoast-schema-graph\">{\"@context\":\"https:\/\/schema.org\",\"@graph\":[{\"@type\":\"WebPage\",\"@id\":\"https:\/\/www.laboratoire-helpac.com\/en\/p\/yarrow-organic\/\",\"url\":\"https:\/\/www.laboratoire-helpac.com\/en\/p\/yarrow-organic\/\",\"name\":\"Floral water BIO ACHILL\u00c9E (France) | HELPAC\",\"isPartOf\":{\"@id\":\"https:\/\/www.laboratoire-helpac.com\/en\/#website\"},\"primaryImageOfPage\":{\"@id\":\"https:\/\/www.laboratoire-helpac.com\/en\/p\/yarrow-organic\/#primaryimage\"},\"image\":{\"@id\":\"https:\/\/www.laboratoire-helpac.com\/en\/p\/yarrow-organic\/#primaryimage\"},\"thumbnailUrl\":\"https:\/\/www.laboratoire-helpac.com\/wp-content\/uploads\/2023\/09\/EF_YARROW-EN.png\",\"datePublished\":\"2023-07-30T14:58:31+00:00\",\"dateModified\":\"2023-11-29T18:39:47+00:00\",\"description\":\"Anti-inflammatoire, h\u00e9mostatique et cicatrisante, on retrouve souvent l\u2019eau florale d\u2019Achill\u00e9e millefeuille dans les formules cosm\u00e9tiques (couperose, acn\u00e9, rides et soins du corps [apr\u00e8s-soleil, apr\u00e8s-rasage, etc.]) \u2013 en outre, son pH de 4 \u00e0 6 est id\u00e9al pour ces applications. C\u2019est \u00e9galement un ingr\u00e9dient int\u00e9ressant pour tous les troubles f\u00e9minins. Son odeur est discr\u00e8te, comme sa saveur, plut\u00f4t v\u00e9g\u00e9tale, et elle sait se faire oublier tout en agissant.\",\"breadcrumb\":{\"@id\":\"https:\/\/www.laboratoire-helpac.com\/en\/p\/yarrow-organic\/#breadcrumb\"},\"inLanguage\":\"en-US\",\"potentialAction\":[{\"@type\":\"ReadAction\",\"target\":[\"https:\/\/www.laboratoire-helpac.com\/en\/p\/yarrow-organic\/\"]}]},{\"@type\":\"ImageObject\",\"inLanguage\":\"en-US\",\"@id\":\"https:\/\/www.laboratoire-helpac.com\/en\/p\/yarrow-organic\/#primaryimage\",\"url\":\"https:\/\/www.laboratoire-helpac.com\/wp-content\/uploads\/2023\/09\/EF_YARROW-EN.png\",\"contentUrl\":\"https:\/\/www.laboratoire-helpac.com\/wp-content\/uploads\/2023\/09\/EF_YARROW-EN.png\",\"width\":1280,\"height\":1280,\"caption\":\"Floral water BIO ACHILL\u00c9E (France) wholesaler\"},{\"@type\":\"BreadcrumbList\",\"@id\":\"https:\/\/www.laboratoire-helpac.com\/en\/p\/yarrow-organic\/#breadcrumb\",\"itemListElement\":[{\"@type\":\"ListItem\",\"position\":1,\"name\":\"Accueil\",\"item\":\"https:\/\/www.laboratoire-helpac.com\/en\/\"},{\"@type\":\"ListItem\",\"position\":2,\"name\":\"Our ingredients\",\"item\":\"https:\/\/www.laboratoire-helpac.com\/en\/products\/\"},{\"@type\":\"ListItem\",\"position\":3,\"name\":\"YARROW ORGANIC\"}]},{\"@type\":\"WebSite\",\"@id\":\"https:\/\/www.laboratoire-helpac.com\/en\/#website\",\"url\":\"https:\/\/www.laboratoire-helpac.com\/en\/\",\"name\":\"HELPAC\",\"description\":\"\",\"publisher\":{\"@id\":\"https:\/\/www.laboratoire-helpac.com\/en\/#organization\"},\"potentialAction\":[{\"@type\":\"SearchAction\",\"target\":{\"@type\":\"EntryPoint\",\"urlTemplate\":\"https:\/\/www.laboratoire-helpac.com\/en\/?s={search_term_string}\"},\"query-input\":{\"@type\":\"PropertyValueSpecification\",\"valueRequired\":true,\"valueName\":\"search_term_string\"}}],\"inLanguage\":\"en-US\"},{\"@type\":\"Organization\",\"@id\":\"https:\/\/www.laboratoire-helpac.com\/en\/#organization\",\"name\":\"Helpac\",\"url\":\"https:\/\/www.laboratoire-helpac.com\/en\/\",\"logo\":{\"@type\":\"ImageObject\",\"inLanguage\":\"en-US\",\"@id\":\"https:\/\/www.laboratoire-helpac.com\/en\/#\/schema\/logo\/image\/\",\"url\":\"https:\/\/dev.fizzbuzz.fr\/helpac\/wp-content\/uploads\/2023\/05\/Logo-Helpac.jpg\",\"contentUrl\":\"https:\/\/dev.fizzbuzz.fr\/helpac\/wp-content\/uploads\/2023\/05\/Logo-Helpac.jpg\",\"width\":200,\"height\":200,\"caption\":\"Helpac\"},\"image\":{\"@id\":\"https:\/\/www.laboratoire-helpac.com\/en\/#\/schema\/logo\/image\/\"},\"sameAs\":[\"https:\/\/www.linkedin.com\/company\/helpac\/\"]}]}<\/script>\n<!-- \/ Yoast SEO plugin. -->","yoast_head_json":{"title":"Floral water BIO ACHILL\u00c9E (France) | HELPAC","description":"Anti-inflammatoire, h\u00e9mostatique et cicatrisante, on retrouve souvent l\u2019eau florale d\u2019Achill\u00e9e millefeuille dans les formules cosm\u00e9tiques (couperose, acn\u00e9, rides et soins du corps [apr\u00e8s-soleil, apr\u00e8s-rasage, etc.]) \u2013 en outre, son pH de 4 \u00e0 6 est id\u00e9al pour ces applications. C\u2019est \u00e9galement un ingr\u00e9dient int\u00e9ressant pour tous les troubles f\u00e9minins. Son odeur est discr\u00e8te, comme sa saveur, plut\u00f4t v\u00e9g\u00e9tale, et elle sait se faire oublier tout en agissant.","robots":{"index":"index","follow":"follow","max-snippet":"max-snippet:-1","max-image-preview":"max-image-preview:large","max-video-preview":"max-video-preview:-1"},"canonical":"https:\/\/www.laboratoire-helpac.com\/en\/p\/yarrow-organic\/","og_locale":"en_US","og_type":"article","og_title":"Floral water BIO ACHILL\u00c9E (France) | HELPAC","og_description":"Anti-inflammatoire, h\u00e9mostatique et cicatrisante, on retrouve souvent l\u2019eau florale d\u2019Achill\u00e9e millefeuille dans les formules cosm\u00e9tiques (couperose, acn\u00e9, rides et soins du corps [apr\u00e8s-soleil, apr\u00e8s-rasage, etc.]) \u2013 en outre, son pH de 4 \u00e0 6 est id\u00e9al pour ces applications. C\u2019est \u00e9galement un ingr\u00e9dient int\u00e9ressant pour tous les troubles f\u00e9minins. Son odeur est discr\u00e8te, comme sa saveur, plut\u00f4t v\u00e9g\u00e9tale, et elle sait se faire oublier tout en agissant.","og_url":"https:\/\/www.laboratoire-helpac.com\/en\/p\/yarrow-organic\/","og_site_name":"HELPAC","article_modified_time":"2023-11-29T18:39:47+00:00","og_image":[{"width":1280,"height":1280,"url":"https:\/\/www.laboratoire-helpac.com\/wp-content\/uploads\/2023\/09\/EF_YARROW-EN.png","type":"image\/png"}],"twitter_card":"summary_large_image","schema":{"@context":"https:\/\/schema.org","@graph":[{"@type":"WebPage","@id":"https:\/\/www.laboratoire-helpac.com\/en\/p\/yarrow-organic\/","url":"https:\/\/www.laboratoire-helpac.com\/en\/p\/yarrow-organic\/","name":"Floral water BIO ACHILL\u00c9E (France) | HELPAC","isPartOf":{"@id":"https:\/\/www.laboratoire-helpac.com\/en\/#website"},"primaryImageOfPage":{"@id":"https:\/\/www.laboratoire-helpac.com\/en\/p\/yarrow-organic\/#primaryimage"},"image":{"@id":"https:\/\/www.laboratoire-helpac.com\/en\/p\/yarrow-organic\/#primaryimage"},"thumbnailUrl":"https:\/\/www.laboratoire-helpac.com\/wp-content\/uploads\/2023\/09\/EF_YARROW-EN.png","datePublished":"2023-07-30T14:58:31+00:00","dateModified":"2023-11-29T18:39:47+00:00","description":"Anti-inflammatoire, h\u00e9mostatique et cicatrisante, on retrouve souvent l\u2019eau florale d\u2019Achill\u00e9e millefeuille dans les formules cosm\u00e9tiques (couperose, acn\u00e9, rides et soins du corps [apr\u00e8s-soleil, apr\u00e8s-rasage, etc.]) \u2013 en outre, son pH de 4 \u00e0 6 est id\u00e9al pour ces applications. C\u2019est \u00e9galement un ingr\u00e9dient int\u00e9ressant pour tous les troubles f\u00e9minins. Son odeur est discr\u00e8te, comme sa saveur, plut\u00f4t v\u00e9g\u00e9tale, et elle sait se faire oublier tout en agissant.","breadcrumb":{"@id":"https:\/\/www.laboratoire-helpac.com\/en\/p\/yarrow-organic\/#breadcrumb"},"inLanguage":"en-US","potentialAction":[{"@type":"ReadAction","target":["https:\/\/www.laboratoire-helpac.com\/en\/p\/yarrow-organic\/"]}]},{"@type":"ImageObject","inLanguage":"en-US","@id":"https:\/\/www.laboratoire-helpac.com\/en\/p\/yarrow-organic\/#primaryimage","url":"https:\/\/www.laboratoire-helpac.com\/wp-content\/uploads\/2023\/09\/EF_YARROW-EN.png","contentUrl":"https:\/\/www.laboratoire-helpac.com\/wp-content\/uploads\/2023\/09\/EF_YARROW-EN.png","width":1280,"height":1280,"caption":"Floral water BIO ACHILL\u00c9E (France) wholesaler"},{"@type":"BreadcrumbList","@id":"https:\/\/www.laboratoire-helpac.com\/en\/p\/yarrow-organic\/#breadcrumb","itemListElement":[{"@type":"ListItem","position":1,"name":"Accueil","item":"https:\/\/www.laboratoire-helpac.com\/en\/"},{"@type":"ListItem","position":2,"name":"Our ingredients","item":"https:\/\/www.laboratoire-helpac.com\/en\/products\/"},{"@type":"ListItem","position":3,"name":"YARROW ORGANIC"}]},{"@type":"WebSite","@id":"https:\/\/www.laboratoire-helpac.com\/en\/#website","url":"https:\/\/www.laboratoire-helpac.com\/en\/","name":"HELPAC","description":"","publisher":{"@id":"https:\/\/www.laboratoire-helpac.com\/en\/#organization"},"potentialAction":[{"@type":"SearchAction","target":{"@type":"EntryPoint","urlTemplate":"https:\/\/www.laboratoire-helpac.com\/en\/?s={search_term_string}"},"query-input":{"@type":"PropertyValueSpecification","valueRequired":true,"valueName":"search_term_string"}}],"inLanguage":"en-US"},{"@type":"Organization","@id":"https:\/\/www.laboratoire-helpac.com\/en\/#organization","name":"Helpac","url":"https:\/\/www.laboratoire-helpac.com\/en\/","logo":{"@type":"ImageObject","inLanguage":"en-US","@id":"https:\/\/www.laboratoire-helpac.com\/en\/#\/schema\/logo\/image\/","url":"https:\/\/dev.fizzbuzz.fr\/helpac\/wp-content\/uploads\/2023\/05\/Logo-Helpac.jpg","contentUrl":"https:\/\/dev.fizzbuzz.fr\/helpac\/wp-content\/uploads\/2023\/05\/Logo-Helpac.jpg","width":200,"height":200,"caption":"Helpac"},"image":{"@id":"https:\/\/www.laboratoire-helpac.com\/en\/#\/schema\/logo\/image\/"},"sameAs":["https:\/\/www.linkedin.com\/company\/helpac\/"]}]}},"_links":{"self":[{"href":"https:\/\/www.laboratoire-helpac.com\/en\/wp-json\/wp\/v2\/product\/5352","targetHints":{"allow":["GET"]}}],"collection":[{"href":"https:\/\/www.laboratoire-helpac.com\/en\/wp-json\/wp\/v2\/product"}],"about":[{"href":"https:\/\/www.laboratoire-helpac.com\/en\/wp-json\/wp\/v2\/types\/product"}],"wp:featuredmedia":[{"embeddable":true,"href":"https:\/\/www.laboratoire-helpac.com\/en\/wp-json\/wp\/v2\/media\/7035"}],"wp:attachment":[{"href":"https:\/\/www.laboratoire-helpac.com\/en\/wp-json\/wp\/v2\/media?parent=5352"}],"wp:term":[{"taxonomy":"product_cat","embeddable":true,"href":"https:\/\/www.laboratoire-helpac.com\/en\/wp-json\/wp\/v2\/product_cat?post=5352"},{"taxonomy":"product_tag","embeddable":true,"href":"https:\/\/www.laboratoire-helpac.com\/en\/wp-json\/wp\/v2\/product_tag?post=5352"}],"curies":[{"name":"wp","href":"https:\/\/api.w.org\/{rel}","templated":true}]}}