{"id":5335,"date":"2023-07-30T16:58:31","date_gmt":"2023-07-30T14:58:31","guid":{"rendered":"http:\/\/localhost\/wordpress\/produit\/bio-vetiver\/"},"modified":"2023-11-29T19:39:43","modified_gmt":"2023-11-29T18:39:43","slug":"vetiver-organic","status":"publish","type":"product","link":"https:\/\/www.laboratoire-helpac.com\/en\/p\/vetiver-organic\/","title":{"rendered":"VETIVER ORGANIC"},"content":{"rendered":"<p>Originally cultivated to combat erosion, improve soil and promote reforestation, vetiver plays a key economic role in Africa: all its parts are exploited (fibers and roots). It is also used in traditional pharmacopoeia. Its fragrance, with its earthy, rooty, woody, slightly smoky and leathery notes, is extremely deep and rich. Richer in anti-oxidants and healing properties, it is used more in cosmetics (men&#8217;s care). An arterial and venous circulatory tonic and lymphatic tonic, it can also be used in slimming formulas.<\/p>\n","protected":false},"excerpt":{"rendered":"<p>Originally cultivated to combat erosion, improve soil and promote reforestation, vetiver plays a key economic role in Africa: all its parts are exploited (fibers and roots). It is also used in traditional pharmacopoeia. Its fragrance, with its earthy, rooty, woody, slightly smoky and leathery notes, is extremely deep and rich. Richer in anti-oxidants and healing [&hellip;]<\/p>\n","protected":false},"featured_media":9451,"template":"","meta":[],"product_cat":[390,451,452],"product_tag":[],"class_list":{"0":"post-5335","1":"product","2":"type-product","3":"status-publish","4":"has-post-thumbnail","6":"product_cat-essential-oils","7":"product_cat-aromatherapy-wholesaler-essential-oil","8":"product_cat-bulk-essential-oils-aromatherapy-wholesaler-essential-oil","9":"pa_certifications-organic","10":"pa_origines-africa","11":"pa_usages-cosmetic","12":"pa_usages-diffusion-en","13":"pa_usages-perfumery","15":"first","16":"instock","17":"purchasable","18":"product-type-simple"},"acf":[],"yoast_head":"<!-- This site is optimized with the Yoast SEO plugin v23.9 - https:\/\/yoast.com\/wordpress\/plugins\/seo\/ -->\n<title>Essential oil Bio vetiver (Ivory Coast) | HELPAC<\/title>\n<meta name=\"description\" content=\"D\u2019abord cultiv\u00e9 pour lutter contre l\u2019\u00e9rosion et pour am\u00e9liorer les sols et favoriser le reboisement, le V\u00e9tiver joue un r\u00f4le \u00e9conomique d\u00e9terminant en Afrique : toutes ses parties sont exploit\u00e9es (fibres et racines). Il fait \u00e9galement partie de la pharmacop\u00e9e traditionnelle. Son parfum aux notes terreuses, racinaires et bois\u00e9es, l\u00e9g\u00e8rement fum\u00e9es et cuir\u00e9es, est d\u2019une grande profondeur et d\u2019une grande richesse. Plus riche en anti-oxydant et cicatrisant, il sera plus utilis\u00e9 en cosm\u00e9tique (soins hommes). Tonique circulatoire art\u00e9rielle et veineuse, tonique lymphatique, il peut \u00e9galement entre dans des formules minceur.\" \/>\n<meta name=\"robots\" content=\"index, follow, max-snippet:-1, max-image-preview:large, max-video-preview:-1\" \/>\n<link rel=\"canonical\" href=\"https:\/\/www.laboratoire-helpac.com\/en\/p\/vetiver-organic\/\" \/>\n<meta property=\"og:locale\" content=\"en_US\" \/>\n<meta property=\"og:type\" content=\"article\" \/>\n<meta property=\"og:title\" content=\"Essential oil Bio vetiver (Ivory Coast) | HELPAC\" \/>\n<meta property=\"og:description\" content=\"D\u2019abord cultiv\u00e9 pour lutter contre l\u2019\u00e9rosion et pour am\u00e9liorer les sols et favoriser le reboisement, le V\u00e9tiver joue un r\u00f4le \u00e9conomique d\u00e9terminant en Afrique : toutes ses parties sont exploit\u00e9es (fibres et racines). Il fait \u00e9galement partie de la pharmacop\u00e9e traditionnelle. Son parfum aux notes terreuses, racinaires et bois\u00e9es, l\u00e9g\u00e8rement fum\u00e9es et cuir\u00e9es, est d\u2019une grande profondeur et d\u2019une grande richesse. Plus riche en anti-oxydant et cicatrisant, il sera plus utilis\u00e9 en cosm\u00e9tique (soins hommes). Tonique circulatoire art\u00e9rielle et veineuse, tonique lymphatique, il peut \u00e9galement entre dans des formules minceur.\" \/>\n<meta property=\"og:url\" content=\"https:\/\/www.laboratoire-helpac.com\/en\/p\/vetiver-organic\/\" \/>\n<meta property=\"og:site_name\" content=\"HELPAC\" \/>\n<meta property=\"article:modified_time\" content=\"2023-11-29T18:39:43+00:00\" \/>\n<meta property=\"og:image\" content=\"https:\/\/www.laboratoire-helpac.com\/wp-content\/uploads\/2023\/11\/HE_VETIVER-EN-1.png\" \/>\n\t<meta property=\"og:image:width\" content=\"1000\" \/>\n\t<meta property=\"og:image:height\" content=\"1000\" \/>\n\t<meta property=\"og:image:type\" content=\"image\/png\" \/>\n<meta name=\"twitter:card\" content=\"summary_large_image\" \/>\n<script type=\"application\/ld+json\" class=\"yoast-schema-graph\">{\"@context\":\"https:\/\/schema.org\",\"@graph\":[{\"@type\":\"WebPage\",\"@id\":\"https:\/\/www.laboratoire-helpac.com\/en\/p\/vetiver-organic\/\",\"url\":\"https:\/\/www.laboratoire-helpac.com\/en\/p\/vetiver-organic\/\",\"name\":\"Essential oil Bio vetiver (Ivory Coast) | HELPAC\",\"isPartOf\":{\"@id\":\"https:\/\/www.laboratoire-helpac.com\/en\/#website\"},\"primaryImageOfPage\":{\"@id\":\"https:\/\/www.laboratoire-helpac.com\/en\/p\/vetiver-organic\/#primaryimage\"},\"image\":{\"@id\":\"https:\/\/www.laboratoire-helpac.com\/en\/p\/vetiver-organic\/#primaryimage\"},\"thumbnailUrl\":\"https:\/\/www.laboratoire-helpac.com\/wp-content\/uploads\/2023\/11\/HE_VETIVER-EN-1.png\",\"datePublished\":\"2023-07-30T14:58:31+00:00\",\"dateModified\":\"2023-11-29T18:39:43+00:00\",\"description\":\"D\u2019abord cultiv\u00e9 pour lutter contre l\u2019\u00e9rosion et pour am\u00e9liorer les sols et favoriser le reboisement, le V\u00e9tiver joue un r\u00f4le \u00e9conomique d\u00e9terminant en Afrique : toutes ses parties sont exploit\u00e9es (fibres et racines). Il fait \u00e9galement partie de la pharmacop\u00e9e traditionnelle. Son parfum aux notes terreuses, racinaires et bois\u00e9es, l\u00e9g\u00e8rement fum\u00e9es et cuir\u00e9es, est d\u2019une grande profondeur et d\u2019une grande richesse. Plus riche en anti-oxydant et cicatrisant, il sera plus utilis\u00e9 en cosm\u00e9tique (soins hommes). Tonique circulatoire art\u00e9rielle et veineuse, tonique lymphatique, il peut \u00e9galement entre dans des formules minceur.\",\"breadcrumb\":{\"@id\":\"https:\/\/www.laboratoire-helpac.com\/en\/p\/vetiver-organic\/#breadcrumb\"},\"inLanguage\":\"en-US\",\"potentialAction\":[{\"@type\":\"ReadAction\",\"target\":[\"https:\/\/www.laboratoire-helpac.com\/en\/p\/vetiver-organic\/\"]}]},{\"@type\":\"ImageObject\",\"inLanguage\":\"en-US\",\"@id\":\"https:\/\/www.laboratoire-helpac.com\/en\/p\/vetiver-organic\/#primaryimage\",\"url\":\"https:\/\/www.laboratoire-helpac.com\/wp-content\/uploads\/2023\/11\/HE_VETIVER-EN-1.png\",\"contentUrl\":\"https:\/\/www.laboratoire-helpac.com\/wp-content\/uploads\/2023\/11\/HE_VETIVER-EN-1.png\",\"width\":1000,\"height\":1000,\"caption\":\"Essential oil Vetiver Organic (Ha\u00efti) wholesaler\"},{\"@type\":\"BreadcrumbList\",\"@id\":\"https:\/\/www.laboratoire-helpac.com\/en\/p\/vetiver-organic\/#breadcrumb\",\"itemListElement\":[{\"@type\":\"ListItem\",\"position\":1,\"name\":\"Accueil\",\"item\":\"https:\/\/www.laboratoire-helpac.com\/en\/\"},{\"@type\":\"ListItem\",\"position\":2,\"name\":\"Our ingredients\",\"item\":\"https:\/\/www.laboratoire-helpac.com\/en\/products\/\"},{\"@type\":\"ListItem\",\"position\":3,\"name\":\"VETIVER ORGANIC\"}]},{\"@type\":\"WebSite\",\"@id\":\"https:\/\/www.laboratoire-helpac.com\/en\/#website\",\"url\":\"https:\/\/www.laboratoire-helpac.com\/en\/\",\"name\":\"HELPAC\",\"description\":\"\",\"publisher\":{\"@id\":\"https:\/\/www.laboratoire-helpac.com\/en\/#organization\"},\"potentialAction\":[{\"@type\":\"SearchAction\",\"target\":{\"@type\":\"EntryPoint\",\"urlTemplate\":\"https:\/\/www.laboratoire-helpac.com\/en\/?s={search_term_string}\"},\"query-input\":{\"@type\":\"PropertyValueSpecification\",\"valueRequired\":true,\"valueName\":\"search_term_string\"}}],\"inLanguage\":\"en-US\"},{\"@type\":\"Organization\",\"@id\":\"https:\/\/www.laboratoire-helpac.com\/en\/#organization\",\"name\":\"Helpac\",\"url\":\"https:\/\/www.laboratoire-helpac.com\/en\/\",\"logo\":{\"@type\":\"ImageObject\",\"inLanguage\":\"en-US\",\"@id\":\"https:\/\/www.laboratoire-helpac.com\/en\/#\/schema\/logo\/image\/\",\"url\":\"https:\/\/dev.fizzbuzz.fr\/helpac\/wp-content\/uploads\/2023\/05\/Logo-Helpac.jpg\",\"contentUrl\":\"https:\/\/dev.fizzbuzz.fr\/helpac\/wp-content\/uploads\/2023\/05\/Logo-Helpac.jpg\",\"width\":200,\"height\":200,\"caption\":\"Helpac\"},\"image\":{\"@id\":\"https:\/\/www.laboratoire-helpac.com\/en\/#\/schema\/logo\/image\/\"},\"sameAs\":[\"https:\/\/www.linkedin.com\/company\/helpac\/\"]}]}<\/script>\n<!-- \/ Yoast SEO plugin. -->","yoast_head_json":{"title":"Essential oil Bio vetiver (Ivory Coast) | HELPAC","description":"D\u2019abord cultiv\u00e9 pour lutter contre l\u2019\u00e9rosion et pour am\u00e9liorer les sols et favoriser le reboisement, le V\u00e9tiver joue un r\u00f4le \u00e9conomique d\u00e9terminant en Afrique : toutes ses parties sont exploit\u00e9es (fibres et racines). Il fait \u00e9galement partie de la pharmacop\u00e9e traditionnelle. Son parfum aux notes terreuses, racinaires et bois\u00e9es, l\u00e9g\u00e8rement fum\u00e9es et cuir\u00e9es, est d\u2019une grande profondeur et d\u2019une grande richesse. Plus riche en anti-oxydant et cicatrisant, il sera plus utilis\u00e9 en cosm\u00e9tique (soins hommes). Tonique circulatoire art\u00e9rielle et veineuse, tonique lymphatique, il peut \u00e9galement entre dans des formules minceur.","robots":{"index":"index","follow":"follow","max-snippet":"max-snippet:-1","max-image-preview":"max-image-preview:large","max-video-preview":"max-video-preview:-1"},"canonical":"https:\/\/www.laboratoire-helpac.com\/en\/p\/vetiver-organic\/","og_locale":"en_US","og_type":"article","og_title":"Essential oil Bio vetiver (Ivory Coast) | HELPAC","og_description":"D\u2019abord cultiv\u00e9 pour lutter contre l\u2019\u00e9rosion et pour am\u00e9liorer les sols et favoriser le reboisement, le V\u00e9tiver joue un r\u00f4le \u00e9conomique d\u00e9terminant en Afrique : toutes ses parties sont exploit\u00e9es (fibres et racines). Il fait \u00e9galement partie de la pharmacop\u00e9e traditionnelle. Son parfum aux notes terreuses, racinaires et bois\u00e9es, l\u00e9g\u00e8rement fum\u00e9es et cuir\u00e9es, est d\u2019une grande profondeur et d\u2019une grande richesse. Plus riche en anti-oxydant et cicatrisant, il sera plus utilis\u00e9 en cosm\u00e9tique (soins hommes). Tonique circulatoire art\u00e9rielle et veineuse, tonique lymphatique, il peut \u00e9galement entre dans des formules minceur.","og_url":"https:\/\/www.laboratoire-helpac.com\/en\/p\/vetiver-organic\/","og_site_name":"HELPAC","article_modified_time":"2023-11-29T18:39:43+00:00","og_image":[{"width":1000,"height":1000,"url":"https:\/\/www.laboratoire-helpac.com\/wp-content\/uploads\/2023\/11\/HE_VETIVER-EN-1.png","type":"image\/png"}],"twitter_card":"summary_large_image","schema":{"@context":"https:\/\/schema.org","@graph":[{"@type":"WebPage","@id":"https:\/\/www.laboratoire-helpac.com\/en\/p\/vetiver-organic\/","url":"https:\/\/www.laboratoire-helpac.com\/en\/p\/vetiver-organic\/","name":"Essential oil Bio vetiver (Ivory Coast) | HELPAC","isPartOf":{"@id":"https:\/\/www.laboratoire-helpac.com\/en\/#website"},"primaryImageOfPage":{"@id":"https:\/\/www.laboratoire-helpac.com\/en\/p\/vetiver-organic\/#primaryimage"},"image":{"@id":"https:\/\/www.laboratoire-helpac.com\/en\/p\/vetiver-organic\/#primaryimage"},"thumbnailUrl":"https:\/\/www.laboratoire-helpac.com\/wp-content\/uploads\/2023\/11\/HE_VETIVER-EN-1.png","datePublished":"2023-07-30T14:58:31+00:00","dateModified":"2023-11-29T18:39:43+00:00","description":"D\u2019abord cultiv\u00e9 pour lutter contre l\u2019\u00e9rosion et pour am\u00e9liorer les sols et favoriser le reboisement, le V\u00e9tiver joue un r\u00f4le \u00e9conomique d\u00e9terminant en Afrique : toutes ses parties sont exploit\u00e9es (fibres et racines). Il fait \u00e9galement partie de la pharmacop\u00e9e traditionnelle. Son parfum aux notes terreuses, racinaires et bois\u00e9es, l\u00e9g\u00e8rement fum\u00e9es et cuir\u00e9es, est d\u2019une grande profondeur et d\u2019une grande richesse. Plus riche en anti-oxydant et cicatrisant, il sera plus utilis\u00e9 en cosm\u00e9tique (soins hommes). Tonique circulatoire art\u00e9rielle et veineuse, tonique lymphatique, il peut \u00e9galement entre dans des formules minceur.","breadcrumb":{"@id":"https:\/\/www.laboratoire-helpac.com\/en\/p\/vetiver-organic\/#breadcrumb"},"inLanguage":"en-US","potentialAction":[{"@type":"ReadAction","target":["https:\/\/www.laboratoire-helpac.com\/en\/p\/vetiver-organic\/"]}]},{"@type":"ImageObject","inLanguage":"en-US","@id":"https:\/\/www.laboratoire-helpac.com\/en\/p\/vetiver-organic\/#primaryimage","url":"https:\/\/www.laboratoire-helpac.com\/wp-content\/uploads\/2023\/11\/HE_VETIVER-EN-1.png","contentUrl":"https:\/\/www.laboratoire-helpac.com\/wp-content\/uploads\/2023\/11\/HE_VETIVER-EN-1.png","width":1000,"height":1000,"caption":"Essential oil Vetiver Organic (Ha\u00efti) wholesaler"},{"@type":"BreadcrumbList","@id":"https:\/\/www.laboratoire-helpac.com\/en\/p\/vetiver-organic\/#breadcrumb","itemListElement":[{"@type":"ListItem","position":1,"name":"Accueil","item":"https:\/\/www.laboratoire-helpac.com\/en\/"},{"@type":"ListItem","position":2,"name":"Our ingredients","item":"https:\/\/www.laboratoire-helpac.com\/en\/products\/"},{"@type":"ListItem","position":3,"name":"VETIVER ORGANIC"}]},{"@type":"WebSite","@id":"https:\/\/www.laboratoire-helpac.com\/en\/#website","url":"https:\/\/www.laboratoire-helpac.com\/en\/","name":"HELPAC","description":"","publisher":{"@id":"https:\/\/www.laboratoire-helpac.com\/en\/#organization"},"potentialAction":[{"@type":"SearchAction","target":{"@type":"EntryPoint","urlTemplate":"https:\/\/www.laboratoire-helpac.com\/en\/?s={search_term_string}"},"query-input":{"@type":"PropertyValueSpecification","valueRequired":true,"valueName":"search_term_string"}}],"inLanguage":"en-US"},{"@type":"Organization","@id":"https:\/\/www.laboratoire-helpac.com\/en\/#organization","name":"Helpac","url":"https:\/\/www.laboratoire-helpac.com\/en\/","logo":{"@type":"ImageObject","inLanguage":"en-US","@id":"https:\/\/www.laboratoire-helpac.com\/en\/#\/schema\/logo\/image\/","url":"https:\/\/dev.fizzbuzz.fr\/helpac\/wp-content\/uploads\/2023\/05\/Logo-Helpac.jpg","contentUrl":"https:\/\/dev.fizzbuzz.fr\/helpac\/wp-content\/uploads\/2023\/05\/Logo-Helpac.jpg","width":200,"height":200,"caption":"Helpac"},"image":{"@id":"https:\/\/www.laboratoire-helpac.com\/en\/#\/schema\/logo\/image\/"},"sameAs":["https:\/\/www.linkedin.com\/company\/helpac\/"]}]}},"_links":{"self":[{"href":"https:\/\/www.laboratoire-helpac.com\/en\/wp-json\/wp\/v2\/product\/5335","targetHints":{"allow":["GET"]}}],"collection":[{"href":"https:\/\/www.laboratoire-helpac.com\/en\/wp-json\/wp\/v2\/product"}],"about":[{"href":"https:\/\/www.laboratoire-helpac.com\/en\/wp-json\/wp\/v2\/types\/product"}],"wp:featuredmedia":[{"embeddable":true,"href":"https:\/\/www.laboratoire-helpac.com\/en\/wp-json\/wp\/v2\/media\/9451"}],"wp:attachment":[{"href":"https:\/\/www.laboratoire-helpac.com\/en\/wp-json\/wp\/v2\/media?parent=5335"}],"wp:term":[{"taxonomy":"product_cat","embeddable":true,"href":"https:\/\/www.laboratoire-helpac.com\/en\/wp-json\/wp\/v2\/product_cat?post=5335"},{"taxonomy":"product_tag","embeddable":true,"href":"https:\/\/www.laboratoire-helpac.com\/en\/wp-json\/wp\/v2\/product_tag?post=5335"}],"curies":[{"name":"wp","href":"https:\/\/api.w.org\/{rel}","templated":true}]}}