{"id":5334,"date":"2023-07-30T16:58:13","date_gmt":"2023-07-30T14:58:13","guid":{"rendered":"http:\/\/localhost\/wordpress\/produit\/organic-lemon-verbena\/"},"modified":"2023-11-29T19:39:41","modified_gmt":"2023-11-29T18:39:41","slug":"verbena-lemon-organic","status":"publish","type":"product","link":"https:\/\/www.laboratoire-helpac.com\/en\/p\/verbena-lemon-organic\/","title":{"rendered":"VERBENA LEMON ORGANIC"},"content":{"rendered":"<p>Rich in citral, limonene and 1.8-cineol, Lemon Verbena essential oil &#8211; also known as Sweet Verbena &#8211; has a typical fresh, lemony, fruity, slightly acidic fragrance, used as a top note in perfumery but also as a food flavoring. Extremely anti-inflammatory and soothing, it is used in many cases of burnt-out and pain (neuralgia, etc.). It is also an excellent antiparasitic and regulates thyroid and pancreatic hormones. It is widely used in energetic aromatherapy for insomnia, anxiety, depression, etc.<\/p>\n","protected":false},"excerpt":{"rendered":"<p>Rich in citral, limonene and 1.8-cineol, Lemon Verbena essential oil &#8211; also known as Sweet Verbena &#8211; has a typical fresh, lemony, fruity, slightly acidic fragrance, used as a top note in perfumery but also as a food flavoring. Extremely anti-inflammatory and soothing, it is used in many cases of burnt-out and pain (neuralgia, etc.). [&hellip;]<\/p>\n","protected":false},"featured_media":7017,"template":"","meta":[],"product_cat":[390,451,452],"product_tag":[],"class_list":{"0":"post-5334","1":"product","2":"type-product","3":"status-publish","4":"has-post-thumbnail","6":"product_cat-essential-oils","7":"product_cat-aromatherapy-wholesaler-essential-oil","8":"product_cat-bulk-essential-oils-aromatherapy-wholesaler-essential-oil","9":"pa_certifications-organic","10":"pa_origines-africa","11":"pa_usages-diffusion-en","12":"pa_usages-food","13":"pa_usages-perfumery","15":"first","16":"instock","17":"purchasable","18":"product-type-simple"},"acf":[],"yoast_head":"<!-- This site is optimized with the Yoast SEO plugin v23.9 - https:\/\/yoast.com\/wordpress\/plugins\/seo\/ -->\n<title>Essential oil Organic lemon verbena (Morocco) | HELPAC<\/title>\n<meta name=\"description\" content=\"Riche en citral, limon\u00e8ne et 1.8-cin\u00e9ole, l\u2019huile essentielle de Verveine citronn\u00e9e - \u00e9galement appel\u00e9e Verveine odorante \u2013 poss\u00e8de un parfum frais, citronn\u00e9, fruit\u00e9, l\u00e9g\u00e8rement acidul\u00e9 typique, utilis\u00e9 comme note de t\u00eate en parfumerie mais aussi comme ar\u00f4me alimentaire. Extr\u00eamement anti-inflammatoire et calmante, elle est utilis\u00e9e dans de nombreux cas de burnt-out et douleurs (n\u00e9vralgies, etc.). C\u2019est, en outre, un tr\u00e8s bon antiparasitaire et un r\u00e9gulateur des hormones de la thyro\u00efde et du pancr\u00e9as. Elle est tr\u00e8s utilis\u00e9e en aromath\u00e9rapie \u00e9nerg\u00e9tique contre les insomnies, l\u2019anxi\u00e9t\u00e9, les \u00e9tats d\u00e9pressifs, etc.\" \/>\n<meta name=\"robots\" content=\"index, follow, max-snippet:-1, max-image-preview:large, max-video-preview:-1\" \/>\n<link rel=\"canonical\" href=\"https:\/\/www.laboratoire-helpac.com\/en\/p\/verbena-lemon-organic\/\" \/>\n<meta property=\"og:locale\" content=\"en_US\" \/>\n<meta property=\"og:type\" content=\"article\" \/>\n<meta property=\"og:title\" content=\"Essential oil Organic lemon verbena (Morocco) | HELPAC\" \/>\n<meta property=\"og:description\" content=\"Riche en citral, limon\u00e8ne et 1.8-cin\u00e9ole, l\u2019huile essentielle de Verveine citronn\u00e9e - \u00e9galement appel\u00e9e Verveine odorante \u2013 poss\u00e8de un parfum frais, citronn\u00e9, fruit\u00e9, l\u00e9g\u00e8rement acidul\u00e9 typique, utilis\u00e9 comme note de t\u00eate en parfumerie mais aussi comme ar\u00f4me alimentaire. Extr\u00eamement anti-inflammatoire et calmante, elle est utilis\u00e9e dans de nombreux cas de burnt-out et douleurs (n\u00e9vralgies, etc.). C\u2019est, en outre, un tr\u00e8s bon antiparasitaire et un r\u00e9gulateur des hormones de la thyro\u00efde et du pancr\u00e9as. Elle est tr\u00e8s utilis\u00e9e en aromath\u00e9rapie \u00e9nerg\u00e9tique contre les insomnies, l\u2019anxi\u00e9t\u00e9, les \u00e9tats d\u00e9pressifs, etc.\" \/>\n<meta property=\"og:url\" content=\"https:\/\/www.laboratoire-helpac.com\/en\/p\/verbena-lemon-organic\/\" \/>\n<meta property=\"og:site_name\" content=\"HELPAC\" \/>\n<meta property=\"article:modified_time\" content=\"2023-11-29T18:39:41+00:00\" \/>\n<meta property=\"og:image\" content=\"https:\/\/www.laboratoire-helpac.com\/wp-content\/uploads\/2023\/09\/HE_VERBENALEMON-EN.png\" \/>\n\t<meta property=\"og:image:width\" content=\"1280\" \/>\n\t<meta property=\"og:image:height\" content=\"1280\" \/>\n\t<meta property=\"og:image:type\" content=\"image\/png\" \/>\n<meta name=\"twitter:card\" content=\"summary_large_image\" \/>\n<script type=\"application\/ld+json\" class=\"yoast-schema-graph\">{\"@context\":\"https:\/\/schema.org\",\"@graph\":[{\"@type\":\"WebPage\",\"@id\":\"https:\/\/www.laboratoire-helpac.com\/en\/p\/verbena-lemon-organic\/\",\"url\":\"https:\/\/www.laboratoire-helpac.com\/en\/p\/verbena-lemon-organic\/\",\"name\":\"Essential oil Organic lemon verbena (Morocco) | HELPAC\",\"isPartOf\":{\"@id\":\"https:\/\/www.laboratoire-helpac.com\/en\/#website\"},\"primaryImageOfPage\":{\"@id\":\"https:\/\/www.laboratoire-helpac.com\/en\/p\/verbena-lemon-organic\/#primaryimage\"},\"image\":{\"@id\":\"https:\/\/www.laboratoire-helpac.com\/en\/p\/verbena-lemon-organic\/#primaryimage\"},\"thumbnailUrl\":\"https:\/\/www.laboratoire-helpac.com\/wp-content\/uploads\/2023\/09\/HE_VERBENALEMON-EN.png\",\"datePublished\":\"2023-07-30T14:58:13+00:00\",\"dateModified\":\"2023-11-29T18:39:41+00:00\",\"description\":\"Riche en citral, limon\u00e8ne et 1.8-cin\u00e9ole, l\u2019huile essentielle de Verveine citronn\u00e9e - \u00e9galement appel\u00e9e Verveine odorante \u2013 poss\u00e8de un parfum frais, citronn\u00e9, fruit\u00e9, l\u00e9g\u00e8rement acidul\u00e9 typique, utilis\u00e9 comme note de t\u00eate en parfumerie mais aussi comme ar\u00f4me alimentaire. Extr\u00eamement anti-inflammatoire et calmante, elle est utilis\u00e9e dans de nombreux cas de burnt-out et douleurs (n\u00e9vralgies, etc.). C\u2019est, en outre, un tr\u00e8s bon antiparasitaire et un r\u00e9gulateur des hormones de la thyro\u00efde et du pancr\u00e9as. Elle est tr\u00e8s utilis\u00e9e en aromath\u00e9rapie \u00e9nerg\u00e9tique contre les insomnies, l\u2019anxi\u00e9t\u00e9, les \u00e9tats d\u00e9pressifs, etc.\",\"breadcrumb\":{\"@id\":\"https:\/\/www.laboratoire-helpac.com\/en\/p\/verbena-lemon-organic\/#breadcrumb\"},\"inLanguage\":\"en-US\",\"potentialAction\":[{\"@type\":\"ReadAction\",\"target\":[\"https:\/\/www.laboratoire-helpac.com\/en\/p\/verbena-lemon-organic\/\"]}]},{\"@type\":\"ImageObject\",\"inLanguage\":\"en-US\",\"@id\":\"https:\/\/www.laboratoire-helpac.com\/en\/p\/verbena-lemon-organic\/#primaryimage\",\"url\":\"https:\/\/www.laboratoire-helpac.com\/wp-content\/uploads\/2023\/09\/HE_VERBENALEMON-EN.png\",\"contentUrl\":\"https:\/\/www.laboratoire-helpac.com\/wp-content\/uploads\/2023\/09\/HE_VERBENALEMON-EN.png\",\"width\":1280,\"height\":1280,\"caption\":\"Essential oil Organic lemon verbena (Morocco) wholesaler\"},{\"@type\":\"BreadcrumbList\",\"@id\":\"https:\/\/www.laboratoire-helpac.com\/en\/p\/verbena-lemon-organic\/#breadcrumb\",\"itemListElement\":[{\"@type\":\"ListItem\",\"position\":1,\"name\":\"Accueil\",\"item\":\"https:\/\/www.laboratoire-helpac.com\/en\/\"},{\"@type\":\"ListItem\",\"position\":2,\"name\":\"Our ingredients\",\"item\":\"https:\/\/www.laboratoire-helpac.com\/en\/products\/\"},{\"@type\":\"ListItem\",\"position\":3,\"name\":\"VERBENA LEMON ORGANIC\"}]},{\"@type\":\"WebSite\",\"@id\":\"https:\/\/www.laboratoire-helpac.com\/en\/#website\",\"url\":\"https:\/\/www.laboratoire-helpac.com\/en\/\",\"name\":\"HELPAC\",\"description\":\"\",\"publisher\":{\"@id\":\"https:\/\/www.laboratoire-helpac.com\/en\/#organization\"},\"potentialAction\":[{\"@type\":\"SearchAction\",\"target\":{\"@type\":\"EntryPoint\",\"urlTemplate\":\"https:\/\/www.laboratoire-helpac.com\/en\/?s={search_term_string}\"},\"query-input\":{\"@type\":\"PropertyValueSpecification\",\"valueRequired\":true,\"valueName\":\"search_term_string\"}}],\"inLanguage\":\"en-US\"},{\"@type\":\"Organization\",\"@id\":\"https:\/\/www.laboratoire-helpac.com\/en\/#organization\",\"name\":\"Helpac\",\"url\":\"https:\/\/www.laboratoire-helpac.com\/en\/\",\"logo\":{\"@type\":\"ImageObject\",\"inLanguage\":\"en-US\",\"@id\":\"https:\/\/www.laboratoire-helpac.com\/en\/#\/schema\/logo\/image\/\",\"url\":\"https:\/\/dev.fizzbuzz.fr\/helpac\/wp-content\/uploads\/2023\/05\/Logo-Helpac.jpg\",\"contentUrl\":\"https:\/\/dev.fizzbuzz.fr\/helpac\/wp-content\/uploads\/2023\/05\/Logo-Helpac.jpg\",\"width\":200,\"height\":200,\"caption\":\"Helpac\"},\"image\":{\"@id\":\"https:\/\/www.laboratoire-helpac.com\/en\/#\/schema\/logo\/image\/\"},\"sameAs\":[\"https:\/\/www.linkedin.com\/company\/helpac\/\"]}]}<\/script>\n<!-- \/ Yoast SEO plugin. -->","yoast_head_json":{"title":"Essential oil Organic lemon verbena (Morocco) | HELPAC","description":"Riche en citral, limon\u00e8ne et 1.8-cin\u00e9ole, l\u2019huile essentielle de Verveine citronn\u00e9e - \u00e9galement appel\u00e9e Verveine odorante \u2013 poss\u00e8de un parfum frais, citronn\u00e9, fruit\u00e9, l\u00e9g\u00e8rement acidul\u00e9 typique, utilis\u00e9 comme note de t\u00eate en parfumerie mais aussi comme ar\u00f4me alimentaire. Extr\u00eamement anti-inflammatoire et calmante, elle est utilis\u00e9e dans de nombreux cas de burnt-out et douleurs (n\u00e9vralgies, etc.). C\u2019est, en outre, un tr\u00e8s bon antiparasitaire et un r\u00e9gulateur des hormones de la thyro\u00efde et du pancr\u00e9as. Elle est tr\u00e8s utilis\u00e9e en aromath\u00e9rapie \u00e9nerg\u00e9tique contre les insomnies, l\u2019anxi\u00e9t\u00e9, les \u00e9tats d\u00e9pressifs, etc.","robots":{"index":"index","follow":"follow","max-snippet":"max-snippet:-1","max-image-preview":"max-image-preview:large","max-video-preview":"max-video-preview:-1"},"canonical":"https:\/\/www.laboratoire-helpac.com\/en\/p\/verbena-lemon-organic\/","og_locale":"en_US","og_type":"article","og_title":"Essential oil Organic lemon verbena (Morocco) | HELPAC","og_description":"Riche en citral, limon\u00e8ne et 1.8-cin\u00e9ole, l\u2019huile essentielle de Verveine citronn\u00e9e - \u00e9galement appel\u00e9e Verveine odorante \u2013 poss\u00e8de un parfum frais, citronn\u00e9, fruit\u00e9, l\u00e9g\u00e8rement acidul\u00e9 typique, utilis\u00e9 comme note de t\u00eate en parfumerie mais aussi comme ar\u00f4me alimentaire. Extr\u00eamement anti-inflammatoire et calmante, elle est utilis\u00e9e dans de nombreux cas de burnt-out et douleurs (n\u00e9vralgies, etc.). C\u2019est, en outre, un tr\u00e8s bon antiparasitaire et un r\u00e9gulateur des hormones de la thyro\u00efde et du pancr\u00e9as. Elle est tr\u00e8s utilis\u00e9e en aromath\u00e9rapie \u00e9nerg\u00e9tique contre les insomnies, l\u2019anxi\u00e9t\u00e9, les \u00e9tats d\u00e9pressifs, etc.","og_url":"https:\/\/www.laboratoire-helpac.com\/en\/p\/verbena-lemon-organic\/","og_site_name":"HELPAC","article_modified_time":"2023-11-29T18:39:41+00:00","og_image":[{"width":1280,"height":1280,"url":"https:\/\/www.laboratoire-helpac.com\/wp-content\/uploads\/2023\/09\/HE_VERBENALEMON-EN.png","type":"image\/png"}],"twitter_card":"summary_large_image","schema":{"@context":"https:\/\/schema.org","@graph":[{"@type":"WebPage","@id":"https:\/\/www.laboratoire-helpac.com\/en\/p\/verbena-lemon-organic\/","url":"https:\/\/www.laboratoire-helpac.com\/en\/p\/verbena-lemon-organic\/","name":"Essential oil Organic lemon verbena (Morocco) | HELPAC","isPartOf":{"@id":"https:\/\/www.laboratoire-helpac.com\/en\/#website"},"primaryImageOfPage":{"@id":"https:\/\/www.laboratoire-helpac.com\/en\/p\/verbena-lemon-organic\/#primaryimage"},"image":{"@id":"https:\/\/www.laboratoire-helpac.com\/en\/p\/verbena-lemon-organic\/#primaryimage"},"thumbnailUrl":"https:\/\/www.laboratoire-helpac.com\/wp-content\/uploads\/2023\/09\/HE_VERBENALEMON-EN.png","datePublished":"2023-07-30T14:58:13+00:00","dateModified":"2023-11-29T18:39:41+00:00","description":"Riche en citral, limon\u00e8ne et 1.8-cin\u00e9ole, l\u2019huile essentielle de Verveine citronn\u00e9e - \u00e9galement appel\u00e9e Verveine odorante \u2013 poss\u00e8de un parfum frais, citronn\u00e9, fruit\u00e9, l\u00e9g\u00e8rement acidul\u00e9 typique, utilis\u00e9 comme note de t\u00eate en parfumerie mais aussi comme ar\u00f4me alimentaire. Extr\u00eamement anti-inflammatoire et calmante, elle est utilis\u00e9e dans de nombreux cas de burnt-out et douleurs (n\u00e9vralgies, etc.). C\u2019est, en outre, un tr\u00e8s bon antiparasitaire et un r\u00e9gulateur des hormones de la thyro\u00efde et du pancr\u00e9as. Elle est tr\u00e8s utilis\u00e9e en aromath\u00e9rapie \u00e9nerg\u00e9tique contre les insomnies, l\u2019anxi\u00e9t\u00e9, les \u00e9tats d\u00e9pressifs, etc.","breadcrumb":{"@id":"https:\/\/www.laboratoire-helpac.com\/en\/p\/verbena-lemon-organic\/#breadcrumb"},"inLanguage":"en-US","potentialAction":[{"@type":"ReadAction","target":["https:\/\/www.laboratoire-helpac.com\/en\/p\/verbena-lemon-organic\/"]}]},{"@type":"ImageObject","inLanguage":"en-US","@id":"https:\/\/www.laboratoire-helpac.com\/en\/p\/verbena-lemon-organic\/#primaryimage","url":"https:\/\/www.laboratoire-helpac.com\/wp-content\/uploads\/2023\/09\/HE_VERBENALEMON-EN.png","contentUrl":"https:\/\/www.laboratoire-helpac.com\/wp-content\/uploads\/2023\/09\/HE_VERBENALEMON-EN.png","width":1280,"height":1280,"caption":"Essential oil Organic lemon verbena (Morocco) wholesaler"},{"@type":"BreadcrumbList","@id":"https:\/\/www.laboratoire-helpac.com\/en\/p\/verbena-lemon-organic\/#breadcrumb","itemListElement":[{"@type":"ListItem","position":1,"name":"Accueil","item":"https:\/\/www.laboratoire-helpac.com\/en\/"},{"@type":"ListItem","position":2,"name":"Our ingredients","item":"https:\/\/www.laboratoire-helpac.com\/en\/products\/"},{"@type":"ListItem","position":3,"name":"VERBENA LEMON ORGANIC"}]},{"@type":"WebSite","@id":"https:\/\/www.laboratoire-helpac.com\/en\/#website","url":"https:\/\/www.laboratoire-helpac.com\/en\/","name":"HELPAC","description":"","publisher":{"@id":"https:\/\/www.laboratoire-helpac.com\/en\/#organization"},"potentialAction":[{"@type":"SearchAction","target":{"@type":"EntryPoint","urlTemplate":"https:\/\/www.laboratoire-helpac.com\/en\/?s={search_term_string}"},"query-input":{"@type":"PropertyValueSpecification","valueRequired":true,"valueName":"search_term_string"}}],"inLanguage":"en-US"},{"@type":"Organization","@id":"https:\/\/www.laboratoire-helpac.com\/en\/#organization","name":"Helpac","url":"https:\/\/www.laboratoire-helpac.com\/en\/","logo":{"@type":"ImageObject","inLanguage":"en-US","@id":"https:\/\/www.laboratoire-helpac.com\/en\/#\/schema\/logo\/image\/","url":"https:\/\/dev.fizzbuzz.fr\/helpac\/wp-content\/uploads\/2023\/05\/Logo-Helpac.jpg","contentUrl":"https:\/\/dev.fizzbuzz.fr\/helpac\/wp-content\/uploads\/2023\/05\/Logo-Helpac.jpg","width":200,"height":200,"caption":"Helpac"},"image":{"@id":"https:\/\/www.laboratoire-helpac.com\/en\/#\/schema\/logo\/image\/"},"sameAs":["https:\/\/www.linkedin.com\/company\/helpac\/"]}]}},"_links":{"self":[{"href":"https:\/\/www.laboratoire-helpac.com\/en\/wp-json\/wp\/v2\/product\/5334","targetHints":{"allow":["GET"]}}],"collection":[{"href":"https:\/\/www.laboratoire-helpac.com\/en\/wp-json\/wp\/v2\/product"}],"about":[{"href":"https:\/\/www.laboratoire-helpac.com\/en\/wp-json\/wp\/v2\/types\/product"}],"wp:featuredmedia":[{"embeddable":true,"href":"https:\/\/www.laboratoire-helpac.com\/en\/wp-json\/wp\/v2\/media\/7017"}],"wp:attachment":[{"href":"https:\/\/www.laboratoire-helpac.com\/en\/wp-json\/wp\/v2\/media?parent=5334"}],"wp:term":[{"taxonomy":"product_cat","embeddable":true,"href":"https:\/\/www.laboratoire-helpac.com\/en\/wp-json\/wp\/v2\/product_cat?post=5334"},{"taxonomy":"product_tag","embeddable":true,"href":"https:\/\/www.laboratoire-helpac.com\/en\/wp-json\/wp\/v2\/product_tag?post=5334"}],"curies":[{"name":"wp","href":"https:\/\/api.w.org\/{rel}","templated":true}]}}