{"id":5332,"date":"2023-07-30T16:58:13","date_gmt":"2023-07-30T14:58:13","guid":{"rendered":"http:\/\/localhost\/wordpress\/produit\/thymol-thyme-2\/"},"modified":"2023-11-29T19:39:40","modified_gmt":"2023-11-29T18:39:40","slug":"thyme-thymol-2","status":"publish","type":"product","link":"https:\/\/www.laboratoire-helpac.com\/en\/p\/thyme-thymol-2\/","title":{"rendered":"THYME THYMOL"},"content":{"rendered":"<p>Antibacterial, antiseptic, antifungal for ENT, genito-urinary, respiratory and digestive tracts, and immunomodulating, Thyme thymol essential oil has a powerful, aromatic, spicy and phenolic fragrance. In energetic aromatherapy, it revitalizes and energizes, boosting self-confidence.<\/p>\n","protected":false},"excerpt":{"rendered":"<p>Antibacterial, antiseptic, antifungal for ENT, genito-urinary, respiratory and digestive tracts, and immunomodulating, Thyme thymol essential oil has a powerful, aromatic, spicy and phenolic fragrance. In energetic aromatherapy, it revitalizes and energizes, boosting self-confidence.<\/p>\n","protected":false},"featured_media":9449,"template":"","meta":[],"product_cat":[390,451,466],"product_tag":[],"class_list":{"0":"post-5332","1":"product","2":"type-product","3":"status-publish","4":"has-post-thumbnail","6":"product_cat-essential-oils","7":"product_cat-aromatherapy-wholesaler-essential-oil","8":"product_cat-thym-essential-oils-essential-oil","9":"pa_certifications-conventional","10":"pa_origines-france-en","11":"pa_usages-cosmetic","12":"pa_usages-diffusion-en","13":"pa_usages-food","14":"pa_usages-perfumery","16":"first","17":"instock","18":"purchasable","19":"product-type-simple"},"acf":[],"yoast_head":"<!-- This site is optimized with the Yoast SEO plugin v23.9 - https:\/\/yoast.com\/wordpress\/plugins\/seo\/ -->\n<title>Essential oil Thymol thyme (France) | HELPAC<\/title>\n<meta name=\"description\" content=\"Antibact\u00e9rienne, antiseptique, antifongique des sph\u00e8re ORL, g\u00e9nito-urinaire, respiratoire et digestif, et immunomodulante, l\u2019huile essentielle de Thym \u00e0 thymol poss\u00e8de un parfum puissant, aromatique, \u00e9pic\u00e9 et ph\u00e9nol\u00e9. En aromath\u00e9rapie \u00e9nerg\u00e9tique, elle est revitalisante et dynamisante et renforce la confiance en soi.\" \/>\n<meta name=\"robots\" content=\"index, follow, max-snippet:-1, max-image-preview:large, max-video-preview:-1\" \/>\n<link rel=\"canonical\" href=\"https:\/\/www.laboratoire-helpac.com\/en\/p\/thyme-thymol-2\/\" \/>\n<meta property=\"og:locale\" content=\"en_US\" \/>\n<meta property=\"og:type\" content=\"article\" \/>\n<meta property=\"og:title\" content=\"Essential oil Thymol thyme (France) | HELPAC\" \/>\n<meta property=\"og:description\" content=\"Antibact\u00e9rienne, antiseptique, antifongique des sph\u00e8re ORL, g\u00e9nito-urinaire, respiratoire et digestif, et immunomodulante, l\u2019huile essentielle de Thym \u00e0 thymol poss\u00e8de un parfum puissant, aromatique, \u00e9pic\u00e9 et ph\u00e9nol\u00e9. En aromath\u00e9rapie \u00e9nerg\u00e9tique, elle est revitalisante et dynamisante et renforce la confiance en soi.\" \/>\n<meta property=\"og:url\" content=\"https:\/\/www.laboratoire-helpac.com\/en\/p\/thyme-thymol-2\/\" \/>\n<meta property=\"og:site_name\" content=\"HELPAC\" \/>\n<meta property=\"article:modified_time\" content=\"2023-11-29T18:39:40+00:00\" \/>\n<meta property=\"og:image\" content=\"https:\/\/www.laboratoire-helpac.com\/wp-content\/uploads\/2023\/11\/HE_THYMETHYMOL-EN-3.png\" \/>\n\t<meta property=\"og:image:width\" content=\"1000\" \/>\n\t<meta property=\"og:image:height\" content=\"1000\" \/>\n\t<meta property=\"og:image:type\" content=\"image\/png\" \/>\n<meta name=\"twitter:card\" content=\"summary_large_image\" \/>\n<script type=\"application\/ld+json\" class=\"yoast-schema-graph\">{\"@context\":\"https:\/\/schema.org\",\"@graph\":[{\"@type\":\"WebPage\",\"@id\":\"https:\/\/www.laboratoire-helpac.com\/en\/p\/thyme-thymol-2\/\",\"url\":\"https:\/\/www.laboratoire-helpac.com\/en\/p\/thyme-thymol-2\/\",\"name\":\"Essential oil Thymol thyme (France) | HELPAC\",\"isPartOf\":{\"@id\":\"https:\/\/www.laboratoire-helpac.com\/en\/#website\"},\"primaryImageOfPage\":{\"@id\":\"https:\/\/www.laboratoire-helpac.com\/en\/p\/thyme-thymol-2\/#primaryimage\"},\"image\":{\"@id\":\"https:\/\/www.laboratoire-helpac.com\/en\/p\/thyme-thymol-2\/#primaryimage\"},\"thumbnailUrl\":\"https:\/\/www.laboratoire-helpac.com\/wp-content\/uploads\/2023\/11\/HE_THYMETHYMOL-EN-3.png\",\"datePublished\":\"2023-07-30T14:58:13+00:00\",\"dateModified\":\"2023-11-29T18:39:40+00:00\",\"description\":\"Antibact\u00e9rienne, antiseptique, antifongique des sph\u00e8re ORL, g\u00e9nito-urinaire, respiratoire et digestif, et immunomodulante, l\u2019huile essentielle de Thym \u00e0 thymol poss\u00e8de un parfum puissant, aromatique, \u00e9pic\u00e9 et ph\u00e9nol\u00e9. En aromath\u00e9rapie \u00e9nerg\u00e9tique, elle est revitalisante et dynamisante et renforce la confiance en soi.\",\"breadcrumb\":{\"@id\":\"https:\/\/www.laboratoire-helpac.com\/en\/p\/thyme-thymol-2\/#breadcrumb\"},\"inLanguage\":\"en-US\",\"potentialAction\":[{\"@type\":\"ReadAction\",\"target\":[\"https:\/\/www.laboratoire-helpac.com\/en\/p\/thyme-thymol-2\/\"]}]},{\"@type\":\"ImageObject\",\"inLanguage\":\"en-US\",\"@id\":\"https:\/\/www.laboratoire-helpac.com\/en\/p\/thyme-thymol-2\/#primaryimage\",\"url\":\"https:\/\/www.laboratoire-helpac.com\/wp-content\/uploads\/2023\/11\/HE_THYMETHYMOL-EN-3.png\",\"contentUrl\":\"https:\/\/www.laboratoire-helpac.com\/wp-content\/uploads\/2023\/11\/HE_THYMETHYMOL-EN-3.png\",\"width\":1000,\"height\":1000,\"caption\":\"Essential oil Thyme Thymol (France) wholesaler\"},{\"@type\":\"BreadcrumbList\",\"@id\":\"https:\/\/www.laboratoire-helpac.com\/en\/p\/thyme-thymol-2\/#breadcrumb\",\"itemListElement\":[{\"@type\":\"ListItem\",\"position\":1,\"name\":\"Accueil\",\"item\":\"https:\/\/www.laboratoire-helpac.com\/en\/\"},{\"@type\":\"ListItem\",\"position\":2,\"name\":\"Our ingredients\",\"item\":\"https:\/\/www.laboratoire-helpac.com\/en\/products\/\"},{\"@type\":\"ListItem\",\"position\":3,\"name\":\"THYME THYMOL\"}]},{\"@type\":\"WebSite\",\"@id\":\"https:\/\/www.laboratoire-helpac.com\/en\/#website\",\"url\":\"https:\/\/www.laboratoire-helpac.com\/en\/\",\"name\":\"HELPAC\",\"description\":\"\",\"publisher\":{\"@id\":\"https:\/\/www.laboratoire-helpac.com\/en\/#organization\"},\"potentialAction\":[{\"@type\":\"SearchAction\",\"target\":{\"@type\":\"EntryPoint\",\"urlTemplate\":\"https:\/\/www.laboratoire-helpac.com\/en\/?s={search_term_string}\"},\"query-input\":{\"@type\":\"PropertyValueSpecification\",\"valueRequired\":true,\"valueName\":\"search_term_string\"}}],\"inLanguage\":\"en-US\"},{\"@type\":\"Organization\",\"@id\":\"https:\/\/www.laboratoire-helpac.com\/en\/#organization\",\"name\":\"Helpac\",\"url\":\"https:\/\/www.laboratoire-helpac.com\/en\/\",\"logo\":{\"@type\":\"ImageObject\",\"inLanguage\":\"en-US\",\"@id\":\"https:\/\/www.laboratoire-helpac.com\/en\/#\/schema\/logo\/image\/\",\"url\":\"https:\/\/dev.fizzbuzz.fr\/helpac\/wp-content\/uploads\/2023\/05\/Logo-Helpac.jpg\",\"contentUrl\":\"https:\/\/dev.fizzbuzz.fr\/helpac\/wp-content\/uploads\/2023\/05\/Logo-Helpac.jpg\",\"width\":200,\"height\":200,\"caption\":\"Helpac\"},\"image\":{\"@id\":\"https:\/\/www.laboratoire-helpac.com\/en\/#\/schema\/logo\/image\/\"},\"sameAs\":[\"https:\/\/www.linkedin.com\/company\/helpac\/\"]}]}<\/script>\n<!-- \/ Yoast SEO plugin. -->","yoast_head_json":{"title":"Essential oil Thymol thyme (France) | HELPAC","description":"Antibact\u00e9rienne, antiseptique, antifongique des sph\u00e8re ORL, g\u00e9nito-urinaire, respiratoire et digestif, et immunomodulante, l\u2019huile essentielle de Thym \u00e0 thymol poss\u00e8de un parfum puissant, aromatique, \u00e9pic\u00e9 et ph\u00e9nol\u00e9. En aromath\u00e9rapie \u00e9nerg\u00e9tique, elle est revitalisante et dynamisante et renforce la confiance en soi.","robots":{"index":"index","follow":"follow","max-snippet":"max-snippet:-1","max-image-preview":"max-image-preview:large","max-video-preview":"max-video-preview:-1"},"canonical":"https:\/\/www.laboratoire-helpac.com\/en\/p\/thyme-thymol-2\/","og_locale":"en_US","og_type":"article","og_title":"Essential oil Thymol thyme (France) | HELPAC","og_description":"Antibact\u00e9rienne, antiseptique, antifongique des sph\u00e8re ORL, g\u00e9nito-urinaire, respiratoire et digestif, et immunomodulante, l\u2019huile essentielle de Thym \u00e0 thymol poss\u00e8de un parfum puissant, aromatique, \u00e9pic\u00e9 et ph\u00e9nol\u00e9. En aromath\u00e9rapie \u00e9nerg\u00e9tique, elle est revitalisante et dynamisante et renforce la confiance en soi.","og_url":"https:\/\/www.laboratoire-helpac.com\/en\/p\/thyme-thymol-2\/","og_site_name":"HELPAC","article_modified_time":"2023-11-29T18:39:40+00:00","og_image":[{"width":1000,"height":1000,"url":"https:\/\/www.laboratoire-helpac.com\/wp-content\/uploads\/2023\/11\/HE_THYMETHYMOL-EN-3.png","type":"image\/png"}],"twitter_card":"summary_large_image","schema":{"@context":"https:\/\/schema.org","@graph":[{"@type":"WebPage","@id":"https:\/\/www.laboratoire-helpac.com\/en\/p\/thyme-thymol-2\/","url":"https:\/\/www.laboratoire-helpac.com\/en\/p\/thyme-thymol-2\/","name":"Essential oil Thymol thyme (France) | HELPAC","isPartOf":{"@id":"https:\/\/www.laboratoire-helpac.com\/en\/#website"},"primaryImageOfPage":{"@id":"https:\/\/www.laboratoire-helpac.com\/en\/p\/thyme-thymol-2\/#primaryimage"},"image":{"@id":"https:\/\/www.laboratoire-helpac.com\/en\/p\/thyme-thymol-2\/#primaryimage"},"thumbnailUrl":"https:\/\/www.laboratoire-helpac.com\/wp-content\/uploads\/2023\/11\/HE_THYMETHYMOL-EN-3.png","datePublished":"2023-07-30T14:58:13+00:00","dateModified":"2023-11-29T18:39:40+00:00","description":"Antibact\u00e9rienne, antiseptique, antifongique des sph\u00e8re ORL, g\u00e9nito-urinaire, respiratoire et digestif, et immunomodulante, l\u2019huile essentielle de Thym \u00e0 thymol poss\u00e8de un parfum puissant, aromatique, \u00e9pic\u00e9 et ph\u00e9nol\u00e9. En aromath\u00e9rapie \u00e9nerg\u00e9tique, elle est revitalisante et dynamisante et renforce la confiance en soi.","breadcrumb":{"@id":"https:\/\/www.laboratoire-helpac.com\/en\/p\/thyme-thymol-2\/#breadcrumb"},"inLanguage":"en-US","potentialAction":[{"@type":"ReadAction","target":["https:\/\/www.laboratoire-helpac.com\/en\/p\/thyme-thymol-2\/"]}]},{"@type":"ImageObject","inLanguage":"en-US","@id":"https:\/\/www.laboratoire-helpac.com\/en\/p\/thyme-thymol-2\/#primaryimage","url":"https:\/\/www.laboratoire-helpac.com\/wp-content\/uploads\/2023\/11\/HE_THYMETHYMOL-EN-3.png","contentUrl":"https:\/\/www.laboratoire-helpac.com\/wp-content\/uploads\/2023\/11\/HE_THYMETHYMOL-EN-3.png","width":1000,"height":1000,"caption":"Essential oil Thyme Thymol (France) wholesaler"},{"@type":"BreadcrumbList","@id":"https:\/\/www.laboratoire-helpac.com\/en\/p\/thyme-thymol-2\/#breadcrumb","itemListElement":[{"@type":"ListItem","position":1,"name":"Accueil","item":"https:\/\/www.laboratoire-helpac.com\/en\/"},{"@type":"ListItem","position":2,"name":"Our ingredients","item":"https:\/\/www.laboratoire-helpac.com\/en\/products\/"},{"@type":"ListItem","position":3,"name":"THYME THYMOL"}]},{"@type":"WebSite","@id":"https:\/\/www.laboratoire-helpac.com\/en\/#website","url":"https:\/\/www.laboratoire-helpac.com\/en\/","name":"HELPAC","description":"","publisher":{"@id":"https:\/\/www.laboratoire-helpac.com\/en\/#organization"},"potentialAction":[{"@type":"SearchAction","target":{"@type":"EntryPoint","urlTemplate":"https:\/\/www.laboratoire-helpac.com\/en\/?s={search_term_string}"},"query-input":{"@type":"PropertyValueSpecification","valueRequired":true,"valueName":"search_term_string"}}],"inLanguage":"en-US"},{"@type":"Organization","@id":"https:\/\/www.laboratoire-helpac.com\/en\/#organization","name":"Helpac","url":"https:\/\/www.laboratoire-helpac.com\/en\/","logo":{"@type":"ImageObject","inLanguage":"en-US","@id":"https:\/\/www.laboratoire-helpac.com\/en\/#\/schema\/logo\/image\/","url":"https:\/\/dev.fizzbuzz.fr\/helpac\/wp-content\/uploads\/2023\/05\/Logo-Helpac.jpg","contentUrl":"https:\/\/dev.fizzbuzz.fr\/helpac\/wp-content\/uploads\/2023\/05\/Logo-Helpac.jpg","width":200,"height":200,"caption":"Helpac"},"image":{"@id":"https:\/\/www.laboratoire-helpac.com\/en\/#\/schema\/logo\/image\/"},"sameAs":["https:\/\/www.linkedin.com\/company\/helpac\/"]}]}},"_links":{"self":[{"href":"https:\/\/www.laboratoire-helpac.com\/en\/wp-json\/wp\/v2\/product\/5332","targetHints":{"allow":["GET"]}}],"collection":[{"href":"https:\/\/www.laboratoire-helpac.com\/en\/wp-json\/wp\/v2\/product"}],"about":[{"href":"https:\/\/www.laboratoire-helpac.com\/en\/wp-json\/wp\/v2\/types\/product"}],"wp:featuredmedia":[{"embeddable":true,"href":"https:\/\/www.laboratoire-helpac.com\/en\/wp-json\/wp\/v2\/media\/9449"}],"wp:attachment":[{"href":"https:\/\/www.laboratoire-helpac.com\/en\/wp-json\/wp\/v2\/media?parent=5332"}],"wp:term":[{"taxonomy":"product_cat","embeddable":true,"href":"https:\/\/www.laboratoire-helpac.com\/en\/wp-json\/wp\/v2\/product_cat?post=5332"},{"taxonomy":"product_tag","embeddable":true,"href":"https:\/\/www.laboratoire-helpac.com\/en\/wp-json\/wp\/v2\/product_tag?post=5332"}],"curies":[{"name":"wp","href":"https:\/\/api.w.org\/{rel}","templated":true}]}}