{"id":5314,"date":"2023-07-30T16:58:05","date_gmt":"2023-07-30T14:58:05","guid":{"rendered":"http:\/\/localhost\/wordpress\/produit\/tagete\/"},"modified":"2023-11-29T19:39:33","modified_gmt":"2023-11-29T18:39:33","slug":"tagete","status":"publish","type":"product","link":"https:\/\/www.laboratoire-helpac.com\/en\/p\/tagete\/","title":{"rendered":"TAGETE"},"content":{"rendered":"<p>Tagetes essential oil has a fresh, lemony fragrance. It is renowned for its antifungal and antibacterial properties, helping to fight skin infections. When diffused, it repels insects and purifies the air. Its use in aromatherapy can ease tension and promote a relaxing atmosphere. C<\/p>\n","protected":false},"excerpt":{"rendered":"<p>Tagetes essential oil has a fresh, lemony fragrance. It is renowned for its antifungal and antibacterial properties, helping to fight skin infections. When diffused, it repels insects and purifies the air. Its use in aromatherapy can ease tension and promote a relaxing atmosphere. C<\/p>\n","protected":false},"featured_media":9442,"template":"","meta":[],"product_cat":[390,451,452],"product_tag":[],"class_list":{"0":"post-5314","1":"product","2":"type-product","3":"status-publish","4":"has-post-thumbnail","6":"product_cat-essential-oils","7":"product_cat-aromatherapy-wholesaler-essential-oil","8":"product_cat-bulk-essential-oils-aromatherapy-wholesaler-essential-oil","9":"pa_certifications-conventional","10":"pa_origines-africa","11":"pa_usages-cosmetic","12":"pa_usages-diffusion-en","13":"pa_usages-perfumery","15":"first","16":"instock","17":"purchasable","18":"product-type-simple"},"acf":[],"yoast_head":"<!-- This site is optimized with the Yoast SEO plugin v23.9 - https:\/\/yoast.com\/wordpress\/plugins\/seo\/ -->\n<title>Essential oil Tag\u00e8te (Madagascar) | HELPAC<\/title>\n<meta name=\"description\" content=\"L&#039;huile essentielle de Tag\u00e8te offre un parfum frais et citronn\u00e9. Elle est r\u00e9put\u00e9e pour ses propri\u00e9t\u00e9s antifongiques et antibact\u00e9riennes, aidant \u00e0 combattre les infections cutan\u00e9es. En diffusion, elle \u00e9loigne les insectes et purifie l&#039;air. Son utilisation en aromath\u00e9rapie peut apaiser les tensions et promouvoir une ambiance relaxante. C\" \/>\n<meta name=\"robots\" content=\"index, follow, max-snippet:-1, max-image-preview:large, max-video-preview:-1\" \/>\n<link rel=\"canonical\" href=\"https:\/\/www.laboratoire-helpac.com\/en\/p\/tagete\/\" \/>\n<meta property=\"og:locale\" content=\"en_US\" \/>\n<meta property=\"og:type\" content=\"article\" \/>\n<meta property=\"og:title\" content=\"Essential oil Tag\u00e8te (Madagascar) | HELPAC\" \/>\n<meta property=\"og:description\" content=\"L&#039;huile essentielle de Tag\u00e8te offre un parfum frais et citronn\u00e9. Elle est r\u00e9put\u00e9e pour ses propri\u00e9t\u00e9s antifongiques et antibact\u00e9riennes, aidant \u00e0 combattre les infections cutan\u00e9es. En diffusion, elle \u00e9loigne les insectes et purifie l&#039;air. Son utilisation en aromath\u00e9rapie peut apaiser les tensions et promouvoir une ambiance relaxante. C\" \/>\n<meta property=\"og:url\" content=\"https:\/\/www.laboratoire-helpac.com\/en\/p\/tagete\/\" \/>\n<meta property=\"og:site_name\" content=\"HELPAC\" \/>\n<meta property=\"article:modified_time\" content=\"2023-11-29T18:39:33+00:00\" \/>\n<meta property=\"og:image\" content=\"https:\/\/www.laboratoire-helpac.com\/wp-content\/uploads\/2023\/11\/HE_TAGETE-EN.png\" \/>\n\t<meta property=\"og:image:width\" content=\"1000\" \/>\n\t<meta property=\"og:image:height\" content=\"1000\" \/>\n\t<meta property=\"og:image:type\" content=\"image\/png\" \/>\n<meta name=\"twitter:card\" content=\"summary_large_image\" \/>\n<script type=\"application\/ld+json\" class=\"yoast-schema-graph\">{\"@context\":\"https:\/\/schema.org\",\"@graph\":[{\"@type\":\"WebPage\",\"@id\":\"https:\/\/www.laboratoire-helpac.com\/en\/p\/tagete\/\",\"url\":\"https:\/\/www.laboratoire-helpac.com\/en\/p\/tagete\/\",\"name\":\"Essential oil Tag\u00e8te (Madagascar) | HELPAC\",\"isPartOf\":{\"@id\":\"https:\/\/www.laboratoire-helpac.com\/en\/#website\"},\"primaryImageOfPage\":{\"@id\":\"https:\/\/www.laboratoire-helpac.com\/en\/p\/tagete\/#primaryimage\"},\"image\":{\"@id\":\"https:\/\/www.laboratoire-helpac.com\/en\/p\/tagete\/#primaryimage\"},\"thumbnailUrl\":\"https:\/\/www.laboratoire-helpac.com\/wp-content\/uploads\/2023\/11\/HE_TAGETE-EN.png\",\"datePublished\":\"2023-07-30T14:58:05+00:00\",\"dateModified\":\"2023-11-29T18:39:33+00:00\",\"description\":\"L'huile essentielle de Tag\u00e8te offre un parfum frais et citronn\u00e9. Elle est r\u00e9put\u00e9e pour ses propri\u00e9t\u00e9s antifongiques et antibact\u00e9riennes, aidant \u00e0 combattre les infections cutan\u00e9es. En diffusion, elle \u00e9loigne les insectes et purifie l'air. Son utilisation en aromath\u00e9rapie peut apaiser les tensions et promouvoir une ambiance relaxante. C\",\"breadcrumb\":{\"@id\":\"https:\/\/www.laboratoire-helpac.com\/en\/p\/tagete\/#breadcrumb\"},\"inLanguage\":\"en-US\",\"potentialAction\":[{\"@type\":\"ReadAction\",\"target\":[\"https:\/\/www.laboratoire-helpac.com\/en\/p\/tagete\/\"]}]},{\"@type\":\"ImageObject\",\"inLanguage\":\"en-US\",\"@id\":\"https:\/\/www.laboratoire-helpac.com\/en\/p\/tagete\/#primaryimage\",\"url\":\"https:\/\/www.laboratoire-helpac.com\/wp-content\/uploads\/2023\/11\/HE_TAGETE-EN.png\",\"contentUrl\":\"https:\/\/www.laboratoire-helpac.com\/wp-content\/uploads\/2023\/11\/HE_TAGETE-EN.png\",\"width\":1000,\"height\":1000,\"caption\":\"Essential oil Tagete (Madagascar) wholesaler\"},{\"@type\":\"BreadcrumbList\",\"@id\":\"https:\/\/www.laboratoire-helpac.com\/en\/p\/tagete\/#breadcrumb\",\"itemListElement\":[{\"@type\":\"ListItem\",\"position\":1,\"name\":\"Accueil\",\"item\":\"https:\/\/www.laboratoire-helpac.com\/en\/\"},{\"@type\":\"ListItem\",\"position\":2,\"name\":\"Our ingredients\",\"item\":\"https:\/\/www.laboratoire-helpac.com\/en\/products\/\"},{\"@type\":\"ListItem\",\"position\":3,\"name\":\"TAGETE\"}]},{\"@type\":\"WebSite\",\"@id\":\"https:\/\/www.laboratoire-helpac.com\/en\/#website\",\"url\":\"https:\/\/www.laboratoire-helpac.com\/en\/\",\"name\":\"HELPAC\",\"description\":\"\",\"publisher\":{\"@id\":\"https:\/\/www.laboratoire-helpac.com\/en\/#organization\"},\"potentialAction\":[{\"@type\":\"SearchAction\",\"target\":{\"@type\":\"EntryPoint\",\"urlTemplate\":\"https:\/\/www.laboratoire-helpac.com\/en\/?s={search_term_string}\"},\"query-input\":{\"@type\":\"PropertyValueSpecification\",\"valueRequired\":true,\"valueName\":\"search_term_string\"}}],\"inLanguage\":\"en-US\"},{\"@type\":\"Organization\",\"@id\":\"https:\/\/www.laboratoire-helpac.com\/en\/#organization\",\"name\":\"Helpac\",\"url\":\"https:\/\/www.laboratoire-helpac.com\/en\/\",\"logo\":{\"@type\":\"ImageObject\",\"inLanguage\":\"en-US\",\"@id\":\"https:\/\/www.laboratoire-helpac.com\/en\/#\/schema\/logo\/image\/\",\"url\":\"https:\/\/dev.fizzbuzz.fr\/helpac\/wp-content\/uploads\/2023\/05\/Logo-Helpac.jpg\",\"contentUrl\":\"https:\/\/dev.fizzbuzz.fr\/helpac\/wp-content\/uploads\/2023\/05\/Logo-Helpac.jpg\",\"width\":200,\"height\":200,\"caption\":\"Helpac\"},\"image\":{\"@id\":\"https:\/\/www.laboratoire-helpac.com\/en\/#\/schema\/logo\/image\/\"},\"sameAs\":[\"https:\/\/www.linkedin.com\/company\/helpac\/\"]}]}<\/script>\n<!-- \/ Yoast SEO plugin. -->","yoast_head_json":{"title":"Essential oil Tag\u00e8te (Madagascar) | HELPAC","description":"L'huile essentielle de Tag\u00e8te offre un parfum frais et citronn\u00e9. Elle est r\u00e9put\u00e9e pour ses propri\u00e9t\u00e9s antifongiques et antibact\u00e9riennes, aidant \u00e0 combattre les infections cutan\u00e9es. En diffusion, elle \u00e9loigne les insectes et purifie l'air. Son utilisation en aromath\u00e9rapie peut apaiser les tensions et promouvoir une ambiance relaxante. C","robots":{"index":"index","follow":"follow","max-snippet":"max-snippet:-1","max-image-preview":"max-image-preview:large","max-video-preview":"max-video-preview:-1"},"canonical":"https:\/\/www.laboratoire-helpac.com\/en\/p\/tagete\/","og_locale":"en_US","og_type":"article","og_title":"Essential oil Tag\u00e8te (Madagascar) | HELPAC","og_description":"L'huile essentielle de Tag\u00e8te offre un parfum frais et citronn\u00e9. Elle est r\u00e9put\u00e9e pour ses propri\u00e9t\u00e9s antifongiques et antibact\u00e9riennes, aidant \u00e0 combattre les infections cutan\u00e9es. En diffusion, elle \u00e9loigne les insectes et purifie l'air. Son utilisation en aromath\u00e9rapie peut apaiser les tensions et promouvoir une ambiance relaxante. C","og_url":"https:\/\/www.laboratoire-helpac.com\/en\/p\/tagete\/","og_site_name":"HELPAC","article_modified_time":"2023-11-29T18:39:33+00:00","og_image":[{"width":1000,"height":1000,"url":"https:\/\/www.laboratoire-helpac.com\/wp-content\/uploads\/2023\/11\/HE_TAGETE-EN.png","type":"image\/png"}],"twitter_card":"summary_large_image","schema":{"@context":"https:\/\/schema.org","@graph":[{"@type":"WebPage","@id":"https:\/\/www.laboratoire-helpac.com\/en\/p\/tagete\/","url":"https:\/\/www.laboratoire-helpac.com\/en\/p\/tagete\/","name":"Essential oil Tag\u00e8te (Madagascar) | HELPAC","isPartOf":{"@id":"https:\/\/www.laboratoire-helpac.com\/en\/#website"},"primaryImageOfPage":{"@id":"https:\/\/www.laboratoire-helpac.com\/en\/p\/tagete\/#primaryimage"},"image":{"@id":"https:\/\/www.laboratoire-helpac.com\/en\/p\/tagete\/#primaryimage"},"thumbnailUrl":"https:\/\/www.laboratoire-helpac.com\/wp-content\/uploads\/2023\/11\/HE_TAGETE-EN.png","datePublished":"2023-07-30T14:58:05+00:00","dateModified":"2023-11-29T18:39:33+00:00","description":"L'huile essentielle de Tag\u00e8te offre un parfum frais et citronn\u00e9. Elle est r\u00e9put\u00e9e pour ses propri\u00e9t\u00e9s antifongiques et antibact\u00e9riennes, aidant \u00e0 combattre les infections cutan\u00e9es. En diffusion, elle \u00e9loigne les insectes et purifie l'air. Son utilisation en aromath\u00e9rapie peut apaiser les tensions et promouvoir une ambiance relaxante. C","breadcrumb":{"@id":"https:\/\/www.laboratoire-helpac.com\/en\/p\/tagete\/#breadcrumb"},"inLanguage":"en-US","potentialAction":[{"@type":"ReadAction","target":["https:\/\/www.laboratoire-helpac.com\/en\/p\/tagete\/"]}]},{"@type":"ImageObject","inLanguage":"en-US","@id":"https:\/\/www.laboratoire-helpac.com\/en\/p\/tagete\/#primaryimage","url":"https:\/\/www.laboratoire-helpac.com\/wp-content\/uploads\/2023\/11\/HE_TAGETE-EN.png","contentUrl":"https:\/\/www.laboratoire-helpac.com\/wp-content\/uploads\/2023\/11\/HE_TAGETE-EN.png","width":1000,"height":1000,"caption":"Essential oil Tagete (Madagascar) wholesaler"},{"@type":"BreadcrumbList","@id":"https:\/\/www.laboratoire-helpac.com\/en\/p\/tagete\/#breadcrumb","itemListElement":[{"@type":"ListItem","position":1,"name":"Accueil","item":"https:\/\/www.laboratoire-helpac.com\/en\/"},{"@type":"ListItem","position":2,"name":"Our ingredients","item":"https:\/\/www.laboratoire-helpac.com\/en\/products\/"},{"@type":"ListItem","position":3,"name":"TAGETE"}]},{"@type":"WebSite","@id":"https:\/\/www.laboratoire-helpac.com\/en\/#website","url":"https:\/\/www.laboratoire-helpac.com\/en\/","name":"HELPAC","description":"","publisher":{"@id":"https:\/\/www.laboratoire-helpac.com\/en\/#organization"},"potentialAction":[{"@type":"SearchAction","target":{"@type":"EntryPoint","urlTemplate":"https:\/\/www.laboratoire-helpac.com\/en\/?s={search_term_string}"},"query-input":{"@type":"PropertyValueSpecification","valueRequired":true,"valueName":"search_term_string"}}],"inLanguage":"en-US"},{"@type":"Organization","@id":"https:\/\/www.laboratoire-helpac.com\/en\/#organization","name":"Helpac","url":"https:\/\/www.laboratoire-helpac.com\/en\/","logo":{"@type":"ImageObject","inLanguage":"en-US","@id":"https:\/\/www.laboratoire-helpac.com\/en\/#\/schema\/logo\/image\/","url":"https:\/\/dev.fizzbuzz.fr\/helpac\/wp-content\/uploads\/2023\/05\/Logo-Helpac.jpg","contentUrl":"https:\/\/dev.fizzbuzz.fr\/helpac\/wp-content\/uploads\/2023\/05\/Logo-Helpac.jpg","width":200,"height":200,"caption":"Helpac"},"image":{"@id":"https:\/\/www.laboratoire-helpac.com\/en\/#\/schema\/logo\/image\/"},"sameAs":["https:\/\/www.linkedin.com\/company\/helpac\/"]}]}},"_links":{"self":[{"href":"https:\/\/www.laboratoire-helpac.com\/en\/wp-json\/wp\/v2\/product\/5314","targetHints":{"allow":["GET"]}}],"collection":[{"href":"https:\/\/www.laboratoire-helpac.com\/en\/wp-json\/wp\/v2\/product"}],"about":[{"href":"https:\/\/www.laboratoire-helpac.com\/en\/wp-json\/wp\/v2\/types\/product"}],"wp:featuredmedia":[{"embeddable":true,"href":"https:\/\/www.laboratoire-helpac.com\/en\/wp-json\/wp\/v2\/media\/9442"}],"wp:attachment":[{"href":"https:\/\/www.laboratoire-helpac.com\/en\/wp-json\/wp\/v2\/media?parent=5314"}],"wp:term":[{"taxonomy":"product_cat","embeddable":true,"href":"https:\/\/www.laboratoire-helpac.com\/en\/wp-json\/wp\/v2\/product_cat?post=5314"},{"taxonomy":"product_tag","embeddable":true,"href":"https:\/\/www.laboratoire-helpac.com\/en\/wp-json\/wp\/v2\/product_tag?post=5314"}],"curies":[{"name":"wp","href":"https:\/\/api.w.org\/{rel}","templated":true}]}}