{"id":5312,"date":"2023-07-30T16:58:05","date_gmt":"2023-07-30T14:58:05","guid":{"rendered":"http:\/\/localhost\/wordpress\/produit\/sage-sclared-2\/"},"modified":"2023-11-29T19:39:32","modified_gmt":"2023-11-29T18:39:32","slug":"sage-clary-2","status":"publish","type":"product","link":"https:\/\/www.laboratoire-helpac.com\/en\/p\/sage-clary-2\/","title":{"rendered":"SAGE CLARY"},"content":{"rendered":"<p>Grown and distilled in France, Clary Sage essential oil is known as the essential oil of choice for women: antispasmodic and antimycotic, it also helps with irregular, heavy or painful periods, rashes, body odor, menopause (wrinkles, hot flashes, etc.), hair loss&#8230; Rich in linalyl acetate, linalool, alpha-terpineol, germacrene-D and sclareol, it has a warm, anti-fungal fragrance. Rich in linalyl acetate, linalool, alpha-terpineol, germacrene-D and sclareol, it has a warm, slightly spicy hay fragrance, widely used as a base note or fixative in perfumery. In energetic aromatherapy, it purifies energies and stimulates creativity!<\/p>\n","protected":false},"excerpt":{"rendered":"<p>Grown and distilled in France, Clary Sage essential oil is known as the essential oil of choice for women: antispasmodic and antimycotic, it also helps with irregular, heavy or painful periods, rashes, body odor, menopause (wrinkles, hot flashes, etc.), hair loss&#8230; Rich in linalyl acetate, linalool, alpha-terpineol, germacrene-D and sclareol, it has a warm, anti-fungal [&hellip;]<\/p>\n","protected":false},"featured_media":6995,"template":"","meta":[],"product_cat":[390,451,452],"product_tag":[],"class_list":{"0":"post-5312","1":"product","2":"type-product","3":"status-publish","4":"has-post-thumbnail","6":"product_cat-essential-oils","7":"product_cat-aromatherapy-wholesaler-essential-oil","8":"product_cat-bulk-essential-oils-aromatherapy-wholesaler-essential-oil","9":"pa_certifications-conventional","10":"pa_origines-france-en","11":"pa_usages-cosmetic","12":"pa_usages-diffusion-en","13":"pa_usages-food","14":"pa_usages-perfumery","16":"first","17":"instock","18":"purchasable","19":"product-type-simple"},"acf":[],"yoast_head":"<!-- This site is optimized with the Yoast SEO plugin v23.9 - https:\/\/yoast.com\/wordpress\/plugins\/seo\/ -->\n<title>Essential oil SAGE SCLARED (France) | HELPAC<\/title>\n<meta name=\"description\" content=\"Cultiv\u00e9e et distill\u00e9e en France, l\u2019huile essentielle de Sauge sclar\u00e9e est connue pour \u00eatre l\u2019huile essentielle de pr\u00e9dilection des femmes : antispasmodique et antimycosique, elle aid\u00e9 \u00e9galement en cas r\u00e8gles irr\u00e9guli\u00e8res, abondantes, douloureuses, \u00e9ruption cutan\u00e9e, odeurs corporels, m\u00e9nopause (rides, bouff\u00e9es de chaleur, etc.), chute de cheveux\u2026 Riche en ac\u00e9tate de linalyle, linalol, alpha-terpin\u00e9ol, germacr\u00e8ne-D et sclar\u00e9ol, elle poss\u00e8de un parfum chaud, de foin l\u00e9g\u00e8rement \u00e9pic\u00e9, tr\u00e8s utilis\u00e9 comme note de fond ou fixatif en parfumerie. En aromath\u00e9rapie \u00e9nerg\u00e9tique, elle purifie les \u00e9nergies et stimule la cr\u00e9ativit\u00e9 !\" \/>\n<meta name=\"robots\" content=\"index, follow, max-snippet:-1, max-image-preview:large, max-video-preview:-1\" \/>\n<link rel=\"canonical\" href=\"https:\/\/www.laboratoire-helpac.com\/en\/p\/sage-clary-2\/\" \/>\n<meta property=\"og:locale\" content=\"en_US\" \/>\n<meta property=\"og:type\" content=\"article\" \/>\n<meta property=\"og:title\" content=\"Essential oil SAGE SCLARED (France) | HELPAC\" \/>\n<meta property=\"og:description\" content=\"Cultiv\u00e9e et distill\u00e9e en France, l\u2019huile essentielle de Sauge sclar\u00e9e est connue pour \u00eatre l\u2019huile essentielle de pr\u00e9dilection des femmes : antispasmodique et antimycosique, elle aid\u00e9 \u00e9galement en cas r\u00e8gles irr\u00e9guli\u00e8res, abondantes, douloureuses, \u00e9ruption cutan\u00e9e, odeurs corporels, m\u00e9nopause (rides, bouff\u00e9es de chaleur, etc.), chute de cheveux\u2026 Riche en ac\u00e9tate de linalyle, linalol, alpha-terpin\u00e9ol, germacr\u00e8ne-D et sclar\u00e9ol, elle poss\u00e8de un parfum chaud, de foin l\u00e9g\u00e8rement \u00e9pic\u00e9, tr\u00e8s utilis\u00e9 comme note de fond ou fixatif en parfumerie. En aromath\u00e9rapie \u00e9nerg\u00e9tique, elle purifie les \u00e9nergies et stimule la cr\u00e9ativit\u00e9 !\" \/>\n<meta property=\"og:url\" content=\"https:\/\/www.laboratoire-helpac.com\/en\/p\/sage-clary-2\/\" \/>\n<meta property=\"og:site_name\" content=\"HELPAC\" \/>\n<meta property=\"article:modified_time\" content=\"2023-11-29T18:39:32+00:00\" \/>\n<meta property=\"og:image\" content=\"https:\/\/www.laboratoire-helpac.com\/wp-content\/uploads\/2023\/09\/HE_SAGECLARY-EN-3.png\" \/>\n\t<meta property=\"og:image:width\" content=\"1280\" \/>\n\t<meta property=\"og:image:height\" content=\"1280\" \/>\n\t<meta property=\"og:image:type\" content=\"image\/png\" \/>\n<meta name=\"twitter:card\" content=\"summary_large_image\" \/>\n<script type=\"application\/ld+json\" class=\"yoast-schema-graph\">{\"@context\":\"https:\/\/schema.org\",\"@graph\":[{\"@type\":\"WebPage\",\"@id\":\"https:\/\/www.laboratoire-helpac.com\/en\/p\/sage-clary-2\/\",\"url\":\"https:\/\/www.laboratoire-helpac.com\/en\/p\/sage-clary-2\/\",\"name\":\"Essential oil SAGE SCLARED (France) | HELPAC\",\"isPartOf\":{\"@id\":\"https:\/\/www.laboratoire-helpac.com\/en\/#website\"},\"primaryImageOfPage\":{\"@id\":\"https:\/\/www.laboratoire-helpac.com\/en\/p\/sage-clary-2\/#primaryimage\"},\"image\":{\"@id\":\"https:\/\/www.laboratoire-helpac.com\/en\/p\/sage-clary-2\/#primaryimage\"},\"thumbnailUrl\":\"https:\/\/www.laboratoire-helpac.com\/wp-content\/uploads\/2023\/09\/HE_SAGECLARY-EN-3.png\",\"datePublished\":\"2023-07-30T14:58:05+00:00\",\"dateModified\":\"2023-11-29T18:39:32+00:00\",\"description\":\"Cultiv\u00e9e et distill\u00e9e en France, l\u2019huile essentielle de Sauge sclar\u00e9e est connue pour \u00eatre l\u2019huile essentielle de pr\u00e9dilection des femmes : antispasmodique et antimycosique, elle aid\u00e9 \u00e9galement en cas r\u00e8gles irr\u00e9guli\u00e8res, abondantes, douloureuses, \u00e9ruption cutan\u00e9e, odeurs corporels, m\u00e9nopause (rides, bouff\u00e9es de chaleur, etc.), chute de cheveux\u2026 Riche en ac\u00e9tate de linalyle, linalol, alpha-terpin\u00e9ol, germacr\u00e8ne-D et sclar\u00e9ol, elle poss\u00e8de un parfum chaud, de foin l\u00e9g\u00e8rement \u00e9pic\u00e9, tr\u00e8s utilis\u00e9 comme note de fond ou fixatif en parfumerie. En aromath\u00e9rapie \u00e9nerg\u00e9tique, elle purifie les \u00e9nergies et stimule la cr\u00e9ativit\u00e9 !\",\"breadcrumb\":{\"@id\":\"https:\/\/www.laboratoire-helpac.com\/en\/p\/sage-clary-2\/#breadcrumb\"},\"inLanguage\":\"en-US\",\"potentialAction\":[{\"@type\":\"ReadAction\",\"target\":[\"https:\/\/www.laboratoire-helpac.com\/en\/p\/sage-clary-2\/\"]}]},{\"@type\":\"ImageObject\",\"inLanguage\":\"en-US\",\"@id\":\"https:\/\/www.laboratoire-helpac.com\/en\/p\/sage-clary-2\/#primaryimage\",\"url\":\"https:\/\/www.laboratoire-helpac.com\/wp-content\/uploads\/2023\/09\/HE_SAGECLARY-EN-3.png\",\"contentUrl\":\"https:\/\/www.laboratoire-helpac.com\/wp-content\/uploads\/2023\/09\/HE_SAGECLARY-EN-3.png\",\"width\":1280,\"height\":1280,\"caption\":\"Essential oil SAGE SCLARED (France) wholesaler\"},{\"@type\":\"BreadcrumbList\",\"@id\":\"https:\/\/www.laboratoire-helpac.com\/en\/p\/sage-clary-2\/#breadcrumb\",\"itemListElement\":[{\"@type\":\"ListItem\",\"position\":1,\"name\":\"Accueil\",\"item\":\"https:\/\/www.laboratoire-helpac.com\/en\/\"},{\"@type\":\"ListItem\",\"position\":2,\"name\":\"Our ingredients\",\"item\":\"https:\/\/www.laboratoire-helpac.com\/en\/products\/\"},{\"@type\":\"ListItem\",\"position\":3,\"name\":\"SAGE CLARY\"}]},{\"@type\":\"WebSite\",\"@id\":\"https:\/\/www.laboratoire-helpac.com\/en\/#website\",\"url\":\"https:\/\/www.laboratoire-helpac.com\/en\/\",\"name\":\"HELPAC\",\"description\":\"\",\"publisher\":{\"@id\":\"https:\/\/www.laboratoire-helpac.com\/en\/#organization\"},\"potentialAction\":[{\"@type\":\"SearchAction\",\"target\":{\"@type\":\"EntryPoint\",\"urlTemplate\":\"https:\/\/www.laboratoire-helpac.com\/en\/?s={search_term_string}\"},\"query-input\":{\"@type\":\"PropertyValueSpecification\",\"valueRequired\":true,\"valueName\":\"search_term_string\"}}],\"inLanguage\":\"en-US\"},{\"@type\":\"Organization\",\"@id\":\"https:\/\/www.laboratoire-helpac.com\/en\/#organization\",\"name\":\"Helpac\",\"url\":\"https:\/\/www.laboratoire-helpac.com\/en\/\",\"logo\":{\"@type\":\"ImageObject\",\"inLanguage\":\"en-US\",\"@id\":\"https:\/\/www.laboratoire-helpac.com\/en\/#\/schema\/logo\/image\/\",\"url\":\"https:\/\/dev.fizzbuzz.fr\/helpac\/wp-content\/uploads\/2023\/05\/Logo-Helpac.jpg\",\"contentUrl\":\"https:\/\/dev.fizzbuzz.fr\/helpac\/wp-content\/uploads\/2023\/05\/Logo-Helpac.jpg\",\"width\":200,\"height\":200,\"caption\":\"Helpac\"},\"image\":{\"@id\":\"https:\/\/www.laboratoire-helpac.com\/en\/#\/schema\/logo\/image\/\"},\"sameAs\":[\"https:\/\/www.linkedin.com\/company\/helpac\/\"]}]}<\/script>\n<!-- \/ Yoast SEO plugin. -->","yoast_head_json":{"title":"Essential oil SAGE SCLARED (France) | HELPAC","description":"Cultiv\u00e9e et distill\u00e9e en France, l\u2019huile essentielle de Sauge sclar\u00e9e est connue pour \u00eatre l\u2019huile essentielle de pr\u00e9dilection des femmes : antispasmodique et antimycosique, elle aid\u00e9 \u00e9galement en cas r\u00e8gles irr\u00e9guli\u00e8res, abondantes, douloureuses, \u00e9ruption cutan\u00e9e, odeurs corporels, m\u00e9nopause (rides, bouff\u00e9es de chaleur, etc.), chute de cheveux\u2026 Riche en ac\u00e9tate de linalyle, linalol, alpha-terpin\u00e9ol, germacr\u00e8ne-D et sclar\u00e9ol, elle poss\u00e8de un parfum chaud, de foin l\u00e9g\u00e8rement \u00e9pic\u00e9, tr\u00e8s utilis\u00e9 comme note de fond ou fixatif en parfumerie. En aromath\u00e9rapie \u00e9nerg\u00e9tique, elle purifie les \u00e9nergies et stimule la cr\u00e9ativit\u00e9 !","robots":{"index":"index","follow":"follow","max-snippet":"max-snippet:-1","max-image-preview":"max-image-preview:large","max-video-preview":"max-video-preview:-1"},"canonical":"https:\/\/www.laboratoire-helpac.com\/en\/p\/sage-clary-2\/","og_locale":"en_US","og_type":"article","og_title":"Essential oil SAGE SCLARED (France) | HELPAC","og_description":"Cultiv\u00e9e et distill\u00e9e en France, l\u2019huile essentielle de Sauge sclar\u00e9e est connue pour \u00eatre l\u2019huile essentielle de pr\u00e9dilection des femmes : antispasmodique et antimycosique, elle aid\u00e9 \u00e9galement en cas r\u00e8gles irr\u00e9guli\u00e8res, abondantes, douloureuses, \u00e9ruption cutan\u00e9e, odeurs corporels, m\u00e9nopause (rides, bouff\u00e9es de chaleur, etc.), chute de cheveux\u2026 Riche en ac\u00e9tate de linalyle, linalol, alpha-terpin\u00e9ol, germacr\u00e8ne-D et sclar\u00e9ol, elle poss\u00e8de un parfum chaud, de foin l\u00e9g\u00e8rement \u00e9pic\u00e9, tr\u00e8s utilis\u00e9 comme note de fond ou fixatif en parfumerie. En aromath\u00e9rapie \u00e9nerg\u00e9tique, elle purifie les \u00e9nergies et stimule la cr\u00e9ativit\u00e9 !","og_url":"https:\/\/www.laboratoire-helpac.com\/en\/p\/sage-clary-2\/","og_site_name":"HELPAC","article_modified_time":"2023-11-29T18:39:32+00:00","og_image":[{"width":1280,"height":1280,"url":"https:\/\/www.laboratoire-helpac.com\/wp-content\/uploads\/2023\/09\/HE_SAGECLARY-EN-3.png","type":"image\/png"}],"twitter_card":"summary_large_image","schema":{"@context":"https:\/\/schema.org","@graph":[{"@type":"WebPage","@id":"https:\/\/www.laboratoire-helpac.com\/en\/p\/sage-clary-2\/","url":"https:\/\/www.laboratoire-helpac.com\/en\/p\/sage-clary-2\/","name":"Essential oil SAGE SCLARED (France) | HELPAC","isPartOf":{"@id":"https:\/\/www.laboratoire-helpac.com\/en\/#website"},"primaryImageOfPage":{"@id":"https:\/\/www.laboratoire-helpac.com\/en\/p\/sage-clary-2\/#primaryimage"},"image":{"@id":"https:\/\/www.laboratoire-helpac.com\/en\/p\/sage-clary-2\/#primaryimage"},"thumbnailUrl":"https:\/\/www.laboratoire-helpac.com\/wp-content\/uploads\/2023\/09\/HE_SAGECLARY-EN-3.png","datePublished":"2023-07-30T14:58:05+00:00","dateModified":"2023-11-29T18:39:32+00:00","description":"Cultiv\u00e9e et distill\u00e9e en France, l\u2019huile essentielle de Sauge sclar\u00e9e est connue pour \u00eatre l\u2019huile essentielle de pr\u00e9dilection des femmes : antispasmodique et antimycosique, elle aid\u00e9 \u00e9galement en cas r\u00e8gles irr\u00e9guli\u00e8res, abondantes, douloureuses, \u00e9ruption cutan\u00e9e, odeurs corporels, m\u00e9nopause (rides, bouff\u00e9es de chaleur, etc.), chute de cheveux\u2026 Riche en ac\u00e9tate de linalyle, linalol, alpha-terpin\u00e9ol, germacr\u00e8ne-D et sclar\u00e9ol, elle poss\u00e8de un parfum chaud, de foin l\u00e9g\u00e8rement \u00e9pic\u00e9, tr\u00e8s utilis\u00e9 comme note de fond ou fixatif en parfumerie. En aromath\u00e9rapie \u00e9nerg\u00e9tique, elle purifie les \u00e9nergies et stimule la cr\u00e9ativit\u00e9 !","breadcrumb":{"@id":"https:\/\/www.laboratoire-helpac.com\/en\/p\/sage-clary-2\/#breadcrumb"},"inLanguage":"en-US","potentialAction":[{"@type":"ReadAction","target":["https:\/\/www.laboratoire-helpac.com\/en\/p\/sage-clary-2\/"]}]},{"@type":"ImageObject","inLanguage":"en-US","@id":"https:\/\/www.laboratoire-helpac.com\/en\/p\/sage-clary-2\/#primaryimage","url":"https:\/\/www.laboratoire-helpac.com\/wp-content\/uploads\/2023\/09\/HE_SAGECLARY-EN-3.png","contentUrl":"https:\/\/www.laboratoire-helpac.com\/wp-content\/uploads\/2023\/09\/HE_SAGECLARY-EN-3.png","width":1280,"height":1280,"caption":"Essential oil SAGE SCLARED (France) wholesaler"},{"@type":"BreadcrumbList","@id":"https:\/\/www.laboratoire-helpac.com\/en\/p\/sage-clary-2\/#breadcrumb","itemListElement":[{"@type":"ListItem","position":1,"name":"Accueil","item":"https:\/\/www.laboratoire-helpac.com\/en\/"},{"@type":"ListItem","position":2,"name":"Our ingredients","item":"https:\/\/www.laboratoire-helpac.com\/en\/products\/"},{"@type":"ListItem","position":3,"name":"SAGE CLARY"}]},{"@type":"WebSite","@id":"https:\/\/www.laboratoire-helpac.com\/en\/#website","url":"https:\/\/www.laboratoire-helpac.com\/en\/","name":"HELPAC","description":"","publisher":{"@id":"https:\/\/www.laboratoire-helpac.com\/en\/#organization"},"potentialAction":[{"@type":"SearchAction","target":{"@type":"EntryPoint","urlTemplate":"https:\/\/www.laboratoire-helpac.com\/en\/?s={search_term_string}"},"query-input":{"@type":"PropertyValueSpecification","valueRequired":true,"valueName":"search_term_string"}}],"inLanguage":"en-US"},{"@type":"Organization","@id":"https:\/\/www.laboratoire-helpac.com\/en\/#organization","name":"Helpac","url":"https:\/\/www.laboratoire-helpac.com\/en\/","logo":{"@type":"ImageObject","inLanguage":"en-US","@id":"https:\/\/www.laboratoire-helpac.com\/en\/#\/schema\/logo\/image\/","url":"https:\/\/dev.fizzbuzz.fr\/helpac\/wp-content\/uploads\/2023\/05\/Logo-Helpac.jpg","contentUrl":"https:\/\/dev.fizzbuzz.fr\/helpac\/wp-content\/uploads\/2023\/05\/Logo-Helpac.jpg","width":200,"height":200,"caption":"Helpac"},"image":{"@id":"https:\/\/www.laboratoire-helpac.com\/en\/#\/schema\/logo\/image\/"},"sameAs":["https:\/\/www.linkedin.com\/company\/helpac\/"]}]}},"_links":{"self":[{"href":"https:\/\/www.laboratoire-helpac.com\/en\/wp-json\/wp\/v2\/product\/5312","targetHints":{"allow":["GET"]}}],"collection":[{"href":"https:\/\/www.laboratoire-helpac.com\/en\/wp-json\/wp\/v2\/product"}],"about":[{"href":"https:\/\/www.laboratoire-helpac.com\/en\/wp-json\/wp\/v2\/types\/product"}],"wp:featuredmedia":[{"embeddable":true,"href":"https:\/\/www.laboratoire-helpac.com\/en\/wp-json\/wp\/v2\/media\/6995"}],"wp:attachment":[{"href":"https:\/\/www.laboratoire-helpac.com\/en\/wp-json\/wp\/v2\/media?parent=5312"}],"wp:term":[{"taxonomy":"product_cat","embeddable":true,"href":"https:\/\/www.laboratoire-helpac.com\/en\/wp-json\/wp\/v2\/product_cat?post=5312"},{"taxonomy":"product_tag","embeddable":true,"href":"https:\/\/www.laboratoire-helpac.com\/en\/wp-json\/wp\/v2\/product_tag?post=5312"}],"curies":[{"name":"wp","href":"https:\/\/api.w.org\/{rel}","templated":true}]}}