{"id":5305,"date":"2023-07-30T16:58:05","date_gmt":"2023-07-30T14:58:05","guid":{"rendered":"http:\/\/localhost\/wordpress\/produit\/sariette-of-the-mountains\/"},"modified":"2023-11-29T19:39:30","modified_gmt":"2023-11-29T18:39:30","slug":"savory-winter","status":"publish","type":"product","link":"https:\/\/www.laboratoire-helpac.com\/en\/p\/savory-winter\/","title":{"rendered":"SAVORY WINTER"},"content":{"rendered":"<p>Known since ancient times for its physical (general stimulant, digestive tonic, circulatory, nervous, sexual), mental and immune tonic virtues, Mountain Savory essential oil is especially effective in the fight against infections, thanks to its action on the development and growth of bacteria, viruses and fungi (cystitis, mycosis). Rich in phenols and monoterpenes, it helps make energetic aromatherapy choices. In cooking, it adds a spicy, pronounced Mediterranean note. In perfumery, it is an intense, herbaceous, slightly pungent, highly aromatic note.<\/p>\n","protected":false},"excerpt":{"rendered":"<p>Known since ancient times for its physical (general stimulant, digestive tonic, circulatory, nervous, sexual), mental and immune tonic virtues, Mountain Savory essential oil is especially effective in the fight against infections, thanks to its action on the development and growth of bacteria, viruses and fungi (cystitis, mycosis). Rich in phenols and monoterpenes, it helps make [&hellip;]<\/p>\n","protected":false},"featured_media":6988,"template":"","meta":[],"product_cat":[390,451,452],"product_tag":[],"class_list":{"0":"post-5305","1":"product","2":"type-product","3":"status-publish","4":"has-post-thumbnail","6":"product_cat-essential-oils","7":"product_cat-aromatherapy-wholesaler-essential-oil","8":"product_cat-bulk-essential-oils-aromatherapy-wholesaler-essential-oil","9":"pa_certifications-conventional","10":"pa_origines-asia-oceania","11":"pa_usages-cosmetic","12":"pa_usages-diffusion-en","13":"pa_usages-food","14":"pa_usages-perfumery","16":"first","17":"instock","18":"purchasable","19":"product-type-simple"},"acf":[],"yoast_head":"<!-- This site is optimized with the Yoast SEO plugin v23.9 - https:\/\/yoast.com\/wordpress\/plugins\/seo\/ -->\n<title>Essential oil Sariette of the mountains (Australia) | HELPAC<\/title>\n<meta name=\"description\" content=\"Connue depuis l\u2019Antiquit\u00e9 pour ses vertus toniques physiques (stimulante g\u00e9n\u00e9rale, tonique digestive, circulatoire, nerveuse, sexuelle), mentales et immunitaires, l\u2019huile essentielle de Sarriette des Montagnes est, elle, surtout tr\u00e8s efficace dans la lutte contre les infections gr\u00e2ce \u00e0 son action sur le d\u00e9veloppement et la croissance des bact\u00e9ries, virus et champignons (cystites, mycoses). Riche en ph\u00e9nols et monoterp\u00e8nes, elle aide \u00e0 faire des choix en aromath\u00e9rapie \u00e9nerg\u00e9tique. En cuisine, elle apporte une note m\u00e9diterran\u00e9enne, piquante et prononc\u00e9e. En parfumerie, c\u2019est une note intense et herbac\u00e9e, l\u00e9g\u00e8rement piquante, tr\u00e8s aromatique.\" \/>\n<meta name=\"robots\" content=\"index, follow, max-snippet:-1, max-image-preview:large, max-video-preview:-1\" \/>\n<link rel=\"canonical\" href=\"https:\/\/www.laboratoire-helpac.com\/en\/p\/savory-winter\/\" \/>\n<meta property=\"og:locale\" content=\"en_US\" \/>\n<meta property=\"og:type\" content=\"article\" \/>\n<meta property=\"og:title\" content=\"Essential oil Sariette of the mountains (Australia) | HELPAC\" \/>\n<meta property=\"og:description\" content=\"Connue depuis l\u2019Antiquit\u00e9 pour ses vertus toniques physiques (stimulante g\u00e9n\u00e9rale, tonique digestive, circulatoire, nerveuse, sexuelle), mentales et immunitaires, l\u2019huile essentielle de Sarriette des Montagnes est, elle, surtout tr\u00e8s efficace dans la lutte contre les infections gr\u00e2ce \u00e0 son action sur le d\u00e9veloppement et la croissance des bact\u00e9ries, virus et champignons (cystites, mycoses). Riche en ph\u00e9nols et monoterp\u00e8nes, elle aide \u00e0 faire des choix en aromath\u00e9rapie \u00e9nerg\u00e9tique. En cuisine, elle apporte une note m\u00e9diterran\u00e9enne, piquante et prononc\u00e9e. En parfumerie, c\u2019est une note intense et herbac\u00e9e, l\u00e9g\u00e8rement piquante, tr\u00e8s aromatique.\" \/>\n<meta property=\"og:url\" content=\"https:\/\/www.laboratoire-helpac.com\/en\/p\/savory-winter\/\" \/>\n<meta property=\"og:site_name\" content=\"HELPAC\" \/>\n<meta property=\"article:modified_time\" content=\"2023-11-29T18:39:30+00:00\" \/>\n<meta property=\"og:image\" content=\"https:\/\/www.laboratoire-helpac.com\/wp-content\/uploads\/2023\/09\/HE_SAGEOFFICINALIS-EN.png\" \/>\n\t<meta property=\"og:image:width\" content=\"1280\" \/>\n\t<meta property=\"og:image:height\" content=\"1280\" \/>\n\t<meta property=\"og:image:type\" content=\"image\/png\" \/>\n<meta name=\"twitter:card\" content=\"summary_large_image\" \/>\n<script type=\"application\/ld+json\" class=\"yoast-schema-graph\">{\"@context\":\"https:\/\/schema.org\",\"@graph\":[{\"@type\":\"WebPage\",\"@id\":\"https:\/\/www.laboratoire-helpac.com\/en\/p\/savory-winter\/\",\"url\":\"https:\/\/www.laboratoire-helpac.com\/en\/p\/savory-winter\/\",\"name\":\"Essential oil Sariette of the mountains (Australia) | HELPAC\",\"isPartOf\":{\"@id\":\"https:\/\/www.laboratoire-helpac.com\/en\/#website\"},\"primaryImageOfPage\":{\"@id\":\"https:\/\/www.laboratoire-helpac.com\/en\/p\/savory-winter\/#primaryimage\"},\"image\":{\"@id\":\"https:\/\/www.laboratoire-helpac.com\/en\/p\/savory-winter\/#primaryimage\"},\"thumbnailUrl\":\"https:\/\/www.laboratoire-helpac.com\/wp-content\/uploads\/2023\/09\/HE_SAGEOFFICINALIS-EN.png\",\"datePublished\":\"2023-07-30T14:58:05+00:00\",\"dateModified\":\"2023-11-29T18:39:30+00:00\",\"description\":\"Connue depuis l\u2019Antiquit\u00e9 pour ses vertus toniques physiques (stimulante g\u00e9n\u00e9rale, tonique digestive, circulatoire, nerveuse, sexuelle), mentales et immunitaires, l\u2019huile essentielle de Sarriette des Montagnes est, elle, surtout tr\u00e8s efficace dans la lutte contre les infections gr\u00e2ce \u00e0 son action sur le d\u00e9veloppement et la croissance des bact\u00e9ries, virus et champignons (cystites, mycoses). Riche en ph\u00e9nols et monoterp\u00e8nes, elle aide \u00e0 faire des choix en aromath\u00e9rapie \u00e9nerg\u00e9tique. En cuisine, elle apporte une note m\u00e9diterran\u00e9enne, piquante et prononc\u00e9e. En parfumerie, c\u2019est une note intense et herbac\u00e9e, l\u00e9g\u00e8rement piquante, tr\u00e8s aromatique.\",\"breadcrumb\":{\"@id\":\"https:\/\/www.laboratoire-helpac.com\/en\/p\/savory-winter\/#breadcrumb\"},\"inLanguage\":\"en-US\",\"potentialAction\":[{\"@type\":\"ReadAction\",\"target\":[\"https:\/\/www.laboratoire-helpac.com\/en\/p\/savory-winter\/\"]}]},{\"@type\":\"ImageObject\",\"inLanguage\":\"en-US\",\"@id\":\"https:\/\/www.laboratoire-helpac.com\/en\/p\/savory-winter\/#primaryimage\",\"url\":\"https:\/\/www.laboratoire-helpac.com\/wp-content\/uploads\/2023\/09\/HE_SAGEOFFICINALIS-EN.png\",\"contentUrl\":\"https:\/\/www.laboratoire-helpac.com\/wp-content\/uploads\/2023\/09\/HE_SAGEOFFICINALIS-EN.png\",\"width\":1280,\"height\":1280,\"caption\":\"Essential oil Sariette of the mountains (Australia) wholesaler\"},{\"@type\":\"BreadcrumbList\",\"@id\":\"https:\/\/www.laboratoire-helpac.com\/en\/p\/savory-winter\/#breadcrumb\",\"itemListElement\":[{\"@type\":\"ListItem\",\"position\":1,\"name\":\"Accueil\",\"item\":\"https:\/\/www.laboratoire-helpac.com\/en\/\"},{\"@type\":\"ListItem\",\"position\":2,\"name\":\"Our ingredients\",\"item\":\"https:\/\/www.laboratoire-helpac.com\/en\/products\/\"},{\"@type\":\"ListItem\",\"position\":3,\"name\":\"SAVORY WINTER\"}]},{\"@type\":\"WebSite\",\"@id\":\"https:\/\/www.laboratoire-helpac.com\/en\/#website\",\"url\":\"https:\/\/www.laboratoire-helpac.com\/en\/\",\"name\":\"HELPAC\",\"description\":\"\",\"publisher\":{\"@id\":\"https:\/\/www.laboratoire-helpac.com\/en\/#organization\"},\"potentialAction\":[{\"@type\":\"SearchAction\",\"target\":{\"@type\":\"EntryPoint\",\"urlTemplate\":\"https:\/\/www.laboratoire-helpac.com\/en\/?s={search_term_string}\"},\"query-input\":{\"@type\":\"PropertyValueSpecification\",\"valueRequired\":true,\"valueName\":\"search_term_string\"}}],\"inLanguage\":\"en-US\"},{\"@type\":\"Organization\",\"@id\":\"https:\/\/www.laboratoire-helpac.com\/en\/#organization\",\"name\":\"Helpac\",\"url\":\"https:\/\/www.laboratoire-helpac.com\/en\/\",\"logo\":{\"@type\":\"ImageObject\",\"inLanguage\":\"en-US\",\"@id\":\"https:\/\/www.laboratoire-helpac.com\/en\/#\/schema\/logo\/image\/\",\"url\":\"https:\/\/dev.fizzbuzz.fr\/helpac\/wp-content\/uploads\/2023\/05\/Logo-Helpac.jpg\",\"contentUrl\":\"https:\/\/dev.fizzbuzz.fr\/helpac\/wp-content\/uploads\/2023\/05\/Logo-Helpac.jpg\",\"width\":200,\"height\":200,\"caption\":\"Helpac\"},\"image\":{\"@id\":\"https:\/\/www.laboratoire-helpac.com\/en\/#\/schema\/logo\/image\/\"},\"sameAs\":[\"https:\/\/www.linkedin.com\/company\/helpac\/\"]}]}<\/script>\n<!-- \/ Yoast SEO plugin. -->","yoast_head_json":{"title":"Essential oil Sariette of the mountains (Australia) | HELPAC","description":"Connue depuis l\u2019Antiquit\u00e9 pour ses vertus toniques physiques (stimulante g\u00e9n\u00e9rale, tonique digestive, circulatoire, nerveuse, sexuelle), mentales et immunitaires, l\u2019huile essentielle de Sarriette des Montagnes est, elle, surtout tr\u00e8s efficace dans la lutte contre les infections gr\u00e2ce \u00e0 son action sur le d\u00e9veloppement et la croissance des bact\u00e9ries, virus et champignons (cystites, mycoses). Riche en ph\u00e9nols et monoterp\u00e8nes, elle aide \u00e0 faire des choix en aromath\u00e9rapie \u00e9nerg\u00e9tique. En cuisine, elle apporte une note m\u00e9diterran\u00e9enne, piquante et prononc\u00e9e. En parfumerie, c\u2019est une note intense et herbac\u00e9e, l\u00e9g\u00e8rement piquante, tr\u00e8s aromatique.","robots":{"index":"index","follow":"follow","max-snippet":"max-snippet:-1","max-image-preview":"max-image-preview:large","max-video-preview":"max-video-preview:-1"},"canonical":"https:\/\/www.laboratoire-helpac.com\/en\/p\/savory-winter\/","og_locale":"en_US","og_type":"article","og_title":"Essential oil Sariette of the mountains (Australia) | HELPAC","og_description":"Connue depuis l\u2019Antiquit\u00e9 pour ses vertus toniques physiques (stimulante g\u00e9n\u00e9rale, tonique digestive, circulatoire, nerveuse, sexuelle), mentales et immunitaires, l\u2019huile essentielle de Sarriette des Montagnes est, elle, surtout tr\u00e8s efficace dans la lutte contre les infections gr\u00e2ce \u00e0 son action sur le d\u00e9veloppement et la croissance des bact\u00e9ries, virus et champignons (cystites, mycoses). Riche en ph\u00e9nols et monoterp\u00e8nes, elle aide \u00e0 faire des choix en aromath\u00e9rapie \u00e9nerg\u00e9tique. En cuisine, elle apporte une note m\u00e9diterran\u00e9enne, piquante et prononc\u00e9e. En parfumerie, c\u2019est une note intense et herbac\u00e9e, l\u00e9g\u00e8rement piquante, tr\u00e8s aromatique.","og_url":"https:\/\/www.laboratoire-helpac.com\/en\/p\/savory-winter\/","og_site_name":"HELPAC","article_modified_time":"2023-11-29T18:39:30+00:00","og_image":[{"width":1280,"height":1280,"url":"https:\/\/www.laboratoire-helpac.com\/wp-content\/uploads\/2023\/09\/HE_SAGEOFFICINALIS-EN.png","type":"image\/png"}],"twitter_card":"summary_large_image","schema":{"@context":"https:\/\/schema.org","@graph":[{"@type":"WebPage","@id":"https:\/\/www.laboratoire-helpac.com\/en\/p\/savory-winter\/","url":"https:\/\/www.laboratoire-helpac.com\/en\/p\/savory-winter\/","name":"Essential oil Sariette of the mountains (Australia) | HELPAC","isPartOf":{"@id":"https:\/\/www.laboratoire-helpac.com\/en\/#website"},"primaryImageOfPage":{"@id":"https:\/\/www.laboratoire-helpac.com\/en\/p\/savory-winter\/#primaryimage"},"image":{"@id":"https:\/\/www.laboratoire-helpac.com\/en\/p\/savory-winter\/#primaryimage"},"thumbnailUrl":"https:\/\/www.laboratoire-helpac.com\/wp-content\/uploads\/2023\/09\/HE_SAGEOFFICINALIS-EN.png","datePublished":"2023-07-30T14:58:05+00:00","dateModified":"2023-11-29T18:39:30+00:00","description":"Connue depuis l\u2019Antiquit\u00e9 pour ses vertus toniques physiques (stimulante g\u00e9n\u00e9rale, tonique digestive, circulatoire, nerveuse, sexuelle), mentales et immunitaires, l\u2019huile essentielle de Sarriette des Montagnes est, elle, surtout tr\u00e8s efficace dans la lutte contre les infections gr\u00e2ce \u00e0 son action sur le d\u00e9veloppement et la croissance des bact\u00e9ries, virus et champignons (cystites, mycoses). Riche en ph\u00e9nols et monoterp\u00e8nes, elle aide \u00e0 faire des choix en aromath\u00e9rapie \u00e9nerg\u00e9tique. En cuisine, elle apporte une note m\u00e9diterran\u00e9enne, piquante et prononc\u00e9e. En parfumerie, c\u2019est une note intense et herbac\u00e9e, l\u00e9g\u00e8rement piquante, tr\u00e8s aromatique.","breadcrumb":{"@id":"https:\/\/www.laboratoire-helpac.com\/en\/p\/savory-winter\/#breadcrumb"},"inLanguage":"en-US","potentialAction":[{"@type":"ReadAction","target":["https:\/\/www.laboratoire-helpac.com\/en\/p\/savory-winter\/"]}]},{"@type":"ImageObject","inLanguage":"en-US","@id":"https:\/\/www.laboratoire-helpac.com\/en\/p\/savory-winter\/#primaryimage","url":"https:\/\/www.laboratoire-helpac.com\/wp-content\/uploads\/2023\/09\/HE_SAGEOFFICINALIS-EN.png","contentUrl":"https:\/\/www.laboratoire-helpac.com\/wp-content\/uploads\/2023\/09\/HE_SAGEOFFICINALIS-EN.png","width":1280,"height":1280,"caption":"Essential oil Sariette of the mountains (Australia) wholesaler"},{"@type":"BreadcrumbList","@id":"https:\/\/www.laboratoire-helpac.com\/en\/p\/savory-winter\/#breadcrumb","itemListElement":[{"@type":"ListItem","position":1,"name":"Accueil","item":"https:\/\/www.laboratoire-helpac.com\/en\/"},{"@type":"ListItem","position":2,"name":"Our ingredients","item":"https:\/\/www.laboratoire-helpac.com\/en\/products\/"},{"@type":"ListItem","position":3,"name":"SAVORY WINTER"}]},{"@type":"WebSite","@id":"https:\/\/www.laboratoire-helpac.com\/en\/#website","url":"https:\/\/www.laboratoire-helpac.com\/en\/","name":"HELPAC","description":"","publisher":{"@id":"https:\/\/www.laboratoire-helpac.com\/en\/#organization"},"potentialAction":[{"@type":"SearchAction","target":{"@type":"EntryPoint","urlTemplate":"https:\/\/www.laboratoire-helpac.com\/en\/?s={search_term_string}"},"query-input":{"@type":"PropertyValueSpecification","valueRequired":true,"valueName":"search_term_string"}}],"inLanguage":"en-US"},{"@type":"Organization","@id":"https:\/\/www.laboratoire-helpac.com\/en\/#organization","name":"Helpac","url":"https:\/\/www.laboratoire-helpac.com\/en\/","logo":{"@type":"ImageObject","inLanguage":"en-US","@id":"https:\/\/www.laboratoire-helpac.com\/en\/#\/schema\/logo\/image\/","url":"https:\/\/dev.fizzbuzz.fr\/helpac\/wp-content\/uploads\/2023\/05\/Logo-Helpac.jpg","contentUrl":"https:\/\/dev.fizzbuzz.fr\/helpac\/wp-content\/uploads\/2023\/05\/Logo-Helpac.jpg","width":200,"height":200,"caption":"Helpac"},"image":{"@id":"https:\/\/www.laboratoire-helpac.com\/en\/#\/schema\/logo\/image\/"},"sameAs":["https:\/\/www.linkedin.com\/company\/helpac\/"]}]}},"_links":{"self":[{"href":"https:\/\/www.laboratoire-helpac.com\/en\/wp-json\/wp\/v2\/product\/5305","targetHints":{"allow":["GET"]}}],"collection":[{"href":"https:\/\/www.laboratoire-helpac.com\/en\/wp-json\/wp\/v2\/product"}],"about":[{"href":"https:\/\/www.laboratoire-helpac.com\/en\/wp-json\/wp\/v2\/types\/product"}],"wp:featuredmedia":[{"embeddable":true,"href":"https:\/\/www.laboratoire-helpac.com\/en\/wp-json\/wp\/v2\/media\/6988"}],"wp:attachment":[{"href":"https:\/\/www.laboratoire-helpac.com\/en\/wp-json\/wp\/v2\/media?parent=5305"}],"wp:term":[{"taxonomy":"product_cat","embeddable":true,"href":"https:\/\/www.laboratoire-helpac.com\/en\/wp-json\/wp\/v2\/product_cat?post=5305"},{"taxonomy":"product_tag","embeddable":true,"href":"https:\/\/www.laboratoire-helpac.com\/en\/wp-json\/wp\/v2\/product_tag?post=5305"}],"curies":[{"name":"wp","href":"https:\/\/api.w.org\/{rel}","templated":true}]}}