{"id":5303,"date":"2023-07-30T16:58:05","date_gmt":"2023-07-30T14:58:05","guid":{"rendered":"http:\/\/localhost\/wordpress\/produit\/saro-organic\/"},"modified":"2023-11-29T19:39:30","modified_gmt":"2023-11-29T18:39:30","slug":"saro-organic","status":"publish","type":"product","link":"https:\/\/www.laboratoire-helpac.com\/en\/p\/saro-organic\/","title":{"rendered":"SARO ORGANIC"},"content":{"rendered":"<p>Organic Saro essential oil has a fresh, camphorated fragrance. It is renowned for its stimulating and invigorating properties, helping to strengthen the immune system. When diffused, it purifies the air and creates an energizing atmosphere. It is an essential oil appreciated for its benefits to overall health and physical well-being.<\/p>\n","protected":false},"excerpt":{"rendered":"<p>Organic Saro essential oil has a fresh, camphorated fragrance. It is renowned for its stimulating and invigorating properties, helping to strengthen the immune system. When diffused, it purifies the air and creates an energizing atmosphere. It is an essential oil appreciated for its benefits to overall health and physical well-being.<\/p>\n","protected":false},"featured_media":6986,"template":"","meta":[],"product_cat":[390,451,452],"product_tag":[],"class_list":{"0":"post-5303","1":"product","2":"type-product","3":"status-publish","4":"has-post-thumbnail","6":"product_cat-essential-oils","7":"product_cat-aromatherapy-wholesaler-essential-oil","8":"product_cat-bulk-essential-oils-aromatherapy-wholesaler-essential-oil","9":"pa_certifications-organic","10":"pa_origines-africa","11":"pa_usages-cosmetic","12":"pa_usages-diffusion-en","13":"pa_usages-perfumery","15":"first","16":"instock","17":"purchasable","18":"product-type-simple"},"acf":[],"yoast_head":"<!-- This site is optimized with the Yoast SEO plugin v23.9 - https:\/\/yoast.com\/wordpress\/plugins\/seo\/ -->\n<title>Essential oil Saro organic (Madagascar) | HELPAC<\/title>\n<meta name=\"description\" content=\"L&#039;huile essentielle de Saro bio d\u00e9gage un parfum frais et camphr\u00e9. Elle est r\u00e9put\u00e9e pour ses propri\u00e9t\u00e9s stimulantes et tonifiantes, aidant \u00e0 renforcer le syst\u00e8me immunitaire. En diffusion, elle purifie l&#039;air et cr\u00e9e une atmosph\u00e8re \u00e9nergisante. C&#039;est une huile essentielle appr\u00e9ci\u00e9e pour ses bienfaits sur la sant\u00e9 globale et le bien-\u00eatre physique.\" \/>\n<meta name=\"robots\" content=\"index, follow, max-snippet:-1, max-image-preview:large, max-video-preview:-1\" \/>\n<link rel=\"canonical\" href=\"https:\/\/www.laboratoire-helpac.com\/en\/p\/saro-organic\/\" \/>\n<meta property=\"og:locale\" content=\"en_US\" \/>\n<meta property=\"og:type\" content=\"article\" \/>\n<meta property=\"og:title\" content=\"Essential oil Saro organic (Madagascar) | HELPAC\" \/>\n<meta property=\"og:description\" content=\"L&#039;huile essentielle de Saro bio d\u00e9gage un parfum frais et camphr\u00e9. Elle est r\u00e9put\u00e9e pour ses propri\u00e9t\u00e9s stimulantes et tonifiantes, aidant \u00e0 renforcer le syst\u00e8me immunitaire. En diffusion, elle purifie l&#039;air et cr\u00e9e une atmosph\u00e8re \u00e9nergisante. C&#039;est une huile essentielle appr\u00e9ci\u00e9e pour ses bienfaits sur la sant\u00e9 globale et le bien-\u00eatre physique.\" \/>\n<meta property=\"og:url\" content=\"https:\/\/www.laboratoire-helpac.com\/en\/p\/saro-organic\/\" \/>\n<meta property=\"og:site_name\" content=\"HELPAC\" \/>\n<meta property=\"article:modified_time\" content=\"2023-11-29T18:39:30+00:00\" \/>\n<meta property=\"og:image\" content=\"https:\/\/www.laboratoire-helpac.com\/wp-content\/uploads\/2023\/09\/HE_SARO-EN.png\" \/>\n\t<meta property=\"og:image:width\" content=\"1280\" \/>\n\t<meta property=\"og:image:height\" content=\"1280\" \/>\n\t<meta property=\"og:image:type\" content=\"image\/png\" \/>\n<meta name=\"twitter:card\" content=\"summary_large_image\" \/>\n<script type=\"application\/ld+json\" class=\"yoast-schema-graph\">{\"@context\":\"https:\/\/schema.org\",\"@graph\":[{\"@type\":\"WebPage\",\"@id\":\"https:\/\/www.laboratoire-helpac.com\/en\/p\/saro-organic\/\",\"url\":\"https:\/\/www.laboratoire-helpac.com\/en\/p\/saro-organic\/\",\"name\":\"Essential oil Saro organic (Madagascar) | HELPAC\",\"isPartOf\":{\"@id\":\"https:\/\/www.laboratoire-helpac.com\/en\/#website\"},\"primaryImageOfPage\":{\"@id\":\"https:\/\/www.laboratoire-helpac.com\/en\/p\/saro-organic\/#primaryimage\"},\"image\":{\"@id\":\"https:\/\/www.laboratoire-helpac.com\/en\/p\/saro-organic\/#primaryimage\"},\"thumbnailUrl\":\"https:\/\/www.laboratoire-helpac.com\/wp-content\/uploads\/2023\/09\/HE_SARO-EN.png\",\"datePublished\":\"2023-07-30T14:58:05+00:00\",\"dateModified\":\"2023-11-29T18:39:30+00:00\",\"description\":\"L'huile essentielle de Saro bio d\u00e9gage un parfum frais et camphr\u00e9. Elle est r\u00e9put\u00e9e pour ses propri\u00e9t\u00e9s stimulantes et tonifiantes, aidant \u00e0 renforcer le syst\u00e8me immunitaire. En diffusion, elle purifie l'air et cr\u00e9e une atmosph\u00e8re \u00e9nergisante. C'est une huile essentielle appr\u00e9ci\u00e9e pour ses bienfaits sur la sant\u00e9 globale et le bien-\u00eatre physique.\",\"breadcrumb\":{\"@id\":\"https:\/\/www.laboratoire-helpac.com\/en\/p\/saro-organic\/#breadcrumb\"},\"inLanguage\":\"en-US\",\"potentialAction\":[{\"@type\":\"ReadAction\",\"target\":[\"https:\/\/www.laboratoire-helpac.com\/en\/p\/saro-organic\/\"]}]},{\"@type\":\"ImageObject\",\"inLanguage\":\"en-US\",\"@id\":\"https:\/\/www.laboratoire-helpac.com\/en\/p\/saro-organic\/#primaryimage\",\"url\":\"https:\/\/www.laboratoire-helpac.com\/wp-content\/uploads\/2023\/09\/HE_SARO-EN.png\",\"contentUrl\":\"https:\/\/www.laboratoire-helpac.com\/wp-content\/uploads\/2023\/09\/HE_SARO-EN.png\",\"width\":1280,\"height\":1280,\"caption\":\"Essential oil Saro organic (Madagascar) wholesaler\"},{\"@type\":\"BreadcrumbList\",\"@id\":\"https:\/\/www.laboratoire-helpac.com\/en\/p\/saro-organic\/#breadcrumb\",\"itemListElement\":[{\"@type\":\"ListItem\",\"position\":1,\"name\":\"Accueil\",\"item\":\"https:\/\/www.laboratoire-helpac.com\/en\/\"},{\"@type\":\"ListItem\",\"position\":2,\"name\":\"Our ingredients\",\"item\":\"https:\/\/www.laboratoire-helpac.com\/en\/products\/\"},{\"@type\":\"ListItem\",\"position\":3,\"name\":\"SARO ORGANIC\"}]},{\"@type\":\"WebSite\",\"@id\":\"https:\/\/www.laboratoire-helpac.com\/en\/#website\",\"url\":\"https:\/\/www.laboratoire-helpac.com\/en\/\",\"name\":\"HELPAC\",\"description\":\"\",\"publisher\":{\"@id\":\"https:\/\/www.laboratoire-helpac.com\/en\/#organization\"},\"potentialAction\":[{\"@type\":\"SearchAction\",\"target\":{\"@type\":\"EntryPoint\",\"urlTemplate\":\"https:\/\/www.laboratoire-helpac.com\/en\/?s={search_term_string}\"},\"query-input\":{\"@type\":\"PropertyValueSpecification\",\"valueRequired\":true,\"valueName\":\"search_term_string\"}}],\"inLanguage\":\"en-US\"},{\"@type\":\"Organization\",\"@id\":\"https:\/\/www.laboratoire-helpac.com\/en\/#organization\",\"name\":\"Helpac\",\"url\":\"https:\/\/www.laboratoire-helpac.com\/en\/\",\"logo\":{\"@type\":\"ImageObject\",\"inLanguage\":\"en-US\",\"@id\":\"https:\/\/www.laboratoire-helpac.com\/en\/#\/schema\/logo\/image\/\",\"url\":\"https:\/\/dev.fizzbuzz.fr\/helpac\/wp-content\/uploads\/2023\/05\/Logo-Helpac.jpg\",\"contentUrl\":\"https:\/\/dev.fizzbuzz.fr\/helpac\/wp-content\/uploads\/2023\/05\/Logo-Helpac.jpg\",\"width\":200,\"height\":200,\"caption\":\"Helpac\"},\"image\":{\"@id\":\"https:\/\/www.laboratoire-helpac.com\/en\/#\/schema\/logo\/image\/\"},\"sameAs\":[\"https:\/\/www.linkedin.com\/company\/helpac\/\"]}]}<\/script>\n<!-- \/ Yoast SEO plugin. -->","yoast_head_json":{"title":"Essential oil Saro organic (Madagascar) | HELPAC","description":"L'huile essentielle de Saro bio d\u00e9gage un parfum frais et camphr\u00e9. Elle est r\u00e9put\u00e9e pour ses propri\u00e9t\u00e9s stimulantes et tonifiantes, aidant \u00e0 renforcer le syst\u00e8me immunitaire. En diffusion, elle purifie l'air et cr\u00e9e une atmosph\u00e8re \u00e9nergisante. C'est une huile essentielle appr\u00e9ci\u00e9e pour ses bienfaits sur la sant\u00e9 globale et le bien-\u00eatre physique.","robots":{"index":"index","follow":"follow","max-snippet":"max-snippet:-1","max-image-preview":"max-image-preview:large","max-video-preview":"max-video-preview:-1"},"canonical":"https:\/\/www.laboratoire-helpac.com\/en\/p\/saro-organic\/","og_locale":"en_US","og_type":"article","og_title":"Essential oil Saro organic (Madagascar) | HELPAC","og_description":"L'huile essentielle de Saro bio d\u00e9gage un parfum frais et camphr\u00e9. Elle est r\u00e9put\u00e9e pour ses propri\u00e9t\u00e9s stimulantes et tonifiantes, aidant \u00e0 renforcer le syst\u00e8me immunitaire. En diffusion, elle purifie l'air et cr\u00e9e une atmosph\u00e8re \u00e9nergisante. C'est une huile essentielle appr\u00e9ci\u00e9e pour ses bienfaits sur la sant\u00e9 globale et le bien-\u00eatre physique.","og_url":"https:\/\/www.laboratoire-helpac.com\/en\/p\/saro-organic\/","og_site_name":"HELPAC","article_modified_time":"2023-11-29T18:39:30+00:00","og_image":[{"width":1280,"height":1280,"url":"https:\/\/www.laboratoire-helpac.com\/wp-content\/uploads\/2023\/09\/HE_SARO-EN.png","type":"image\/png"}],"twitter_card":"summary_large_image","schema":{"@context":"https:\/\/schema.org","@graph":[{"@type":"WebPage","@id":"https:\/\/www.laboratoire-helpac.com\/en\/p\/saro-organic\/","url":"https:\/\/www.laboratoire-helpac.com\/en\/p\/saro-organic\/","name":"Essential oil Saro organic (Madagascar) | HELPAC","isPartOf":{"@id":"https:\/\/www.laboratoire-helpac.com\/en\/#website"},"primaryImageOfPage":{"@id":"https:\/\/www.laboratoire-helpac.com\/en\/p\/saro-organic\/#primaryimage"},"image":{"@id":"https:\/\/www.laboratoire-helpac.com\/en\/p\/saro-organic\/#primaryimage"},"thumbnailUrl":"https:\/\/www.laboratoire-helpac.com\/wp-content\/uploads\/2023\/09\/HE_SARO-EN.png","datePublished":"2023-07-30T14:58:05+00:00","dateModified":"2023-11-29T18:39:30+00:00","description":"L'huile essentielle de Saro bio d\u00e9gage un parfum frais et camphr\u00e9. Elle est r\u00e9put\u00e9e pour ses propri\u00e9t\u00e9s stimulantes et tonifiantes, aidant \u00e0 renforcer le syst\u00e8me immunitaire. En diffusion, elle purifie l'air et cr\u00e9e une atmosph\u00e8re \u00e9nergisante. C'est une huile essentielle appr\u00e9ci\u00e9e pour ses bienfaits sur la sant\u00e9 globale et le bien-\u00eatre physique.","breadcrumb":{"@id":"https:\/\/www.laboratoire-helpac.com\/en\/p\/saro-organic\/#breadcrumb"},"inLanguage":"en-US","potentialAction":[{"@type":"ReadAction","target":["https:\/\/www.laboratoire-helpac.com\/en\/p\/saro-organic\/"]}]},{"@type":"ImageObject","inLanguage":"en-US","@id":"https:\/\/www.laboratoire-helpac.com\/en\/p\/saro-organic\/#primaryimage","url":"https:\/\/www.laboratoire-helpac.com\/wp-content\/uploads\/2023\/09\/HE_SARO-EN.png","contentUrl":"https:\/\/www.laboratoire-helpac.com\/wp-content\/uploads\/2023\/09\/HE_SARO-EN.png","width":1280,"height":1280,"caption":"Essential oil Saro organic (Madagascar) wholesaler"},{"@type":"BreadcrumbList","@id":"https:\/\/www.laboratoire-helpac.com\/en\/p\/saro-organic\/#breadcrumb","itemListElement":[{"@type":"ListItem","position":1,"name":"Accueil","item":"https:\/\/www.laboratoire-helpac.com\/en\/"},{"@type":"ListItem","position":2,"name":"Our ingredients","item":"https:\/\/www.laboratoire-helpac.com\/en\/products\/"},{"@type":"ListItem","position":3,"name":"SARO ORGANIC"}]},{"@type":"WebSite","@id":"https:\/\/www.laboratoire-helpac.com\/en\/#website","url":"https:\/\/www.laboratoire-helpac.com\/en\/","name":"HELPAC","description":"","publisher":{"@id":"https:\/\/www.laboratoire-helpac.com\/en\/#organization"},"potentialAction":[{"@type":"SearchAction","target":{"@type":"EntryPoint","urlTemplate":"https:\/\/www.laboratoire-helpac.com\/en\/?s={search_term_string}"},"query-input":{"@type":"PropertyValueSpecification","valueRequired":true,"valueName":"search_term_string"}}],"inLanguage":"en-US"},{"@type":"Organization","@id":"https:\/\/www.laboratoire-helpac.com\/en\/#organization","name":"Helpac","url":"https:\/\/www.laboratoire-helpac.com\/en\/","logo":{"@type":"ImageObject","inLanguage":"en-US","@id":"https:\/\/www.laboratoire-helpac.com\/en\/#\/schema\/logo\/image\/","url":"https:\/\/dev.fizzbuzz.fr\/helpac\/wp-content\/uploads\/2023\/05\/Logo-Helpac.jpg","contentUrl":"https:\/\/dev.fizzbuzz.fr\/helpac\/wp-content\/uploads\/2023\/05\/Logo-Helpac.jpg","width":200,"height":200,"caption":"Helpac"},"image":{"@id":"https:\/\/www.laboratoire-helpac.com\/en\/#\/schema\/logo\/image\/"},"sameAs":["https:\/\/www.linkedin.com\/company\/helpac\/"]}]}},"_links":{"self":[{"href":"https:\/\/www.laboratoire-helpac.com\/en\/wp-json\/wp\/v2\/product\/5303","targetHints":{"allow":["GET"]}}],"collection":[{"href":"https:\/\/www.laboratoire-helpac.com\/en\/wp-json\/wp\/v2\/product"}],"about":[{"href":"https:\/\/www.laboratoire-helpac.com\/en\/wp-json\/wp\/v2\/types\/product"}],"wp:featuredmedia":[{"embeddable":true,"href":"https:\/\/www.laboratoire-helpac.com\/en\/wp-json\/wp\/v2\/media\/6986"}],"wp:attachment":[{"href":"https:\/\/www.laboratoire-helpac.com\/en\/wp-json\/wp\/v2\/media?parent=5303"}],"wp:term":[{"taxonomy":"product_cat","embeddable":true,"href":"https:\/\/www.laboratoire-helpac.com\/en\/wp-json\/wp\/v2\/product_cat?post=5303"},{"taxonomy":"product_tag","embeddable":true,"href":"https:\/\/www.laboratoire-helpac.com\/en\/wp-json\/wp\/v2\/product_tag?post=5303"}],"curies":[{"name":"wp","href":"https:\/\/api.w.org\/{rel}","templated":true}]}}