{"id":5297,"date":"2023-07-30T16:58:05","date_gmt":"2023-07-30T14:58:05","guid":{"rendered":"http:\/\/localhost\/wordpress\/produit\/organic-spicatum-sandal\/"},"modified":"2023-11-29T19:39:28","modified_gmt":"2023-11-29T18:39:28","slug":"sandal-spicatum-organic","status":"publish","type":"product","link":"https:\/\/www.laboratoire-helpac.com\/en\/p\/sandal-spicatum-organic\/","title":{"rendered":"SANDAL SPICATUM ORGANIC"},"content":{"rendered":"<p>Because the exploitation of white sandalwood threatens a fragile ecosystem, we have chosen to offer you yellow sandalwood essential oil with similar properties, but grown in a sustainable way. Its woody, amber and spicy fragrance is velvety and slightly animalic &#8211; a base note much appreciated in perfumery. Lymphatic and venous decongestant, antiseptic and anti-inflammatory, it can be found in both cosmetic and well-being formulas. In energetic aromatherapy, it combats aggression, anger and frustration and promotes meditation.<\/p>\n","protected":false},"excerpt":{"rendered":"<p>Because the exploitation of white sandalwood threatens a fragile ecosystem, we have chosen to offer you yellow sandalwood essential oil with similar properties, but grown in a sustainable way. Its woody, amber and spicy fragrance is velvety and slightly animalic &#8211; a base note much appreciated in perfumery. Lymphatic and venous decongestant, antiseptic and anti-inflammatory, [&hellip;]<\/p>\n","protected":false},"featured_media":6980,"template":"","meta":[],"product_cat":[390,451,452],"product_tag":[],"class_list":{"0":"post-5297","1":"product","2":"type-product","3":"status-publish","4":"has-post-thumbnail","6":"product_cat-essential-oils","7":"product_cat-aromatherapy-wholesaler-essential-oil","8":"product_cat-bulk-essential-oils-aromatherapy-wholesaler-essential-oil","9":"pa_certifications-organic","10":"pa_origines-asia-oceania","11":"pa_usages-cosmetic","12":"pa_usages-diffusion-en","13":"pa_usages-perfumery","15":"first","16":"instock","17":"purchasable","18":"product-type-simple"},"acf":[],"yoast_head":"<!-- This site is optimized with the Yoast SEO plugin v23.9 - https:\/\/yoast.com\/wordpress\/plugins\/seo\/ -->\n<title>Essential oil Organic Spicatum Sandal (Australia) | HELPAC<\/title>\n<meta name=\"description\" content=\"Parce que l\u2019exploitation du Santal blanc menace un \u00e9cosyst\u00e8me fragile, nous avons choisi de vous proposer l\u2019huile essentielle de Santal jaune aux propri\u00e9t\u00e9s similaires mais \u00e0 la culture raisonn\u00e9e. Son odeur bois\u00e9e, ambr\u00e9e et \u00e9pic\u00e9e est velout\u00e9e et l\u00e9g\u00e8rement animale \u2013 c\u2019est une note de fond tr\u00e8s appr\u00e9ci\u00e9e en parfumerie. D\u00e9congestionnante lymphatique et veineuse, antiseptique et anti-inflammatoire, elle se retrouve aussi bien dans les formules cosm\u00e9tiques que bien-\u00eatre. En aromath\u00e9rapie \u00e9nerg\u00e9tique, elle combat l\u2019agressivit\u00e9, la col\u00e8re, les frustrations et favorise la m\u00e9ditation.\" \/>\n<meta name=\"robots\" content=\"index, follow, max-snippet:-1, max-image-preview:large, max-video-preview:-1\" \/>\n<link rel=\"canonical\" href=\"https:\/\/www.laboratoire-helpac.com\/en\/p\/sandal-spicatum-organic\/\" \/>\n<meta property=\"og:locale\" content=\"en_US\" \/>\n<meta property=\"og:type\" content=\"article\" \/>\n<meta property=\"og:title\" content=\"Essential oil Organic Spicatum Sandal (Australia) | HELPAC\" \/>\n<meta property=\"og:description\" content=\"Parce que l\u2019exploitation du Santal blanc menace un \u00e9cosyst\u00e8me fragile, nous avons choisi de vous proposer l\u2019huile essentielle de Santal jaune aux propri\u00e9t\u00e9s similaires mais \u00e0 la culture raisonn\u00e9e. Son odeur bois\u00e9e, ambr\u00e9e et \u00e9pic\u00e9e est velout\u00e9e et l\u00e9g\u00e8rement animale \u2013 c\u2019est une note de fond tr\u00e8s appr\u00e9ci\u00e9e en parfumerie. D\u00e9congestionnante lymphatique et veineuse, antiseptique et anti-inflammatoire, elle se retrouve aussi bien dans les formules cosm\u00e9tiques que bien-\u00eatre. En aromath\u00e9rapie \u00e9nerg\u00e9tique, elle combat l\u2019agressivit\u00e9, la col\u00e8re, les frustrations et favorise la m\u00e9ditation.\" \/>\n<meta property=\"og:url\" content=\"https:\/\/www.laboratoire-helpac.com\/en\/p\/sandal-spicatum-organic\/\" \/>\n<meta property=\"og:site_name\" content=\"HELPAC\" \/>\n<meta property=\"article:modified_time\" content=\"2023-11-29T18:39:28+00:00\" \/>\n<meta property=\"og:image\" content=\"https:\/\/www.laboratoire-helpac.com\/wp-content\/uploads\/2023\/09\/HE_SANDALSPICATUM-EN.png\" \/>\n\t<meta property=\"og:image:width\" content=\"1280\" \/>\n\t<meta property=\"og:image:height\" content=\"1280\" \/>\n\t<meta property=\"og:image:type\" content=\"image\/png\" \/>\n<meta name=\"twitter:card\" content=\"summary_large_image\" \/>\n<script type=\"application\/ld+json\" class=\"yoast-schema-graph\">{\"@context\":\"https:\/\/schema.org\",\"@graph\":[{\"@type\":\"WebPage\",\"@id\":\"https:\/\/www.laboratoire-helpac.com\/en\/p\/sandal-spicatum-organic\/\",\"url\":\"https:\/\/www.laboratoire-helpac.com\/en\/p\/sandal-spicatum-organic\/\",\"name\":\"Essential oil Organic Spicatum Sandal (Australia) | HELPAC\",\"isPartOf\":{\"@id\":\"https:\/\/www.laboratoire-helpac.com\/en\/#website\"},\"primaryImageOfPage\":{\"@id\":\"https:\/\/www.laboratoire-helpac.com\/en\/p\/sandal-spicatum-organic\/#primaryimage\"},\"image\":{\"@id\":\"https:\/\/www.laboratoire-helpac.com\/en\/p\/sandal-spicatum-organic\/#primaryimage\"},\"thumbnailUrl\":\"https:\/\/www.laboratoire-helpac.com\/wp-content\/uploads\/2023\/09\/HE_SANDALSPICATUM-EN.png\",\"datePublished\":\"2023-07-30T14:58:05+00:00\",\"dateModified\":\"2023-11-29T18:39:28+00:00\",\"description\":\"Parce que l\u2019exploitation du Santal blanc menace un \u00e9cosyst\u00e8me fragile, nous avons choisi de vous proposer l\u2019huile essentielle de Santal jaune aux propri\u00e9t\u00e9s similaires mais \u00e0 la culture raisonn\u00e9e. Son odeur bois\u00e9e, ambr\u00e9e et \u00e9pic\u00e9e est velout\u00e9e et l\u00e9g\u00e8rement animale \u2013 c\u2019est une note de fond tr\u00e8s appr\u00e9ci\u00e9e en parfumerie. D\u00e9congestionnante lymphatique et veineuse, antiseptique et anti-inflammatoire, elle se retrouve aussi bien dans les formules cosm\u00e9tiques que bien-\u00eatre. En aromath\u00e9rapie \u00e9nerg\u00e9tique, elle combat l\u2019agressivit\u00e9, la col\u00e8re, les frustrations et favorise la m\u00e9ditation.\",\"breadcrumb\":{\"@id\":\"https:\/\/www.laboratoire-helpac.com\/en\/p\/sandal-spicatum-organic\/#breadcrumb\"},\"inLanguage\":\"en-US\",\"potentialAction\":[{\"@type\":\"ReadAction\",\"target\":[\"https:\/\/www.laboratoire-helpac.com\/en\/p\/sandal-spicatum-organic\/\"]}]},{\"@type\":\"ImageObject\",\"inLanguage\":\"en-US\",\"@id\":\"https:\/\/www.laboratoire-helpac.com\/en\/p\/sandal-spicatum-organic\/#primaryimage\",\"url\":\"https:\/\/www.laboratoire-helpac.com\/wp-content\/uploads\/2023\/09\/HE_SANDALSPICATUM-EN.png\",\"contentUrl\":\"https:\/\/www.laboratoire-helpac.com\/wp-content\/uploads\/2023\/09\/HE_SANDALSPICATUM-EN.png\",\"width\":1280,\"height\":1280,\"caption\":\"Essential oil Organic Spicatum Sandal (Australia) wholesaler\"},{\"@type\":\"BreadcrumbList\",\"@id\":\"https:\/\/www.laboratoire-helpac.com\/en\/p\/sandal-spicatum-organic\/#breadcrumb\",\"itemListElement\":[{\"@type\":\"ListItem\",\"position\":1,\"name\":\"Accueil\",\"item\":\"https:\/\/www.laboratoire-helpac.com\/en\/\"},{\"@type\":\"ListItem\",\"position\":2,\"name\":\"Our ingredients\",\"item\":\"https:\/\/www.laboratoire-helpac.com\/en\/products\/\"},{\"@type\":\"ListItem\",\"position\":3,\"name\":\"SANDAL SPICATUM ORGANIC\"}]},{\"@type\":\"WebSite\",\"@id\":\"https:\/\/www.laboratoire-helpac.com\/en\/#website\",\"url\":\"https:\/\/www.laboratoire-helpac.com\/en\/\",\"name\":\"HELPAC\",\"description\":\"\",\"publisher\":{\"@id\":\"https:\/\/www.laboratoire-helpac.com\/en\/#organization\"},\"potentialAction\":[{\"@type\":\"SearchAction\",\"target\":{\"@type\":\"EntryPoint\",\"urlTemplate\":\"https:\/\/www.laboratoire-helpac.com\/en\/?s={search_term_string}\"},\"query-input\":{\"@type\":\"PropertyValueSpecification\",\"valueRequired\":true,\"valueName\":\"search_term_string\"}}],\"inLanguage\":\"en-US\"},{\"@type\":\"Organization\",\"@id\":\"https:\/\/www.laboratoire-helpac.com\/en\/#organization\",\"name\":\"Helpac\",\"url\":\"https:\/\/www.laboratoire-helpac.com\/en\/\",\"logo\":{\"@type\":\"ImageObject\",\"inLanguage\":\"en-US\",\"@id\":\"https:\/\/www.laboratoire-helpac.com\/en\/#\/schema\/logo\/image\/\",\"url\":\"https:\/\/dev.fizzbuzz.fr\/helpac\/wp-content\/uploads\/2023\/05\/Logo-Helpac.jpg\",\"contentUrl\":\"https:\/\/dev.fizzbuzz.fr\/helpac\/wp-content\/uploads\/2023\/05\/Logo-Helpac.jpg\",\"width\":200,\"height\":200,\"caption\":\"Helpac\"},\"image\":{\"@id\":\"https:\/\/www.laboratoire-helpac.com\/en\/#\/schema\/logo\/image\/\"},\"sameAs\":[\"https:\/\/www.linkedin.com\/company\/helpac\/\"]}]}<\/script>\n<!-- \/ Yoast SEO plugin. -->","yoast_head_json":{"title":"Essential oil Organic Spicatum Sandal (Australia) | HELPAC","description":"Parce que l\u2019exploitation du Santal blanc menace un \u00e9cosyst\u00e8me fragile, nous avons choisi de vous proposer l\u2019huile essentielle de Santal jaune aux propri\u00e9t\u00e9s similaires mais \u00e0 la culture raisonn\u00e9e. Son odeur bois\u00e9e, ambr\u00e9e et \u00e9pic\u00e9e est velout\u00e9e et l\u00e9g\u00e8rement animale \u2013 c\u2019est une note de fond tr\u00e8s appr\u00e9ci\u00e9e en parfumerie. D\u00e9congestionnante lymphatique et veineuse, antiseptique et anti-inflammatoire, elle se retrouve aussi bien dans les formules cosm\u00e9tiques que bien-\u00eatre. En aromath\u00e9rapie \u00e9nerg\u00e9tique, elle combat l\u2019agressivit\u00e9, la col\u00e8re, les frustrations et favorise la m\u00e9ditation.","robots":{"index":"index","follow":"follow","max-snippet":"max-snippet:-1","max-image-preview":"max-image-preview:large","max-video-preview":"max-video-preview:-1"},"canonical":"https:\/\/www.laboratoire-helpac.com\/en\/p\/sandal-spicatum-organic\/","og_locale":"en_US","og_type":"article","og_title":"Essential oil Organic Spicatum Sandal (Australia) | HELPAC","og_description":"Parce que l\u2019exploitation du Santal blanc menace un \u00e9cosyst\u00e8me fragile, nous avons choisi de vous proposer l\u2019huile essentielle de Santal jaune aux propri\u00e9t\u00e9s similaires mais \u00e0 la culture raisonn\u00e9e. Son odeur bois\u00e9e, ambr\u00e9e et \u00e9pic\u00e9e est velout\u00e9e et l\u00e9g\u00e8rement animale \u2013 c\u2019est une note de fond tr\u00e8s appr\u00e9ci\u00e9e en parfumerie. D\u00e9congestionnante lymphatique et veineuse, antiseptique et anti-inflammatoire, elle se retrouve aussi bien dans les formules cosm\u00e9tiques que bien-\u00eatre. En aromath\u00e9rapie \u00e9nerg\u00e9tique, elle combat l\u2019agressivit\u00e9, la col\u00e8re, les frustrations et favorise la m\u00e9ditation.","og_url":"https:\/\/www.laboratoire-helpac.com\/en\/p\/sandal-spicatum-organic\/","og_site_name":"HELPAC","article_modified_time":"2023-11-29T18:39:28+00:00","og_image":[{"width":1280,"height":1280,"url":"https:\/\/www.laboratoire-helpac.com\/wp-content\/uploads\/2023\/09\/HE_SANDALSPICATUM-EN.png","type":"image\/png"}],"twitter_card":"summary_large_image","schema":{"@context":"https:\/\/schema.org","@graph":[{"@type":"WebPage","@id":"https:\/\/www.laboratoire-helpac.com\/en\/p\/sandal-spicatum-organic\/","url":"https:\/\/www.laboratoire-helpac.com\/en\/p\/sandal-spicatum-organic\/","name":"Essential oil Organic Spicatum Sandal (Australia) | HELPAC","isPartOf":{"@id":"https:\/\/www.laboratoire-helpac.com\/en\/#website"},"primaryImageOfPage":{"@id":"https:\/\/www.laboratoire-helpac.com\/en\/p\/sandal-spicatum-organic\/#primaryimage"},"image":{"@id":"https:\/\/www.laboratoire-helpac.com\/en\/p\/sandal-spicatum-organic\/#primaryimage"},"thumbnailUrl":"https:\/\/www.laboratoire-helpac.com\/wp-content\/uploads\/2023\/09\/HE_SANDALSPICATUM-EN.png","datePublished":"2023-07-30T14:58:05+00:00","dateModified":"2023-11-29T18:39:28+00:00","description":"Parce que l\u2019exploitation du Santal blanc menace un \u00e9cosyst\u00e8me fragile, nous avons choisi de vous proposer l\u2019huile essentielle de Santal jaune aux propri\u00e9t\u00e9s similaires mais \u00e0 la culture raisonn\u00e9e. Son odeur bois\u00e9e, ambr\u00e9e et \u00e9pic\u00e9e est velout\u00e9e et l\u00e9g\u00e8rement animale \u2013 c\u2019est une note de fond tr\u00e8s appr\u00e9ci\u00e9e en parfumerie. D\u00e9congestionnante lymphatique et veineuse, antiseptique et anti-inflammatoire, elle se retrouve aussi bien dans les formules cosm\u00e9tiques que bien-\u00eatre. En aromath\u00e9rapie \u00e9nerg\u00e9tique, elle combat l\u2019agressivit\u00e9, la col\u00e8re, les frustrations et favorise la m\u00e9ditation.","breadcrumb":{"@id":"https:\/\/www.laboratoire-helpac.com\/en\/p\/sandal-spicatum-organic\/#breadcrumb"},"inLanguage":"en-US","potentialAction":[{"@type":"ReadAction","target":["https:\/\/www.laboratoire-helpac.com\/en\/p\/sandal-spicatum-organic\/"]}]},{"@type":"ImageObject","inLanguage":"en-US","@id":"https:\/\/www.laboratoire-helpac.com\/en\/p\/sandal-spicatum-organic\/#primaryimage","url":"https:\/\/www.laboratoire-helpac.com\/wp-content\/uploads\/2023\/09\/HE_SANDALSPICATUM-EN.png","contentUrl":"https:\/\/www.laboratoire-helpac.com\/wp-content\/uploads\/2023\/09\/HE_SANDALSPICATUM-EN.png","width":1280,"height":1280,"caption":"Essential oil Organic Spicatum Sandal (Australia) wholesaler"},{"@type":"BreadcrumbList","@id":"https:\/\/www.laboratoire-helpac.com\/en\/p\/sandal-spicatum-organic\/#breadcrumb","itemListElement":[{"@type":"ListItem","position":1,"name":"Accueil","item":"https:\/\/www.laboratoire-helpac.com\/en\/"},{"@type":"ListItem","position":2,"name":"Our ingredients","item":"https:\/\/www.laboratoire-helpac.com\/en\/products\/"},{"@type":"ListItem","position":3,"name":"SANDAL SPICATUM ORGANIC"}]},{"@type":"WebSite","@id":"https:\/\/www.laboratoire-helpac.com\/en\/#website","url":"https:\/\/www.laboratoire-helpac.com\/en\/","name":"HELPAC","description":"","publisher":{"@id":"https:\/\/www.laboratoire-helpac.com\/en\/#organization"},"potentialAction":[{"@type":"SearchAction","target":{"@type":"EntryPoint","urlTemplate":"https:\/\/www.laboratoire-helpac.com\/en\/?s={search_term_string}"},"query-input":{"@type":"PropertyValueSpecification","valueRequired":true,"valueName":"search_term_string"}}],"inLanguage":"en-US"},{"@type":"Organization","@id":"https:\/\/www.laboratoire-helpac.com\/en\/#organization","name":"Helpac","url":"https:\/\/www.laboratoire-helpac.com\/en\/","logo":{"@type":"ImageObject","inLanguage":"en-US","@id":"https:\/\/www.laboratoire-helpac.com\/en\/#\/schema\/logo\/image\/","url":"https:\/\/dev.fizzbuzz.fr\/helpac\/wp-content\/uploads\/2023\/05\/Logo-Helpac.jpg","contentUrl":"https:\/\/dev.fizzbuzz.fr\/helpac\/wp-content\/uploads\/2023\/05\/Logo-Helpac.jpg","width":200,"height":200,"caption":"Helpac"},"image":{"@id":"https:\/\/www.laboratoire-helpac.com\/en\/#\/schema\/logo\/image\/"},"sameAs":["https:\/\/www.linkedin.com\/company\/helpac\/"]}]}},"_links":{"self":[{"href":"https:\/\/www.laboratoire-helpac.com\/en\/wp-json\/wp\/v2\/product\/5297","targetHints":{"allow":["GET"]}}],"collection":[{"href":"https:\/\/www.laboratoire-helpac.com\/en\/wp-json\/wp\/v2\/product"}],"about":[{"href":"https:\/\/www.laboratoire-helpac.com\/en\/wp-json\/wp\/v2\/types\/product"}],"wp:featuredmedia":[{"embeddable":true,"href":"https:\/\/www.laboratoire-helpac.com\/en\/wp-json\/wp\/v2\/media\/6980"}],"wp:attachment":[{"href":"https:\/\/www.laboratoire-helpac.com\/en\/wp-json\/wp\/v2\/media?parent=5297"}],"wp:term":[{"taxonomy":"product_cat","embeddable":true,"href":"https:\/\/www.laboratoire-helpac.com\/en\/wp-json\/wp\/v2\/product_cat?post=5297"},{"taxonomy":"product_tag","embeddable":true,"href":"https:\/\/www.laboratoire-helpac.com\/en\/wp-json\/wp\/v2\/product_tag?post=5297"}],"curies":[{"name":"wp","href":"https:\/\/api.w.org\/{rel}","templated":true}]}}