{"id":5295,"date":"2023-07-30T16:58:05","date_gmt":"2023-07-30T14:58:05","guid":{"rendered":"http:\/\/localhost\/wordpress\/produit\/organic-sandal\/"},"modified":"2023-11-29T19:39:27","modified_gmt":"2023-11-29T18:39:27","slug":"sandalwood-organic","status":"publish","type":"product","link":"https:\/\/www.laboratoire-helpac.com\/en\/p\/sandalwood-organic\/","title":{"rendered":"SANDALWOOD ORGANIC"},"content":{"rendered":"<p>The cultivation and distillation of New Caledonian yellow sandalwood has a tradition that dates back to the 19th century, helping the Kanak people to reclaim their land. This know-how ensures the high quality of this precious essential oil with its warm, sensual and soothing woody fragrance. Rich in cis-a-santanol, trans-a-bergamotol, cis-b-santanol, cis-lanceol, cis-nuciferol, alpha-santalene and beta-santalene, it is an excellent venous and lymphatic decongestant, anti-inflammatory, hypotensive and soothing. Used in perfumery, cosmetics and well-being, it dispels bad vibes in energetic aromatherapy.<\/p>\n","protected":false},"excerpt":{"rendered":"<p>The cultivation and distillation of New Caledonian yellow sandalwood has a tradition that dates back to the 19th century, helping the Kanak people to reclaim their land. This know-how ensures the high quality of this precious essential oil with its warm, sensual and soothing woody fragrance. Rich in cis-a-santanol, trans-a-bergamotol, cis-b-santanol, cis-lanceol, cis-nuciferol, alpha-santalene and [&hellip;]<\/p>\n","protected":false},"featured_media":6978,"template":"","meta":[],"product_cat":[390,451,452],"product_tag":[],"class_list":{"0":"post-5295","1":"product","2":"type-product","3":"status-publish","4":"has-post-thumbnail","6":"product_cat-essential-oils","7":"product_cat-aromatherapy-wholesaler-essential-oil","8":"product_cat-bulk-essential-oils-aromatherapy-wholesaler-essential-oil","9":"pa_certifications-organic","10":"pa_origines-asia-oceania","11":"pa_usages-cosmetic","12":"pa_usages-diffusion-en","13":"pa_usages-perfumery","15":"first","16":"instock","17":"purchasable","18":"product-type-simple"},"acf":[],"yoast_head":"<!-- This site is optimized with the Yoast SEO plugin v23.9 - https:\/\/yoast.com\/wordpress\/plugins\/seo\/ -->\n<title>Essential oil Organic sandal (New Caledonia) | HELPAC<\/title>\n<meta name=\"description\" content=\"Favorisant la r\u00e9appropriation de leurs terres par la population kanak, la culture et la distillation du Santal jaune de Nouvelle-Cal\u00e9donie est issue d\u2019une tradition qui remonte au XIXe si\u00e8cle : ce savoir-faire assure une tr\u00e8s haute qualit\u00e9 de cette huile essentielle pr\u00e9cieuse au parfum bois\u00e9 tr\u00e8s chaleureux, sensuel et apaisant. Riche en cis-a-santanol, trans-a-bergamotol, cis-b-santanol, cis-lanc\u00e9ol, cis-nucif\u00e9rol, alpha-santal\u00e8ne et b\u00e9ta-santal\u00e8ne, c\u2019est une excellente d\u00e9congestionnante veineuse et lymphatique, anti-inflammatoire, hypotensive et calmante. Utilis\u00e9e en parfumerie, en cosm\u00e9tique, en bien-\u00eatre, elle chasse les mauvaises ondes en aromath\u00e9rapie \u00e9nerg\u00e9tique.\" \/>\n<meta name=\"robots\" content=\"index, follow, max-snippet:-1, max-image-preview:large, max-video-preview:-1\" \/>\n<link rel=\"canonical\" href=\"https:\/\/www.laboratoire-helpac.com\/en\/p\/sandalwood-organic\/\" \/>\n<meta property=\"og:locale\" content=\"en_US\" \/>\n<meta property=\"og:type\" content=\"article\" \/>\n<meta property=\"og:title\" content=\"Essential oil Organic sandal (New Caledonia) | HELPAC\" \/>\n<meta property=\"og:description\" content=\"Favorisant la r\u00e9appropriation de leurs terres par la population kanak, la culture et la distillation du Santal jaune de Nouvelle-Cal\u00e9donie est issue d\u2019une tradition qui remonte au XIXe si\u00e8cle : ce savoir-faire assure une tr\u00e8s haute qualit\u00e9 de cette huile essentielle pr\u00e9cieuse au parfum bois\u00e9 tr\u00e8s chaleureux, sensuel et apaisant. Riche en cis-a-santanol, trans-a-bergamotol, cis-b-santanol, cis-lanc\u00e9ol, cis-nucif\u00e9rol, alpha-santal\u00e8ne et b\u00e9ta-santal\u00e8ne, c\u2019est une excellente d\u00e9congestionnante veineuse et lymphatique, anti-inflammatoire, hypotensive et calmante. Utilis\u00e9e en parfumerie, en cosm\u00e9tique, en bien-\u00eatre, elle chasse les mauvaises ondes en aromath\u00e9rapie \u00e9nerg\u00e9tique.\" \/>\n<meta property=\"og:url\" content=\"https:\/\/www.laboratoire-helpac.com\/en\/p\/sandalwood-organic\/\" \/>\n<meta property=\"og:site_name\" content=\"HELPAC\" \/>\n<meta property=\"article:modified_time\" content=\"2023-11-29T18:39:27+00:00\" \/>\n<meta property=\"og:image\" content=\"https:\/\/www.laboratoire-helpac.com\/wp-content\/uploads\/2023\/09\/HE_SANDALWOOD-EN.png\" \/>\n\t<meta property=\"og:image:width\" content=\"1280\" \/>\n\t<meta property=\"og:image:height\" content=\"1280\" \/>\n\t<meta property=\"og:image:type\" content=\"image\/png\" \/>\n<meta name=\"twitter:card\" content=\"summary_large_image\" \/>\n<script type=\"application\/ld+json\" class=\"yoast-schema-graph\">{\"@context\":\"https:\/\/schema.org\",\"@graph\":[{\"@type\":\"WebPage\",\"@id\":\"https:\/\/www.laboratoire-helpac.com\/en\/p\/sandalwood-organic\/\",\"url\":\"https:\/\/www.laboratoire-helpac.com\/en\/p\/sandalwood-organic\/\",\"name\":\"Essential oil Organic sandal (New Caledonia) | HELPAC\",\"isPartOf\":{\"@id\":\"https:\/\/www.laboratoire-helpac.com\/en\/#website\"},\"primaryImageOfPage\":{\"@id\":\"https:\/\/www.laboratoire-helpac.com\/en\/p\/sandalwood-organic\/#primaryimage\"},\"image\":{\"@id\":\"https:\/\/www.laboratoire-helpac.com\/en\/p\/sandalwood-organic\/#primaryimage\"},\"thumbnailUrl\":\"https:\/\/www.laboratoire-helpac.com\/wp-content\/uploads\/2023\/09\/HE_SANDALWOOD-EN.png\",\"datePublished\":\"2023-07-30T14:58:05+00:00\",\"dateModified\":\"2023-11-29T18:39:27+00:00\",\"description\":\"Favorisant la r\u00e9appropriation de leurs terres par la population kanak, la culture et la distillation du Santal jaune de Nouvelle-Cal\u00e9donie est issue d\u2019une tradition qui remonte au XIXe si\u00e8cle : ce savoir-faire assure une tr\u00e8s haute qualit\u00e9 de cette huile essentielle pr\u00e9cieuse au parfum bois\u00e9 tr\u00e8s chaleureux, sensuel et apaisant. Riche en cis-a-santanol, trans-a-bergamotol, cis-b-santanol, cis-lanc\u00e9ol, cis-nucif\u00e9rol, alpha-santal\u00e8ne et b\u00e9ta-santal\u00e8ne, c\u2019est une excellente d\u00e9congestionnante veineuse et lymphatique, anti-inflammatoire, hypotensive et calmante. Utilis\u00e9e en parfumerie, en cosm\u00e9tique, en bien-\u00eatre, elle chasse les mauvaises ondes en aromath\u00e9rapie \u00e9nerg\u00e9tique.\",\"breadcrumb\":{\"@id\":\"https:\/\/www.laboratoire-helpac.com\/en\/p\/sandalwood-organic\/#breadcrumb\"},\"inLanguage\":\"en-US\",\"potentialAction\":[{\"@type\":\"ReadAction\",\"target\":[\"https:\/\/www.laboratoire-helpac.com\/en\/p\/sandalwood-organic\/\"]}]},{\"@type\":\"ImageObject\",\"inLanguage\":\"en-US\",\"@id\":\"https:\/\/www.laboratoire-helpac.com\/en\/p\/sandalwood-organic\/#primaryimage\",\"url\":\"https:\/\/www.laboratoire-helpac.com\/wp-content\/uploads\/2023\/09\/HE_SANDALWOOD-EN.png\",\"contentUrl\":\"https:\/\/www.laboratoire-helpac.com\/wp-content\/uploads\/2023\/09\/HE_SANDALWOOD-EN.png\",\"width\":1280,\"height\":1280,\"caption\":\"Essential oil Organic sandal (New Caledonia) wholesaler\"},{\"@type\":\"BreadcrumbList\",\"@id\":\"https:\/\/www.laboratoire-helpac.com\/en\/p\/sandalwood-organic\/#breadcrumb\",\"itemListElement\":[{\"@type\":\"ListItem\",\"position\":1,\"name\":\"Accueil\",\"item\":\"https:\/\/www.laboratoire-helpac.com\/en\/\"},{\"@type\":\"ListItem\",\"position\":2,\"name\":\"Our ingredients\",\"item\":\"https:\/\/www.laboratoire-helpac.com\/en\/products\/\"},{\"@type\":\"ListItem\",\"position\":3,\"name\":\"SANDALWOOD ORGANIC\"}]},{\"@type\":\"WebSite\",\"@id\":\"https:\/\/www.laboratoire-helpac.com\/en\/#website\",\"url\":\"https:\/\/www.laboratoire-helpac.com\/en\/\",\"name\":\"HELPAC\",\"description\":\"\",\"publisher\":{\"@id\":\"https:\/\/www.laboratoire-helpac.com\/en\/#organization\"},\"potentialAction\":[{\"@type\":\"SearchAction\",\"target\":{\"@type\":\"EntryPoint\",\"urlTemplate\":\"https:\/\/www.laboratoire-helpac.com\/en\/?s={search_term_string}\"},\"query-input\":{\"@type\":\"PropertyValueSpecification\",\"valueRequired\":true,\"valueName\":\"search_term_string\"}}],\"inLanguage\":\"en-US\"},{\"@type\":\"Organization\",\"@id\":\"https:\/\/www.laboratoire-helpac.com\/en\/#organization\",\"name\":\"Helpac\",\"url\":\"https:\/\/www.laboratoire-helpac.com\/en\/\",\"logo\":{\"@type\":\"ImageObject\",\"inLanguage\":\"en-US\",\"@id\":\"https:\/\/www.laboratoire-helpac.com\/en\/#\/schema\/logo\/image\/\",\"url\":\"https:\/\/dev.fizzbuzz.fr\/helpac\/wp-content\/uploads\/2023\/05\/Logo-Helpac.jpg\",\"contentUrl\":\"https:\/\/dev.fizzbuzz.fr\/helpac\/wp-content\/uploads\/2023\/05\/Logo-Helpac.jpg\",\"width\":200,\"height\":200,\"caption\":\"Helpac\"},\"image\":{\"@id\":\"https:\/\/www.laboratoire-helpac.com\/en\/#\/schema\/logo\/image\/\"},\"sameAs\":[\"https:\/\/www.linkedin.com\/company\/helpac\/\"]}]}<\/script>\n<!-- \/ Yoast SEO plugin. -->","yoast_head_json":{"title":"Essential oil Organic sandal (New Caledonia) | HELPAC","description":"Favorisant la r\u00e9appropriation de leurs terres par la population kanak, la culture et la distillation du Santal jaune de Nouvelle-Cal\u00e9donie est issue d\u2019une tradition qui remonte au XIXe si\u00e8cle : ce savoir-faire assure une tr\u00e8s haute qualit\u00e9 de cette huile essentielle pr\u00e9cieuse au parfum bois\u00e9 tr\u00e8s chaleureux, sensuel et apaisant. Riche en cis-a-santanol, trans-a-bergamotol, cis-b-santanol, cis-lanc\u00e9ol, cis-nucif\u00e9rol, alpha-santal\u00e8ne et b\u00e9ta-santal\u00e8ne, c\u2019est une excellente d\u00e9congestionnante veineuse et lymphatique, anti-inflammatoire, hypotensive et calmante. Utilis\u00e9e en parfumerie, en cosm\u00e9tique, en bien-\u00eatre, elle chasse les mauvaises ondes en aromath\u00e9rapie \u00e9nerg\u00e9tique.","robots":{"index":"index","follow":"follow","max-snippet":"max-snippet:-1","max-image-preview":"max-image-preview:large","max-video-preview":"max-video-preview:-1"},"canonical":"https:\/\/www.laboratoire-helpac.com\/en\/p\/sandalwood-organic\/","og_locale":"en_US","og_type":"article","og_title":"Essential oil Organic sandal (New Caledonia) | HELPAC","og_description":"Favorisant la r\u00e9appropriation de leurs terres par la population kanak, la culture et la distillation du Santal jaune de Nouvelle-Cal\u00e9donie est issue d\u2019une tradition qui remonte au XIXe si\u00e8cle : ce savoir-faire assure une tr\u00e8s haute qualit\u00e9 de cette huile essentielle pr\u00e9cieuse au parfum bois\u00e9 tr\u00e8s chaleureux, sensuel et apaisant. Riche en cis-a-santanol, trans-a-bergamotol, cis-b-santanol, cis-lanc\u00e9ol, cis-nucif\u00e9rol, alpha-santal\u00e8ne et b\u00e9ta-santal\u00e8ne, c\u2019est une excellente d\u00e9congestionnante veineuse et lymphatique, anti-inflammatoire, hypotensive et calmante. Utilis\u00e9e en parfumerie, en cosm\u00e9tique, en bien-\u00eatre, elle chasse les mauvaises ondes en aromath\u00e9rapie \u00e9nerg\u00e9tique.","og_url":"https:\/\/www.laboratoire-helpac.com\/en\/p\/sandalwood-organic\/","og_site_name":"HELPAC","article_modified_time":"2023-11-29T18:39:27+00:00","og_image":[{"width":1280,"height":1280,"url":"https:\/\/www.laboratoire-helpac.com\/wp-content\/uploads\/2023\/09\/HE_SANDALWOOD-EN.png","type":"image\/png"}],"twitter_card":"summary_large_image","schema":{"@context":"https:\/\/schema.org","@graph":[{"@type":"WebPage","@id":"https:\/\/www.laboratoire-helpac.com\/en\/p\/sandalwood-organic\/","url":"https:\/\/www.laboratoire-helpac.com\/en\/p\/sandalwood-organic\/","name":"Essential oil Organic sandal (New Caledonia) | HELPAC","isPartOf":{"@id":"https:\/\/www.laboratoire-helpac.com\/en\/#website"},"primaryImageOfPage":{"@id":"https:\/\/www.laboratoire-helpac.com\/en\/p\/sandalwood-organic\/#primaryimage"},"image":{"@id":"https:\/\/www.laboratoire-helpac.com\/en\/p\/sandalwood-organic\/#primaryimage"},"thumbnailUrl":"https:\/\/www.laboratoire-helpac.com\/wp-content\/uploads\/2023\/09\/HE_SANDALWOOD-EN.png","datePublished":"2023-07-30T14:58:05+00:00","dateModified":"2023-11-29T18:39:27+00:00","description":"Favorisant la r\u00e9appropriation de leurs terres par la population kanak, la culture et la distillation du Santal jaune de Nouvelle-Cal\u00e9donie est issue d\u2019une tradition qui remonte au XIXe si\u00e8cle : ce savoir-faire assure une tr\u00e8s haute qualit\u00e9 de cette huile essentielle pr\u00e9cieuse au parfum bois\u00e9 tr\u00e8s chaleureux, sensuel et apaisant. Riche en cis-a-santanol, trans-a-bergamotol, cis-b-santanol, cis-lanc\u00e9ol, cis-nucif\u00e9rol, alpha-santal\u00e8ne et b\u00e9ta-santal\u00e8ne, c\u2019est une excellente d\u00e9congestionnante veineuse et lymphatique, anti-inflammatoire, hypotensive et calmante. Utilis\u00e9e en parfumerie, en cosm\u00e9tique, en bien-\u00eatre, elle chasse les mauvaises ondes en aromath\u00e9rapie \u00e9nerg\u00e9tique.","breadcrumb":{"@id":"https:\/\/www.laboratoire-helpac.com\/en\/p\/sandalwood-organic\/#breadcrumb"},"inLanguage":"en-US","potentialAction":[{"@type":"ReadAction","target":["https:\/\/www.laboratoire-helpac.com\/en\/p\/sandalwood-organic\/"]}]},{"@type":"ImageObject","inLanguage":"en-US","@id":"https:\/\/www.laboratoire-helpac.com\/en\/p\/sandalwood-organic\/#primaryimage","url":"https:\/\/www.laboratoire-helpac.com\/wp-content\/uploads\/2023\/09\/HE_SANDALWOOD-EN.png","contentUrl":"https:\/\/www.laboratoire-helpac.com\/wp-content\/uploads\/2023\/09\/HE_SANDALWOOD-EN.png","width":1280,"height":1280,"caption":"Essential oil Organic sandal (New Caledonia) wholesaler"},{"@type":"BreadcrumbList","@id":"https:\/\/www.laboratoire-helpac.com\/en\/p\/sandalwood-organic\/#breadcrumb","itemListElement":[{"@type":"ListItem","position":1,"name":"Accueil","item":"https:\/\/www.laboratoire-helpac.com\/en\/"},{"@type":"ListItem","position":2,"name":"Our ingredients","item":"https:\/\/www.laboratoire-helpac.com\/en\/products\/"},{"@type":"ListItem","position":3,"name":"SANDALWOOD ORGANIC"}]},{"@type":"WebSite","@id":"https:\/\/www.laboratoire-helpac.com\/en\/#website","url":"https:\/\/www.laboratoire-helpac.com\/en\/","name":"HELPAC","description":"","publisher":{"@id":"https:\/\/www.laboratoire-helpac.com\/en\/#organization"},"potentialAction":[{"@type":"SearchAction","target":{"@type":"EntryPoint","urlTemplate":"https:\/\/www.laboratoire-helpac.com\/en\/?s={search_term_string}"},"query-input":{"@type":"PropertyValueSpecification","valueRequired":true,"valueName":"search_term_string"}}],"inLanguage":"en-US"},{"@type":"Organization","@id":"https:\/\/www.laboratoire-helpac.com\/en\/#organization","name":"Helpac","url":"https:\/\/www.laboratoire-helpac.com\/en\/","logo":{"@type":"ImageObject","inLanguage":"en-US","@id":"https:\/\/www.laboratoire-helpac.com\/en\/#\/schema\/logo\/image\/","url":"https:\/\/dev.fizzbuzz.fr\/helpac\/wp-content\/uploads\/2023\/05\/Logo-Helpac.jpg","contentUrl":"https:\/\/dev.fizzbuzz.fr\/helpac\/wp-content\/uploads\/2023\/05\/Logo-Helpac.jpg","width":200,"height":200,"caption":"Helpac"},"image":{"@id":"https:\/\/www.laboratoire-helpac.com\/en\/#\/schema\/logo\/image\/"},"sameAs":["https:\/\/www.linkedin.com\/company\/helpac\/"]}]}},"_links":{"self":[{"href":"https:\/\/www.laboratoire-helpac.com\/en\/wp-json\/wp\/v2\/product\/5295","targetHints":{"allow":["GET"]}}],"collection":[{"href":"https:\/\/www.laboratoire-helpac.com\/en\/wp-json\/wp\/v2\/product"}],"about":[{"href":"https:\/\/www.laboratoire-helpac.com\/en\/wp-json\/wp\/v2\/types\/product"}],"wp:featuredmedia":[{"embeddable":true,"href":"https:\/\/www.laboratoire-helpac.com\/en\/wp-json\/wp\/v2\/media\/6978"}],"wp:attachment":[{"href":"https:\/\/www.laboratoire-helpac.com\/en\/wp-json\/wp\/v2\/media?parent=5295"}],"wp:term":[{"taxonomy":"product_cat","embeddable":true,"href":"https:\/\/www.laboratoire-helpac.com\/en\/wp-json\/wp\/v2\/product_cat?post=5295"},{"taxonomy":"product_tag","embeddable":true,"href":"https:\/\/www.laboratoire-helpac.com\/en\/wp-json\/wp\/v2\/product_tag?post=5295"}],"curies":[{"name":"wp","href":"https:\/\/api.w.org\/{rel}","templated":true}]}}