{"id":5290,"date":"2023-07-30T16:57:52","date_gmt":"2023-07-30T14:57:52","guid":{"rendered":"http:\/\/localhost\/wordpress\/produit\/organic-rosemary-4\/"},"modified":"2023-11-29T19:39:24","modified_gmt":"2023-11-29T18:39:24","slug":"rosemary-verbenone-organic-2","status":"publish","type":"product","link":"https:\/\/www.laboratoire-helpac.com\/en\/p\/rosemary-verbenone-organic-2\/","title":{"rendered":"ROSEMARY VERBENONE ORGANIC"},"content":{"rendered":"<p>Harvested and distilled in France, our Rosemary verbenone essential oil has a stimulating, more subtle, gentle, flowery fragrance, much appreciated in perfumery. Particularly renowned for its detoxifying properties for the liver, it is also highly recommended for its regenerating, purifying, repairing and balancing qualities for the skin. In energetic aromatherapy, it is diffused when you need to concentrate, think clearly or to dispel temporary dark thoughts linked to nervous fatigue.<\/p>\n","protected":false},"excerpt":{"rendered":"<p>Harvested and distilled in France, our Rosemary verbenone essential oil has a stimulating, more subtle, gentle, flowery fragrance, much appreciated in perfumery. Particularly renowned for its detoxifying properties for the liver, it is also highly recommended for its regenerating, purifying, repairing and balancing qualities for the skin. In energetic aromatherapy, it is diffused when you [&hellip;]<\/p>\n","protected":false},"featured_media":6973,"template":"","meta":[],"product_cat":[390,451,452],"product_tag":[],"class_list":{"0":"post-5290","1":"product","2":"type-product","3":"status-publish","4":"has-post-thumbnail","6":"product_cat-essential-oils","7":"product_cat-aromatherapy-wholesaler-essential-oil","8":"product_cat-bulk-essential-oils-aromatherapy-wholesaler-essential-oil","9":"pa_certifications-organic","10":"pa_origines-france-en","11":"pa_usages-cosmetic","12":"pa_usages-diffusion-en","13":"pa_usages-food","14":"pa_usages-perfumery","16":"first","17":"instock","18":"purchasable","19":"product-type-simple"},"acf":[],"yoast_head":"<!-- This site is optimized with the Yoast SEO plugin v23.9 - https:\/\/yoast.com\/wordpress\/plugins\/seo\/ -->\n<title>Essential oil Organic Rosemary (France) | HELPAC<\/title>\n<meta name=\"description\" content=\"R\u00e9colt\u00e9e et distill\u00e9e en France, notre huile essentielle de Romarin \u00e0 verb\u00e9none poss\u00e8de un parfum stimulant, plus subtile, doux et fleuri, tr\u00e8s appr\u00e9ci\u00e9 en parfumerie. Particuli\u00e8rement r\u00e9put\u00e9e pour ses qualit\u00e9s sur la sph\u00e8re h\u00e9patique (d\u00e9toxifiante), elle est \u00e9galement tr\u00e8s recommand\u00e9e pour ses qualit\u00e9s r\u00e9g\u00e9n\u00e9rante, purifiantes, r\u00e9paratrices et \u00e9quilibrantes pour la peau. En aromath\u00e9rapie \u00e9nerg\u00e9tique, on la diffuse lorsqu\u2019on a besoin de se concentrer, d\u2019avoir les id\u00e9es claires ou pour chasser des id\u00e9es noires passag\u00e8res, li\u00e9es \u00e0 la fatigue nerveuse.\" \/>\n<meta name=\"robots\" content=\"index, follow, max-snippet:-1, max-image-preview:large, max-video-preview:-1\" \/>\n<link rel=\"canonical\" href=\"https:\/\/www.laboratoire-helpac.com\/en\/p\/rosemary-verbenone-organic-2\/\" \/>\n<meta property=\"og:locale\" content=\"en_US\" \/>\n<meta property=\"og:type\" content=\"article\" \/>\n<meta property=\"og:title\" content=\"Essential oil Organic Rosemary (France) | HELPAC\" \/>\n<meta property=\"og:description\" content=\"R\u00e9colt\u00e9e et distill\u00e9e en France, notre huile essentielle de Romarin \u00e0 verb\u00e9none poss\u00e8de un parfum stimulant, plus subtile, doux et fleuri, tr\u00e8s appr\u00e9ci\u00e9 en parfumerie. Particuli\u00e8rement r\u00e9put\u00e9e pour ses qualit\u00e9s sur la sph\u00e8re h\u00e9patique (d\u00e9toxifiante), elle est \u00e9galement tr\u00e8s recommand\u00e9e pour ses qualit\u00e9s r\u00e9g\u00e9n\u00e9rante, purifiantes, r\u00e9paratrices et \u00e9quilibrantes pour la peau. En aromath\u00e9rapie \u00e9nerg\u00e9tique, on la diffuse lorsqu\u2019on a besoin de se concentrer, d\u2019avoir les id\u00e9es claires ou pour chasser des id\u00e9es noires passag\u00e8res, li\u00e9es \u00e0 la fatigue nerveuse.\" \/>\n<meta property=\"og:url\" content=\"https:\/\/www.laboratoire-helpac.com\/en\/p\/rosemary-verbenone-organic-2\/\" \/>\n<meta property=\"og:site_name\" content=\"HELPAC\" \/>\n<meta property=\"article:modified_time\" content=\"2023-11-29T18:39:24+00:00\" \/>\n<meta property=\"og:image\" content=\"https:\/\/www.laboratoire-helpac.com\/wp-content\/uploads\/2023\/09\/HE_ROSEMARYVERBENONE-EN-1.png\" \/>\n\t<meta property=\"og:image:width\" content=\"1280\" \/>\n\t<meta property=\"og:image:height\" content=\"1280\" \/>\n\t<meta property=\"og:image:type\" content=\"image\/png\" \/>\n<meta name=\"twitter:card\" content=\"summary_large_image\" \/>\n<script type=\"application\/ld+json\" class=\"yoast-schema-graph\">{\"@context\":\"https:\/\/schema.org\",\"@graph\":[{\"@type\":\"WebPage\",\"@id\":\"https:\/\/www.laboratoire-helpac.com\/en\/p\/rosemary-verbenone-organic-2\/\",\"url\":\"https:\/\/www.laboratoire-helpac.com\/en\/p\/rosemary-verbenone-organic-2\/\",\"name\":\"Essential oil Organic Rosemary (France) | HELPAC\",\"isPartOf\":{\"@id\":\"https:\/\/www.laboratoire-helpac.com\/en\/#website\"},\"primaryImageOfPage\":{\"@id\":\"https:\/\/www.laboratoire-helpac.com\/en\/p\/rosemary-verbenone-organic-2\/#primaryimage\"},\"image\":{\"@id\":\"https:\/\/www.laboratoire-helpac.com\/en\/p\/rosemary-verbenone-organic-2\/#primaryimage\"},\"thumbnailUrl\":\"https:\/\/www.laboratoire-helpac.com\/wp-content\/uploads\/2023\/09\/HE_ROSEMARYVERBENONE-EN-1.png\",\"datePublished\":\"2023-07-30T14:57:52+00:00\",\"dateModified\":\"2023-11-29T18:39:24+00:00\",\"description\":\"R\u00e9colt\u00e9e et distill\u00e9e en France, notre huile essentielle de Romarin \u00e0 verb\u00e9none poss\u00e8de un parfum stimulant, plus subtile, doux et fleuri, tr\u00e8s appr\u00e9ci\u00e9 en parfumerie. Particuli\u00e8rement r\u00e9put\u00e9e pour ses qualit\u00e9s sur la sph\u00e8re h\u00e9patique (d\u00e9toxifiante), elle est \u00e9galement tr\u00e8s recommand\u00e9e pour ses qualit\u00e9s r\u00e9g\u00e9n\u00e9rante, purifiantes, r\u00e9paratrices et \u00e9quilibrantes pour la peau. En aromath\u00e9rapie \u00e9nerg\u00e9tique, on la diffuse lorsqu\u2019on a besoin de se concentrer, d\u2019avoir les id\u00e9es claires ou pour chasser des id\u00e9es noires passag\u00e8res, li\u00e9es \u00e0 la fatigue nerveuse.\",\"breadcrumb\":{\"@id\":\"https:\/\/www.laboratoire-helpac.com\/en\/p\/rosemary-verbenone-organic-2\/#breadcrumb\"},\"inLanguage\":\"en-US\",\"potentialAction\":[{\"@type\":\"ReadAction\",\"target\":[\"https:\/\/www.laboratoire-helpac.com\/en\/p\/rosemary-verbenone-organic-2\/\"]}]},{\"@type\":\"ImageObject\",\"inLanguage\":\"en-US\",\"@id\":\"https:\/\/www.laboratoire-helpac.com\/en\/p\/rosemary-verbenone-organic-2\/#primaryimage\",\"url\":\"https:\/\/www.laboratoire-helpac.com\/wp-content\/uploads\/2023\/09\/HE_ROSEMARYVERBENONE-EN-1.png\",\"contentUrl\":\"https:\/\/www.laboratoire-helpac.com\/wp-content\/uploads\/2023\/09\/HE_ROSEMARYVERBENONE-EN-1.png\",\"width\":1280,\"height\":1280,\"caption\":\"Essential oil Organic Rosemary (France) wholesaler\"},{\"@type\":\"BreadcrumbList\",\"@id\":\"https:\/\/www.laboratoire-helpac.com\/en\/p\/rosemary-verbenone-organic-2\/#breadcrumb\",\"itemListElement\":[{\"@type\":\"ListItem\",\"position\":1,\"name\":\"Accueil\",\"item\":\"https:\/\/www.laboratoire-helpac.com\/en\/\"},{\"@type\":\"ListItem\",\"position\":2,\"name\":\"Our ingredients\",\"item\":\"https:\/\/www.laboratoire-helpac.com\/en\/products\/\"},{\"@type\":\"ListItem\",\"position\":3,\"name\":\"ROSEMARY VERBENONE ORGANIC\"}]},{\"@type\":\"WebSite\",\"@id\":\"https:\/\/www.laboratoire-helpac.com\/en\/#website\",\"url\":\"https:\/\/www.laboratoire-helpac.com\/en\/\",\"name\":\"HELPAC\",\"description\":\"\",\"publisher\":{\"@id\":\"https:\/\/www.laboratoire-helpac.com\/en\/#organization\"},\"potentialAction\":[{\"@type\":\"SearchAction\",\"target\":{\"@type\":\"EntryPoint\",\"urlTemplate\":\"https:\/\/www.laboratoire-helpac.com\/en\/?s={search_term_string}\"},\"query-input\":{\"@type\":\"PropertyValueSpecification\",\"valueRequired\":true,\"valueName\":\"search_term_string\"}}],\"inLanguage\":\"en-US\"},{\"@type\":\"Organization\",\"@id\":\"https:\/\/www.laboratoire-helpac.com\/en\/#organization\",\"name\":\"Helpac\",\"url\":\"https:\/\/www.laboratoire-helpac.com\/en\/\",\"logo\":{\"@type\":\"ImageObject\",\"inLanguage\":\"en-US\",\"@id\":\"https:\/\/www.laboratoire-helpac.com\/en\/#\/schema\/logo\/image\/\",\"url\":\"https:\/\/dev.fizzbuzz.fr\/helpac\/wp-content\/uploads\/2023\/05\/Logo-Helpac.jpg\",\"contentUrl\":\"https:\/\/dev.fizzbuzz.fr\/helpac\/wp-content\/uploads\/2023\/05\/Logo-Helpac.jpg\",\"width\":200,\"height\":200,\"caption\":\"Helpac\"},\"image\":{\"@id\":\"https:\/\/www.laboratoire-helpac.com\/en\/#\/schema\/logo\/image\/\"},\"sameAs\":[\"https:\/\/www.linkedin.com\/company\/helpac\/\"]}]}<\/script>\n<!-- \/ Yoast SEO plugin. -->","yoast_head_json":{"title":"Essential oil Organic Rosemary (France) | HELPAC","description":"R\u00e9colt\u00e9e et distill\u00e9e en France, notre huile essentielle de Romarin \u00e0 verb\u00e9none poss\u00e8de un parfum stimulant, plus subtile, doux et fleuri, tr\u00e8s appr\u00e9ci\u00e9 en parfumerie. Particuli\u00e8rement r\u00e9put\u00e9e pour ses qualit\u00e9s sur la sph\u00e8re h\u00e9patique (d\u00e9toxifiante), elle est \u00e9galement tr\u00e8s recommand\u00e9e pour ses qualit\u00e9s r\u00e9g\u00e9n\u00e9rante, purifiantes, r\u00e9paratrices et \u00e9quilibrantes pour la peau. En aromath\u00e9rapie \u00e9nerg\u00e9tique, on la diffuse lorsqu\u2019on a besoin de se concentrer, d\u2019avoir les id\u00e9es claires ou pour chasser des id\u00e9es noires passag\u00e8res, li\u00e9es \u00e0 la fatigue nerveuse.","robots":{"index":"index","follow":"follow","max-snippet":"max-snippet:-1","max-image-preview":"max-image-preview:large","max-video-preview":"max-video-preview:-1"},"canonical":"https:\/\/www.laboratoire-helpac.com\/en\/p\/rosemary-verbenone-organic-2\/","og_locale":"en_US","og_type":"article","og_title":"Essential oil Organic Rosemary (France) | HELPAC","og_description":"R\u00e9colt\u00e9e et distill\u00e9e en France, notre huile essentielle de Romarin \u00e0 verb\u00e9none poss\u00e8de un parfum stimulant, plus subtile, doux et fleuri, tr\u00e8s appr\u00e9ci\u00e9 en parfumerie. Particuli\u00e8rement r\u00e9put\u00e9e pour ses qualit\u00e9s sur la sph\u00e8re h\u00e9patique (d\u00e9toxifiante), elle est \u00e9galement tr\u00e8s recommand\u00e9e pour ses qualit\u00e9s r\u00e9g\u00e9n\u00e9rante, purifiantes, r\u00e9paratrices et \u00e9quilibrantes pour la peau. En aromath\u00e9rapie \u00e9nerg\u00e9tique, on la diffuse lorsqu\u2019on a besoin de se concentrer, d\u2019avoir les id\u00e9es claires ou pour chasser des id\u00e9es noires passag\u00e8res, li\u00e9es \u00e0 la fatigue nerveuse.","og_url":"https:\/\/www.laboratoire-helpac.com\/en\/p\/rosemary-verbenone-organic-2\/","og_site_name":"HELPAC","article_modified_time":"2023-11-29T18:39:24+00:00","og_image":[{"width":1280,"height":1280,"url":"https:\/\/www.laboratoire-helpac.com\/wp-content\/uploads\/2023\/09\/HE_ROSEMARYVERBENONE-EN-1.png","type":"image\/png"}],"twitter_card":"summary_large_image","schema":{"@context":"https:\/\/schema.org","@graph":[{"@type":"WebPage","@id":"https:\/\/www.laboratoire-helpac.com\/en\/p\/rosemary-verbenone-organic-2\/","url":"https:\/\/www.laboratoire-helpac.com\/en\/p\/rosemary-verbenone-organic-2\/","name":"Essential oil Organic Rosemary (France) | HELPAC","isPartOf":{"@id":"https:\/\/www.laboratoire-helpac.com\/en\/#website"},"primaryImageOfPage":{"@id":"https:\/\/www.laboratoire-helpac.com\/en\/p\/rosemary-verbenone-organic-2\/#primaryimage"},"image":{"@id":"https:\/\/www.laboratoire-helpac.com\/en\/p\/rosemary-verbenone-organic-2\/#primaryimage"},"thumbnailUrl":"https:\/\/www.laboratoire-helpac.com\/wp-content\/uploads\/2023\/09\/HE_ROSEMARYVERBENONE-EN-1.png","datePublished":"2023-07-30T14:57:52+00:00","dateModified":"2023-11-29T18:39:24+00:00","description":"R\u00e9colt\u00e9e et distill\u00e9e en France, notre huile essentielle de Romarin \u00e0 verb\u00e9none poss\u00e8de un parfum stimulant, plus subtile, doux et fleuri, tr\u00e8s appr\u00e9ci\u00e9 en parfumerie. Particuli\u00e8rement r\u00e9put\u00e9e pour ses qualit\u00e9s sur la sph\u00e8re h\u00e9patique (d\u00e9toxifiante), elle est \u00e9galement tr\u00e8s recommand\u00e9e pour ses qualit\u00e9s r\u00e9g\u00e9n\u00e9rante, purifiantes, r\u00e9paratrices et \u00e9quilibrantes pour la peau. En aromath\u00e9rapie \u00e9nerg\u00e9tique, on la diffuse lorsqu\u2019on a besoin de se concentrer, d\u2019avoir les id\u00e9es claires ou pour chasser des id\u00e9es noires passag\u00e8res, li\u00e9es \u00e0 la fatigue nerveuse.","breadcrumb":{"@id":"https:\/\/www.laboratoire-helpac.com\/en\/p\/rosemary-verbenone-organic-2\/#breadcrumb"},"inLanguage":"en-US","potentialAction":[{"@type":"ReadAction","target":["https:\/\/www.laboratoire-helpac.com\/en\/p\/rosemary-verbenone-organic-2\/"]}]},{"@type":"ImageObject","inLanguage":"en-US","@id":"https:\/\/www.laboratoire-helpac.com\/en\/p\/rosemary-verbenone-organic-2\/#primaryimage","url":"https:\/\/www.laboratoire-helpac.com\/wp-content\/uploads\/2023\/09\/HE_ROSEMARYVERBENONE-EN-1.png","contentUrl":"https:\/\/www.laboratoire-helpac.com\/wp-content\/uploads\/2023\/09\/HE_ROSEMARYVERBENONE-EN-1.png","width":1280,"height":1280,"caption":"Essential oil Organic Rosemary (France) wholesaler"},{"@type":"BreadcrumbList","@id":"https:\/\/www.laboratoire-helpac.com\/en\/p\/rosemary-verbenone-organic-2\/#breadcrumb","itemListElement":[{"@type":"ListItem","position":1,"name":"Accueil","item":"https:\/\/www.laboratoire-helpac.com\/en\/"},{"@type":"ListItem","position":2,"name":"Our ingredients","item":"https:\/\/www.laboratoire-helpac.com\/en\/products\/"},{"@type":"ListItem","position":3,"name":"ROSEMARY VERBENONE ORGANIC"}]},{"@type":"WebSite","@id":"https:\/\/www.laboratoire-helpac.com\/en\/#website","url":"https:\/\/www.laboratoire-helpac.com\/en\/","name":"HELPAC","description":"","publisher":{"@id":"https:\/\/www.laboratoire-helpac.com\/en\/#organization"},"potentialAction":[{"@type":"SearchAction","target":{"@type":"EntryPoint","urlTemplate":"https:\/\/www.laboratoire-helpac.com\/en\/?s={search_term_string}"},"query-input":{"@type":"PropertyValueSpecification","valueRequired":true,"valueName":"search_term_string"}}],"inLanguage":"en-US"},{"@type":"Organization","@id":"https:\/\/www.laboratoire-helpac.com\/en\/#organization","name":"Helpac","url":"https:\/\/www.laboratoire-helpac.com\/en\/","logo":{"@type":"ImageObject","inLanguage":"en-US","@id":"https:\/\/www.laboratoire-helpac.com\/en\/#\/schema\/logo\/image\/","url":"https:\/\/dev.fizzbuzz.fr\/helpac\/wp-content\/uploads\/2023\/05\/Logo-Helpac.jpg","contentUrl":"https:\/\/dev.fizzbuzz.fr\/helpac\/wp-content\/uploads\/2023\/05\/Logo-Helpac.jpg","width":200,"height":200,"caption":"Helpac"},"image":{"@id":"https:\/\/www.laboratoire-helpac.com\/en\/#\/schema\/logo\/image\/"},"sameAs":["https:\/\/www.linkedin.com\/company\/helpac\/"]}]}},"_links":{"self":[{"href":"https:\/\/www.laboratoire-helpac.com\/en\/wp-json\/wp\/v2\/product\/5290","targetHints":{"allow":["GET"]}}],"collection":[{"href":"https:\/\/www.laboratoire-helpac.com\/en\/wp-json\/wp\/v2\/product"}],"about":[{"href":"https:\/\/www.laboratoire-helpac.com\/en\/wp-json\/wp\/v2\/types\/product"}],"wp:featuredmedia":[{"embeddable":true,"href":"https:\/\/www.laboratoire-helpac.com\/en\/wp-json\/wp\/v2\/media\/6973"}],"wp:attachment":[{"href":"https:\/\/www.laboratoire-helpac.com\/en\/wp-json\/wp\/v2\/media?parent=5290"}],"wp:term":[{"taxonomy":"product_cat","embeddable":true,"href":"https:\/\/www.laboratoire-helpac.com\/en\/wp-json\/wp\/v2\/product_cat?post=5290"},{"taxonomy":"product_tag","embeddable":true,"href":"https:\/\/www.laboratoire-helpac.com\/en\/wp-json\/wp\/v2\/product_tag?post=5290"}],"curies":[{"name":"wp","href":"https:\/\/api.w.org\/{rel}","templated":true}]}}