{"id":5286,"date":"2023-07-30T16:57:52","date_gmt":"2023-07-30T14:57:52","guid":{"rendered":"http:\/\/localhost\/wordpress\/produit\/cineol-rosemary-2\/"},"modified":"2023-11-29T19:39:23","modified_gmt":"2023-11-29T18:39:23","slug":"rosemary-cineol-2","status":"publish","type":"product","link":"https:\/\/www.laboratoire-helpac.com\/en\/p\/rosemary-cineol-2\/","title":{"rendered":"ROSEMARY CINEOL"},"content":{"rendered":"<p>Fresh, balsamic, citrusy and distinctive, Rosemary cineol essential oil is ideal for use in food! A remarkable hair and skin tonic, it is also known for its cosmetic uses. Composed of 1,8-cineole, camphor, alpha-pinene, beta-pinene and borneol, it is also known for its antifungal, anticatarrhal, expectorant and mucolytic virtues, and therefore respiratory problems, cystitis and candidiasis. Particularly interesting in energy aromatherapy, it helps improve memory, concentration and attention (elderly people, exams, etc.).<\/p>\n","protected":false},"excerpt":{"rendered":"<p>Fresh, balsamic, citrusy and distinctive, Rosemary cineol essential oil is ideal for use in food! A remarkable hair and skin tonic, it is also known for its cosmetic uses. Composed of 1,8-cineole, camphor, alpha-pinene, beta-pinene and borneol, it is also known for its antifungal, anticatarrhal, expectorant and mucolytic virtues, and therefore respiratory problems, cystitis and [&hellip;]<\/p>\n","protected":false},"featured_media":6969,"template":"","meta":[],"product_cat":[390,451,452],"product_tag":[],"class_list":{"0":"post-5286","1":"product","2":"type-product","3":"status-publish","4":"has-post-thumbnail","6":"product_cat-essential-oils","7":"product_cat-aromatherapy-wholesaler-essential-oil","8":"product_cat-bulk-essential-oils-aromatherapy-wholesaler-essential-oil","9":"pa_certifications-conventional","10":"pa_origines-africa","11":"pa_usages-cosmetic","12":"pa_usages-diffusion-en","13":"pa_usages-food","14":"pa_usages-perfumery","16":"first","17":"instock","18":"purchasable","19":"product-type-simple"},"acf":[],"yoast_head":"<!-- This site is optimized with the Yoast SEO plugin v23.9 - https:\/\/yoast.com\/wordpress\/plugins\/seo\/ -->\n<title>Essential oil Cineol rosemary (Tunisia) | HELPAC<\/title>\n<meta name=\"description\" content=\"Fra\u00eeche, balsamique, agreste, caract\u00e9ristique, l\u2019huile essentielle de Romarin \u00e0 cin\u00e9ole est la plus indiqu\u00e9e pour une utilisation alimentaire ! Remarquable tonique capillaire et cutan\u00e9, elle est \u00e9galement connue pour ses utilisations en cosm\u00e9tique. Compos\u00e9e de 1,8-cin\u00e9ole, camphre, alpha-pin\u00e8ne, b\u00e9ta-pin\u00e8ne et born\u00e9ol, elle est aussi connue pour ses vertus antifongique, anticatarrhale, expectorante et mucolytique et donc les probl\u00e8mes respiratoires, cystites et candidoses. Particuli\u00e8rement int\u00e9ressante en aromath\u00e9rapie \u00e9nerg\u00e9tique, elle aide \u00e0 am\u00e9liore la m\u00e9moire, la concentration et l&#039;attention (personnes \u00e2g\u00e9es, examens, etc.).\" \/>\n<meta name=\"robots\" content=\"index, follow, max-snippet:-1, max-image-preview:large, max-video-preview:-1\" \/>\n<link rel=\"canonical\" href=\"https:\/\/www.laboratoire-helpac.com\/en\/p\/rosemary-cineol-2\/\" \/>\n<meta property=\"og:locale\" content=\"en_US\" \/>\n<meta property=\"og:type\" content=\"article\" \/>\n<meta property=\"og:title\" content=\"Essential oil Cineol rosemary (Tunisia) | HELPAC\" \/>\n<meta property=\"og:description\" content=\"Fra\u00eeche, balsamique, agreste, caract\u00e9ristique, l\u2019huile essentielle de Romarin \u00e0 cin\u00e9ole est la plus indiqu\u00e9e pour une utilisation alimentaire ! Remarquable tonique capillaire et cutan\u00e9, elle est \u00e9galement connue pour ses utilisations en cosm\u00e9tique. Compos\u00e9e de 1,8-cin\u00e9ole, camphre, alpha-pin\u00e8ne, b\u00e9ta-pin\u00e8ne et born\u00e9ol, elle est aussi connue pour ses vertus antifongique, anticatarrhale, expectorante et mucolytique et donc les probl\u00e8mes respiratoires, cystites et candidoses. Particuli\u00e8rement int\u00e9ressante en aromath\u00e9rapie \u00e9nerg\u00e9tique, elle aide \u00e0 am\u00e9liore la m\u00e9moire, la concentration et l&#039;attention (personnes \u00e2g\u00e9es, examens, etc.).\" \/>\n<meta property=\"og:url\" content=\"https:\/\/www.laboratoire-helpac.com\/en\/p\/rosemary-cineol-2\/\" \/>\n<meta property=\"og:site_name\" content=\"HELPAC\" \/>\n<meta property=\"article:modified_time\" content=\"2023-11-29T18:39:23+00:00\" \/>\n<meta property=\"og:image\" content=\"https:\/\/www.laboratoire-helpac.com\/wp-content\/uploads\/2023\/09\/HE_ROSEMARYCINEOL-EN-1.png\" \/>\n\t<meta property=\"og:image:width\" content=\"1280\" \/>\n\t<meta property=\"og:image:height\" content=\"1280\" \/>\n\t<meta property=\"og:image:type\" content=\"image\/png\" \/>\n<meta name=\"twitter:card\" content=\"summary_large_image\" \/>\n<script type=\"application\/ld+json\" class=\"yoast-schema-graph\">{\"@context\":\"https:\/\/schema.org\",\"@graph\":[{\"@type\":\"WebPage\",\"@id\":\"https:\/\/www.laboratoire-helpac.com\/en\/p\/rosemary-cineol-2\/\",\"url\":\"https:\/\/www.laboratoire-helpac.com\/en\/p\/rosemary-cineol-2\/\",\"name\":\"Essential oil Cineol rosemary (Tunisia) | HELPAC\",\"isPartOf\":{\"@id\":\"https:\/\/www.laboratoire-helpac.com\/en\/#website\"},\"primaryImageOfPage\":{\"@id\":\"https:\/\/www.laboratoire-helpac.com\/en\/p\/rosemary-cineol-2\/#primaryimage\"},\"image\":{\"@id\":\"https:\/\/www.laboratoire-helpac.com\/en\/p\/rosemary-cineol-2\/#primaryimage\"},\"thumbnailUrl\":\"https:\/\/www.laboratoire-helpac.com\/wp-content\/uploads\/2023\/09\/HE_ROSEMARYCINEOL-EN-1.png\",\"datePublished\":\"2023-07-30T14:57:52+00:00\",\"dateModified\":\"2023-11-29T18:39:23+00:00\",\"description\":\"Fra\u00eeche, balsamique, agreste, caract\u00e9ristique, l\u2019huile essentielle de Romarin \u00e0 cin\u00e9ole est la plus indiqu\u00e9e pour une utilisation alimentaire ! Remarquable tonique capillaire et cutan\u00e9, elle est \u00e9galement connue pour ses utilisations en cosm\u00e9tique. Compos\u00e9e de 1,8-cin\u00e9ole, camphre, alpha-pin\u00e8ne, b\u00e9ta-pin\u00e8ne et born\u00e9ol, elle est aussi connue pour ses vertus antifongique, anticatarrhale, expectorante et mucolytique et donc les probl\u00e8mes respiratoires, cystites et candidoses. Particuli\u00e8rement int\u00e9ressante en aromath\u00e9rapie \u00e9nerg\u00e9tique, elle aide \u00e0 am\u00e9liore la m\u00e9moire, la concentration et l'attention (personnes \u00e2g\u00e9es, examens, etc.).\",\"breadcrumb\":{\"@id\":\"https:\/\/www.laboratoire-helpac.com\/en\/p\/rosemary-cineol-2\/#breadcrumb\"},\"inLanguage\":\"en-US\",\"potentialAction\":[{\"@type\":\"ReadAction\",\"target\":[\"https:\/\/www.laboratoire-helpac.com\/en\/p\/rosemary-cineol-2\/\"]}]},{\"@type\":\"ImageObject\",\"inLanguage\":\"en-US\",\"@id\":\"https:\/\/www.laboratoire-helpac.com\/en\/p\/rosemary-cineol-2\/#primaryimage\",\"url\":\"https:\/\/www.laboratoire-helpac.com\/wp-content\/uploads\/2023\/09\/HE_ROSEMARYCINEOL-EN-1.png\",\"contentUrl\":\"https:\/\/www.laboratoire-helpac.com\/wp-content\/uploads\/2023\/09\/HE_ROSEMARYCINEOL-EN-1.png\",\"width\":1280,\"height\":1280,\"caption\":\"Essential oil Cineol rosemary (Tunisia) wholesaler\"},{\"@type\":\"BreadcrumbList\",\"@id\":\"https:\/\/www.laboratoire-helpac.com\/en\/p\/rosemary-cineol-2\/#breadcrumb\",\"itemListElement\":[{\"@type\":\"ListItem\",\"position\":1,\"name\":\"Accueil\",\"item\":\"https:\/\/www.laboratoire-helpac.com\/en\/\"},{\"@type\":\"ListItem\",\"position\":2,\"name\":\"Our ingredients\",\"item\":\"https:\/\/www.laboratoire-helpac.com\/en\/products\/\"},{\"@type\":\"ListItem\",\"position\":3,\"name\":\"ROSEMARY CINEOL\"}]},{\"@type\":\"WebSite\",\"@id\":\"https:\/\/www.laboratoire-helpac.com\/en\/#website\",\"url\":\"https:\/\/www.laboratoire-helpac.com\/en\/\",\"name\":\"HELPAC\",\"description\":\"\",\"publisher\":{\"@id\":\"https:\/\/www.laboratoire-helpac.com\/en\/#organization\"},\"potentialAction\":[{\"@type\":\"SearchAction\",\"target\":{\"@type\":\"EntryPoint\",\"urlTemplate\":\"https:\/\/www.laboratoire-helpac.com\/en\/?s={search_term_string}\"},\"query-input\":{\"@type\":\"PropertyValueSpecification\",\"valueRequired\":true,\"valueName\":\"search_term_string\"}}],\"inLanguage\":\"en-US\"},{\"@type\":\"Organization\",\"@id\":\"https:\/\/www.laboratoire-helpac.com\/en\/#organization\",\"name\":\"Helpac\",\"url\":\"https:\/\/www.laboratoire-helpac.com\/en\/\",\"logo\":{\"@type\":\"ImageObject\",\"inLanguage\":\"en-US\",\"@id\":\"https:\/\/www.laboratoire-helpac.com\/en\/#\/schema\/logo\/image\/\",\"url\":\"https:\/\/dev.fizzbuzz.fr\/helpac\/wp-content\/uploads\/2023\/05\/Logo-Helpac.jpg\",\"contentUrl\":\"https:\/\/dev.fizzbuzz.fr\/helpac\/wp-content\/uploads\/2023\/05\/Logo-Helpac.jpg\",\"width\":200,\"height\":200,\"caption\":\"Helpac\"},\"image\":{\"@id\":\"https:\/\/www.laboratoire-helpac.com\/en\/#\/schema\/logo\/image\/\"},\"sameAs\":[\"https:\/\/www.linkedin.com\/company\/helpac\/\"]}]}<\/script>\n<!-- \/ Yoast SEO plugin. -->","yoast_head_json":{"title":"Essential oil Cineol rosemary (Tunisia) | HELPAC","description":"Fra\u00eeche, balsamique, agreste, caract\u00e9ristique, l\u2019huile essentielle de Romarin \u00e0 cin\u00e9ole est la plus indiqu\u00e9e pour une utilisation alimentaire ! Remarquable tonique capillaire et cutan\u00e9, elle est \u00e9galement connue pour ses utilisations en cosm\u00e9tique. Compos\u00e9e de 1,8-cin\u00e9ole, camphre, alpha-pin\u00e8ne, b\u00e9ta-pin\u00e8ne et born\u00e9ol, elle est aussi connue pour ses vertus antifongique, anticatarrhale, expectorante et mucolytique et donc les probl\u00e8mes respiratoires, cystites et candidoses. Particuli\u00e8rement int\u00e9ressante en aromath\u00e9rapie \u00e9nerg\u00e9tique, elle aide \u00e0 am\u00e9liore la m\u00e9moire, la concentration et l'attention (personnes \u00e2g\u00e9es, examens, etc.).","robots":{"index":"index","follow":"follow","max-snippet":"max-snippet:-1","max-image-preview":"max-image-preview:large","max-video-preview":"max-video-preview:-1"},"canonical":"https:\/\/www.laboratoire-helpac.com\/en\/p\/rosemary-cineol-2\/","og_locale":"en_US","og_type":"article","og_title":"Essential oil Cineol rosemary (Tunisia) | HELPAC","og_description":"Fra\u00eeche, balsamique, agreste, caract\u00e9ristique, l\u2019huile essentielle de Romarin \u00e0 cin\u00e9ole est la plus indiqu\u00e9e pour une utilisation alimentaire ! Remarquable tonique capillaire et cutan\u00e9, elle est \u00e9galement connue pour ses utilisations en cosm\u00e9tique. Compos\u00e9e de 1,8-cin\u00e9ole, camphre, alpha-pin\u00e8ne, b\u00e9ta-pin\u00e8ne et born\u00e9ol, elle est aussi connue pour ses vertus antifongique, anticatarrhale, expectorante et mucolytique et donc les probl\u00e8mes respiratoires, cystites et candidoses. Particuli\u00e8rement int\u00e9ressante en aromath\u00e9rapie \u00e9nerg\u00e9tique, elle aide \u00e0 am\u00e9liore la m\u00e9moire, la concentration et l'attention (personnes \u00e2g\u00e9es, examens, etc.).","og_url":"https:\/\/www.laboratoire-helpac.com\/en\/p\/rosemary-cineol-2\/","og_site_name":"HELPAC","article_modified_time":"2023-11-29T18:39:23+00:00","og_image":[{"width":1280,"height":1280,"url":"https:\/\/www.laboratoire-helpac.com\/wp-content\/uploads\/2023\/09\/HE_ROSEMARYCINEOL-EN-1.png","type":"image\/png"}],"twitter_card":"summary_large_image","schema":{"@context":"https:\/\/schema.org","@graph":[{"@type":"WebPage","@id":"https:\/\/www.laboratoire-helpac.com\/en\/p\/rosemary-cineol-2\/","url":"https:\/\/www.laboratoire-helpac.com\/en\/p\/rosemary-cineol-2\/","name":"Essential oil Cineol rosemary (Tunisia) | HELPAC","isPartOf":{"@id":"https:\/\/www.laboratoire-helpac.com\/en\/#website"},"primaryImageOfPage":{"@id":"https:\/\/www.laboratoire-helpac.com\/en\/p\/rosemary-cineol-2\/#primaryimage"},"image":{"@id":"https:\/\/www.laboratoire-helpac.com\/en\/p\/rosemary-cineol-2\/#primaryimage"},"thumbnailUrl":"https:\/\/www.laboratoire-helpac.com\/wp-content\/uploads\/2023\/09\/HE_ROSEMARYCINEOL-EN-1.png","datePublished":"2023-07-30T14:57:52+00:00","dateModified":"2023-11-29T18:39:23+00:00","description":"Fra\u00eeche, balsamique, agreste, caract\u00e9ristique, l\u2019huile essentielle de Romarin \u00e0 cin\u00e9ole est la plus indiqu\u00e9e pour une utilisation alimentaire ! Remarquable tonique capillaire et cutan\u00e9, elle est \u00e9galement connue pour ses utilisations en cosm\u00e9tique. Compos\u00e9e de 1,8-cin\u00e9ole, camphre, alpha-pin\u00e8ne, b\u00e9ta-pin\u00e8ne et born\u00e9ol, elle est aussi connue pour ses vertus antifongique, anticatarrhale, expectorante et mucolytique et donc les probl\u00e8mes respiratoires, cystites et candidoses. Particuli\u00e8rement int\u00e9ressante en aromath\u00e9rapie \u00e9nerg\u00e9tique, elle aide \u00e0 am\u00e9liore la m\u00e9moire, la concentration et l'attention (personnes \u00e2g\u00e9es, examens, etc.).","breadcrumb":{"@id":"https:\/\/www.laboratoire-helpac.com\/en\/p\/rosemary-cineol-2\/#breadcrumb"},"inLanguage":"en-US","potentialAction":[{"@type":"ReadAction","target":["https:\/\/www.laboratoire-helpac.com\/en\/p\/rosemary-cineol-2\/"]}]},{"@type":"ImageObject","inLanguage":"en-US","@id":"https:\/\/www.laboratoire-helpac.com\/en\/p\/rosemary-cineol-2\/#primaryimage","url":"https:\/\/www.laboratoire-helpac.com\/wp-content\/uploads\/2023\/09\/HE_ROSEMARYCINEOL-EN-1.png","contentUrl":"https:\/\/www.laboratoire-helpac.com\/wp-content\/uploads\/2023\/09\/HE_ROSEMARYCINEOL-EN-1.png","width":1280,"height":1280,"caption":"Essential oil Cineol rosemary (Tunisia) wholesaler"},{"@type":"BreadcrumbList","@id":"https:\/\/www.laboratoire-helpac.com\/en\/p\/rosemary-cineol-2\/#breadcrumb","itemListElement":[{"@type":"ListItem","position":1,"name":"Accueil","item":"https:\/\/www.laboratoire-helpac.com\/en\/"},{"@type":"ListItem","position":2,"name":"Our ingredients","item":"https:\/\/www.laboratoire-helpac.com\/en\/products\/"},{"@type":"ListItem","position":3,"name":"ROSEMARY CINEOL"}]},{"@type":"WebSite","@id":"https:\/\/www.laboratoire-helpac.com\/en\/#website","url":"https:\/\/www.laboratoire-helpac.com\/en\/","name":"HELPAC","description":"","publisher":{"@id":"https:\/\/www.laboratoire-helpac.com\/en\/#organization"},"potentialAction":[{"@type":"SearchAction","target":{"@type":"EntryPoint","urlTemplate":"https:\/\/www.laboratoire-helpac.com\/en\/?s={search_term_string}"},"query-input":{"@type":"PropertyValueSpecification","valueRequired":true,"valueName":"search_term_string"}}],"inLanguage":"en-US"},{"@type":"Organization","@id":"https:\/\/www.laboratoire-helpac.com\/en\/#organization","name":"Helpac","url":"https:\/\/www.laboratoire-helpac.com\/en\/","logo":{"@type":"ImageObject","inLanguage":"en-US","@id":"https:\/\/www.laboratoire-helpac.com\/en\/#\/schema\/logo\/image\/","url":"https:\/\/dev.fizzbuzz.fr\/helpac\/wp-content\/uploads\/2023\/05\/Logo-Helpac.jpg","contentUrl":"https:\/\/dev.fizzbuzz.fr\/helpac\/wp-content\/uploads\/2023\/05\/Logo-Helpac.jpg","width":200,"height":200,"caption":"Helpac"},"image":{"@id":"https:\/\/www.laboratoire-helpac.com\/en\/#\/schema\/logo\/image\/"},"sameAs":["https:\/\/www.linkedin.com\/company\/helpac\/"]}]}},"_links":{"self":[{"href":"https:\/\/www.laboratoire-helpac.com\/en\/wp-json\/wp\/v2\/product\/5286","targetHints":{"allow":["GET"]}}],"collection":[{"href":"https:\/\/www.laboratoire-helpac.com\/en\/wp-json\/wp\/v2\/product"}],"about":[{"href":"https:\/\/www.laboratoire-helpac.com\/en\/wp-json\/wp\/v2\/types\/product"}],"wp:featuredmedia":[{"embeddable":true,"href":"https:\/\/www.laboratoire-helpac.com\/en\/wp-json\/wp\/v2\/media\/6969"}],"wp:attachment":[{"href":"https:\/\/www.laboratoire-helpac.com\/en\/wp-json\/wp\/v2\/media?parent=5286"}],"wp:term":[{"taxonomy":"product_cat","embeddable":true,"href":"https:\/\/www.laboratoire-helpac.com\/en\/wp-json\/wp\/v2\/product_cat?post=5286"},{"taxonomy":"product_tag","embeddable":true,"href":"https:\/\/www.laboratoire-helpac.com\/en\/wp-json\/wp\/v2\/product_tag?post=5286"}],"curies":[{"name":"wp","href":"https:\/\/api.w.org\/{rel}","templated":true}]}}