{"id":5282,"date":"2023-07-30T16:57:52","date_gmt":"2023-07-30T14:57:52","guid":{"rendered":"http:\/\/localhost\/wordpress\/produit\/organic-ravintsara\/"},"modified":"2023-11-29T19:39:22","modified_gmt":"2023-11-29T18:39:22","slug":"ravintsara-organic","status":"publish","type":"product","link":"https:\/\/www.laboratoire-helpac.com\/en\/p\/ravintsara-organic\/","title":{"rendered":"RAVINTSARA ORGANIC"},"content":{"rendered":"<p>Rich in 1.8-cineole, sabinene, alpha-terpineol, alpha-pinene and beta-pinene, Ravintsara essential oil has a fresh, spicy, sweet, eucalyptol and slightly camphoraceous fragrance renowned for balancing the nervous system and helping you fall asleep in energetic aromatherapy. But it is mainly used for its exceptional antiviral, antibacterial, anti-infectious, anticatarrhal and immune-stimulating properties in personal care or diffusion. In cosmetics, it is also used in numerous formulas (acne, eczema, herpes labialis, cellulite, water retention, lymphatic drainage).<\/p>\n","protected":false},"excerpt":{"rendered":"<p>Rich in 1.8-cineole, sabinene, alpha-terpineol, alpha-pinene and beta-pinene, Ravintsara essential oil has a fresh, spicy, sweet, eucalyptol and slightly camphoraceous fragrance renowned for balancing the nervous system and helping you fall asleep in energetic aromatherapy. But it is mainly used for its exceptional antiviral, antibacterial, anti-infectious, anticatarrhal and immune-stimulating properties in personal care or diffusion. [&hellip;]<\/p>\n","protected":false},"featured_media":6965,"template":"","meta":[],"product_cat":[390,451,452],"product_tag":[],"class_list":{"0":"post-5282","1":"product","2":"type-product","3":"status-publish","4":"has-post-thumbnail","6":"product_cat-essential-oils","7":"product_cat-aromatherapy-wholesaler-essential-oil","8":"product_cat-bulk-essential-oils-aromatherapy-wholesaler-essential-oil","9":"pa_certifications-organic","10":"pa_origines-africa","11":"pa_usages-cosmetic","12":"pa_usages-diffusion-en","13":"pa_usages-food","14":"pa_usages-perfumery","16":"first","17":"instock","18":"purchasable","19":"product-type-simple"},"acf":[],"yoast_head":"<!-- This site is optimized with the Yoast SEO plugin v23.9 - https:\/\/yoast.com\/wordpress\/plugins\/seo\/ -->\n<title>Essential oil Organic ravintsara (Madagascar) | HELPAC<\/title>\n<meta name=\"description\" content=\"Riche en 1.8-cin\u00e9ole, sabin\u00e8ne, alpha-terpin\u00e9ol, alpha-pin\u00e8ne et b\u00e9ta-pin\u00e8ne, l\u2019huile essentielle de Ravintsara poss\u00e8de un parfum frais, \u00e9pic\u00e9, doux, eucalyptol\u00e9 et l\u00e9g\u00e8rement camphr\u00e9 r\u00e9put\u00e9 \u00e9quilibrer le syst\u00e8me nerveux et aider \u00e0 l\u2019endormissement en aromath\u00e9rapie \u00e9nerg\u00e9tique. Mais elle est surtout utilis\u00e9e pour ses propri\u00e9t\u00e9s antivirales exceptionnelles, antibact\u00e9rienne, anti-infectieuse, anticatarrhale et stimulante immunitaire dans le soin \u00e0 la personne ou en diffusion. En cosm\u00e9tique, elle entre \u00e9galement dans de nombreuses formules (acn\u00e9, ecz\u00e9ma, herp\u00e8s labial, cellulite, r\u00e9tention d&#039;eau, drainage lymphatique).\" \/>\n<meta name=\"robots\" content=\"index, follow, max-snippet:-1, max-image-preview:large, max-video-preview:-1\" \/>\n<link rel=\"canonical\" href=\"https:\/\/www.laboratoire-helpac.com\/en\/p\/ravintsara-organic\/\" \/>\n<meta property=\"og:locale\" content=\"en_US\" \/>\n<meta property=\"og:type\" content=\"article\" \/>\n<meta property=\"og:title\" content=\"Essential oil Organic ravintsara (Madagascar) | HELPAC\" \/>\n<meta property=\"og:description\" content=\"Riche en 1.8-cin\u00e9ole, sabin\u00e8ne, alpha-terpin\u00e9ol, alpha-pin\u00e8ne et b\u00e9ta-pin\u00e8ne, l\u2019huile essentielle de Ravintsara poss\u00e8de un parfum frais, \u00e9pic\u00e9, doux, eucalyptol\u00e9 et l\u00e9g\u00e8rement camphr\u00e9 r\u00e9put\u00e9 \u00e9quilibrer le syst\u00e8me nerveux et aider \u00e0 l\u2019endormissement en aromath\u00e9rapie \u00e9nerg\u00e9tique. Mais elle est surtout utilis\u00e9e pour ses propri\u00e9t\u00e9s antivirales exceptionnelles, antibact\u00e9rienne, anti-infectieuse, anticatarrhale et stimulante immunitaire dans le soin \u00e0 la personne ou en diffusion. En cosm\u00e9tique, elle entre \u00e9galement dans de nombreuses formules (acn\u00e9, ecz\u00e9ma, herp\u00e8s labial, cellulite, r\u00e9tention d&#039;eau, drainage lymphatique).\" \/>\n<meta property=\"og:url\" content=\"https:\/\/www.laboratoire-helpac.com\/en\/p\/ravintsara-organic\/\" \/>\n<meta property=\"og:site_name\" content=\"HELPAC\" \/>\n<meta property=\"article:modified_time\" content=\"2023-11-29T18:39:22+00:00\" \/>\n<meta property=\"og:image\" content=\"https:\/\/www.laboratoire-helpac.com\/wp-content\/uploads\/2023\/09\/HE_RAVINTSARA-EN.png\" \/>\n\t<meta property=\"og:image:width\" content=\"1280\" \/>\n\t<meta property=\"og:image:height\" content=\"1280\" \/>\n\t<meta property=\"og:image:type\" content=\"image\/png\" \/>\n<meta name=\"twitter:card\" content=\"summary_large_image\" \/>\n<script type=\"application\/ld+json\" class=\"yoast-schema-graph\">{\"@context\":\"https:\/\/schema.org\",\"@graph\":[{\"@type\":\"WebPage\",\"@id\":\"https:\/\/www.laboratoire-helpac.com\/en\/p\/ravintsara-organic\/\",\"url\":\"https:\/\/www.laboratoire-helpac.com\/en\/p\/ravintsara-organic\/\",\"name\":\"Essential oil Organic ravintsara (Madagascar) | HELPAC\",\"isPartOf\":{\"@id\":\"https:\/\/www.laboratoire-helpac.com\/en\/#website\"},\"primaryImageOfPage\":{\"@id\":\"https:\/\/www.laboratoire-helpac.com\/en\/p\/ravintsara-organic\/#primaryimage\"},\"image\":{\"@id\":\"https:\/\/www.laboratoire-helpac.com\/en\/p\/ravintsara-organic\/#primaryimage\"},\"thumbnailUrl\":\"https:\/\/www.laboratoire-helpac.com\/wp-content\/uploads\/2023\/09\/HE_RAVINTSARA-EN.png\",\"datePublished\":\"2023-07-30T14:57:52+00:00\",\"dateModified\":\"2023-11-29T18:39:22+00:00\",\"description\":\"Riche en 1.8-cin\u00e9ole, sabin\u00e8ne, alpha-terpin\u00e9ol, alpha-pin\u00e8ne et b\u00e9ta-pin\u00e8ne, l\u2019huile essentielle de Ravintsara poss\u00e8de un parfum frais, \u00e9pic\u00e9, doux, eucalyptol\u00e9 et l\u00e9g\u00e8rement camphr\u00e9 r\u00e9put\u00e9 \u00e9quilibrer le syst\u00e8me nerveux et aider \u00e0 l\u2019endormissement en aromath\u00e9rapie \u00e9nerg\u00e9tique. Mais elle est surtout utilis\u00e9e pour ses propri\u00e9t\u00e9s antivirales exceptionnelles, antibact\u00e9rienne, anti-infectieuse, anticatarrhale et stimulante immunitaire dans le soin \u00e0 la personne ou en diffusion. En cosm\u00e9tique, elle entre \u00e9galement dans de nombreuses formules (acn\u00e9, ecz\u00e9ma, herp\u00e8s labial, cellulite, r\u00e9tention d'eau, drainage lymphatique).\",\"breadcrumb\":{\"@id\":\"https:\/\/www.laboratoire-helpac.com\/en\/p\/ravintsara-organic\/#breadcrumb\"},\"inLanguage\":\"en-US\",\"potentialAction\":[{\"@type\":\"ReadAction\",\"target\":[\"https:\/\/www.laboratoire-helpac.com\/en\/p\/ravintsara-organic\/\"]}]},{\"@type\":\"ImageObject\",\"inLanguage\":\"en-US\",\"@id\":\"https:\/\/www.laboratoire-helpac.com\/en\/p\/ravintsara-organic\/#primaryimage\",\"url\":\"https:\/\/www.laboratoire-helpac.com\/wp-content\/uploads\/2023\/09\/HE_RAVINTSARA-EN.png\",\"contentUrl\":\"https:\/\/www.laboratoire-helpac.com\/wp-content\/uploads\/2023\/09\/HE_RAVINTSARA-EN.png\",\"width\":1280,\"height\":1280,\"caption\":\"Essential oil Organic ravintsara (Madagascar) wholesaler\"},{\"@type\":\"BreadcrumbList\",\"@id\":\"https:\/\/www.laboratoire-helpac.com\/en\/p\/ravintsara-organic\/#breadcrumb\",\"itemListElement\":[{\"@type\":\"ListItem\",\"position\":1,\"name\":\"Accueil\",\"item\":\"https:\/\/www.laboratoire-helpac.com\/en\/\"},{\"@type\":\"ListItem\",\"position\":2,\"name\":\"Our ingredients\",\"item\":\"https:\/\/www.laboratoire-helpac.com\/en\/products\/\"},{\"@type\":\"ListItem\",\"position\":3,\"name\":\"RAVINTSARA ORGANIC\"}]},{\"@type\":\"WebSite\",\"@id\":\"https:\/\/www.laboratoire-helpac.com\/en\/#website\",\"url\":\"https:\/\/www.laboratoire-helpac.com\/en\/\",\"name\":\"HELPAC\",\"description\":\"\",\"publisher\":{\"@id\":\"https:\/\/www.laboratoire-helpac.com\/en\/#organization\"},\"potentialAction\":[{\"@type\":\"SearchAction\",\"target\":{\"@type\":\"EntryPoint\",\"urlTemplate\":\"https:\/\/www.laboratoire-helpac.com\/en\/?s={search_term_string}\"},\"query-input\":{\"@type\":\"PropertyValueSpecification\",\"valueRequired\":true,\"valueName\":\"search_term_string\"}}],\"inLanguage\":\"en-US\"},{\"@type\":\"Organization\",\"@id\":\"https:\/\/www.laboratoire-helpac.com\/en\/#organization\",\"name\":\"Helpac\",\"url\":\"https:\/\/www.laboratoire-helpac.com\/en\/\",\"logo\":{\"@type\":\"ImageObject\",\"inLanguage\":\"en-US\",\"@id\":\"https:\/\/www.laboratoire-helpac.com\/en\/#\/schema\/logo\/image\/\",\"url\":\"https:\/\/dev.fizzbuzz.fr\/helpac\/wp-content\/uploads\/2023\/05\/Logo-Helpac.jpg\",\"contentUrl\":\"https:\/\/dev.fizzbuzz.fr\/helpac\/wp-content\/uploads\/2023\/05\/Logo-Helpac.jpg\",\"width\":200,\"height\":200,\"caption\":\"Helpac\"},\"image\":{\"@id\":\"https:\/\/www.laboratoire-helpac.com\/en\/#\/schema\/logo\/image\/\"},\"sameAs\":[\"https:\/\/www.linkedin.com\/company\/helpac\/\"]}]}<\/script>\n<!-- \/ Yoast SEO plugin. -->","yoast_head_json":{"title":"Essential oil Organic ravintsara (Madagascar) | HELPAC","description":"Riche en 1.8-cin\u00e9ole, sabin\u00e8ne, alpha-terpin\u00e9ol, alpha-pin\u00e8ne et b\u00e9ta-pin\u00e8ne, l\u2019huile essentielle de Ravintsara poss\u00e8de un parfum frais, \u00e9pic\u00e9, doux, eucalyptol\u00e9 et l\u00e9g\u00e8rement camphr\u00e9 r\u00e9put\u00e9 \u00e9quilibrer le syst\u00e8me nerveux et aider \u00e0 l\u2019endormissement en aromath\u00e9rapie \u00e9nerg\u00e9tique. Mais elle est surtout utilis\u00e9e pour ses propri\u00e9t\u00e9s antivirales exceptionnelles, antibact\u00e9rienne, anti-infectieuse, anticatarrhale et stimulante immunitaire dans le soin \u00e0 la personne ou en diffusion. En cosm\u00e9tique, elle entre \u00e9galement dans de nombreuses formules (acn\u00e9, ecz\u00e9ma, herp\u00e8s labial, cellulite, r\u00e9tention d'eau, drainage lymphatique).","robots":{"index":"index","follow":"follow","max-snippet":"max-snippet:-1","max-image-preview":"max-image-preview:large","max-video-preview":"max-video-preview:-1"},"canonical":"https:\/\/www.laboratoire-helpac.com\/en\/p\/ravintsara-organic\/","og_locale":"en_US","og_type":"article","og_title":"Essential oil Organic ravintsara (Madagascar) | HELPAC","og_description":"Riche en 1.8-cin\u00e9ole, sabin\u00e8ne, alpha-terpin\u00e9ol, alpha-pin\u00e8ne et b\u00e9ta-pin\u00e8ne, l\u2019huile essentielle de Ravintsara poss\u00e8de un parfum frais, \u00e9pic\u00e9, doux, eucalyptol\u00e9 et l\u00e9g\u00e8rement camphr\u00e9 r\u00e9put\u00e9 \u00e9quilibrer le syst\u00e8me nerveux et aider \u00e0 l\u2019endormissement en aromath\u00e9rapie \u00e9nerg\u00e9tique. Mais elle est surtout utilis\u00e9e pour ses propri\u00e9t\u00e9s antivirales exceptionnelles, antibact\u00e9rienne, anti-infectieuse, anticatarrhale et stimulante immunitaire dans le soin \u00e0 la personne ou en diffusion. En cosm\u00e9tique, elle entre \u00e9galement dans de nombreuses formules (acn\u00e9, ecz\u00e9ma, herp\u00e8s labial, cellulite, r\u00e9tention d'eau, drainage lymphatique).","og_url":"https:\/\/www.laboratoire-helpac.com\/en\/p\/ravintsara-organic\/","og_site_name":"HELPAC","article_modified_time":"2023-11-29T18:39:22+00:00","og_image":[{"width":1280,"height":1280,"url":"https:\/\/www.laboratoire-helpac.com\/wp-content\/uploads\/2023\/09\/HE_RAVINTSARA-EN.png","type":"image\/png"}],"twitter_card":"summary_large_image","schema":{"@context":"https:\/\/schema.org","@graph":[{"@type":"WebPage","@id":"https:\/\/www.laboratoire-helpac.com\/en\/p\/ravintsara-organic\/","url":"https:\/\/www.laboratoire-helpac.com\/en\/p\/ravintsara-organic\/","name":"Essential oil Organic ravintsara (Madagascar) | HELPAC","isPartOf":{"@id":"https:\/\/www.laboratoire-helpac.com\/en\/#website"},"primaryImageOfPage":{"@id":"https:\/\/www.laboratoire-helpac.com\/en\/p\/ravintsara-organic\/#primaryimage"},"image":{"@id":"https:\/\/www.laboratoire-helpac.com\/en\/p\/ravintsara-organic\/#primaryimage"},"thumbnailUrl":"https:\/\/www.laboratoire-helpac.com\/wp-content\/uploads\/2023\/09\/HE_RAVINTSARA-EN.png","datePublished":"2023-07-30T14:57:52+00:00","dateModified":"2023-11-29T18:39:22+00:00","description":"Riche en 1.8-cin\u00e9ole, sabin\u00e8ne, alpha-terpin\u00e9ol, alpha-pin\u00e8ne et b\u00e9ta-pin\u00e8ne, l\u2019huile essentielle de Ravintsara poss\u00e8de un parfum frais, \u00e9pic\u00e9, doux, eucalyptol\u00e9 et l\u00e9g\u00e8rement camphr\u00e9 r\u00e9put\u00e9 \u00e9quilibrer le syst\u00e8me nerveux et aider \u00e0 l\u2019endormissement en aromath\u00e9rapie \u00e9nerg\u00e9tique. Mais elle est surtout utilis\u00e9e pour ses propri\u00e9t\u00e9s antivirales exceptionnelles, antibact\u00e9rienne, anti-infectieuse, anticatarrhale et stimulante immunitaire dans le soin \u00e0 la personne ou en diffusion. En cosm\u00e9tique, elle entre \u00e9galement dans de nombreuses formules (acn\u00e9, ecz\u00e9ma, herp\u00e8s labial, cellulite, r\u00e9tention d'eau, drainage lymphatique).","breadcrumb":{"@id":"https:\/\/www.laboratoire-helpac.com\/en\/p\/ravintsara-organic\/#breadcrumb"},"inLanguage":"en-US","potentialAction":[{"@type":"ReadAction","target":["https:\/\/www.laboratoire-helpac.com\/en\/p\/ravintsara-organic\/"]}]},{"@type":"ImageObject","inLanguage":"en-US","@id":"https:\/\/www.laboratoire-helpac.com\/en\/p\/ravintsara-organic\/#primaryimage","url":"https:\/\/www.laboratoire-helpac.com\/wp-content\/uploads\/2023\/09\/HE_RAVINTSARA-EN.png","contentUrl":"https:\/\/www.laboratoire-helpac.com\/wp-content\/uploads\/2023\/09\/HE_RAVINTSARA-EN.png","width":1280,"height":1280,"caption":"Essential oil Organic ravintsara (Madagascar) wholesaler"},{"@type":"BreadcrumbList","@id":"https:\/\/www.laboratoire-helpac.com\/en\/p\/ravintsara-organic\/#breadcrumb","itemListElement":[{"@type":"ListItem","position":1,"name":"Accueil","item":"https:\/\/www.laboratoire-helpac.com\/en\/"},{"@type":"ListItem","position":2,"name":"Our ingredients","item":"https:\/\/www.laboratoire-helpac.com\/en\/products\/"},{"@type":"ListItem","position":3,"name":"RAVINTSARA ORGANIC"}]},{"@type":"WebSite","@id":"https:\/\/www.laboratoire-helpac.com\/en\/#website","url":"https:\/\/www.laboratoire-helpac.com\/en\/","name":"HELPAC","description":"","publisher":{"@id":"https:\/\/www.laboratoire-helpac.com\/en\/#organization"},"potentialAction":[{"@type":"SearchAction","target":{"@type":"EntryPoint","urlTemplate":"https:\/\/www.laboratoire-helpac.com\/en\/?s={search_term_string}"},"query-input":{"@type":"PropertyValueSpecification","valueRequired":true,"valueName":"search_term_string"}}],"inLanguage":"en-US"},{"@type":"Organization","@id":"https:\/\/www.laboratoire-helpac.com\/en\/#organization","name":"Helpac","url":"https:\/\/www.laboratoire-helpac.com\/en\/","logo":{"@type":"ImageObject","inLanguage":"en-US","@id":"https:\/\/www.laboratoire-helpac.com\/en\/#\/schema\/logo\/image\/","url":"https:\/\/dev.fizzbuzz.fr\/helpac\/wp-content\/uploads\/2023\/05\/Logo-Helpac.jpg","contentUrl":"https:\/\/dev.fizzbuzz.fr\/helpac\/wp-content\/uploads\/2023\/05\/Logo-Helpac.jpg","width":200,"height":200,"caption":"Helpac"},"image":{"@id":"https:\/\/www.laboratoire-helpac.com\/en\/#\/schema\/logo\/image\/"},"sameAs":["https:\/\/www.linkedin.com\/company\/helpac\/"]}]}},"_links":{"self":[{"href":"https:\/\/www.laboratoire-helpac.com\/en\/wp-json\/wp\/v2\/product\/5282","targetHints":{"allow":["GET"]}}],"collection":[{"href":"https:\/\/www.laboratoire-helpac.com\/en\/wp-json\/wp\/v2\/product"}],"about":[{"href":"https:\/\/www.laboratoire-helpac.com\/en\/wp-json\/wp\/v2\/types\/product"}],"wp:featuredmedia":[{"embeddable":true,"href":"https:\/\/www.laboratoire-helpac.com\/en\/wp-json\/wp\/v2\/media\/6965"}],"wp:attachment":[{"href":"https:\/\/www.laboratoire-helpac.com\/en\/wp-json\/wp\/v2\/media?parent=5282"}],"wp:term":[{"taxonomy":"product_cat","embeddable":true,"href":"https:\/\/www.laboratoire-helpac.com\/en\/wp-json\/wp\/v2\/product_cat?post=5282"},{"taxonomy":"product_tag","embeddable":true,"href":"https:\/\/www.laboratoire-helpac.com\/en\/wp-json\/wp\/v2\/product_tag?post=5282"}],"curies":[{"name":"wp","href":"https:\/\/api.w.org\/{rel}","templated":true}]}}