{"id":5275,"date":"2023-07-30T16:57:52","date_gmt":"2023-07-30T14:57:52","guid":{"rendered":"http:\/\/localhost\/wordpress\/produit\/organic-sylvestre-pine\/"},"modified":"2023-11-29T19:39:20","modified_gmt":"2023-11-29T18:39:20","slug":"pine-scots-organic-3","status":"publish","type":"product","link":"https:\/\/www.laboratoire-helpac.com\/en\/p\/pine-scots-organic-3\/","title":{"rendered":"PINE SCOTS ORGANIC"},"content":{"rendered":"<p>Rich in alpha-pinene, delta-3-carene, beta-pinene, limonene and myrcene, Scots Pine essential oil is cortisone-like, a concentrate of strength and vigor with a woody, resinous, slightly spicy and fresh fragrance. Expectorant and mucolytic, it is appreciated for ENT care. In synergy, it helps to purify air, linen, etc., and is widely used in detergents (anti-pollution mixtures and to disinfect and perfume cars, toilets, floors and various surfaces).<\/p>\n","protected":false},"excerpt":{"rendered":"<p>Rich in alpha-pinene, delta-3-carene, beta-pinene, limonene and myrcene, Scots Pine essential oil is cortisone-like, a concentrate of strength and vigor with a woody, resinous, slightly spicy and fresh fragrance. Expectorant and mucolytic, it is appreciated for ENT care. In synergy, it helps to purify air, linen, etc., and is widely used in detergents (anti-pollution mixtures [&hellip;]<\/p>\n","protected":false},"featured_media":6958,"template":"","meta":[],"product_cat":[390,451,452],"product_tag":[],"class_list":{"0":"post-5275","1":"product","2":"type-product","3":"status-publish","4":"has-post-thumbnail","6":"product_cat-essential-oils","7":"product_cat-aromatherapy-wholesaler-essential-oil","8":"product_cat-bulk-essential-oils-aromatherapy-wholesaler-essential-oil","9":"pa_certifications-organic","10":"pa_origines-europe-en","11":"pa_usages-cosmetic","12":"pa_usages-diffusion-en","13":"pa_usages-food","14":"pa_usages-perfumery","16":"first","17":"instock","18":"purchasable","19":"product-type-simple"},"acf":[],"yoast_head":"<!-- This site is optimized with the Yoast SEO plugin v23.9 - https:\/\/yoast.com\/wordpress\/plugins\/seo\/ -->\n<title>Essential oil Organic sylvestre pine (Bulgaria) | HELPAC<\/title>\n<meta name=\"description\" content=\"Riche en alpha-pin\u00e8ne, delta-3-car\u00e8ne, b\u00e9ta-pin\u00e8ne, limon\u00e8ne et myrc\u00e8ne, l\u2019huile essentielle de Pin sylvestre est un cortisone-like, concentr\u00e9 de force et de vigueur au parfum bois\u00e9, r\u00e9sineux, l\u00e9g\u00e8rement \u00e9pic\u00e9 et frais. Expectorante et mucolytique, elle est appr\u00e9ci\u00e9e pour les soins de la sph\u00e8re ORL. En synergie, elle aide \u00e0 l\u2019assainissement de l\u2019air, du linge, etc. aussi elle est tr\u00e8s utilis\u00e9e en d\u00e9tergence (m\u00e9langes anti-pollution et pour d\u00e9sinfecter et parfumer voiture, toilettes, sols et surfaces diverses).\" \/>\n<meta name=\"robots\" content=\"index, follow, max-snippet:-1, max-image-preview:large, max-video-preview:-1\" \/>\n<link rel=\"canonical\" href=\"https:\/\/www.laboratoire-helpac.com\/en\/p\/pine-scots-organic-3\/\" \/>\n<meta property=\"og:locale\" content=\"en_US\" \/>\n<meta property=\"og:type\" content=\"article\" \/>\n<meta property=\"og:title\" content=\"Essential oil Organic sylvestre pine (Bulgaria) | HELPAC\" \/>\n<meta property=\"og:description\" content=\"Riche en alpha-pin\u00e8ne, delta-3-car\u00e8ne, b\u00e9ta-pin\u00e8ne, limon\u00e8ne et myrc\u00e8ne, l\u2019huile essentielle de Pin sylvestre est un cortisone-like, concentr\u00e9 de force et de vigueur au parfum bois\u00e9, r\u00e9sineux, l\u00e9g\u00e8rement \u00e9pic\u00e9 et frais. Expectorante et mucolytique, elle est appr\u00e9ci\u00e9e pour les soins de la sph\u00e8re ORL. En synergie, elle aide \u00e0 l\u2019assainissement de l\u2019air, du linge, etc. aussi elle est tr\u00e8s utilis\u00e9e en d\u00e9tergence (m\u00e9langes anti-pollution et pour d\u00e9sinfecter et parfumer voiture, toilettes, sols et surfaces diverses).\" \/>\n<meta property=\"og:url\" content=\"https:\/\/www.laboratoire-helpac.com\/en\/p\/pine-scots-organic-3\/\" \/>\n<meta property=\"og:site_name\" content=\"HELPAC\" \/>\n<meta property=\"article:modified_time\" content=\"2023-11-29T18:39:20+00:00\" \/>\n<meta property=\"og:image\" content=\"https:\/\/www.laboratoire-helpac.com\/wp-content\/uploads\/2023\/09\/HE_PINEMARITIME-EN-1.png\" \/>\n\t<meta property=\"og:image:width\" content=\"1280\" \/>\n\t<meta property=\"og:image:height\" content=\"1280\" \/>\n\t<meta property=\"og:image:type\" content=\"image\/png\" \/>\n<meta name=\"twitter:card\" content=\"summary_large_image\" \/>\n<script type=\"application\/ld+json\" class=\"yoast-schema-graph\">{\"@context\":\"https:\/\/schema.org\",\"@graph\":[{\"@type\":\"WebPage\",\"@id\":\"https:\/\/www.laboratoire-helpac.com\/en\/p\/pine-scots-organic-3\/\",\"url\":\"https:\/\/www.laboratoire-helpac.com\/en\/p\/pine-scots-organic-3\/\",\"name\":\"Essential oil Organic sylvestre pine (Bulgaria) | HELPAC\",\"isPartOf\":{\"@id\":\"https:\/\/www.laboratoire-helpac.com\/en\/#website\"},\"primaryImageOfPage\":{\"@id\":\"https:\/\/www.laboratoire-helpac.com\/en\/p\/pine-scots-organic-3\/#primaryimage\"},\"image\":{\"@id\":\"https:\/\/www.laboratoire-helpac.com\/en\/p\/pine-scots-organic-3\/#primaryimage\"},\"thumbnailUrl\":\"https:\/\/www.laboratoire-helpac.com\/wp-content\/uploads\/2023\/09\/HE_PINEMARITIME-EN-1.png\",\"datePublished\":\"2023-07-30T14:57:52+00:00\",\"dateModified\":\"2023-11-29T18:39:20+00:00\",\"description\":\"Riche en alpha-pin\u00e8ne, delta-3-car\u00e8ne, b\u00e9ta-pin\u00e8ne, limon\u00e8ne et myrc\u00e8ne, l\u2019huile essentielle de Pin sylvestre est un cortisone-like, concentr\u00e9 de force et de vigueur au parfum bois\u00e9, r\u00e9sineux, l\u00e9g\u00e8rement \u00e9pic\u00e9 et frais. Expectorante et mucolytique, elle est appr\u00e9ci\u00e9e pour les soins de la sph\u00e8re ORL. En synergie, elle aide \u00e0 l\u2019assainissement de l\u2019air, du linge, etc. aussi elle est tr\u00e8s utilis\u00e9e en d\u00e9tergence (m\u00e9langes anti-pollution et pour d\u00e9sinfecter et parfumer voiture, toilettes, sols et surfaces diverses).\",\"breadcrumb\":{\"@id\":\"https:\/\/www.laboratoire-helpac.com\/en\/p\/pine-scots-organic-3\/#breadcrumb\"},\"inLanguage\":\"en-US\",\"potentialAction\":[{\"@type\":\"ReadAction\",\"target\":[\"https:\/\/www.laboratoire-helpac.com\/en\/p\/pine-scots-organic-3\/\"]}]},{\"@type\":\"ImageObject\",\"inLanguage\":\"en-US\",\"@id\":\"https:\/\/www.laboratoire-helpac.com\/en\/p\/pine-scots-organic-3\/#primaryimage\",\"url\":\"https:\/\/www.laboratoire-helpac.com\/wp-content\/uploads\/2023\/09\/HE_PINEMARITIME-EN-1.png\",\"contentUrl\":\"https:\/\/www.laboratoire-helpac.com\/wp-content\/uploads\/2023\/09\/HE_PINEMARITIME-EN-1.png\",\"width\":1280,\"height\":1280,\"caption\":\"Essential oil Organic sylvestre pine (Bulgaria) wholesaler\"},{\"@type\":\"BreadcrumbList\",\"@id\":\"https:\/\/www.laboratoire-helpac.com\/en\/p\/pine-scots-organic-3\/#breadcrumb\",\"itemListElement\":[{\"@type\":\"ListItem\",\"position\":1,\"name\":\"Accueil\",\"item\":\"https:\/\/www.laboratoire-helpac.com\/en\/\"},{\"@type\":\"ListItem\",\"position\":2,\"name\":\"Our ingredients\",\"item\":\"https:\/\/www.laboratoire-helpac.com\/en\/products\/\"},{\"@type\":\"ListItem\",\"position\":3,\"name\":\"PINE SCOTS ORGANIC\"}]},{\"@type\":\"WebSite\",\"@id\":\"https:\/\/www.laboratoire-helpac.com\/en\/#website\",\"url\":\"https:\/\/www.laboratoire-helpac.com\/en\/\",\"name\":\"HELPAC\",\"description\":\"\",\"publisher\":{\"@id\":\"https:\/\/www.laboratoire-helpac.com\/en\/#organization\"},\"potentialAction\":[{\"@type\":\"SearchAction\",\"target\":{\"@type\":\"EntryPoint\",\"urlTemplate\":\"https:\/\/www.laboratoire-helpac.com\/en\/?s={search_term_string}\"},\"query-input\":{\"@type\":\"PropertyValueSpecification\",\"valueRequired\":true,\"valueName\":\"search_term_string\"}}],\"inLanguage\":\"en-US\"},{\"@type\":\"Organization\",\"@id\":\"https:\/\/www.laboratoire-helpac.com\/en\/#organization\",\"name\":\"Helpac\",\"url\":\"https:\/\/www.laboratoire-helpac.com\/en\/\",\"logo\":{\"@type\":\"ImageObject\",\"inLanguage\":\"en-US\",\"@id\":\"https:\/\/www.laboratoire-helpac.com\/en\/#\/schema\/logo\/image\/\",\"url\":\"https:\/\/dev.fizzbuzz.fr\/helpac\/wp-content\/uploads\/2023\/05\/Logo-Helpac.jpg\",\"contentUrl\":\"https:\/\/dev.fizzbuzz.fr\/helpac\/wp-content\/uploads\/2023\/05\/Logo-Helpac.jpg\",\"width\":200,\"height\":200,\"caption\":\"Helpac\"},\"image\":{\"@id\":\"https:\/\/www.laboratoire-helpac.com\/en\/#\/schema\/logo\/image\/\"},\"sameAs\":[\"https:\/\/www.linkedin.com\/company\/helpac\/\"]}]}<\/script>\n<!-- \/ Yoast SEO plugin. -->","yoast_head_json":{"title":"Essential oil Organic sylvestre pine (Bulgaria) | HELPAC","description":"Riche en alpha-pin\u00e8ne, delta-3-car\u00e8ne, b\u00e9ta-pin\u00e8ne, limon\u00e8ne et myrc\u00e8ne, l\u2019huile essentielle de Pin sylvestre est un cortisone-like, concentr\u00e9 de force et de vigueur au parfum bois\u00e9, r\u00e9sineux, l\u00e9g\u00e8rement \u00e9pic\u00e9 et frais. Expectorante et mucolytique, elle est appr\u00e9ci\u00e9e pour les soins de la sph\u00e8re ORL. En synergie, elle aide \u00e0 l\u2019assainissement de l\u2019air, du linge, etc. aussi elle est tr\u00e8s utilis\u00e9e en d\u00e9tergence (m\u00e9langes anti-pollution et pour d\u00e9sinfecter et parfumer voiture, toilettes, sols et surfaces diverses).","robots":{"index":"index","follow":"follow","max-snippet":"max-snippet:-1","max-image-preview":"max-image-preview:large","max-video-preview":"max-video-preview:-1"},"canonical":"https:\/\/www.laboratoire-helpac.com\/en\/p\/pine-scots-organic-3\/","og_locale":"en_US","og_type":"article","og_title":"Essential oil Organic sylvestre pine (Bulgaria) | HELPAC","og_description":"Riche en alpha-pin\u00e8ne, delta-3-car\u00e8ne, b\u00e9ta-pin\u00e8ne, limon\u00e8ne et myrc\u00e8ne, l\u2019huile essentielle de Pin sylvestre est un cortisone-like, concentr\u00e9 de force et de vigueur au parfum bois\u00e9, r\u00e9sineux, l\u00e9g\u00e8rement \u00e9pic\u00e9 et frais. Expectorante et mucolytique, elle est appr\u00e9ci\u00e9e pour les soins de la sph\u00e8re ORL. En synergie, elle aide \u00e0 l\u2019assainissement de l\u2019air, du linge, etc. aussi elle est tr\u00e8s utilis\u00e9e en d\u00e9tergence (m\u00e9langes anti-pollution et pour d\u00e9sinfecter et parfumer voiture, toilettes, sols et surfaces diverses).","og_url":"https:\/\/www.laboratoire-helpac.com\/en\/p\/pine-scots-organic-3\/","og_site_name":"HELPAC","article_modified_time":"2023-11-29T18:39:20+00:00","og_image":[{"width":1280,"height":1280,"url":"https:\/\/www.laboratoire-helpac.com\/wp-content\/uploads\/2023\/09\/HE_PINEMARITIME-EN-1.png","type":"image\/png"}],"twitter_card":"summary_large_image","schema":{"@context":"https:\/\/schema.org","@graph":[{"@type":"WebPage","@id":"https:\/\/www.laboratoire-helpac.com\/en\/p\/pine-scots-organic-3\/","url":"https:\/\/www.laboratoire-helpac.com\/en\/p\/pine-scots-organic-3\/","name":"Essential oil Organic sylvestre pine (Bulgaria) | HELPAC","isPartOf":{"@id":"https:\/\/www.laboratoire-helpac.com\/en\/#website"},"primaryImageOfPage":{"@id":"https:\/\/www.laboratoire-helpac.com\/en\/p\/pine-scots-organic-3\/#primaryimage"},"image":{"@id":"https:\/\/www.laboratoire-helpac.com\/en\/p\/pine-scots-organic-3\/#primaryimage"},"thumbnailUrl":"https:\/\/www.laboratoire-helpac.com\/wp-content\/uploads\/2023\/09\/HE_PINEMARITIME-EN-1.png","datePublished":"2023-07-30T14:57:52+00:00","dateModified":"2023-11-29T18:39:20+00:00","description":"Riche en alpha-pin\u00e8ne, delta-3-car\u00e8ne, b\u00e9ta-pin\u00e8ne, limon\u00e8ne et myrc\u00e8ne, l\u2019huile essentielle de Pin sylvestre est un cortisone-like, concentr\u00e9 de force et de vigueur au parfum bois\u00e9, r\u00e9sineux, l\u00e9g\u00e8rement \u00e9pic\u00e9 et frais. Expectorante et mucolytique, elle est appr\u00e9ci\u00e9e pour les soins de la sph\u00e8re ORL. En synergie, elle aide \u00e0 l\u2019assainissement de l\u2019air, du linge, etc. aussi elle est tr\u00e8s utilis\u00e9e en d\u00e9tergence (m\u00e9langes anti-pollution et pour d\u00e9sinfecter et parfumer voiture, toilettes, sols et surfaces diverses).","breadcrumb":{"@id":"https:\/\/www.laboratoire-helpac.com\/en\/p\/pine-scots-organic-3\/#breadcrumb"},"inLanguage":"en-US","potentialAction":[{"@type":"ReadAction","target":["https:\/\/www.laboratoire-helpac.com\/en\/p\/pine-scots-organic-3\/"]}]},{"@type":"ImageObject","inLanguage":"en-US","@id":"https:\/\/www.laboratoire-helpac.com\/en\/p\/pine-scots-organic-3\/#primaryimage","url":"https:\/\/www.laboratoire-helpac.com\/wp-content\/uploads\/2023\/09\/HE_PINEMARITIME-EN-1.png","contentUrl":"https:\/\/www.laboratoire-helpac.com\/wp-content\/uploads\/2023\/09\/HE_PINEMARITIME-EN-1.png","width":1280,"height":1280,"caption":"Essential oil Organic sylvestre pine (Bulgaria) wholesaler"},{"@type":"BreadcrumbList","@id":"https:\/\/www.laboratoire-helpac.com\/en\/p\/pine-scots-organic-3\/#breadcrumb","itemListElement":[{"@type":"ListItem","position":1,"name":"Accueil","item":"https:\/\/www.laboratoire-helpac.com\/en\/"},{"@type":"ListItem","position":2,"name":"Our ingredients","item":"https:\/\/www.laboratoire-helpac.com\/en\/products\/"},{"@type":"ListItem","position":3,"name":"PINE SCOTS ORGANIC"}]},{"@type":"WebSite","@id":"https:\/\/www.laboratoire-helpac.com\/en\/#website","url":"https:\/\/www.laboratoire-helpac.com\/en\/","name":"HELPAC","description":"","publisher":{"@id":"https:\/\/www.laboratoire-helpac.com\/en\/#organization"},"potentialAction":[{"@type":"SearchAction","target":{"@type":"EntryPoint","urlTemplate":"https:\/\/www.laboratoire-helpac.com\/en\/?s={search_term_string}"},"query-input":{"@type":"PropertyValueSpecification","valueRequired":true,"valueName":"search_term_string"}}],"inLanguage":"en-US"},{"@type":"Organization","@id":"https:\/\/www.laboratoire-helpac.com\/en\/#organization","name":"Helpac","url":"https:\/\/www.laboratoire-helpac.com\/en\/","logo":{"@type":"ImageObject","inLanguage":"en-US","@id":"https:\/\/www.laboratoire-helpac.com\/en\/#\/schema\/logo\/image\/","url":"https:\/\/dev.fizzbuzz.fr\/helpac\/wp-content\/uploads\/2023\/05\/Logo-Helpac.jpg","contentUrl":"https:\/\/dev.fizzbuzz.fr\/helpac\/wp-content\/uploads\/2023\/05\/Logo-Helpac.jpg","width":200,"height":200,"caption":"Helpac"},"image":{"@id":"https:\/\/www.laboratoire-helpac.com\/en\/#\/schema\/logo\/image\/"},"sameAs":["https:\/\/www.linkedin.com\/company\/helpac\/"]}]}},"_links":{"self":[{"href":"https:\/\/www.laboratoire-helpac.com\/en\/wp-json\/wp\/v2\/product\/5275","targetHints":{"allow":["GET"]}}],"collection":[{"href":"https:\/\/www.laboratoire-helpac.com\/en\/wp-json\/wp\/v2\/product"}],"about":[{"href":"https:\/\/www.laboratoire-helpac.com\/en\/wp-json\/wp\/v2\/types\/product"}],"wp:featuredmedia":[{"embeddable":true,"href":"https:\/\/www.laboratoire-helpac.com\/en\/wp-json\/wp\/v2\/media\/6958"}],"wp:attachment":[{"href":"https:\/\/www.laboratoire-helpac.com\/en\/wp-json\/wp\/v2\/media?parent=5275"}],"wp:term":[{"taxonomy":"product_cat","embeddable":true,"href":"https:\/\/www.laboratoire-helpac.com\/en\/wp-json\/wp\/v2\/product_cat?post=5275"},{"taxonomy":"product_tag","embeddable":true,"href":"https:\/\/www.laboratoire-helpac.com\/en\/wp-json\/wp\/v2\/product_tag?post=5275"}],"curies":[{"name":"wp","href":"https:\/\/api.w.org\/{rel}","templated":true}]}}