{"id":5272,"date":"2023-07-30T16:57:40","date_gmt":"2023-07-30T14:57:40","guid":{"rendered":"http:\/\/localhost\/wordpress\/produit\/small-bigaradier-bio\/"},"modified":"2023-11-29T19:39:17","modified_gmt":"2023-11-29T18:39:17","slug":"petitgrain-organic","status":"publish","type":"product","link":"https:\/\/www.laboratoire-helpac.com\/en\/p\/petitgrain-organic\/","title":{"rendered":"PETIT GRAIN BIGARADIER ORGANIC"},"content":{"rendered":"<p>Linalyl acetate, terpenyl acetate, geranyl acetate, neryl acetate, linalool, alpha-terpineol, geraniol, etc. Renowned for its health and well-being benefits, Petit grain bigaradier essential oil offers a complex green and floral fragrance to discover, both in perfumery and in cooking: that&#8217;s why we&#8217;ve chosen an organic essential oil from Paraguay, where traditional practices have been preserved thanks to organic farming.<\/p>\n","protected":false},"excerpt":{"rendered":"<p>Linalyl acetate, terpenyl acetate, geranyl acetate, neryl acetate, linalool, alpha-terpineol, geraniol, etc. Renowned for its health and well-being benefits, Petit grain bigaradier essential oil offers a complex green and floral fragrance to discover, both in perfumery and in cooking: that&#8217;s why we&#8217;ve chosen an organic essential oil from Paraguay, where traditional practices have been preserved [&hellip;]<\/p>\n","protected":false},"featured_media":9436,"template":"","meta":[],"product_cat":[390,451,452],"product_tag":[],"class_list":{"0":"post-5272","1":"product","2":"type-product","3":"status-publish","4":"has-post-thumbnail","6":"product_cat-essential-oils","7":"product_cat-aromatherapy-wholesaler-essential-oil","8":"product_cat-bulk-essential-oils-aromatherapy-wholesaler-essential-oil","9":"pa_certifications-organic","10":"pa_origines-americas","11":"pa_usages-cosmetic","12":"pa_usages-diffusion-en","13":"pa_usages-food","14":"pa_usages-perfumery","16":"first","17":"instock","18":"purchasable","19":"product-type-simple"},"acf":[],"yoast_head":"<!-- This site is optimized with the Yoast SEO plugin v23.9 - https:\/\/yoast.com\/wordpress\/plugins\/seo\/ -->\n<title>Essential oil Small Bigaradier BIO (Paraguay) | HELPAC<\/title>\n<meta name=\"description\" content=\"Ac\u00e9tate de linalyle, ac\u00e9tate de terp\u00e9nyle, ac\u00e9tate de g\u00e9ranyle, ac\u00e9tate de n\u00e9ryle, linalol, alpha-terpin\u00e9ol, g\u00e9raniol, etc. R\u00e9put\u00e9e pour ses effets sant\u00e9 et bien-\u00eatre, l\u2019huile essentielle de Petit grain bigaradier offre un parfum vert et floral complexe \u00e0 d\u00e9couvrir, en parfumerie comme en cuisine : c\u2019est que nous avons choisi une huile essentielle bio du Paraguay o\u00f9 les pratiques traditionnelles ont pu \u00eatre pr\u00e9serv\u00e9es gr\u00e2ce \u00e0 l\u2019agriculture biologique.\" \/>\n<meta name=\"robots\" content=\"index, follow, max-snippet:-1, max-image-preview:large, max-video-preview:-1\" \/>\n<link rel=\"canonical\" href=\"https:\/\/www.laboratoire-helpac.com\/en\/p\/petitgrain-organic\/\" \/>\n<meta property=\"og:locale\" content=\"en_US\" \/>\n<meta property=\"og:type\" content=\"article\" \/>\n<meta property=\"og:title\" content=\"Essential oil Small Bigaradier BIO (Paraguay) | HELPAC\" \/>\n<meta property=\"og:description\" content=\"Ac\u00e9tate de linalyle, ac\u00e9tate de terp\u00e9nyle, ac\u00e9tate de g\u00e9ranyle, ac\u00e9tate de n\u00e9ryle, linalol, alpha-terpin\u00e9ol, g\u00e9raniol, etc. R\u00e9put\u00e9e pour ses effets sant\u00e9 et bien-\u00eatre, l\u2019huile essentielle de Petit grain bigaradier offre un parfum vert et floral complexe \u00e0 d\u00e9couvrir, en parfumerie comme en cuisine : c\u2019est que nous avons choisi une huile essentielle bio du Paraguay o\u00f9 les pratiques traditionnelles ont pu \u00eatre pr\u00e9serv\u00e9es gr\u00e2ce \u00e0 l\u2019agriculture biologique.\" \/>\n<meta property=\"og:url\" content=\"https:\/\/www.laboratoire-helpac.com\/en\/p\/petitgrain-organic\/\" \/>\n<meta property=\"og:site_name\" content=\"HELPAC\" \/>\n<meta property=\"article:modified_time\" content=\"2023-11-29T18:39:17+00:00\" \/>\n<meta property=\"og:image\" content=\"https:\/\/www.laboratoire-helpac.com\/wp-content\/uploads\/2023\/11\/HE_PETITGRAINBIGARADIER-EN.png\" \/>\n\t<meta property=\"og:image:width\" content=\"1000\" \/>\n\t<meta property=\"og:image:height\" content=\"1000\" \/>\n\t<meta property=\"og:image:type\" content=\"image\/png\" \/>\n<meta name=\"twitter:card\" content=\"summary_large_image\" \/>\n<script type=\"application\/ld+json\" class=\"yoast-schema-graph\">{\"@context\":\"https:\/\/schema.org\",\"@graph\":[{\"@type\":\"WebPage\",\"@id\":\"https:\/\/www.laboratoire-helpac.com\/en\/p\/petitgrain-organic\/\",\"url\":\"https:\/\/www.laboratoire-helpac.com\/en\/p\/petitgrain-organic\/\",\"name\":\"Essential oil Small Bigaradier BIO (Paraguay) | HELPAC\",\"isPartOf\":{\"@id\":\"https:\/\/www.laboratoire-helpac.com\/en\/#website\"},\"primaryImageOfPage\":{\"@id\":\"https:\/\/www.laboratoire-helpac.com\/en\/p\/petitgrain-organic\/#primaryimage\"},\"image\":{\"@id\":\"https:\/\/www.laboratoire-helpac.com\/en\/p\/petitgrain-organic\/#primaryimage\"},\"thumbnailUrl\":\"https:\/\/www.laboratoire-helpac.com\/wp-content\/uploads\/2023\/11\/HE_PETITGRAINBIGARADIER-EN.png\",\"datePublished\":\"2023-07-30T14:57:40+00:00\",\"dateModified\":\"2023-11-29T18:39:17+00:00\",\"description\":\"Ac\u00e9tate de linalyle, ac\u00e9tate de terp\u00e9nyle, ac\u00e9tate de g\u00e9ranyle, ac\u00e9tate de n\u00e9ryle, linalol, alpha-terpin\u00e9ol, g\u00e9raniol, etc. R\u00e9put\u00e9e pour ses effets sant\u00e9 et bien-\u00eatre, l\u2019huile essentielle de Petit grain bigaradier offre un parfum vert et floral complexe \u00e0 d\u00e9couvrir, en parfumerie comme en cuisine : c\u2019est que nous avons choisi une huile essentielle bio du Paraguay o\u00f9 les pratiques traditionnelles ont pu \u00eatre pr\u00e9serv\u00e9es gr\u00e2ce \u00e0 l\u2019agriculture biologique.\",\"breadcrumb\":{\"@id\":\"https:\/\/www.laboratoire-helpac.com\/en\/p\/petitgrain-organic\/#breadcrumb\"},\"inLanguage\":\"en-US\",\"potentialAction\":[{\"@type\":\"ReadAction\",\"target\":[\"https:\/\/www.laboratoire-helpac.com\/en\/p\/petitgrain-organic\/\"]}]},{\"@type\":\"ImageObject\",\"inLanguage\":\"en-US\",\"@id\":\"https:\/\/www.laboratoire-helpac.com\/en\/p\/petitgrain-organic\/#primaryimage\",\"url\":\"https:\/\/www.laboratoire-helpac.com\/wp-content\/uploads\/2023\/11\/HE_PETITGRAINBIGARADIER-EN.png\",\"contentUrl\":\"https:\/\/www.laboratoire-helpac.com\/wp-content\/uploads\/2023\/11\/HE_PETITGRAINBIGARADIER-EN.png\",\"width\":1000,\"height\":1000,\"caption\":\"Essential oil Petit Grain Bigaradier Organic (Paraguay) wholesaler\"},{\"@type\":\"BreadcrumbList\",\"@id\":\"https:\/\/www.laboratoire-helpac.com\/en\/p\/petitgrain-organic\/#breadcrumb\",\"itemListElement\":[{\"@type\":\"ListItem\",\"position\":1,\"name\":\"Accueil\",\"item\":\"https:\/\/www.laboratoire-helpac.com\/en\/\"},{\"@type\":\"ListItem\",\"position\":2,\"name\":\"Our ingredients\",\"item\":\"https:\/\/www.laboratoire-helpac.com\/en\/products\/\"},{\"@type\":\"ListItem\",\"position\":3,\"name\":\"PETIT GRAIN BIGARADIER ORGANIC\"}]},{\"@type\":\"WebSite\",\"@id\":\"https:\/\/www.laboratoire-helpac.com\/en\/#website\",\"url\":\"https:\/\/www.laboratoire-helpac.com\/en\/\",\"name\":\"HELPAC\",\"description\":\"\",\"publisher\":{\"@id\":\"https:\/\/www.laboratoire-helpac.com\/en\/#organization\"},\"potentialAction\":[{\"@type\":\"SearchAction\",\"target\":{\"@type\":\"EntryPoint\",\"urlTemplate\":\"https:\/\/www.laboratoire-helpac.com\/en\/?s={search_term_string}\"},\"query-input\":{\"@type\":\"PropertyValueSpecification\",\"valueRequired\":true,\"valueName\":\"search_term_string\"}}],\"inLanguage\":\"en-US\"},{\"@type\":\"Organization\",\"@id\":\"https:\/\/www.laboratoire-helpac.com\/en\/#organization\",\"name\":\"Helpac\",\"url\":\"https:\/\/www.laboratoire-helpac.com\/en\/\",\"logo\":{\"@type\":\"ImageObject\",\"inLanguage\":\"en-US\",\"@id\":\"https:\/\/www.laboratoire-helpac.com\/en\/#\/schema\/logo\/image\/\",\"url\":\"https:\/\/dev.fizzbuzz.fr\/helpac\/wp-content\/uploads\/2023\/05\/Logo-Helpac.jpg\",\"contentUrl\":\"https:\/\/dev.fizzbuzz.fr\/helpac\/wp-content\/uploads\/2023\/05\/Logo-Helpac.jpg\",\"width\":200,\"height\":200,\"caption\":\"Helpac\"},\"image\":{\"@id\":\"https:\/\/www.laboratoire-helpac.com\/en\/#\/schema\/logo\/image\/\"},\"sameAs\":[\"https:\/\/www.linkedin.com\/company\/helpac\/\"]}]}<\/script>\n<!-- \/ Yoast SEO plugin. -->","yoast_head_json":{"title":"Essential oil Small Bigaradier BIO (Paraguay) | HELPAC","description":"Ac\u00e9tate de linalyle, ac\u00e9tate de terp\u00e9nyle, ac\u00e9tate de g\u00e9ranyle, ac\u00e9tate de n\u00e9ryle, linalol, alpha-terpin\u00e9ol, g\u00e9raniol, etc. R\u00e9put\u00e9e pour ses effets sant\u00e9 et bien-\u00eatre, l\u2019huile essentielle de Petit grain bigaradier offre un parfum vert et floral complexe \u00e0 d\u00e9couvrir, en parfumerie comme en cuisine : c\u2019est que nous avons choisi une huile essentielle bio du Paraguay o\u00f9 les pratiques traditionnelles ont pu \u00eatre pr\u00e9serv\u00e9es gr\u00e2ce \u00e0 l\u2019agriculture biologique.","robots":{"index":"index","follow":"follow","max-snippet":"max-snippet:-1","max-image-preview":"max-image-preview:large","max-video-preview":"max-video-preview:-1"},"canonical":"https:\/\/www.laboratoire-helpac.com\/en\/p\/petitgrain-organic\/","og_locale":"en_US","og_type":"article","og_title":"Essential oil Small Bigaradier BIO (Paraguay) | HELPAC","og_description":"Ac\u00e9tate de linalyle, ac\u00e9tate de terp\u00e9nyle, ac\u00e9tate de g\u00e9ranyle, ac\u00e9tate de n\u00e9ryle, linalol, alpha-terpin\u00e9ol, g\u00e9raniol, etc. R\u00e9put\u00e9e pour ses effets sant\u00e9 et bien-\u00eatre, l\u2019huile essentielle de Petit grain bigaradier offre un parfum vert et floral complexe \u00e0 d\u00e9couvrir, en parfumerie comme en cuisine : c\u2019est que nous avons choisi une huile essentielle bio du Paraguay o\u00f9 les pratiques traditionnelles ont pu \u00eatre pr\u00e9serv\u00e9es gr\u00e2ce \u00e0 l\u2019agriculture biologique.","og_url":"https:\/\/www.laboratoire-helpac.com\/en\/p\/petitgrain-organic\/","og_site_name":"HELPAC","article_modified_time":"2023-11-29T18:39:17+00:00","og_image":[{"width":1000,"height":1000,"url":"https:\/\/www.laboratoire-helpac.com\/wp-content\/uploads\/2023\/11\/HE_PETITGRAINBIGARADIER-EN.png","type":"image\/png"}],"twitter_card":"summary_large_image","schema":{"@context":"https:\/\/schema.org","@graph":[{"@type":"WebPage","@id":"https:\/\/www.laboratoire-helpac.com\/en\/p\/petitgrain-organic\/","url":"https:\/\/www.laboratoire-helpac.com\/en\/p\/petitgrain-organic\/","name":"Essential oil Small Bigaradier BIO (Paraguay) | HELPAC","isPartOf":{"@id":"https:\/\/www.laboratoire-helpac.com\/en\/#website"},"primaryImageOfPage":{"@id":"https:\/\/www.laboratoire-helpac.com\/en\/p\/petitgrain-organic\/#primaryimage"},"image":{"@id":"https:\/\/www.laboratoire-helpac.com\/en\/p\/petitgrain-organic\/#primaryimage"},"thumbnailUrl":"https:\/\/www.laboratoire-helpac.com\/wp-content\/uploads\/2023\/11\/HE_PETITGRAINBIGARADIER-EN.png","datePublished":"2023-07-30T14:57:40+00:00","dateModified":"2023-11-29T18:39:17+00:00","description":"Ac\u00e9tate de linalyle, ac\u00e9tate de terp\u00e9nyle, ac\u00e9tate de g\u00e9ranyle, ac\u00e9tate de n\u00e9ryle, linalol, alpha-terpin\u00e9ol, g\u00e9raniol, etc. R\u00e9put\u00e9e pour ses effets sant\u00e9 et bien-\u00eatre, l\u2019huile essentielle de Petit grain bigaradier offre un parfum vert et floral complexe \u00e0 d\u00e9couvrir, en parfumerie comme en cuisine : c\u2019est que nous avons choisi une huile essentielle bio du Paraguay o\u00f9 les pratiques traditionnelles ont pu \u00eatre pr\u00e9serv\u00e9es gr\u00e2ce \u00e0 l\u2019agriculture biologique.","breadcrumb":{"@id":"https:\/\/www.laboratoire-helpac.com\/en\/p\/petitgrain-organic\/#breadcrumb"},"inLanguage":"en-US","potentialAction":[{"@type":"ReadAction","target":["https:\/\/www.laboratoire-helpac.com\/en\/p\/petitgrain-organic\/"]}]},{"@type":"ImageObject","inLanguage":"en-US","@id":"https:\/\/www.laboratoire-helpac.com\/en\/p\/petitgrain-organic\/#primaryimage","url":"https:\/\/www.laboratoire-helpac.com\/wp-content\/uploads\/2023\/11\/HE_PETITGRAINBIGARADIER-EN.png","contentUrl":"https:\/\/www.laboratoire-helpac.com\/wp-content\/uploads\/2023\/11\/HE_PETITGRAINBIGARADIER-EN.png","width":1000,"height":1000,"caption":"Essential oil Petit Grain Bigaradier Organic (Paraguay) wholesaler"},{"@type":"BreadcrumbList","@id":"https:\/\/www.laboratoire-helpac.com\/en\/p\/petitgrain-organic\/#breadcrumb","itemListElement":[{"@type":"ListItem","position":1,"name":"Accueil","item":"https:\/\/www.laboratoire-helpac.com\/en\/"},{"@type":"ListItem","position":2,"name":"Our ingredients","item":"https:\/\/www.laboratoire-helpac.com\/en\/products\/"},{"@type":"ListItem","position":3,"name":"PETIT GRAIN BIGARADIER ORGANIC"}]},{"@type":"WebSite","@id":"https:\/\/www.laboratoire-helpac.com\/en\/#website","url":"https:\/\/www.laboratoire-helpac.com\/en\/","name":"HELPAC","description":"","publisher":{"@id":"https:\/\/www.laboratoire-helpac.com\/en\/#organization"},"potentialAction":[{"@type":"SearchAction","target":{"@type":"EntryPoint","urlTemplate":"https:\/\/www.laboratoire-helpac.com\/en\/?s={search_term_string}"},"query-input":{"@type":"PropertyValueSpecification","valueRequired":true,"valueName":"search_term_string"}}],"inLanguage":"en-US"},{"@type":"Organization","@id":"https:\/\/www.laboratoire-helpac.com\/en\/#organization","name":"Helpac","url":"https:\/\/www.laboratoire-helpac.com\/en\/","logo":{"@type":"ImageObject","inLanguage":"en-US","@id":"https:\/\/www.laboratoire-helpac.com\/en\/#\/schema\/logo\/image\/","url":"https:\/\/dev.fizzbuzz.fr\/helpac\/wp-content\/uploads\/2023\/05\/Logo-Helpac.jpg","contentUrl":"https:\/\/dev.fizzbuzz.fr\/helpac\/wp-content\/uploads\/2023\/05\/Logo-Helpac.jpg","width":200,"height":200,"caption":"Helpac"},"image":{"@id":"https:\/\/www.laboratoire-helpac.com\/en\/#\/schema\/logo\/image\/"},"sameAs":["https:\/\/www.linkedin.com\/company\/helpac\/"]}]}},"_links":{"self":[{"href":"https:\/\/www.laboratoire-helpac.com\/en\/wp-json\/wp\/v2\/product\/5272","targetHints":{"allow":["GET"]}}],"collection":[{"href":"https:\/\/www.laboratoire-helpac.com\/en\/wp-json\/wp\/v2\/product"}],"about":[{"href":"https:\/\/www.laboratoire-helpac.com\/en\/wp-json\/wp\/v2\/types\/product"}],"wp:featuredmedia":[{"embeddable":true,"href":"https:\/\/www.laboratoire-helpac.com\/en\/wp-json\/wp\/v2\/media\/9436"}],"wp:attachment":[{"href":"https:\/\/www.laboratoire-helpac.com\/en\/wp-json\/wp\/v2\/media?parent=5272"}],"wp:term":[{"taxonomy":"product_cat","embeddable":true,"href":"https:\/\/www.laboratoire-helpac.com\/en\/wp-json\/wp\/v2\/product_cat?post=5272"},{"taxonomy":"product_tag","embeddable":true,"href":"https:\/\/www.laboratoire-helpac.com\/en\/wp-json\/wp\/v2\/product_tag?post=5272"}],"curies":[{"name":"wp","href":"https:\/\/api.w.org\/{rel}","templated":true}]}}