{"id":5257,"date":"2023-07-30T16:57:40","date_gmt":"2023-07-30T14:57:40","guid":{"rendered":"http:\/\/localhost\/wordpress\/produit\/oright-organy-organic-2\/"},"modified":"2023-11-29T19:39:13","modified_gmt":"2023-11-29T18:39:13","slug":"orange-sweet-organic-2","status":"publish","type":"product","link":"https:\/\/www.laboratoire-helpac.com\/en\/p\/orange-sweet-organic-2\/","title":{"rendered":"ORANGE SWEET ORGANIC"},"content":{"rendered":"<p>In Mexico, organic farming is creating new opportunities for producers in the face of the industrialization of the local agri-food sector.  Particularly enthusiastic, our Sweet Orange essential oil producer is committed to preserving biodiversity, water quality and soil fertility, while maintaining ancestral know-how. The result is an essential oil rich not only in limonene but also in a dozen other active ingredients &#8211; with a particularly sweet fragrance and a wide range of uses, from food flavoring to detergents, wellness, cosmetics and perfumery.<\/p>\n","protected":false},"excerpt":{"rendered":"<p>In Mexico, organic farming is creating new opportunities for producers in the face of the industrialization of the local agri-food sector. Particularly enthusiastic, our Sweet Orange essential oil producer is committed to preserving biodiversity, water quality and soil fertility, while maintaining ancestral know-how. The result is an essential oil rich not only in limonene but [&hellip;]<\/p>\n","protected":false},"featured_media":6940,"template":"","meta":[],"product_cat":[390,451,452],"product_tag":[],"class_list":{"0":"post-5257","1":"product","2":"type-product","3":"status-publish","4":"has-post-thumbnail","6":"product_cat-essential-oils","7":"product_cat-aromatherapy-wholesaler-essential-oil","8":"product_cat-bulk-essential-oils-aromatherapy-wholesaler-essential-oil","9":"pa_certifications-organic","10":"pa_origines-americas","11":"pa_usages-cosmetic","12":"pa_usages-diffusion-en","13":"pa_usages-food","14":"pa_usages-perfumery","16":"first","17":"instock","18":"purchasable","19":"product-type-simple"},"acf":[],"yoast_head":"<!-- This site is optimized with the Yoast SEO plugin v23.9 - https:\/\/yoast.com\/wordpress\/plugins\/seo\/ -->\n<title>Essential oil ORIGHT ORGANY ORGANIC (Mexico) | HELPAC<\/title>\n<meta name=\"description\" content=\"Au Mexique, l\u2019agriculture biologique cr\u00e9e de nouvelles opportunit\u00e9s pour les producteurs face \u00e0 l\u2019industrialisation du secteur agro-alimentaire local. Particuli\u00e8rement enthousiaste, notre producteur d\u2019huile essentielle d\u2019Orange douce s\u2019est engag\u00e9 \u00e0 pr\u00e9server la biodiversit\u00e9, la qualit\u00e9 de l&#039;eau et la fertilit\u00e9 des sols tout en maintenant un savoir-faire ancestral. En r\u00e9sulte une huile essentielle tr\u00e8s riche \u2013 non seulement en limon\u00e8ne mais \u00e9galement d\u2019une douzaine d\u2019autres actifs \u2013 au parfum particuli\u00e8rement sucr\u00e9 et aux utilisations multiples, de l\u2019ar\u00f4me alimentaire \u00e0 la d\u00e9tergence, le bien-\u00eatre, la cosm\u00e9tique et la parfumerie.\" \/>\n<meta name=\"robots\" content=\"index, follow, max-snippet:-1, max-image-preview:large, max-video-preview:-1\" \/>\n<link rel=\"canonical\" href=\"https:\/\/www.laboratoire-helpac.com\/en\/p\/orange-sweet-organic-2\/\" \/>\n<meta property=\"og:locale\" content=\"en_US\" \/>\n<meta property=\"og:type\" content=\"article\" \/>\n<meta property=\"og:title\" content=\"Essential oil ORIGHT ORGANY ORGANIC (Mexico) | HELPAC\" \/>\n<meta property=\"og:description\" content=\"Au Mexique, l\u2019agriculture biologique cr\u00e9e de nouvelles opportunit\u00e9s pour les producteurs face \u00e0 l\u2019industrialisation du secteur agro-alimentaire local. Particuli\u00e8rement enthousiaste, notre producteur d\u2019huile essentielle d\u2019Orange douce s\u2019est engag\u00e9 \u00e0 pr\u00e9server la biodiversit\u00e9, la qualit\u00e9 de l&#039;eau et la fertilit\u00e9 des sols tout en maintenant un savoir-faire ancestral. En r\u00e9sulte une huile essentielle tr\u00e8s riche \u2013 non seulement en limon\u00e8ne mais \u00e9galement d\u2019une douzaine d\u2019autres actifs \u2013 au parfum particuli\u00e8rement sucr\u00e9 et aux utilisations multiples, de l\u2019ar\u00f4me alimentaire \u00e0 la d\u00e9tergence, le bien-\u00eatre, la cosm\u00e9tique et la parfumerie.\" \/>\n<meta property=\"og:url\" content=\"https:\/\/www.laboratoire-helpac.com\/en\/p\/orange-sweet-organic-2\/\" \/>\n<meta property=\"og:site_name\" content=\"HELPAC\" \/>\n<meta property=\"article:modified_time\" content=\"2023-11-29T18:39:13+00:00\" \/>\n<meta property=\"og:image\" content=\"https:\/\/www.laboratoire-helpac.com\/wp-content\/uploads\/2023\/09\/HE_ORANGESWEET-EN-1.png\" \/>\n\t<meta property=\"og:image:width\" content=\"1280\" \/>\n\t<meta property=\"og:image:height\" content=\"1280\" \/>\n\t<meta property=\"og:image:type\" content=\"image\/png\" \/>\n<meta name=\"twitter:card\" content=\"summary_large_image\" \/>\n<script type=\"application\/ld+json\" class=\"yoast-schema-graph\">{\"@context\":\"https:\/\/schema.org\",\"@graph\":[{\"@type\":\"WebPage\",\"@id\":\"https:\/\/www.laboratoire-helpac.com\/en\/p\/orange-sweet-organic-2\/\",\"url\":\"https:\/\/www.laboratoire-helpac.com\/en\/p\/orange-sweet-organic-2\/\",\"name\":\"Essential oil ORIGHT ORGANY ORGANIC (Mexico) | HELPAC\",\"isPartOf\":{\"@id\":\"https:\/\/www.laboratoire-helpac.com\/en\/#website\"},\"primaryImageOfPage\":{\"@id\":\"https:\/\/www.laboratoire-helpac.com\/en\/p\/orange-sweet-organic-2\/#primaryimage\"},\"image\":{\"@id\":\"https:\/\/www.laboratoire-helpac.com\/en\/p\/orange-sweet-organic-2\/#primaryimage\"},\"thumbnailUrl\":\"https:\/\/www.laboratoire-helpac.com\/wp-content\/uploads\/2023\/09\/HE_ORANGESWEET-EN-1.png\",\"datePublished\":\"2023-07-30T14:57:40+00:00\",\"dateModified\":\"2023-11-29T18:39:13+00:00\",\"description\":\"Au Mexique, l\u2019agriculture biologique cr\u00e9e de nouvelles opportunit\u00e9s pour les producteurs face \u00e0 l\u2019industrialisation du secteur agro-alimentaire local. Particuli\u00e8rement enthousiaste, notre producteur d\u2019huile essentielle d\u2019Orange douce s\u2019est engag\u00e9 \u00e0 pr\u00e9server la biodiversit\u00e9, la qualit\u00e9 de l'eau et la fertilit\u00e9 des sols tout en maintenant un savoir-faire ancestral. En r\u00e9sulte une huile essentielle tr\u00e8s riche \u2013 non seulement en limon\u00e8ne mais \u00e9galement d\u2019une douzaine d\u2019autres actifs \u2013 au parfum particuli\u00e8rement sucr\u00e9 et aux utilisations multiples, de l\u2019ar\u00f4me alimentaire \u00e0 la d\u00e9tergence, le bien-\u00eatre, la cosm\u00e9tique et la parfumerie.\",\"breadcrumb\":{\"@id\":\"https:\/\/www.laboratoire-helpac.com\/en\/p\/orange-sweet-organic-2\/#breadcrumb\"},\"inLanguage\":\"en-US\",\"potentialAction\":[{\"@type\":\"ReadAction\",\"target\":[\"https:\/\/www.laboratoire-helpac.com\/en\/p\/orange-sweet-organic-2\/\"]}]},{\"@type\":\"ImageObject\",\"inLanguage\":\"en-US\",\"@id\":\"https:\/\/www.laboratoire-helpac.com\/en\/p\/orange-sweet-organic-2\/#primaryimage\",\"url\":\"https:\/\/www.laboratoire-helpac.com\/wp-content\/uploads\/2023\/09\/HE_ORANGESWEET-EN-1.png\",\"contentUrl\":\"https:\/\/www.laboratoire-helpac.com\/wp-content\/uploads\/2023\/09\/HE_ORANGESWEET-EN-1.png\",\"width\":1280,\"height\":1280,\"caption\":\"Essential oil ORIGHT ORGANY ORGANIC (Mexico) wholesaler\"},{\"@type\":\"BreadcrumbList\",\"@id\":\"https:\/\/www.laboratoire-helpac.com\/en\/p\/orange-sweet-organic-2\/#breadcrumb\",\"itemListElement\":[{\"@type\":\"ListItem\",\"position\":1,\"name\":\"Accueil\",\"item\":\"https:\/\/www.laboratoire-helpac.com\/en\/\"},{\"@type\":\"ListItem\",\"position\":2,\"name\":\"Our ingredients\",\"item\":\"https:\/\/www.laboratoire-helpac.com\/en\/products\/\"},{\"@type\":\"ListItem\",\"position\":3,\"name\":\"ORANGE SWEET ORGANIC\"}]},{\"@type\":\"WebSite\",\"@id\":\"https:\/\/www.laboratoire-helpac.com\/en\/#website\",\"url\":\"https:\/\/www.laboratoire-helpac.com\/en\/\",\"name\":\"HELPAC\",\"description\":\"\",\"publisher\":{\"@id\":\"https:\/\/www.laboratoire-helpac.com\/en\/#organization\"},\"potentialAction\":[{\"@type\":\"SearchAction\",\"target\":{\"@type\":\"EntryPoint\",\"urlTemplate\":\"https:\/\/www.laboratoire-helpac.com\/en\/?s={search_term_string}\"},\"query-input\":{\"@type\":\"PropertyValueSpecification\",\"valueRequired\":true,\"valueName\":\"search_term_string\"}}],\"inLanguage\":\"en-US\"},{\"@type\":\"Organization\",\"@id\":\"https:\/\/www.laboratoire-helpac.com\/en\/#organization\",\"name\":\"Helpac\",\"url\":\"https:\/\/www.laboratoire-helpac.com\/en\/\",\"logo\":{\"@type\":\"ImageObject\",\"inLanguage\":\"en-US\",\"@id\":\"https:\/\/www.laboratoire-helpac.com\/en\/#\/schema\/logo\/image\/\",\"url\":\"https:\/\/dev.fizzbuzz.fr\/helpac\/wp-content\/uploads\/2023\/05\/Logo-Helpac.jpg\",\"contentUrl\":\"https:\/\/dev.fizzbuzz.fr\/helpac\/wp-content\/uploads\/2023\/05\/Logo-Helpac.jpg\",\"width\":200,\"height\":200,\"caption\":\"Helpac\"},\"image\":{\"@id\":\"https:\/\/www.laboratoire-helpac.com\/en\/#\/schema\/logo\/image\/\"},\"sameAs\":[\"https:\/\/www.linkedin.com\/company\/helpac\/\"]}]}<\/script>\n<!-- \/ Yoast SEO plugin. -->","yoast_head_json":{"title":"Essential oil ORIGHT ORGANY ORGANIC (Mexico) | HELPAC","description":"Au Mexique, l\u2019agriculture biologique cr\u00e9e de nouvelles opportunit\u00e9s pour les producteurs face \u00e0 l\u2019industrialisation du secteur agro-alimentaire local. Particuli\u00e8rement enthousiaste, notre producteur d\u2019huile essentielle d\u2019Orange douce s\u2019est engag\u00e9 \u00e0 pr\u00e9server la biodiversit\u00e9, la qualit\u00e9 de l'eau et la fertilit\u00e9 des sols tout en maintenant un savoir-faire ancestral. En r\u00e9sulte une huile essentielle tr\u00e8s riche \u2013 non seulement en limon\u00e8ne mais \u00e9galement d\u2019une douzaine d\u2019autres actifs \u2013 au parfum particuli\u00e8rement sucr\u00e9 et aux utilisations multiples, de l\u2019ar\u00f4me alimentaire \u00e0 la d\u00e9tergence, le bien-\u00eatre, la cosm\u00e9tique et la parfumerie.","robots":{"index":"index","follow":"follow","max-snippet":"max-snippet:-1","max-image-preview":"max-image-preview:large","max-video-preview":"max-video-preview:-1"},"canonical":"https:\/\/www.laboratoire-helpac.com\/en\/p\/orange-sweet-organic-2\/","og_locale":"en_US","og_type":"article","og_title":"Essential oil ORIGHT ORGANY ORGANIC (Mexico) | HELPAC","og_description":"Au Mexique, l\u2019agriculture biologique cr\u00e9e de nouvelles opportunit\u00e9s pour les producteurs face \u00e0 l\u2019industrialisation du secteur agro-alimentaire local. Particuli\u00e8rement enthousiaste, notre producteur d\u2019huile essentielle d\u2019Orange douce s\u2019est engag\u00e9 \u00e0 pr\u00e9server la biodiversit\u00e9, la qualit\u00e9 de l'eau et la fertilit\u00e9 des sols tout en maintenant un savoir-faire ancestral. En r\u00e9sulte une huile essentielle tr\u00e8s riche \u2013 non seulement en limon\u00e8ne mais \u00e9galement d\u2019une douzaine d\u2019autres actifs \u2013 au parfum particuli\u00e8rement sucr\u00e9 et aux utilisations multiples, de l\u2019ar\u00f4me alimentaire \u00e0 la d\u00e9tergence, le bien-\u00eatre, la cosm\u00e9tique et la parfumerie.","og_url":"https:\/\/www.laboratoire-helpac.com\/en\/p\/orange-sweet-organic-2\/","og_site_name":"HELPAC","article_modified_time":"2023-11-29T18:39:13+00:00","og_image":[{"width":1280,"height":1280,"url":"https:\/\/www.laboratoire-helpac.com\/wp-content\/uploads\/2023\/09\/HE_ORANGESWEET-EN-1.png","type":"image\/png"}],"twitter_card":"summary_large_image","schema":{"@context":"https:\/\/schema.org","@graph":[{"@type":"WebPage","@id":"https:\/\/www.laboratoire-helpac.com\/en\/p\/orange-sweet-organic-2\/","url":"https:\/\/www.laboratoire-helpac.com\/en\/p\/orange-sweet-organic-2\/","name":"Essential oil ORIGHT ORGANY ORGANIC (Mexico) | HELPAC","isPartOf":{"@id":"https:\/\/www.laboratoire-helpac.com\/en\/#website"},"primaryImageOfPage":{"@id":"https:\/\/www.laboratoire-helpac.com\/en\/p\/orange-sweet-organic-2\/#primaryimage"},"image":{"@id":"https:\/\/www.laboratoire-helpac.com\/en\/p\/orange-sweet-organic-2\/#primaryimage"},"thumbnailUrl":"https:\/\/www.laboratoire-helpac.com\/wp-content\/uploads\/2023\/09\/HE_ORANGESWEET-EN-1.png","datePublished":"2023-07-30T14:57:40+00:00","dateModified":"2023-11-29T18:39:13+00:00","description":"Au Mexique, l\u2019agriculture biologique cr\u00e9e de nouvelles opportunit\u00e9s pour les producteurs face \u00e0 l\u2019industrialisation du secteur agro-alimentaire local. Particuli\u00e8rement enthousiaste, notre producteur d\u2019huile essentielle d\u2019Orange douce s\u2019est engag\u00e9 \u00e0 pr\u00e9server la biodiversit\u00e9, la qualit\u00e9 de l'eau et la fertilit\u00e9 des sols tout en maintenant un savoir-faire ancestral. En r\u00e9sulte une huile essentielle tr\u00e8s riche \u2013 non seulement en limon\u00e8ne mais \u00e9galement d\u2019une douzaine d\u2019autres actifs \u2013 au parfum particuli\u00e8rement sucr\u00e9 et aux utilisations multiples, de l\u2019ar\u00f4me alimentaire \u00e0 la d\u00e9tergence, le bien-\u00eatre, la cosm\u00e9tique et la parfumerie.","breadcrumb":{"@id":"https:\/\/www.laboratoire-helpac.com\/en\/p\/orange-sweet-organic-2\/#breadcrumb"},"inLanguage":"en-US","potentialAction":[{"@type":"ReadAction","target":["https:\/\/www.laboratoire-helpac.com\/en\/p\/orange-sweet-organic-2\/"]}]},{"@type":"ImageObject","inLanguage":"en-US","@id":"https:\/\/www.laboratoire-helpac.com\/en\/p\/orange-sweet-organic-2\/#primaryimage","url":"https:\/\/www.laboratoire-helpac.com\/wp-content\/uploads\/2023\/09\/HE_ORANGESWEET-EN-1.png","contentUrl":"https:\/\/www.laboratoire-helpac.com\/wp-content\/uploads\/2023\/09\/HE_ORANGESWEET-EN-1.png","width":1280,"height":1280,"caption":"Essential oil ORIGHT ORGANY ORGANIC (Mexico) wholesaler"},{"@type":"BreadcrumbList","@id":"https:\/\/www.laboratoire-helpac.com\/en\/p\/orange-sweet-organic-2\/#breadcrumb","itemListElement":[{"@type":"ListItem","position":1,"name":"Accueil","item":"https:\/\/www.laboratoire-helpac.com\/en\/"},{"@type":"ListItem","position":2,"name":"Our ingredients","item":"https:\/\/www.laboratoire-helpac.com\/en\/products\/"},{"@type":"ListItem","position":3,"name":"ORANGE SWEET ORGANIC"}]},{"@type":"WebSite","@id":"https:\/\/www.laboratoire-helpac.com\/en\/#website","url":"https:\/\/www.laboratoire-helpac.com\/en\/","name":"HELPAC","description":"","publisher":{"@id":"https:\/\/www.laboratoire-helpac.com\/en\/#organization"},"potentialAction":[{"@type":"SearchAction","target":{"@type":"EntryPoint","urlTemplate":"https:\/\/www.laboratoire-helpac.com\/en\/?s={search_term_string}"},"query-input":{"@type":"PropertyValueSpecification","valueRequired":true,"valueName":"search_term_string"}}],"inLanguage":"en-US"},{"@type":"Organization","@id":"https:\/\/www.laboratoire-helpac.com\/en\/#organization","name":"Helpac","url":"https:\/\/www.laboratoire-helpac.com\/en\/","logo":{"@type":"ImageObject","inLanguage":"en-US","@id":"https:\/\/www.laboratoire-helpac.com\/en\/#\/schema\/logo\/image\/","url":"https:\/\/dev.fizzbuzz.fr\/helpac\/wp-content\/uploads\/2023\/05\/Logo-Helpac.jpg","contentUrl":"https:\/\/dev.fizzbuzz.fr\/helpac\/wp-content\/uploads\/2023\/05\/Logo-Helpac.jpg","width":200,"height":200,"caption":"Helpac"},"image":{"@id":"https:\/\/www.laboratoire-helpac.com\/en\/#\/schema\/logo\/image\/"},"sameAs":["https:\/\/www.linkedin.com\/company\/helpac\/"]}]}},"_links":{"self":[{"href":"https:\/\/www.laboratoire-helpac.com\/en\/wp-json\/wp\/v2\/product\/5257","targetHints":{"allow":["GET"]}}],"collection":[{"href":"https:\/\/www.laboratoire-helpac.com\/en\/wp-json\/wp\/v2\/product"}],"about":[{"href":"https:\/\/www.laboratoire-helpac.com\/en\/wp-json\/wp\/v2\/types\/product"}],"wp:featuredmedia":[{"embeddable":true,"href":"https:\/\/www.laboratoire-helpac.com\/en\/wp-json\/wp\/v2\/media\/6940"}],"wp:attachment":[{"href":"https:\/\/www.laboratoire-helpac.com\/en\/wp-json\/wp\/v2\/media?parent=5257"}],"wp:term":[{"taxonomy":"product_cat","embeddable":true,"href":"https:\/\/www.laboratoire-helpac.com\/en\/wp-json\/wp\/v2\/product_cat?post=5257"},{"taxonomy":"product_tag","embeddable":true,"href":"https:\/\/www.laboratoire-helpac.com\/en\/wp-json\/wp\/v2\/product_tag?post=5257"}],"curies":[{"name":"wp","href":"https:\/\/api.w.org\/{rel}","templated":true}]}}