{"id":5253,"date":"2023-07-30T16:57:21","date_gmt":"2023-07-30T14:57:21","guid":{"rendered":"http:\/\/localhost\/wordpress\/produit\/neroli\/"},"modified":"2023-11-29T19:39:10","modified_gmt":"2023-11-29T18:39:10","slug":"neroli","status":"publish","type":"product","link":"https:\/\/www.laboratoire-helpac.com\/en\/p\/neroli\/","title":{"rendered":"NEROLI"},"content":{"rendered":"<p>Its incredible fragrance &#8211; used in perfumery for its fresh, floral top and heart notes, characteristic of orange blossom &#8211; has extremely rapid anxiolytic and antihypertensive properties. Positivizing and rebalancing the nervous system, Neroli essential oil is widely used in energetic aromatherapy, as well as in cosmetics to beautify the skin. Its particularly powerful taste is much appreciated in cooking.<\/p>\n","protected":false},"excerpt":{"rendered":"<p>Its incredible fragrance &#8211; used in perfumery for its fresh, floral top and heart notes, characteristic of orange blossom &#8211; has extremely rapid anxiolytic and antihypertensive properties. Positivizing and rebalancing the nervous system, Neroli essential oil is widely used in energetic aromatherapy, as well as in cosmetics to beautify the skin. Its particularly powerful taste [&hellip;]<\/p>\n","protected":false},"featured_media":6936,"template":"","meta":[],"product_cat":[390,451,452],"product_tag":[],"class_list":{"0":"post-5253","1":"product","2":"type-product","3":"status-publish","4":"has-post-thumbnail","6":"product_cat-essential-oils","7":"product_cat-aromatherapy-wholesaler-essential-oil","8":"product_cat-bulk-essential-oils-aromatherapy-wholesaler-essential-oil","9":"pa_certifications-conventional","10":"pa_origines-africa","11":"pa_usages-cosmetic","12":"pa_usages-diffusion-en","13":"pa_usages-perfumery","15":"first","16":"instock","17":"purchasable","18":"product-type-simple"},"acf":[],"yoast_head":"<!-- This site is optimized with the Yoast SEO plugin v23.9 - https:\/\/yoast.com\/wordpress\/plugins\/seo\/ -->\n<title>Essential oil Neroli (Egypt) | HELPAC<\/title>\n<meta name=\"description\" content=\"Son parfum incroyable - utilis\u00e9 en parfumerie pour ses notes de t\u00eate et de c\u0153ur fra\u00eeches et florales, caract\u00e9ristiques de la fleur d\u2019oranger \u2013 poss\u00e8de des propri\u00e9t\u00e9s anxiolytiques et antihypertensives extr\u00eamement promptes. Positivante et r\u00e9\u00e9quilibrante du syst\u00e8me nerveux, l\u2019huile essentielle de N\u00e9roli est tr\u00e8s utilis\u00e9e en aromath\u00e9rapie \u00e9nerg\u00e9tique mais aussi en cosm\u00e9tique pour embellir la peau. Son go\u00fbt particuli\u00e8rement puissant est tr\u00e8s appr\u00e9ci\u00e9 en cuisine.\" \/>\n<meta name=\"robots\" content=\"index, follow, max-snippet:-1, max-image-preview:large, max-video-preview:-1\" \/>\n<link rel=\"canonical\" href=\"https:\/\/www.laboratoire-helpac.com\/en\/p\/neroli\/\" \/>\n<meta property=\"og:locale\" content=\"en_US\" \/>\n<meta property=\"og:type\" content=\"article\" \/>\n<meta property=\"og:title\" content=\"Essential oil Neroli (Egypt) | HELPAC\" \/>\n<meta property=\"og:description\" content=\"Son parfum incroyable - utilis\u00e9 en parfumerie pour ses notes de t\u00eate et de c\u0153ur fra\u00eeches et florales, caract\u00e9ristiques de la fleur d\u2019oranger \u2013 poss\u00e8de des propri\u00e9t\u00e9s anxiolytiques et antihypertensives extr\u00eamement promptes. Positivante et r\u00e9\u00e9quilibrante du syst\u00e8me nerveux, l\u2019huile essentielle de N\u00e9roli est tr\u00e8s utilis\u00e9e en aromath\u00e9rapie \u00e9nerg\u00e9tique mais aussi en cosm\u00e9tique pour embellir la peau. Son go\u00fbt particuli\u00e8rement puissant est tr\u00e8s appr\u00e9ci\u00e9 en cuisine.\" \/>\n<meta property=\"og:url\" content=\"https:\/\/www.laboratoire-helpac.com\/en\/p\/neroli\/\" \/>\n<meta property=\"og:site_name\" content=\"HELPAC\" \/>\n<meta property=\"article:modified_time\" content=\"2023-11-29T18:39:10+00:00\" \/>\n<meta property=\"og:image\" content=\"https:\/\/www.laboratoire-helpac.com\/wp-content\/uploads\/2023\/09\/HE_NEROLI-EN-2.png\" \/>\n\t<meta property=\"og:image:width\" content=\"1280\" \/>\n\t<meta property=\"og:image:height\" content=\"1280\" \/>\n\t<meta property=\"og:image:type\" content=\"image\/png\" \/>\n<meta name=\"twitter:card\" content=\"summary_large_image\" \/>\n<script type=\"application\/ld+json\" class=\"yoast-schema-graph\">{\"@context\":\"https:\/\/schema.org\",\"@graph\":[{\"@type\":\"WebPage\",\"@id\":\"https:\/\/www.laboratoire-helpac.com\/en\/p\/neroli\/\",\"url\":\"https:\/\/www.laboratoire-helpac.com\/en\/p\/neroli\/\",\"name\":\"Essential oil Neroli (Egypt) | HELPAC\",\"isPartOf\":{\"@id\":\"https:\/\/www.laboratoire-helpac.com\/en\/#website\"},\"primaryImageOfPage\":{\"@id\":\"https:\/\/www.laboratoire-helpac.com\/en\/p\/neroli\/#primaryimage\"},\"image\":{\"@id\":\"https:\/\/www.laboratoire-helpac.com\/en\/p\/neroli\/#primaryimage\"},\"thumbnailUrl\":\"https:\/\/www.laboratoire-helpac.com\/wp-content\/uploads\/2023\/09\/HE_NEROLI-EN-2.png\",\"datePublished\":\"2023-07-30T14:57:21+00:00\",\"dateModified\":\"2023-11-29T18:39:10+00:00\",\"description\":\"Son parfum incroyable - utilis\u00e9 en parfumerie pour ses notes de t\u00eate et de c\u0153ur fra\u00eeches et florales, caract\u00e9ristiques de la fleur d\u2019oranger \u2013 poss\u00e8de des propri\u00e9t\u00e9s anxiolytiques et antihypertensives extr\u00eamement promptes. Positivante et r\u00e9\u00e9quilibrante du syst\u00e8me nerveux, l\u2019huile essentielle de N\u00e9roli est tr\u00e8s utilis\u00e9e en aromath\u00e9rapie \u00e9nerg\u00e9tique mais aussi en cosm\u00e9tique pour embellir la peau. Son go\u00fbt particuli\u00e8rement puissant est tr\u00e8s appr\u00e9ci\u00e9 en cuisine.\",\"breadcrumb\":{\"@id\":\"https:\/\/www.laboratoire-helpac.com\/en\/p\/neroli\/#breadcrumb\"},\"inLanguage\":\"en-US\",\"potentialAction\":[{\"@type\":\"ReadAction\",\"target\":[\"https:\/\/www.laboratoire-helpac.com\/en\/p\/neroli\/\"]}]},{\"@type\":\"ImageObject\",\"inLanguage\":\"en-US\",\"@id\":\"https:\/\/www.laboratoire-helpac.com\/en\/p\/neroli\/#primaryimage\",\"url\":\"https:\/\/www.laboratoire-helpac.com\/wp-content\/uploads\/2023\/09\/HE_NEROLI-EN-2.png\",\"contentUrl\":\"https:\/\/www.laboratoire-helpac.com\/wp-content\/uploads\/2023\/09\/HE_NEROLI-EN-2.png\",\"width\":1280,\"height\":1280,\"caption\":\"Essential oil Neroli (Egypt) wholesaler\"},{\"@type\":\"BreadcrumbList\",\"@id\":\"https:\/\/www.laboratoire-helpac.com\/en\/p\/neroli\/#breadcrumb\",\"itemListElement\":[{\"@type\":\"ListItem\",\"position\":1,\"name\":\"Accueil\",\"item\":\"https:\/\/www.laboratoire-helpac.com\/en\/\"},{\"@type\":\"ListItem\",\"position\":2,\"name\":\"Our ingredients\",\"item\":\"https:\/\/www.laboratoire-helpac.com\/en\/products\/\"},{\"@type\":\"ListItem\",\"position\":3,\"name\":\"NEROLI\"}]},{\"@type\":\"WebSite\",\"@id\":\"https:\/\/www.laboratoire-helpac.com\/en\/#website\",\"url\":\"https:\/\/www.laboratoire-helpac.com\/en\/\",\"name\":\"HELPAC\",\"description\":\"\",\"publisher\":{\"@id\":\"https:\/\/www.laboratoire-helpac.com\/en\/#organization\"},\"potentialAction\":[{\"@type\":\"SearchAction\",\"target\":{\"@type\":\"EntryPoint\",\"urlTemplate\":\"https:\/\/www.laboratoire-helpac.com\/en\/?s={search_term_string}\"},\"query-input\":{\"@type\":\"PropertyValueSpecification\",\"valueRequired\":true,\"valueName\":\"search_term_string\"}}],\"inLanguage\":\"en-US\"},{\"@type\":\"Organization\",\"@id\":\"https:\/\/www.laboratoire-helpac.com\/en\/#organization\",\"name\":\"Helpac\",\"url\":\"https:\/\/www.laboratoire-helpac.com\/en\/\",\"logo\":{\"@type\":\"ImageObject\",\"inLanguage\":\"en-US\",\"@id\":\"https:\/\/www.laboratoire-helpac.com\/en\/#\/schema\/logo\/image\/\",\"url\":\"https:\/\/dev.fizzbuzz.fr\/helpac\/wp-content\/uploads\/2023\/05\/Logo-Helpac.jpg\",\"contentUrl\":\"https:\/\/dev.fizzbuzz.fr\/helpac\/wp-content\/uploads\/2023\/05\/Logo-Helpac.jpg\",\"width\":200,\"height\":200,\"caption\":\"Helpac\"},\"image\":{\"@id\":\"https:\/\/www.laboratoire-helpac.com\/en\/#\/schema\/logo\/image\/\"},\"sameAs\":[\"https:\/\/www.linkedin.com\/company\/helpac\/\"]}]}<\/script>\n<!-- \/ Yoast SEO plugin. -->","yoast_head_json":{"title":"Essential oil Neroli (Egypt) | HELPAC","description":"Son parfum incroyable - utilis\u00e9 en parfumerie pour ses notes de t\u00eate et de c\u0153ur fra\u00eeches et florales, caract\u00e9ristiques de la fleur d\u2019oranger \u2013 poss\u00e8de des propri\u00e9t\u00e9s anxiolytiques et antihypertensives extr\u00eamement promptes. Positivante et r\u00e9\u00e9quilibrante du syst\u00e8me nerveux, l\u2019huile essentielle de N\u00e9roli est tr\u00e8s utilis\u00e9e en aromath\u00e9rapie \u00e9nerg\u00e9tique mais aussi en cosm\u00e9tique pour embellir la peau. Son go\u00fbt particuli\u00e8rement puissant est tr\u00e8s appr\u00e9ci\u00e9 en cuisine.","robots":{"index":"index","follow":"follow","max-snippet":"max-snippet:-1","max-image-preview":"max-image-preview:large","max-video-preview":"max-video-preview:-1"},"canonical":"https:\/\/www.laboratoire-helpac.com\/en\/p\/neroli\/","og_locale":"en_US","og_type":"article","og_title":"Essential oil Neroli (Egypt) | HELPAC","og_description":"Son parfum incroyable - utilis\u00e9 en parfumerie pour ses notes de t\u00eate et de c\u0153ur fra\u00eeches et florales, caract\u00e9ristiques de la fleur d\u2019oranger \u2013 poss\u00e8de des propri\u00e9t\u00e9s anxiolytiques et antihypertensives extr\u00eamement promptes. Positivante et r\u00e9\u00e9quilibrante du syst\u00e8me nerveux, l\u2019huile essentielle de N\u00e9roli est tr\u00e8s utilis\u00e9e en aromath\u00e9rapie \u00e9nerg\u00e9tique mais aussi en cosm\u00e9tique pour embellir la peau. Son go\u00fbt particuli\u00e8rement puissant est tr\u00e8s appr\u00e9ci\u00e9 en cuisine.","og_url":"https:\/\/www.laboratoire-helpac.com\/en\/p\/neroli\/","og_site_name":"HELPAC","article_modified_time":"2023-11-29T18:39:10+00:00","og_image":[{"width":1280,"height":1280,"url":"https:\/\/www.laboratoire-helpac.com\/wp-content\/uploads\/2023\/09\/HE_NEROLI-EN-2.png","type":"image\/png"}],"twitter_card":"summary_large_image","schema":{"@context":"https:\/\/schema.org","@graph":[{"@type":"WebPage","@id":"https:\/\/www.laboratoire-helpac.com\/en\/p\/neroli\/","url":"https:\/\/www.laboratoire-helpac.com\/en\/p\/neroli\/","name":"Essential oil Neroli (Egypt) | HELPAC","isPartOf":{"@id":"https:\/\/www.laboratoire-helpac.com\/en\/#website"},"primaryImageOfPage":{"@id":"https:\/\/www.laboratoire-helpac.com\/en\/p\/neroli\/#primaryimage"},"image":{"@id":"https:\/\/www.laboratoire-helpac.com\/en\/p\/neroli\/#primaryimage"},"thumbnailUrl":"https:\/\/www.laboratoire-helpac.com\/wp-content\/uploads\/2023\/09\/HE_NEROLI-EN-2.png","datePublished":"2023-07-30T14:57:21+00:00","dateModified":"2023-11-29T18:39:10+00:00","description":"Son parfum incroyable - utilis\u00e9 en parfumerie pour ses notes de t\u00eate et de c\u0153ur fra\u00eeches et florales, caract\u00e9ristiques de la fleur d\u2019oranger \u2013 poss\u00e8de des propri\u00e9t\u00e9s anxiolytiques et antihypertensives extr\u00eamement promptes. Positivante et r\u00e9\u00e9quilibrante du syst\u00e8me nerveux, l\u2019huile essentielle de N\u00e9roli est tr\u00e8s utilis\u00e9e en aromath\u00e9rapie \u00e9nerg\u00e9tique mais aussi en cosm\u00e9tique pour embellir la peau. Son go\u00fbt particuli\u00e8rement puissant est tr\u00e8s appr\u00e9ci\u00e9 en cuisine.","breadcrumb":{"@id":"https:\/\/www.laboratoire-helpac.com\/en\/p\/neroli\/#breadcrumb"},"inLanguage":"en-US","potentialAction":[{"@type":"ReadAction","target":["https:\/\/www.laboratoire-helpac.com\/en\/p\/neroli\/"]}]},{"@type":"ImageObject","inLanguage":"en-US","@id":"https:\/\/www.laboratoire-helpac.com\/en\/p\/neroli\/#primaryimage","url":"https:\/\/www.laboratoire-helpac.com\/wp-content\/uploads\/2023\/09\/HE_NEROLI-EN-2.png","contentUrl":"https:\/\/www.laboratoire-helpac.com\/wp-content\/uploads\/2023\/09\/HE_NEROLI-EN-2.png","width":1280,"height":1280,"caption":"Essential oil Neroli (Egypt) wholesaler"},{"@type":"BreadcrumbList","@id":"https:\/\/www.laboratoire-helpac.com\/en\/p\/neroli\/#breadcrumb","itemListElement":[{"@type":"ListItem","position":1,"name":"Accueil","item":"https:\/\/www.laboratoire-helpac.com\/en\/"},{"@type":"ListItem","position":2,"name":"Our ingredients","item":"https:\/\/www.laboratoire-helpac.com\/en\/products\/"},{"@type":"ListItem","position":3,"name":"NEROLI"}]},{"@type":"WebSite","@id":"https:\/\/www.laboratoire-helpac.com\/en\/#website","url":"https:\/\/www.laboratoire-helpac.com\/en\/","name":"HELPAC","description":"","publisher":{"@id":"https:\/\/www.laboratoire-helpac.com\/en\/#organization"},"potentialAction":[{"@type":"SearchAction","target":{"@type":"EntryPoint","urlTemplate":"https:\/\/www.laboratoire-helpac.com\/en\/?s={search_term_string}"},"query-input":{"@type":"PropertyValueSpecification","valueRequired":true,"valueName":"search_term_string"}}],"inLanguage":"en-US"},{"@type":"Organization","@id":"https:\/\/www.laboratoire-helpac.com\/en\/#organization","name":"Helpac","url":"https:\/\/www.laboratoire-helpac.com\/en\/","logo":{"@type":"ImageObject","inLanguage":"en-US","@id":"https:\/\/www.laboratoire-helpac.com\/en\/#\/schema\/logo\/image\/","url":"https:\/\/dev.fizzbuzz.fr\/helpac\/wp-content\/uploads\/2023\/05\/Logo-Helpac.jpg","contentUrl":"https:\/\/dev.fizzbuzz.fr\/helpac\/wp-content\/uploads\/2023\/05\/Logo-Helpac.jpg","width":200,"height":200,"caption":"Helpac"},"image":{"@id":"https:\/\/www.laboratoire-helpac.com\/en\/#\/schema\/logo\/image\/"},"sameAs":["https:\/\/www.linkedin.com\/company\/helpac\/"]}]}},"_links":{"self":[{"href":"https:\/\/www.laboratoire-helpac.com\/en\/wp-json\/wp\/v2\/product\/5253","targetHints":{"allow":["GET"]}}],"collection":[{"href":"https:\/\/www.laboratoire-helpac.com\/en\/wp-json\/wp\/v2\/product"}],"about":[{"href":"https:\/\/www.laboratoire-helpac.com\/en\/wp-json\/wp\/v2\/types\/product"}],"wp:featuredmedia":[{"embeddable":true,"href":"https:\/\/www.laboratoire-helpac.com\/en\/wp-json\/wp\/v2\/media\/6936"}],"wp:attachment":[{"href":"https:\/\/www.laboratoire-helpac.com\/en\/wp-json\/wp\/v2\/media?parent=5253"}],"wp:term":[{"taxonomy":"product_cat","embeddable":true,"href":"https:\/\/www.laboratoire-helpac.com\/en\/wp-json\/wp\/v2\/product_cat?post=5253"},{"taxonomy":"product_tag","embeddable":true,"href":"https:\/\/www.laboratoire-helpac.com\/en\/wp-json\/wp\/v2\/product_tag?post=5253"}],"curies":[{"name":"wp","href":"https:\/\/api.w.org\/{rel}","templated":true}]}}