{"id":5248,"date":"2023-07-30T16:57:21","date_gmt":"2023-07-30T14:57:21","guid":{"rendered":"http:\/\/localhost\/wordpress\/produit\/organic-lemon-myrtle\/"},"modified":"2023-11-29T19:39:08","modified_gmt":"2023-11-29T18:39:08","slug":"myrtle-lemon-organic","status":"publish","type":"product","link":"https:\/\/www.laboratoire-helpac.com\/en\/p\/myrtle-lemon-organic\/","title":{"rendered":"MYRTLE LEMON ORGANIC"},"content":{"rendered":"<p>Lemon Myrtle essential oil has a sweet, floral, lemony fragrance and is rich in geranial, neral and linalool: it is a purifying, antiviral, antibacterial, repellent and powerfully antifungal essential oil &#8211; it can be used in detergents, home care (diffusion) and cosmetics (mycosis, acne, body odor, etc.). Calming and sedative, it can help combat frustrations and addiction problems in energetic aromatherapy; it soothes and purifies the 3rd chakra.<\/p>\n","protected":false},"excerpt":{"rendered":"<p>Lemon Myrtle essential oil has a sweet, floral, lemony fragrance and is rich in geranial, neral and linalool: it is a purifying, antiviral, antibacterial, repellent and powerfully antifungal essential oil &#8211; it can be used in detergents, home care (diffusion) and cosmetics (mycosis, acne, body odor, etc.). Calming and sedative, it can help combat frustrations [&hellip;]<\/p>\n","protected":false},"featured_media":6931,"template":"","meta":[],"product_cat":[390,451,452],"product_tag":[],"class_list":{"0":"post-5248","1":"product","2":"type-product","3":"status-publish","4":"has-post-thumbnail","6":"product_cat-essential-oils","7":"product_cat-aromatherapy-wholesaler-essential-oil","8":"product_cat-bulk-essential-oils-aromatherapy-wholesaler-essential-oil","9":"pa_certifications-cosmos-en","10":"pa_origines-asia-oceania","11":"pa_usages-cosmetic","12":"pa_usages-diffusion-en","13":"pa_usages-perfumery","15":"first","16":"instock","17":"purchasable","18":"product-type-simple"},"acf":[],"yoast_head":"<!-- This site is optimized with the Yoast SEO plugin v23.9 - https:\/\/yoast.com\/wordpress\/plugins\/seo\/ -->\n<title>Essential oil Organic lemon myrtle (Australia) | HELPAC<\/title>\n<meta name=\"description\" content=\"Au parfum doux, floral et citronn\u00e9, l\u2019huile essentielle de Myrte citronn\u00e9e est riche en g\u00e9ranial, n\u00e9ral et linalol : c\u2019est une huile essentielle purifiante, antivirale, antobact\u00e9reinne, r\u00e9pulsive et puissamment antifongique \u2013 on l\u2019exploitera notamment en d\u00e9tergeance, soin de la maison (diffusion) mais aussi en cosm\u00e9tique (mycoses, acn\u00e9, odeurs corporelles, etc.). Calmante et s\u00e9dative, elle peut aider \u00e0 combattre les frustrations et probl\u00e8mes d\u2019addiction en aromath\u00e9rapie \u00e9nerg\u00e9tique ; elle apaise et purifie le 3e chakra.\" \/>\n<meta name=\"robots\" content=\"index, follow, max-snippet:-1, max-image-preview:large, max-video-preview:-1\" \/>\n<link rel=\"canonical\" href=\"https:\/\/www.laboratoire-helpac.com\/en\/p\/myrtle-lemon-organic\/\" \/>\n<meta property=\"og:locale\" content=\"en_US\" \/>\n<meta property=\"og:type\" content=\"article\" \/>\n<meta property=\"og:title\" content=\"Essential oil Organic lemon myrtle (Australia) | HELPAC\" \/>\n<meta property=\"og:description\" content=\"Au parfum doux, floral et citronn\u00e9, l\u2019huile essentielle de Myrte citronn\u00e9e est riche en g\u00e9ranial, n\u00e9ral et linalol : c\u2019est une huile essentielle purifiante, antivirale, antobact\u00e9reinne, r\u00e9pulsive et puissamment antifongique \u2013 on l\u2019exploitera notamment en d\u00e9tergeance, soin de la maison (diffusion) mais aussi en cosm\u00e9tique (mycoses, acn\u00e9, odeurs corporelles, etc.). Calmante et s\u00e9dative, elle peut aider \u00e0 combattre les frustrations et probl\u00e8mes d\u2019addiction en aromath\u00e9rapie \u00e9nerg\u00e9tique ; elle apaise et purifie le 3e chakra.\" \/>\n<meta property=\"og:url\" content=\"https:\/\/www.laboratoire-helpac.com\/en\/p\/myrtle-lemon-organic\/\" \/>\n<meta property=\"og:site_name\" content=\"HELPAC\" \/>\n<meta property=\"article:modified_time\" content=\"2023-11-29T18:39:08+00:00\" \/>\n<meta property=\"og:image\" content=\"https:\/\/www.laboratoire-helpac.com\/wp-content\/uploads\/2023\/09\/HE_MYRTLELEMON-EN.png\" \/>\n\t<meta property=\"og:image:width\" content=\"1280\" \/>\n\t<meta property=\"og:image:height\" content=\"1280\" \/>\n\t<meta property=\"og:image:type\" content=\"image\/png\" \/>\n<meta name=\"twitter:card\" content=\"summary_large_image\" \/>\n<script type=\"application\/ld+json\" class=\"yoast-schema-graph\">{\"@context\":\"https:\/\/schema.org\",\"@graph\":[{\"@type\":\"WebPage\",\"@id\":\"https:\/\/www.laboratoire-helpac.com\/en\/p\/myrtle-lemon-organic\/\",\"url\":\"https:\/\/www.laboratoire-helpac.com\/en\/p\/myrtle-lemon-organic\/\",\"name\":\"Essential oil Organic lemon myrtle (Australia) | HELPAC\",\"isPartOf\":{\"@id\":\"https:\/\/www.laboratoire-helpac.com\/en\/#website\"},\"primaryImageOfPage\":{\"@id\":\"https:\/\/www.laboratoire-helpac.com\/en\/p\/myrtle-lemon-organic\/#primaryimage\"},\"image\":{\"@id\":\"https:\/\/www.laboratoire-helpac.com\/en\/p\/myrtle-lemon-organic\/#primaryimage\"},\"thumbnailUrl\":\"https:\/\/www.laboratoire-helpac.com\/wp-content\/uploads\/2023\/09\/HE_MYRTLELEMON-EN.png\",\"datePublished\":\"2023-07-30T14:57:21+00:00\",\"dateModified\":\"2023-11-29T18:39:08+00:00\",\"description\":\"Au parfum doux, floral et citronn\u00e9, l\u2019huile essentielle de Myrte citronn\u00e9e est riche en g\u00e9ranial, n\u00e9ral et linalol : c\u2019est une huile essentielle purifiante, antivirale, antobact\u00e9reinne, r\u00e9pulsive et puissamment antifongique \u2013 on l\u2019exploitera notamment en d\u00e9tergeance, soin de la maison (diffusion) mais aussi en cosm\u00e9tique (mycoses, acn\u00e9, odeurs corporelles, etc.). Calmante et s\u00e9dative, elle peut aider \u00e0 combattre les frustrations et probl\u00e8mes d\u2019addiction en aromath\u00e9rapie \u00e9nerg\u00e9tique ; elle apaise et purifie le 3e chakra.\",\"breadcrumb\":{\"@id\":\"https:\/\/www.laboratoire-helpac.com\/en\/p\/myrtle-lemon-organic\/#breadcrumb\"},\"inLanguage\":\"en-US\",\"potentialAction\":[{\"@type\":\"ReadAction\",\"target\":[\"https:\/\/www.laboratoire-helpac.com\/en\/p\/myrtle-lemon-organic\/\"]}]},{\"@type\":\"ImageObject\",\"inLanguage\":\"en-US\",\"@id\":\"https:\/\/www.laboratoire-helpac.com\/en\/p\/myrtle-lemon-organic\/#primaryimage\",\"url\":\"https:\/\/www.laboratoire-helpac.com\/wp-content\/uploads\/2023\/09\/HE_MYRTLELEMON-EN.png\",\"contentUrl\":\"https:\/\/www.laboratoire-helpac.com\/wp-content\/uploads\/2023\/09\/HE_MYRTLELEMON-EN.png\",\"width\":1280,\"height\":1280,\"caption\":\"Essential oil Organic lemon myrtle (Australia) wholesaler\"},{\"@type\":\"BreadcrumbList\",\"@id\":\"https:\/\/www.laboratoire-helpac.com\/en\/p\/myrtle-lemon-organic\/#breadcrumb\",\"itemListElement\":[{\"@type\":\"ListItem\",\"position\":1,\"name\":\"Accueil\",\"item\":\"https:\/\/www.laboratoire-helpac.com\/en\/\"},{\"@type\":\"ListItem\",\"position\":2,\"name\":\"Our ingredients\",\"item\":\"https:\/\/www.laboratoire-helpac.com\/en\/products\/\"},{\"@type\":\"ListItem\",\"position\":3,\"name\":\"MYRTLE LEMON ORGANIC\"}]},{\"@type\":\"WebSite\",\"@id\":\"https:\/\/www.laboratoire-helpac.com\/en\/#website\",\"url\":\"https:\/\/www.laboratoire-helpac.com\/en\/\",\"name\":\"HELPAC\",\"description\":\"\",\"publisher\":{\"@id\":\"https:\/\/www.laboratoire-helpac.com\/en\/#organization\"},\"potentialAction\":[{\"@type\":\"SearchAction\",\"target\":{\"@type\":\"EntryPoint\",\"urlTemplate\":\"https:\/\/www.laboratoire-helpac.com\/en\/?s={search_term_string}\"},\"query-input\":{\"@type\":\"PropertyValueSpecification\",\"valueRequired\":true,\"valueName\":\"search_term_string\"}}],\"inLanguage\":\"en-US\"},{\"@type\":\"Organization\",\"@id\":\"https:\/\/www.laboratoire-helpac.com\/en\/#organization\",\"name\":\"Helpac\",\"url\":\"https:\/\/www.laboratoire-helpac.com\/en\/\",\"logo\":{\"@type\":\"ImageObject\",\"inLanguage\":\"en-US\",\"@id\":\"https:\/\/www.laboratoire-helpac.com\/en\/#\/schema\/logo\/image\/\",\"url\":\"https:\/\/dev.fizzbuzz.fr\/helpac\/wp-content\/uploads\/2023\/05\/Logo-Helpac.jpg\",\"contentUrl\":\"https:\/\/dev.fizzbuzz.fr\/helpac\/wp-content\/uploads\/2023\/05\/Logo-Helpac.jpg\",\"width\":200,\"height\":200,\"caption\":\"Helpac\"},\"image\":{\"@id\":\"https:\/\/www.laboratoire-helpac.com\/en\/#\/schema\/logo\/image\/\"},\"sameAs\":[\"https:\/\/www.linkedin.com\/company\/helpac\/\"]}]}<\/script>\n<!-- \/ Yoast SEO plugin. -->","yoast_head_json":{"title":"Essential oil Organic lemon myrtle (Australia) | HELPAC","description":"Au parfum doux, floral et citronn\u00e9, l\u2019huile essentielle de Myrte citronn\u00e9e est riche en g\u00e9ranial, n\u00e9ral et linalol : c\u2019est une huile essentielle purifiante, antivirale, antobact\u00e9reinne, r\u00e9pulsive et puissamment antifongique \u2013 on l\u2019exploitera notamment en d\u00e9tergeance, soin de la maison (diffusion) mais aussi en cosm\u00e9tique (mycoses, acn\u00e9, odeurs corporelles, etc.). Calmante et s\u00e9dative, elle peut aider \u00e0 combattre les frustrations et probl\u00e8mes d\u2019addiction en aromath\u00e9rapie \u00e9nerg\u00e9tique ; elle apaise et purifie le 3e chakra.","robots":{"index":"index","follow":"follow","max-snippet":"max-snippet:-1","max-image-preview":"max-image-preview:large","max-video-preview":"max-video-preview:-1"},"canonical":"https:\/\/www.laboratoire-helpac.com\/en\/p\/myrtle-lemon-organic\/","og_locale":"en_US","og_type":"article","og_title":"Essential oil Organic lemon myrtle (Australia) | HELPAC","og_description":"Au parfum doux, floral et citronn\u00e9, l\u2019huile essentielle de Myrte citronn\u00e9e est riche en g\u00e9ranial, n\u00e9ral et linalol : c\u2019est une huile essentielle purifiante, antivirale, antobact\u00e9reinne, r\u00e9pulsive et puissamment antifongique \u2013 on l\u2019exploitera notamment en d\u00e9tergeance, soin de la maison (diffusion) mais aussi en cosm\u00e9tique (mycoses, acn\u00e9, odeurs corporelles, etc.). Calmante et s\u00e9dative, elle peut aider \u00e0 combattre les frustrations et probl\u00e8mes d\u2019addiction en aromath\u00e9rapie \u00e9nerg\u00e9tique ; elle apaise et purifie le 3e chakra.","og_url":"https:\/\/www.laboratoire-helpac.com\/en\/p\/myrtle-lemon-organic\/","og_site_name":"HELPAC","article_modified_time":"2023-11-29T18:39:08+00:00","og_image":[{"width":1280,"height":1280,"url":"https:\/\/www.laboratoire-helpac.com\/wp-content\/uploads\/2023\/09\/HE_MYRTLELEMON-EN.png","type":"image\/png"}],"twitter_card":"summary_large_image","schema":{"@context":"https:\/\/schema.org","@graph":[{"@type":"WebPage","@id":"https:\/\/www.laboratoire-helpac.com\/en\/p\/myrtle-lemon-organic\/","url":"https:\/\/www.laboratoire-helpac.com\/en\/p\/myrtle-lemon-organic\/","name":"Essential oil Organic lemon myrtle (Australia) | HELPAC","isPartOf":{"@id":"https:\/\/www.laboratoire-helpac.com\/en\/#website"},"primaryImageOfPage":{"@id":"https:\/\/www.laboratoire-helpac.com\/en\/p\/myrtle-lemon-organic\/#primaryimage"},"image":{"@id":"https:\/\/www.laboratoire-helpac.com\/en\/p\/myrtle-lemon-organic\/#primaryimage"},"thumbnailUrl":"https:\/\/www.laboratoire-helpac.com\/wp-content\/uploads\/2023\/09\/HE_MYRTLELEMON-EN.png","datePublished":"2023-07-30T14:57:21+00:00","dateModified":"2023-11-29T18:39:08+00:00","description":"Au parfum doux, floral et citronn\u00e9, l\u2019huile essentielle de Myrte citronn\u00e9e est riche en g\u00e9ranial, n\u00e9ral et linalol : c\u2019est une huile essentielle purifiante, antivirale, antobact\u00e9reinne, r\u00e9pulsive et puissamment antifongique \u2013 on l\u2019exploitera notamment en d\u00e9tergeance, soin de la maison (diffusion) mais aussi en cosm\u00e9tique (mycoses, acn\u00e9, odeurs corporelles, etc.). Calmante et s\u00e9dative, elle peut aider \u00e0 combattre les frustrations et probl\u00e8mes d\u2019addiction en aromath\u00e9rapie \u00e9nerg\u00e9tique ; elle apaise et purifie le 3e chakra.","breadcrumb":{"@id":"https:\/\/www.laboratoire-helpac.com\/en\/p\/myrtle-lemon-organic\/#breadcrumb"},"inLanguage":"en-US","potentialAction":[{"@type":"ReadAction","target":["https:\/\/www.laboratoire-helpac.com\/en\/p\/myrtle-lemon-organic\/"]}]},{"@type":"ImageObject","inLanguage":"en-US","@id":"https:\/\/www.laboratoire-helpac.com\/en\/p\/myrtle-lemon-organic\/#primaryimage","url":"https:\/\/www.laboratoire-helpac.com\/wp-content\/uploads\/2023\/09\/HE_MYRTLELEMON-EN.png","contentUrl":"https:\/\/www.laboratoire-helpac.com\/wp-content\/uploads\/2023\/09\/HE_MYRTLELEMON-EN.png","width":1280,"height":1280,"caption":"Essential oil Organic lemon myrtle (Australia) wholesaler"},{"@type":"BreadcrumbList","@id":"https:\/\/www.laboratoire-helpac.com\/en\/p\/myrtle-lemon-organic\/#breadcrumb","itemListElement":[{"@type":"ListItem","position":1,"name":"Accueil","item":"https:\/\/www.laboratoire-helpac.com\/en\/"},{"@type":"ListItem","position":2,"name":"Our ingredients","item":"https:\/\/www.laboratoire-helpac.com\/en\/products\/"},{"@type":"ListItem","position":3,"name":"MYRTLE LEMON ORGANIC"}]},{"@type":"WebSite","@id":"https:\/\/www.laboratoire-helpac.com\/en\/#website","url":"https:\/\/www.laboratoire-helpac.com\/en\/","name":"HELPAC","description":"","publisher":{"@id":"https:\/\/www.laboratoire-helpac.com\/en\/#organization"},"potentialAction":[{"@type":"SearchAction","target":{"@type":"EntryPoint","urlTemplate":"https:\/\/www.laboratoire-helpac.com\/en\/?s={search_term_string}"},"query-input":{"@type":"PropertyValueSpecification","valueRequired":true,"valueName":"search_term_string"}}],"inLanguage":"en-US"},{"@type":"Organization","@id":"https:\/\/www.laboratoire-helpac.com\/en\/#organization","name":"Helpac","url":"https:\/\/www.laboratoire-helpac.com\/en\/","logo":{"@type":"ImageObject","inLanguage":"en-US","@id":"https:\/\/www.laboratoire-helpac.com\/en\/#\/schema\/logo\/image\/","url":"https:\/\/dev.fizzbuzz.fr\/helpac\/wp-content\/uploads\/2023\/05\/Logo-Helpac.jpg","contentUrl":"https:\/\/dev.fizzbuzz.fr\/helpac\/wp-content\/uploads\/2023\/05\/Logo-Helpac.jpg","width":200,"height":200,"caption":"Helpac"},"image":{"@id":"https:\/\/www.laboratoire-helpac.com\/en\/#\/schema\/logo\/image\/"},"sameAs":["https:\/\/www.linkedin.com\/company\/helpac\/"]}]}},"_links":{"self":[{"href":"https:\/\/www.laboratoire-helpac.com\/en\/wp-json\/wp\/v2\/product\/5248","targetHints":{"allow":["GET"]}}],"collection":[{"href":"https:\/\/www.laboratoire-helpac.com\/en\/wp-json\/wp\/v2\/product"}],"about":[{"href":"https:\/\/www.laboratoire-helpac.com\/en\/wp-json\/wp\/v2\/types\/product"}],"wp:featuredmedia":[{"embeddable":true,"href":"https:\/\/www.laboratoire-helpac.com\/en\/wp-json\/wp\/v2\/media\/6931"}],"wp:attachment":[{"href":"https:\/\/www.laboratoire-helpac.com\/en\/wp-json\/wp\/v2\/media?parent=5248"}],"wp:term":[{"taxonomy":"product_cat","embeddable":true,"href":"https:\/\/www.laboratoire-helpac.com\/en\/wp-json\/wp\/v2\/product_cat?post=5248"},{"taxonomy":"product_tag","embeddable":true,"href":"https:\/\/www.laboratoire-helpac.com\/en\/wp-json\/wp\/v2\/product_tag?post=5248"}],"curies":[{"name":"wp","href":"https:\/\/api.w.org\/{rel}","templated":true}]}}