{"id":5245,"date":"2023-07-30T16:57:21","date_gmt":"2023-07-30T14:57:21","guid":{"rendered":"http:\/\/localhost\/wordpress\/produit\/nutmeg\/"},"modified":"2023-11-29T19:39:07","modified_gmt":"2023-11-29T18:39:07","slug":"nutmeg","status":"publish","type":"product","link":"https:\/\/www.laboratoire-helpac.com\/en\/p\/nutmeg\/","title":{"rendered":"NUTMEG"},"content":{"rendered":"<p>Tonic, uterotonic, neurotonic, antiseptic, antiparasitic, intestinal flora rebalancer, analgesic, carminative and stomachic, Nutmeg essential oil is rich in sabinene, alpha-pinene, beta-pinene, gamma-terpinene, limonene, beta-pinene and myristicin, safrole and elemicin. It is widely used in cooking for its spicy, woody aroma with notes of hazelnut (cocktails, chocolate, sweet and savory dishes, infusions) or for its woody, spicy, peppery, warm and sweet fragrance, which blends exceptionally well with citrus, coriander, geranium, laurel, lavandin, petitgrain and clary sage. When diffused, it helps create a warm atmosphere, and in energetic aromatherapy, it helps people who are impatient, nervous or anxious.<\/p>\n","protected":false},"excerpt":{"rendered":"<p>Tonic, uterotonic, neurotonic, antiseptic, antiparasitic, intestinal flora rebalancer, analgesic, carminative and stomachic, Nutmeg essential oil is rich in sabinene, alpha-pinene, beta-pinene, gamma-terpinene, limonene, beta-pinene and myristicin, safrole and elemicin. It is widely used in cooking for its spicy, woody aroma with notes of hazelnut (cocktails, chocolate, sweet and savory dishes, infusions) or for its woody, [&hellip;]<\/p>\n","protected":false},"featured_media":6928,"template":"","meta":[],"product_cat":[390,451,452],"product_tag":[],"class_list":{"0":"post-5245","1":"product","2":"type-product","3":"status-publish","4":"has-post-thumbnail","6":"product_cat-essential-oils","7":"product_cat-aromatherapy-wholesaler-essential-oil","8":"product_cat-bulk-essential-oils-aromatherapy-wholesaler-essential-oil","9":"pa_certifications-conventional","10":"pa_origines-asia-oceania","11":"pa_usages-cosmetic","12":"pa_usages-diffusion-en","13":"pa_usages-perfumery","15":"first","16":"instock","17":"purchasable","18":"product-type-simple"},"acf":[],"yoast_head":"<!-- This site is optimized with the Yoast SEO plugin v23.9 - https:\/\/yoast.com\/wordpress\/plugins\/seo\/ -->\n<title>Essential oil Nutmeg (Indonesia) | HELPAC<\/title>\n<meta name=\"description\" content=\"Tonique, ut\u00e9rotonique, neurotonique, antiseptique, antiparasitaire, r\u00e9\u00e9quilibrante de la flore intestinale, antalgique, carminative et stomachique, l\u2019huile essentielle de Muscade noix est riche en sabin\u00e8ne, alpha-pin\u00e8ne, b\u00e9ta-pin\u00e8ne, gamma-terpin\u00e8ne. limon\u00e8ne, b\u00e9ta-pin\u00e8ne et myristicine, safrole et \u00e9l\u00e9micine. On l\u2019utilise beaucoup en cuisine pour son ar\u00f4me \u00e9pic\u00e9 et bois\u00e9 aux notes de noisette (cocktail, chocolat, plats sal\u00e9s et sucr\u00e9s, infusions) ou pour son parfum bois\u00e9, \u00e9pic\u00e9, poivr\u00e9, chaud et doux qui se marie exceptionnellement bien aux agrumes, coriandre, g\u00e9ranium, laurier, lavandin, petit grain et sauge sclar\u00e9e. En diffusion, elle contribue \u00e0 cr\u00e9er une atmosph\u00e8re chaleureuse et en aromath\u00e9rapie \u00e9nerg\u00e9tique, elle aide les personnes impatientes, nerveuses ou inqui\u00e8tes.\" \/>\n<meta name=\"robots\" content=\"index, follow, max-snippet:-1, max-image-preview:large, max-video-preview:-1\" \/>\n<link rel=\"canonical\" href=\"https:\/\/www.laboratoire-helpac.com\/en\/p\/nutmeg\/\" \/>\n<meta property=\"og:locale\" content=\"en_US\" \/>\n<meta property=\"og:type\" content=\"article\" \/>\n<meta property=\"og:title\" content=\"Essential oil Nutmeg (Indonesia) | HELPAC\" \/>\n<meta property=\"og:description\" content=\"Tonique, ut\u00e9rotonique, neurotonique, antiseptique, antiparasitaire, r\u00e9\u00e9quilibrante de la flore intestinale, antalgique, carminative et stomachique, l\u2019huile essentielle de Muscade noix est riche en sabin\u00e8ne, alpha-pin\u00e8ne, b\u00e9ta-pin\u00e8ne, gamma-terpin\u00e8ne. limon\u00e8ne, b\u00e9ta-pin\u00e8ne et myristicine, safrole et \u00e9l\u00e9micine. On l\u2019utilise beaucoup en cuisine pour son ar\u00f4me \u00e9pic\u00e9 et bois\u00e9 aux notes de noisette (cocktail, chocolat, plats sal\u00e9s et sucr\u00e9s, infusions) ou pour son parfum bois\u00e9, \u00e9pic\u00e9, poivr\u00e9, chaud et doux qui se marie exceptionnellement bien aux agrumes, coriandre, g\u00e9ranium, laurier, lavandin, petit grain et sauge sclar\u00e9e. En diffusion, elle contribue \u00e0 cr\u00e9er une atmosph\u00e8re chaleureuse et en aromath\u00e9rapie \u00e9nerg\u00e9tique, elle aide les personnes impatientes, nerveuses ou inqui\u00e8tes.\" \/>\n<meta property=\"og:url\" content=\"https:\/\/www.laboratoire-helpac.com\/en\/p\/nutmeg\/\" \/>\n<meta property=\"og:site_name\" content=\"HELPAC\" \/>\n<meta property=\"article:modified_time\" content=\"2023-11-29T18:39:07+00:00\" \/>\n<meta property=\"og:image\" content=\"https:\/\/www.laboratoire-helpac.com\/wp-content\/uploads\/2023\/09\/HE_NUTMEG-EN-1.png\" \/>\n\t<meta property=\"og:image:width\" content=\"1280\" \/>\n\t<meta property=\"og:image:height\" content=\"1280\" \/>\n\t<meta property=\"og:image:type\" content=\"image\/png\" \/>\n<meta name=\"twitter:card\" content=\"summary_large_image\" \/>\n<script type=\"application\/ld+json\" class=\"yoast-schema-graph\">{\"@context\":\"https:\/\/schema.org\",\"@graph\":[{\"@type\":\"WebPage\",\"@id\":\"https:\/\/www.laboratoire-helpac.com\/en\/p\/nutmeg\/\",\"url\":\"https:\/\/www.laboratoire-helpac.com\/en\/p\/nutmeg\/\",\"name\":\"Essential oil Nutmeg (Indonesia) | HELPAC\",\"isPartOf\":{\"@id\":\"https:\/\/www.laboratoire-helpac.com\/en\/#website\"},\"primaryImageOfPage\":{\"@id\":\"https:\/\/www.laboratoire-helpac.com\/en\/p\/nutmeg\/#primaryimage\"},\"image\":{\"@id\":\"https:\/\/www.laboratoire-helpac.com\/en\/p\/nutmeg\/#primaryimage\"},\"thumbnailUrl\":\"https:\/\/www.laboratoire-helpac.com\/wp-content\/uploads\/2023\/09\/HE_NUTMEG-EN-1.png\",\"datePublished\":\"2023-07-30T14:57:21+00:00\",\"dateModified\":\"2023-11-29T18:39:07+00:00\",\"description\":\"Tonique, ut\u00e9rotonique, neurotonique, antiseptique, antiparasitaire, r\u00e9\u00e9quilibrante de la flore intestinale, antalgique, carminative et stomachique, l\u2019huile essentielle de Muscade noix est riche en sabin\u00e8ne, alpha-pin\u00e8ne, b\u00e9ta-pin\u00e8ne, gamma-terpin\u00e8ne. limon\u00e8ne, b\u00e9ta-pin\u00e8ne et myristicine, safrole et \u00e9l\u00e9micine. On l\u2019utilise beaucoup en cuisine pour son ar\u00f4me \u00e9pic\u00e9 et bois\u00e9 aux notes de noisette (cocktail, chocolat, plats sal\u00e9s et sucr\u00e9s, infusions) ou pour son parfum bois\u00e9, \u00e9pic\u00e9, poivr\u00e9, chaud et doux qui se marie exceptionnellement bien aux agrumes, coriandre, g\u00e9ranium, laurier, lavandin, petit grain et sauge sclar\u00e9e. En diffusion, elle contribue \u00e0 cr\u00e9er une atmosph\u00e8re chaleureuse et en aromath\u00e9rapie \u00e9nerg\u00e9tique, elle aide les personnes impatientes, nerveuses ou inqui\u00e8tes.\",\"breadcrumb\":{\"@id\":\"https:\/\/www.laboratoire-helpac.com\/en\/p\/nutmeg\/#breadcrumb\"},\"inLanguage\":\"en-US\",\"potentialAction\":[{\"@type\":\"ReadAction\",\"target\":[\"https:\/\/www.laboratoire-helpac.com\/en\/p\/nutmeg\/\"]}]},{\"@type\":\"ImageObject\",\"inLanguage\":\"en-US\",\"@id\":\"https:\/\/www.laboratoire-helpac.com\/en\/p\/nutmeg\/#primaryimage\",\"url\":\"https:\/\/www.laboratoire-helpac.com\/wp-content\/uploads\/2023\/09\/HE_NUTMEG-EN-1.png\",\"contentUrl\":\"https:\/\/www.laboratoire-helpac.com\/wp-content\/uploads\/2023\/09\/HE_NUTMEG-EN-1.png\",\"width\":1280,\"height\":1280,\"caption\":\"Essential oil Nutmeg (Indonesia) wholesaler\"},{\"@type\":\"BreadcrumbList\",\"@id\":\"https:\/\/www.laboratoire-helpac.com\/en\/p\/nutmeg\/#breadcrumb\",\"itemListElement\":[{\"@type\":\"ListItem\",\"position\":1,\"name\":\"Accueil\",\"item\":\"https:\/\/www.laboratoire-helpac.com\/en\/\"},{\"@type\":\"ListItem\",\"position\":2,\"name\":\"Our ingredients\",\"item\":\"https:\/\/www.laboratoire-helpac.com\/en\/products\/\"},{\"@type\":\"ListItem\",\"position\":3,\"name\":\"NUTMEG\"}]},{\"@type\":\"WebSite\",\"@id\":\"https:\/\/www.laboratoire-helpac.com\/en\/#website\",\"url\":\"https:\/\/www.laboratoire-helpac.com\/en\/\",\"name\":\"HELPAC\",\"description\":\"\",\"publisher\":{\"@id\":\"https:\/\/www.laboratoire-helpac.com\/en\/#organization\"},\"potentialAction\":[{\"@type\":\"SearchAction\",\"target\":{\"@type\":\"EntryPoint\",\"urlTemplate\":\"https:\/\/www.laboratoire-helpac.com\/en\/?s={search_term_string}\"},\"query-input\":{\"@type\":\"PropertyValueSpecification\",\"valueRequired\":true,\"valueName\":\"search_term_string\"}}],\"inLanguage\":\"en-US\"},{\"@type\":\"Organization\",\"@id\":\"https:\/\/www.laboratoire-helpac.com\/en\/#organization\",\"name\":\"Helpac\",\"url\":\"https:\/\/www.laboratoire-helpac.com\/en\/\",\"logo\":{\"@type\":\"ImageObject\",\"inLanguage\":\"en-US\",\"@id\":\"https:\/\/www.laboratoire-helpac.com\/en\/#\/schema\/logo\/image\/\",\"url\":\"https:\/\/dev.fizzbuzz.fr\/helpac\/wp-content\/uploads\/2023\/05\/Logo-Helpac.jpg\",\"contentUrl\":\"https:\/\/dev.fizzbuzz.fr\/helpac\/wp-content\/uploads\/2023\/05\/Logo-Helpac.jpg\",\"width\":200,\"height\":200,\"caption\":\"Helpac\"},\"image\":{\"@id\":\"https:\/\/www.laboratoire-helpac.com\/en\/#\/schema\/logo\/image\/\"},\"sameAs\":[\"https:\/\/www.linkedin.com\/company\/helpac\/\"]}]}<\/script>\n<!-- \/ Yoast SEO plugin. -->","yoast_head_json":{"title":"Essential oil Nutmeg (Indonesia) | HELPAC","description":"Tonique, ut\u00e9rotonique, neurotonique, antiseptique, antiparasitaire, r\u00e9\u00e9quilibrante de la flore intestinale, antalgique, carminative et stomachique, l\u2019huile essentielle de Muscade noix est riche en sabin\u00e8ne, alpha-pin\u00e8ne, b\u00e9ta-pin\u00e8ne, gamma-terpin\u00e8ne. limon\u00e8ne, b\u00e9ta-pin\u00e8ne et myristicine, safrole et \u00e9l\u00e9micine. On l\u2019utilise beaucoup en cuisine pour son ar\u00f4me \u00e9pic\u00e9 et bois\u00e9 aux notes de noisette (cocktail, chocolat, plats sal\u00e9s et sucr\u00e9s, infusions) ou pour son parfum bois\u00e9, \u00e9pic\u00e9, poivr\u00e9, chaud et doux qui se marie exceptionnellement bien aux agrumes, coriandre, g\u00e9ranium, laurier, lavandin, petit grain et sauge sclar\u00e9e. En diffusion, elle contribue \u00e0 cr\u00e9er une atmosph\u00e8re chaleureuse et en aromath\u00e9rapie \u00e9nerg\u00e9tique, elle aide les personnes impatientes, nerveuses ou inqui\u00e8tes.","robots":{"index":"index","follow":"follow","max-snippet":"max-snippet:-1","max-image-preview":"max-image-preview:large","max-video-preview":"max-video-preview:-1"},"canonical":"https:\/\/www.laboratoire-helpac.com\/en\/p\/nutmeg\/","og_locale":"en_US","og_type":"article","og_title":"Essential oil Nutmeg (Indonesia) | HELPAC","og_description":"Tonique, ut\u00e9rotonique, neurotonique, antiseptique, antiparasitaire, r\u00e9\u00e9quilibrante de la flore intestinale, antalgique, carminative et stomachique, l\u2019huile essentielle de Muscade noix est riche en sabin\u00e8ne, alpha-pin\u00e8ne, b\u00e9ta-pin\u00e8ne, gamma-terpin\u00e8ne. limon\u00e8ne, b\u00e9ta-pin\u00e8ne et myristicine, safrole et \u00e9l\u00e9micine. On l\u2019utilise beaucoup en cuisine pour son ar\u00f4me \u00e9pic\u00e9 et bois\u00e9 aux notes de noisette (cocktail, chocolat, plats sal\u00e9s et sucr\u00e9s, infusions) ou pour son parfum bois\u00e9, \u00e9pic\u00e9, poivr\u00e9, chaud et doux qui se marie exceptionnellement bien aux agrumes, coriandre, g\u00e9ranium, laurier, lavandin, petit grain et sauge sclar\u00e9e. En diffusion, elle contribue \u00e0 cr\u00e9er une atmosph\u00e8re chaleureuse et en aromath\u00e9rapie \u00e9nerg\u00e9tique, elle aide les personnes impatientes, nerveuses ou inqui\u00e8tes.","og_url":"https:\/\/www.laboratoire-helpac.com\/en\/p\/nutmeg\/","og_site_name":"HELPAC","article_modified_time":"2023-11-29T18:39:07+00:00","og_image":[{"width":1280,"height":1280,"url":"https:\/\/www.laboratoire-helpac.com\/wp-content\/uploads\/2023\/09\/HE_NUTMEG-EN-1.png","type":"image\/png"}],"twitter_card":"summary_large_image","schema":{"@context":"https:\/\/schema.org","@graph":[{"@type":"WebPage","@id":"https:\/\/www.laboratoire-helpac.com\/en\/p\/nutmeg\/","url":"https:\/\/www.laboratoire-helpac.com\/en\/p\/nutmeg\/","name":"Essential oil Nutmeg (Indonesia) | HELPAC","isPartOf":{"@id":"https:\/\/www.laboratoire-helpac.com\/en\/#website"},"primaryImageOfPage":{"@id":"https:\/\/www.laboratoire-helpac.com\/en\/p\/nutmeg\/#primaryimage"},"image":{"@id":"https:\/\/www.laboratoire-helpac.com\/en\/p\/nutmeg\/#primaryimage"},"thumbnailUrl":"https:\/\/www.laboratoire-helpac.com\/wp-content\/uploads\/2023\/09\/HE_NUTMEG-EN-1.png","datePublished":"2023-07-30T14:57:21+00:00","dateModified":"2023-11-29T18:39:07+00:00","description":"Tonique, ut\u00e9rotonique, neurotonique, antiseptique, antiparasitaire, r\u00e9\u00e9quilibrante de la flore intestinale, antalgique, carminative et stomachique, l\u2019huile essentielle de Muscade noix est riche en sabin\u00e8ne, alpha-pin\u00e8ne, b\u00e9ta-pin\u00e8ne, gamma-terpin\u00e8ne. limon\u00e8ne, b\u00e9ta-pin\u00e8ne et myristicine, safrole et \u00e9l\u00e9micine. On l\u2019utilise beaucoup en cuisine pour son ar\u00f4me \u00e9pic\u00e9 et bois\u00e9 aux notes de noisette (cocktail, chocolat, plats sal\u00e9s et sucr\u00e9s, infusions) ou pour son parfum bois\u00e9, \u00e9pic\u00e9, poivr\u00e9, chaud et doux qui se marie exceptionnellement bien aux agrumes, coriandre, g\u00e9ranium, laurier, lavandin, petit grain et sauge sclar\u00e9e. En diffusion, elle contribue \u00e0 cr\u00e9er une atmosph\u00e8re chaleureuse et en aromath\u00e9rapie \u00e9nerg\u00e9tique, elle aide les personnes impatientes, nerveuses ou inqui\u00e8tes.","breadcrumb":{"@id":"https:\/\/www.laboratoire-helpac.com\/en\/p\/nutmeg\/#breadcrumb"},"inLanguage":"en-US","potentialAction":[{"@type":"ReadAction","target":["https:\/\/www.laboratoire-helpac.com\/en\/p\/nutmeg\/"]}]},{"@type":"ImageObject","inLanguage":"en-US","@id":"https:\/\/www.laboratoire-helpac.com\/en\/p\/nutmeg\/#primaryimage","url":"https:\/\/www.laboratoire-helpac.com\/wp-content\/uploads\/2023\/09\/HE_NUTMEG-EN-1.png","contentUrl":"https:\/\/www.laboratoire-helpac.com\/wp-content\/uploads\/2023\/09\/HE_NUTMEG-EN-1.png","width":1280,"height":1280,"caption":"Essential oil Nutmeg (Indonesia) wholesaler"},{"@type":"BreadcrumbList","@id":"https:\/\/www.laboratoire-helpac.com\/en\/p\/nutmeg\/#breadcrumb","itemListElement":[{"@type":"ListItem","position":1,"name":"Accueil","item":"https:\/\/www.laboratoire-helpac.com\/en\/"},{"@type":"ListItem","position":2,"name":"Our ingredients","item":"https:\/\/www.laboratoire-helpac.com\/en\/products\/"},{"@type":"ListItem","position":3,"name":"NUTMEG"}]},{"@type":"WebSite","@id":"https:\/\/www.laboratoire-helpac.com\/en\/#website","url":"https:\/\/www.laboratoire-helpac.com\/en\/","name":"HELPAC","description":"","publisher":{"@id":"https:\/\/www.laboratoire-helpac.com\/en\/#organization"},"potentialAction":[{"@type":"SearchAction","target":{"@type":"EntryPoint","urlTemplate":"https:\/\/www.laboratoire-helpac.com\/en\/?s={search_term_string}"},"query-input":{"@type":"PropertyValueSpecification","valueRequired":true,"valueName":"search_term_string"}}],"inLanguage":"en-US"},{"@type":"Organization","@id":"https:\/\/www.laboratoire-helpac.com\/en\/#organization","name":"Helpac","url":"https:\/\/www.laboratoire-helpac.com\/en\/","logo":{"@type":"ImageObject","inLanguage":"en-US","@id":"https:\/\/www.laboratoire-helpac.com\/en\/#\/schema\/logo\/image\/","url":"https:\/\/dev.fizzbuzz.fr\/helpac\/wp-content\/uploads\/2023\/05\/Logo-Helpac.jpg","contentUrl":"https:\/\/dev.fizzbuzz.fr\/helpac\/wp-content\/uploads\/2023\/05\/Logo-Helpac.jpg","width":200,"height":200,"caption":"Helpac"},"image":{"@id":"https:\/\/www.laboratoire-helpac.com\/en\/#\/schema\/logo\/image\/"},"sameAs":["https:\/\/www.linkedin.com\/company\/helpac\/"]}]}},"_links":{"self":[{"href":"https:\/\/www.laboratoire-helpac.com\/en\/wp-json\/wp\/v2\/product\/5245","targetHints":{"allow":["GET"]}}],"collection":[{"href":"https:\/\/www.laboratoire-helpac.com\/en\/wp-json\/wp\/v2\/product"}],"about":[{"href":"https:\/\/www.laboratoire-helpac.com\/en\/wp-json\/wp\/v2\/types\/product"}],"wp:featuredmedia":[{"embeddable":true,"href":"https:\/\/www.laboratoire-helpac.com\/en\/wp-json\/wp\/v2\/media\/6928"}],"wp:attachment":[{"href":"https:\/\/www.laboratoire-helpac.com\/en\/wp-json\/wp\/v2\/media?parent=5245"}],"wp:term":[{"taxonomy":"product_cat","embeddable":true,"href":"https:\/\/www.laboratoire-helpac.com\/en\/wp-json\/wp\/v2\/product_cat?post=5245"},{"taxonomy":"product_tag","embeddable":true,"href":"https:\/\/www.laboratoire-helpac.com\/en\/wp-json\/wp\/v2\/product_tag?post=5245"}],"curies":[{"name":"wp","href":"https:\/\/api.w.org\/{rel}","templated":true}]}}