{"id":5241,"date":"2023-07-30T16:57:21","date_gmt":"2023-07-30T14:57:21","guid":{"rendered":"http:\/\/localhost\/wordpress\/produit\/mint-pouliot\/"},"modified":"2023-11-29T19:39:06","modified_gmt":"2023-11-29T18:39:06","slug":"mint-pouliot","status":"publish","type":"product","link":"https:\/\/www.laboratoire-helpac.com\/en\/p\/mint-pouliot\/","title":{"rendered":"MINT POULIOT"},"content":{"rendered":"<p>Pennyroyal essential oil has a fresh, minty aroma. It is appreciated for its antispasmodic properties. When diffused, it helps to clear the respiratory tract and promote mental clarity.<\/p>\n","protected":false},"excerpt":{"rendered":"<p>Pennyroyal essential oil has a fresh, minty aroma. It is appreciated for its antispasmodic properties. When diffused, it helps to clear the respiratory tract and promote mental clarity.<\/p>\n","protected":false},"featured_media":6924,"template":"","meta":[],"product_cat":[390,451,462,452],"product_tag":[],"class_list":{"0":"post-5241","1":"product","2":"type-product","3":"status-publish","4":"has-post-thumbnail","6":"product_cat-essential-oils","7":"product_cat-aromatherapy-wholesaler-essential-oil","8":"product_cat-mint-essential-oils-essential-oil","9":"product_cat-bulk-essential-oils-aromatherapy-wholesaler-essential-oil","10":"pa_certifications-conventional","11":"pa_origines-africa","12":"pa_usages-cosmetic","13":"pa_usages-diffusion-en","14":"pa_usages-perfumery","16":"first","17":"instock","18":"purchasable","19":"product-type-simple"},"acf":[],"yoast_head":"<!-- This site is optimized with the Yoast SEO plugin v23.9 - https:\/\/yoast.com\/wordpress\/plugins\/seo\/ -->\n<title>Essential oil Mint Pouliot (Morocco) | HELPAC<\/title>\n<meta name=\"description\" content=\"L&#039;huile essentielle de Menthe pouliot d\u00e9gage un ar\u00f4me frais et menthol\u00e9. Elle est appr\u00e9ci\u00e9e pour ses propri\u00e9t\u00e9s antispasmodiques. En diffusion, elle aide \u00e0 d\u00e9gager les voies respiratoires et \u00e0 favoriser la clart\u00e9 mentale.\" \/>\n<meta name=\"robots\" content=\"index, follow, max-snippet:-1, max-image-preview:large, max-video-preview:-1\" \/>\n<link rel=\"canonical\" href=\"https:\/\/www.laboratoire-helpac.com\/en\/p\/mint-pouliot\/\" \/>\n<meta property=\"og:locale\" content=\"en_US\" \/>\n<meta property=\"og:type\" content=\"article\" \/>\n<meta property=\"og:title\" content=\"Essential oil Mint Pouliot (Morocco) | HELPAC\" \/>\n<meta property=\"og:description\" content=\"L&#039;huile essentielle de Menthe pouliot d\u00e9gage un ar\u00f4me frais et menthol\u00e9. Elle est appr\u00e9ci\u00e9e pour ses propri\u00e9t\u00e9s antispasmodiques. En diffusion, elle aide \u00e0 d\u00e9gager les voies respiratoires et \u00e0 favoriser la clart\u00e9 mentale.\" \/>\n<meta property=\"og:url\" content=\"https:\/\/www.laboratoire-helpac.com\/en\/p\/mint-pouliot\/\" \/>\n<meta property=\"og:site_name\" content=\"HELPAC\" \/>\n<meta property=\"article:modified_time\" content=\"2023-11-29T18:39:06+00:00\" \/>\n<meta property=\"og:image\" content=\"https:\/\/www.laboratoire-helpac.com\/wp-content\/uploads\/2023\/09\/HE_MINTPOULIOT-EN.png\" \/>\n\t<meta property=\"og:image:width\" content=\"1280\" \/>\n\t<meta property=\"og:image:height\" content=\"1280\" \/>\n\t<meta property=\"og:image:type\" content=\"image\/png\" \/>\n<meta name=\"twitter:card\" content=\"summary_large_image\" \/>\n<script type=\"application\/ld+json\" class=\"yoast-schema-graph\">{\"@context\":\"https:\/\/schema.org\",\"@graph\":[{\"@type\":\"WebPage\",\"@id\":\"https:\/\/www.laboratoire-helpac.com\/en\/p\/mint-pouliot\/\",\"url\":\"https:\/\/www.laboratoire-helpac.com\/en\/p\/mint-pouliot\/\",\"name\":\"Essential oil Mint Pouliot (Morocco) | HELPAC\",\"isPartOf\":{\"@id\":\"https:\/\/www.laboratoire-helpac.com\/en\/#website\"},\"primaryImageOfPage\":{\"@id\":\"https:\/\/www.laboratoire-helpac.com\/en\/p\/mint-pouliot\/#primaryimage\"},\"image\":{\"@id\":\"https:\/\/www.laboratoire-helpac.com\/en\/p\/mint-pouliot\/#primaryimage\"},\"thumbnailUrl\":\"https:\/\/www.laboratoire-helpac.com\/wp-content\/uploads\/2023\/09\/HE_MINTPOULIOT-EN.png\",\"datePublished\":\"2023-07-30T14:57:21+00:00\",\"dateModified\":\"2023-11-29T18:39:06+00:00\",\"description\":\"L'huile essentielle de Menthe pouliot d\u00e9gage un ar\u00f4me frais et menthol\u00e9. Elle est appr\u00e9ci\u00e9e pour ses propri\u00e9t\u00e9s antispasmodiques. En diffusion, elle aide \u00e0 d\u00e9gager les voies respiratoires et \u00e0 favoriser la clart\u00e9 mentale.\",\"breadcrumb\":{\"@id\":\"https:\/\/www.laboratoire-helpac.com\/en\/p\/mint-pouliot\/#breadcrumb\"},\"inLanguage\":\"en-US\",\"potentialAction\":[{\"@type\":\"ReadAction\",\"target\":[\"https:\/\/www.laboratoire-helpac.com\/en\/p\/mint-pouliot\/\"]}]},{\"@type\":\"ImageObject\",\"inLanguage\":\"en-US\",\"@id\":\"https:\/\/www.laboratoire-helpac.com\/en\/p\/mint-pouliot\/#primaryimage\",\"url\":\"https:\/\/www.laboratoire-helpac.com\/wp-content\/uploads\/2023\/09\/HE_MINTPOULIOT-EN.png\",\"contentUrl\":\"https:\/\/www.laboratoire-helpac.com\/wp-content\/uploads\/2023\/09\/HE_MINTPOULIOT-EN.png\",\"width\":1280,\"height\":1280,\"caption\":\"Essential oil Mint Pouliot (Morocco) wholesaler\"},{\"@type\":\"BreadcrumbList\",\"@id\":\"https:\/\/www.laboratoire-helpac.com\/en\/p\/mint-pouliot\/#breadcrumb\",\"itemListElement\":[{\"@type\":\"ListItem\",\"position\":1,\"name\":\"Accueil\",\"item\":\"https:\/\/www.laboratoire-helpac.com\/en\/\"},{\"@type\":\"ListItem\",\"position\":2,\"name\":\"Our ingredients\",\"item\":\"https:\/\/www.laboratoire-helpac.com\/en\/products\/\"},{\"@type\":\"ListItem\",\"position\":3,\"name\":\"MINT POULIOT\"}]},{\"@type\":\"WebSite\",\"@id\":\"https:\/\/www.laboratoire-helpac.com\/en\/#website\",\"url\":\"https:\/\/www.laboratoire-helpac.com\/en\/\",\"name\":\"HELPAC\",\"description\":\"\",\"publisher\":{\"@id\":\"https:\/\/www.laboratoire-helpac.com\/en\/#organization\"},\"potentialAction\":[{\"@type\":\"SearchAction\",\"target\":{\"@type\":\"EntryPoint\",\"urlTemplate\":\"https:\/\/www.laboratoire-helpac.com\/en\/?s={search_term_string}\"},\"query-input\":{\"@type\":\"PropertyValueSpecification\",\"valueRequired\":true,\"valueName\":\"search_term_string\"}}],\"inLanguage\":\"en-US\"},{\"@type\":\"Organization\",\"@id\":\"https:\/\/www.laboratoire-helpac.com\/en\/#organization\",\"name\":\"Helpac\",\"url\":\"https:\/\/www.laboratoire-helpac.com\/en\/\",\"logo\":{\"@type\":\"ImageObject\",\"inLanguage\":\"en-US\",\"@id\":\"https:\/\/www.laboratoire-helpac.com\/en\/#\/schema\/logo\/image\/\",\"url\":\"https:\/\/dev.fizzbuzz.fr\/helpac\/wp-content\/uploads\/2023\/05\/Logo-Helpac.jpg\",\"contentUrl\":\"https:\/\/dev.fizzbuzz.fr\/helpac\/wp-content\/uploads\/2023\/05\/Logo-Helpac.jpg\",\"width\":200,\"height\":200,\"caption\":\"Helpac\"},\"image\":{\"@id\":\"https:\/\/www.laboratoire-helpac.com\/en\/#\/schema\/logo\/image\/\"},\"sameAs\":[\"https:\/\/www.linkedin.com\/company\/helpac\/\"]}]}<\/script>\n<!-- \/ Yoast SEO plugin. -->","yoast_head_json":{"title":"Essential oil Mint Pouliot (Morocco) | HELPAC","description":"L'huile essentielle de Menthe pouliot d\u00e9gage un ar\u00f4me frais et menthol\u00e9. Elle est appr\u00e9ci\u00e9e pour ses propri\u00e9t\u00e9s antispasmodiques. En diffusion, elle aide \u00e0 d\u00e9gager les voies respiratoires et \u00e0 favoriser la clart\u00e9 mentale.","robots":{"index":"index","follow":"follow","max-snippet":"max-snippet:-1","max-image-preview":"max-image-preview:large","max-video-preview":"max-video-preview:-1"},"canonical":"https:\/\/www.laboratoire-helpac.com\/en\/p\/mint-pouliot\/","og_locale":"en_US","og_type":"article","og_title":"Essential oil Mint Pouliot (Morocco) | HELPAC","og_description":"L'huile essentielle de Menthe pouliot d\u00e9gage un ar\u00f4me frais et menthol\u00e9. Elle est appr\u00e9ci\u00e9e pour ses propri\u00e9t\u00e9s antispasmodiques. En diffusion, elle aide \u00e0 d\u00e9gager les voies respiratoires et \u00e0 favoriser la clart\u00e9 mentale.","og_url":"https:\/\/www.laboratoire-helpac.com\/en\/p\/mint-pouliot\/","og_site_name":"HELPAC","article_modified_time":"2023-11-29T18:39:06+00:00","og_image":[{"width":1280,"height":1280,"url":"https:\/\/www.laboratoire-helpac.com\/wp-content\/uploads\/2023\/09\/HE_MINTPOULIOT-EN.png","type":"image\/png"}],"twitter_card":"summary_large_image","schema":{"@context":"https:\/\/schema.org","@graph":[{"@type":"WebPage","@id":"https:\/\/www.laboratoire-helpac.com\/en\/p\/mint-pouliot\/","url":"https:\/\/www.laboratoire-helpac.com\/en\/p\/mint-pouliot\/","name":"Essential oil Mint Pouliot (Morocco) | HELPAC","isPartOf":{"@id":"https:\/\/www.laboratoire-helpac.com\/en\/#website"},"primaryImageOfPage":{"@id":"https:\/\/www.laboratoire-helpac.com\/en\/p\/mint-pouliot\/#primaryimage"},"image":{"@id":"https:\/\/www.laboratoire-helpac.com\/en\/p\/mint-pouliot\/#primaryimage"},"thumbnailUrl":"https:\/\/www.laboratoire-helpac.com\/wp-content\/uploads\/2023\/09\/HE_MINTPOULIOT-EN.png","datePublished":"2023-07-30T14:57:21+00:00","dateModified":"2023-11-29T18:39:06+00:00","description":"L'huile essentielle de Menthe pouliot d\u00e9gage un ar\u00f4me frais et menthol\u00e9. Elle est appr\u00e9ci\u00e9e pour ses propri\u00e9t\u00e9s antispasmodiques. En diffusion, elle aide \u00e0 d\u00e9gager les voies respiratoires et \u00e0 favoriser la clart\u00e9 mentale.","breadcrumb":{"@id":"https:\/\/www.laboratoire-helpac.com\/en\/p\/mint-pouliot\/#breadcrumb"},"inLanguage":"en-US","potentialAction":[{"@type":"ReadAction","target":["https:\/\/www.laboratoire-helpac.com\/en\/p\/mint-pouliot\/"]}]},{"@type":"ImageObject","inLanguage":"en-US","@id":"https:\/\/www.laboratoire-helpac.com\/en\/p\/mint-pouliot\/#primaryimage","url":"https:\/\/www.laboratoire-helpac.com\/wp-content\/uploads\/2023\/09\/HE_MINTPOULIOT-EN.png","contentUrl":"https:\/\/www.laboratoire-helpac.com\/wp-content\/uploads\/2023\/09\/HE_MINTPOULIOT-EN.png","width":1280,"height":1280,"caption":"Essential oil Mint Pouliot (Morocco) wholesaler"},{"@type":"BreadcrumbList","@id":"https:\/\/www.laboratoire-helpac.com\/en\/p\/mint-pouliot\/#breadcrumb","itemListElement":[{"@type":"ListItem","position":1,"name":"Accueil","item":"https:\/\/www.laboratoire-helpac.com\/en\/"},{"@type":"ListItem","position":2,"name":"Our ingredients","item":"https:\/\/www.laboratoire-helpac.com\/en\/products\/"},{"@type":"ListItem","position":3,"name":"MINT POULIOT"}]},{"@type":"WebSite","@id":"https:\/\/www.laboratoire-helpac.com\/en\/#website","url":"https:\/\/www.laboratoire-helpac.com\/en\/","name":"HELPAC","description":"","publisher":{"@id":"https:\/\/www.laboratoire-helpac.com\/en\/#organization"},"potentialAction":[{"@type":"SearchAction","target":{"@type":"EntryPoint","urlTemplate":"https:\/\/www.laboratoire-helpac.com\/en\/?s={search_term_string}"},"query-input":{"@type":"PropertyValueSpecification","valueRequired":true,"valueName":"search_term_string"}}],"inLanguage":"en-US"},{"@type":"Organization","@id":"https:\/\/www.laboratoire-helpac.com\/en\/#organization","name":"Helpac","url":"https:\/\/www.laboratoire-helpac.com\/en\/","logo":{"@type":"ImageObject","inLanguage":"en-US","@id":"https:\/\/www.laboratoire-helpac.com\/en\/#\/schema\/logo\/image\/","url":"https:\/\/dev.fizzbuzz.fr\/helpac\/wp-content\/uploads\/2023\/05\/Logo-Helpac.jpg","contentUrl":"https:\/\/dev.fizzbuzz.fr\/helpac\/wp-content\/uploads\/2023\/05\/Logo-Helpac.jpg","width":200,"height":200,"caption":"Helpac"},"image":{"@id":"https:\/\/www.laboratoire-helpac.com\/en\/#\/schema\/logo\/image\/"},"sameAs":["https:\/\/www.linkedin.com\/company\/helpac\/"]}]}},"_links":{"self":[{"href":"https:\/\/www.laboratoire-helpac.com\/en\/wp-json\/wp\/v2\/product\/5241","targetHints":{"allow":["GET"]}}],"collection":[{"href":"https:\/\/www.laboratoire-helpac.com\/en\/wp-json\/wp\/v2\/product"}],"about":[{"href":"https:\/\/www.laboratoire-helpac.com\/en\/wp-json\/wp\/v2\/types\/product"}],"wp:featuredmedia":[{"embeddable":true,"href":"https:\/\/www.laboratoire-helpac.com\/en\/wp-json\/wp\/v2\/media\/6924"}],"wp:attachment":[{"href":"https:\/\/www.laboratoire-helpac.com\/en\/wp-json\/wp\/v2\/media?parent=5241"}],"wp:term":[{"taxonomy":"product_cat","embeddable":true,"href":"https:\/\/www.laboratoire-helpac.com\/en\/wp-json\/wp\/v2\/product_cat?post=5241"},{"taxonomy":"product_tag","embeddable":true,"href":"https:\/\/www.laboratoire-helpac.com\/en\/wp-json\/wp\/v2\/product_tag?post=5241"}],"curies":[{"name":"wp","href":"https:\/\/api.w.org\/{rel}","templated":true}]}}