{"id":5227,"date":"2023-07-30T16:56:57","date_gmt":"2023-07-30T14:56:57","guid":{"rendered":"http:\/\/localhost\/wordpress\/produit\/shell-marjolaine\/"},"modified":"2023-11-29T19:39:00","modified_gmt":"2023-11-29T18:39:00","slug":"marjoram","status":"publish","type":"product","link":"https:\/\/www.laboratoire-helpac.com\/en\/p\/marjoram\/","title":{"rendered":"MARJORAM"},"content":{"rendered":"<p>Our Marjoram essential oil comes from a short supply chain in France, and has herbaceous, slightly sweet, warm base and heart notes that are particularly surprising and interesting in perfumery and food flavouring.  Rich in terpinene-4-ol, (e)thujanol, gamma-terpinene, alpha-terpinene and sabinene, it can be found in many detergent or diffusion formulas (fungicidal and antibacterial), in therapeutic aromatherapy (nerve balancer, antispasmodic, anti-inflammatory, analgesic and digestive tonic) and energetic aromatherapy (feeling of security &#8211; helps in overcoming guilt) and in cosmetics (anti-ageing).<\/p>\n","protected":false},"excerpt":{"rendered":"<p>Our Marjoram essential oil comes from a short supply chain in France, and has herbaceous, slightly sweet, warm base and heart notes that are particularly surprising and interesting in perfumery and food flavouring. Rich in terpinene-4-ol, (e)thujanol, gamma-terpinene, alpha-terpinene and sabinene, it can be found in many detergent or diffusion formulas (fungicidal and antibacterial), in [&hellip;]<\/p>\n","protected":false},"featured_media":6910,"template":"","meta":[],"product_cat":[390,451,452],"product_tag":[],"class_list":{"0":"post-5227","1":"product","2":"type-product","3":"status-publish","4":"has-post-thumbnail","6":"product_cat-essential-oils","7":"product_cat-aromatherapy-wholesaler-essential-oil","8":"product_cat-bulk-essential-oils-aromatherapy-wholesaler-essential-oil","9":"pa_certifications-conventional","10":"pa_origines-africa","11":"pa_usages-cosmetic","12":"pa_usages-diffusion-en","13":"pa_usages-food","14":"pa_usages-perfumery","16":"first","17":"instock","18":"purchasable","19":"product-type-simple"},"acf":[],"yoast_head":"<!-- This site is optimized with the Yoast SEO plugin v23.9 - https:\/\/yoast.com\/wordpress\/plugins\/seo\/ -->\n<title>Essential oil Shell marjolaine (Egypt) | HELPAC<\/title>\n<meta name=\"description\" content=\"Issue d&#039;une fili\u00e8re courte fran\u00e7aise, notre huile essentielle de Marjolaine poss\u00e8de des notes de fond et de c\u0153ur herbac\u00e9es, l\u00e9g\u00e8rement sucr\u00e9es et chaudes, particuli\u00e8rement \u00e9tonnantes et int\u00e9ressantes en parfumerie comme en ar\u00f4me alimentaire. Riche en terpin\u00e8ne-4-ol, (e)thujanol, gamma-terpin\u00e8ne, alpha-terpin\u00e8ne et sabin\u00e8ne, on la retrouvera dans de nombreuses formules de d\u00e9tergence ou diffusion (fongicide et antibact\u00e9rienne), en aromath\u00e9rapie th\u00e9rapeutique (\u00e9quilibrante nerveuse, antispasmodique, anti-inflammatoire, antalgique et tonique digestive) et \u00e9nerg\u00e9tique (sentiment de s\u00e9curit\u00e9 - aide \u00e0 sortir de la culpabilit\u00e9) et en cosm\u00e9tique (anti\u00e2ge).\" \/>\n<meta name=\"robots\" content=\"index, follow, max-snippet:-1, max-image-preview:large, max-video-preview:-1\" \/>\n<link rel=\"canonical\" href=\"https:\/\/www.laboratoire-helpac.com\/en\/p\/marjoram\/\" \/>\n<meta property=\"og:locale\" content=\"en_US\" \/>\n<meta property=\"og:type\" content=\"article\" \/>\n<meta property=\"og:title\" content=\"Essential oil Shell marjolaine (Egypt) | HELPAC\" \/>\n<meta property=\"og:description\" content=\"Issue d&#039;une fili\u00e8re courte fran\u00e7aise, notre huile essentielle de Marjolaine poss\u00e8de des notes de fond et de c\u0153ur herbac\u00e9es, l\u00e9g\u00e8rement sucr\u00e9es et chaudes, particuli\u00e8rement \u00e9tonnantes et int\u00e9ressantes en parfumerie comme en ar\u00f4me alimentaire. Riche en terpin\u00e8ne-4-ol, (e)thujanol, gamma-terpin\u00e8ne, alpha-terpin\u00e8ne et sabin\u00e8ne, on la retrouvera dans de nombreuses formules de d\u00e9tergence ou diffusion (fongicide et antibact\u00e9rienne), en aromath\u00e9rapie th\u00e9rapeutique (\u00e9quilibrante nerveuse, antispasmodique, anti-inflammatoire, antalgique et tonique digestive) et \u00e9nerg\u00e9tique (sentiment de s\u00e9curit\u00e9 - aide \u00e0 sortir de la culpabilit\u00e9) et en cosm\u00e9tique (anti\u00e2ge).\" \/>\n<meta property=\"og:url\" content=\"https:\/\/www.laboratoire-helpac.com\/en\/p\/marjoram\/\" \/>\n<meta property=\"og:site_name\" content=\"HELPAC\" \/>\n<meta property=\"article:modified_time\" content=\"2023-11-29T18:39:00+00:00\" \/>\n<meta property=\"og:image\" content=\"https:\/\/www.laboratoire-helpac.com\/wp-content\/uploads\/2023\/09\/HE_MARJORAM-EN-2.png\" \/>\n\t<meta property=\"og:image:width\" content=\"1280\" \/>\n\t<meta property=\"og:image:height\" content=\"1280\" \/>\n\t<meta property=\"og:image:type\" content=\"image\/png\" \/>\n<meta name=\"twitter:card\" content=\"summary_large_image\" \/>\n<script type=\"application\/ld+json\" class=\"yoast-schema-graph\">{\"@context\":\"https:\/\/schema.org\",\"@graph\":[{\"@type\":\"WebPage\",\"@id\":\"https:\/\/www.laboratoire-helpac.com\/en\/p\/marjoram\/\",\"url\":\"https:\/\/www.laboratoire-helpac.com\/en\/p\/marjoram\/\",\"name\":\"Essential oil Shell marjolaine (Egypt) | HELPAC\",\"isPartOf\":{\"@id\":\"https:\/\/www.laboratoire-helpac.com\/en\/#website\"},\"primaryImageOfPage\":{\"@id\":\"https:\/\/www.laboratoire-helpac.com\/en\/p\/marjoram\/#primaryimage\"},\"image\":{\"@id\":\"https:\/\/www.laboratoire-helpac.com\/en\/p\/marjoram\/#primaryimage\"},\"thumbnailUrl\":\"https:\/\/www.laboratoire-helpac.com\/wp-content\/uploads\/2023\/09\/HE_MARJORAM-EN-2.png\",\"datePublished\":\"2023-07-30T14:56:57+00:00\",\"dateModified\":\"2023-11-29T18:39:00+00:00\",\"description\":\"Issue d'une fili\u00e8re courte fran\u00e7aise, notre huile essentielle de Marjolaine poss\u00e8de des notes de fond et de c\u0153ur herbac\u00e9es, l\u00e9g\u00e8rement sucr\u00e9es et chaudes, particuli\u00e8rement \u00e9tonnantes et int\u00e9ressantes en parfumerie comme en ar\u00f4me alimentaire. Riche en terpin\u00e8ne-4-ol, (e)thujanol, gamma-terpin\u00e8ne, alpha-terpin\u00e8ne et sabin\u00e8ne, on la retrouvera dans de nombreuses formules de d\u00e9tergence ou diffusion (fongicide et antibact\u00e9rienne), en aromath\u00e9rapie th\u00e9rapeutique (\u00e9quilibrante nerveuse, antispasmodique, anti-inflammatoire, antalgique et tonique digestive) et \u00e9nerg\u00e9tique (sentiment de s\u00e9curit\u00e9 - aide \u00e0 sortir de la culpabilit\u00e9) et en cosm\u00e9tique (anti\u00e2ge).\",\"breadcrumb\":{\"@id\":\"https:\/\/www.laboratoire-helpac.com\/en\/p\/marjoram\/#breadcrumb\"},\"inLanguage\":\"en-US\",\"potentialAction\":[{\"@type\":\"ReadAction\",\"target\":[\"https:\/\/www.laboratoire-helpac.com\/en\/p\/marjoram\/\"]}]},{\"@type\":\"ImageObject\",\"inLanguage\":\"en-US\",\"@id\":\"https:\/\/www.laboratoire-helpac.com\/en\/p\/marjoram\/#primaryimage\",\"url\":\"https:\/\/www.laboratoire-helpac.com\/wp-content\/uploads\/2023\/09\/HE_MARJORAM-EN-2.png\",\"contentUrl\":\"https:\/\/www.laboratoire-helpac.com\/wp-content\/uploads\/2023\/09\/HE_MARJORAM-EN-2.png\",\"width\":1280,\"height\":1280,\"caption\":\"Essential oil Shell marjolaine (Egypt) wholesaler\"},{\"@type\":\"BreadcrumbList\",\"@id\":\"https:\/\/www.laboratoire-helpac.com\/en\/p\/marjoram\/#breadcrumb\",\"itemListElement\":[{\"@type\":\"ListItem\",\"position\":1,\"name\":\"Accueil\",\"item\":\"https:\/\/www.laboratoire-helpac.com\/en\/\"},{\"@type\":\"ListItem\",\"position\":2,\"name\":\"Our ingredients\",\"item\":\"https:\/\/www.laboratoire-helpac.com\/en\/products\/\"},{\"@type\":\"ListItem\",\"position\":3,\"name\":\"MARJORAM\"}]},{\"@type\":\"WebSite\",\"@id\":\"https:\/\/www.laboratoire-helpac.com\/en\/#website\",\"url\":\"https:\/\/www.laboratoire-helpac.com\/en\/\",\"name\":\"HELPAC\",\"description\":\"\",\"publisher\":{\"@id\":\"https:\/\/www.laboratoire-helpac.com\/en\/#organization\"},\"potentialAction\":[{\"@type\":\"SearchAction\",\"target\":{\"@type\":\"EntryPoint\",\"urlTemplate\":\"https:\/\/www.laboratoire-helpac.com\/en\/?s={search_term_string}\"},\"query-input\":{\"@type\":\"PropertyValueSpecification\",\"valueRequired\":true,\"valueName\":\"search_term_string\"}}],\"inLanguage\":\"en-US\"},{\"@type\":\"Organization\",\"@id\":\"https:\/\/www.laboratoire-helpac.com\/en\/#organization\",\"name\":\"Helpac\",\"url\":\"https:\/\/www.laboratoire-helpac.com\/en\/\",\"logo\":{\"@type\":\"ImageObject\",\"inLanguage\":\"en-US\",\"@id\":\"https:\/\/www.laboratoire-helpac.com\/en\/#\/schema\/logo\/image\/\",\"url\":\"https:\/\/dev.fizzbuzz.fr\/helpac\/wp-content\/uploads\/2023\/05\/Logo-Helpac.jpg\",\"contentUrl\":\"https:\/\/dev.fizzbuzz.fr\/helpac\/wp-content\/uploads\/2023\/05\/Logo-Helpac.jpg\",\"width\":200,\"height\":200,\"caption\":\"Helpac\"},\"image\":{\"@id\":\"https:\/\/www.laboratoire-helpac.com\/en\/#\/schema\/logo\/image\/\"},\"sameAs\":[\"https:\/\/www.linkedin.com\/company\/helpac\/\"]}]}<\/script>\n<!-- \/ Yoast SEO plugin. -->","yoast_head_json":{"title":"Essential oil Shell marjolaine (Egypt) | HELPAC","description":"Issue d'une fili\u00e8re courte fran\u00e7aise, notre huile essentielle de Marjolaine poss\u00e8de des notes de fond et de c\u0153ur herbac\u00e9es, l\u00e9g\u00e8rement sucr\u00e9es et chaudes, particuli\u00e8rement \u00e9tonnantes et int\u00e9ressantes en parfumerie comme en ar\u00f4me alimentaire. Riche en terpin\u00e8ne-4-ol, (e)thujanol, gamma-terpin\u00e8ne, alpha-terpin\u00e8ne et sabin\u00e8ne, on la retrouvera dans de nombreuses formules de d\u00e9tergence ou diffusion (fongicide et antibact\u00e9rienne), en aromath\u00e9rapie th\u00e9rapeutique (\u00e9quilibrante nerveuse, antispasmodique, anti-inflammatoire, antalgique et tonique digestive) et \u00e9nerg\u00e9tique (sentiment de s\u00e9curit\u00e9 - aide \u00e0 sortir de la culpabilit\u00e9) et en cosm\u00e9tique (anti\u00e2ge).","robots":{"index":"index","follow":"follow","max-snippet":"max-snippet:-1","max-image-preview":"max-image-preview:large","max-video-preview":"max-video-preview:-1"},"canonical":"https:\/\/www.laboratoire-helpac.com\/en\/p\/marjoram\/","og_locale":"en_US","og_type":"article","og_title":"Essential oil Shell marjolaine (Egypt) | HELPAC","og_description":"Issue d'une fili\u00e8re courte fran\u00e7aise, notre huile essentielle de Marjolaine poss\u00e8de des notes de fond et de c\u0153ur herbac\u00e9es, l\u00e9g\u00e8rement sucr\u00e9es et chaudes, particuli\u00e8rement \u00e9tonnantes et int\u00e9ressantes en parfumerie comme en ar\u00f4me alimentaire. Riche en terpin\u00e8ne-4-ol, (e)thujanol, gamma-terpin\u00e8ne, alpha-terpin\u00e8ne et sabin\u00e8ne, on la retrouvera dans de nombreuses formules de d\u00e9tergence ou diffusion (fongicide et antibact\u00e9rienne), en aromath\u00e9rapie th\u00e9rapeutique (\u00e9quilibrante nerveuse, antispasmodique, anti-inflammatoire, antalgique et tonique digestive) et \u00e9nerg\u00e9tique (sentiment de s\u00e9curit\u00e9 - aide \u00e0 sortir de la culpabilit\u00e9) et en cosm\u00e9tique (anti\u00e2ge).","og_url":"https:\/\/www.laboratoire-helpac.com\/en\/p\/marjoram\/","og_site_name":"HELPAC","article_modified_time":"2023-11-29T18:39:00+00:00","og_image":[{"width":1280,"height":1280,"url":"https:\/\/www.laboratoire-helpac.com\/wp-content\/uploads\/2023\/09\/HE_MARJORAM-EN-2.png","type":"image\/png"}],"twitter_card":"summary_large_image","schema":{"@context":"https:\/\/schema.org","@graph":[{"@type":"WebPage","@id":"https:\/\/www.laboratoire-helpac.com\/en\/p\/marjoram\/","url":"https:\/\/www.laboratoire-helpac.com\/en\/p\/marjoram\/","name":"Essential oil Shell marjolaine (Egypt) | HELPAC","isPartOf":{"@id":"https:\/\/www.laboratoire-helpac.com\/en\/#website"},"primaryImageOfPage":{"@id":"https:\/\/www.laboratoire-helpac.com\/en\/p\/marjoram\/#primaryimage"},"image":{"@id":"https:\/\/www.laboratoire-helpac.com\/en\/p\/marjoram\/#primaryimage"},"thumbnailUrl":"https:\/\/www.laboratoire-helpac.com\/wp-content\/uploads\/2023\/09\/HE_MARJORAM-EN-2.png","datePublished":"2023-07-30T14:56:57+00:00","dateModified":"2023-11-29T18:39:00+00:00","description":"Issue d'une fili\u00e8re courte fran\u00e7aise, notre huile essentielle de Marjolaine poss\u00e8de des notes de fond et de c\u0153ur herbac\u00e9es, l\u00e9g\u00e8rement sucr\u00e9es et chaudes, particuli\u00e8rement \u00e9tonnantes et int\u00e9ressantes en parfumerie comme en ar\u00f4me alimentaire. Riche en terpin\u00e8ne-4-ol, (e)thujanol, gamma-terpin\u00e8ne, alpha-terpin\u00e8ne et sabin\u00e8ne, on la retrouvera dans de nombreuses formules de d\u00e9tergence ou diffusion (fongicide et antibact\u00e9rienne), en aromath\u00e9rapie th\u00e9rapeutique (\u00e9quilibrante nerveuse, antispasmodique, anti-inflammatoire, antalgique et tonique digestive) et \u00e9nerg\u00e9tique (sentiment de s\u00e9curit\u00e9 - aide \u00e0 sortir de la culpabilit\u00e9) et en cosm\u00e9tique (anti\u00e2ge).","breadcrumb":{"@id":"https:\/\/www.laboratoire-helpac.com\/en\/p\/marjoram\/#breadcrumb"},"inLanguage":"en-US","potentialAction":[{"@type":"ReadAction","target":["https:\/\/www.laboratoire-helpac.com\/en\/p\/marjoram\/"]}]},{"@type":"ImageObject","inLanguage":"en-US","@id":"https:\/\/www.laboratoire-helpac.com\/en\/p\/marjoram\/#primaryimage","url":"https:\/\/www.laboratoire-helpac.com\/wp-content\/uploads\/2023\/09\/HE_MARJORAM-EN-2.png","contentUrl":"https:\/\/www.laboratoire-helpac.com\/wp-content\/uploads\/2023\/09\/HE_MARJORAM-EN-2.png","width":1280,"height":1280,"caption":"Essential oil Shell marjolaine (Egypt) wholesaler"},{"@type":"BreadcrumbList","@id":"https:\/\/www.laboratoire-helpac.com\/en\/p\/marjoram\/#breadcrumb","itemListElement":[{"@type":"ListItem","position":1,"name":"Accueil","item":"https:\/\/www.laboratoire-helpac.com\/en\/"},{"@type":"ListItem","position":2,"name":"Our ingredients","item":"https:\/\/www.laboratoire-helpac.com\/en\/products\/"},{"@type":"ListItem","position":3,"name":"MARJORAM"}]},{"@type":"WebSite","@id":"https:\/\/www.laboratoire-helpac.com\/en\/#website","url":"https:\/\/www.laboratoire-helpac.com\/en\/","name":"HELPAC","description":"","publisher":{"@id":"https:\/\/www.laboratoire-helpac.com\/en\/#organization"},"potentialAction":[{"@type":"SearchAction","target":{"@type":"EntryPoint","urlTemplate":"https:\/\/www.laboratoire-helpac.com\/en\/?s={search_term_string}"},"query-input":{"@type":"PropertyValueSpecification","valueRequired":true,"valueName":"search_term_string"}}],"inLanguage":"en-US"},{"@type":"Organization","@id":"https:\/\/www.laboratoire-helpac.com\/en\/#organization","name":"Helpac","url":"https:\/\/www.laboratoire-helpac.com\/en\/","logo":{"@type":"ImageObject","inLanguage":"en-US","@id":"https:\/\/www.laboratoire-helpac.com\/en\/#\/schema\/logo\/image\/","url":"https:\/\/dev.fizzbuzz.fr\/helpac\/wp-content\/uploads\/2023\/05\/Logo-Helpac.jpg","contentUrl":"https:\/\/dev.fizzbuzz.fr\/helpac\/wp-content\/uploads\/2023\/05\/Logo-Helpac.jpg","width":200,"height":200,"caption":"Helpac"},"image":{"@id":"https:\/\/www.laboratoire-helpac.com\/en\/#\/schema\/logo\/image\/"},"sameAs":["https:\/\/www.linkedin.com\/company\/helpac\/"]}]}},"_links":{"self":[{"href":"https:\/\/www.laboratoire-helpac.com\/en\/wp-json\/wp\/v2\/product\/5227","targetHints":{"allow":["GET"]}}],"collection":[{"href":"https:\/\/www.laboratoire-helpac.com\/en\/wp-json\/wp\/v2\/product"}],"about":[{"href":"https:\/\/www.laboratoire-helpac.com\/en\/wp-json\/wp\/v2\/types\/product"}],"wp:featuredmedia":[{"embeddable":true,"href":"https:\/\/www.laboratoire-helpac.com\/en\/wp-json\/wp\/v2\/media\/6910"}],"wp:attachment":[{"href":"https:\/\/www.laboratoire-helpac.com\/en\/wp-json\/wp\/v2\/media?parent=5227"}],"wp:term":[{"taxonomy":"product_cat","embeddable":true,"href":"https:\/\/www.laboratoire-helpac.com\/en\/wp-json\/wp\/v2\/product_cat?post=5227"},{"taxonomy":"product_tag","embeddable":true,"href":"https:\/\/www.laboratoire-helpac.com\/en\/wp-json\/wp\/v2\/product_tag?post=5227"}],"curies":[{"name":"wp","href":"https:\/\/api.w.org\/{rel}","templated":true}]}}