{"id":5222,"date":"2023-07-30T16:56:57","date_gmt":"2023-07-30T14:56:57","guid":{"rendered":"http:\/\/localhost\/wordpress\/produit\/manuka\/"},"modified":"2023-11-29T19:38:59","modified_gmt":"2023-11-29T18:38:59","slug":"manuka-2-2","status":"publish","type":"product","link":"https:\/\/www.laboratoire-helpac.com\/en\/p\/manuka-2-2\/","title":{"rendered":"MANUKA"},"content":{"rendered":"<p>Treasure of the Maoris, Manuka grows wild in New Zealand, but its richness in leptospermone and flavesone makes it a sought-after shrub. To preserve this essential oil&#8217;s fresh, sweet, and spicy qualities without depleting its source, we&#8217;ve chosen a certified organic plantation that upholds high standards, including natural methods to combat parasitism. The result is an essential oil with a delicate and surprising fragrance, used both in diffusion and cosmetics for skin and hair care (it contains conditioning agents), and of course in perfumery and cleaning products.<\/p>\n","protected":false},"excerpt":{"rendered":"<p>Treasure of the Maoris, Manuka grows wild in New Zealand, but its richness in leptospermone and flavesone makes it a sought-after shrub. To preserve this essential oil&#8217;s fresh, sweet, and spicy qualities without depleting its source, we&#8217;ve chosen a certified organic plantation that upholds high standards, including natural methods to combat parasitism. The result is [&hellip;]<\/p>\n","protected":false},"featured_media":9423,"template":"","meta":[],"product_cat":[390,451,452],"product_tag":[],"class_list":{"0":"post-5222","1":"product","2":"type-product","3":"status-publish","4":"has-post-thumbnail","6":"product_cat-essential-oils","7":"product_cat-aromatherapy-wholesaler-essential-oil","8":"product_cat-bulk-essential-oils-aromatherapy-wholesaler-essential-oil","9":"pa_certifications-organic","10":"pa_origines-asia-oceania","11":"pa_usages-cosmetic","12":"pa_usages-diffusion-en","13":"pa_usages-perfumery","15":"first","16":"instock","17":"purchasable","18":"product-type-simple"},"acf":[],"yoast_head":"<!-- This site is optimized with the Yoast SEO plugin v23.9 - https:\/\/yoast.com\/wordpress\/plugins\/seo\/ -->\n<title>Essential oil Manuka (New Zealand) | HELPAC<\/title>\n<meta name=\"description\" content=\"Tr\u00e9sor des Maoris, le Manuka pousse \u00e0 l\u2019\u00e9tat sauvage en Nouvelle Z\u00e9lande, mais sa richesse en leptospermone et flavesone en font un arbrisseau recherch\u00e9 \u2013 aussi, pour ne pas \u00e9puiser la source de cette huile essentielle fra\u00eeche, douce et \u00e9pic\u00e9e, nous avons choisi une plantation certifi\u00e9 bio qui respecte des crit\u00e8res \u00e9lev\u00e9s, notamment pour lutter naturellement contre le parasitisme. En r\u00e9sulte une huile essentielle au parfum d\u00e9licat et surprenant, utilis\u00e9e aussi bien en diffusion qu\u2019en cosm\u00e9tique pour les soins de la peau et des cheveux (contient des actifs conditionneurs) et bien s\u00fbr en parfumerie et d\u00e9tergence\" \/>\n<meta name=\"robots\" content=\"index, follow, max-snippet:-1, max-image-preview:large, max-video-preview:-1\" \/>\n<link rel=\"canonical\" href=\"https:\/\/www.laboratoire-helpac.com\/en\/p\/manuka-2-2\/\" \/>\n<meta property=\"og:locale\" content=\"en_US\" \/>\n<meta property=\"og:type\" content=\"article\" \/>\n<meta property=\"og:title\" content=\"Essential oil Manuka (New Zealand) | HELPAC\" \/>\n<meta property=\"og:description\" content=\"Tr\u00e9sor des Maoris, le Manuka pousse \u00e0 l\u2019\u00e9tat sauvage en Nouvelle Z\u00e9lande, mais sa richesse en leptospermone et flavesone en font un arbrisseau recherch\u00e9 \u2013 aussi, pour ne pas \u00e9puiser la source de cette huile essentielle fra\u00eeche, douce et \u00e9pic\u00e9e, nous avons choisi une plantation certifi\u00e9 bio qui respecte des crit\u00e8res \u00e9lev\u00e9s, notamment pour lutter naturellement contre le parasitisme. En r\u00e9sulte une huile essentielle au parfum d\u00e9licat et surprenant, utilis\u00e9e aussi bien en diffusion qu\u2019en cosm\u00e9tique pour les soins de la peau et des cheveux (contient des actifs conditionneurs) et bien s\u00fbr en parfumerie et d\u00e9tergence\" \/>\n<meta property=\"og:url\" content=\"https:\/\/www.laboratoire-helpac.com\/en\/p\/manuka-2-2\/\" \/>\n<meta property=\"og:site_name\" content=\"HELPAC\" \/>\n<meta property=\"article:modified_time\" content=\"2023-11-29T18:38:59+00:00\" \/>\n<meta property=\"og:image\" content=\"https:\/\/www.laboratoire-helpac.com\/wp-content\/uploads\/2023\/11\/HE_MANUKA-EN-1.png\" \/>\n\t<meta property=\"og:image:width\" content=\"1000\" \/>\n\t<meta property=\"og:image:height\" content=\"1000\" \/>\n\t<meta property=\"og:image:type\" content=\"image\/png\" \/>\n<meta name=\"twitter:card\" content=\"summary_large_image\" \/>\n<script type=\"application\/ld+json\" class=\"yoast-schema-graph\">{\"@context\":\"https:\/\/schema.org\",\"@graph\":[{\"@type\":\"WebPage\",\"@id\":\"https:\/\/www.laboratoire-helpac.com\/en\/p\/manuka-2-2\/\",\"url\":\"https:\/\/www.laboratoire-helpac.com\/en\/p\/manuka-2-2\/\",\"name\":\"Essential oil Manuka (New Zealand) | HELPAC\",\"isPartOf\":{\"@id\":\"https:\/\/www.laboratoire-helpac.com\/en\/#website\"},\"primaryImageOfPage\":{\"@id\":\"https:\/\/www.laboratoire-helpac.com\/en\/p\/manuka-2-2\/#primaryimage\"},\"image\":{\"@id\":\"https:\/\/www.laboratoire-helpac.com\/en\/p\/manuka-2-2\/#primaryimage\"},\"thumbnailUrl\":\"https:\/\/www.laboratoire-helpac.com\/wp-content\/uploads\/2023\/11\/HE_MANUKA-EN-1.png\",\"datePublished\":\"2023-07-30T14:56:57+00:00\",\"dateModified\":\"2023-11-29T18:38:59+00:00\",\"description\":\"Tr\u00e9sor des Maoris, le Manuka pousse \u00e0 l\u2019\u00e9tat sauvage en Nouvelle Z\u00e9lande, mais sa richesse en leptospermone et flavesone en font un arbrisseau recherch\u00e9 \u2013 aussi, pour ne pas \u00e9puiser la source de cette huile essentielle fra\u00eeche, douce et \u00e9pic\u00e9e, nous avons choisi une plantation certifi\u00e9 bio qui respecte des crit\u00e8res \u00e9lev\u00e9s, notamment pour lutter naturellement contre le parasitisme. En r\u00e9sulte une huile essentielle au parfum d\u00e9licat et surprenant, utilis\u00e9e aussi bien en diffusion qu\u2019en cosm\u00e9tique pour les soins de la peau et des cheveux (contient des actifs conditionneurs) et bien s\u00fbr en parfumerie et d\u00e9tergence\",\"breadcrumb\":{\"@id\":\"https:\/\/www.laboratoire-helpac.com\/en\/p\/manuka-2-2\/#breadcrumb\"},\"inLanguage\":\"en-US\",\"potentialAction\":[{\"@type\":\"ReadAction\",\"target\":[\"https:\/\/www.laboratoire-helpac.com\/en\/p\/manuka-2-2\/\"]}]},{\"@type\":\"ImageObject\",\"inLanguage\":\"en-US\",\"@id\":\"https:\/\/www.laboratoire-helpac.com\/en\/p\/manuka-2-2\/#primaryimage\",\"url\":\"https:\/\/www.laboratoire-helpac.com\/wp-content\/uploads\/2023\/11\/HE_MANUKA-EN-1.png\",\"contentUrl\":\"https:\/\/www.laboratoire-helpac.com\/wp-content\/uploads\/2023\/11\/HE_MANUKA-EN-1.png\",\"width\":1000,\"height\":1000,\"caption\":\"Essential oil Manuka (New Zealand) wholesaler\"},{\"@type\":\"BreadcrumbList\",\"@id\":\"https:\/\/www.laboratoire-helpac.com\/en\/p\/manuka-2-2\/#breadcrumb\",\"itemListElement\":[{\"@type\":\"ListItem\",\"position\":1,\"name\":\"Accueil\",\"item\":\"https:\/\/www.laboratoire-helpac.com\/en\/\"},{\"@type\":\"ListItem\",\"position\":2,\"name\":\"Our ingredients\",\"item\":\"https:\/\/www.laboratoire-helpac.com\/en\/products\/\"},{\"@type\":\"ListItem\",\"position\":3,\"name\":\"MANUKA\"}]},{\"@type\":\"WebSite\",\"@id\":\"https:\/\/www.laboratoire-helpac.com\/en\/#website\",\"url\":\"https:\/\/www.laboratoire-helpac.com\/en\/\",\"name\":\"HELPAC\",\"description\":\"\",\"publisher\":{\"@id\":\"https:\/\/www.laboratoire-helpac.com\/en\/#organization\"},\"potentialAction\":[{\"@type\":\"SearchAction\",\"target\":{\"@type\":\"EntryPoint\",\"urlTemplate\":\"https:\/\/www.laboratoire-helpac.com\/en\/?s={search_term_string}\"},\"query-input\":{\"@type\":\"PropertyValueSpecification\",\"valueRequired\":true,\"valueName\":\"search_term_string\"}}],\"inLanguage\":\"en-US\"},{\"@type\":\"Organization\",\"@id\":\"https:\/\/www.laboratoire-helpac.com\/en\/#organization\",\"name\":\"Helpac\",\"url\":\"https:\/\/www.laboratoire-helpac.com\/en\/\",\"logo\":{\"@type\":\"ImageObject\",\"inLanguage\":\"en-US\",\"@id\":\"https:\/\/www.laboratoire-helpac.com\/en\/#\/schema\/logo\/image\/\",\"url\":\"https:\/\/dev.fizzbuzz.fr\/helpac\/wp-content\/uploads\/2023\/05\/Logo-Helpac.jpg\",\"contentUrl\":\"https:\/\/dev.fizzbuzz.fr\/helpac\/wp-content\/uploads\/2023\/05\/Logo-Helpac.jpg\",\"width\":200,\"height\":200,\"caption\":\"Helpac\"},\"image\":{\"@id\":\"https:\/\/www.laboratoire-helpac.com\/en\/#\/schema\/logo\/image\/\"},\"sameAs\":[\"https:\/\/www.linkedin.com\/company\/helpac\/\"]}]}<\/script>\n<!-- \/ Yoast SEO plugin. -->","yoast_head_json":{"title":"Essential oil Manuka (New Zealand) | HELPAC","description":"Tr\u00e9sor des Maoris, le Manuka pousse \u00e0 l\u2019\u00e9tat sauvage en Nouvelle Z\u00e9lande, mais sa richesse en leptospermone et flavesone en font un arbrisseau recherch\u00e9 \u2013 aussi, pour ne pas \u00e9puiser la source de cette huile essentielle fra\u00eeche, douce et \u00e9pic\u00e9e, nous avons choisi une plantation certifi\u00e9 bio qui respecte des crit\u00e8res \u00e9lev\u00e9s, notamment pour lutter naturellement contre le parasitisme. En r\u00e9sulte une huile essentielle au parfum d\u00e9licat et surprenant, utilis\u00e9e aussi bien en diffusion qu\u2019en cosm\u00e9tique pour les soins de la peau et des cheveux (contient des actifs conditionneurs) et bien s\u00fbr en parfumerie et d\u00e9tergence","robots":{"index":"index","follow":"follow","max-snippet":"max-snippet:-1","max-image-preview":"max-image-preview:large","max-video-preview":"max-video-preview:-1"},"canonical":"https:\/\/www.laboratoire-helpac.com\/en\/p\/manuka-2-2\/","og_locale":"en_US","og_type":"article","og_title":"Essential oil Manuka (New Zealand) | HELPAC","og_description":"Tr\u00e9sor des Maoris, le Manuka pousse \u00e0 l\u2019\u00e9tat sauvage en Nouvelle Z\u00e9lande, mais sa richesse en leptospermone et flavesone en font un arbrisseau recherch\u00e9 \u2013 aussi, pour ne pas \u00e9puiser la source de cette huile essentielle fra\u00eeche, douce et \u00e9pic\u00e9e, nous avons choisi une plantation certifi\u00e9 bio qui respecte des crit\u00e8res \u00e9lev\u00e9s, notamment pour lutter naturellement contre le parasitisme. En r\u00e9sulte une huile essentielle au parfum d\u00e9licat et surprenant, utilis\u00e9e aussi bien en diffusion qu\u2019en cosm\u00e9tique pour les soins de la peau et des cheveux (contient des actifs conditionneurs) et bien s\u00fbr en parfumerie et d\u00e9tergence","og_url":"https:\/\/www.laboratoire-helpac.com\/en\/p\/manuka-2-2\/","og_site_name":"HELPAC","article_modified_time":"2023-11-29T18:38:59+00:00","og_image":[{"width":1000,"height":1000,"url":"https:\/\/www.laboratoire-helpac.com\/wp-content\/uploads\/2023\/11\/HE_MANUKA-EN-1.png","type":"image\/png"}],"twitter_card":"summary_large_image","schema":{"@context":"https:\/\/schema.org","@graph":[{"@type":"WebPage","@id":"https:\/\/www.laboratoire-helpac.com\/en\/p\/manuka-2-2\/","url":"https:\/\/www.laboratoire-helpac.com\/en\/p\/manuka-2-2\/","name":"Essential oil Manuka (New Zealand) | HELPAC","isPartOf":{"@id":"https:\/\/www.laboratoire-helpac.com\/en\/#website"},"primaryImageOfPage":{"@id":"https:\/\/www.laboratoire-helpac.com\/en\/p\/manuka-2-2\/#primaryimage"},"image":{"@id":"https:\/\/www.laboratoire-helpac.com\/en\/p\/manuka-2-2\/#primaryimage"},"thumbnailUrl":"https:\/\/www.laboratoire-helpac.com\/wp-content\/uploads\/2023\/11\/HE_MANUKA-EN-1.png","datePublished":"2023-07-30T14:56:57+00:00","dateModified":"2023-11-29T18:38:59+00:00","description":"Tr\u00e9sor des Maoris, le Manuka pousse \u00e0 l\u2019\u00e9tat sauvage en Nouvelle Z\u00e9lande, mais sa richesse en leptospermone et flavesone en font un arbrisseau recherch\u00e9 \u2013 aussi, pour ne pas \u00e9puiser la source de cette huile essentielle fra\u00eeche, douce et \u00e9pic\u00e9e, nous avons choisi une plantation certifi\u00e9 bio qui respecte des crit\u00e8res \u00e9lev\u00e9s, notamment pour lutter naturellement contre le parasitisme. En r\u00e9sulte une huile essentielle au parfum d\u00e9licat et surprenant, utilis\u00e9e aussi bien en diffusion qu\u2019en cosm\u00e9tique pour les soins de la peau et des cheveux (contient des actifs conditionneurs) et bien s\u00fbr en parfumerie et d\u00e9tergence","breadcrumb":{"@id":"https:\/\/www.laboratoire-helpac.com\/en\/p\/manuka-2-2\/#breadcrumb"},"inLanguage":"en-US","potentialAction":[{"@type":"ReadAction","target":["https:\/\/www.laboratoire-helpac.com\/en\/p\/manuka-2-2\/"]}]},{"@type":"ImageObject","inLanguage":"en-US","@id":"https:\/\/www.laboratoire-helpac.com\/en\/p\/manuka-2-2\/#primaryimage","url":"https:\/\/www.laboratoire-helpac.com\/wp-content\/uploads\/2023\/11\/HE_MANUKA-EN-1.png","contentUrl":"https:\/\/www.laboratoire-helpac.com\/wp-content\/uploads\/2023\/11\/HE_MANUKA-EN-1.png","width":1000,"height":1000,"caption":"Essential oil Manuka (New Zealand) wholesaler"},{"@type":"BreadcrumbList","@id":"https:\/\/www.laboratoire-helpac.com\/en\/p\/manuka-2-2\/#breadcrumb","itemListElement":[{"@type":"ListItem","position":1,"name":"Accueil","item":"https:\/\/www.laboratoire-helpac.com\/en\/"},{"@type":"ListItem","position":2,"name":"Our ingredients","item":"https:\/\/www.laboratoire-helpac.com\/en\/products\/"},{"@type":"ListItem","position":3,"name":"MANUKA"}]},{"@type":"WebSite","@id":"https:\/\/www.laboratoire-helpac.com\/en\/#website","url":"https:\/\/www.laboratoire-helpac.com\/en\/","name":"HELPAC","description":"","publisher":{"@id":"https:\/\/www.laboratoire-helpac.com\/en\/#organization"},"potentialAction":[{"@type":"SearchAction","target":{"@type":"EntryPoint","urlTemplate":"https:\/\/www.laboratoire-helpac.com\/en\/?s={search_term_string}"},"query-input":{"@type":"PropertyValueSpecification","valueRequired":true,"valueName":"search_term_string"}}],"inLanguage":"en-US"},{"@type":"Organization","@id":"https:\/\/www.laboratoire-helpac.com\/en\/#organization","name":"Helpac","url":"https:\/\/www.laboratoire-helpac.com\/en\/","logo":{"@type":"ImageObject","inLanguage":"en-US","@id":"https:\/\/www.laboratoire-helpac.com\/en\/#\/schema\/logo\/image\/","url":"https:\/\/dev.fizzbuzz.fr\/helpac\/wp-content\/uploads\/2023\/05\/Logo-Helpac.jpg","contentUrl":"https:\/\/dev.fizzbuzz.fr\/helpac\/wp-content\/uploads\/2023\/05\/Logo-Helpac.jpg","width":200,"height":200,"caption":"Helpac"},"image":{"@id":"https:\/\/www.laboratoire-helpac.com\/en\/#\/schema\/logo\/image\/"},"sameAs":["https:\/\/www.linkedin.com\/company\/helpac\/"]}]}},"_links":{"self":[{"href":"https:\/\/www.laboratoire-helpac.com\/en\/wp-json\/wp\/v2\/product\/5222","targetHints":{"allow":["GET"]}}],"collection":[{"href":"https:\/\/www.laboratoire-helpac.com\/en\/wp-json\/wp\/v2\/product"}],"about":[{"href":"https:\/\/www.laboratoire-helpac.com\/en\/wp-json\/wp\/v2\/types\/product"}],"wp:featuredmedia":[{"embeddable":true,"href":"https:\/\/www.laboratoire-helpac.com\/en\/wp-json\/wp\/v2\/media\/9423"}],"wp:attachment":[{"href":"https:\/\/www.laboratoire-helpac.com\/en\/wp-json\/wp\/v2\/media?parent=5222"}],"wp:term":[{"taxonomy":"product_cat","embeddable":true,"href":"https:\/\/www.laboratoire-helpac.com\/en\/wp-json\/wp\/v2\/product_cat?post=5222"},{"taxonomy":"product_tag","embeddable":true,"href":"https:\/\/www.laboratoire-helpac.com\/en\/wp-json\/wp\/v2\/product_tag?post=5222"}],"curies":[{"name":"wp","href":"https:\/\/api.w.org\/{rel}","templated":true}]}}