{"id":5219,"date":"2023-07-30T16:56:57","date_gmt":"2023-07-30T14:56:57","guid":{"rendered":"http:\/\/localhost\/wordpress\/produit\/mandarin\/"},"modified":"2023-11-29T19:38:58","modified_gmt":"2023-11-29T18:38:58","slug":"mandarin-green-2","status":"publish","type":"product","link":"https:\/\/www.laboratoire-helpac.com\/en\/p\/mandarin-green-2\/","title":{"rendered":"MANDARIN GREEN"},"content":{"rendered":"<p>Fruity, tangy and sweet, the fragrance of Green Mandarin essential oil is more sparkling than that of Red Mandarin &#8211; yet their properties are very similar: calming, sedative, digestive tonic and airborne antiseptic thanks to the strong presence of monoterpenes (limonene, gamma-terpinene, alpha-pinene and myrcene). It can therefore be used in the same way in perfumery, food, well-being and cosmetics. In energetic aromatherapy, it is associated with the heart chakra, anchoring us in the present and encouraging us to let go.<\/p>\n","protected":false},"excerpt":{"rendered":"<p>Fruity, tangy and sweet, the fragrance of Green Mandarin essential oil is more sparkling than that of Red Mandarin &#8211; yet their properties are very similar: calming, sedative, digestive tonic and airborne antiseptic thanks to the strong presence of monoterpenes (limonene, gamma-terpinene, alpha-pinene and myrcene). It can therefore be used in the same way in [&hellip;]<\/p>\n","protected":false},"featured_media":6902,"template":"","meta":[],"product_cat":[390,451,452],"product_tag":[],"class_list":{"0":"post-5219","1":"product","2":"type-product","3":"status-publish","4":"has-post-thumbnail","6":"product_cat-essential-oils","7":"product_cat-aromatherapy-wholesaler-essential-oil","8":"product_cat-bulk-essential-oils-aromatherapy-wholesaler-essential-oil","9":"pa_certifications-conventional","10":"pa_origines-americas","11":"pa_usages-cosmetic","12":"pa_usages-diffusion-en","13":"pa_usages-food","14":"pa_usages-perfumery","16":"first","17":"instock","18":"purchasable","19":"product-type-simple"},"acf":[],"yoast_head":"<!-- This site is optimized with the Yoast SEO plugin v23.9 - https:\/\/yoast.com\/wordpress\/plugins\/seo\/ -->\n<title>Essential oil Mandarin (Brazil) | HELPAC<\/title>\n<meta name=\"description\" content=\"Fruit\u00e9, acidul\u00e9 et sucr\u00e9, le parfum de l\u2019huile essentielle de Mandarine verte est plus p\u00e9tillant que celui de la rouge \u2013 cependant, leurs propri\u00e9t\u00e9s restent tr\u00e8s proches : calmante, s\u00e9dative, tonique digestive et antiseptique a\u00e9rienne gr\u00e2ce \u00e0 la forte pr\u00e9sence des monoterp\u00e8nes (limon\u00e8ne, gamma-terpin\u00e8ne, alpha-pin\u00e8ne et myrc\u00e8ne). On l\u2019utilisera donc de la m\u00eame fa\u00e7on en parfumerie, alimentaire, bien-\u00eatre et cosm\u00e9tique. En aromath\u00e9rapie \u00e9nerg\u00e9tique, elle est associ\u00e9e au chakra du c\u0153ur et ancre dans le pr\u00e9sent en favorisant le l\u00e2cher-prise.\" \/>\n<meta name=\"robots\" content=\"index, follow, max-snippet:-1, max-image-preview:large, max-video-preview:-1\" \/>\n<link rel=\"canonical\" href=\"https:\/\/www.laboratoire-helpac.com\/en\/p\/mandarin-green-2\/\" \/>\n<meta property=\"og:locale\" content=\"en_US\" \/>\n<meta property=\"og:type\" content=\"article\" \/>\n<meta property=\"og:title\" content=\"Essential oil Mandarin (Brazil) | HELPAC\" \/>\n<meta property=\"og:description\" content=\"Fruit\u00e9, acidul\u00e9 et sucr\u00e9, le parfum de l\u2019huile essentielle de Mandarine verte est plus p\u00e9tillant que celui de la rouge \u2013 cependant, leurs propri\u00e9t\u00e9s restent tr\u00e8s proches : calmante, s\u00e9dative, tonique digestive et antiseptique a\u00e9rienne gr\u00e2ce \u00e0 la forte pr\u00e9sence des monoterp\u00e8nes (limon\u00e8ne, gamma-terpin\u00e8ne, alpha-pin\u00e8ne et myrc\u00e8ne). On l\u2019utilisera donc de la m\u00eame fa\u00e7on en parfumerie, alimentaire, bien-\u00eatre et cosm\u00e9tique. En aromath\u00e9rapie \u00e9nerg\u00e9tique, elle est associ\u00e9e au chakra du c\u0153ur et ancre dans le pr\u00e9sent en favorisant le l\u00e2cher-prise.\" \/>\n<meta property=\"og:url\" content=\"https:\/\/www.laboratoire-helpac.com\/en\/p\/mandarin-green-2\/\" \/>\n<meta property=\"og:site_name\" content=\"HELPAC\" \/>\n<meta property=\"article:modified_time\" content=\"2023-11-29T18:38:58+00:00\" \/>\n<meta property=\"og:image\" content=\"https:\/\/www.laboratoire-helpac.com\/wp-content\/uploads\/2023\/09\/HE_MANDARINGREEN-EN-1.png\" \/>\n\t<meta property=\"og:image:width\" content=\"1280\" \/>\n\t<meta property=\"og:image:height\" content=\"1280\" \/>\n\t<meta property=\"og:image:type\" content=\"image\/png\" \/>\n<meta name=\"twitter:card\" content=\"summary_large_image\" \/>\n<script type=\"application\/ld+json\" class=\"yoast-schema-graph\">{\"@context\":\"https:\/\/schema.org\",\"@graph\":[{\"@type\":\"WebPage\",\"@id\":\"https:\/\/www.laboratoire-helpac.com\/en\/p\/mandarin-green-2\/\",\"url\":\"https:\/\/www.laboratoire-helpac.com\/en\/p\/mandarin-green-2\/\",\"name\":\"Essential oil Mandarin (Brazil) | HELPAC\",\"isPartOf\":{\"@id\":\"https:\/\/www.laboratoire-helpac.com\/en\/#website\"},\"primaryImageOfPage\":{\"@id\":\"https:\/\/www.laboratoire-helpac.com\/en\/p\/mandarin-green-2\/#primaryimage\"},\"image\":{\"@id\":\"https:\/\/www.laboratoire-helpac.com\/en\/p\/mandarin-green-2\/#primaryimage\"},\"thumbnailUrl\":\"https:\/\/www.laboratoire-helpac.com\/wp-content\/uploads\/2023\/09\/HE_MANDARINGREEN-EN-1.png\",\"datePublished\":\"2023-07-30T14:56:57+00:00\",\"dateModified\":\"2023-11-29T18:38:58+00:00\",\"description\":\"Fruit\u00e9, acidul\u00e9 et sucr\u00e9, le parfum de l\u2019huile essentielle de Mandarine verte est plus p\u00e9tillant que celui de la rouge \u2013 cependant, leurs propri\u00e9t\u00e9s restent tr\u00e8s proches : calmante, s\u00e9dative, tonique digestive et antiseptique a\u00e9rienne gr\u00e2ce \u00e0 la forte pr\u00e9sence des monoterp\u00e8nes (limon\u00e8ne, gamma-terpin\u00e8ne, alpha-pin\u00e8ne et myrc\u00e8ne). On l\u2019utilisera donc de la m\u00eame fa\u00e7on en parfumerie, alimentaire, bien-\u00eatre et cosm\u00e9tique. En aromath\u00e9rapie \u00e9nerg\u00e9tique, elle est associ\u00e9e au chakra du c\u0153ur et ancre dans le pr\u00e9sent en favorisant le l\u00e2cher-prise.\",\"breadcrumb\":{\"@id\":\"https:\/\/www.laboratoire-helpac.com\/en\/p\/mandarin-green-2\/#breadcrumb\"},\"inLanguage\":\"en-US\",\"potentialAction\":[{\"@type\":\"ReadAction\",\"target\":[\"https:\/\/www.laboratoire-helpac.com\/en\/p\/mandarin-green-2\/\"]}]},{\"@type\":\"ImageObject\",\"inLanguage\":\"en-US\",\"@id\":\"https:\/\/www.laboratoire-helpac.com\/en\/p\/mandarin-green-2\/#primaryimage\",\"url\":\"https:\/\/www.laboratoire-helpac.com\/wp-content\/uploads\/2023\/09\/HE_MANDARINGREEN-EN-1.png\",\"contentUrl\":\"https:\/\/www.laboratoire-helpac.com\/wp-content\/uploads\/2023\/09\/HE_MANDARINGREEN-EN-1.png\",\"width\":1280,\"height\":1280,\"caption\":\"Essential oil Mandarin (Brazil) wholesaler\"},{\"@type\":\"BreadcrumbList\",\"@id\":\"https:\/\/www.laboratoire-helpac.com\/en\/p\/mandarin-green-2\/#breadcrumb\",\"itemListElement\":[{\"@type\":\"ListItem\",\"position\":1,\"name\":\"Accueil\",\"item\":\"https:\/\/www.laboratoire-helpac.com\/en\/\"},{\"@type\":\"ListItem\",\"position\":2,\"name\":\"Our ingredients\",\"item\":\"https:\/\/www.laboratoire-helpac.com\/en\/products\/\"},{\"@type\":\"ListItem\",\"position\":3,\"name\":\"MANDARIN GREEN\"}]},{\"@type\":\"WebSite\",\"@id\":\"https:\/\/www.laboratoire-helpac.com\/en\/#website\",\"url\":\"https:\/\/www.laboratoire-helpac.com\/en\/\",\"name\":\"HELPAC\",\"description\":\"\",\"publisher\":{\"@id\":\"https:\/\/www.laboratoire-helpac.com\/en\/#organization\"},\"potentialAction\":[{\"@type\":\"SearchAction\",\"target\":{\"@type\":\"EntryPoint\",\"urlTemplate\":\"https:\/\/www.laboratoire-helpac.com\/en\/?s={search_term_string}\"},\"query-input\":{\"@type\":\"PropertyValueSpecification\",\"valueRequired\":true,\"valueName\":\"search_term_string\"}}],\"inLanguage\":\"en-US\"},{\"@type\":\"Organization\",\"@id\":\"https:\/\/www.laboratoire-helpac.com\/en\/#organization\",\"name\":\"Helpac\",\"url\":\"https:\/\/www.laboratoire-helpac.com\/en\/\",\"logo\":{\"@type\":\"ImageObject\",\"inLanguage\":\"en-US\",\"@id\":\"https:\/\/www.laboratoire-helpac.com\/en\/#\/schema\/logo\/image\/\",\"url\":\"https:\/\/dev.fizzbuzz.fr\/helpac\/wp-content\/uploads\/2023\/05\/Logo-Helpac.jpg\",\"contentUrl\":\"https:\/\/dev.fizzbuzz.fr\/helpac\/wp-content\/uploads\/2023\/05\/Logo-Helpac.jpg\",\"width\":200,\"height\":200,\"caption\":\"Helpac\"},\"image\":{\"@id\":\"https:\/\/www.laboratoire-helpac.com\/en\/#\/schema\/logo\/image\/\"},\"sameAs\":[\"https:\/\/www.linkedin.com\/company\/helpac\/\"]}]}<\/script>\n<!-- \/ Yoast SEO plugin. -->","yoast_head_json":{"title":"Essential oil Mandarin (Brazil) | HELPAC","description":"Fruit\u00e9, acidul\u00e9 et sucr\u00e9, le parfum de l\u2019huile essentielle de Mandarine verte est plus p\u00e9tillant que celui de la rouge \u2013 cependant, leurs propri\u00e9t\u00e9s restent tr\u00e8s proches : calmante, s\u00e9dative, tonique digestive et antiseptique a\u00e9rienne gr\u00e2ce \u00e0 la forte pr\u00e9sence des monoterp\u00e8nes (limon\u00e8ne, gamma-terpin\u00e8ne, alpha-pin\u00e8ne et myrc\u00e8ne). On l\u2019utilisera donc de la m\u00eame fa\u00e7on en parfumerie, alimentaire, bien-\u00eatre et cosm\u00e9tique. En aromath\u00e9rapie \u00e9nerg\u00e9tique, elle est associ\u00e9e au chakra du c\u0153ur et ancre dans le pr\u00e9sent en favorisant le l\u00e2cher-prise.","robots":{"index":"index","follow":"follow","max-snippet":"max-snippet:-1","max-image-preview":"max-image-preview:large","max-video-preview":"max-video-preview:-1"},"canonical":"https:\/\/www.laboratoire-helpac.com\/en\/p\/mandarin-green-2\/","og_locale":"en_US","og_type":"article","og_title":"Essential oil Mandarin (Brazil) | HELPAC","og_description":"Fruit\u00e9, acidul\u00e9 et sucr\u00e9, le parfum de l\u2019huile essentielle de Mandarine verte est plus p\u00e9tillant que celui de la rouge \u2013 cependant, leurs propri\u00e9t\u00e9s restent tr\u00e8s proches : calmante, s\u00e9dative, tonique digestive et antiseptique a\u00e9rienne gr\u00e2ce \u00e0 la forte pr\u00e9sence des monoterp\u00e8nes (limon\u00e8ne, gamma-terpin\u00e8ne, alpha-pin\u00e8ne et myrc\u00e8ne). On l\u2019utilisera donc de la m\u00eame fa\u00e7on en parfumerie, alimentaire, bien-\u00eatre et cosm\u00e9tique. En aromath\u00e9rapie \u00e9nerg\u00e9tique, elle est associ\u00e9e au chakra du c\u0153ur et ancre dans le pr\u00e9sent en favorisant le l\u00e2cher-prise.","og_url":"https:\/\/www.laboratoire-helpac.com\/en\/p\/mandarin-green-2\/","og_site_name":"HELPAC","article_modified_time":"2023-11-29T18:38:58+00:00","og_image":[{"width":1280,"height":1280,"url":"https:\/\/www.laboratoire-helpac.com\/wp-content\/uploads\/2023\/09\/HE_MANDARINGREEN-EN-1.png","type":"image\/png"}],"twitter_card":"summary_large_image","schema":{"@context":"https:\/\/schema.org","@graph":[{"@type":"WebPage","@id":"https:\/\/www.laboratoire-helpac.com\/en\/p\/mandarin-green-2\/","url":"https:\/\/www.laboratoire-helpac.com\/en\/p\/mandarin-green-2\/","name":"Essential oil Mandarin (Brazil) | HELPAC","isPartOf":{"@id":"https:\/\/www.laboratoire-helpac.com\/en\/#website"},"primaryImageOfPage":{"@id":"https:\/\/www.laboratoire-helpac.com\/en\/p\/mandarin-green-2\/#primaryimage"},"image":{"@id":"https:\/\/www.laboratoire-helpac.com\/en\/p\/mandarin-green-2\/#primaryimage"},"thumbnailUrl":"https:\/\/www.laboratoire-helpac.com\/wp-content\/uploads\/2023\/09\/HE_MANDARINGREEN-EN-1.png","datePublished":"2023-07-30T14:56:57+00:00","dateModified":"2023-11-29T18:38:58+00:00","description":"Fruit\u00e9, acidul\u00e9 et sucr\u00e9, le parfum de l\u2019huile essentielle de Mandarine verte est plus p\u00e9tillant que celui de la rouge \u2013 cependant, leurs propri\u00e9t\u00e9s restent tr\u00e8s proches : calmante, s\u00e9dative, tonique digestive et antiseptique a\u00e9rienne gr\u00e2ce \u00e0 la forte pr\u00e9sence des monoterp\u00e8nes (limon\u00e8ne, gamma-terpin\u00e8ne, alpha-pin\u00e8ne et myrc\u00e8ne). On l\u2019utilisera donc de la m\u00eame fa\u00e7on en parfumerie, alimentaire, bien-\u00eatre et cosm\u00e9tique. En aromath\u00e9rapie \u00e9nerg\u00e9tique, elle est associ\u00e9e au chakra du c\u0153ur et ancre dans le pr\u00e9sent en favorisant le l\u00e2cher-prise.","breadcrumb":{"@id":"https:\/\/www.laboratoire-helpac.com\/en\/p\/mandarin-green-2\/#breadcrumb"},"inLanguage":"en-US","potentialAction":[{"@type":"ReadAction","target":["https:\/\/www.laboratoire-helpac.com\/en\/p\/mandarin-green-2\/"]}]},{"@type":"ImageObject","inLanguage":"en-US","@id":"https:\/\/www.laboratoire-helpac.com\/en\/p\/mandarin-green-2\/#primaryimage","url":"https:\/\/www.laboratoire-helpac.com\/wp-content\/uploads\/2023\/09\/HE_MANDARINGREEN-EN-1.png","contentUrl":"https:\/\/www.laboratoire-helpac.com\/wp-content\/uploads\/2023\/09\/HE_MANDARINGREEN-EN-1.png","width":1280,"height":1280,"caption":"Essential oil Mandarin (Brazil) wholesaler"},{"@type":"BreadcrumbList","@id":"https:\/\/www.laboratoire-helpac.com\/en\/p\/mandarin-green-2\/#breadcrumb","itemListElement":[{"@type":"ListItem","position":1,"name":"Accueil","item":"https:\/\/www.laboratoire-helpac.com\/en\/"},{"@type":"ListItem","position":2,"name":"Our ingredients","item":"https:\/\/www.laboratoire-helpac.com\/en\/products\/"},{"@type":"ListItem","position":3,"name":"MANDARIN GREEN"}]},{"@type":"WebSite","@id":"https:\/\/www.laboratoire-helpac.com\/en\/#website","url":"https:\/\/www.laboratoire-helpac.com\/en\/","name":"HELPAC","description":"","publisher":{"@id":"https:\/\/www.laboratoire-helpac.com\/en\/#organization"},"potentialAction":[{"@type":"SearchAction","target":{"@type":"EntryPoint","urlTemplate":"https:\/\/www.laboratoire-helpac.com\/en\/?s={search_term_string}"},"query-input":{"@type":"PropertyValueSpecification","valueRequired":true,"valueName":"search_term_string"}}],"inLanguage":"en-US"},{"@type":"Organization","@id":"https:\/\/www.laboratoire-helpac.com\/en\/#organization","name":"Helpac","url":"https:\/\/www.laboratoire-helpac.com\/en\/","logo":{"@type":"ImageObject","inLanguage":"en-US","@id":"https:\/\/www.laboratoire-helpac.com\/en\/#\/schema\/logo\/image\/","url":"https:\/\/dev.fizzbuzz.fr\/helpac\/wp-content\/uploads\/2023\/05\/Logo-Helpac.jpg","contentUrl":"https:\/\/dev.fizzbuzz.fr\/helpac\/wp-content\/uploads\/2023\/05\/Logo-Helpac.jpg","width":200,"height":200,"caption":"Helpac"},"image":{"@id":"https:\/\/www.laboratoire-helpac.com\/en\/#\/schema\/logo\/image\/"},"sameAs":["https:\/\/www.linkedin.com\/company\/helpac\/"]}]}},"_links":{"self":[{"href":"https:\/\/www.laboratoire-helpac.com\/en\/wp-json\/wp\/v2\/product\/5219","targetHints":{"allow":["GET"]}}],"collection":[{"href":"https:\/\/www.laboratoire-helpac.com\/en\/wp-json\/wp\/v2\/product"}],"about":[{"href":"https:\/\/www.laboratoire-helpac.com\/en\/wp-json\/wp\/v2\/types\/product"}],"wp:featuredmedia":[{"embeddable":true,"href":"https:\/\/www.laboratoire-helpac.com\/en\/wp-json\/wp\/v2\/media\/6902"}],"wp:attachment":[{"href":"https:\/\/www.laboratoire-helpac.com\/en\/wp-json\/wp\/v2\/media?parent=5219"}],"wp:term":[{"taxonomy":"product_cat","embeddable":true,"href":"https:\/\/www.laboratoire-helpac.com\/en\/wp-json\/wp\/v2\/product_cat?post=5219"},{"taxonomy":"product_tag","embeddable":true,"href":"https:\/\/www.laboratoire-helpac.com\/en\/wp-json\/wp\/v2\/product_tag?post=5219"}],"curies":[{"name":"wp","href":"https:\/\/api.w.org\/{rel}","templated":true}]}}