{"id":5215,"date":"2023-07-30T16:56:57","date_gmt":"2023-07-30T14:56:57","guid":{"rendered":"http:\/\/localhost\/wordpress\/produit\/organic-red-tangerine\/"},"modified":"2023-11-29T19:38:57","modified_gmt":"2023-11-29T18:38:57","slug":"mandarin-red-organic","status":"publish","type":"product","link":"https:\/\/www.laboratoire-helpac.com\/en\/p\/mandarin-red-organic\/","title":{"rendered":"MANDARIN RED ORGANIC"},"content":{"rendered":"<p>Bursting with Brazilian sunshine and rich in limonene and monoterpene, Red Mandarin essential oil is renowned for its ability to combat disorders of the nervous system (nervousness, sleep) and digestive system (constipation, digestive problems). Its very fine, fruity, floral fragrance is appreciated in perfumery, cooking and energetic aromatherapy. In cosmetics, it cares for dry skin and combats cellulite and stretch marks. Gentle but photosensitising, it is ideal for all types of application: oral, cutaneous, bath, diffusion and olfaction.<\/p>\n","protected":false},"excerpt":{"rendered":"<p>Bursting with Brazilian sunshine and rich in limonene and monoterpene, Red Mandarin essential oil is renowned for its ability to combat disorders of the nervous system (nervousness, sleep) and digestive system (constipation, digestive problems). Its very fine, fruity, floral fragrance is appreciated in perfumery, cooking and energetic aromatherapy. In cosmetics, it cares for dry skin [&hellip;]<\/p>\n","protected":false},"featured_media":9418,"template":"","meta":[],"product_cat":[390,451,452],"product_tag":[],"class_list":{"0":"post-5215","1":"product","2":"type-product","3":"status-publish","4":"has-post-thumbnail","6":"product_cat-essential-oils","7":"product_cat-aromatherapy-wholesaler-essential-oil","8":"product_cat-bulk-essential-oils-aromatherapy-wholesaler-essential-oil","9":"pa_certifications-organic","10":"pa_origines-americas","11":"pa_usages-cosmetic","12":"pa_usages-diffusion-en","13":"pa_usages-food","14":"pa_usages-perfumery","16":"first","17":"instock","18":"purchasable","19":"product-type-simple"},"acf":[],"yoast_head":"<!-- This site is optimized with the Yoast SEO plugin v23.9 - https:\/\/yoast.com\/wordpress\/plugins\/seo\/ -->\n<title>Essential oil Organic red tangerine (Brazil) | HELPAC<\/title>\n<meta name=\"description\" content=\"Gorg\u00e9e du soleil du Br\u00e9sil, tr\u00e8s riche en limon\u00e8ne et en monoterp\u00e8ne, l\u2019huile essentielle de Mandarine rouge est connue pour ses capacit\u00e9s \u00e0 lutter contre les troubles du syst\u00e8me nerveux (nervosit\u00e9, sommeil) et digestif (constipation, troubles digestifs). Son parfum floral, fruit\u00e9 et tr\u00e8s fin est appr\u00e9ci\u00e9 autant en parfumerie qu\u2019en cuisine ou en aromath\u00e9rapie \u00e9nerg\u00e9tique (permet l\u2019ouverture). En cosm\u00e9tique, elle prend soin des peaux s\u00e8ches et lutte contre la cellulite et les vergetures. Douce mais photosensibilisante, elle est id\u00e9ale pour tous les types d\u2019application : voix orale, cutan\u00e9e, bain, diffusion et olfaction.\" \/>\n<meta name=\"robots\" content=\"index, follow, max-snippet:-1, max-image-preview:large, max-video-preview:-1\" \/>\n<link rel=\"canonical\" href=\"https:\/\/www.laboratoire-helpac.com\/en\/p\/mandarin-red-organic\/\" \/>\n<meta property=\"og:locale\" content=\"en_US\" \/>\n<meta property=\"og:type\" content=\"article\" \/>\n<meta property=\"og:title\" content=\"Essential oil Organic red tangerine (Brazil) | HELPAC\" \/>\n<meta property=\"og:description\" content=\"Gorg\u00e9e du soleil du Br\u00e9sil, tr\u00e8s riche en limon\u00e8ne et en monoterp\u00e8ne, l\u2019huile essentielle de Mandarine rouge est connue pour ses capacit\u00e9s \u00e0 lutter contre les troubles du syst\u00e8me nerveux (nervosit\u00e9, sommeil) et digestif (constipation, troubles digestifs). Son parfum floral, fruit\u00e9 et tr\u00e8s fin est appr\u00e9ci\u00e9 autant en parfumerie qu\u2019en cuisine ou en aromath\u00e9rapie \u00e9nerg\u00e9tique (permet l\u2019ouverture). En cosm\u00e9tique, elle prend soin des peaux s\u00e8ches et lutte contre la cellulite et les vergetures. Douce mais photosensibilisante, elle est id\u00e9ale pour tous les types d\u2019application : voix orale, cutan\u00e9e, bain, diffusion et olfaction.\" \/>\n<meta property=\"og:url\" content=\"https:\/\/www.laboratoire-helpac.com\/en\/p\/mandarin-red-organic\/\" \/>\n<meta property=\"og:site_name\" content=\"HELPAC\" \/>\n<meta property=\"article:modified_time\" content=\"2023-11-29T18:38:57+00:00\" \/>\n<meta property=\"og:image\" content=\"https:\/\/www.laboratoire-helpac.com\/wp-content\/uploads\/2023\/11\/HE_MANDARINRED-EN-1.png\" \/>\n\t<meta property=\"og:image:width\" content=\"1000\" \/>\n\t<meta property=\"og:image:height\" content=\"1000\" \/>\n\t<meta property=\"og:image:type\" content=\"image\/png\" \/>\n<meta name=\"twitter:card\" content=\"summary_large_image\" \/>\n<script type=\"application\/ld+json\" class=\"yoast-schema-graph\">{\"@context\":\"https:\/\/schema.org\",\"@graph\":[{\"@type\":\"WebPage\",\"@id\":\"https:\/\/www.laboratoire-helpac.com\/en\/p\/mandarin-red-organic\/\",\"url\":\"https:\/\/www.laboratoire-helpac.com\/en\/p\/mandarin-red-organic\/\",\"name\":\"Essential oil Organic red tangerine (Brazil) | HELPAC\",\"isPartOf\":{\"@id\":\"https:\/\/www.laboratoire-helpac.com\/en\/#website\"},\"primaryImageOfPage\":{\"@id\":\"https:\/\/www.laboratoire-helpac.com\/en\/p\/mandarin-red-organic\/#primaryimage\"},\"image\":{\"@id\":\"https:\/\/www.laboratoire-helpac.com\/en\/p\/mandarin-red-organic\/#primaryimage\"},\"thumbnailUrl\":\"https:\/\/www.laboratoire-helpac.com\/wp-content\/uploads\/2023\/11\/HE_MANDARINRED-EN-1.png\",\"datePublished\":\"2023-07-30T14:56:57+00:00\",\"dateModified\":\"2023-11-29T18:38:57+00:00\",\"description\":\"Gorg\u00e9e du soleil du Br\u00e9sil, tr\u00e8s riche en limon\u00e8ne et en monoterp\u00e8ne, l\u2019huile essentielle de Mandarine rouge est connue pour ses capacit\u00e9s \u00e0 lutter contre les troubles du syst\u00e8me nerveux (nervosit\u00e9, sommeil) et digestif (constipation, troubles digestifs). Son parfum floral, fruit\u00e9 et tr\u00e8s fin est appr\u00e9ci\u00e9 autant en parfumerie qu\u2019en cuisine ou en aromath\u00e9rapie \u00e9nerg\u00e9tique (permet l\u2019ouverture). En cosm\u00e9tique, elle prend soin des peaux s\u00e8ches et lutte contre la cellulite et les vergetures. Douce mais photosensibilisante, elle est id\u00e9ale pour tous les types d\u2019application : voix orale, cutan\u00e9e, bain, diffusion et olfaction.\",\"breadcrumb\":{\"@id\":\"https:\/\/www.laboratoire-helpac.com\/en\/p\/mandarin-red-organic\/#breadcrumb\"},\"inLanguage\":\"en-US\",\"potentialAction\":[{\"@type\":\"ReadAction\",\"target\":[\"https:\/\/www.laboratoire-helpac.com\/en\/p\/mandarin-red-organic\/\"]}]},{\"@type\":\"ImageObject\",\"inLanguage\":\"en-US\",\"@id\":\"https:\/\/www.laboratoire-helpac.com\/en\/p\/mandarin-red-organic\/#primaryimage\",\"url\":\"https:\/\/www.laboratoire-helpac.com\/wp-content\/uploads\/2023\/11\/HE_MANDARINRED-EN-1.png\",\"contentUrl\":\"https:\/\/www.laboratoire-helpac.com\/wp-content\/uploads\/2023\/11\/HE_MANDARINRED-EN-1.png\",\"width\":1000,\"height\":1000,\"caption\":\"Essential oil Mandarin Red Organic (Italy) wholesaler\"},{\"@type\":\"BreadcrumbList\",\"@id\":\"https:\/\/www.laboratoire-helpac.com\/en\/p\/mandarin-red-organic\/#breadcrumb\",\"itemListElement\":[{\"@type\":\"ListItem\",\"position\":1,\"name\":\"Accueil\",\"item\":\"https:\/\/www.laboratoire-helpac.com\/en\/\"},{\"@type\":\"ListItem\",\"position\":2,\"name\":\"Our ingredients\",\"item\":\"https:\/\/www.laboratoire-helpac.com\/en\/products\/\"},{\"@type\":\"ListItem\",\"position\":3,\"name\":\"MANDARIN RED ORGANIC\"}]},{\"@type\":\"WebSite\",\"@id\":\"https:\/\/www.laboratoire-helpac.com\/en\/#website\",\"url\":\"https:\/\/www.laboratoire-helpac.com\/en\/\",\"name\":\"HELPAC\",\"description\":\"\",\"publisher\":{\"@id\":\"https:\/\/www.laboratoire-helpac.com\/en\/#organization\"},\"potentialAction\":[{\"@type\":\"SearchAction\",\"target\":{\"@type\":\"EntryPoint\",\"urlTemplate\":\"https:\/\/www.laboratoire-helpac.com\/en\/?s={search_term_string}\"},\"query-input\":{\"@type\":\"PropertyValueSpecification\",\"valueRequired\":true,\"valueName\":\"search_term_string\"}}],\"inLanguage\":\"en-US\"},{\"@type\":\"Organization\",\"@id\":\"https:\/\/www.laboratoire-helpac.com\/en\/#organization\",\"name\":\"Helpac\",\"url\":\"https:\/\/www.laboratoire-helpac.com\/en\/\",\"logo\":{\"@type\":\"ImageObject\",\"inLanguage\":\"en-US\",\"@id\":\"https:\/\/www.laboratoire-helpac.com\/en\/#\/schema\/logo\/image\/\",\"url\":\"https:\/\/dev.fizzbuzz.fr\/helpac\/wp-content\/uploads\/2023\/05\/Logo-Helpac.jpg\",\"contentUrl\":\"https:\/\/dev.fizzbuzz.fr\/helpac\/wp-content\/uploads\/2023\/05\/Logo-Helpac.jpg\",\"width\":200,\"height\":200,\"caption\":\"Helpac\"},\"image\":{\"@id\":\"https:\/\/www.laboratoire-helpac.com\/en\/#\/schema\/logo\/image\/\"},\"sameAs\":[\"https:\/\/www.linkedin.com\/company\/helpac\/\"]}]}<\/script>\n<!-- \/ Yoast SEO plugin. -->","yoast_head_json":{"title":"Essential oil Organic red tangerine (Brazil) | HELPAC","description":"Gorg\u00e9e du soleil du Br\u00e9sil, tr\u00e8s riche en limon\u00e8ne et en monoterp\u00e8ne, l\u2019huile essentielle de Mandarine rouge est connue pour ses capacit\u00e9s \u00e0 lutter contre les troubles du syst\u00e8me nerveux (nervosit\u00e9, sommeil) et digestif (constipation, troubles digestifs). Son parfum floral, fruit\u00e9 et tr\u00e8s fin est appr\u00e9ci\u00e9 autant en parfumerie qu\u2019en cuisine ou en aromath\u00e9rapie \u00e9nerg\u00e9tique (permet l\u2019ouverture). En cosm\u00e9tique, elle prend soin des peaux s\u00e8ches et lutte contre la cellulite et les vergetures. Douce mais photosensibilisante, elle est id\u00e9ale pour tous les types d\u2019application : voix orale, cutan\u00e9e, bain, diffusion et olfaction.","robots":{"index":"index","follow":"follow","max-snippet":"max-snippet:-1","max-image-preview":"max-image-preview:large","max-video-preview":"max-video-preview:-1"},"canonical":"https:\/\/www.laboratoire-helpac.com\/en\/p\/mandarin-red-organic\/","og_locale":"en_US","og_type":"article","og_title":"Essential oil Organic red tangerine (Brazil) | HELPAC","og_description":"Gorg\u00e9e du soleil du Br\u00e9sil, tr\u00e8s riche en limon\u00e8ne et en monoterp\u00e8ne, l\u2019huile essentielle de Mandarine rouge est connue pour ses capacit\u00e9s \u00e0 lutter contre les troubles du syst\u00e8me nerveux (nervosit\u00e9, sommeil) et digestif (constipation, troubles digestifs). Son parfum floral, fruit\u00e9 et tr\u00e8s fin est appr\u00e9ci\u00e9 autant en parfumerie qu\u2019en cuisine ou en aromath\u00e9rapie \u00e9nerg\u00e9tique (permet l\u2019ouverture). En cosm\u00e9tique, elle prend soin des peaux s\u00e8ches et lutte contre la cellulite et les vergetures. Douce mais photosensibilisante, elle est id\u00e9ale pour tous les types d\u2019application : voix orale, cutan\u00e9e, bain, diffusion et olfaction.","og_url":"https:\/\/www.laboratoire-helpac.com\/en\/p\/mandarin-red-organic\/","og_site_name":"HELPAC","article_modified_time":"2023-11-29T18:38:57+00:00","og_image":[{"width":1000,"height":1000,"url":"https:\/\/www.laboratoire-helpac.com\/wp-content\/uploads\/2023\/11\/HE_MANDARINRED-EN-1.png","type":"image\/png"}],"twitter_card":"summary_large_image","schema":{"@context":"https:\/\/schema.org","@graph":[{"@type":"WebPage","@id":"https:\/\/www.laboratoire-helpac.com\/en\/p\/mandarin-red-organic\/","url":"https:\/\/www.laboratoire-helpac.com\/en\/p\/mandarin-red-organic\/","name":"Essential oil Organic red tangerine (Brazil) | HELPAC","isPartOf":{"@id":"https:\/\/www.laboratoire-helpac.com\/en\/#website"},"primaryImageOfPage":{"@id":"https:\/\/www.laboratoire-helpac.com\/en\/p\/mandarin-red-organic\/#primaryimage"},"image":{"@id":"https:\/\/www.laboratoire-helpac.com\/en\/p\/mandarin-red-organic\/#primaryimage"},"thumbnailUrl":"https:\/\/www.laboratoire-helpac.com\/wp-content\/uploads\/2023\/11\/HE_MANDARINRED-EN-1.png","datePublished":"2023-07-30T14:56:57+00:00","dateModified":"2023-11-29T18:38:57+00:00","description":"Gorg\u00e9e du soleil du Br\u00e9sil, tr\u00e8s riche en limon\u00e8ne et en monoterp\u00e8ne, l\u2019huile essentielle de Mandarine rouge est connue pour ses capacit\u00e9s \u00e0 lutter contre les troubles du syst\u00e8me nerveux (nervosit\u00e9, sommeil) et digestif (constipation, troubles digestifs). Son parfum floral, fruit\u00e9 et tr\u00e8s fin est appr\u00e9ci\u00e9 autant en parfumerie qu\u2019en cuisine ou en aromath\u00e9rapie \u00e9nerg\u00e9tique (permet l\u2019ouverture). En cosm\u00e9tique, elle prend soin des peaux s\u00e8ches et lutte contre la cellulite et les vergetures. Douce mais photosensibilisante, elle est id\u00e9ale pour tous les types d\u2019application : voix orale, cutan\u00e9e, bain, diffusion et olfaction.","breadcrumb":{"@id":"https:\/\/www.laboratoire-helpac.com\/en\/p\/mandarin-red-organic\/#breadcrumb"},"inLanguage":"en-US","potentialAction":[{"@type":"ReadAction","target":["https:\/\/www.laboratoire-helpac.com\/en\/p\/mandarin-red-organic\/"]}]},{"@type":"ImageObject","inLanguage":"en-US","@id":"https:\/\/www.laboratoire-helpac.com\/en\/p\/mandarin-red-organic\/#primaryimage","url":"https:\/\/www.laboratoire-helpac.com\/wp-content\/uploads\/2023\/11\/HE_MANDARINRED-EN-1.png","contentUrl":"https:\/\/www.laboratoire-helpac.com\/wp-content\/uploads\/2023\/11\/HE_MANDARINRED-EN-1.png","width":1000,"height":1000,"caption":"Essential oil Mandarin Red Organic (Italy) wholesaler"},{"@type":"BreadcrumbList","@id":"https:\/\/www.laboratoire-helpac.com\/en\/p\/mandarin-red-organic\/#breadcrumb","itemListElement":[{"@type":"ListItem","position":1,"name":"Accueil","item":"https:\/\/www.laboratoire-helpac.com\/en\/"},{"@type":"ListItem","position":2,"name":"Our ingredients","item":"https:\/\/www.laboratoire-helpac.com\/en\/products\/"},{"@type":"ListItem","position":3,"name":"MANDARIN RED ORGANIC"}]},{"@type":"WebSite","@id":"https:\/\/www.laboratoire-helpac.com\/en\/#website","url":"https:\/\/www.laboratoire-helpac.com\/en\/","name":"HELPAC","description":"","publisher":{"@id":"https:\/\/www.laboratoire-helpac.com\/en\/#organization"},"potentialAction":[{"@type":"SearchAction","target":{"@type":"EntryPoint","urlTemplate":"https:\/\/www.laboratoire-helpac.com\/en\/?s={search_term_string}"},"query-input":{"@type":"PropertyValueSpecification","valueRequired":true,"valueName":"search_term_string"}}],"inLanguage":"en-US"},{"@type":"Organization","@id":"https:\/\/www.laboratoire-helpac.com\/en\/#organization","name":"Helpac","url":"https:\/\/www.laboratoire-helpac.com\/en\/","logo":{"@type":"ImageObject","inLanguage":"en-US","@id":"https:\/\/www.laboratoire-helpac.com\/en\/#\/schema\/logo\/image\/","url":"https:\/\/dev.fizzbuzz.fr\/helpac\/wp-content\/uploads\/2023\/05\/Logo-Helpac.jpg","contentUrl":"https:\/\/dev.fizzbuzz.fr\/helpac\/wp-content\/uploads\/2023\/05\/Logo-Helpac.jpg","width":200,"height":200,"caption":"Helpac"},"image":{"@id":"https:\/\/www.laboratoire-helpac.com\/en\/#\/schema\/logo\/image\/"},"sameAs":["https:\/\/www.linkedin.com\/company\/helpac\/"]}]}},"_links":{"self":[{"href":"https:\/\/www.laboratoire-helpac.com\/en\/wp-json\/wp\/v2\/product\/5215","targetHints":{"allow":["GET"]}}],"collection":[{"href":"https:\/\/www.laboratoire-helpac.com\/en\/wp-json\/wp\/v2\/product"}],"about":[{"href":"https:\/\/www.laboratoire-helpac.com\/en\/wp-json\/wp\/v2\/types\/product"}],"wp:featuredmedia":[{"embeddable":true,"href":"https:\/\/www.laboratoire-helpac.com\/en\/wp-json\/wp\/v2\/media\/9418"}],"wp:attachment":[{"href":"https:\/\/www.laboratoire-helpac.com\/en\/wp-json\/wp\/v2\/media?parent=5215"}],"wp:term":[{"taxonomy":"product_cat","embeddable":true,"href":"https:\/\/www.laboratoire-helpac.com\/en\/wp-json\/wp\/v2\/product_cat?post=5215"},{"taxonomy":"product_tag","embeddable":true,"href":"https:\/\/www.laboratoire-helpac.com\/en\/wp-json\/wp\/v2\/product_tag?post=5215"}],"curies":[{"name":"wp","href":"https:\/\/api.w.org\/{rel}","templated":true}]}}