{"id":5205,"date":"2023-07-30T16:56:40","date_gmt":"2023-07-30T14:56:40","guid":{"rendered":"http:\/\/localhost\/wordpress\/produit\/lemongrass-organic-flexosus\/"},"modified":"2023-11-29T19:38:52","modified_gmt":"2023-11-29T18:38:52","slug":"lemongrass-flexosus-organic","status":"publish","type":"product","link":"https:\/\/www.laboratoire-helpac.com\/en\/p\/lemongrass-flexosus-organic\/","title":{"rendered":"LEMONGRASS FLEXOSUS ORGANIC"},"content":{"rendered":"<p>Mainly rich in citral, neral, geraniol, geranyl acetate and limonene, Lemongrass essential oil is herbaceous, lemony, slightly earthy and fresh. A top note in perfumery, it is also highly appreciated in food flavouring for its Asian flavour. Well-known in cosmetics for its insect-repellent, deodorising, anti-dandruff, anti-cellulite and anti-stretch mark properties, it is also a great vasodilator. Widely used in energetic aromatherapy, it is sedative and negativising.<\/p>\n","protected":false},"excerpt":{"rendered":"<p>Mainly rich in citral, neral, geraniol, geranyl acetate and limonene, Lemongrass essential oil is herbaceous, lemony, slightly earthy and fresh. A top note in perfumery, it is also highly appreciated in food flavouring for its Asian flavour. Well-known in cosmetics for its insect-repellent, deodorising, anti-dandruff, anti-cellulite and anti-stretch mark properties, it is also a great [&hellip;]<\/p>\n","protected":false},"featured_media":6888,"template":"","meta":[],"product_cat":[390,451,452],"product_tag":[],"class_list":{"0":"post-5205","1":"product","2":"type-product","3":"status-publish","4":"has-post-thumbnail","6":"product_cat-essential-oils","7":"product_cat-aromatherapy-wholesaler-essential-oil","8":"product_cat-bulk-essential-oils-aromatherapy-wholesaler-essential-oil","9":"pa_certifications-organic","10":"pa_origines-asia-oceania","11":"pa_usages-cosmetic","12":"pa_usages-diffusion-en","13":"pa_usages-perfumery","15":"first","16":"instock","17":"purchasable","18":"product-type-simple"},"acf":[],"yoast_head":"<!-- This site is optimized with the Yoast SEO plugin v23.9 - https:\/\/yoast.com\/wordpress\/plugins\/seo\/ -->\n<title>Essential oil Lemongrass organic flexosus (India) | HELPAC<\/title>\n<meta name=\"description\" content=\"Principalement riche en citral, n\u00e9ral, g\u00e9raniol, ac\u00e9tate de g\u00e9ranyle et limon\u00e8ne, l\u2019huile essentielle de Lemongrass est herbac\u00e9e, citronn\u00e9e, l\u00e9g\u00e8rement terreuse, fra\u00eeche. Note de t\u00eate en parfumerie, elle est tr\u00e8s appr\u00e9ci\u00e9e en ar\u00f4me alimentaire pour son c\u00f4t\u00e9 asiatique. Tr\u00e8s connue en cosm\u00e9tique pour ses propri\u00e9t\u00e9s insectifuge, d\u00e9sodorisant, antipelliculaire, anticellulite et anti-vergetures, elle est \u00e9galement tr\u00e8s vasodilatatrice. Tr\u00e8s utilis\u00e9e en aromath\u00e9rapie \u00e9nerg\u00e9tique, elle est s\u00e9dative et n\u00e9gativante.\" \/>\n<meta name=\"robots\" content=\"index, follow, max-snippet:-1, max-image-preview:large, max-video-preview:-1\" \/>\n<link rel=\"canonical\" href=\"https:\/\/www.laboratoire-helpac.com\/en\/p\/lemongrass-flexosus-organic\/\" \/>\n<meta property=\"og:locale\" content=\"en_US\" \/>\n<meta property=\"og:type\" content=\"article\" \/>\n<meta property=\"og:title\" content=\"Essential oil Lemongrass organic flexosus (India) | HELPAC\" \/>\n<meta property=\"og:description\" content=\"Principalement riche en citral, n\u00e9ral, g\u00e9raniol, ac\u00e9tate de g\u00e9ranyle et limon\u00e8ne, l\u2019huile essentielle de Lemongrass est herbac\u00e9e, citronn\u00e9e, l\u00e9g\u00e8rement terreuse, fra\u00eeche. Note de t\u00eate en parfumerie, elle est tr\u00e8s appr\u00e9ci\u00e9e en ar\u00f4me alimentaire pour son c\u00f4t\u00e9 asiatique. Tr\u00e8s connue en cosm\u00e9tique pour ses propri\u00e9t\u00e9s insectifuge, d\u00e9sodorisant, antipelliculaire, anticellulite et anti-vergetures, elle est \u00e9galement tr\u00e8s vasodilatatrice. Tr\u00e8s utilis\u00e9e en aromath\u00e9rapie \u00e9nerg\u00e9tique, elle est s\u00e9dative et n\u00e9gativante.\" \/>\n<meta property=\"og:url\" content=\"https:\/\/www.laboratoire-helpac.com\/en\/p\/lemongrass-flexosus-organic\/\" \/>\n<meta property=\"og:site_name\" content=\"HELPAC\" \/>\n<meta property=\"article:modified_time\" content=\"2023-11-29T18:38:52+00:00\" \/>\n<meta property=\"og:image\" content=\"https:\/\/www.laboratoire-helpac.com\/wp-content\/uploads\/2023\/09\/HE_LEMONGRASSFLEXOSUS-EN.png\" \/>\n\t<meta property=\"og:image:width\" content=\"1280\" \/>\n\t<meta property=\"og:image:height\" content=\"1280\" \/>\n\t<meta property=\"og:image:type\" content=\"image\/png\" \/>\n<meta name=\"twitter:card\" content=\"summary_large_image\" \/>\n<script type=\"application\/ld+json\" class=\"yoast-schema-graph\">{\"@context\":\"https:\/\/schema.org\",\"@graph\":[{\"@type\":\"WebPage\",\"@id\":\"https:\/\/www.laboratoire-helpac.com\/en\/p\/lemongrass-flexosus-organic\/\",\"url\":\"https:\/\/www.laboratoire-helpac.com\/en\/p\/lemongrass-flexosus-organic\/\",\"name\":\"Essential oil Lemongrass organic flexosus (India) | HELPAC\",\"isPartOf\":{\"@id\":\"https:\/\/www.laboratoire-helpac.com\/en\/#website\"},\"primaryImageOfPage\":{\"@id\":\"https:\/\/www.laboratoire-helpac.com\/en\/p\/lemongrass-flexosus-organic\/#primaryimage\"},\"image\":{\"@id\":\"https:\/\/www.laboratoire-helpac.com\/en\/p\/lemongrass-flexosus-organic\/#primaryimage\"},\"thumbnailUrl\":\"https:\/\/www.laboratoire-helpac.com\/wp-content\/uploads\/2023\/09\/HE_LEMONGRASSFLEXOSUS-EN.png\",\"datePublished\":\"2023-07-30T14:56:40+00:00\",\"dateModified\":\"2023-11-29T18:38:52+00:00\",\"description\":\"Principalement riche en citral, n\u00e9ral, g\u00e9raniol, ac\u00e9tate de g\u00e9ranyle et limon\u00e8ne, l\u2019huile essentielle de Lemongrass est herbac\u00e9e, citronn\u00e9e, l\u00e9g\u00e8rement terreuse, fra\u00eeche. Note de t\u00eate en parfumerie, elle est tr\u00e8s appr\u00e9ci\u00e9e en ar\u00f4me alimentaire pour son c\u00f4t\u00e9 asiatique. Tr\u00e8s connue en cosm\u00e9tique pour ses propri\u00e9t\u00e9s insectifuge, d\u00e9sodorisant, antipelliculaire, anticellulite et anti-vergetures, elle est \u00e9galement tr\u00e8s vasodilatatrice. Tr\u00e8s utilis\u00e9e en aromath\u00e9rapie \u00e9nerg\u00e9tique, elle est s\u00e9dative et n\u00e9gativante.\",\"breadcrumb\":{\"@id\":\"https:\/\/www.laboratoire-helpac.com\/en\/p\/lemongrass-flexosus-organic\/#breadcrumb\"},\"inLanguage\":\"en-US\",\"potentialAction\":[{\"@type\":\"ReadAction\",\"target\":[\"https:\/\/www.laboratoire-helpac.com\/en\/p\/lemongrass-flexosus-organic\/\"]}]},{\"@type\":\"ImageObject\",\"inLanguage\":\"en-US\",\"@id\":\"https:\/\/www.laboratoire-helpac.com\/en\/p\/lemongrass-flexosus-organic\/#primaryimage\",\"url\":\"https:\/\/www.laboratoire-helpac.com\/wp-content\/uploads\/2023\/09\/HE_LEMONGRASSFLEXOSUS-EN.png\",\"contentUrl\":\"https:\/\/www.laboratoire-helpac.com\/wp-content\/uploads\/2023\/09\/HE_LEMONGRASSFLEXOSUS-EN.png\",\"width\":1280,\"height\":1280,\"caption\":\"Essential oil Lemongrass organic flexosus (India) wholesaler\"},{\"@type\":\"BreadcrumbList\",\"@id\":\"https:\/\/www.laboratoire-helpac.com\/en\/p\/lemongrass-flexosus-organic\/#breadcrumb\",\"itemListElement\":[{\"@type\":\"ListItem\",\"position\":1,\"name\":\"Accueil\",\"item\":\"https:\/\/www.laboratoire-helpac.com\/en\/\"},{\"@type\":\"ListItem\",\"position\":2,\"name\":\"Our ingredients\",\"item\":\"https:\/\/www.laboratoire-helpac.com\/en\/products\/\"},{\"@type\":\"ListItem\",\"position\":3,\"name\":\"LEMONGRASS FLEXOSUS ORGANIC\"}]},{\"@type\":\"WebSite\",\"@id\":\"https:\/\/www.laboratoire-helpac.com\/en\/#website\",\"url\":\"https:\/\/www.laboratoire-helpac.com\/en\/\",\"name\":\"HELPAC\",\"description\":\"\",\"publisher\":{\"@id\":\"https:\/\/www.laboratoire-helpac.com\/en\/#organization\"},\"potentialAction\":[{\"@type\":\"SearchAction\",\"target\":{\"@type\":\"EntryPoint\",\"urlTemplate\":\"https:\/\/www.laboratoire-helpac.com\/en\/?s={search_term_string}\"},\"query-input\":{\"@type\":\"PropertyValueSpecification\",\"valueRequired\":true,\"valueName\":\"search_term_string\"}}],\"inLanguage\":\"en-US\"},{\"@type\":\"Organization\",\"@id\":\"https:\/\/www.laboratoire-helpac.com\/en\/#organization\",\"name\":\"Helpac\",\"url\":\"https:\/\/www.laboratoire-helpac.com\/en\/\",\"logo\":{\"@type\":\"ImageObject\",\"inLanguage\":\"en-US\",\"@id\":\"https:\/\/www.laboratoire-helpac.com\/en\/#\/schema\/logo\/image\/\",\"url\":\"https:\/\/dev.fizzbuzz.fr\/helpac\/wp-content\/uploads\/2023\/05\/Logo-Helpac.jpg\",\"contentUrl\":\"https:\/\/dev.fizzbuzz.fr\/helpac\/wp-content\/uploads\/2023\/05\/Logo-Helpac.jpg\",\"width\":200,\"height\":200,\"caption\":\"Helpac\"},\"image\":{\"@id\":\"https:\/\/www.laboratoire-helpac.com\/en\/#\/schema\/logo\/image\/\"},\"sameAs\":[\"https:\/\/www.linkedin.com\/company\/helpac\/\"]}]}<\/script>\n<!-- \/ Yoast SEO plugin. -->","yoast_head_json":{"title":"Essential oil Lemongrass organic flexosus (India) | HELPAC","description":"Principalement riche en citral, n\u00e9ral, g\u00e9raniol, ac\u00e9tate de g\u00e9ranyle et limon\u00e8ne, l\u2019huile essentielle de Lemongrass est herbac\u00e9e, citronn\u00e9e, l\u00e9g\u00e8rement terreuse, fra\u00eeche. Note de t\u00eate en parfumerie, elle est tr\u00e8s appr\u00e9ci\u00e9e en ar\u00f4me alimentaire pour son c\u00f4t\u00e9 asiatique. Tr\u00e8s connue en cosm\u00e9tique pour ses propri\u00e9t\u00e9s insectifuge, d\u00e9sodorisant, antipelliculaire, anticellulite et anti-vergetures, elle est \u00e9galement tr\u00e8s vasodilatatrice. Tr\u00e8s utilis\u00e9e en aromath\u00e9rapie \u00e9nerg\u00e9tique, elle est s\u00e9dative et n\u00e9gativante.","robots":{"index":"index","follow":"follow","max-snippet":"max-snippet:-1","max-image-preview":"max-image-preview:large","max-video-preview":"max-video-preview:-1"},"canonical":"https:\/\/www.laboratoire-helpac.com\/en\/p\/lemongrass-flexosus-organic\/","og_locale":"en_US","og_type":"article","og_title":"Essential oil Lemongrass organic flexosus (India) | HELPAC","og_description":"Principalement riche en citral, n\u00e9ral, g\u00e9raniol, ac\u00e9tate de g\u00e9ranyle et limon\u00e8ne, l\u2019huile essentielle de Lemongrass est herbac\u00e9e, citronn\u00e9e, l\u00e9g\u00e8rement terreuse, fra\u00eeche. Note de t\u00eate en parfumerie, elle est tr\u00e8s appr\u00e9ci\u00e9e en ar\u00f4me alimentaire pour son c\u00f4t\u00e9 asiatique. Tr\u00e8s connue en cosm\u00e9tique pour ses propri\u00e9t\u00e9s insectifuge, d\u00e9sodorisant, antipelliculaire, anticellulite et anti-vergetures, elle est \u00e9galement tr\u00e8s vasodilatatrice. Tr\u00e8s utilis\u00e9e en aromath\u00e9rapie \u00e9nerg\u00e9tique, elle est s\u00e9dative et n\u00e9gativante.","og_url":"https:\/\/www.laboratoire-helpac.com\/en\/p\/lemongrass-flexosus-organic\/","og_site_name":"HELPAC","article_modified_time":"2023-11-29T18:38:52+00:00","og_image":[{"width":1280,"height":1280,"url":"https:\/\/www.laboratoire-helpac.com\/wp-content\/uploads\/2023\/09\/HE_LEMONGRASSFLEXOSUS-EN.png","type":"image\/png"}],"twitter_card":"summary_large_image","schema":{"@context":"https:\/\/schema.org","@graph":[{"@type":"WebPage","@id":"https:\/\/www.laboratoire-helpac.com\/en\/p\/lemongrass-flexosus-organic\/","url":"https:\/\/www.laboratoire-helpac.com\/en\/p\/lemongrass-flexosus-organic\/","name":"Essential oil Lemongrass organic flexosus (India) | HELPAC","isPartOf":{"@id":"https:\/\/www.laboratoire-helpac.com\/en\/#website"},"primaryImageOfPage":{"@id":"https:\/\/www.laboratoire-helpac.com\/en\/p\/lemongrass-flexosus-organic\/#primaryimage"},"image":{"@id":"https:\/\/www.laboratoire-helpac.com\/en\/p\/lemongrass-flexosus-organic\/#primaryimage"},"thumbnailUrl":"https:\/\/www.laboratoire-helpac.com\/wp-content\/uploads\/2023\/09\/HE_LEMONGRASSFLEXOSUS-EN.png","datePublished":"2023-07-30T14:56:40+00:00","dateModified":"2023-11-29T18:38:52+00:00","description":"Principalement riche en citral, n\u00e9ral, g\u00e9raniol, ac\u00e9tate de g\u00e9ranyle et limon\u00e8ne, l\u2019huile essentielle de Lemongrass est herbac\u00e9e, citronn\u00e9e, l\u00e9g\u00e8rement terreuse, fra\u00eeche. Note de t\u00eate en parfumerie, elle est tr\u00e8s appr\u00e9ci\u00e9e en ar\u00f4me alimentaire pour son c\u00f4t\u00e9 asiatique. Tr\u00e8s connue en cosm\u00e9tique pour ses propri\u00e9t\u00e9s insectifuge, d\u00e9sodorisant, antipelliculaire, anticellulite et anti-vergetures, elle est \u00e9galement tr\u00e8s vasodilatatrice. Tr\u00e8s utilis\u00e9e en aromath\u00e9rapie \u00e9nerg\u00e9tique, elle est s\u00e9dative et n\u00e9gativante.","breadcrumb":{"@id":"https:\/\/www.laboratoire-helpac.com\/en\/p\/lemongrass-flexosus-organic\/#breadcrumb"},"inLanguage":"en-US","potentialAction":[{"@type":"ReadAction","target":["https:\/\/www.laboratoire-helpac.com\/en\/p\/lemongrass-flexosus-organic\/"]}]},{"@type":"ImageObject","inLanguage":"en-US","@id":"https:\/\/www.laboratoire-helpac.com\/en\/p\/lemongrass-flexosus-organic\/#primaryimage","url":"https:\/\/www.laboratoire-helpac.com\/wp-content\/uploads\/2023\/09\/HE_LEMONGRASSFLEXOSUS-EN.png","contentUrl":"https:\/\/www.laboratoire-helpac.com\/wp-content\/uploads\/2023\/09\/HE_LEMONGRASSFLEXOSUS-EN.png","width":1280,"height":1280,"caption":"Essential oil Lemongrass organic flexosus (India) wholesaler"},{"@type":"BreadcrumbList","@id":"https:\/\/www.laboratoire-helpac.com\/en\/p\/lemongrass-flexosus-organic\/#breadcrumb","itemListElement":[{"@type":"ListItem","position":1,"name":"Accueil","item":"https:\/\/www.laboratoire-helpac.com\/en\/"},{"@type":"ListItem","position":2,"name":"Our ingredients","item":"https:\/\/www.laboratoire-helpac.com\/en\/products\/"},{"@type":"ListItem","position":3,"name":"LEMONGRASS FLEXOSUS ORGANIC"}]},{"@type":"WebSite","@id":"https:\/\/www.laboratoire-helpac.com\/en\/#website","url":"https:\/\/www.laboratoire-helpac.com\/en\/","name":"HELPAC","description":"","publisher":{"@id":"https:\/\/www.laboratoire-helpac.com\/en\/#organization"},"potentialAction":[{"@type":"SearchAction","target":{"@type":"EntryPoint","urlTemplate":"https:\/\/www.laboratoire-helpac.com\/en\/?s={search_term_string}"},"query-input":{"@type":"PropertyValueSpecification","valueRequired":true,"valueName":"search_term_string"}}],"inLanguage":"en-US"},{"@type":"Organization","@id":"https:\/\/www.laboratoire-helpac.com\/en\/#organization","name":"Helpac","url":"https:\/\/www.laboratoire-helpac.com\/en\/","logo":{"@type":"ImageObject","inLanguage":"en-US","@id":"https:\/\/www.laboratoire-helpac.com\/en\/#\/schema\/logo\/image\/","url":"https:\/\/dev.fizzbuzz.fr\/helpac\/wp-content\/uploads\/2023\/05\/Logo-Helpac.jpg","contentUrl":"https:\/\/dev.fizzbuzz.fr\/helpac\/wp-content\/uploads\/2023\/05\/Logo-Helpac.jpg","width":200,"height":200,"caption":"Helpac"},"image":{"@id":"https:\/\/www.laboratoire-helpac.com\/en\/#\/schema\/logo\/image\/"},"sameAs":["https:\/\/www.linkedin.com\/company\/helpac\/"]}]}},"_links":{"self":[{"href":"https:\/\/www.laboratoire-helpac.com\/en\/wp-json\/wp\/v2\/product\/5205","targetHints":{"allow":["GET"]}}],"collection":[{"href":"https:\/\/www.laboratoire-helpac.com\/en\/wp-json\/wp\/v2\/product"}],"about":[{"href":"https:\/\/www.laboratoire-helpac.com\/en\/wp-json\/wp\/v2\/types\/product"}],"wp:featuredmedia":[{"embeddable":true,"href":"https:\/\/www.laboratoire-helpac.com\/en\/wp-json\/wp\/v2\/media\/6888"}],"wp:attachment":[{"href":"https:\/\/www.laboratoire-helpac.com\/en\/wp-json\/wp\/v2\/media?parent=5205"}],"wp:term":[{"taxonomy":"product_cat","embeddable":true,"href":"https:\/\/www.laboratoire-helpac.com\/en\/wp-json\/wp\/v2\/product_cat?post=5205"},{"taxonomy":"product_tag","embeddable":true,"href":"https:\/\/www.laboratoire-helpac.com\/en\/wp-json\/wp\/v2\/product_tag?post=5205"}],"curies":[{"name":"wp","href":"https:\/\/api.w.org\/{rel}","templated":true}]}}